{"id":12,"date":"2020-03-27T13:44:21","date_gmt":"2020-03-27T17:44:21","guid":{"rendered":"https:\/\/dan.devhammer.com\/?page_id=12"},"modified":"2022-07-05T15:58:06","modified_gmt":"2022-07-05T19:58:06","slug":"chamber-operation-safety","status":"publish","type":"page","link":"https:\/\/world.dan.org\/es\/safety-prevention\/chamber-operation-safety\/","title":{"rendered":"Seguridad de las c\u00e1maras"},"content":{"rendered":"<div style=\"height:50px\" aria-hidden=\"true\" class=\"wp-block-spacer\"><\/div>\n\n\n\n<p>La respuesta inicial de DAN ante cualquier enfermedad o lesi\u00f3n de buceo es garantizar que el buceador reciba los primeros auxilios adecuados y sea evaluado por un profesional m\u00e9dico. En el siguiente paso, procuramos el tratamiento adecuado, que puede incluir terapia de recompresi\u00f3n en una c\u00e1mara hiperb\u00e1rica. El est\u00e1ndar de atenci\u00f3n para muchas enfermedades del buceo es la recompresi\u00f3n. Por lo tanto, es esencial que DAN sepa d\u00f3nde se encuentran las instalaciones de recompresi\u00f3n adecuadas y confirme que est\u00e1n disponibles para tratar a los buceadores lesionados. Para abordar esto, DAN cuenta con tres programas para apoyar y colaborar con las instalaciones hiperb\u00e1ricas. <\/p>\n\n\n\n<div style=\"height:35px\" aria-hidden=\"true\" class=\"wp-block-spacer\"><\/div>\n\n\n\n<div class=\"wp-block-columns is-layout-flex wp-container-core-columns-is-layout-9d6595d7 wp-block-columns-is-layout-flex\">\n<div class=\"wp-block-column is-layout-flow wp-block-column-is-layout-flow\">\n<div class=\"wp-block-image\"><figure class=\"aligncenter size-large is-resized\"><img loading=\"lazy\" decoding=\"async\" src=\"https:\/\/world.dan.org\/wp-content\/uploads\/2021\/07\/global-chamber-network-icon.svg\" alt=\"\" class=\"wp-image-17753\" width=\"131\" height=\"131\"\/><\/figure><\/div>\n\n\n\n<h2 class=\"has-text-align-center has-dan-black-color has-text-color has-medium-font-size wp-block-heading\">Red de c\u00e1maras de recompresi\u00f3n <\/h2>\n\n\n\n<p>La red de c\u00e1maras de recompresi\u00f3n (RCN) es una base de datos mundial de c\u00e1maras hiperb\u00e1ricas disponibles para tratar enfermedades disb\u00e1ricas. La red se actualiza con frecuencia para agregar c\u00e1maras nuevas y reflejar los cambios que se hayan producido en la disponibilidad de las c\u00e1maras.<\/p>\n\n\n\n<p><strong>Si desea unirse<\/strong>, <strong><a href=\"\/wp-content\/uploads\/2020\/08\/RCN-Application-2019.pdf\">haga clic aqu\u00ed<\/a><\/strong> para acceder a al formulario de solicitud o escr\u00edbanos a <a href=\"mailto:rcn@world.dan.org\"><strong>RCN@DAN.org<\/strong><\/a>. <\/p>\n\n\n\n<p>Indique su nombre y n\u00famero de tel\u00e9fono.<\/p>\n<\/div>\n\n\n\n<div class=\"wp-block-column has-dan-white-background-color has-background is-layout-flow wp-block-column-is-layout-flow\" style=\"flex-basis:2px\"><\/div>\n\n\n\n<div class=\"wp-block-column is-layout-flow wp-block-column-is-layout-flow\">\n<div class=\"wp-block-image\"><figure class=\"aligncenter size-large is-resized\"><img loading=\"lazy\" decoding=\"async\" src=\"https:\/\/world.dan.org\/wp-content\/uploads\/2021\/07\/chamber-icon.svg\" alt=\"\" class=\"wp-image-17756\" width=\"131\" height=\"131\"\/><\/figure><\/div>\n\n\n\n<h2 class=\"has-text-align-center has-dan-black-color has-text-color has-medium-font-size wp-block-heading\">Programa de ayuda a c\u00e1maras de recompresi\u00f3n <\/h2>\n\n\n\n<p class=\"has-text-align-left translation-block\">(Recompression Chamber Assistance Program, RCAP) ofrece apoyo a los centros con c\u00e1maras que lo necesiten, principalmente a trav\u00e9s de donaciones y subvenciones. Los centros con c\u00e1maras de recompresi\u00f3n que cumplan los requisitos pueden acceder a capacitaci\u00f3n en el lugar, evaluaciones de riesgos, becas, asesor\u00eda y hasta equipos esenciales.<\/p>\n\n\n\n<p><a href=\"https:\/\/world.dan.org\/wp-content\/uploads\/2020\/08\/RCAP-ATMO-Scholarship-Application-1.pdf\">Reg\u00edstrese aqu\u00ed<\/a><\/p>\n<\/div>\n\n\n\n<div class=\"wp-block-column has-dan-white-background-color has-background is-layout-flow wp-block-column-is-layout-flow\" style=\"flex-basis:2px\"><\/div>\n\n\n\n<div class=\"wp-block-column is-layout-flow wp-block-column-is-layout-flow\">\n<div class=\"wp-block-image\"><figure class=\"aligncenter size-large is-resized\"><img loading=\"lazy\" decoding=\"async\" src=\"https:\/\/world.dan.org\/wp-content\/uploads\/2021\/07\/chamber-network-icon.svg\" alt=\"\" class=\"wp-image-17757\" width=\"131\" height=\"131\"\/><\/figure><\/div>\n\n\n\n<h2 class=\"has-text-align-center has-dan-black-color has-text-color has-medium-font-size wp-block-heading\">Red de proveedores preferentes <\/h2>\n\n\n\n<p>La Red de proveedores preferentes (Preferred Provider Network, PPN) de c\u00e1maras de recompresi\u00f3n busca garantizar el r\u00e1pido tratamiento, y brindar apoyo y reembolso garantizado a las c\u00e1maras que necesitan recursos econ\u00f3micos. <\/p>\n\n\n\n<p><strong>Disponible solo por invitaci\u00f3n.<\/strong><\/p>\n<\/div>\n<\/div>\n\n\n\n<div style=\"height:50px\" aria-hidden=\"true\" class=\"wp-block-spacer\"><\/div>\n\n\n\n<hr class=\"wp-block-separator has-text-color has-background has-dan-light-gray-background-color has-dan-light-gray-color\"\/>\n\n\n\n<div style=\"height:50px\" aria-hidden=\"true\" class=\"wp-block-spacer\"><\/div>\n\n\n\n<div class=\"wp-block-columns is-layout-flex wp-container-core-columns-is-layout-9d6595d7 wp-block-columns-is-layout-flex\">\n<div class=\"wp-block-column is-layout-flow wp-block-column-is-layout-flow\">\n<figure class=\"wp-block-image size-large\"><a href=\"https:\/\/world.dan.org\/es\/safety-prevention\/chamber-operation-safety\/safety-assessment-chamber-operations\/\"><img loading=\"lazy\" decoding=\"async\" width=\"600\" height=\"300\" src=\"https:\/\/world.dan.org\/wp-content\/uploads\/2021\/07\/hyperbaric-chamber-availability-48249022-600x300-1.jpg\" alt=\"\" class=\"wp-image-17578\" srcset=\"https:\/\/world.dan.org\/wp-content\/uploads\/2021\/07\/hyperbaric-chamber-availability-48249022-600x300-1.jpg 600w, https:\/\/world.dan.org\/wp-content\/uploads\/2021\/07\/hyperbaric-chamber-availability-48249022-600x300-1-360x180.jpg 360w, https:\/\/world.dan.org\/wp-content\/uploads\/2021\/07\/hyperbaric-chamber-availability-48249022-600x300-1-18x9.jpg 18w\" sizes=\"auto, (max-width: 600px) 100vw, 600px\" \/><\/a><\/figure>\n\n\n\n<h2 class=\"has-dan-black-color has-text-color has-medium-font-size wp-block-heading\">Evaluaci\u00f3n de la seguridad: operaci\u00f3n de una c\u00e1mara hiperb\u00e1rica<\/h2>\n\n\n\n<p>El equipo de tecnolog\u00eda hiperb\u00e1rica de DAN posee m\u00e1s de 75 a\u00f1os de experiencia en el trabajo con instalaciones de recompresi\u00f3n en todo el mundo. Esto comprende el dise\u00f1o y la fabricaci\u00f3n, la inspecci\u00f3n y el mantenimiento, la gesti\u00f3n de la operaci\u00f3n y las instalaciones y la gama completa de procedimientos de tratamiento m\u00e9dico.<\/p>\n\n\n\n<p><a href=\"https:\/\/world.dan.org\/es\/safety-prevention\/chamber-operation-safety\/safety-assessment-chamber-operations\/\">M\u00e1s informaci\u00f3n<\/a><\/p>\n<\/div>\n\n\n\n<div class=\"wp-block-column has-dan-white-background-color has-background is-layout-flow wp-block-column-is-layout-flow\" style=\"flex-basis:2px\"><\/div>\n\n\n\n<div class=\"wp-block-column is-layout-flow wp-block-column-is-layout-flow\">\n<figure class=\"wp-block-image size-large\"><a href=\"https:\/\/world.dan.org\/es\/safety-prevention\/chamber-operation-safety\/safety-training-chamber-operations\/\"><img loading=\"lazy\" decoding=\"async\" width=\"600\" height=\"300\" src=\"https:\/\/world.dan.org\/wp-content\/uploads\/2021\/07\/pressure-gauge-328990064-600x300-1.jpg\" alt=\"\" class=\"wp-image-17579\" srcset=\"https:\/\/world.dan.org\/wp-content\/uploads\/2021\/07\/pressure-gauge-328990064-600x300-1.jpg 600w, https:\/\/world.dan.org\/wp-content\/uploads\/2021\/07\/pressure-gauge-328990064-600x300-1-360x180.jpg 360w, https:\/\/world.dan.org\/wp-content\/uploads\/2021\/07\/pressure-gauge-328990064-600x300-1-18x9.jpg 18w\" sizes=\"auto, (max-width: 600px) 100vw, 600px\" \/><\/a><\/figure>\n\n\n\n<h2 class=\"has-dan-black-color has-text-color has-medium-font-size wp-block-heading\">Capacitaci\u00f3n en seguridad: operaci\u00f3n de una c\u00e1mara hiperb\u00e1rica<\/h2>\n\n\n\n<p>Los operadores, encargados y t\u00e9cnicos de c\u00e1maras hiperb\u00e1ricas deben contar con una capacitaci\u00f3n especializada para poder usar y mantener el centro de tratamiento de recompresi\u00f3n de manera segura y confiable, a fin de garantizar las condiciones \u00f3ptimas a buzos con una afecci\u00f3n. La formaci\u00f3n y la capacidad de contextualizaci\u00f3n tienen un importante papel a la hora de asegurar que los conocimientos y la competencia a nivel operativo sean adecuados.<\/p>\n\n\n\n<p><a href=\"https:\/\/world.dan.org\/es\/safety-prevention\/chamber-operation-safety\/safety-training-chamber-operations\/\">M\u00e1s informaci\u00f3n<\/a><\/p>\n<\/div>\n\n\n\n<div class=\"wp-block-column has-dan-white-background-color has-background is-layout-flow wp-block-column-is-layout-flow\" style=\"flex-basis:2px\"><\/div>\n\n\n\n<div class=\"wp-block-column is-layout-flow wp-block-column-is-layout-flow\">\n<figure class=\"wp-block-image size-large\"><a href=\"https:\/\/world.dan.org\/es\/safety-prevention\/chamber-operation-safety\/safety-resources-chamber-operators\/\"><img loading=\"lazy\" decoding=\"async\" width=\"600\" height=\"300\" src=\"https:\/\/world.dan.org\/wp-content\/uploads\/2021\/07\/monitoring-hyperbaric-oxygen-therapy-266818672-600x300-1.jpg\" alt=\"\" class=\"wp-image-17580\" srcset=\"https:\/\/world.dan.org\/wp-content\/uploads\/2021\/07\/monitoring-hyperbaric-oxygen-therapy-266818672-600x300-1.jpg 600w, https:\/\/world.dan.org\/wp-content\/uploads\/2021\/07\/monitoring-hyperbaric-oxygen-therapy-266818672-600x300-1-360x180.jpg 360w, https:\/\/world.dan.org\/wp-content\/uploads\/2021\/07\/monitoring-hyperbaric-oxygen-therapy-266818672-600x300-1-18x9.jpg 18w\" sizes=\"auto, (max-width: 600px) 100vw, 600px\" \/><\/a><\/figure>\n\n\n\n<h2 class=\"has-dan-black-color has-text-color has-medium-font-size wp-block-heading\">Recursos de seguridad: operadores de c\u00e1mara hiperb\u00e1rica<\/h2>\n\n\n\n<p>Nuestros recursos de seguridad incluyen una serie de publicaciones, avisos, listas de verificaci\u00f3n y otros documentos \u00fatiles que se pueden descargar gratuitamente.<\/p>\n\n\n\n<p><a href=\"https:\/\/world.dan.org\/es\/safety-prevention\/chamber-operation-safety\/safety-resources-chamber-operators\/\">M\u00e1s informaci\u00f3n<\/a><\/p>\n<\/div>\n<\/div>","protected":false},"excerpt":{"rendered":"<p>La respuesta inicial de DAN ante cualquier lesi\u00f3n o enfermedad de buceo es garantizar que el buceador reciba los primeros auxilios adecuados y sea evaluado por un profesional m\u00e9dico, seguido del inicio de cualquier tratamiento necesario que puede incluir una c\u00e1mara hiperb\u00e1rica. <\/p>","protected":false},"author":1,"featured_media":17583,"parent":23,"menu_order":185,"comment_status":"closed","ping_status":"closed","template":"","meta":{"_acf_changed":false,"_ef_editorial_meta_date_first-draft-date":"1585656000","_ef_editorial_meta_paragraph_assignment":"","_ef_editorial_meta_checkbox_needs-photo":"","_ef_editorial_meta_number_word-count":"","footnotes":""},"class_list":["post-12","page","type-page","status-publish","has-post-thumbnail","hentry"],"acf":[],"yoast_head":"<!-- This site is optimized with the Yoast SEO Premium plugin v27.4 (Yoast SEO v27.4) - https:\/\/yoast.com\/product\/yoast-seo-premium-wordpress\/ -->\n<title>Chamber Safety - DAN World<\/title>\n<meta name=\"description\" content=\"DAN\u2019s initial response to any diving illness or injury is to ensure that the diver receives appropriate first aid and is evaluated by a medical professional.\" \/>\n<meta name=\"robots\" content=\"index, follow, max-snippet:-1, max-image-preview:large, max-video-preview:-1\" \/>\n<link rel=\"canonical\" href=\"https:\/\/world.dan.org\/es\/safety-prevention\/chamber-operation-safety\/\" \/>\n<meta property=\"og:locale\" content=\"es_MX\" \/>\n<meta property=\"og:type\" content=\"article\" \/>\n<meta property=\"og:title\" content=\"Chamber Safety\" \/>\n<meta property=\"og:description\" content=\"DAN\u2019s initial response to any diving illness or injury is to ensure that the diver receives appropriate first aid and is evaluated by a medical professional.\" \/>\n<meta property=\"og:url\" content=\"https:\/\/world.dan.org\/es\/safety-prevention\/chamber-operation-safety\/\" \/>\n<meta property=\"og:site_name\" content=\"DAN World\" \/>\n<meta property=\"article:modified_time\" content=\"2022-07-05T19:58:06+00:00\" \/>\n<meta property=\"og:image\" content=\"https:\/\/world.dan.org\/wp-content\/uploads\/2021\/07\/pressure-chamber-1094477228-1200x600-1.jpg\" \/>\n\t<meta property=\"og:image:width\" content=\"1200\" \/>\n\t<meta property=\"og:image:height\" content=\"600\" \/>\n\t<meta property=\"og:image:type\" content=\"image\/jpeg\" \/>\n<meta name=\"twitter:card\" content=\"summary_large_image\" \/>\n<meta name=\"twitter:title\" content=\"Chamber Safety\" \/>\n<meta name=\"twitter:description\" content=\"DAN\u2019s initial response to any diving illness or injury is to ensure that the diver receives appropriate first aid and is evaluated by a medical professional.\" \/>\n<meta name=\"twitter:image\" content=\"https:\/\/world.dan.org\/wp-content\/uploads\/2021\/07\/pressure-chamber-1094477228-1200x600-1.jpg\" \/>\n<meta name=\"twitter:label1\" content=\"Est. reading time\" \/>\n\t<meta name=\"twitter:data1\" content=\"3 minutes\" \/>\n<script type=\"application\/ld+json\" class=\"yoast-schema-graph\">{\"@context\":\"https:\\\/\\\/schema.org\",\"@graph\":[{\"@type\":\"WebPage\",\"@id\":\"https:\\\/\\\/world.dan.org\\\/safety-prevention\\\/chamber-operation-safety\\\/\",\"url\":\"https:\\\/\\\/world.dan.org\\\/safety-prevention\\\/chamber-operation-safety\\\/\",\"name\":\"Chamber Safety - DAN World\",\"isPartOf\":{\"@id\":\"https:\\\/\\\/world.dan.org\\\/es\\\/#website\"},\"primaryImageOfPage\":{\"@id\":\"https:\\\/\\\/world.dan.org\\\/safety-prevention\\\/chamber-operation-safety\\\/#primaryimage\"},\"image\":{\"@id\":\"https:\\\/\\\/world.dan.org\\\/safety-prevention\\\/chamber-operation-safety\\\/#primaryimage\"},\"thumbnailUrl\":\"https:\\\/\\\/world.dan.org\\\/wp-content\\\/uploads\\\/2021\\\/07\\\/pressure-chamber-1094477228-1200x600-1.jpg\",\"datePublished\":\"2020-03-27T17:44:21+00:00\",\"dateModified\":\"2022-07-05T19:58:06+00:00\",\"description\":\"DAN\u2019s initial response to any diving illness or injury is to ensure that the diver receives appropriate first aid and is evaluated by a medical professional.\",\"breadcrumb\":{\"@id\":\"https:\\\/\\\/world.dan.org\\\/safety-prevention\\\/chamber-operation-safety\\\/#breadcrumb\"},\"inLanguage\":\"es-MX\",\"potentialAction\":[{\"@type\":\"ReadAction\",\"target\":[\"https:\\\/\\\/world.dan.org\\\/safety-prevention\\\/chamber-operation-safety\\\/\"]}]},{\"@type\":\"ImageObject\",\"inLanguage\":\"es-MX\",\"@id\":\"https:\\\/\\\/world.dan.org\\\/safety-prevention\\\/chamber-operation-safety\\\/#primaryimage\",\"url\":\"https:\\\/\\\/world.dan.org\\\/wp-content\\\/uploads\\\/2021\\\/07\\\/pressure-chamber-1094477228-1200x600-1.jpg\",\"contentUrl\":\"https:\\\/\\\/world.dan.org\\\/wp-content\\\/uploads\\\/2021\\\/07\\\/pressure-chamber-1094477228-1200x600-1.jpg\",\"width\":1200,\"height\":600},{\"@type\":\"BreadcrumbList\",\"@id\":\"https:\\\/\\\/world.dan.org\\\/safety-prevention\\\/chamber-operation-safety\\\/#breadcrumb\",\"itemListElement\":[{\"@type\":\"ListItem\",\"position\":1,\"name\":\"Home\",\"item\":\"https:\\\/\\\/world.dan.org\\\/\"},{\"@type\":\"ListItem\",\"position\":2,\"name\":\"Safety &#038; Prevention\",\"item\":\"https:\\\/\\\/world.dan.org\\\/safety-prevention\\\/\"},{\"@type\":\"ListItem\",\"position\":3,\"name\":\"Chamber Safety\"}]},{\"@type\":\"WebSite\",\"@id\":\"https:\\\/\\\/world.dan.org\\\/es\\\/#website\",\"url\":\"https:\\\/\\\/world.dan.org\\\/es\\\/\",\"name\":\"DAN World\",\"description\":\"\",\"publisher\":{\"@id\":\"https:\\\/\\\/world.dan.org\\\/es\\\/#organization\"},\"potentialAction\":[{\"@type\":\"SearchAction\",\"target\":{\"@type\":\"EntryPoint\",\"urlTemplate\":\"https:\\\/\\\/world.dan.org\\\/es\\\/?s={search_term_string}\"},\"query-input\":{\"@type\":\"PropertyValueSpecification\",\"valueRequired\":true,\"valueName\":\"search_term_string\"}}],\"inLanguage\":\"es-MX\"},{\"@type\":\"Organization\",\"@id\":\"https:\\\/\\\/world.dan.org\\\/es\\\/#organization\",\"name\":\"DAN World\",\"url\":\"https:\\\/\\\/world.dan.org\\\/es\\\/\",\"logo\":{\"@type\":\"ImageObject\",\"inLanguage\":\"es-MX\",\"@id\":\"https:\\\/\\\/world.dan.org\\\/es\\\/#\\\/schema\\\/logo\\\/image\\\/\",\"url\":\"https:\\\/\\\/world.dan.org\\\/wp-content\\\/uploads\\\/2022\\\/04\\\/DAN-World-logo-sm-52px.svg\",\"contentUrl\":\"https:\\\/\\\/world.dan.org\\\/wp-content\\\/uploads\\\/2022\\\/04\\\/DAN-World-logo-sm-52px.svg\",\"width\":175,\"height\":52,\"caption\":\"DAN World\"},\"image\":{\"@id\":\"https:\\\/\\\/world.dan.org\\\/es\\\/#\\\/schema\\\/logo\\\/image\\\/\"}}]}<\/script>\n<!-- \/ Yoast SEO Premium plugin. -->","yoast_head_json":{"title":"Seguridad en la c\u00e1mara - DAN World","description":"La respuesta inicial de DAN ante cualquier enfermedad o lesi\u00f3n de buceo es garantizar que el buceador reciba los primeros auxilios adecuados y sea evaluado por un profesional m\u00e9dico.","robots":{"index":"index","follow":"follow","max-snippet":"max-snippet:-1","max-image-preview":"max-image-preview:large","max-video-preview":"max-video-preview:-1"},"canonical":"https:\/\/world.dan.org\/es\/safety-prevention\/chamber-operation-safety\/","og_locale":"es_MX","og_type":"article","og_title":"Chamber Safety","og_description":"DAN\u2019s initial response to any diving illness or injury is to ensure that the diver receives appropriate first aid and is evaluated by a medical professional.","og_url":"https:\/\/world.dan.org\/es\/safety-prevention\/chamber-operation-safety\/","og_site_name":"DAN World","article_modified_time":"2022-07-05T19:58:06+00:00","og_image":[{"width":1200,"height":600,"url":"https:\/\/world.dan.org\/wp-content\/uploads\/2021\/07\/pressure-chamber-1094477228-1200x600-1.jpg","type":"image\/jpeg"}],"twitter_card":"summary_large_image","twitter_title":"Chamber Safety","twitter_description":"DAN\u2019s initial response to any diving illness or injury is to ensure that the diver receives appropriate first aid and is evaluated by a medical professional.","twitter_image":"https:\/\/world.dan.org\/wp-content\/uploads\/2021\/07\/pressure-chamber-1094477228-1200x600-1.jpg","twitter_misc":{"Est. reading time":"3 minutes"},"schema":{"@context":"https:\/\/schema.org","@graph":[{"@type":"WebPage","@id":"https:\/\/world.dan.org\/safety-prevention\/chamber-operation-safety\/","url":"https:\/\/world.dan.org\/safety-prevention\/chamber-operation-safety\/","name":"Seguridad en la c\u00e1mara - DAN World","isPartOf":{"@id":"https:\/\/world.dan.org\/es\/#website"},"primaryImageOfPage":{"@id":"https:\/\/world.dan.org\/safety-prevention\/chamber-operation-safety\/#primaryimage"},"image":{"@id":"https:\/\/world.dan.org\/safety-prevention\/chamber-operation-safety\/#primaryimage"},"thumbnailUrl":"https:\/\/world.dan.org\/wp-content\/uploads\/2021\/07\/pressure-chamber-1094477228-1200x600-1.jpg","datePublished":"2020-03-27T17:44:21+00:00","dateModified":"2022-07-05T19:58:06+00:00","description":"La respuesta inicial de DAN ante cualquier enfermedad o lesi\u00f3n de buceo es garantizar que el buceador reciba los primeros auxilios adecuados y sea evaluado por un profesional m\u00e9dico.","breadcrumb":{"@id":"https:\/\/world.dan.org\/safety-prevention\/chamber-operation-safety\/#breadcrumb"},"inLanguage":"es-MX","potentialAction":[{"@type":"ReadAction","target":["https:\/\/world.dan.org\/safety-prevention\/chamber-operation-safety\/"]}]},{"@type":"ImageObject","inLanguage":"es-MX","@id":"https:\/\/world.dan.org\/safety-prevention\/chamber-operation-safety\/#primaryimage","url":"https:\/\/world.dan.org\/wp-content\/uploads\/2021\/07\/pressure-chamber-1094477228-1200x600-1.jpg","contentUrl":"https:\/\/world.dan.org\/wp-content\/uploads\/2021\/07\/pressure-chamber-1094477228-1200x600-1.jpg","width":1200,"height":600},{"@type":"BreadcrumbList","@id":"https:\/\/world.dan.org\/safety-prevention\/chamber-operation-safety\/#breadcrumb","itemListElement":[{"@type":"ListItem","position":1,"name":"Home","item":"https:\/\/world.dan.org\/"},{"@type":"ListItem","position":2,"name":"Safety &#038; Prevention","item":"https:\/\/world.dan.org\/safety-prevention\/"},{"@type":"ListItem","position":3,"name":"Chamber Safety"}]},{"@type":"WebSite","@id":"https:\/\/world.dan.org\/es\/#website","url":"https:\/\/world.dan.org\/es\/","name":"DAN World","description":"","publisher":{"@id":"https:\/\/world.dan.org\/es\/#organization"},"potentialAction":[{"@type":"SearchAction","target":{"@type":"EntryPoint","urlTemplate":"https:\/\/world.dan.org\/es\/?s={search_term_string}"},"query-input":{"@type":"PropertyValueSpecification","valueRequired":true,"valueName":"search_term_string"}}],"inLanguage":"es-MX"},{"@type":"Organization","@id":"https:\/\/world.dan.org\/es\/#organization","name":"DAN World","url":"https:\/\/world.dan.org\/es\/","logo":{"@type":"ImageObject","inLanguage":"es-MX","@id":"https:\/\/world.dan.org\/es\/#\/schema\/logo\/image\/","url":"https:\/\/world.dan.org\/wp-content\/uploads\/2022\/04\/DAN-World-logo-sm-52px.svg","contentUrl":"https:\/\/world.dan.org\/wp-content\/uploads\/2022\/04\/DAN-World-logo-sm-52px.svg","width":175,"height":52,"caption":"DAN World"},"image":{"@id":"https:\/\/world.dan.org\/es\/#\/schema\/logo\/image\/"}}]}},"_links":{"self":[{"href":"https:\/\/world.dan.org\/es\/wp-json\/wp\/v2\/pages\/12","targetHints":{"allow":["GET"]}}],"collection":[{"href":"https:\/\/world.dan.org\/es\/wp-json\/wp\/v2\/pages"}],"about":[{"href":"https:\/\/world.dan.org\/es\/wp-json\/wp\/v2\/types\/page"}],"author":[{"embeddable":true,"href":"https:\/\/world.dan.org\/es\/wp-json\/wp\/v2\/users\/1"}],"replies":[{"embeddable":true,"href":"https:\/\/world.dan.org\/es\/wp-json\/wp\/v2\/comments?post=12"}],"version-history":[{"count":0,"href":"https:\/\/world.dan.org\/es\/wp-json\/wp\/v2\/pages\/12\/revisions"}],"up":[{"embeddable":true,"href":"https:\/\/world.dan.org\/es\/wp-json\/wp\/v2\/pages\/23"}],"wp:featuredmedia":[{"embeddable":true,"href":"https:\/\/world.dan.org\/es\/wp-json\/wp\/v2\/media\/17583"}],"wp:attachment":[{"href":"https:\/\/world.dan.org\/es\/wp-json\/wp\/v2\/media?parent=12"}],"curies":[{"name":"wp","href":"https:\/\/api.w.org\/{rel}","templated":true}]}}