{"id":16991,"date":"2021-06-10T19:44:17","date_gmt":"2021-06-10T23:44:17","guid":{"rendered":"https:\/\/wordpress.world.dan.org\/?page_id=16991"},"modified":"2022-08-19T14:39:55","modified_gmt":"2022-08-19T18:39:55","slug":"best-treatment-practices-for-diving-injuries","status":"publish","type":"page","link":"https:\/\/world.dan.org\/es\/research\/best-treatment-practices-for-diving-injuries\/","title":{"rendered":"Pr\u00e1cticas recomendadas para el tratamiento de lesiones de buceo"},"content":{"rendered":"<div style=\"height:50px\" aria-hidden=\"true\" class=\"wp-block-spacer\"><\/div>\n\n\n\n<p class=\"translation-block\"><strong><span style=\"color: #e20e39\" class=\"stk-highlight\">Reconocer una lesi\u00f3n<\/span>:<\/strong> La mayor\u00eda de las lesiones en el buceo son leves y no necesariamente evidentes para los dem\u00e1s. Si no te sientes bien despu\u00e9s de bucear, es posible que algo vaya mal. Dile al supervisor de buceo y a tu compa\u00f1ero c\u00f3mo te sientes y busca consejo. Recuerda que la negaci\u00f3n a veces puede complicar incluso una lesi\u00f3n leve. DAN est\u00e1 siempre disponible si tienes s\u00edntomas despu\u00e9s de una inmersi\u00f3n.<\/p>\n\n\n\n<p class=\"translation-block\"><strong><span style=\"color: #e20e39\" class=\"stk-highlight\">Primeros auxilios<\/span>:<\/strong> Los primeros auxilios inmediatos y adecuados pueden mejorar o resolver los s\u00edntomas antes de llegar al hospital. En lugares remotos, el ox\u00edgeno de primeros auxilios puede ser la \u00fanica ayuda que puedan esperar los buceadores y, por tanto, es muy importante.<\/p>\n\n\n\n<p class=\"translation-block\"><strong><span style=\"color: #e20e39\" class=\"stk-highlight\">Tratamiento<\/span>:<\/strong> La gesti\u00f3n de las lesiones de buceo, el diagn\u00f3stico, el tratamiento adecuado y la vuelta al buceo tras la curaci\u00f3n son temas de inter\u00e9s para DAN Research. Cuando las pruebas no bastan para establecer las mejores pr\u00e1cticas, convocamos a expertos para debatir los temas y ofrecer asesoramiento basado en el consenso de los expertos.<\/p>\n\n\n\n<div style=\"height:50px\" aria-hidden=\"true\" class=\"wp-block-spacer\"><\/div>\n\n\n\n<hr class=\"wp-block-separator\"\/>\n\n\n\n<div style=\"height:50px\" aria-hidden=\"true\" class=\"wp-block-spacer\"><\/div>\n\n\n\n<h1 class=\"has-text-align-center wp-block-heading\">Talleres de DAN<\/h1>\n\n\n\n<div class=\"wp-block-columns is-layout-flex wp-container-core-columns-is-layout-9d6595d7 wp-block-columns-is-layout-flex\">\n<div class=\"wp-block-column is-layout-flow wp-block-column-is-layout-flow\">\n<div class=\"wp-block-image\"><figure class=\"aligncenter size-medium\"><img decoding=\"async\" src=\"https:\/\/world.dan.org\/wp-content\/uploads\/2021\/06\/RemoteWrkshpFinal05-1-278x360.jpg\" alt=\"\" class=\"wp-image-17000\"\/><\/figure><\/div>\n\n\n\n<p class=\"has-text-align-center\">El tratamiento de la enfermedad disb\u00e1rica leve o marginal en lugares remotos<\/p>\n\n\n\n<div class=\"wp-block-buttons is-horizontal is-content-justification-center is-layout-flex wp-container-core-buttons-is-layout-499968f5 wp-block-buttons-is-layout-flex\">\n<div class=\"wp-block-button has-custom-width wp-block-button__width-50 is-style-outline is-style-outline--1\"><a class=\"wp-block-button__link has-dan-white-color has-dan-red-400-background-color has-text-color has-background\" href=\"https:\/\/world.dan.org\/wp-content\/uploads\/2021\/06\/RemoteWrkshpFinal05-1.pdf\" style=\"border-radius:5px\" target=\"_blank\" rel=\"noreferrer noopener\">Descargar<\/a><\/div>\n<\/div>\n\n\n\n<p><\/p>\n<\/div>\n\n\n\n<div class=\"wp-block-column is-layout-flow wp-block-column-is-layout-flow\">\n<div class=\"wp-block-image\"><figure class=\"aligncenter size-medium\"><img loading=\"lazy\" decoding=\"async\" width=\"283\" height=\"360\" src=\"https:\/\/world.dan.org\/wp-content\/uploads\/2021\/06\/2018-Differential-Diagnosis-283x360.jpg\" alt=\"\" class=\"wp-image-17004\" srcset=\"https:\/\/world.dan.org\/wp-content\/uploads\/2021\/06\/2018-Differential-Diagnosis-283x360.jpg 283w, https:\/\/world.dan.org\/wp-content\/uploads\/2021\/06\/2018-Differential-Diagnosis-804x1024.jpg 804w, https:\/\/world.dan.org\/wp-content\/uploads\/2021\/06\/2018-Differential-Diagnosis-768x978.jpg 768w, https:\/\/world.dan.org\/wp-content\/uploads\/2021\/06\/2018-Differential-Diagnosis-1206x1536.jpg 1206w, https:\/\/world.dan.org\/wp-content\/uploads\/2021\/06\/2018-Differential-Diagnosis-9x12.jpg 9w, https:\/\/world.dan.org\/wp-content\/uploads\/2021\/06\/2018-Differential-Diagnosis-628x800.jpg 628w, https:\/\/world.dan.org\/wp-content\/uploads\/2021\/06\/2018-Differential-Diagnosis.jpg 1363w\" sizes=\"auto, (max-width: 283px) 100vw, 283px\" \/><\/figure><\/div>\n\n\n\n<p class=\"has-text-align-center translation-block\">Diagn\u00f3stico diferencial de la <br>enfermedad por descompresi\u00f3n<\/p>\n\n\n\n<div class=\"wp-block-buttons is-horizontal is-content-justification-center is-layout-flex wp-container-core-buttons-is-layout-499968f5 wp-block-buttons-is-layout-flex\">\n<div class=\"wp-block-button is-style-outline is-style-outline--2\"><a class=\"wp-block-button__link has-dan-white-color has-dan-red-400-background-color has-text-color has-background\" href=\"https:\/\/world.dan.org\/wp-content\/uploads\/2021\/06\/2018-proceedings-differential-diagnosis-final2.pdf\" style=\"border-radius:5px\" target=\"_blank\" rel=\"noreferrer noopener\">Descargar<\/a><\/div>\n<\/div>\n<\/div>\n\n\n\n<div class=\"wp-block-column is-layout-flow wp-block-column-is-layout-flow\">\n<div class=\"wp-block-image\"><figure class=\"aligncenter size-medium\"><img decoding=\"async\" src=\"https:\/\/world.dan.org\/wp-content\/uploads\/2021\/06\/2019-Treatment-of-DCI-Copy-278x360.jpg\" alt=\"\" class=\"wp-image-17005\"\/><\/figure><\/div>\n\n\n\n<p class=\"has-text-align-center\">El tratamiento de la enfermedad disb\u00e1rica en el buceo recreativo: diferencias en las pr\u00e1cticas actuales de tratamiento y una posible conciliaci\u00f3n<\/p>\n\n\n\n<div class=\"wp-block-buttons is-horizontal is-content-justification-center is-layout-flex wp-container-core-buttons-is-layout-499968f5 wp-block-buttons-is-layout-flex\">\n<div class=\"wp-block-button is-style-fill\"><a class=\"wp-block-button__link has-dan-white-color has-dan-red-400-background-color has-text-color has-background\" href=\"https:\/\/world.dan.org\/wp-content\/uploads\/2021\/08\/2019-pre-course-proceedings-web.pdf\" style=\"border-radius:5px\" target=\"_blank\" rel=\"noreferrer noopener\">Descargar<\/a><\/div>\n<\/div>\n<\/div>\n<\/div>\n\n\n\n<h2 class=\"wp-block-heading\">M\u00e1s recursos...<\/h2>\n\n\n\n<div class=\"wp-block-columns is-layout-flex wp-container-core-columns-is-layout-9d6595d7 wp-block-columns-is-layout-flex\">\n<div class=\"wp-block-column is-layout-flow wp-block-column-is-layout-flow\">\n<figure class=\"wp-block-image size-large\"><img loading=\"lazy\" decoding=\"async\" width=\"800\" height=\"500\" src=\"https:\/\/world.dan.org\/wp-content\/uploads\/2021\/06\/DCI_1138252622-800x500-1.jpg\" alt=\"\" class=\"wp-image-17353\" srcset=\"https:\/\/world.dan.org\/wp-content\/uploads\/2021\/06\/DCI_1138252622-800x500-1.jpg 800w, https:\/\/world.dan.org\/wp-content\/uploads\/2021\/06\/DCI_1138252622-800x500-1-360x225.jpg 360w, https:\/\/world.dan.org\/wp-content\/uploads\/2021\/06\/DCI_1138252622-800x500-1-768x480.jpg 768w, https:\/\/world.dan.org\/wp-content\/uploads\/2021\/06\/DCI_1138252622-800x500-1-18x12.jpg 18w\" sizes=\"auto, (max-width: 800px) 100vw, 800px\" \/><\/figure>\n<\/div>\n\n\n\n<div class=\"wp-block-column is-vertically-aligned-center is-layout-flow wp-block-column-is-layout-flow\">\n<h3 class=\"wp-block-heading\" style=\"font-size:24px\">El tratamiento prehospitalario de la enfermedad disb\u00e1rica: an\u00e1lisis de expertos sobre los principios y controversias clave<\/h3>\n\n\n\n<p><a href=\"https:\/\/pubmed.ncbi.nlm.nih.gov\/29557102\/\">M\u00e1s informaci\u00f3n<\/a><\/p>\n<\/div>\n<\/div>","protected":false},"excerpt":{"rendered":"<p>Most injuries in diving are mild and not necessarily apparent to others. If you do not feel well after dive,  something may be wrong with you.<\/p>","protected":false},"author":14,"featured_media":17331,"parent":16945,"menu_order":45,"comment_status":"closed","ping_status":"closed","template":"","meta":{"_acf_changed":false,"_ef_editorial_meta_date_first-draft-date":"","_ef_editorial_meta_paragraph_assignment":"","_ef_editorial_meta_checkbox_needs-photo":"","_ef_editorial_meta_number_word-count":"","footnotes":""},"class_list":["post-16991","page","type-page","status-publish","has-post-thumbnail","hentry"],"acf":[],"yoast_head":"<!-- This site is optimized with the Yoast SEO Premium plugin v27.0 (Yoast SEO v27.2) - https:\/\/yoast.com\/product\/yoast-seo-premium-wordpress\/ -->\n<title>Best Treatment Practices for Diving Injuries - DAN World<\/title>\n<meta name=\"description\" content=\"Most injuries in diving are mild and not necessarily apparent to others. If you do not feel well after dive, something may be wrong. Tell the dive supervisor and your buddy how you feel and seek advice.\" \/>\n<meta name=\"robots\" content=\"index, follow, max-snippet:-1, max-image-preview:large, max-video-preview:-1\" \/>\n<link rel=\"canonical\" href=\"https:\/\/world.dan.org\/es\/research\/best-treatment-practices-for-diving-injuries\/\" \/>\n<meta property=\"og:locale\" content=\"es_MX\" \/>\n<meta property=\"og:type\" content=\"article\" \/>\n<meta property=\"og:title\" content=\"Best Treatment Practices for Diving Injuries\" \/>\n<meta property=\"og:description\" content=\"Most injuries in diving are mild and not necessarily apparent to others. If you do not feel well after dive, something may be wrong. Tell the dive supervisor and your buddy how you feel and seek advice.\" \/>\n<meta property=\"og:url\" content=\"https:\/\/world.dan.org\/es\/research\/best-treatment-practices-for-diving-injuries\/\" \/>\n<meta property=\"og:site_name\" content=\"DAN World\" \/>\n<meta property=\"article:modified_time\" content=\"2022-08-19T18:39:55+00:00\" \/>\n<meta property=\"og:image\" content=\"https:\/\/world.dan.org\/wp-content\/uploads\/2020\/07\/diagnosing-decompression-sickness-11346505-DAN-1200x700-1.jpg\" \/>\n\t<meta property=\"og:image:width\" content=\"1200\" \/>\n\t<meta property=\"og:image:height\" content=\"700\" \/>\n\t<meta property=\"og:image:type\" content=\"image\/jpeg\" \/>\n<meta name=\"twitter:card\" content=\"summary_large_image\" \/>\n<meta name=\"twitter:title\" content=\"Best Treatment Practices for Diving Injuries\" \/>\n<meta name=\"twitter:description\" content=\"Most injuries in diving are mild and not necessarily apparent to others. If you do not feel well after dive, something may be wrong. Tell the dive supervisor and your buddy how you feel and seek advice.\" \/>\n<meta name=\"twitter:image\" content=\"https:\/\/world.dan.org\/wp-content\/uploads\/2020\/07\/diagnosing-decompression-sickness-11346505-DAN-1200x700-1.jpg\" \/>\n<meta name=\"twitter:label1\" content=\"Est. reading time\" \/>\n\t<meta name=\"twitter:data1\" content=\"2 minutes\" \/>\n<script type=\"application\/ld+json\" class=\"yoast-schema-graph\">{\"@context\":\"https:\/\/schema.org\",\"@graph\":[{\"@type\":\"WebPage\",\"@id\":\"https:\/\/world.dan.org\/research\/best-treatment-practices-for-diving-injuries\/\",\"url\":\"https:\/\/world.dan.org\/research\/best-treatment-practices-for-diving-injuries\/\",\"name\":\"Best Treatment Practices for Diving Injuries - DAN World\",\"isPartOf\":{\"@id\":\"https:\/\/world.dan.org\/es\/#website\"},\"primaryImageOfPage\":{\"@id\":\"https:\/\/world.dan.org\/research\/best-treatment-practices-for-diving-injuries\/#primaryimage\"},\"image\":{\"@id\":\"https:\/\/world.dan.org\/research\/best-treatment-practices-for-diving-injuries\/#primaryimage\"},\"thumbnailUrl\":\"https:\/\/world.dan.org\/wp-content\/uploads\/2021\/06\/diagnosing-decompression-sickness-11346505-DAN-1200x600-1.jpg\",\"datePublished\":\"2021-06-10T23:44:17+00:00\",\"dateModified\":\"2022-08-19T18:39:55+00:00\",\"description\":\"Most injuries in diving are mild and not necessarily apparent to others. If you do not feel well after dive, something may be wrong. Tell the dive supervisor and your buddy how you feel and seek advice.\",\"breadcrumb\":{\"@id\":\"https:\/\/world.dan.org\/research\/best-treatment-practices-for-diving-injuries\/#breadcrumb\"},\"inLanguage\":\"es-MX\",\"potentialAction\":[{\"@type\":\"ReadAction\",\"target\":[\"https:\/\/world.dan.org\/research\/best-treatment-practices-for-diving-injuries\/\"]}]},{\"@type\":\"ImageObject\",\"inLanguage\":\"es-MX\",\"@id\":\"https:\/\/world.dan.org\/research\/best-treatment-practices-for-diving-injuries\/#primaryimage\",\"url\":\"https:\/\/world.dan.org\/wp-content\/uploads\/2021\/06\/diagnosing-decompression-sickness-11346505-DAN-1200x600-1.jpg\",\"contentUrl\":\"https:\/\/world.dan.org\/wp-content\/uploads\/2021\/06\/diagnosing-decompression-sickness-11346505-DAN-1200x600-1.jpg\",\"width\":1200,\"height\":600},{\"@type\":\"BreadcrumbList\",\"@id\":\"https:\/\/world.dan.org\/research\/best-treatment-practices-for-diving-injuries\/#breadcrumb\",\"itemListElement\":[{\"@type\":\"ListItem\",\"position\":1,\"name\":\"Home\",\"item\":\"https:\/\/world.dan.org\/\"},{\"@type\":\"ListItem\",\"position\":2,\"name\":\"DAN Research\",\"item\":\"https:\/\/world.dan.org\/research\/\"},{\"@type\":\"ListItem\",\"position\":3,\"name\":\"Best Treatment Practices for Diving Injuries\"}]},{\"@type\":\"WebSite\",\"@id\":\"https:\/\/world.dan.org\/es\/#website\",\"url\":\"https:\/\/world.dan.org\/es\/\",\"name\":\"DAN World\",\"description\":\"\",\"publisher\":{\"@id\":\"https:\/\/world.dan.org\/es\/#organization\"},\"potentialAction\":[{\"@type\":\"SearchAction\",\"target\":{\"@type\":\"EntryPoint\",\"urlTemplate\":\"https:\/\/world.dan.org\/es\/?s={search_term_string}\"},\"query-input\":{\"@type\":\"PropertyValueSpecification\",\"valueRequired\":true,\"valueName\":\"search_term_string\"}}],\"inLanguage\":\"es-MX\"},{\"@type\":\"Organization\",\"@id\":\"https:\/\/world.dan.org\/es\/#organization\",\"name\":\"DAN World\",\"url\":\"https:\/\/world.dan.org\/es\/\",\"logo\":{\"@type\":\"ImageObject\",\"inLanguage\":\"es-MX\",\"@id\":\"https:\/\/world.dan.org\/es\/#\/schema\/logo\/image\/\",\"url\":\"https:\/\/world.dan.org\/wp-content\/uploads\/2022\/04\/DAN-World-logo-sm-52px.svg\",\"contentUrl\":\"https:\/\/world.dan.org\/wp-content\/uploads\/2022\/04\/DAN-World-logo-sm-52px.svg\",\"width\":175,\"height\":52,\"caption\":\"DAN World\"},\"image\":{\"@id\":\"https:\/\/world.dan.org\/es\/#\/schema\/logo\/image\/\"}}]}<\/script>\n<!-- \/ Yoast SEO Premium plugin. -->","yoast_head_json":{"title":"Mejores pr\u00e1cticas de tratamiento para lesiones de buceo - DAN World","description":"La mayor\u00eda de las lesiones en el buceo son leves y no necesariamente aparentes para los dem\u00e1s. Si no te encuentras bien despu\u00e9s de bucear, es posible que algo vaya mal. Dile al supervisor de buceo y a tu compa\u00f1ero c\u00f3mo te sientes y pide consejo.","robots":{"index":"index","follow":"follow","max-snippet":"max-snippet:-1","max-image-preview":"max-image-preview:large","max-video-preview":"max-video-preview:-1"},"canonical":"https:\/\/world.dan.org\/es\/research\/best-treatment-practices-for-diving-injuries\/","og_locale":"es_MX","og_type":"article","og_title":"Best Treatment Practices for Diving Injuries","og_description":"Most injuries in diving are mild and not necessarily apparent to others. If you do not feel well after dive, something may be wrong. Tell the dive supervisor and your buddy how you feel and seek advice.","og_url":"https:\/\/world.dan.org\/es\/research\/best-treatment-practices-for-diving-injuries\/","og_site_name":"DAN World","article_modified_time":"2022-08-19T18:39:55+00:00","og_image":[{"width":1200,"height":700,"url":"https:\/\/world.dan.org\/wp-content\/uploads\/2020\/07\/diagnosing-decompression-sickness-11346505-DAN-1200x700-1.jpg","type":"image\/jpeg"}],"twitter_card":"summary_large_image","twitter_title":"Best Treatment Practices for Diving Injuries","twitter_description":"Most injuries in diving are mild and not necessarily apparent to others. If you do not feel well after dive, something may be wrong. Tell the dive supervisor and your buddy how you feel and seek advice.","twitter_image":"https:\/\/world.dan.org\/wp-content\/uploads\/2020\/07\/diagnosing-decompression-sickness-11346505-DAN-1200x700-1.jpg","twitter_misc":{"Est. reading time":"2 minutes"},"schema":{"@context":"https:\/\/schema.org","@graph":[{"@type":"WebPage","@id":"https:\/\/world.dan.org\/research\/best-treatment-practices-for-diving-injuries\/","url":"https:\/\/world.dan.org\/research\/best-treatment-practices-for-diving-injuries\/","name":"Mejores pr\u00e1cticas de tratamiento para lesiones de buceo - DAN World","isPartOf":{"@id":"https:\/\/world.dan.org\/es\/#website"},"primaryImageOfPage":{"@id":"https:\/\/world.dan.org\/research\/best-treatment-practices-for-diving-injuries\/#primaryimage"},"image":{"@id":"https:\/\/world.dan.org\/research\/best-treatment-practices-for-diving-injuries\/#primaryimage"},"thumbnailUrl":"https:\/\/world.dan.org\/wp-content\/uploads\/2021\/06\/diagnosing-decompression-sickness-11346505-DAN-1200x600-1.jpg","datePublished":"2021-06-10T23:44:17+00:00","dateModified":"2022-08-19T18:39:55+00:00","description":"La mayor\u00eda de las lesiones en el buceo son leves y no necesariamente aparentes para los dem\u00e1s. Si no te encuentras bien despu\u00e9s de bucear, es posible que algo vaya mal. Dile al supervisor de buceo y a tu compa\u00f1ero c\u00f3mo te sientes y pide consejo.","breadcrumb":{"@id":"https:\/\/world.dan.org\/research\/best-treatment-practices-for-diving-injuries\/#breadcrumb"},"inLanguage":"es-MX","potentialAction":[{"@type":"ReadAction","target":["https:\/\/world.dan.org\/research\/best-treatment-practices-for-diving-injuries\/"]}]},{"@type":"ImageObject","inLanguage":"es-MX","@id":"https:\/\/world.dan.org\/research\/best-treatment-practices-for-diving-injuries\/#primaryimage","url":"https:\/\/world.dan.org\/wp-content\/uploads\/2021\/06\/diagnosing-decompression-sickness-11346505-DAN-1200x600-1.jpg","contentUrl":"https:\/\/world.dan.org\/wp-content\/uploads\/2021\/06\/diagnosing-decompression-sickness-11346505-DAN-1200x600-1.jpg","width":1200,"height":600},{"@type":"BreadcrumbList","@id":"https:\/\/world.dan.org\/research\/best-treatment-practices-for-diving-injuries\/#breadcrumb","itemListElement":[{"@type":"ListItem","position":1,"name":"Home","item":"https:\/\/world.dan.org\/"},{"@type":"ListItem","position":2,"name":"DAN Research","item":"https:\/\/world.dan.org\/research\/"},{"@type":"ListItem","position":3,"name":"Best Treatment Practices for Diving Injuries"}]},{"@type":"WebSite","@id":"https:\/\/world.dan.org\/es\/#website","url":"https:\/\/world.dan.org\/es\/","name":"DAN World","description":"","publisher":{"@id":"https:\/\/world.dan.org\/es\/#organization"},"potentialAction":[{"@type":"SearchAction","target":{"@type":"EntryPoint","urlTemplate":"https:\/\/world.dan.org\/es\/?s={search_term_string}"},"query-input":{"@type":"PropertyValueSpecification","valueRequired":true,"valueName":"search_term_string"}}],"inLanguage":"es-MX"},{"@type":"Organization","@id":"https:\/\/world.dan.org\/es\/#organization","name":"DAN World","url":"https:\/\/world.dan.org\/es\/","logo":{"@type":"ImageObject","inLanguage":"es-MX","@id":"https:\/\/world.dan.org\/es\/#\/schema\/logo\/image\/","url":"https:\/\/world.dan.org\/wp-content\/uploads\/2022\/04\/DAN-World-logo-sm-52px.svg","contentUrl":"https:\/\/world.dan.org\/wp-content\/uploads\/2022\/04\/DAN-World-logo-sm-52px.svg","width":175,"height":52,"caption":"DAN World"},"image":{"@id":"https:\/\/world.dan.org\/es\/#\/schema\/logo\/image\/"}}]}},"_links":{"self":[{"href":"https:\/\/world.dan.org\/es\/wp-json\/wp\/v2\/pages\/16991","targetHints":{"allow":["GET"]}}],"collection":[{"href":"https:\/\/world.dan.org\/es\/wp-json\/wp\/v2\/pages"}],"about":[{"href":"https:\/\/world.dan.org\/es\/wp-json\/wp\/v2\/types\/page"}],"author":[{"embeddable":true,"href":"https:\/\/world.dan.org\/es\/wp-json\/wp\/v2\/users\/14"}],"replies":[{"embeddable":true,"href":"https:\/\/world.dan.org\/es\/wp-json\/wp\/v2\/comments?post=16991"}],"version-history":[{"count":0,"href":"https:\/\/world.dan.org\/es\/wp-json\/wp\/v2\/pages\/16991\/revisions"}],"up":[{"embeddable":true,"href":"https:\/\/world.dan.org\/es\/wp-json\/wp\/v2\/pages\/16945"}],"wp:featuredmedia":[{"embeddable":true,"href":"https:\/\/world.dan.org\/es\/wp-json\/wp\/v2\/media\/17331"}],"wp:attachment":[{"href":"https:\/\/world.dan.org\/es\/wp-json\/wp\/v2\/media?parent=16991"}],"curies":[{"name":"wp","href":"https:\/\/api.w.org\/{rel}","templated":true}]}}