{"id":18768,"date":"2021-08-30T16:49:10","date_gmt":"2021-08-30T20:49:10","guid":{"rendered":"https:\/\/wordpress.world.dan.org\/?page_id=18768"},"modified":"2022-06-17T12:01:40","modified_gmt":"2022-06-17T16:01:40","slug":"guidelines-for-lifelong-medical-fitness-to-dive-evaluation","status":"publish","type":"page","link":"https:\/\/world.dan.org\/es\/health-medicine\/health-resources\/guidelines-for-lifelong-medical-fitness-to-dive-evaluation\/","title":{"rendered":"Gu\u00eda para la evaluaci\u00f3n de la aptitud m\u00e9dica de por vida para bucear"},"content":{"rendered":"<div style=\"height:100px\" aria-hidden=\"true\" class=\"wp-block-spacer\"><\/div>\n\n\n\n<p><a href=\"https:\/\/www.addtoany.com\/share#url=https%3A%2F%2Fworld.dan.org%2Fsafety-prevention%2Fdiver-safety%2Fdivers-blog%2Fschedule-for-lifelong-medical-fitness-to-dive-evaluation%2F&amp;title=Guidelines%20for%20Lifelong%20Medical%20Fitness%20to%20Dive%20Evaluation\">Compartir<\/a><\/p>\n\n\n\n<p class=\"translation-block\">Para promover la aptitud m\u00e9dica de los buzos para bucear durante toda su vida, DAN cre\u00f3 y public\u00f3 las Pautas para la aptitud m\u00e9dica permanente para bucear. Este documento, que est\u00e1 destinado a ser utilizado por buzos, profesionales del buceo y m\u00e9dicos, establece un cronograma para cuestionarios m\u00e9dicos y evaluaciones f\u00edsicas en funci\u00f3n de la edad y otros factores relevantes.<\/p>\n\n\n\n<figure class=\"wp-block-image\"><img loading=\"lazy\" decoding=\"async\" width=\"800\" height=\"685\" src=\"https:\/\/world.dan.org\/wp-content\/uploads\/2021\/09\/SP-Table1-Guidelines-for-Lifelong-Medical-Fitness-to-Dive-Evaluation-web-page.jpg\" alt=\"\" class=\"wp-image-16734\" srcset=\"https:\/\/world.dan.org\/wp-content\/uploads\/2021\/09\/SP-Table1-Guidelines-for-Lifelong-Medical-Fitness-to-Dive-Evaluation-web-page.jpg 1366w, https:\/\/world.dan.org\/wp-content\/uploads\/2021\/09\/SP-Table1-Guidelines-for-Lifelong-Medical-Fitness-to-Dive-Evaluation-web-page-360x322.jpg 360w, https:\/\/world.dan.org\/wp-content\/uploads\/2021\/09\/SP-Table1-Guidelines-for-Lifelong-Medical-Fitness-to-Dive-Evaluation-web-page-1024x917.jpg 1024w, https:\/\/world.dan.org\/wp-content\/uploads\/2021\/09\/SP-Table1-Guidelines-for-Lifelong-Medical-Fitness-to-Dive-Evaluation-web-page-768x688.jpg 768w, https:\/\/world.dan.org\/wp-content\/uploads\/2021\/09\/SP-Table1-Guidelines-for-Lifelong-Medical-Fitness-to-Dive-Evaluation-web-page-13x12.jpg 13w, https:\/\/world.dan.org\/wp-content\/uploads\/2021\/09\/SP-Table1-Guidelines-for-Lifelong-Medical-Fitness-to-Dive-Evaluation-web-page-894x800.jpg 894w\" sizes=\"auto, (max-width: 800px) 100vw, 800px\" \/><\/figure>\n\n\n\n<figure class=\"wp-block-image\"><img loading=\"lazy\" decoding=\"async\" width=\"800\" height=\"1000\" src=\"https:\/\/world.dan.org\/wp-content\/uploads\/2021\/09\/SP-Fig1-flowchart-guidelines-for-lifelong-medical-fitness-to-dive.jpg\" alt=\"\" class=\"wp-image-16735\" srcset=\"https:\/\/world.dan.org\/wp-content\/uploads\/2021\/09\/SP-Fig1-flowchart-guidelines-for-lifelong-medical-fitness-to-dive.jpg 1700w, https:\/\/world.dan.org\/wp-content\/uploads\/2021\/09\/SP-Fig1-flowchart-guidelines-for-lifelong-medical-fitness-to-dive-323x360.jpg 323w, https:\/\/world.dan.org\/wp-content\/uploads\/2021\/09\/SP-Fig1-flowchart-guidelines-for-lifelong-medical-fitness-to-dive-919x1024.jpg 919w, https:\/\/world.dan.org\/wp-content\/uploads\/2021\/09\/SP-Fig1-flowchart-guidelines-for-lifelong-medical-fitness-to-dive-768x856.jpg 768w, https:\/\/world.dan.org\/wp-content\/uploads\/2021\/09\/SP-Fig1-flowchart-guidelines-for-lifelong-medical-fitness-to-dive-1379x1536.jpg 1379w, https:\/\/world.dan.org\/wp-content\/uploads\/2021\/09\/SP-Fig1-flowchart-guidelines-for-lifelong-medical-fitness-to-dive-11x12.jpg 11w, https:\/\/world.dan.org\/wp-content\/uploads\/2021\/09\/SP-Fig1-flowchart-guidelines-for-lifelong-medical-fitness-to-dive-718x800.jpg 718w\" sizes=\"auto, (max-width: 800px) 100vw, 800px\" \/><\/figure>\n\n\n\n<div style=\"height:30px\" aria-hidden=\"true\" class=\"wp-block-spacer\"><\/div>\n\n\n\n<div class=\"wp-block-buttons is-horizontal is-content-justification-center is-layout-flex wp-container-core-buttons-is-layout-499968f5 wp-block-buttons-is-layout-flex\">\n<div class=\"wp-block-button\"><a class=\"wp-block-button__link has-dan-red-400-background-color has-background\" href=\"https:\/\/world.dan.org\/wp-content\/uploads\/2023\/05\/SP-download-guidelines-for-lifelong-medical-fitness-to-dive.pdf\" style=\"border-radius:5px\">DESCARGAR Calendario de Evaluaci\u00f3n de la aptitud m\u00e9dica para bucear.<\/a><\/div>\n<\/div>","protected":false},"excerpt":{"rendered":"<p>A trav\u00e9s del Gu\u00eda para la evaluaci\u00f3n de la aptitud m\u00e9dica de por vida para bucear, DAN establece un calendario de cuestionarios m\u00e9dicos y evaluaciones f\u00edsicas seg\u00fan la edad y otros factores relevantes, y fomenta as\u00ed la iniciativa de conservar un estado de salud apto para bucear durante toda la vida.<\/p>","protected":false},"author":19,"featured_media":17868,"parent":37,"menu_order":60,"comment_status":"closed","ping_status":"closed","template":"templates\/page-landing-2.php","meta":{"_acf_changed":false,"_ef_editorial_meta_date_first-draft-date":"","_ef_editorial_meta_paragraph_assignment":"","_ef_editorial_meta_checkbox_needs-photo":"","_ef_editorial_meta_number_word-count":"","footnotes":""},"class_list":["post-18768","page","type-page","status-publish","has-post-thumbnail","hentry"],"acf":[],"yoast_head":"<!-- This site is optimized with the Yoast SEO Premium plugin v27.4 (Yoast SEO v27.4) - https:\/\/yoast.com\/product\/yoast-seo-premium-wordpress\/ -->\n<title>Guidelines for Lifelong Medical Fitness to Dive - DAN World<\/title>\n<meta name=\"description\" content=\"To promote divers\u2019 medical fitness to dive throughout their lives, DAN created and published the Guidelines for Lifelong Medical Fitness to Dive.\" \/>\n<meta name=\"robots\" content=\"index, follow, max-snippet:-1, max-image-preview:large, max-video-preview:-1\" \/>\n<link rel=\"canonical\" href=\"https:\/\/world.dan.org\/es\/health-medicine\/health-resources\/guidelines-for-lifelong-medical-fitness-to-dive-evaluation\/\" \/>\n<meta property=\"og:locale\" content=\"es_MX\" \/>\n<meta property=\"og:type\" content=\"article\" \/>\n<meta property=\"og:title\" content=\"Guidelines for Lifelong Medical Fitness to Dive\" \/>\n<meta property=\"og:description\" content=\"To promote divers\u2019 medical fitness to dive throughout their lives, DAN created and published the Guidelines for Lifelong Medical Fitness to Dive.\" \/>\n<meta property=\"og:url\" content=\"https:\/\/world.dan.org\/es\/health-medicine\/health-resources\/guidelines-for-lifelong-medical-fitness-to-dive-evaluation\/\" \/>\n<meta property=\"og:site_name\" content=\"DAN World\" \/>\n<meta property=\"article:modified_time\" content=\"2022-06-17T16:01:40+00:00\" \/>\n<meta property=\"og:image\" content=\"https:\/\/world.dan.org\/wp-content\/uploads\/2020\/08\/doctor-patient-consult-1134447453-1200x600-1.jpg\" \/>\n\t<meta property=\"og:image:width\" content=\"1200\" \/>\n\t<meta property=\"og:image:height\" content=\"600\" \/>\n\t<meta property=\"og:image:type\" content=\"image\/jpeg\" \/>\n<meta name=\"twitter:card\" content=\"summary_large_image\" \/>\n<meta name=\"twitter:title\" content=\"Guidelines for Lifelong Medical Fitness to Dive\" \/>\n<meta name=\"twitter:description\" content=\"To promote divers\u2019 medical fitness to dive throughout their lives, DAN created and published the Guidelines for Lifelong Medical Fitness to Dive.\" \/>\n<meta name=\"twitter:image\" content=\"https:\/\/world.dan.org\/wp-content\/uploads\/2020\/08\/doctor-patient-consult-1134447453-1200x600-1.jpg\" \/>\n<meta name=\"twitter:label1\" content=\"Est. reading time\" \/>\n\t<meta name=\"twitter:data1\" content=\"1 minute\" \/>\n<script type=\"application\/ld+json\" class=\"yoast-schema-graph\">{\"@context\":\"https:\\\/\\\/schema.org\",\"@graph\":[{\"@type\":\"WebPage\",\"@id\":\"https:\\\/\\\/world.dan.org\\\/health-medicine\\\/health-resources\\\/guidelines-for-lifelong-medical-fitness-to-dive-evaluation\\\/\",\"url\":\"https:\\\/\\\/world.dan.org\\\/health-medicine\\\/health-resources\\\/guidelines-for-lifelong-medical-fitness-to-dive-evaluation\\\/\",\"name\":\"Guidelines for Lifelong Medical Fitness to Dive - DAN World\",\"isPartOf\":{\"@id\":\"https:\\\/\\\/world.dan.org\\\/es\\\/#website\"},\"primaryImageOfPage\":{\"@id\":\"https:\\\/\\\/world.dan.org\\\/health-medicine\\\/health-resources\\\/guidelines-for-lifelong-medical-fitness-to-dive-evaluation\\\/#primaryimage\"},\"image\":{\"@id\":\"https:\\\/\\\/world.dan.org\\\/health-medicine\\\/health-resources\\\/guidelines-for-lifelong-medical-fitness-to-dive-evaluation\\\/#primaryimage\"},\"thumbnailUrl\":\"https:\\\/\\\/world.dan.org\\\/wp-content\\\/uploads\\\/2020\\\/08\\\/doctor-patient-consult-1134447453-1200x600-1.jpg\",\"datePublished\":\"2021-08-30T20:49:10+00:00\",\"dateModified\":\"2022-06-17T16:01:40+00:00\",\"description\":\"To promote divers\u2019 medical fitness to dive throughout their lives, DAN created and published the Guidelines for Lifelong Medical Fitness to Dive.\",\"breadcrumb\":{\"@id\":\"https:\\\/\\\/world.dan.org\\\/health-medicine\\\/health-resources\\\/guidelines-for-lifelong-medical-fitness-to-dive-evaluation\\\/#breadcrumb\"},\"inLanguage\":\"es-MX\",\"potentialAction\":[{\"@type\":\"ReadAction\",\"target\":[\"https:\\\/\\\/world.dan.org\\\/health-medicine\\\/health-resources\\\/guidelines-for-lifelong-medical-fitness-to-dive-evaluation\\\/\"]}]},{\"@type\":\"ImageObject\",\"inLanguage\":\"es-MX\",\"@id\":\"https:\\\/\\\/world.dan.org\\\/health-medicine\\\/health-resources\\\/guidelines-for-lifelong-medical-fitness-to-dive-evaluation\\\/#primaryimage\",\"url\":\"https:\\\/\\\/world.dan.org\\\/wp-content\\\/uploads\\\/2020\\\/08\\\/doctor-patient-consult-1134447453-1200x600-1.jpg\",\"contentUrl\":\"https:\\\/\\\/world.dan.org\\\/wp-content\\\/uploads\\\/2020\\\/08\\\/doctor-patient-consult-1134447453-1200x600-1.jpg\",\"width\":1200,\"height\":600,\"caption\":\"Shot of a doctor using a digital tablet while having a consultation with a patient in his office\"},{\"@type\":\"BreadcrumbList\",\"@id\":\"https:\\\/\\\/world.dan.org\\\/health-medicine\\\/health-resources\\\/guidelines-for-lifelong-medical-fitness-to-dive-evaluation\\\/#breadcrumb\",\"itemListElement\":[{\"@type\":\"ListItem\",\"position\":1,\"name\":\"Home\",\"item\":\"https:\\\/\\\/world.dan.org\\\/\"},{\"@type\":\"ListItem\",\"position\":2,\"name\":\"Health &amp; Medicine\",\"item\":\"https:\\\/\\\/world.dan.org\\\/health-medicine\\\/\"},{\"@type\":\"ListItem\",\"position\":3,\"name\":\"Health Resources\",\"item\":\"https:\\\/\\\/world.dan.org\\\/health-medicine\\\/health-resources\\\/\"},{\"@type\":\"ListItem\",\"position\":4,\"name\":\"Guidelines for Lifelong Medical Fitness to Dive\"}]},{\"@type\":\"WebSite\",\"@id\":\"https:\\\/\\\/world.dan.org\\\/es\\\/#website\",\"url\":\"https:\\\/\\\/world.dan.org\\\/es\\\/\",\"name\":\"DAN World\",\"description\":\"\",\"publisher\":{\"@id\":\"https:\\\/\\\/world.dan.org\\\/es\\\/#organization\"},\"potentialAction\":[{\"@type\":\"SearchAction\",\"target\":{\"@type\":\"EntryPoint\",\"urlTemplate\":\"https:\\\/\\\/world.dan.org\\\/es\\\/?s={search_term_string}\"},\"query-input\":{\"@type\":\"PropertyValueSpecification\",\"valueRequired\":true,\"valueName\":\"search_term_string\"}}],\"inLanguage\":\"es-MX\"},{\"@type\":\"Organization\",\"@id\":\"https:\\\/\\\/world.dan.org\\\/es\\\/#organization\",\"name\":\"DAN World\",\"url\":\"https:\\\/\\\/world.dan.org\\\/es\\\/\",\"logo\":{\"@type\":\"ImageObject\",\"inLanguage\":\"es-MX\",\"@id\":\"https:\\\/\\\/world.dan.org\\\/es\\\/#\\\/schema\\\/logo\\\/image\\\/\",\"url\":\"https:\\\/\\\/world.dan.org\\\/wp-content\\\/uploads\\\/2022\\\/04\\\/DAN-World-logo-sm-52px.svg\",\"contentUrl\":\"https:\\\/\\\/world.dan.org\\\/wp-content\\\/uploads\\\/2022\\\/04\\\/DAN-World-logo-sm-52px.svg\",\"width\":175,\"height\":52,\"caption\":\"DAN World\"},\"image\":{\"@id\":\"https:\\\/\\\/world.dan.org\\\/es\\\/#\\\/schema\\\/logo\\\/image\\\/\"}}]}<\/script>\n<!-- \/ Yoast SEO Premium plugin. -->","yoast_head_json":{"title":"Directrices para la aptitud m\u00e9dica de por vida para bucear - DAN World","description":"Para promover la aptitud m\u00e9dica de los buceadores para bucear durante toda su vida, DAN cre\u00f3 y public\u00f3 las Directrices para la aptitud m\u00e9dica para bucear durante toda la vida.","robots":{"index":"index","follow":"follow","max-snippet":"max-snippet:-1","max-image-preview":"max-image-preview:large","max-video-preview":"max-video-preview:-1"},"canonical":"https:\/\/world.dan.org\/es\/health-medicine\/health-resources\/guidelines-for-lifelong-medical-fitness-to-dive-evaluation\/","og_locale":"es_MX","og_type":"article","og_title":"Guidelines for Lifelong Medical Fitness to Dive","og_description":"To promote divers\u2019 medical fitness to dive throughout their lives, DAN created and published the Guidelines for Lifelong Medical Fitness to Dive.","og_url":"https:\/\/world.dan.org\/es\/health-medicine\/health-resources\/guidelines-for-lifelong-medical-fitness-to-dive-evaluation\/","og_site_name":"DAN World","article_modified_time":"2022-06-17T16:01:40+00:00","og_image":[{"width":1200,"height":600,"url":"https:\/\/world.dan.org\/wp-content\/uploads\/2020\/08\/doctor-patient-consult-1134447453-1200x600-1.jpg","type":"image\/jpeg"}],"twitter_card":"summary_large_image","twitter_title":"Guidelines for Lifelong Medical Fitness to Dive","twitter_description":"To promote divers\u2019 medical fitness to dive throughout their lives, DAN created and published the Guidelines for Lifelong Medical Fitness to Dive.","twitter_image":"https:\/\/world.dan.org\/wp-content\/uploads\/2020\/08\/doctor-patient-consult-1134447453-1200x600-1.jpg","twitter_misc":{"Est. reading time":"1 minute"},"schema":{"@context":"https:\/\/schema.org","@graph":[{"@type":"WebPage","@id":"https:\/\/world.dan.org\/health-medicine\/health-resources\/guidelines-for-lifelong-medical-fitness-to-dive-evaluation\/","url":"https:\/\/world.dan.org\/health-medicine\/health-resources\/guidelines-for-lifelong-medical-fitness-to-dive-evaluation\/","name":"Directrices para la aptitud m\u00e9dica de por vida para bucear - DAN World","isPartOf":{"@id":"https:\/\/world.dan.org\/es\/#website"},"primaryImageOfPage":{"@id":"https:\/\/world.dan.org\/health-medicine\/health-resources\/guidelines-for-lifelong-medical-fitness-to-dive-evaluation\/#primaryimage"},"image":{"@id":"https:\/\/world.dan.org\/health-medicine\/health-resources\/guidelines-for-lifelong-medical-fitness-to-dive-evaluation\/#primaryimage"},"thumbnailUrl":"https:\/\/world.dan.org\/wp-content\/uploads\/2020\/08\/doctor-patient-consult-1134447453-1200x600-1.jpg","datePublished":"2021-08-30T20:49:10+00:00","dateModified":"2022-06-17T16:01:40+00:00","description":"Para promover la aptitud m\u00e9dica de los buceadores para bucear durante toda su vida, DAN cre\u00f3 y public\u00f3 las Directrices para la aptitud m\u00e9dica para bucear durante toda la vida.","breadcrumb":{"@id":"https:\/\/world.dan.org\/health-medicine\/health-resources\/guidelines-for-lifelong-medical-fitness-to-dive-evaluation\/#breadcrumb"},"inLanguage":"es-MX","potentialAction":[{"@type":"ReadAction","target":["https:\/\/world.dan.org\/health-medicine\/health-resources\/guidelines-for-lifelong-medical-fitness-to-dive-evaluation\/"]}]},{"@type":"ImageObject","inLanguage":"es-MX","@id":"https:\/\/world.dan.org\/health-medicine\/health-resources\/guidelines-for-lifelong-medical-fitness-to-dive-evaluation\/#primaryimage","url":"https:\/\/world.dan.org\/wp-content\/uploads\/2020\/08\/doctor-patient-consult-1134447453-1200x600-1.jpg","contentUrl":"https:\/\/world.dan.org\/wp-content\/uploads\/2020\/08\/doctor-patient-consult-1134447453-1200x600-1.jpg","width":1200,"height":600,"caption":"Shot of a doctor using a digital tablet while having a consultation with a patient in his office"},{"@type":"BreadcrumbList","@id":"https:\/\/world.dan.org\/health-medicine\/health-resources\/guidelines-for-lifelong-medical-fitness-to-dive-evaluation\/#breadcrumb","itemListElement":[{"@type":"ListItem","position":1,"name":"Home","item":"https:\/\/world.dan.org\/"},{"@type":"ListItem","position":2,"name":"Health &amp; Medicine","item":"https:\/\/world.dan.org\/health-medicine\/"},{"@type":"ListItem","position":3,"name":"Health Resources","item":"https:\/\/world.dan.org\/health-medicine\/health-resources\/"},{"@type":"ListItem","position":4,"name":"Guidelines for Lifelong Medical Fitness to Dive"}]},{"@type":"WebSite","@id":"https:\/\/world.dan.org\/es\/#website","url":"https:\/\/world.dan.org\/es\/","name":"DAN World","description":"","publisher":{"@id":"https:\/\/world.dan.org\/es\/#organization"},"potentialAction":[{"@type":"SearchAction","target":{"@type":"EntryPoint","urlTemplate":"https:\/\/world.dan.org\/es\/?s={search_term_string}"},"query-input":{"@type":"PropertyValueSpecification","valueRequired":true,"valueName":"search_term_string"}}],"inLanguage":"es-MX"},{"@type":"Organization","@id":"https:\/\/world.dan.org\/es\/#organization","name":"DAN World","url":"https:\/\/world.dan.org\/es\/","logo":{"@type":"ImageObject","inLanguage":"es-MX","@id":"https:\/\/world.dan.org\/es\/#\/schema\/logo\/image\/","url":"https:\/\/world.dan.org\/wp-content\/uploads\/2022\/04\/DAN-World-logo-sm-52px.svg","contentUrl":"https:\/\/world.dan.org\/wp-content\/uploads\/2022\/04\/DAN-World-logo-sm-52px.svg","width":175,"height":52,"caption":"DAN World"},"image":{"@id":"https:\/\/world.dan.org\/es\/#\/schema\/logo\/image\/"}}]}},"_links":{"self":[{"href":"https:\/\/world.dan.org\/es\/wp-json\/wp\/v2\/pages\/18768","targetHints":{"allow":["GET"]}}],"collection":[{"href":"https:\/\/world.dan.org\/es\/wp-json\/wp\/v2\/pages"}],"about":[{"href":"https:\/\/world.dan.org\/es\/wp-json\/wp\/v2\/types\/page"}],"author":[{"embeddable":true,"href":"https:\/\/world.dan.org\/es\/wp-json\/wp\/v2\/users\/19"}],"replies":[{"embeddable":true,"href":"https:\/\/world.dan.org\/es\/wp-json\/wp\/v2\/comments?post=18768"}],"version-history":[{"count":0,"href":"https:\/\/world.dan.org\/es\/wp-json\/wp\/v2\/pages\/18768\/revisions"}],"up":[{"embeddable":true,"href":"https:\/\/world.dan.org\/es\/wp-json\/wp\/v2\/pages\/37"}],"wp:featuredmedia":[{"embeddable":true,"href":"https:\/\/world.dan.org\/es\/wp-json\/wp\/v2\/media\/17868"}],"wp:attachment":[{"href":"https:\/\/world.dan.org\/es\/wp-json\/wp\/v2\/media?parent=18768"}],"curies":[{"name":"wp","href":"https:\/\/api.w.org\/{rel}","templated":true}]}}