{"id":19,"date":"2020-03-27T17:48:44","date_gmt":"2020-03-27T21:48:44","guid":{"rendered":"https:\/\/dan.devhammer.com\/?page_id=19"},"modified":"2025-02-25T16:32:01","modified_gmt":"2025-02-25T21:32:01","slug":"membership-coverage","status":"publish","type":"page","link":"https:\/\/world.dan.org\/es\/membership-coverage\/","title":{"rendered":"Membres\u00eda y cobertura"},"content":{"rendered":"<div class=\"n2_clear\"><ss3-force-full-width data-overflow-x=\"body\" data-horizontal-selector=\"\"><div class=\"n2-section-smartslider fitvidsignore  n2_clear\" data-ssid=\"22\" tabindex=\"0\" role=\"region\" aria-label=\"Slider\"><div id=\"n2-ss-22-align\" class=\"n2-ss-align\"><div class=\"n2-padding\"><div id=\"n2-ss-22\" data-creator=\"Smart Slider 3\" data-responsive=\"fullwidth\" class=\"n2-ss-slider n2-ow n2-has-hover n2notransition\">\n        <div class=\"n2-ss-slider-1 n2_ss__touch_element n2-ow\">\n            <div class=\"n2-ss-slider-2 n2-ow\">\n                                                <div class=\"n2-ss-slider-3 n2-ow\">\n\n                    <div class=\"n2-ss-slide-backgrounds n2-ow-all\"><div class=\"n2-ss-slide-background\" data-public-id=\"1\" data-mode=\"fill\"><div class=\"n2-ss-slide-background-image\" data-blur=\"0\" data-opacity=\"100\" data-x=\"45\" data-y=\"45\" data-alt=\"\" data-title=\"\" style=\"--ss-o-pos-x:45%;--ss-o-pos-y:45%\"><picture class=\"skip-lazy\" data-skip-lazy=\"1\"><source srcset=\"\/\/world.dan.org\/wp-content\/uploads\/slider3\/membership-3q3a8410-smart-slider-test.jpg\" media=\"(min-width: 1200px) and (-webkit-min-device-pixel-ratio: 1.5)\" class=\"skip-lazy\" data-skip-lazy=\"1\"><source srcset=\"\/\/world.dan.org\/wp-content\/uploads\/slider3\/membership-3q3a8410-smart-slider-test.jpg\" media=\"(orientation: landscape) and (max-width: 900px),(orientation: portrait) and (max-width: 700px)\" class=\"skip-lazy\" data-skip-lazy=\"1\"><source srcset=\"\/\/world.dan.org\/wp-content\/uploads\/slider3\/membership-3q3a8410-smart-slider-test.jpg\" media=\"(orientation: landscape) and (max-width: 1199px) and (min-width: 901px),(orientation: portrait) and (max-width: 1199px) and (min-width: 701px)\" class=\"skip-lazy\" data-skip-lazy=\"1\"><img decoding=\"async\" src=\"\/\/world.dan.org\/wp-content\/uploads\/slider\/cache\/af59631070515ff4c0af55ed2eded5dc\/membership-3q3a8410-smart-slider-test.jpg\" alt=\"\" title=\"\" loading=\"lazy\" class=\"skip-lazy\" data-skip-lazy=\"1\"><\/picture><\/div><div data-gradient=\"horizontal\" data-color-start=\"RGBA(0,63,124,0.61)\" data-color-end=\"RGBA(255,255,255,0)\" style=\"background:linear-gradient(to right, RGBA(0,63,124,0.61) 0%,RGBA(255,255,255,0) 100%);\" class=\"n2-ss-slide-background-color\" data-overlay=\"1\"><\/div><\/div><\/div>                    <div class=\"n2-ss-slider-4 n2-ow\">\n                        <svg xmlns=\"http:\/\/www.w3.org\/2000\/svg\" viewbox=\"0 0 1600 600\" data-related-device=\"desktopPortrait\" class=\"n2-ow n2-ss-preserve-size n2-ss-preserve-size--slider n2-ss-slide-limiter\"><\/svg><div data-first=\"1\" data-slide-duration=\"0\" data-id=\"22\" data-slide-public-id=\"1\" data-title=\"Membership &amp; Coverage\" class=\"n2-ss-slide n2-ow  n2-ss-slide-22\"><div role=\"note\" class=\"n2-ss-slide--focus\" tabindex=\"-1\">Membres\u00eda y cobertura<\/div><div class=\"n2-ss-layers-container n2-ss-slide-limiter n2-ow\"><div class=\"n2-ss-layer n2-ow n-uc-w8gQDDgYsxPe\" data-sstype=\"slide\" data-pm=\"default\"><div class=\"n2-ss-layer n2-ow n-uc-xXRm79gLWCDd\" data-pm=\"default\" data-sstype=\"content\" data-hasbackground=\"0\"><div class=\"n2-ss-section-main-content n2-ss-layer-with-background n2-ss-layer-content n2-ow n-uc-xXRm79gLWCDd-inner\"><div class=\"n2-ss-layer n2-ow n2-ss-layer--block n2-ss-has-self-align n-uc-FqIEmzvh0yQZ\" data-pm=\"normal\" data-sstype=\"row\"><div class=\"n2-ss-layer-row n2-ss-layer-with-background n-uc-FqIEmzvh0yQZ-inner\"><div class=\"n2-ss-layer-row-inner\"><div class=\"n2-ss-layer n2-ow n-uc-wGKXLbVJKRSl\" data-pm=\"default\" data-sstype=\"col\"><div class=\"n2-ss-layer-col n2-ss-layer-with-background n2-ss-layer-content n-uc-wGKXLbVJKRSl-inner\"><div class=\"n2-ss-layer n2-ow n-uc-cuFun0FNvcvq n2-ss-layer--auto\" data-pm=\"normal\" data-sstype=\"layer\"><div class=\"n2-ss-button-container n2-ss-item-content n2-ow n2-font-a3b57aec3250d1cd7b703e552c1cb98d-link  n2-ss-nowrap n2-ss-button-container--non-full-width\"><a class=\"n2-style-05ba4352b746b78a53d300ba52f2d0e2-heading  n2-ow\" onclick=\"return false;\" href=\"#\"><div><div>MEMBRES\u00cdA<\/div><\/div><\/a><\/div><\/div><div class=\"n2-ss-layer n2-ow n-uc-c5rZEiggP5BV\" data-pm=\"normal\" data-sstype=\"layer\"><h2 id=\"n2-ss-22item2\" class=\"n2-font-6c08149fba0f2cbee13c072397247740-hover   n2-ss-item-content n2-ss-text n2-ow\" style=\"display:block;\">AFILIACI\u00d3N Y COBERTURA<\/h2><\/div><div class=\"n2-ss-layer n2-ow n-uc-kh9rR7e487Sv\" data-pm=\"normal\" data-sstype=\"layer\"><div class=\"n2-ss-item-content n2-ss-text n2-ow-all\"><div data-hide-desktoplandscape=\"1\" data-hide-desktopportrait=\"1\" data-hide-tabletlandscape=\"1\" data-hide-tabletportrait=\"1\"><\/div><div class=\"\" data-hide-desktoplandscape=\"1\" data-hide-desktopportrait=\"1\" data-hide-mobilelandscape=\"1\" data-hide-mobileportrait=\"1\"><\/div><div class=\"\" data-hide-mobilelandscape=\"1\" data-hide-mobileportrait=\"1\" data-hide-tabletlandscape=\"1\" data-hide-tabletportrait=\"1\"><p class=\"n2-font-d937d56fa96151297ccc20b9e983ad68-paragraph\">COBERTURA DE ASISTENCIA EN CASO DE ACCIDENTE DE BUCEO DISPONIBLE<\/p>\n<\/div><\/div><\/div><div class=\"n2-ss-layer n2-ow n2-ss-layer--block n2-ss-has-self-align n-uc-XDgiBv7mkxhN\" data-pm=\"normal\" data-sstype=\"row\"><div class=\"n2-ss-layer-row n2-ss-layer-with-background n-uc-XDgiBv7mkxhN-inner\"><div class=\"n2-ss-layer-row-inner\"><div class=\"n2-ss-layer n2-ow n-uc-YCiLCpGFIE7M\" data-pm=\"default\" data-sstype=\"col\"><div class=\"n2-ss-layer-col n2-ss-layer-with-background n2-ss-layer-content n-uc-YCiLCpGFIE7M-inner\"><div class=\"n2-ss-layer n2-ow n-uc-WZGyUMbU3w8W n2-ss-layer--auto\" data-pm=\"normal\" data-sstype=\"layer\"><div class=\"n2-ss-button-container n2-ss-item-content n2-ow n2-font-efb749624a85eff02533b8cc5c19c88c-link  n2-ss-nowrap n2-ss-button-container--non-full-width\"><a class=\"n2-style-cd7796faf722e88fc7c6131f998fde7c-heading  n2-ow\" href=\"\/es\/membership-coverage\/asia-pacific\/\"><div><div>Asia-Pac\u00edfico<\/div><\/div><\/a><\/div><\/div><\/div><\/div><div class=\"n2-ss-layer n2-ow n-uc-4cTzN5mNO5g1\" data-pm=\"default\" data-sstype=\"col\"><div class=\"n2-ss-layer-col n2-ss-layer-with-background n2-ss-layer-content n-uc-4cTzN5mNO5g1-inner\"><div class=\"n2-ss-layer n2-ow n-uc-87mJRzqlVXuU n2-ss-layer--auto\" data-pm=\"normal\" data-sstype=\"layer\"><div class=\"n2-ss-button-container n2-ss-item-content n2-ow n2-font-efb749624a85eff02533b8cc5c19c88c-link  n2-ss-nowrap n2-ss-button-container--non-full-width\"><a class=\"n2-style-eee8715cf0a15319f538f285583a80b3-heading  n2-ow\" href=\"\/es\/membership-coverage\/australia\/\"><div><div>Australia<\/div><\/div><\/a><\/div><\/div><\/div><\/div><\/div><\/div><\/div><div class=\"n2-ss-layer n2-ow n2-ss-layer--block n2-ss-has-self-align n-uc-18b52c5a0792a\" data-pm=\"normal\" data-sstype=\"row\"><div class=\"n2-ss-layer-row n2-ss-layer-with-background n-uc-18b52c5a0792a-inner\"><div class=\"n2-ss-layer-row-inner\"><div class=\"n2-ss-layer n2-ow n-uc-13b562ed76ede\" data-pm=\"default\" data-sstype=\"col\"><div class=\"n2-ss-layer-col n2-ss-layer-with-background n2-ss-layer-content n-uc-13b562ed76ede-inner\"><div class=\"n2-ss-layer n2-ow n-uc-183369ee14ece n2-ss-layer--auto\" data-pm=\"normal\" data-sstype=\"layer\"><div class=\"n2-ss-button-container n2-ss-item-content n2-ow n2-font-efb749624a85eff02533b8cc5c19c88c-link  n2-ss-nowrap n2-ss-button-container--non-full-width\"><a class=\"n2-style-cd7796faf722e88fc7c6131f998fde7c-heading  n2-ow\" href=\"\/es\/membership-coverage\/canada\/\"><div><div>Canad\u00e1<\/div><\/div><\/a><\/div><\/div><\/div><\/div><div class=\"n2-ss-layer n2-ow n-uc-1dc7c70f4ef3e\" data-pm=\"default\" data-sstype=\"col\"><div class=\"n2-ss-layer-col n2-ss-layer-with-background n2-ss-layer-content n-uc-1dc7c70f4ef3e-inner\"><div class=\"n2-ss-layer n2-ow n-uc-1e93702d6fc6b n2-ss-layer--auto\" data-pm=\"normal\" data-sstype=\"layer\"><div class=\"n2-ss-button-container n2-ss-item-content n2-ow n2-font-efb749624a85eff02533b8cc5c19c88c-link  n2-ss-nowrap n2-ss-button-container--non-full-width\"><a class=\"n2-style-eee8715cf0a15319f538f285583a80b3-heading  n2-ow\" href=\"\/es\/membership-coverage\/latin-america-caribbean\/\"><div><div>Am\u00e9rica Latina y Caribe<\/div><\/div><\/a><\/div><\/div><\/div><\/div><\/div><\/div><\/div><\/div><\/div><\/div><\/div><\/div><\/div><\/div><\/div><\/div><\/div>                    <\/div>\n\n                                    <\/div>\n            <\/div>\n        <\/div>\n        <\/div><ss3-loader><\/ss3-loader><\/div><\/div><div class=\"n2_clear\"><\/div><\/div><\/ss3-force-full-width><\/div>\n\n\n<div style=\"height:100px\" aria-hidden=\"true\" class=\"wp-block-spacer\"><\/div>\n\n\n\n<div class=\"wp-block-columns is-layout-flex wp-container-core-columns-is-layout-9d6595d7 wp-block-columns-is-layout-flex\">\n<div class=\"wp-block-column is-layout-flow wp-block-column-is-layout-flow\">\n<p class=\"has-dan-black-color has-text-color\" style=\"font-size:21px\"><strong>Centro de atenci\u00f3n al cliente DAN<\/strong><\/p>\n\n\n\n<p><strong>Australia\/Asia Pacific<\/strong><\/p>\n\n\n\n<p>Tel\u00e9fono: +61-3-9886 9166<\/p>\n\n\n\n<p>Correo electr\u00f3nico:<a href=\"mailto:infoap@dan.org\">infoap@dan.org<\/a><\/p>\n\n\n\n<p>De lunes a viernes, de 9:00 a.m. a 5:00 p.m. (hora de Australia oriental)<\/p>\n\n\n\n<p><br><strong>Canad\u00e1<\/strong><\/p>\n\n\n\n<p>De lunes a viernes&nbsp;<br>8:30 a.m.- 5 p.m. ET<\/p>\n\n\n\n<p>+1-919-684-2948<\/p>\n\n\n\n<p>+1-800-446-2671<\/p>\n\n\n\n<p>Fax: +1-919-490-6630<\/p>\n\n\n\n<p>Correo electr\u00f3nico:&nbsp;<a>member@dan.org<\/a><\/p>\n\n\n\n<p><br><strong>Am\u00e9rica Latina<\/strong>&nbsp;<strong>y el Caribe<\/strong><\/p>\n\n\n\n<p class=\"translation-block\">Tel\u00e9fono: <strong>+1-202-470-0929<\/strong> (en Ingl\u00e9s)<\/p>\n\n\n\n<p>Tel\u00e9fono: +52-55-8421-9866 (atenci\u00f3n en Espa\u00f1ol)<\/p>\n\n\n\n<p>Correo electr\u00f3nico:&nbsp;<a href=\"mailto:Info@World.DAN.org\" target=\"_blank\" rel=\"noreferrer noopener\">Info@world.dan.org<\/a><\/p>\n\n\n\n<p>Lunes a viernes de 8.30 a.m.- 5 p.m. (hora del este)<\/p>\n<\/div>\n\n\n\n<div class=\"wp-block-column is-layout-flow wp-block-column-is-layout-flow\">\n<p style=\"font-size:21px\" class=\"translation-block\"><strong>Emergencia 24 horas al d\u00eda, 7 d\u00edas a la semana<\/strong> <strong>L\u00ednea directa<\/strong><\/p>\n\n\n\n<p class=\"has-dan-red-400-color has-text-color\">+1 (919) 684-9111<\/p>\n\n\n\n<p class=\"has-dan-red-400-color has-text-color\">1800 088 200 <br>desde de Australia<\/p>\n\n\n\n<p class=\"has-dan-red-400-color has-text-color\">+62 21 5085-8719 <br>desde Indonesia<\/p>\n\n\n\n<p><strong>Los m\u00e9dicos de DAN est\u00e1n disponibles las 24 horas, los 7 d\u00edas de la semana y los 365 d\u00edas al a\u00f1o<\/strong><\/p>\n\n\n\n<p><\/p>\n<\/div>\n\n\n\n<div class=\"wp-block-column is-layout-flow wp-block-column-is-layout-flow\">\n<p style=\"font-size:21px\"><strong>L\u00ednea de informaci\u00f3n m\u00e9dica<\/strong><\/p>\n\n\n\n<p>Obtenga respuestas a sus consultas de salud y buceo (que no sean situaciones de emergencia).<\/p>\n\n\n\n<p>De lunes a viernes, de 8:30 a.m. a 5 p.m. (hora del este)<\/p>\n\n\n\n<p>+1 (919) 684-2948, opci\u00f3n 4<\/p>\n\n\n\n<p>En l\u00ednea: <a href=\"https:\/\/apps.dan.org\/ask-a-medic\">Consulte a un m\u00e9dico<\/a><\/p>\n\n\n\n<p>Recibir\u00e1 una respuesta en 24 a 48 horas.<\/p>\n<\/div>\n\n\n\n<div class=\"wp-block-column is-layout-flow wp-block-column-is-layout-flow\">\n<p style=\"font-size:21px\"><strong>Recursos de seguridad<\/strong><\/p>\n\n\n\n<p><a href=\"https:\/\/dan.org\/health-medicine\/medical-services\/physician-network\/\">Salud y medicina<\/a><\/p>\n\n\n\n<p><a href=\"https:\/\/world.dan.org\/es\/safety-prevention\/diver-safety\/\">Seguridad del buceador<\/a><\/p>\n\n\n\n<p><a href=\"https:\/\/world.dan.org\/es\/safety-prevention\/operation-safety\/\">Seguridad en las operaciones de buceo<\/a><\/p>\n\n\n\n<p><a href=\"https:\/\/dan.org\/health-medicine\/health-resources\/smart-guides\/\">Seguridad de las c\u00e1maras<\/a><\/p>\n<\/div>\n<\/div>","protected":false},"excerpt":{"rendered":"<p>DAN ofrece a los buceadores opciones asequibles para estar cubiertos en caso de un accidente o enfermedad de buceo con asistencia de evacuaci\u00f3n m\u00e9dica de emergencia, as\u00ed como cobertura para los costos de tratamiento luego de un accidente de buceo cubierto. Adem\u00e1s, sus cuotas respaldan las continuas investigaciones sobre seguridad en el buceo, el desarrollo de recursos de salud y seguridad en el buceo y asistencia m\u00e9dica de emergencia las 24 horas, los 7 d\u00edas de la semana para buceadores de todo el mundo. <\/p>","protected":false},"author":1,"featured_media":0,"parent":0,"menu_order":134,"comment_status":"closed","ping_status":"closed","template":"templates\/page-landing-2.php","meta":{"_acf_changed":false,"_ef_editorial_meta_date_first-draft-date":"","_ef_editorial_meta_paragraph_assignment":"","_ef_editorial_meta_checkbox_needs-photo":"","_ef_editorial_meta_number_word-count":"","footnotes":""},"class_list":["post-19","page","type-page","status-publish","hentry"],"acf":[],"yoast_head":"<!-- This site is optimized with the Yoast SEO Premium plugin v27.4 (Yoast SEO v27.4) - https:\/\/yoast.com\/product\/yoast-seo-premium-wordpress\/ -->\n<title>Membership &amp; Coverage - DAN World<\/title>\n<meta name=\"robots\" content=\"index, follow, max-snippet:-1, max-image-preview:large, max-video-preview:-1\" \/>\n<link rel=\"canonical\" href=\"https:\/\/world.dan.org\/es\/membership-coverage\/\" \/>\n<meta property=\"og:locale\" content=\"es_MX\" \/>\n<meta property=\"og:type\" content=\"article\" \/>\n<meta property=\"og:title\" content=\"Membership &amp; Coverage\" \/>\n<meta property=\"og:description\" content=\"DAN offers divers affordable options to be covered in the event of a diving accident\/illness with emergency medical evacuation assistance as well as coverage for treatment costs following a covered diving accident. In addition, your dues support ongoing dive safety research, the development of diving health and safety resources and 24\/7 emergency medical assistance for scuba divers across the world.\" \/>\n<meta property=\"og:url\" content=\"https:\/\/world.dan.org\/es\/membership-coverage\/\" \/>\n<meta property=\"og:site_name\" content=\"DAN World\" \/>\n<meta property=\"article:modified_time\" content=\"2025-02-25T21:32:01+00:00\" \/>\n<meta name=\"twitter:card\" content=\"summary_large_image\" \/>\n<meta name=\"twitter:label1\" content=\"Est. reading time\" \/>\n\t<meta name=\"twitter:data1\" content=\"1 minute\" \/>\n<script type=\"application\/ld+json\" class=\"yoast-schema-graph\">{\"@context\":\"https:\\\/\\\/schema.org\",\"@graph\":[{\"@type\":\"WebPage\",\"@id\":\"https:\\\/\\\/world.dan.org\\\/membership-coverage\\\/\",\"url\":\"https:\\\/\\\/world.dan.org\\\/membership-coverage\\\/\",\"name\":\"Membership & Coverage - DAN World\",\"isPartOf\":{\"@id\":\"https:\\\/\\\/world.dan.org\\\/es\\\/#website\"},\"datePublished\":\"2020-03-27T21:48:44+00:00\",\"dateModified\":\"2025-02-25T21:32:01+00:00\",\"breadcrumb\":{\"@id\":\"https:\\\/\\\/world.dan.org\\\/membership-coverage\\\/#breadcrumb\"},\"inLanguage\":\"es-MX\",\"potentialAction\":[{\"@type\":\"ReadAction\",\"target\":[\"https:\\\/\\\/world.dan.org\\\/membership-coverage\\\/\"]}]},{\"@type\":\"BreadcrumbList\",\"@id\":\"https:\\\/\\\/world.dan.org\\\/membership-coverage\\\/#breadcrumb\",\"itemListElement\":[{\"@type\":\"ListItem\",\"position\":1,\"name\":\"Home\",\"item\":\"https:\\\/\\\/world.dan.org\\\/\"},{\"@type\":\"ListItem\",\"position\":2,\"name\":\"Membership &#038; Coverage\"}]},{\"@type\":\"WebSite\",\"@id\":\"https:\\\/\\\/world.dan.org\\\/es\\\/#website\",\"url\":\"https:\\\/\\\/world.dan.org\\\/es\\\/\",\"name\":\"DAN World\",\"description\":\"\",\"publisher\":{\"@id\":\"https:\\\/\\\/world.dan.org\\\/es\\\/#organization\"},\"potentialAction\":[{\"@type\":\"SearchAction\",\"target\":{\"@type\":\"EntryPoint\",\"urlTemplate\":\"https:\\\/\\\/world.dan.org\\\/es\\\/?s={search_term_string}\"},\"query-input\":{\"@type\":\"PropertyValueSpecification\",\"valueRequired\":true,\"valueName\":\"search_term_string\"}}],\"inLanguage\":\"es-MX\"},{\"@type\":\"Organization\",\"@id\":\"https:\\\/\\\/world.dan.org\\\/es\\\/#organization\",\"name\":\"DAN World\",\"url\":\"https:\\\/\\\/world.dan.org\\\/es\\\/\",\"logo\":{\"@type\":\"ImageObject\",\"inLanguage\":\"es-MX\",\"@id\":\"https:\\\/\\\/world.dan.org\\\/es\\\/#\\\/schema\\\/logo\\\/image\\\/\",\"url\":\"https:\\\/\\\/world.dan.org\\\/wp-content\\\/uploads\\\/2022\\\/04\\\/DAN-World-logo-sm-52px.svg\",\"contentUrl\":\"https:\\\/\\\/world.dan.org\\\/wp-content\\\/uploads\\\/2022\\\/04\\\/DAN-World-logo-sm-52px.svg\",\"width\":175,\"height\":52,\"caption\":\"DAN World\"},\"image\":{\"@id\":\"https:\\\/\\\/world.dan.org\\\/es\\\/#\\\/schema\\\/logo\\\/image\\\/\"}}]}<\/script>\n<!-- \/ Yoast SEO Premium plugin. -->","yoast_head_json":{"title":"Afiliaci\u00f3n y cobertura - DAN World","robots":{"index":"index","follow":"follow","max-snippet":"max-snippet:-1","max-image-preview":"max-image-preview:large","max-video-preview":"max-video-preview:-1"},"canonical":"https:\/\/world.dan.org\/es\/membership-coverage\/","og_locale":"es_MX","og_type":"article","og_title":"Membership & Coverage","og_description":"DAN offers divers affordable options to be covered in the event of a diving accident\/illness with emergency medical evacuation assistance as well as coverage for treatment costs following a covered diving accident. In addition, your dues support ongoing dive safety research, the development of diving health and safety resources and 24\/7 emergency medical assistance for scuba divers across the world.","og_url":"https:\/\/world.dan.org\/es\/membership-coverage\/","og_site_name":"DAN World","article_modified_time":"2025-02-25T21:32:01+00:00","twitter_card":"summary_large_image","twitter_misc":{"Est. reading time":"1 minute"},"schema":{"@context":"https:\/\/schema.org","@graph":[{"@type":"WebPage","@id":"https:\/\/world.dan.org\/membership-coverage\/","url":"https:\/\/world.dan.org\/membership-coverage\/","name":"Afiliaci\u00f3n y cobertura - DAN World","isPartOf":{"@id":"https:\/\/world.dan.org\/es\/#website"},"datePublished":"2020-03-27T21:48:44+00:00","dateModified":"2025-02-25T21:32:01+00:00","breadcrumb":{"@id":"https:\/\/world.dan.org\/membership-coverage\/#breadcrumb"},"inLanguage":"es-MX","potentialAction":[{"@type":"ReadAction","target":["https:\/\/world.dan.org\/membership-coverage\/"]}]},{"@type":"BreadcrumbList","@id":"https:\/\/world.dan.org\/membership-coverage\/#breadcrumb","itemListElement":[{"@type":"ListItem","position":1,"name":"Home","item":"https:\/\/world.dan.org\/"},{"@type":"ListItem","position":2,"name":"Membership &#038; Coverage"}]},{"@type":"WebSite","@id":"https:\/\/world.dan.org\/es\/#website","url":"https:\/\/world.dan.org\/es\/","name":"DAN World","description":"","publisher":{"@id":"https:\/\/world.dan.org\/es\/#organization"},"potentialAction":[{"@type":"SearchAction","target":{"@type":"EntryPoint","urlTemplate":"https:\/\/world.dan.org\/es\/?s={search_term_string}"},"query-input":{"@type":"PropertyValueSpecification","valueRequired":true,"valueName":"search_term_string"}}],"inLanguage":"es-MX"},{"@type":"Organization","@id":"https:\/\/world.dan.org\/es\/#organization","name":"DAN World","url":"https:\/\/world.dan.org\/es\/","logo":{"@type":"ImageObject","inLanguage":"es-MX","@id":"https:\/\/world.dan.org\/es\/#\/schema\/logo\/image\/","url":"https:\/\/world.dan.org\/wp-content\/uploads\/2022\/04\/DAN-World-logo-sm-52px.svg","contentUrl":"https:\/\/world.dan.org\/wp-content\/uploads\/2022\/04\/DAN-World-logo-sm-52px.svg","width":175,"height":52,"caption":"DAN World"},"image":{"@id":"https:\/\/world.dan.org\/es\/#\/schema\/logo\/image\/"}}]}},"_links":{"self":[{"href":"https:\/\/world.dan.org\/es\/wp-json\/wp\/v2\/pages\/19","targetHints":{"allow":["GET"]}}],"collection":[{"href":"https:\/\/world.dan.org\/es\/wp-json\/wp\/v2\/pages"}],"about":[{"href":"https:\/\/world.dan.org\/es\/wp-json\/wp\/v2\/types\/page"}],"author":[{"embeddable":true,"href":"https:\/\/world.dan.org\/es\/wp-json\/wp\/v2\/users\/1"}],"replies":[{"embeddable":true,"href":"https:\/\/world.dan.org\/es\/wp-json\/wp\/v2\/comments?post=19"}],"version-history":[{"count":1,"href":"https:\/\/world.dan.org\/es\/wp-json\/wp\/v2\/pages\/19\/revisions"}],"predecessor-version":[{"id":35212,"href":"https:\/\/world.dan.org\/es\/wp-json\/wp\/v2\/pages\/19\/revisions\/35212"}],"wp:attachment":[{"href":"https:\/\/world.dan.org\/es\/wp-json\/wp\/v2\/media?parent=19"}],"curies":[{"name":"wp","href":"https:\/\/api.w.org\/{rel}","templated":true}]}}