{"id":19908,"date":"2022-02-08T15:25:50","date_gmt":"2022-02-08T20:25:50","guid":{"rendered":"https:\/\/wordpress.world.dan.org\/?page_id=19908"},"modified":"2023-08-09T16:11:55","modified_gmt":"2023-08-09T20:11:55","slug":"dan-safety-tips-for-dive-operators-guide","status":"publish","type":"page","link":"https:\/\/world.dan.org\/es\/safety-prevention\/dan-safety-tips-for-dive-operators-guide\/","title":{"rendered":"Consejos de seguridad de DAN para Operadores de buceo"},"content":{"rendered":"<div style=\"height:50px\" aria-hidden=\"true\" class=\"wp-block-spacer\"><\/div>\n\n\n\n<h1 class=\"wp-block-heading\" id=\"h-dan-safety-tips-for-dive-operators-guide\">Consejos de seguridad de DAN para Operadores de buceo<\/h1>\n\n\n\n<p>DAN cre\u00f3 este manual para ayudar a operadores de buceo y buzos profesionales a comprender mejor los riesgos propios de sus actividades. En el manual se describen las normas de seguridad m\u00ednimas para diversos aspectos de las actividades de buceo. Asimismo, proporciona una base para perfeccionar protocolos de seguridad, ya que ofrece a los oficiales de seguridad en el buceo y otros buzos profesionales un enfoque probado para evaluar la seguridad de un operador de buceo y modificar pr\u00e1cticas con el objeto de evitar incidentes y limitar la responsabilidad.&nbsp;<\/p>\n\n\n\n<p>Todos los consejos de seguridad incluidos en este manual se han obtenido de la&nbsp;<em><strong>Gu\u00eda de evaluaci\u00f3n de riesgos para operadores de buceo y profesionales del buceo de DAN<\/strong><\/em>una gu\u00eda completa sobre los riesgos singulares e inesperados presentes en las actividades de buceo.&nbsp;<\/p>\n\n\n\n<div style=\"height:30px\" aria-hidden=\"true\" class=\"wp-block-spacer\"><\/div>\n\n\n\n<div style=\"position:relative;padding-top:max(60%,326px);height:0;width:100%\"><iframe allow=\"clipboard-write\" sandbox=\"allow-top-navigation allow-top-navigation-by-user-activation allow-downloads allow-scripts allow-same-origin allow-popups allow-modals allow-popups-to-escape-sandbox allow-forms\" allowfullscreen=\"true\" style=\"position:absolute;border:none;width:100%;height:100%;left:0;right:0;top:0;bottom:0;\" src=\"https:\/\/e.issuu.com\/embed.html?d=safety_tips_for_dive_operators&#038;u=divers-alert-network\"><\/iframe><\/div>\n\n\n\n<div style=\"height:75px\" aria-hidden=\"true\" class=\"wp-block-spacer\"><\/div>\n\n\n\n<div class=\"wp-block-columns is-layout-flex wp-container-core-columns-is-layout-9d6595d7 wp-block-columns-is-layout-flex\">\n<div class=\"wp-block-column is-layout-flow wp-block-column-is-layout-flow\" style=\"flex-basis:60%\">\n<h2 class=\"wp-block-heading\" id=\"h-dan-safety-tips-for-dive-operators-in-spanish\"><span style=\"color: #111111;\" class=\"stk-highlight\">Consejos de seguridad de DAN para Operadores de buceo en espa\u00f1ol<\/span><\/h2>\n\n\n\n<p>Haga clic aqu\u00ed para descargar los <a href=\"https:\/\/world.dan.org\/wp-content\/uploads\/2022\/02\/Safety-Tips-book_ES3.pdf\">Consejos de seguridad de DAN para Operadores de buceo<\/a>. <\/p>\n<\/div>\n\n\n\n<div class=\"wp-block-column is-layout-flow wp-block-column-is-layout-flow\" style=\"flex-basis:5%\"><\/div>\n\n\n\n<div class=\"wp-block-column is-layout-flow wp-block-column-is-layout-flow\" style=\"flex-basis:34%\">\n<p class=\"has-medium-font-size\"><strong>Explore por cap\u00edtulo&nbsp;<\/strong><\/p>\n\n\n\n<p class=\"has-normal-font-size\"><em>(mejorado para tel\u00e9fono\/tablet)<\/em><\/p>\n\n\n\n<p><strong>Introducci\u00f3n<\/strong>:\u00a0<a href=\"https:\/\/issuu.com\/articles\/29571181\" data-type=\"URL\" data-id=\"https:\/\/issuu.com\/divers-alert-network\/docs\/dan_safety_tips_for_dive_operations\/s\/14969846\">Consejos de Seguridad para operadores de buceo DAN<\/a><\/p>\n\n\n\n<p><strong>Cap\u00edtulo 1<\/strong>:\u00a0<a href=\"https:\/\/nam02.safelinks.protection.outlook.com\/?url=https%3A%2F%2Fissuu.com%2Farticles%2F29571343&amp;data=05%7C01%7Cbbrownell%40dan.org%7Cf986b6d1ae9a4e90110c08db99040259%7Cfde50df39d40415c82ee2f2f19f95036%7C0%7C0%7C638272014742071147%7CUnknown%7CTWFpbGZsb3d8eyJWIjoiMC4wLjAwMDAiLCJQIjoiV2luMzIiLCJBTiI6Ik1haWwiLCJXVCI6Mn0%3D%7C3000%7C%7C%7C&amp;sdata=PidS%2BaqDelk3yS4a%2FU5PpzskmhTamv0olCmg4gFjY1Q%3D&amp;reserved=0\" data-type=\"URL\" data-id=\"https:\/\/issuu.com\/divers-alert-network\/docs\/dan_safety_tips_for_dive_operations\/s\/14969910\">Seguridad general: Clientes<\/a><\/p>\n\n\n\n<p><strong>Cap\u00edtulo 2<\/strong>\u00a0<a href=\"https:\/\/issuu.com\/articles\/29572328\" data-type=\"URL\" data-id=\"https:\/\/issuu.com\/divers-alert-network\/docs\/dan_safety_tips_for_dive_operations\/s\/14970191\">Seguridad en las operaciones de buceo<\/a><\/p>\n\n\n\n<p><strong>Cap\u00edtulo 3<\/strong>\u00a0<a href=\"https:\/\/issuu.com\/articles\/29576885\" data-type=\"URL\" data-id=\"https:\/\/issuu.com\/divers-alert-network\/docs\/dan_safety_tips_for_dive_operations\/s\/14970520\">Capacitacion y equipo de buceo<\/a><\/p>\n\n\n\n<p><strong>Cap\u00edtulo 4<\/strong>\u00a0<a href=\"https:\/\/issuu.com\/articles\/29578840\" data-type=\"URL\" data-id=\"https:\/\/issuu.com\/divers-alert-network\/docs\/dan_safety_tips_for_dive_operations\/s\/14971164\">Operadores de buceo<\/a><\/p>\n\n\n\n<p><strong>Cap\u00edtulo 5<\/strong>\u00a0<a href=\"https:\/\/issuu.com\/articles\/29580296\">Planificacion para emergencias<\/a><\/p>\n<\/div>\n<\/div>\n\n\n\n<div style=\"height:30px\" aria-hidden=\"true\" class=\"wp-block-spacer\"><\/div>\n\n\n\n<hr class=\"wp-block-separator has-text-color has-dan-light-gray-color has-css-opacity has-dan-light-gray-background-color has-background\"\/>\n\n\n\n<div style=\"height:30px\" aria-hidden=\"true\" class=\"wp-block-spacer\"><\/div>\n\n\n\n<h2 class=\"wp-block-heading\" id=\"h-make-your-dive-operation-safer\"><strong><span style=\"color: #111111;\" class=\"stk-highlight\">Haga que su operaci\u00f3n de buceo sea m\u00e1s segura<\/span><\/strong><\/h2>\n\n\n\n<p>Para obtener m\u00e1s informaci\u00f3n sobre c\u00f3mo puede hacer que su operaci\u00f3n de buceo sea m\u00e1s segura, comun\u00edquese con un especialista en mitigaci\u00f3n de riesgos de DAN en&nbsp;<strong><a href=\"mailto:riskmitigation@dan.org\">RiskMitigation@DAN.org<\/a><\/strong><\/p>","protected":false},"excerpt":{"rendered":"<p>DAN ha creado esta gu\u00eda para ayudar a los operadores y profesionales del buceo a comprender mejor los riesgos inherentes a sus operaciones.<\/p>","protected":false},"author":14,"featured_media":19924,"parent":23,"menu_order":32,"comment_status":"closed","ping_status":"closed","template":"templates\/page-landing-2a.php","meta":{"_acf_changed":false,"_ef_editorial_meta_date_first-draft-date":"","_ef_editorial_meta_paragraph_assignment":"","_ef_editorial_meta_checkbox_needs-photo":"","_ef_editorial_meta_number_word-count":"","footnotes":""},"class_list":["post-19908","page","type-page","status-publish","has-post-thumbnail","hentry"],"acf":[],"yoast_head":"<!-- This site is optimized with the Yoast SEO Premium plugin v27.4 (Yoast SEO v27.4) - https:\/\/yoast.com\/product\/yoast-seo-premium-wordpress\/ -->\n<title>DAN Safety Tips For Dive Operators Guide - DAN World<\/title>\n<meta name=\"description\" content=\"DAN created this guide to help dive operators and professionals gain a better understanding of the risks inherent to their operations.\" \/>\n<meta name=\"robots\" content=\"index, follow, max-snippet:-1, max-image-preview:large, max-video-preview:-1\" \/>\n<link rel=\"canonical\" href=\"https:\/\/world.dan.org\/es\/safety-prevention\/dan-safety-tips-for-dive-operators-guide\/\" \/>\n<meta property=\"og:locale\" content=\"es_MX\" \/>\n<meta property=\"og:type\" content=\"article\" \/>\n<meta property=\"og:title\" content=\"Safety tips for dive operators\" \/>\n<meta property=\"og:description\" content=\"DAN created this guide to help dive operators and professionals gain a better understanding of the risks inherent to their operations.\" \/>\n<meta property=\"og:url\" content=\"https:\/\/world.dan.org\/es\/safety-prevention\/dan-safety-tips-for-dive-operators-guide\/\" \/>\n<meta property=\"og:site_name\" content=\"DAN World\" \/>\n<meta property=\"article:modified_time\" content=\"2023-08-09T20:11:55+00:00\" \/>\n<meta property=\"og:image\" content=\"https:\/\/world.dan.org\/wp-content\/uploads\/2022\/02\/dema-new-products-page-safety-tips.jpg\" \/>\n\t<meta property=\"og:image:width\" content=\"800\" \/>\n\t<meta property=\"og:image:height\" content=\"600\" \/>\n\t<meta property=\"og:image:type\" content=\"image\/jpeg\" \/>\n<meta name=\"twitter:card\" content=\"summary_large_image\" \/>\n<meta name=\"twitter:title\" content=\"Safety tips for dive operators\" \/>\n<meta name=\"twitter:description\" content=\"DAN created this guide to help dive operators and professionals gain a better understanding of the risks inherent to their operations.\" \/>\n<meta name=\"twitter:image\" content=\"https:\/\/world.dan.org\/wp-content\/uploads\/2022\/02\/dema-new-products-page-safety-tips.jpg\" \/>\n<meta name=\"twitter:label1\" content=\"Est. reading time\" \/>\n\t<meta name=\"twitter:data1\" content=\"1 minute\" \/>\n<script type=\"application\/ld+json\" class=\"yoast-schema-graph\">{\"@context\":\"https:\\\/\\\/schema.org\",\"@graph\":[{\"@type\":\"TechArticle\",\"@id\":\"https:\\\/\\\/world.dan.org\\\/safety-prevention\\\/dan-safety-tips-for-dive-operators-guide\\\/#article\",\"isPartOf\":{\"@id\":\"https:\\\/\\\/world.dan.org\\\/safety-prevention\\\/dan-safety-tips-for-dive-operators-guide\\\/\"},\"author\":{\"name\":\"Brandon Brownell\",\"@id\":\"https:\\\/\\\/world.dan.org\\\/es\\\/#\\\/schema\\\/person\\\/a397c489ba6c363b7c4938423a20ccd2\"},\"headline\":\"DAN Safety Tips For Dive Operators Guide\",\"datePublished\":\"2022-02-08T20:25:50+00:00\",\"dateModified\":\"2023-08-09T20:11:55+00:00\",\"mainEntityOfPage\":{\"@id\":\"https:\\\/\\\/world.dan.org\\\/safety-prevention\\\/dan-safety-tips-for-dive-operators-guide\\\/\"},\"wordCount\":197,\"publisher\":{\"@id\":\"https:\\\/\\\/world.dan.org\\\/es\\\/#organization\"},\"image\":{\"@id\":\"https:\\\/\\\/world.dan.org\\\/safety-prevention\\\/dan-safety-tips-for-dive-operators-guide\\\/#primaryimage\"},\"thumbnailUrl\":\"https:\\\/\\\/world.dan.org\\\/wp-content\\\/uploads\\\/2022\\\/02\\\/dema-new-products-page-safety-tips.jpg\",\"inLanguage\":\"es-MX\"},{\"@type\":\"WebPage\",\"@id\":\"https:\\\/\\\/world.dan.org\\\/safety-prevention\\\/dan-safety-tips-for-dive-operators-guide\\\/\",\"url\":\"https:\\\/\\\/world.dan.org\\\/safety-prevention\\\/dan-safety-tips-for-dive-operators-guide\\\/\",\"name\":\"DAN Safety Tips For Dive Operators Guide - DAN World\",\"isPartOf\":{\"@id\":\"https:\\\/\\\/world.dan.org\\\/es\\\/#website\"},\"primaryImageOfPage\":{\"@id\":\"https:\\\/\\\/world.dan.org\\\/safety-prevention\\\/dan-safety-tips-for-dive-operators-guide\\\/#primaryimage\"},\"image\":{\"@id\":\"https:\\\/\\\/world.dan.org\\\/safety-prevention\\\/dan-safety-tips-for-dive-operators-guide\\\/#primaryimage\"},\"thumbnailUrl\":\"https:\\\/\\\/world.dan.org\\\/wp-content\\\/uploads\\\/2022\\\/02\\\/dema-new-products-page-safety-tips.jpg\",\"datePublished\":\"2022-02-08T20:25:50+00:00\",\"dateModified\":\"2023-08-09T20:11:55+00:00\",\"description\":\"DAN created this guide to help dive operators and professionals gain a better understanding of the risks inherent to their operations.\",\"breadcrumb\":{\"@id\":\"https:\\\/\\\/world.dan.org\\\/safety-prevention\\\/dan-safety-tips-for-dive-operators-guide\\\/#breadcrumb\"},\"inLanguage\":\"es-MX\",\"potentialAction\":[{\"@type\":\"ReadAction\",\"target\":[\"https:\\\/\\\/world.dan.org\\\/safety-prevention\\\/dan-safety-tips-for-dive-operators-guide\\\/\"]}]},{\"@type\":\"ImageObject\",\"inLanguage\":\"es-MX\",\"@id\":\"https:\\\/\\\/world.dan.org\\\/safety-prevention\\\/dan-safety-tips-for-dive-operators-guide\\\/#primaryimage\",\"url\":\"https:\\\/\\\/world.dan.org\\\/wp-content\\\/uploads\\\/2022\\\/02\\\/dema-new-products-page-safety-tips.jpg\",\"contentUrl\":\"https:\\\/\\\/world.dan.org\\\/wp-content\\\/uploads\\\/2022\\\/02\\\/dema-new-products-page-safety-tips.jpg\",\"width\":800,\"height\":600},{\"@type\":\"BreadcrumbList\",\"@id\":\"https:\\\/\\\/world.dan.org\\\/safety-prevention\\\/dan-safety-tips-for-dive-operators-guide\\\/#breadcrumb\",\"itemListElement\":[{\"@type\":\"ListItem\",\"position\":1,\"name\":\"Home\",\"item\":\"https:\\\/\\\/world.dan.org\\\/\"},{\"@type\":\"ListItem\",\"position\":2,\"name\":\"Safety &#038; Prevention\",\"item\":\"https:\\\/\\\/world.dan.org\\\/safety-prevention\\\/\"},{\"@type\":\"ListItem\",\"position\":3,\"name\":\"DAN Safety Tips For Dive Operators Guide\"}]},{\"@type\":\"WebSite\",\"@id\":\"https:\\\/\\\/world.dan.org\\\/es\\\/#website\",\"url\":\"https:\\\/\\\/world.dan.org\\\/es\\\/\",\"name\":\"DAN World\",\"description\":\"\",\"publisher\":{\"@id\":\"https:\\\/\\\/world.dan.org\\\/es\\\/#organization\"},\"potentialAction\":[{\"@type\":\"SearchAction\",\"target\":{\"@type\":\"EntryPoint\",\"urlTemplate\":\"https:\\\/\\\/world.dan.org\\\/es\\\/?s={search_term_string}\"},\"query-input\":{\"@type\":\"PropertyValueSpecification\",\"valueRequired\":true,\"valueName\":\"search_term_string\"}}],\"inLanguage\":\"es-MX\"},{\"@type\":\"Organization\",\"@id\":\"https:\\\/\\\/world.dan.org\\\/es\\\/#organization\",\"name\":\"DAN World\",\"url\":\"https:\\\/\\\/world.dan.org\\\/es\\\/\",\"logo\":{\"@type\":\"ImageObject\",\"inLanguage\":\"es-MX\",\"@id\":\"https:\\\/\\\/world.dan.org\\\/es\\\/#\\\/schema\\\/logo\\\/image\\\/\",\"url\":\"https:\\\/\\\/world.dan.org\\\/wp-content\\\/uploads\\\/2022\\\/04\\\/DAN-World-logo-sm-52px.svg\",\"contentUrl\":\"https:\\\/\\\/world.dan.org\\\/wp-content\\\/uploads\\\/2022\\\/04\\\/DAN-World-logo-sm-52px.svg\",\"width\":175,\"height\":52,\"caption\":\"DAN World\"},\"image\":{\"@id\":\"https:\\\/\\\/world.dan.org\\\/es\\\/#\\\/schema\\\/logo\\\/image\\\/\"}},{\"@type\":\"Person\",\"@id\":\"https:\\\/\\\/world.dan.org\\\/es\\\/#\\\/schema\\\/person\\\/a397c489ba6c363b7c4938423a20ccd2\",\"name\":\"Brandon Brownell\",\"url\":\"https:\\\/\\\/world.dan.org\\\/es\\\/author\\\/bbrownell\\\/\"}]}<\/script>\n<!-- \/ Yoast SEO Premium plugin. -->","yoast_head_json":{"title":"Gu\u00eda DAN de consejos de seguridad para operadores de buceo - DAN World","description":"DAN ha creado esta gu\u00eda para ayudar a los operadores y profesionales del buceo a comprender mejor los riesgos inherentes a sus operaciones.","robots":{"index":"index","follow":"follow","max-snippet":"max-snippet:-1","max-image-preview":"max-image-preview:large","max-video-preview":"max-video-preview:-1"},"canonical":"https:\/\/world.dan.org\/es\/safety-prevention\/dan-safety-tips-for-dive-operators-guide\/","og_locale":"es_MX","og_type":"article","og_title":"Safety tips for dive operators","og_description":"DAN created this guide to help dive operators and professionals gain a better understanding of the risks inherent to their operations.","og_url":"https:\/\/world.dan.org\/es\/safety-prevention\/dan-safety-tips-for-dive-operators-guide\/","og_site_name":"DAN World","article_modified_time":"2023-08-09T20:11:55+00:00","og_image":[{"width":800,"height":600,"url":"https:\/\/world.dan.org\/wp-content\/uploads\/2022\/02\/dema-new-products-page-safety-tips.jpg","type":"image\/jpeg"}],"twitter_card":"summary_large_image","twitter_title":"Safety tips for dive operators","twitter_description":"DAN created this guide to help dive operators and professionals gain a better understanding of the risks inherent to their operations.","twitter_image":"https:\/\/world.dan.org\/wp-content\/uploads\/2022\/02\/dema-new-products-page-safety-tips.jpg","twitter_misc":{"Est. reading time":"1 minute"},"schema":{"@context":"https:\/\/schema.org","@graph":[{"@type":"TechArticle","@id":"https:\/\/world.dan.org\/safety-prevention\/dan-safety-tips-for-dive-operators-guide\/#article","isPartOf":{"@id":"https:\/\/world.dan.org\/safety-prevention\/dan-safety-tips-for-dive-operators-guide\/"},"author":{"name":"Brandon Brownell","@id":"https:\/\/world.dan.org\/es\/#\/schema\/person\/a397c489ba6c363b7c4938423a20ccd2"},"headline":"DAN Safety Tips For Dive Operators Guide","datePublished":"2022-02-08T20:25:50+00:00","dateModified":"2023-08-09T20:11:55+00:00","mainEntityOfPage":{"@id":"https:\/\/world.dan.org\/safety-prevention\/dan-safety-tips-for-dive-operators-guide\/"},"wordCount":197,"publisher":{"@id":"https:\/\/world.dan.org\/es\/#organization"},"image":{"@id":"https:\/\/world.dan.org\/safety-prevention\/dan-safety-tips-for-dive-operators-guide\/#primaryimage"},"thumbnailUrl":"https:\/\/world.dan.org\/wp-content\/uploads\/2022\/02\/dema-new-products-page-safety-tips.jpg","inLanguage":"es-MX"},{"@type":"WebPage","@id":"https:\/\/world.dan.org\/safety-prevention\/dan-safety-tips-for-dive-operators-guide\/","url":"https:\/\/world.dan.org\/safety-prevention\/dan-safety-tips-for-dive-operators-guide\/","name":"Gu\u00eda DAN de consejos de seguridad para operadores de buceo - DAN World","isPartOf":{"@id":"https:\/\/world.dan.org\/es\/#website"},"primaryImageOfPage":{"@id":"https:\/\/world.dan.org\/safety-prevention\/dan-safety-tips-for-dive-operators-guide\/#primaryimage"},"image":{"@id":"https:\/\/world.dan.org\/safety-prevention\/dan-safety-tips-for-dive-operators-guide\/#primaryimage"},"thumbnailUrl":"https:\/\/world.dan.org\/wp-content\/uploads\/2022\/02\/dema-new-products-page-safety-tips.jpg","datePublished":"2022-02-08T20:25:50+00:00","dateModified":"2023-08-09T20:11:55+00:00","description":"DAN ha creado esta gu\u00eda para ayudar a los operadores y profesionales del buceo a comprender mejor los riesgos inherentes a sus operaciones.","breadcrumb":{"@id":"https:\/\/world.dan.org\/safety-prevention\/dan-safety-tips-for-dive-operators-guide\/#breadcrumb"},"inLanguage":"es-MX","potentialAction":[{"@type":"ReadAction","target":["https:\/\/world.dan.org\/safety-prevention\/dan-safety-tips-for-dive-operators-guide\/"]}]},{"@type":"ImageObject","inLanguage":"es-MX","@id":"https:\/\/world.dan.org\/safety-prevention\/dan-safety-tips-for-dive-operators-guide\/#primaryimage","url":"https:\/\/world.dan.org\/wp-content\/uploads\/2022\/02\/dema-new-products-page-safety-tips.jpg","contentUrl":"https:\/\/world.dan.org\/wp-content\/uploads\/2022\/02\/dema-new-products-page-safety-tips.jpg","width":800,"height":600},{"@type":"BreadcrumbList","@id":"https:\/\/world.dan.org\/safety-prevention\/dan-safety-tips-for-dive-operators-guide\/#breadcrumb","itemListElement":[{"@type":"ListItem","position":1,"name":"Home","item":"https:\/\/world.dan.org\/"},{"@type":"ListItem","position":2,"name":"Safety &#038; Prevention","item":"https:\/\/world.dan.org\/safety-prevention\/"},{"@type":"ListItem","position":3,"name":"DAN Safety Tips For Dive Operators Guide"}]},{"@type":"WebSite","@id":"https:\/\/world.dan.org\/es\/#website","url":"https:\/\/world.dan.org\/es\/","name":"DAN World","description":"","publisher":{"@id":"https:\/\/world.dan.org\/es\/#organization"},"potentialAction":[{"@type":"SearchAction","target":{"@type":"EntryPoint","urlTemplate":"https:\/\/world.dan.org\/es\/?s={search_term_string}"},"query-input":{"@type":"PropertyValueSpecification","valueRequired":true,"valueName":"search_term_string"}}],"inLanguage":"es-MX"},{"@type":"Organization","@id":"https:\/\/world.dan.org\/es\/#organization","name":"DAN World","url":"https:\/\/world.dan.org\/es\/","logo":{"@type":"ImageObject","inLanguage":"es-MX","@id":"https:\/\/world.dan.org\/es\/#\/schema\/logo\/image\/","url":"https:\/\/world.dan.org\/wp-content\/uploads\/2022\/04\/DAN-World-logo-sm-52px.svg","contentUrl":"https:\/\/world.dan.org\/wp-content\/uploads\/2022\/04\/DAN-World-logo-sm-52px.svg","width":175,"height":52,"caption":"DAN World"},"image":{"@id":"https:\/\/world.dan.org\/es\/#\/schema\/logo\/image\/"}},{"@type":"Person","@id":"https:\/\/world.dan.org\/es\/#\/schema\/person\/a397c489ba6c363b7c4938423a20ccd2","name":"Brandon Brownell","url":"https:\/\/world.dan.org\/es\/author\/bbrownell\/"}]}},"_links":{"self":[{"href":"https:\/\/world.dan.org\/es\/wp-json\/wp\/v2\/pages\/19908","targetHints":{"allow":["GET"]}}],"collection":[{"href":"https:\/\/world.dan.org\/es\/wp-json\/wp\/v2\/pages"}],"about":[{"href":"https:\/\/world.dan.org\/es\/wp-json\/wp\/v2\/types\/page"}],"author":[{"embeddable":true,"href":"https:\/\/world.dan.org\/es\/wp-json\/wp\/v2\/users\/14"}],"replies":[{"embeddable":true,"href":"https:\/\/world.dan.org\/es\/wp-json\/wp\/v2\/comments?post=19908"}],"version-history":[{"count":0,"href":"https:\/\/world.dan.org\/es\/wp-json\/wp\/v2\/pages\/19908\/revisions"}],"up":[{"embeddable":true,"href":"https:\/\/world.dan.org\/es\/wp-json\/wp\/v2\/pages\/23"}],"wp:featuredmedia":[{"embeddable":true,"href":"https:\/\/world.dan.org\/es\/wp-json\/wp\/v2\/media\/19924"}],"wp:attachment":[{"href":"https:\/\/world.dan.org\/es\/wp-json\/wp\/v2\/media?parent=19908"}],"curies":[{"name":"wp","href":"https:\/\/api.w.org\/{rel}","templated":true}]}}