{"id":2017,"date":"2020-07-10T12:40:22","date_gmt":"2020-07-10T16:40:22","guid":{"rendered":"http:\/\/wordpress.world.dan.org\/?page_id=2017"},"modified":"2026-03-30T16:08:41","modified_gmt":"2026-03-30T20:08:41","slug":"safety-assessments","status":"publish","type":"page","link":"https:\/\/world.dan.org\/es\/safety-prevention\/operation-safety\/safety-assessments\/","title":{"rendered":"Evaluaciones de la seguridad: profesionales del buceo"},"content":{"rendered":"<div style=\"height:50px\" aria-hidden=\"true\" class=\"wp-block-spacer\"><\/div>\n\n\n\n<p>El programa Identificaci\u00f3n de peligros y evaluaci\u00f3n de riesgos (Hazard Identification and Risk Assessment, HIRA) de DAN est\u00e1 dise\u00f1ado para ayudar a propietarios de empresas de buceo, operadores, personal y profesionales del buceo a identificar los peligros antes de que causen lesiones o p\u00e9rdidas. Se centra en evaluaciones realistas y pragm\u00e1ticas de riesgos que pueden generar situaciones de peligro y ofrece herramientas y recursos de autoevaluaci\u00f3n para la capacidad de percepci\u00f3n de cuestiones esenciales de seguridad y c\u00f3mo abordarlas.<\/p>\n\n\n\n<div style=\"height:30px\" aria-hidden=\"true\" class=\"wp-block-spacer\"><\/div>\n\n\n\n<h2 class=\"wp-block-heading has-dan-black-color has-text-color\" id=\"h-what-hira-can-do-for-you\">Qu\u00e9 puede hacer HIRA por usted<\/h2>\n\n\n\n<ul class=\"wp-block-list\">\n<li>Reducir las probabilidades de lesi\u00f3n de sus clientes y empleados.<\/li>\n\n\n\n<li> Minimizar la gravedad de los incidentes y el impacto en su negocio.<\/li>\n\n\n\n<li> Reducir los costos a largo plazo de las lesiones y la responsabilidad legal.<\/li>\n\n\n\n<li> Mejorar la capacitaci\u00f3n y la retenci\u00f3n del personal.<\/li>\n\n\n\n<li> Establecer y mantener una cultura de seguridad en su empresa y su comunidad.<\/li>\n<\/ul>\n\n\n\n<div style=\"height:30px\" aria-hidden=\"true\" class=\"wp-block-spacer\"><\/div>\n\n\n\n<div class=\"wp-block-buttons is-layout-flex wp-block-buttons-is-layout-flex\">\n<div class=\"wp-block-button\"><a class=\"wp-block-button__link has-dan-red-400-background-color has-background wp-element-button\" href=\"https:\/\/world.dan.org\/es\/safety-prevention\/operation-safety\/safety-assessments\/hazard-identification-and-risk-assessment-hira-faqs\/\" style=\"border-radius:4px\">Preguntas frecuentes sobre HIRA<\/a><\/div>\n<\/div>\n\n\n\n<div style=\"height:50px\" aria-hidden=\"true\" class=\"wp-block-spacer\"><\/div>\n\n\n\n<hr class=\"wp-block-separator has-text-color has-dan-light-gray-color has-css-opacity has-dan-light-gray-background-color has-background\"\/>\n\n\n\n<div style=\"height:30px\" aria-hidden=\"true\" class=\"wp-block-spacer\"><\/div>\n\n\n\n<h2 class=\"wp-block-heading has-dan-black-color has-text-color\" id=\"h-about-hira\">Acerca de HIRA<\/h2>\n\n\n\n<p>El nivel 1 de HIRA es una herramienta de autoevaluaci\u00f3n para operadores y profesionales del buceo que destaca los requisitos b\u00e1sicos para desarrollar su negocio de forma segura. Para alcanzar el nivel 1, usted y su personal deben contar con la capacitaci\u00f3n y el equipo b\u00e1sicos para tratar lesiones, as\u00ed como procedimientos y planes de acci\u00f3n para afrontar emergencias.<\/p>\n\n\n\n<p>Para alcanzar el nivel 2 de HIRA (con requisitos m\u00e1s exigentes que en el nivel 1), usted y su personal deben contar con una capacitaci\u00f3n m\u00e1s avanzada, e implementar una gama m\u00e1s amplia de procedimientos operativos est\u00e1ndar y de emergencia y la pr\u00e1ctica de simulacros y ejercicios de emergencia.<\/p>\n\n\n\n<p class=\"translation-block\">Las evaluaciones HIRA I y II est\u00e1n disponibles en l\u00ednea solo para los miembros profesionales y empresariales de DAN. Conozca m\u00e1s sobre las ventajas de la <a href=\"https:\/\/world.dan.org\/es\/professional-programs\/dive-professionals\/\" target=\"_self\">Membres\u00eda Profesional de DAN<\/a> o <a href=\"https:\/\/world.dan.org\/es\/professional-programs\/dive-businesses\/\" target=\"_self\">la Membres\u00eda Empresarial de DAN<\/a><\/p>\n\n\n\n<p class=\"translation-block\">La <a href=\"https:\/\/apps.dan.org\/publication-library?&amp;token=na\" target=\"_self\"><strong>Gu\u00eda de HIRA, 2\u00ba edici\u00f3n (2019)<\/strong><\/a>, (nivel 3 de HIRA) est\u00e1 disponible para que la descargue cualquier persona interesada en garantizar el m\u00e1ximo nivel de seguridad. Adem\u00e1s, DAN ofrece un servicio de asesor\u00eda en tiempo real que puede incluir evaluaciones en el lugar.<\/p>\n\n\n\n<p class=\"translation-block\">Para obtener m\u00e1s informaci\u00f3n, descargue el <a href=\"http:\/\/world.dan.org\/wp-content\/uploads\/2020\/08\/DAN-HIRA-Brochure.pdf\" target=\"_self\"><strong>Folleto informativo de HIRA<\/strong><\/a><\/p>\n\n\n\n<h4 class=\"wp-block-heading\" id=\"h-hira-level-i-for-dive-professionals\"><a href=\"https:\/\/dan.diverelearning.com\/?courseNo=468\">HIRA nivel I para Profesionales de buceo.<\/a><\/h4>\n\n\n\n<p>El curso de e-learning HIRA Nivel I para profesionales de buceo es una herramienta de autoevaluaci\u00f3n dise\u00f1ada para ayudar a los profesionales del buceo a cumplir con los requisitos b\u00e1sicos para realizar actividades de buceo de manera segura.<\/p>\n\n\n\n<h4 class=\"wp-block-heading\" id=\"h-hira-level-ii-for-dive-professionals\"><a href=\"https:\/\/dan.diverelearning.com\/?courseNo=469\">HIRA nivel II para Profesionales de buceo.<\/a><\/h4>\n\n\n\n<p>El curso de e-learning HIRA Nivel II para profesionales de buceo es una herramienta de autoevaluaci\u00f3n dise\u00f1ada para aprovechar los requisitos b\u00e1sicos de HIRA Nivel I.<\/p>\n\n\n\n<h4 class=\"wp-block-heading\" id=\"h-hira-level-i-for-dive-businesses\"><a href=\"https:\/\/dan.diverelearning.com\/?courseNo=466\">HIRA nivel I para Empresas de buceo.<\/a><\/h4>\n\n\n\n<p>El curso de e-learning HIRA Nivel I para empresas de buceo es una herramienta de autoevaluaci\u00f3n dise\u00f1ada para ayudar a los operadores de buceo a cumplir con los requisitos b\u00e1sicos para operar de manera segura un negocio de buceo.<\/p>\n\n\n\n<h4 class=\"wp-block-heading\" id=\"h-hira-level-ii-for-dive-businesses\"><a href=\"https:\/\/dan.diverelearning.com\/?courseNo=467\">HIRA nivel II para Empresas de buceo.<\/a><\/h4>\n\n\n\n<p>El curso de e-learning HIRA Nivel II para empresas de buceo es una herramienta de autoevaluaci\u00f3n dise\u00f1ada sobre la base de los requisitos b\u00e1sicos de HIRA Nivel I.<\/p>\n\n\n\n<div style=\"height:30px\" aria-hidden=\"true\" class=\"wp-block-spacer\"><\/div>\n\n\n\n<p><\/p>","protected":false},"excerpt":{"rendered":"<p>DAN\u2019s Hazard Identification and Risk Assessment (HIRA) program is designed to help owners, operators, staff and dive professionals identify hazards before they lead to injuries or losses. Focusing on realistic and pragmatic assessments of risks that could lead to serious outcomes, the program provides self-assessment tools and resources to increase awareness of essential safety issues and how to address them.<\/p>","protected":false},"author":1,"featured_media":17602,"parent":43,"menu_order":123,"comment_status":"closed","ping_status":"closed","template":"","meta":{"_acf_changed":false,"_ef_editorial_meta_date_first-draft-date":"","_ef_editorial_meta_paragraph_assignment":"","_ef_editorial_meta_checkbox_needs-photo":"","_ef_editorial_meta_number_word-count":"","footnotes":""},"class_list":["post-2017","page","type-page","status-publish","has-post-thumbnail","hentry"],"acf":[],"yoast_head":"<!-- This site is optimized with the Yoast SEO Premium plugin v27.0 (Yoast SEO v27.3) - https:\/\/yoast.com\/product\/yoast-seo-premium-wordpress\/ -->\n<title>Safety Assessments: Dive Professionals - DAN World<\/title>\n<meta name=\"description\" content=\"DAN\u2019s Hazard Identification and Risk Assessment (HIRA) program is designed to help owners, operators, staff and dive professionals identify hazards before they lead to injuries or losses.\" \/>\n<meta name=\"robots\" content=\"index, follow, max-snippet:-1, max-image-preview:large, max-video-preview:-1\" \/>\n<link rel=\"canonical\" href=\"https:\/\/world.dan.org\/es\/safety-prevention\/operation-safety\/safety-assessments\/\" \/>\n<meta property=\"og:locale\" content=\"es_MX\" \/>\n<meta property=\"og:type\" content=\"article\" \/>\n<meta property=\"og:title\" content=\"Safety Assessments: Dive Professionals\" \/>\n<meta property=\"og:description\" content=\"DAN\u2019s Hazard Identification and Risk Assessment (HIRA) program is designed to help owners, operators, staff and dive professionals identify hazards before they lead to injuries or losses.\" \/>\n<meta property=\"og:url\" content=\"https:\/\/world.dan.org\/es\/safety-prevention\/operation-safety\/safety-assessments\/\" \/>\n<meta property=\"og:site_name\" content=\"DAN World\" \/>\n<meta property=\"article:modified_time\" content=\"2026-03-30T20:08:41+00:00\" \/>\n<meta property=\"og:image\" content=\"https:\/\/world.dan.org\/wp-content\/uploads\/2021\/07\/safety-assestments-000020232941-1200x600-1.jpg\" \/>\n\t<meta property=\"og:image:width\" content=\"1200\" \/>\n\t<meta property=\"og:image:height\" content=\"600\" \/>\n\t<meta property=\"og:image:type\" content=\"image\/jpeg\" \/>\n<meta name=\"twitter:card\" content=\"summary_large_image\" \/>\n<meta name=\"twitter:title\" content=\"Safety Assessments: Dive Professionals\" \/>\n<meta name=\"twitter:description\" content=\"DAN\u2019s Hazard Identification and Risk Assessment (HIRA) program is designed to help owners, operators, staff and dive professionals identify hazards before they lead to injuries or losses.\" \/>\n<meta name=\"twitter:image\" content=\"https:\/\/world.dan.org\/wp-content\/uploads\/2021\/07\/safety-assestments-000020232941-1200x600-1.jpg\" \/>\n<meta name=\"twitter:label1\" content=\"Est. reading time\" \/>\n\t<meta name=\"twitter:data1\" content=\"2 minutes\" \/>\n<script type=\"application\/ld+json\" class=\"yoast-schema-graph\">{\"@context\":\"https:\\\/\\\/schema.org\",\"@graph\":[{\"@type\":\"WebPage\",\"@id\":\"https:\\\/\\\/world.dan.org\\\/safety-prevention\\\/operation-safety\\\/safety-assessments\\\/\",\"url\":\"https:\\\/\\\/world.dan.org\\\/safety-prevention\\\/operation-safety\\\/safety-assessments\\\/\",\"name\":\"Safety Assessments: Dive Professionals - DAN World\",\"isPartOf\":{\"@id\":\"https:\\\/\\\/world.dan.org\\\/es\\\/#website\"},\"primaryImageOfPage\":{\"@id\":\"https:\\\/\\\/world.dan.org\\\/safety-prevention\\\/operation-safety\\\/safety-assessments\\\/#primaryimage\"},\"image\":{\"@id\":\"https:\\\/\\\/world.dan.org\\\/safety-prevention\\\/operation-safety\\\/safety-assessments\\\/#primaryimage\"},\"thumbnailUrl\":\"https:\\\/\\\/world.dan.org\\\/wp-content\\\/uploads\\\/2021\\\/07\\\/safety-assestments-000020232941-1200x600-1.jpg\",\"datePublished\":\"2020-07-10T16:40:22+00:00\",\"dateModified\":\"2026-03-30T20:08:41+00:00\",\"description\":\"DAN\u2019s Hazard Identification and Risk Assessment (HIRA) program is designed to help owners, operators, staff and dive professionals identify hazards before they lead to injuries or losses.\",\"breadcrumb\":{\"@id\":\"https:\\\/\\\/world.dan.org\\\/safety-prevention\\\/operation-safety\\\/safety-assessments\\\/#breadcrumb\"},\"inLanguage\":\"es-MX\",\"potentialAction\":[{\"@type\":\"ReadAction\",\"target\":[\"https:\\\/\\\/world.dan.org\\\/safety-prevention\\\/operation-safety\\\/safety-assessments\\\/\"]}]},{\"@type\":\"ImageObject\",\"inLanguage\":\"es-MX\",\"@id\":\"https:\\\/\\\/world.dan.org\\\/safety-prevention\\\/operation-safety\\\/safety-assessments\\\/#primaryimage\",\"url\":\"https:\\\/\\\/world.dan.org\\\/wp-content\\\/uploads\\\/2021\\\/07\\\/safety-assestments-000020232941-1200x600-1.jpg\",\"contentUrl\":\"https:\\\/\\\/world.dan.org\\\/wp-content\\\/uploads\\\/2021\\\/07\\\/safety-assestments-000020232941-1200x600-1.jpg\",\"width\":1200,\"height\":600,\"caption\":\"Workshop with scuba tools to service scuba equipment.\"},{\"@type\":\"BreadcrumbList\",\"@id\":\"https:\\\/\\\/world.dan.org\\\/safety-prevention\\\/operation-safety\\\/safety-assessments\\\/#breadcrumb\",\"itemListElement\":[{\"@type\":\"ListItem\",\"position\":1,\"name\":\"Home\",\"item\":\"https:\\\/\\\/world.dan.org\\\/\"},{\"@type\":\"ListItem\",\"position\":2,\"name\":\"Safety &#038; Prevention\",\"item\":\"https:\\\/\\\/world.dan.org\\\/safety-prevention\\\/\"},{\"@type\":\"ListItem\",\"position\":3,\"name\":\"Dive Operation Safety\",\"item\":\"https:\\\/\\\/world.dan.org\\\/ko\\\/safety-prevention\\\/operation-safety\\\/\"},{\"@type\":\"ListItem\",\"position\":4,\"name\":\"Safety Assessments: Dive Professionals\"}]},{\"@type\":\"WebSite\",\"@id\":\"https:\\\/\\\/world.dan.org\\\/es\\\/#website\",\"url\":\"https:\\\/\\\/world.dan.org\\\/es\\\/\",\"name\":\"DAN World\",\"description\":\"\",\"publisher\":{\"@id\":\"https:\\\/\\\/world.dan.org\\\/es\\\/#organization\"},\"potentialAction\":[{\"@type\":\"SearchAction\",\"target\":{\"@type\":\"EntryPoint\",\"urlTemplate\":\"https:\\\/\\\/world.dan.org\\\/es\\\/?s={search_term_string}\"},\"query-input\":{\"@type\":\"PropertyValueSpecification\",\"valueRequired\":true,\"valueName\":\"search_term_string\"}}],\"inLanguage\":\"es-MX\"},{\"@type\":\"Organization\",\"@id\":\"https:\\\/\\\/world.dan.org\\\/es\\\/#organization\",\"name\":\"DAN World\",\"url\":\"https:\\\/\\\/world.dan.org\\\/es\\\/\",\"logo\":{\"@type\":\"ImageObject\",\"inLanguage\":\"es-MX\",\"@id\":\"https:\\\/\\\/world.dan.org\\\/es\\\/#\\\/schema\\\/logo\\\/image\\\/\",\"url\":\"https:\\\/\\\/world.dan.org\\\/wp-content\\\/uploads\\\/2022\\\/04\\\/DAN-World-logo-sm-52px.svg\",\"contentUrl\":\"https:\\\/\\\/world.dan.org\\\/wp-content\\\/uploads\\\/2022\\\/04\\\/DAN-World-logo-sm-52px.svg\",\"width\":175,\"height\":52,\"caption\":\"DAN World\"},\"image\":{\"@id\":\"https:\\\/\\\/world.dan.org\\\/es\\\/#\\\/schema\\\/logo\\\/image\\\/\"}}]}<\/script>\n<!-- \/ Yoast SEO Premium plugin. -->","yoast_head_json":{"title":"Evaluaciones de seguridad: Profesionales del buceo - DAN World","description":"El programa de Identificaci\u00f3n de Peligros y Evaluaci\u00f3n de Riesgos (HIRA) de DAN est\u00e1 dise\u00f1ado para ayudar a los propietarios, operadores, personal y profesionales del buceo a identificar los peligros antes de que provoquen lesiones o p\u00e9rdidas.","robots":{"index":"index","follow":"follow","max-snippet":"max-snippet:-1","max-image-preview":"max-image-preview:large","max-video-preview":"max-video-preview:-1"},"canonical":"https:\/\/world.dan.org\/es\/safety-prevention\/operation-safety\/safety-assessments\/","og_locale":"es_MX","og_type":"article","og_title":"Safety Assessments: Dive Professionals","og_description":"DAN\u2019s Hazard Identification and Risk Assessment (HIRA) program is designed to help owners, operators, staff and dive professionals identify hazards before they lead to injuries or losses.","og_url":"https:\/\/world.dan.org\/es\/safety-prevention\/operation-safety\/safety-assessments\/","og_site_name":"DAN World","article_modified_time":"2026-03-30T20:08:41+00:00","og_image":[{"width":1200,"height":600,"url":"https:\/\/world.dan.org\/wp-content\/uploads\/2021\/07\/safety-assestments-000020232941-1200x600-1.jpg","type":"image\/jpeg"}],"twitter_card":"summary_large_image","twitter_title":"Safety Assessments: Dive Professionals","twitter_description":"DAN\u2019s Hazard Identification and Risk Assessment (HIRA) program is designed to help owners, operators, staff and dive professionals identify hazards before they lead to injuries or losses.","twitter_image":"https:\/\/world.dan.org\/wp-content\/uploads\/2021\/07\/safety-assestments-000020232941-1200x600-1.jpg","twitter_misc":{"Est. reading time":"2 minutes"},"schema":{"@context":"https:\/\/schema.org","@graph":[{"@type":"WebPage","@id":"https:\/\/world.dan.org\/safety-prevention\/operation-safety\/safety-assessments\/","url":"https:\/\/world.dan.org\/safety-prevention\/operation-safety\/safety-assessments\/","name":"Evaluaciones de seguridad: Profesionales del buceo - DAN World","isPartOf":{"@id":"https:\/\/world.dan.org\/es\/#website"},"primaryImageOfPage":{"@id":"https:\/\/world.dan.org\/safety-prevention\/operation-safety\/safety-assessments\/#primaryimage"},"image":{"@id":"https:\/\/world.dan.org\/safety-prevention\/operation-safety\/safety-assessments\/#primaryimage"},"thumbnailUrl":"https:\/\/world.dan.org\/wp-content\/uploads\/2021\/07\/safety-assestments-000020232941-1200x600-1.jpg","datePublished":"2020-07-10T16:40:22+00:00","dateModified":"2026-03-30T20:08:41+00:00","description":"El programa de Identificaci\u00f3n de Peligros y Evaluaci\u00f3n de Riesgos (HIRA) de DAN est\u00e1 dise\u00f1ado para ayudar a los propietarios, operadores, personal y profesionales del buceo a identificar los peligros antes de que provoquen lesiones o p\u00e9rdidas.","breadcrumb":{"@id":"https:\/\/world.dan.org\/safety-prevention\/operation-safety\/safety-assessments\/#breadcrumb"},"inLanguage":"es-MX","potentialAction":[{"@type":"ReadAction","target":["https:\/\/world.dan.org\/safety-prevention\/operation-safety\/safety-assessments\/"]}]},{"@type":"ImageObject","inLanguage":"es-MX","@id":"https:\/\/world.dan.org\/safety-prevention\/operation-safety\/safety-assessments\/#primaryimage","url":"https:\/\/world.dan.org\/wp-content\/uploads\/2021\/07\/safety-assestments-000020232941-1200x600-1.jpg","contentUrl":"https:\/\/world.dan.org\/wp-content\/uploads\/2021\/07\/safety-assestments-000020232941-1200x600-1.jpg","width":1200,"height":600,"caption":"Workshop with scuba tools to service scuba equipment."},{"@type":"BreadcrumbList","@id":"https:\/\/world.dan.org\/safety-prevention\/operation-safety\/safety-assessments\/#breadcrumb","itemListElement":[{"@type":"ListItem","position":1,"name":"Home","item":"https:\/\/world.dan.org\/"},{"@type":"ListItem","position":2,"name":"Safety &#038; Prevention","item":"https:\/\/world.dan.org\/safety-prevention\/"},{"@type":"ListItem","position":3,"name":"Dive Operation Safety","item":"https:\/\/world.dan.org\/ko\/safety-prevention\/operation-safety\/"},{"@type":"ListItem","position":4,"name":"Safety Assessments: Dive Professionals"}]},{"@type":"WebSite","@id":"https:\/\/world.dan.org\/es\/#website","url":"https:\/\/world.dan.org\/es\/","name":"DAN World","description":"","publisher":{"@id":"https:\/\/world.dan.org\/es\/#organization"},"potentialAction":[{"@type":"SearchAction","target":{"@type":"EntryPoint","urlTemplate":"https:\/\/world.dan.org\/es\/?s={search_term_string}"},"query-input":{"@type":"PropertyValueSpecification","valueRequired":true,"valueName":"search_term_string"}}],"inLanguage":"es-MX"},{"@type":"Organization","@id":"https:\/\/world.dan.org\/es\/#organization","name":"DAN World","url":"https:\/\/world.dan.org\/es\/","logo":{"@type":"ImageObject","inLanguage":"es-MX","@id":"https:\/\/world.dan.org\/es\/#\/schema\/logo\/image\/","url":"https:\/\/world.dan.org\/wp-content\/uploads\/2022\/04\/DAN-World-logo-sm-52px.svg","contentUrl":"https:\/\/world.dan.org\/wp-content\/uploads\/2022\/04\/DAN-World-logo-sm-52px.svg","width":175,"height":52,"caption":"DAN World"},"image":{"@id":"https:\/\/world.dan.org\/es\/#\/schema\/logo\/image\/"}}]}},"_links":{"self":[{"href":"https:\/\/world.dan.org\/es\/wp-json\/wp\/v2\/pages\/2017","targetHints":{"allow":["GET"]}}],"collection":[{"href":"https:\/\/world.dan.org\/es\/wp-json\/wp\/v2\/pages"}],"about":[{"href":"https:\/\/world.dan.org\/es\/wp-json\/wp\/v2\/types\/page"}],"author":[{"embeddable":true,"href":"https:\/\/world.dan.org\/es\/wp-json\/wp\/v2\/users\/1"}],"replies":[{"embeddable":true,"href":"https:\/\/world.dan.org\/es\/wp-json\/wp\/v2\/comments?post=2017"}],"version-history":[{"count":1,"href":"https:\/\/world.dan.org\/es\/wp-json\/wp\/v2\/pages\/2017\/revisions"}],"predecessor-version":[{"id":35298,"href":"https:\/\/world.dan.org\/es\/wp-json\/wp\/v2\/pages\/2017\/revisions\/35298"}],"up":[{"embeddable":true,"href":"https:\/\/world.dan.org\/es\/wp-json\/wp\/v2\/pages\/43"}],"wp:featuredmedia":[{"embeddable":true,"href":"https:\/\/world.dan.org\/es\/wp-json\/wp\/v2\/media\/17602"}],"wp:attachment":[{"href":"https:\/\/world.dan.org\/es\/wp-json\/wp\/v2\/media?parent=2017"}],"curies":[{"name":"wp","href":"https:\/\/api.w.org\/{rel}","templated":true}]}}