{"id":2044,"date":"2020-07-13T10:02:33","date_gmt":"2020-07-13T14:02:33","guid":{"rendered":"http:\/\/wordpress.world.dan.org\/?page_id=2044"},"modified":"2021-08-18T15:42:18","modified_gmt":"2021-08-18T19:42:18","slug":"physician-referral-network-criteria","status":"publish","type":"page","link":"https:\/\/world.dan.org\/es\/health-medicine\/medical-services\/physician-network\/physician-referral-network-criteria\/","title":{"rendered":"Criterios de la red de derivaci\u00f3n de m\u00e9dicos"},"content":{"rendered":"<p>Cuando alguien se comunica con DAN para solicitar una derivaci\u00f3n, en general le proporcionamos la informaci\u00f3n principal de contacto del m\u00e9dico para que programen una cita. La persona puede necesitar un examen de aptitud f\u00edsica para bucear, o quiz\u00e1s una evaluaci\u00f3n para descartar una posible lesi\u00f3n relacionada con el buceo. Si un paciente presenta signos y s\u00edntomas agudos, se lo deriva siempre a la sala de emergencias local o cl\u00ednica de cuidados agudos.<\/p>\n\n\n\n<p>DAN tambi\u00e9n puede proporcionar la informaci\u00f3n de contacto del m\u00e9dico a otro profesional que desee consultar a alguien especializado en aptitud f\u00edsica para bucear o lesiones relacionadas con el buceo.<\/p>\n\n\n\n<p class=\"translation-block\">Si desea unirse a nuestra red de derivaci\u00f3n, revise los criterios que se detallan a continuaci\u00f3n y complete el <a href=\"https:\/\/apps.dan.org\/physicians-network\/Home\/SignUp\" target=\"_blank\" rel=\"noreferrer noopener\"><strong>Formulario de ingreso a la Red de derivaci\u00f3n de m\u00e9dicos <\/a><\/strong>, disponible en l\u00ednea, y env\u00edelo junto con las copias solicitadas de su licencia m\u00e9dica y su\/s certificado\/s de formaci\u00f3n continua (CME) en medicina del buceo o medicina hiperb\u00e1rica. Despu\u00e9s de que analicemos y aprobemos sus documentos, incorporaremos su nombre y sus datos de contacto a nuestra base de datos. Esta base de datos no est\u00e1 disponible para el p\u00fablico en general; nuestro personal gestiona cada solicitud de forma individual tomando en cuenta las necesidades del buzo y la ubicaci\u00f3n y perfil del m\u00e9dico.<\/p>\n\n\n\n<p><strong>Criterios para la derivaci\u00f3n de m\u00e9dicos<\/strong><\/p>\n\n\n\n<p>Los solicitantes deben ser m\u00e9dicos (M.D., D.O. o sus equivalentes a nivel internacional) con capacitaci\u00f3n comprobable en medicina del buceo. Esta es la documentaci\u00f3n que debe presentar:<\/p>\n\n\n\n<ul class=\"wp-block-list\"><li class=\"translation-block\">Copia de su licencia m\u00e9dica en vigencia, y<\/li><li>Prueba de haber recibido capacitaci\u00f3n en medicina del buceo <em>(al menos uno de los siguientes)<\/em>:<ul><li>Asociaci\u00f3n acreditada de medicina hiperb\u00e1rica o certificaci\u00f3n de la junta m\u00e9dica con un programa de medicina submarina e hiperb\u00e1rica.<\/li><li>Capacitaci\u00f3n militar o comercial como Oficial M\u00e9dico de Buceo (DMO\/UMO).<\/li><li>Finalizaci\u00f3n satisfactoria de un curso acreditado de formaci\u00f3n continua (CME) en medicina del buceo en los \u00faltimos 5 a\u00f1os.<\/li><\/ul><\/li><\/ul>\n\n\n\n<p class=\"translation-block\">Si es m\u00e9dico y desea formar parte de la red de derivaci\u00f3n de DAN, <strong><a href=\"https:\/\/world.dan.org\/es\/health-medicine\/medical-services\/physician-network\/physician-referral-network-criteria\/\" target=\"_self\">actualice su informaci\u00f3n aqu\u00ed.<\/a><\/strong><\/p>","protected":false},"excerpt":{"rendered":"<p>When people contact DAN for a medical referral, we generally give them the physician&#8217;s primary contact information to arrange an appointment. They may be seeking a fitness-to-dive physical, or they [&hellip;]<\/p>\n","protected":false},"author":1,"featured_media":0,"parent":331,"menu_order":132,"comment_status":"closed","ping_status":"closed","template":"","meta":{"_acf_changed":false,"_ef_editorial_meta_date_first-draft-date":"","_ef_editorial_meta_paragraph_assignment":"","_ef_editorial_meta_checkbox_needs-photo":"","_ef_editorial_meta_number_word-count":"","footnotes":""},"class_list":["post-2044","page","type-page","status-publish","hentry"],"acf":[],"yoast_head":"<!-- This site is optimized with the Yoast SEO Premium plugin v27.4 (Yoast SEO v27.4) - https:\/\/yoast.com\/product\/yoast-seo-premium-wordpress\/ -->\n<title>Physician Referral Network Criteria - DAN World<\/title>\n<meta name=\"robots\" content=\"index, follow, max-snippet:-1, max-image-preview:large, max-video-preview:-1\" \/>\n<link rel=\"canonical\" href=\"https:\/\/world.dan.org\/es\/health-medicine\/medical-services\/physician-network\/physician-referral-network-criteria\/\" \/>\n<meta property=\"og:locale\" content=\"es_MX\" \/>\n<meta property=\"og:type\" content=\"article\" \/>\n<meta property=\"og:title\" content=\"Physician Referral Network Criteria\" \/>\n<meta property=\"og:description\" content=\"When people contact DAN for a medical referral, we generally give them the physician&#8217;s primary contact information to arrange an appointment. They may be seeking a fitness-to-dive physical, or they [&hellip;]\" \/>\n<meta property=\"og:url\" content=\"https:\/\/world.dan.org\/es\/health-medicine\/medical-services\/physician-network\/physician-referral-network-criteria\/\" \/>\n<meta property=\"og:site_name\" content=\"DAN World\" \/>\n<meta property=\"article:modified_time\" content=\"2021-08-18T19:42:18+00:00\" \/>\n<meta name=\"twitter:card\" content=\"summary_large_image\" \/>\n<meta name=\"twitter:label1\" content=\"Est. reading time\" \/>\n\t<meta name=\"twitter:data1\" content=\"1 minute\" \/>\n<script type=\"application\/ld+json\" class=\"yoast-schema-graph\">{\"@context\":\"https:\\\/\\\/schema.org\",\"@graph\":[{\"@type\":\"WebPage\",\"@id\":\"https:\\\/\\\/world.dan.org\\\/health-medicine\\\/medical-services\\\/physician-network\\\/physician-referral-network-criteria\\\/\",\"url\":\"https:\\\/\\\/world.dan.org\\\/health-medicine\\\/medical-services\\\/physician-network\\\/physician-referral-network-criteria\\\/\",\"name\":\"Physician Referral Network Criteria - DAN World\",\"isPartOf\":{\"@id\":\"https:\\\/\\\/world.dan.org\\\/es\\\/#website\"},\"datePublished\":\"2020-07-13T14:02:33+00:00\",\"dateModified\":\"2021-08-18T19:42:18+00:00\",\"breadcrumb\":{\"@id\":\"https:\\\/\\\/world.dan.org\\\/health-medicine\\\/medical-services\\\/physician-network\\\/physician-referral-network-criteria\\\/#breadcrumb\"},\"inLanguage\":\"es-MX\",\"potentialAction\":[{\"@type\":\"ReadAction\",\"target\":[\"https:\\\/\\\/world.dan.org\\\/health-medicine\\\/medical-services\\\/physician-network\\\/physician-referral-network-criteria\\\/\"]}]},{\"@type\":\"BreadcrumbList\",\"@id\":\"https:\\\/\\\/world.dan.org\\\/health-medicine\\\/medical-services\\\/physician-network\\\/physician-referral-network-criteria\\\/#breadcrumb\",\"itemListElement\":[{\"@type\":\"ListItem\",\"position\":1,\"name\":\"Home\",\"item\":\"https:\\\/\\\/world.dan.org\\\/\"},{\"@type\":\"ListItem\",\"position\":2,\"name\":\"Health &amp; Medicine\",\"item\":\"https:\\\/\\\/world.dan.org\\\/health-medicine\\\/\"},{\"@type\":\"ListItem\",\"position\":3,\"name\":\"Medical Services\",\"item\":\"https:\\\/\\\/world.dan.org\\\/fr\\\/health-medicine\\\/medical-services\\\/\"},{\"@type\":\"ListItem\",\"position\":4,\"name\":\"Physician Network\",\"item\":\"https:\\\/\\\/world.dan.org\\\/fr\\\/health-medicine\\\/medical-services\\\/physician-network\\\/\"},{\"@type\":\"ListItem\",\"position\":5,\"name\":\"Physician Referral Network Criteria\"}]},{\"@type\":\"WebSite\",\"@id\":\"https:\\\/\\\/world.dan.org\\\/es\\\/#website\",\"url\":\"https:\\\/\\\/world.dan.org\\\/es\\\/\",\"name\":\"DAN World\",\"description\":\"\",\"publisher\":{\"@id\":\"https:\\\/\\\/world.dan.org\\\/es\\\/#organization\"},\"potentialAction\":[{\"@type\":\"SearchAction\",\"target\":{\"@type\":\"EntryPoint\",\"urlTemplate\":\"https:\\\/\\\/world.dan.org\\\/es\\\/?s={search_term_string}\"},\"query-input\":{\"@type\":\"PropertyValueSpecification\",\"valueRequired\":true,\"valueName\":\"search_term_string\"}}],\"inLanguage\":\"es-MX\"},{\"@type\":\"Organization\",\"@id\":\"https:\\\/\\\/world.dan.org\\\/es\\\/#organization\",\"name\":\"DAN World\",\"url\":\"https:\\\/\\\/world.dan.org\\\/es\\\/\",\"logo\":{\"@type\":\"ImageObject\",\"inLanguage\":\"es-MX\",\"@id\":\"https:\\\/\\\/world.dan.org\\\/es\\\/#\\\/schema\\\/logo\\\/image\\\/\",\"url\":\"https:\\\/\\\/world.dan.org\\\/wp-content\\\/uploads\\\/2022\\\/04\\\/DAN-World-logo-sm-52px.svg\",\"contentUrl\":\"https:\\\/\\\/world.dan.org\\\/wp-content\\\/uploads\\\/2022\\\/04\\\/DAN-World-logo-sm-52px.svg\",\"width\":175,\"height\":52,\"caption\":\"DAN World\"},\"image\":{\"@id\":\"https:\\\/\\\/world.dan.org\\\/es\\\/#\\\/schema\\\/logo\\\/image\\\/\"}}]}<\/script>\n<!-- \/ Yoast SEO Premium plugin. -->","yoast_head_json":{"title":"Criterios de la red de derivaci\u00f3n de m\u00e9dicos - DAN World","robots":{"index":"index","follow":"follow","max-snippet":"max-snippet:-1","max-image-preview":"max-image-preview:large","max-video-preview":"max-video-preview:-1"},"canonical":"https:\/\/world.dan.org\/es\/health-medicine\/medical-services\/physician-network\/physician-referral-network-criteria\/","og_locale":"es_MX","og_type":"article","og_title":"Physician Referral Network Criteria","og_description":"When people contact DAN for a medical referral, we generally give them the physician&#8217;s primary contact information to arrange an appointment. They may be seeking a fitness-to-dive physical, or they [&hellip;]","og_url":"https:\/\/world.dan.org\/es\/health-medicine\/medical-services\/physician-network\/physician-referral-network-criteria\/","og_site_name":"DAN World","article_modified_time":"2021-08-18T19:42:18+00:00","twitter_card":"summary_large_image","twitter_misc":{"Est. reading time":"1 minute"},"schema":{"@context":"https:\/\/schema.org","@graph":[{"@type":"WebPage","@id":"https:\/\/world.dan.org\/health-medicine\/medical-services\/physician-network\/physician-referral-network-criteria\/","url":"https:\/\/world.dan.org\/health-medicine\/medical-services\/physician-network\/physician-referral-network-criteria\/","name":"Criterios de la red de derivaci\u00f3n de m\u00e9dicos - DAN World","isPartOf":{"@id":"https:\/\/world.dan.org\/es\/#website"},"datePublished":"2020-07-13T14:02:33+00:00","dateModified":"2021-08-18T19:42:18+00:00","breadcrumb":{"@id":"https:\/\/world.dan.org\/health-medicine\/medical-services\/physician-network\/physician-referral-network-criteria\/#breadcrumb"},"inLanguage":"es-MX","potentialAction":[{"@type":"ReadAction","target":["https:\/\/world.dan.org\/health-medicine\/medical-services\/physician-network\/physician-referral-network-criteria\/"]}]},{"@type":"BreadcrumbList","@id":"https:\/\/world.dan.org\/health-medicine\/medical-services\/physician-network\/physician-referral-network-criteria\/#breadcrumb","itemListElement":[{"@type":"ListItem","position":1,"name":"Home","item":"https:\/\/world.dan.org\/"},{"@type":"ListItem","position":2,"name":"Health &amp; Medicine","item":"https:\/\/world.dan.org\/health-medicine\/"},{"@type":"ListItem","position":3,"name":"Medical Services","item":"https:\/\/world.dan.org\/fr\/health-medicine\/medical-services\/"},{"@type":"ListItem","position":4,"name":"Physician Network","item":"https:\/\/world.dan.org\/fr\/health-medicine\/medical-services\/physician-network\/"},{"@type":"ListItem","position":5,"name":"Physician Referral Network Criteria"}]},{"@type":"WebSite","@id":"https:\/\/world.dan.org\/es\/#website","url":"https:\/\/world.dan.org\/es\/","name":"DAN World","description":"","publisher":{"@id":"https:\/\/world.dan.org\/es\/#organization"},"potentialAction":[{"@type":"SearchAction","target":{"@type":"EntryPoint","urlTemplate":"https:\/\/world.dan.org\/es\/?s={search_term_string}"},"query-input":{"@type":"PropertyValueSpecification","valueRequired":true,"valueName":"search_term_string"}}],"inLanguage":"es-MX"},{"@type":"Organization","@id":"https:\/\/world.dan.org\/es\/#organization","name":"DAN World","url":"https:\/\/world.dan.org\/es\/","logo":{"@type":"ImageObject","inLanguage":"es-MX","@id":"https:\/\/world.dan.org\/es\/#\/schema\/logo\/image\/","url":"https:\/\/world.dan.org\/wp-content\/uploads\/2022\/04\/DAN-World-logo-sm-52px.svg","contentUrl":"https:\/\/world.dan.org\/wp-content\/uploads\/2022\/04\/DAN-World-logo-sm-52px.svg","width":175,"height":52,"caption":"DAN World"},"image":{"@id":"https:\/\/world.dan.org\/es\/#\/schema\/logo\/image\/"}}]}},"_links":{"self":[{"href":"https:\/\/world.dan.org\/es\/wp-json\/wp\/v2\/pages\/2044","targetHints":{"allow":["GET"]}}],"collection":[{"href":"https:\/\/world.dan.org\/es\/wp-json\/wp\/v2\/pages"}],"about":[{"href":"https:\/\/world.dan.org\/es\/wp-json\/wp\/v2\/types\/page"}],"author":[{"embeddable":true,"href":"https:\/\/world.dan.org\/es\/wp-json\/wp\/v2\/users\/1"}],"replies":[{"embeddable":true,"href":"https:\/\/world.dan.org\/es\/wp-json\/wp\/v2\/comments?post=2044"}],"version-history":[{"count":0,"href":"https:\/\/world.dan.org\/es\/wp-json\/wp\/v2\/pages\/2044\/revisions"}],"up":[{"embeddable":true,"href":"https:\/\/world.dan.org\/es\/wp-json\/wp\/v2\/pages\/331"}],"wp:attachment":[{"href":"https:\/\/world.dan.org\/es\/wp-json\/wp\/v2\/media?parent=2044"}],"curies":[{"name":"wp","href":"https:\/\/api.w.org\/{rel}","templated":true}]}}