{"id":21,"date":"2020-03-27T17:54:48","date_gmt":"2020-03-27T21:54:48","guid":{"rendered":"https:\/\/dan.devhammer.com\/?page_id=21"},"modified":"2026-03-17T17:18:47","modified_gmt":"2026-03-17T21:18:47","slug":"health-medicine","status":"publish","type":"page","link":"https:\/\/world.dan.org\/es\/health-medicine\/","title":{"rendered":"Salud y medicina"},"content":{"rendered":"<div style=\"height:50px\" aria-hidden=\"true\" class=\"wp-block-spacer\"><\/div>\n\n\n\n<h2 class=\"wp-block-heading has-text-align-center has-dan-black-color has-text-color has-medium-font-size\" id=\"h-dan-world-exists-to-provide-expert-medical-information-for-the-benefit-of-the-diving-public-we-offer-real-time-assistance-with-dive-accidents-and-work-to-prevent-injuries-and-promote-diver-safety\">DAN World existe para brindar informaci\u00f3n m\u00e9dica experta en beneficio de la comunidad de buceadores. Ofrecemos asistencia en tiempo real en accidentes de buceo y trabajamos para prevenir lesiones y promover la seguridad de los buceadores. <\/h2>\n\n\n\n<div style=\"height:50px\" aria-hidden=\"true\" class=\"wp-block-spacer\"><\/div>\n\n\n\n<hr class=\"wp-block-separator has-text-color has-dan-light-gray-color has-css-opacity has-dan-light-gray-background-color has-background\"\/>\n\n\n\n<div style=\"height:30px\" aria-hidden=\"true\" class=\"wp-block-spacer\"><\/div>\n\n\n\n<div class=\"wp-block-columns is-layout-flex wp-container-core-columns-is-layout-9d6595d7 wp-block-columns-is-layout-flex\">\n<div class=\"wp-block-column is-layout-flow wp-block-column-is-layout-flow\"><div class=\"wp-block-image\">\n<figure class=\"aligncenter size-large\"><a href=\"https:\/\/world.dan.org\/es\/health-safety\/medical-services\/\"><img loading=\"lazy\" decoding=\"async\" width=\"1024\" height=\"512\" src=\"https:\/\/world.dan.org\/wp-content\/uploads\/2021\/06\/medical-services-camillo-DAN-1024x512-1.jpg\" alt=\"\" class=\"wp-image-17402\" srcset=\"https:\/\/world.dan.org\/wp-content\/uploads\/2021\/06\/medical-services-camillo-DAN-1024x512-1.jpg 1024w, https:\/\/world.dan.org\/wp-content\/uploads\/2021\/06\/medical-services-camillo-DAN-1024x512-1-360x180.jpg 360w, https:\/\/world.dan.org\/wp-content\/uploads\/2021\/06\/medical-services-camillo-DAN-1024x512-1-768x384.jpg 768w, https:\/\/world.dan.org\/wp-content\/uploads\/2021\/06\/medical-services-camillo-DAN-1024x512-1-18x9.jpg 18w\" sizes=\"auto, (max-width: 1024px) 100vw, 1024px\" \/><\/a><\/figure>\n<\/div><\/div>\n\n\n\n<div class=\"wp-block-column is-vertically-aligned-center is-layout-flow wp-block-column-is-layout-flow\">\n<h2 class=\"wp-block-heading has-dan-black-color has-text-color\" id=\"h-medical-services\" style=\"font-size:30px\">Servicios m\u00e9dicos<\/h2>\n\n\n\n<p>Los servicios m\u00e9dicos de DAN se encuentran disponibles para buzos, profesionales del buceo y proveedores de atenci\u00f3n de la salud. Ofrecemos formaci\u00f3n continua para profesionales de la salud, una l\u00ednea de emergencias, informaci\u00f3n, consultas con m\u00e9dicos, programas educativos y una red mundial de derivaci\u00f3n de m\u00e9dicos que atienden o eval\u00faan a buzos.&nbsp;<\/p>\n\n\n\n<p>En la l\u00ednea de emergencias de DAN trabaja un equipo de m\u00e9dicos, enfermeras, param\u00e9dicos y t\u00e9cnicos en emergencias m\u00e9dicas que est\u00e1n de guardia las 24 horas del d\u00eda, los 365 d\u00edas del a\u00f1o para brindar informaci\u00f3n, coordinar la atenci\u00f3n y ayudar a llevar a cabo traslados m\u00e9dicos.<\/p>\n<\/div>\n<\/div>\n\n\n\n<div style=\"height:30px\" aria-hidden=\"true\" class=\"wp-block-spacer\"><\/div>\n\n\n\n<div class=\"wp-block-columns is-layout-flex wp-container-core-columns-is-layout-9d6595d7 wp-block-columns-is-layout-flex\">\n<div class=\"wp-block-column is-layout-flow wp-block-column-is-layout-flow\"><div class=\"wp-block-image\">\n<figure class=\"aligncenter size-large is-resized\"><a href=\"https:\/\/world.dan.org\/es\/health-medicine\/medical-services\/emergency-assistance\/\"><img decoding=\"async\" src=\"https:\/\/world.dan.org\/wp-content\/uploads\/2021\/06\/emergency-assistance-icon.svg\" alt=\"\" style=\"object-fit:contain;width:150px;height:150px\"\/><\/a><\/figure>\n<\/div>\n\n\n<h3 class=\"wp-block-heading has-text-align-center has-dan-black-color has-text-color translation-block\" id=\"h-emergency-assistance\" style=\"font-size:24px\">Asistencia en emergencias<\/h3>\n\n\n\n<p>DAN estar\u00e1 aqu\u00ed cuando m\u00e1s lo necesite. Coordinamos evacuaciones de emergencia y cubrimos los costos (hasta 150 mil d\u00f3lares por persona, seg\u00fan el plan). Todos los miembros de DAN tienen derecho a estos servicios de emergencia, as\u00ed como a asistencia m\u00e9dica, legal, personal y de viajes.&nbsp;<\/p>\n\n\n\n<p><a href=\"https:\/\/world.dan.org\/es\/health-medicine\/medical-services\/emergency-assistance\/\">M\u00e1s informaci\u00f3n<\/a><\/p>\n<\/div>\n\n\n\n<div class=\"wp-block-column is-layout-flow wp-block-column-is-layout-flow\"><div class=\"wp-block-image\">\n<figure class=\"aligncenter size-large is-resized\"><a href=\"https:\/\/world.dan.org\/es\/health-medicine\/ask-a-medic\/\"><img decoding=\"async\" src=\"https:\/\/world.dan.org\/wp-content\/uploads\/2021\/06\/ask-a-medic-icon.svg\" alt=\"\" class=\"wp-image-17274\" style=\"object-fit:contain;width:150px;height:150px\"\/><\/a><\/figure>\n<\/div>\n\n\n<h3 class=\"wp-block-heading has-text-align-center has-dan-black-color has-text-color translation-block\" id=\"h-ask-a-medic\" style=\"font-size:24px\">Consulte a un m\u00e9dico<\/h3>\n\n\n\n<p>Adem\u00e1s de atender la l\u00ednea de emergencias de DAN, nuestros m\u00e9dicos est\u00e1n disponibles durante el horario de atenci\u00f3n normal para responder sus preguntas sobre medicina del buceo y aptitud m\u00e9dica para bucear. Nuestro equipo de m\u00e9dicos, enfermeras, param\u00e9dicos y t\u00e9cnicos en emergencias m\u00e9dicas ofrece informaci\u00f3n m\u00e9dica, derivaciones, asistencia para la evacuaci\u00f3n y m\u00e1s por tel\u00e9fono, correo electr\u00f3nico y nuestra p\u00e1gina World.DAN.org.<\/p>\n\n\n\n<p><a href=\"https:\/\/world.dan.org\/es\/health-medicine\/ask-a-medic\/\">M\u00e1s informaci\u00f3n<\/a><\/p>\n<\/div>\n\n\n\n<div class=\"wp-block-column is-layout-flow wp-block-column-is-layout-flow\"><div class=\"wp-block-image\">\n<figure class=\"aligncenter size-large is-resized\"><a href=\"https:\/\/world.dan.org\/es\/health-medicine\/medical-services\/physician-network\/\"><img decoding=\"async\" src=\"https:\/\/world.dan.org\/wp-content\/uploads\/2021\/06\/physician-referral-network-icon-1.svg\" alt=\"\" class=\"wp-image-17282\" style=\"object-fit:contain;width:150px;height:150px\"\/><\/a><\/figure>\n<\/div>\n\n\n<h3 class=\"wp-block-heading has-text-align-center has-dan-black-color has-text-color translation-block\" id=\"h-physician-referral-network\" style=\"font-size:24px\">Remisi\u00f3n de m\u00e9dicos<br>Red<\/h3>\n\n\n\n<p>DAN cuenta con una red mundial de m\u00e9dicos que atienden a la comunidad del buceo. Si busca un m\u00e9dico para un examen de aptitud f\u00edsica para bucear o quiere hacer una consulta con un especialista en medicina del buceo de su zona, ll\u00e1menos.<\/p>\n\n\n\n<p><a href=\"https:\/\/world.dan.org\/es\/health-medicine\/medical-services\/physician-network\/\">M\u00e1s informaci\u00f3n<\/a><\/p>\n<\/div>\n<\/div>\n\n\n\n<div style=\"height:30px\" aria-hidden=\"true\" class=\"wp-block-spacer\"><\/div>\n\n\n\n<hr class=\"wp-block-separator has-text-color has-dan-light-gray-color has-css-opacity has-dan-light-gray-background-color has-background\"\/>\n\n\n\n<div style=\"height:30px\" aria-hidden=\"true\" class=\"wp-block-spacer\"><\/div>\n\n\n\n<div class=\"wp-block-columns is-layout-flex wp-container-core-columns-is-layout-9d6595d7 wp-block-columns-is-layout-flex\">\n<div class=\"wp-block-column is-layout-flow wp-block-column-is-layout-flow\">\n<figure class=\"wp-block-image size-large\"><a href=\"https:\/\/world.dan.org\/es\/health-safety\/health-resources\/\"><img loading=\"lazy\" decoding=\"async\" width=\"1024\" height=\"512\" src=\"https:\/\/world.dan.org\/wp-content\/uploads\/2021\/06\/health-resources-1264666749-1024x512-1.jpg\" alt=\"\" class=\"wp-image-17406\" srcset=\"https:\/\/world.dan.org\/wp-content\/uploads\/2021\/06\/health-resources-1264666749-1024x512-1.jpg 1024w, https:\/\/world.dan.org\/wp-content\/uploads\/2021\/06\/health-resources-1264666749-1024x512-1-360x180.jpg 360w, https:\/\/world.dan.org\/wp-content\/uploads\/2021\/06\/health-resources-1264666749-1024x512-1-768x384.jpg 768w, https:\/\/world.dan.org\/wp-content\/uploads\/2021\/06\/health-resources-1264666749-1024x512-1-18x9.jpg 18w\" sizes=\"auto, (max-width: 1024px) 100vw, 1024px\" \/><\/a><\/figure>\n<\/div>\n\n\n\n<div class=\"wp-block-column is-vertically-aligned-center is-layout-flow wp-block-column-is-layout-flow\">\n<h2 class=\"wp-block-heading has-dan-black-color has-text-color\" id=\"h-health-resources\" style=\"font-size:30px\">Recursos de salud<\/h2>\n\n\n\n<p>Este compendio de recursos en l\u00ednea contiene informaci\u00f3n valiosa sobre los aspectos m\u00e1s importantes de la salud y la seguridad del buzo. Relevantes para buzos tanto principiantes como experimentados, estas gu\u00edas educativas y de referencia ofrecen perspectivas \u00fatiles en temas tales como salud cardiovascular, o\u00eddos y compensaci\u00f3n, enfermedad por descompresi\u00f3n, lesiones causadas por la vida marina peligrosa y mucho m\u00e1s.<\/p>\n<\/div>\n<\/div>\n\n\n\n<div style=\"height:30px\" aria-hidden=\"true\" class=\"wp-block-spacer\"><\/div>\n\n\n\n<div class=\"wp-block-columns is-layout-flex wp-container-core-columns-is-layout-9d6595d7 wp-block-columns-is-layout-flex\">\n<div class=\"wp-block-column is-layout-flow wp-block-column-is-layout-flow\"><div class=\"wp-block-image\">\n<figure class=\"aligncenter size-large is-resized\"><a href=\"https:\/\/world.dan.org\/es\/health-medicine\/health-resources\/dive-medical-reference-books\/\"><img decoding=\"async\" src=\"https:\/\/world.dan.org\/wp-content\/uploads\/2021\/06\/dive-medical-books-icon.svg\" alt=\"\" class=\"wp-image-17293\" style=\"aspect-ratio:1;object-fit:cover\"\/><\/a><\/figure>\n<\/div>\n\n\n<h3 class=\"wp-block-heading has-text-align-center has-dan-black-color has-text-color\" id=\"h-dive-medical-references\" style=\"font-size:24px\">Referencias m\u00e9dicas para el buceo<\/h3>\n\n\n\n<p>Aprenda en profundidad sobre los problemas habituales que enfrentan los buzos, independientemente de la experiencia que tengan. Puede consultar las referencias m\u00e9dicas m\u00e1s actuales sobre enfermedad por descompresi\u00f3n, compensaci\u00f3n de los o\u00eddos, lesiones causadas por vida marina y mucho m\u00e1s.<\/p>\n\n\n\n<p><a href=\"https:\/\/world.dan.org\/es\/health-medicine\/health-resources\/dive-medical-reference-books\/\">M\u00e1s informaci\u00f3n<\/a><\/p>\n<\/div>\n\n\n\n<div class=\"wp-block-column is-layout-flow wp-block-column-is-layout-flow\"><div class=\"wp-block-image\">\n<figure class=\"aligncenter size-large is-resized\"><a href=\"https:\/\/world.dan.org\/es\/health-medicine\/health-resources\/health-safety-guidelines\/\"><img decoding=\"async\" src=\"https:\/\/world.dan.org\/wp-content\/uploads\/2021\/06\/health-guidelines-icon.svg\" alt=\"\" class=\"wp-image-17294\" style=\"aspect-ratio:1;object-fit:cover\"\/><\/a><\/figure>\n<\/div>\n\n\n<h3 class=\"wp-block-heading has-text-align-center has-dan-black-color has-text-color\" id=\"h-health-amp-safety-guidelines\" style=\"font-size:24px\">Pautas de salud y seguridad<\/h3>\n\n\n\n<p>Estos informes cient\u00edficos ofrecen a los buzos y los profesionales del buceo la posibilidad de tomar decisiones mejor fundamentadas a la hora de gestionar la salud y la seguridad del buzo, y se han redactado a partir de los hallazgos de las investigaciones de DAN y de informes elaborados a partir de talleres.<\/p>\n\n\n\n<p><a href=\"https:\/\/world.dan.org\/es\/health-medicine\/health-resources\/health-safety-guidelines\/\">M\u00e1s informaci\u00f3n<\/a><\/p>\n<\/div>\n\n\n\n<div class=\"wp-block-column is-layout-flow wp-block-column-is-layout-flow\"><div class=\"wp-block-image\">\n<figure class=\"aligncenter size-large is-resized\"><a href=\"https:\/\/world.dan.org\/es\/health-medicine\/health-resources\/smart-guides\/\"><img decoding=\"async\" src=\"https:\/\/world.dan.org\/wp-content\/uploads\/2021\/06\/smart-guides-icon.svg\" alt=\"\" class=\"wp-image-17296\" style=\"aspect-ratio:1;object-fit:cover\"\/><\/a><\/figure>\n<\/div>\n\n\n<h3 class=\"wp-block-heading has-text-align-center has-dan-black-color has-text-color\" id=\"h-smart-guides\" style=\"font-size:24px\">Gu\u00edas inteligentes<\/h3>\n\n\n\n<div style=\"height:12px\" aria-hidden=\"true\" class=\"wp-block-spacer\"><\/div>\n\n\n\n<p>Con informaci\u00f3n detallada sobre los problemas m\u00e9dicos m\u00e1s comunes y su relevancia para los buzos, las entradas de la secci\u00f3n Enfermedades y afecciones abarcan temas de anatom\u00eda, epidemiolog\u00eda, s\u00edntomas, prevenci\u00f3n, primeros auxilios y m\u00e1s.<\/p>\n\n\n\n<p><a href=\"https:\/\/world.dan.org\/es\/health-medicine\/health-resources\/smart-guides\/\">M\u00e1s informaci\u00f3n<\/a><\/p>\n<\/div>\n\n\n\n<div class=\"wp-block-column is-layout-flow wp-block-column-is-layout-flow\"><div class=\"wp-block-image\">\n<figure class=\"aligncenter size-large is-resized\"><a href=\"https:\/\/world.dan.org\/es\/health-medicine\/health-resources\/guidelines-for-lifelong-medical-fitness-to-dive-evaluation\/\"><img decoding=\"async\" src=\"https:\/\/world.dan.org\/wp-content\/uploads\/2021\/06\/dive-evaluations-icon-1.svg\" alt=\"\" class=\"wp-image-17304\" style=\"aspect-ratio:1;object-fit:cover\"\/><\/a><\/figure>\n<\/div>\n\n\n<h3 class=\"wp-block-heading has-text-align-center has-dan-black-color has-text-color\" id=\"h-medical-fitness-to-dive-evaluation\" style=\"font-size:24px\">Evaluaci\u00f3n de la aptitud m\u00e9dica para bucear<\/h3>\n\n\n\n<p>\u00bfSabe cu\u00e1ndo debe visitar a su m\u00e9dico para una evaluaci\u00f3n? Esta gu\u00eda le dar\u00e1 la informaci\u00f3n que necesita a fin de garantizar su aptitud para bucear durante el resto de su vida.<\/p>\n\n\n\n<p><a href=\"https:\/\/world.dan.org\/es\/health-medicine\/health-resources\/guidelines-for-lifelong-medical-fitness-to-dive-evaluation\/\" target=\"_blank\" rel=\"noreferrer noopener\">M\u00e1s informaci\u00f3n<\/a><\/p>\n<\/div>\n<\/div>\n\n\n\n<p><\/p>","protected":false},"excerpt":{"rendered":"<p>DAN existe para proporcionar informaci\u00f3n m\u00e9dica experta en beneficio del p\u00fablico buceador. Ofrecemos asistencia en tiempo real en caso de accidente de buceo y trabajamos para prevenir lesiones y fomentar la seguridad en el buceo.<\/p>","protected":false},"author":1,"featured_media":22796,"parent":0,"menu_order":55,"comment_status":"closed","ping_status":"closed","template":"templates\/page-landing-2a.php","meta":{"_acf_changed":false,"_ef_editorial_meta_date_first-draft-date":"","_ef_editorial_meta_paragraph_assignment":"","_ef_editorial_meta_checkbox_needs-photo":"","_ef_editorial_meta_number_word-count":"","footnotes":""},"class_list":["post-21","page","type-page","status-publish","has-post-thumbnail","hentry"],"acf":[],"yoast_head":"<!-- This site is optimized with the Yoast SEO Premium plugin v27.4 (Yoast SEO v27.4) - https:\/\/yoast.com\/product\/yoast-seo-premium-wordpress\/ -->\n<title>Health &amp; Medicine - DAN World<\/title>\n<meta name=\"description\" content=\"DAN World health &amp; medicine exists to provide expert medical information for the benefit of the diving public.\" \/>\n<meta name=\"robots\" content=\"index, follow, max-snippet:-1, max-image-preview:large, max-video-preview:-1\" \/>\n<link rel=\"canonical\" href=\"https:\/\/world.dan.org\/es\/health-medicine\/\" \/>\n<meta property=\"og:locale\" content=\"es_MX\" \/>\n<meta property=\"og:type\" content=\"article\" \/>\n<meta property=\"og:title\" content=\"Health &amp; Medicine\" \/>\n<meta property=\"og:description\" content=\"DAN World exists to provide expert medical information for the benefit of the diving public. We offer real-time assistance with dive accidents and work to prevent injuries and promote diver safety.\" \/>\n<meta property=\"og:url\" content=\"https:\/\/world.dan.org\/es\/health-medicine\/\" \/>\n<meta property=\"og:site_name\" content=\"DAN World\" \/>\n<meta property=\"article:modified_time\" content=\"2026-03-17T21:18:47+00:00\" \/>\n<meta property=\"og:image\" content=\"https:\/\/world.dan.org\/wp-content\/uploads\/2022\/06\/health-medicine-doctor-online-1024x512-1.jpg\" \/>\n\t<meta property=\"og:image:width\" content=\"1024\" \/>\n\t<meta property=\"og:image:height\" content=\"574\" \/>\n\t<meta property=\"og:image:type\" content=\"image\/jpeg\" \/>\n<meta name=\"twitter:card\" content=\"summary_large_image\" \/>\n<meta name=\"twitter:title\" content=\"Health &amp; Medicine\" \/>\n<meta name=\"twitter:description\" content=\"DAN World health &amp; medicine exists to provide expert medical information for the benefit of the diving public.\" \/>\n<meta name=\"twitter:image\" content=\"https:\/\/world.dan.org\/wp-content\/uploads\/2022\/06\/health-medicine-doctor-online-1024x512-1.jpg\" \/>\n<meta name=\"twitter:label1\" content=\"Est. reading time\" \/>\n\t<meta name=\"twitter:data1\" content=\"4 minutes\" \/>\n<script type=\"application\/ld+json\" class=\"yoast-schema-graph\">{\"@context\":\"https:\\\/\\\/schema.org\",\"@graph\":[{\"@type\":\"WebPage\",\"@id\":\"https:\\\/\\\/world.dan.org\\\/health-medicine\\\/\",\"url\":\"https:\\\/\\\/world.dan.org\\\/health-medicine\\\/\",\"name\":\"Health &amp; Medicine - DAN World\",\"isPartOf\":{\"@id\":\"https:\\\/\\\/world.dan.org\\\/es\\\/#website\"},\"primaryImageOfPage\":{\"@id\":\"https:\\\/\\\/world.dan.org\\\/health-medicine\\\/#primaryimage\"},\"image\":{\"@id\":\"https:\\\/\\\/world.dan.org\\\/health-medicine\\\/#primaryimage\"},\"thumbnailUrl\":\"https:\\\/\\\/world.dan.org\\\/wp-content\\\/uploads\\\/2022\\\/08\\\/health-medicine-DAN-1200x600-1.jpg\",\"datePublished\":\"2020-03-27T21:54:48+00:00\",\"dateModified\":\"2026-03-17T21:18:47+00:00\",\"description\":\"DAN World health & medicine exists to provide expert medical information for the benefit of the diving public.\",\"breadcrumb\":{\"@id\":\"https:\\\/\\\/world.dan.org\\\/health-medicine\\\/#breadcrumb\"},\"inLanguage\":\"es-MX\",\"potentialAction\":[{\"@type\":\"ReadAction\",\"target\":[\"https:\\\/\\\/world.dan.org\\\/health-medicine\\\/\"]}]},{\"@type\":\"ImageObject\",\"inLanguage\":\"es-MX\",\"@id\":\"https:\\\/\\\/world.dan.org\\\/health-medicine\\\/#primaryimage\",\"url\":\"https:\\\/\\\/world.dan.org\\\/wp-content\\\/uploads\\\/2022\\\/08\\\/health-medicine-DAN-1200x600-1.jpg\",\"contentUrl\":\"https:\\\/\\\/world.dan.org\\\/wp-content\\\/uploads\\\/2022\\\/08\\\/health-medicine-DAN-1200x600-1.jpg\",\"width\":1200,\"height\":600},{\"@type\":\"BreadcrumbList\",\"@id\":\"https:\\\/\\\/world.dan.org\\\/health-medicine\\\/#breadcrumb\",\"itemListElement\":[{\"@type\":\"ListItem\",\"position\":1,\"name\":\"Home\",\"item\":\"https:\\\/\\\/world.dan.org\\\/\"},{\"@type\":\"ListItem\",\"position\":2,\"name\":\"Health &amp; Medicine\"}]},{\"@type\":\"WebSite\",\"@id\":\"https:\\\/\\\/world.dan.org\\\/es\\\/#website\",\"url\":\"https:\\\/\\\/world.dan.org\\\/es\\\/\",\"name\":\"DAN World\",\"description\":\"\",\"publisher\":{\"@id\":\"https:\\\/\\\/world.dan.org\\\/es\\\/#organization\"},\"potentialAction\":[{\"@type\":\"SearchAction\",\"target\":{\"@type\":\"EntryPoint\",\"urlTemplate\":\"https:\\\/\\\/world.dan.org\\\/es\\\/?s={search_term_string}\"},\"query-input\":{\"@type\":\"PropertyValueSpecification\",\"valueRequired\":true,\"valueName\":\"search_term_string\"}}],\"inLanguage\":\"es-MX\"},{\"@type\":\"Organization\",\"@id\":\"https:\\\/\\\/world.dan.org\\\/es\\\/#organization\",\"name\":\"DAN World\",\"url\":\"https:\\\/\\\/world.dan.org\\\/es\\\/\",\"logo\":{\"@type\":\"ImageObject\",\"inLanguage\":\"es-MX\",\"@id\":\"https:\\\/\\\/world.dan.org\\\/es\\\/#\\\/schema\\\/logo\\\/image\\\/\",\"url\":\"https:\\\/\\\/world.dan.org\\\/wp-content\\\/uploads\\\/2022\\\/04\\\/DAN-World-logo-sm-52px.svg\",\"contentUrl\":\"https:\\\/\\\/world.dan.org\\\/wp-content\\\/uploads\\\/2022\\\/04\\\/DAN-World-logo-sm-52px.svg\",\"width\":175,\"height\":52,\"caption\":\"DAN World\"},\"image\":{\"@id\":\"https:\\\/\\\/world.dan.org\\\/es\\\/#\\\/schema\\\/logo\\\/image\\\/\"}}]}<\/script>\n<!-- \/ Yoast SEO Premium plugin. -->","yoast_head_json":{"title":"Health &amp; Medicine - DAN World","description":"DAN World health &amp; medicine existe para proporcionar informaci\u00f3n m\u00e9dica especializada en beneficio del p\u00fablico buceador.","robots":{"index":"index","follow":"follow","max-snippet":"max-snippet:-1","max-image-preview":"max-image-preview:large","max-video-preview":"max-video-preview:-1"},"canonical":"https:\/\/world.dan.org\/es\/health-medicine\/","og_locale":"es_MX","og_type":"article","og_title":"Health & Medicine","og_description":"DAN World exists to provide expert medical information for the benefit of the diving public. We offer real-time assistance with dive accidents and work to prevent injuries and promote diver safety.","og_url":"https:\/\/world.dan.org\/es\/health-medicine\/","og_site_name":"DAN World","article_modified_time":"2026-03-17T21:18:47+00:00","og_image":[{"width":1024,"height":574,"url":"https:\/\/world.dan.org\/wp-content\/uploads\/2022\/06\/health-medicine-doctor-online-1024x512-1.jpg","type":"image\/jpeg"}],"twitter_card":"summary_large_image","twitter_title":"Health & Medicine","twitter_description":"DAN World health & medicine exists to provide expert medical information for the benefit of the diving public.","twitter_image":"https:\/\/world.dan.org\/wp-content\/uploads\/2022\/06\/health-medicine-doctor-online-1024x512-1.jpg","twitter_misc":{"Est. reading time":"4 minutes"},"schema":{"@context":"https:\/\/schema.org","@graph":[{"@type":"WebPage","@id":"https:\/\/world.dan.org\/health-medicine\/","url":"https:\/\/world.dan.org\/health-medicine\/","name":"Health &amp; Medicine - DAN World","isPartOf":{"@id":"https:\/\/world.dan.org\/es\/#website"},"primaryImageOfPage":{"@id":"https:\/\/world.dan.org\/health-medicine\/#primaryimage"},"image":{"@id":"https:\/\/world.dan.org\/health-medicine\/#primaryimage"},"thumbnailUrl":"https:\/\/world.dan.org\/wp-content\/uploads\/2022\/08\/health-medicine-DAN-1200x600-1.jpg","datePublished":"2020-03-27T21:54:48+00:00","dateModified":"2026-03-17T21:18:47+00:00","description":"DAN World health &amp; medicine existe para proporcionar informaci\u00f3n m\u00e9dica especializada en beneficio del p\u00fablico buceador.","breadcrumb":{"@id":"https:\/\/world.dan.org\/health-medicine\/#breadcrumb"},"inLanguage":"es-MX","potentialAction":[{"@type":"ReadAction","target":["https:\/\/world.dan.org\/health-medicine\/"]}]},{"@type":"ImageObject","inLanguage":"es-MX","@id":"https:\/\/world.dan.org\/health-medicine\/#primaryimage","url":"https:\/\/world.dan.org\/wp-content\/uploads\/2022\/08\/health-medicine-DAN-1200x600-1.jpg","contentUrl":"https:\/\/world.dan.org\/wp-content\/uploads\/2022\/08\/health-medicine-DAN-1200x600-1.jpg","width":1200,"height":600},{"@type":"BreadcrumbList","@id":"https:\/\/world.dan.org\/health-medicine\/#breadcrumb","itemListElement":[{"@type":"ListItem","position":1,"name":"Home","item":"https:\/\/world.dan.org\/"},{"@type":"ListItem","position":2,"name":"Health &amp; Medicine"}]},{"@type":"WebSite","@id":"https:\/\/world.dan.org\/es\/#website","url":"https:\/\/world.dan.org\/es\/","name":"DAN World","description":"","publisher":{"@id":"https:\/\/world.dan.org\/es\/#organization"},"potentialAction":[{"@type":"SearchAction","target":{"@type":"EntryPoint","urlTemplate":"https:\/\/world.dan.org\/es\/?s={search_term_string}"},"query-input":{"@type":"PropertyValueSpecification","valueRequired":true,"valueName":"search_term_string"}}],"inLanguage":"es-MX"},{"@type":"Organization","@id":"https:\/\/world.dan.org\/es\/#organization","name":"DAN World","url":"https:\/\/world.dan.org\/es\/","logo":{"@type":"ImageObject","inLanguage":"es-MX","@id":"https:\/\/world.dan.org\/es\/#\/schema\/logo\/image\/","url":"https:\/\/world.dan.org\/wp-content\/uploads\/2022\/04\/DAN-World-logo-sm-52px.svg","contentUrl":"https:\/\/world.dan.org\/wp-content\/uploads\/2022\/04\/DAN-World-logo-sm-52px.svg","width":175,"height":52,"caption":"DAN World"},"image":{"@id":"https:\/\/world.dan.org\/es\/#\/schema\/logo\/image\/"}}]}},"_links":{"self":[{"href":"https:\/\/world.dan.org\/es\/wp-json\/wp\/v2\/pages\/21","targetHints":{"allow":["GET"]}}],"collection":[{"href":"https:\/\/world.dan.org\/es\/wp-json\/wp\/v2\/pages"}],"about":[{"href":"https:\/\/world.dan.org\/es\/wp-json\/wp\/v2\/types\/page"}],"author":[{"embeddable":true,"href":"https:\/\/world.dan.org\/es\/wp-json\/wp\/v2\/users\/1"}],"replies":[{"embeddable":true,"href":"https:\/\/world.dan.org\/es\/wp-json\/wp\/v2\/comments?post=21"}],"version-history":[{"count":1,"href":"https:\/\/world.dan.org\/es\/wp-json\/wp\/v2\/pages\/21\/revisions"}],"predecessor-version":[{"id":35235,"href":"https:\/\/world.dan.org\/es\/wp-json\/wp\/v2\/pages\/21\/revisions\/35235"}],"wp:featuredmedia":[{"embeddable":true,"href":"https:\/\/world.dan.org\/es\/wp-json\/wp\/v2\/media\/22796"}],"wp:attachment":[{"href":"https:\/\/world.dan.org\/es\/wp-json\/wp\/v2\/media?parent=21"}],"curies":[{"name":"wp","href":"https:\/\/api.w.org\/{rel}","templated":true}]}}