{"id":211,"date":"2020-05-01T13:27:33","date_gmt":"2020-05-01T17:27:33","guid":{"rendered":"https:\/\/dan.devhammer.com\/?page_id=211"},"modified":"2026-03-17T16:36:58","modified_gmt":"2026-03-17T20:36:58","slug":"policies","status":"publish","type":"page","link":"https:\/\/world.dan.org\/es\/policies\/","title":{"rendered":"Pol\u00edticas"},"content":{"rendered":"<h2 class=\"wp-block-heading\" id=\"h-dan-social-media-policy\"><a href=\"#socialmedia\">Pol\u00edtica de redes sociales de DAN<\/a><\/h2>\n\n\n\n<h2 class=\"wp-block-heading\" id=\"h-dan-privacy-policy\"><a href=\"#privacy\">Pol\u00edtica de privacidad de DAN<\/a><\/h2>\n\n\n\n<h2 class=\"wp-block-heading\" id=\"h-cancellation-and-refund-policy\"><a href=\"#cancellation-refund\" type=\"internal\" id=\"#cancellation-refund\">Pol\u00edtica de cancelaci\u00f3n y reembolso<\/a><\/h2>\n\n\n\n<div style=\"height:100px\" aria-hidden=\"true\" class=\"wp-block-spacer\"><\/div>\n\n\n\n<hr class=\"wp-block-separator has-alpha-channel-opacity\"\/>\n\n\n\n<h2 class=\"wp-block-heading\" id=\"privacy\">Pol\u00edtica de privacidad de DAN<\/h2>\n\n\n\n<p>Divers Alert Network (DAN) se compromete a proteger su privacidad y a utilizar su informaci\u00f3n personal s\u00f3lo para procesar pedidos y brindarle el m\u00e1s alto nivel de servicio. Contin\u00fae leyendo para obtener m\u00e1s detalles sobre la pol\u00edtica de privacidad de DAN.<\/p>\n\n\n\n<p><strong>\u00bfQu\u00e9 informaci\u00f3n recogemos? \u00bfC\u00f3mo la utilizamos? \u00bfCu\u00e1nto tiempo la conservamos?<\/strong> <br>Cuando solicita un producto o se registra como miembro, recopilamos informaci\u00f3n confidencial y no confidencial, como su nombre, direcci\u00f3n de correo electr\u00f3nico, direcci\u00f3n postal e informaci\u00f3n de pago. Esto nos permite procesar y cumplir con sus pedidos y notificarle sobre el estado de su pedido. Cuando participa en un concurso o en promociones, es posible que le solicitemos su nombre, direcci\u00f3n y direcci\u00f3n de correo electr\u00f3nico para administrar el concurso y notificar a los ganadores. Tambi\u00e9n monitoreamos los patrones de tr\u00e1fico y el uso del sitio para ayudarnos a mejorar nuestro sitio e identificar problemas. Tambi\u00e9n podemos utilizar la informaci\u00f3n que recopilamos para notificarle ocasionalmente sobre cambios importantes en la funcionalidad de nuestro sitio web, nuevos servicios de DAN y anuncios que creemos que le resultar\u00e1n valiosos.<\/p>\n\n\n\n<p>Su informaci\u00f3n se mantendr\u00e1 archivada mientras tenga una cuenta activa con nosotros o por 10 a\u00f1os luego de quedar inactiva.<\/p>\n\n\n\n<p><strong>\u00bfC\u00f3mo protege DAN la informaci\u00f3n de sus miembros?<\/strong><br>Cuando realiza un pedido o utiliza nuestro formulario de afiliaci\u00f3n en l\u00ednea, le ofrecemos el uso de un servidor seguro. El software de servidor seguro (SSL) codifica toda la informaci\u00f3n que usted introduce antes de envi\u00e1rnosla. Adem\u00e1s, todos los datos de los miembros que recopilamos est\u00e1n protegidos contra el acceso no autorizado.<\/p>\n\n\n\n<p><strong>\u00bfY las \"cookies\"?<\/strong><br>Las \"cookies\" son peque\u00f1os fragmentos de informaci\u00f3n que su navegador almacena en el disco duro de su ordenador. Nuestras cookies no contienen ning\u00fan dato de identificaci\u00f3n personal, pero nos permiten conocer mejor a nuestros afiliados, ofrecer mejores funciones en l\u00ednea y almacenar art\u00edculos en su cesta de la compra entre visitas. La mayor\u00eda de los navegadores aceptan autom\u00e1ticamente las cookies, pero normalmente puede cambiar las preferencias de su navegador para evitarlo. Incluso sin cookies, puede utilizar la mayor\u00eda de las funciones de nuestro sitio. Sin embargo, no se lo recomendamos si tiene previsto comprar productos o acceder a zonas restringidas.<\/p>\n\n\n\n<p>Haga clic aqu\u00ed para ver completa la <a href=\"https:\/\/www.iubenda.com\/privacy-policy\/55636822\/cookie-policy?an=no&amp;s_ck=false&amp;newmarkup=yes\" target=\"_blank\" rel=\"noreferrer noopener\">Pol\u00edtica de Cookies de DAN.<\/a>.<\/p>\n\n\n\n<p><strong>\u00bfDivulgar\u00e1 DAN la informaci\u00f3n que recoge a terceros?<\/strong><br>DAN no vende, intercambia o alquila su informaci\u00f3n personal a terceros, excepto a empresas que proporcionan beneficios a los miembros de DAN. Como miembro de DAN, tienes derecho a solicitar, o puedes recibir, una serie de beneficios que son proporcionados por empresas distintas a DAN. Para proteger su privacidad, DAN tiene acuerdos muy espec\u00edficos con estas empresas que legalmente impiden el uso de su informaci\u00f3n personal para cualquier otro prop\u00f3sito que no sea el beneficio de miembro DAN.<\/p>\n\n\n\n<p><strong>Resumen<\/strong><br>DAN se compromete a proteger su privacidad. Utilizamos la informaci\u00f3n que recopilamos en el sitio para mejorar su experiencia general mientras visita DAN en l\u00ednea.<\/p>\n\n\n\n<p><strong>Su consentimiento<\/strong><br>Al utilizar nuestra p\u00e1gina web, das tu consentimiento para que DAN recoja y utilice esta informaci\u00f3n. Si decidimos cambiar nuestra pol\u00edtica de privacidad, publicaremos los cambios en esta p\u00e1gina para que siempre sepas qu\u00e9 informaci\u00f3n recogemos, c\u00f3mo la utilizamos y en qu\u00e9 circunstancias la revelamos.<\/p>\n\n\n\n<p><strong>D\u00edganos lo que piensa<\/strong><br>DAN agradece sus preguntas y comentarios sobre privacidad. Para enviar comentarios,&nbsp;<strong><a href=\"mailto:info@world.dan.org\">haga clic aqu\u00ed<\/a><\/strong>. <\/p>\n\n\n\n<p><strong>Controlador de datos:<\/strong><\/p>\n\n\n\n<p>Tiene derecho a ponerse en contacto con el responsable de Protecci\u00f3n de Datos para obtener informaci\u00f3n o solicitudes sobre sus datos personales o para se\u00f1alar cualquier perjuicio o problema que haya identificado.<\/p>\n\n\n\n<p>Divers Alert Network (DAN)<br>6 W Colony Place<br>Durham, NC 27705<br>U.S.A.<\/p>\n\n\n\n<p>Tel\u00e9fono: 919-684-2948<\/p>\n\n\n\n<p>Correo electr\u00f3nico:&nbsp;<a href=\"mailto:smorgan@dan.org\">smorgan@dan.org<\/a><\/p>\n\n\n\n<div style=\"height:100px\" aria-hidden=\"true\" class=\"wp-block-spacer\"><\/div>\n\n\n\n<hr class=\"wp-block-separator has-css-opacity\"\/>\n\n\n\n<h2 class=\"wp-block-heading\" id=\"socialmedia\">Pol\u00edtica de redes sociales<\/h2>\n\n\n\n<p>La misi\u00f3n de DAN es ayudar a los buceadores que necesitan asistencia m\u00e9dica de emergencia y promover la seguridad en el buceo mediante la investigaci\u00f3n, la educaci\u00f3n, los productos y los servicios de buceo. Somos conscientes de la importancia de las redes sociales como medio para comunicarnos con nuestra red de buceadores y ayudarles a obtener la asistencia que necesitan cuando y donde la necesitan. El siguiente documento describe d\u00f3nde puedes encontrarnos, qu\u00e9 puedes esperar de DAN y c\u00f3mo relacionarte con nosotros en nuestros canales sociales para disfrutar de la mejor experiencia con DAN dentro y fuera del agua.<\/p>\n\n\n\n<p><strong>D\u00f3nde encontrarnos<\/strong><br>Queremos ofrecerle la informaci\u00f3n que necesita, donde la necesita. Esto significa que puede ponerse en contacto con nosotros a trav\u00e9s de las principales redes sociales:<\/p>\n\n\n\n<ul class=\"wp-block-list\">\n<li>Facebook: <a href=\"https:\/\/www.facebook.com\/DiversAlertNetworkWorld\">Divers Alert Network World<\/a><\/li>\n\n\n\n<li>X: <a href=\"https:\/\/x.com\/DANglobalsafety\">DAN_Am\u00e9rica<\/a><\/li>\n\n\n\n<li>P\u00e1gina de empresa en LinkedIn: <a href=\"https:\/\/www.linkedin.com\/company\/divers-alert-network?trk=company_name\">Divers Alert Network<\/a><\/li>\n\n\n\n<li>YouTube: <a href=\"https:\/\/www.youtube.com\/channel\/UCcjqDOFjq4qQfRHMeIkhoZw\">DAN World<\/a><\/li>\n<\/ul>\n\n\n\n<p>Nota: Esta es la lista de canales oficiales. Cualquier otro canal que act\u00fae en nombre de DAN lo hace a t\u00edtulo no oficial.<\/p>\n\n\n\n<p><strong>Falseamiento<\/strong><br>Las personas que aparecen en las redes sociales no pueden actuar en nombre de DAN, a menos que est\u00e9n autorizadas para ello. Todas las comunicaciones oficiales deben proceder de un representante de comunicaci\u00f3n autorizado de DAN. Incluso cuando se act\u00fae en nombre de DAN, no se deben expresar las propias opiniones y posiciones como si fueran las de DAN. Cuando se utilicen las redes sociales a t\u00edtulo personal, se deben tomar precauciones para indicar que la actividad se est\u00e1 llevando a cabo como persona privada y no como empleado o portavoz de DAN.<\/p>\n\n\n\n<p><strong>Qu\u00e9 esperar<\/strong><br>Aunque estamos presentes en todas estas redes, nuestro enfoque es muy diferente en cada una de ellas. Para asegurarnos de que recibe la informaci\u00f3n que m\u00e1s le interesa, esto es lo que puede esperar de nosotros en cada red:<\/p>\n\n\n\n<p><strong><em>Facebook: <\/em><\/strong>Nuestra p\u00e1gina de Facebook es una valiosa plataforma para que los miembros de DAN interact\u00faen y compartan informaci\u00f3n, historias y consejos. Es la mejor forma que tiene DAN de interactuar con nuestros miembros a trav\u00e9s de v\u00eddeos, im\u00e1genes, art\u00edculos informativos y encuestas.<\/p>\n\n\n\n<p><strong><em>Twitter: <\/em><\/strong>Nuestra cuenta de Twitter es el mejor lugar para estar al d\u00eda de las noticias de DAN y de los principales eventos, como talleres y ferias. Twitter es tambi\u00e9n un foro excelente para responder a las preguntas e inquietudes de los miembros.<\/p>\n\n\n\n<p><strong><em>LinkedIn: <\/em><\/strong>Hay dos lugares donde puedes encontrar a DAN en LinkedIn: la p\u00e1gina oficial de nuestra empresa y la p\u00e1gina de nuestro grupo. Ambas tienen prop\u00f3sitos diferentes y se utilizan de distintas maneras. La p\u00e1gina de empresa de DAN se utiliza para actualizaciones de noticias, ofertas de empleo y para encontrar conexiones con otros profesionales de DAN. Si te haces miembro de la p\u00e1gina de grupo de DAN, te unir\u00e1s al personal de DAN, miembros, instructores, socios de la industria, miembros de la junta y portavoces clave en discusiones sobre temas que van desde la medicina y el fitness, oportunidades de formaci\u00f3n, eventos, comentarios editoriales y noticias de la industria.<\/p>\n\n\n\n<p><strong><em>YouTube:<\/em><\/strong> El canal de YouTube de DAN es el mejor recurso para ver v\u00eddeos educativos sobre seguridad en el buceo de nuestro equipo de expertos. Los espectadores pueden dejar comentarios en nuestros v\u00eddeos con preguntas que ser\u00e1n supervisadas y respondidas por nuestro equipo de expertos.<\/p>\n\n\n\n<p><strong>Queremos saber de usted<\/strong><br>DAN est\u00e1 aqu\u00ed para ayudar y queremos saber de ti. Nos esforzamos por hacer que nuestros canales sociales se sientan como una comunidad, por lo que tenemos algunas reglas para ayudar a asegurar que nuestros usuarios disfruten de una experiencia positiva y educativa:<\/p>\n\n\n\n<ul class=\"wp-block-list\">\n<li><strong>S\u00e9 educado (aunque tus opiniones puedan diferir).<\/strong> No se tolerar\u00e1 el uso frecuente y excesivo de insultos, blasfemias, palabras discriminatorias, acoso sexual o intimidaci\u00f3n. Si incurre en alguno de estos comportamientos, se le prohibir\u00e1 participar en el debate.<\/li>\n\n\n\n<li><strong>Sea relevante.<\/strong> Mantenga la conversaci\u00f3n relevante para la comunidad y a\u00f1ada valor a las conversaciones. Nos reservamos el derecho a eliminar mensajes fuera de tema, spam o promocionales.<\/li>\n\n\n\n<li><strong>S\u00e9 realista. <\/strong>Todas las publicaciones en el muro deben proceder de una persona y un perfil reales. Las publicaciones de perfiles falsos o an\u00f3nimos ser\u00e1n eliminadas.<\/li>\n<\/ul>\n\n\n\n<p>Nota: DAN se compromete a mantener conversaciones significativas con nuestros fans\/seguidores y se esfuerza por responder al mayor n\u00famero posible de preguntas y comentarios.<\/p>\n\n\n\n<p><strong>Protecci\u00f3n de datos<\/strong><br>Intentaremos responder a todas las preguntas e inquietudes lo mejor que podamos; sin embargo, con el fin de mantener la privacidad de nuestros afiliados, es posible que dirijamos cualquier pregunta m\u00e9dica o sobre seguros que requiera detalles espec\u00edficos fuera de l\u00ednea con el fin de garantizar que se mantengan los protocolos de cumplimiento de HIPPA y de seguros.<\/p>\n\n\n\n<p><strong>Divulgaciones<\/strong><br>DAN no est\u00e1 necesariamente de acuerdo ni garantiza la exactitud de todos los contenidos publicados en nuestras redes sociales. DAN no es responsable del contenido de ning\u00fan material enlazado (sitio web, art\u00edculo, etc.), ni de ning\u00fan enlace contenido en cualquier material enlazado, ni de ning\u00fan cambio o actualizaci\u00f3n de dicho material enlazado. Nada de lo publicado en las redes sociales debe considerarse un respaldo<br>(de un sitio web, un individuo o una empresa); asimismo, seguir una cuenta social, incluir una cuenta en una lista o reenviar un mensaje no constituye un respaldo de ning\u00fan tipo.<\/p>\n\n\n\n<div style=\"height:100px\" aria-hidden=\"true\" class=\"wp-block-spacer\"><\/div>\n\n\n\n<hr class=\"wp-block-separator has-alpha-channel-opacity\"\/>\n\n\n\n<h2 class=\"wp-block-heading\" id=\"cancellation-refund\">Pol\u00edtica de cancelaci\u00f3n y reembolso<\/h2>\n\n\n\n<p>Su membres\u00eda de DAN World y su seguro de accidentes de buceo pueden cancelarse y ser elegibles para un reembolso total si se cumplen los siguientes criterios:<\/p>\n\n\n\n<ul class=\"wp-block-list\">\n<li>En un plazo de 10 d\u00edas a partir de la fecha de contrataci\u00f3n de la p\u00f3liza.<\/li>\n\n\n\n<li>Solo si no se ha presentado ninguna reclamaci\u00f3n.<\/li>\n\n\n\n<li>Si a\u00fan no has emprendido el viaje<\/li>\n<\/ul>\n\n\n\n<p>Para preguntas sobre cancelaciones y reembolsos, env\u00ede un correo electr\u00f3nico a <a href=\"mailto:info@world.dan.org\">info@world.dan.org<\/a>&nbsp;<\/p>","protected":false},"excerpt":{"rendered":"<p>DAN Social Media Policy DAN Privacy Policy Cancellation and Refund Policy DAN Privacy Policy Divers Alert Network (DAN) is committed to protecting your privacy and uses your personal information only [&hellip;]<\/p>\n","protected":false},"author":1,"featured_media":0,"parent":0,"menu_order":172,"comment_status":"closed","ping_status":"closed","template":"","meta":{"_acf_changed":false,"_ef_editorial_meta_date_first-draft-date":"","_ef_editorial_meta_paragraph_assignment":"","_ef_editorial_meta_checkbox_needs-photo":"","_ef_editorial_meta_number_word-count":"","footnotes":""},"class_list":["post-211","page","type-page","status-publish","hentry"],"acf":[],"yoast_head":"<!-- This site is optimized with the Yoast SEO Premium plugin v27.4 (Yoast SEO v27.4) - https:\/\/yoast.com\/product\/yoast-seo-premium-wordpress\/ -->\n<title>Policies - DAN World<\/title>\n<meta name=\"robots\" content=\"index, follow, max-snippet:-1, max-image-preview:large, max-video-preview:-1\" \/>\n<link rel=\"canonical\" href=\"https:\/\/world.dan.org\/es\/policies\/\" \/>\n<meta property=\"og:locale\" content=\"es_MX\" \/>\n<meta property=\"og:type\" content=\"article\" \/>\n<meta property=\"og:title\" content=\"Policies\" \/>\n<meta property=\"og:description\" content=\"DAN Social Media Policy DAN Privacy Policy Cancellation and Refund Policy DAN Privacy Policy Divers Alert Network (DAN) is committed to protecting your privacy and uses your personal information only [&hellip;]\" \/>\n<meta property=\"og:url\" content=\"https:\/\/world.dan.org\/es\/policies\/\" \/>\n<meta property=\"og:site_name\" content=\"DAN World\" \/>\n<meta property=\"article:modified_time\" content=\"2026-03-17T20:36:58+00:00\" \/>\n<meta name=\"twitter:card\" content=\"summary_large_image\" \/>\n<meta name=\"twitter:label1\" content=\"Est. reading time\" \/>\n\t<meta name=\"twitter:data1\" content=\"7 minutes\" \/>\n<script type=\"application\/ld+json\" class=\"yoast-schema-graph\">{\"@context\":\"https:\\\/\\\/schema.org\",\"@graph\":[{\"@type\":\"WebPage\",\"@id\":\"https:\\\/\\\/world.dan.org\\\/policies\\\/\",\"url\":\"https:\\\/\\\/world.dan.org\\\/policies\\\/\",\"name\":\"Policies - DAN World\",\"isPartOf\":{\"@id\":\"https:\\\/\\\/world.dan.org\\\/es\\\/#website\"},\"datePublished\":\"2020-05-01T17:27:33+00:00\",\"dateModified\":\"2026-03-17T20:36:58+00:00\",\"breadcrumb\":{\"@id\":\"https:\\\/\\\/world.dan.org\\\/policies\\\/#breadcrumb\"},\"inLanguage\":\"es-MX\",\"potentialAction\":[{\"@type\":\"ReadAction\",\"target\":[\"https:\\\/\\\/world.dan.org\\\/policies\\\/\"]}]},{\"@type\":\"BreadcrumbList\",\"@id\":\"https:\\\/\\\/world.dan.org\\\/policies\\\/#breadcrumb\",\"itemListElement\":[{\"@type\":\"ListItem\",\"position\":1,\"name\":\"Home\",\"item\":\"https:\\\/\\\/world.dan.org\\\/\"},{\"@type\":\"ListItem\",\"position\":2,\"name\":\"Policies\"}]},{\"@type\":\"WebSite\",\"@id\":\"https:\\\/\\\/world.dan.org\\\/es\\\/#website\",\"url\":\"https:\\\/\\\/world.dan.org\\\/es\\\/\",\"name\":\"DAN World\",\"description\":\"\",\"publisher\":{\"@id\":\"https:\\\/\\\/world.dan.org\\\/es\\\/#organization\"},\"potentialAction\":[{\"@type\":\"SearchAction\",\"target\":{\"@type\":\"EntryPoint\",\"urlTemplate\":\"https:\\\/\\\/world.dan.org\\\/es\\\/?s={search_term_string}\"},\"query-input\":{\"@type\":\"PropertyValueSpecification\",\"valueRequired\":true,\"valueName\":\"search_term_string\"}}],\"inLanguage\":\"es-MX\"},{\"@type\":\"Organization\",\"@id\":\"https:\\\/\\\/world.dan.org\\\/es\\\/#organization\",\"name\":\"DAN World\",\"url\":\"https:\\\/\\\/world.dan.org\\\/es\\\/\",\"logo\":{\"@type\":\"ImageObject\",\"inLanguage\":\"es-MX\",\"@id\":\"https:\\\/\\\/world.dan.org\\\/es\\\/#\\\/schema\\\/logo\\\/image\\\/\",\"url\":\"https:\\\/\\\/world.dan.org\\\/wp-content\\\/uploads\\\/2022\\\/04\\\/DAN-World-logo-sm-52px.svg\",\"contentUrl\":\"https:\\\/\\\/world.dan.org\\\/wp-content\\\/uploads\\\/2022\\\/04\\\/DAN-World-logo-sm-52px.svg\",\"width\":175,\"height\":52,\"caption\":\"DAN World\"},\"image\":{\"@id\":\"https:\\\/\\\/world.dan.org\\\/es\\\/#\\\/schema\\\/logo\\\/image\\\/\"}}]}<\/script>\n<!-- \/ Yoast SEO Premium plugin. -->","yoast_head_json":{"title":"Pol\u00edticas - DAN World","robots":{"index":"index","follow":"follow","max-snippet":"max-snippet:-1","max-image-preview":"max-image-preview:large","max-video-preview":"max-video-preview:-1"},"canonical":"https:\/\/world.dan.org\/es\/policies\/","og_locale":"es_MX","og_type":"article","og_title":"Policies","og_description":"DAN Social Media Policy DAN Privacy Policy Cancellation and Refund Policy DAN Privacy Policy Divers Alert Network (DAN) is committed to protecting your privacy and uses your personal information only [&hellip;]","og_url":"https:\/\/world.dan.org\/es\/policies\/","og_site_name":"DAN World","article_modified_time":"2026-03-17T20:36:58+00:00","twitter_card":"summary_large_image","twitter_misc":{"Est. reading time":"7 minutes"},"schema":{"@context":"https:\/\/schema.org","@graph":[{"@type":"WebPage","@id":"https:\/\/world.dan.org\/policies\/","url":"https:\/\/world.dan.org\/policies\/","name":"Pol\u00edticas - DAN World","isPartOf":{"@id":"https:\/\/world.dan.org\/es\/#website"},"datePublished":"2020-05-01T17:27:33+00:00","dateModified":"2026-03-17T20:36:58+00:00","breadcrumb":{"@id":"https:\/\/world.dan.org\/policies\/#breadcrumb"},"inLanguage":"es-MX","potentialAction":[{"@type":"ReadAction","target":["https:\/\/world.dan.org\/policies\/"]}]},{"@type":"BreadcrumbList","@id":"https:\/\/world.dan.org\/policies\/#breadcrumb","itemListElement":[{"@type":"ListItem","position":1,"name":"Home","item":"https:\/\/world.dan.org\/"},{"@type":"ListItem","position":2,"name":"Policies"}]},{"@type":"WebSite","@id":"https:\/\/world.dan.org\/es\/#website","url":"https:\/\/world.dan.org\/es\/","name":"DAN World","description":"","publisher":{"@id":"https:\/\/world.dan.org\/es\/#organization"},"potentialAction":[{"@type":"SearchAction","target":{"@type":"EntryPoint","urlTemplate":"https:\/\/world.dan.org\/es\/?s={search_term_string}"},"query-input":{"@type":"PropertyValueSpecification","valueRequired":true,"valueName":"search_term_string"}}],"inLanguage":"es-MX"},{"@type":"Organization","@id":"https:\/\/world.dan.org\/es\/#organization","name":"DAN World","url":"https:\/\/world.dan.org\/es\/","logo":{"@type":"ImageObject","inLanguage":"es-MX","@id":"https:\/\/world.dan.org\/es\/#\/schema\/logo\/image\/","url":"https:\/\/world.dan.org\/wp-content\/uploads\/2022\/04\/DAN-World-logo-sm-52px.svg","contentUrl":"https:\/\/world.dan.org\/wp-content\/uploads\/2022\/04\/DAN-World-logo-sm-52px.svg","width":175,"height":52,"caption":"DAN World"},"image":{"@id":"https:\/\/world.dan.org\/es\/#\/schema\/logo\/image\/"}}]}},"_links":{"self":[{"href":"https:\/\/world.dan.org\/es\/wp-json\/wp\/v2\/pages\/211","targetHints":{"allow":["GET"]}}],"collection":[{"href":"https:\/\/world.dan.org\/es\/wp-json\/wp\/v2\/pages"}],"about":[{"href":"https:\/\/world.dan.org\/es\/wp-json\/wp\/v2\/types\/page"}],"author":[{"embeddable":true,"href":"https:\/\/world.dan.org\/es\/wp-json\/wp\/v2\/users\/1"}],"replies":[{"embeddable":true,"href":"https:\/\/world.dan.org\/es\/wp-json\/wp\/v2\/comments?post=211"}],"version-history":[{"count":3,"href":"https:\/\/world.dan.org\/es\/wp-json\/wp\/v2\/pages\/211\/revisions"}],"predecessor-version":[{"id":35225,"href":"https:\/\/world.dan.org\/es\/wp-json\/wp\/v2\/pages\/211\/revisions\/35225"}],"wp:attachment":[{"href":"https:\/\/world.dan.org\/es\/wp-json\/wp\/v2\/media?parent=211"}],"curies":[{"name":"wp","href":"https:\/\/api.w.org\/{rel}","templated":true}]}}