{"id":213,"date":"2020-05-01T13:27:56","date_gmt":"2020-05-01T17:27:56","guid":{"rendered":"https:\/\/dan.devhammer.com\/?page_id=213"},"modified":"2020-08-19T16:18:41","modified_gmt":"2020-08-19T20:18:41","slug":"terms-conditions","status":"publish","type":"page","link":"https:\/\/world.dan.org\/es\/terms-conditions\/","title":{"rendered":"T\u00e9rminos y condiciones"},"content":{"rendered":"<p><strong>Derechos de autor<\/strong><\/p>\n\n\n\n<p>Todo el contenido incluido en este sitio, tal como texto, gr\u00e1ficos, logotipos, \u00edconos de botones, im\u00e1genes, clips de audio y software, es propiedad de Divers Alert Network, Inc. (DAN) o de sus proveedores de contenido y est\u00e1 protegido por las leyes de derechos de autor de EE.UU. e internacionales. La compilaci\u00f3n (es decir, la recopilaci\u00f3n, el arreglo y el ensamblaje) de todo el contenido de este sitio es propiedad exclusiva de Divers Alert Network, Inc. y est\u00e1 protegida por las leyes estadounidenses e internacionales de derechos de autor. Todo el software utilizado en este sitio es propiedad de Divers Alert Network, Inc. o de sus proveedores de software y est\u00e1 protegido por las leyes estadounidenses e internacionales de derechos de autor. El contenido y el software de este sitio pueden utilizarse como recurso. Cualquier otro uso, incluyendo la reproducci\u00f3n, modificaci\u00f3n, distribuci\u00f3n, transmisi\u00f3n, republicaci\u00f3n, exhibici\u00f3n o ejecuci\u00f3n del contenido de este sitio est\u00e1 estrictamente prohibido. Asimismo, queda terminantemente prohibida la recopilaci\u00f3n de direcciones de correo electr\u00f3nico con el fin de enviar mensajes no solicitados.<\/p>\n\n\n\n<p><strong>Marcas<\/strong><\/p>\n\n\n\n<p>DAN y el logotipo de DAN son marcas registradas de Divers Alert Network, Inc. en los Estados Unidos y otros pa\u00edses. Las marcas registradas de DAN no pueden ser usadas en conexi\u00f3n con ning\u00fan producto o servicio que no sea un producto de DAN sin permiso previo por escrito, de ninguna manera que pueda causar confusi\u00f3n entre el p\u00fablico, o de ninguna manera que menosprecie o desacredite a Divers Alert Network.<\/p>\n\n\n\n<p><strong>Descargo de responsabilidad<\/strong><\/p>\n\n\n\n<p>DIVERS ALERT NETWORK PROPORCIONA ESTE SITIO \"TAL CUAL\". DIVERS ALERT NETWORK NO OFRECE GARANT\u00cdAS DE NING\u00daN TIPO, EXPRESAS O IMPL\u00cdCITAS, EN CUANTO AL FUNCIONAMIENTO DEL SITIO, LA INFORMACI\u00d3N, EL CONTENIDO, LOS MATERIALES O LOS PRODUCTOS INCLUIDOS EN ESTE SITIO. EN LA MEDIDA EN QUE LO PERMITA LA LEGISLACI\u00d3N APLICABLE, DIVERS ALERT NETWORK RECHAZA TODA GARANT\u00cdA, EXPRESA O IMPL\u00cdCITA, INCLUIDAS, ENTRE OTRAS, LAS GARANT\u00cdAS IMPL\u00cdCITAS DE COMERCIABILIDAD E IDONEIDAD PARA UN FIN DETERMINADO. DIVERS ALERT NETWORK NO SER\u00c1 RESPONSABLE DE NING\u00daN DA\u00d1O DE NING\u00daN TIPO DERIVADO DEL USO DE ESTE SITIO, INCLUIDOS, ENTRE OTROS, LOS DA\u00d1OS DIRECTOS, INDIRECTOS, INCIDENTALES, PUNITIVOS Y CONSECUENTES.<\/p>\n\n\n\n<p><strong>Legislaci\u00f3n aplicable<\/strong><\/p>\n\n\n\n<p>Este sitio es creado y controlado por Divers Alert Network, Inc. en el Estado de Carolina del Norte, EE.UU.. Como tal, las leyes del Estado de Carolina del Norte regir\u00e1n estos descargos de responsabilidad, t\u00e9rminos y condiciones, sin dar efecto a ning\u00fan principio de conflicto de leyes. Nos reservamos el derecho a realizar cambios en nuestro sitio y en estos descargos de responsabilidad, t\u00e9rminos y condiciones en cualquier momento.<\/p>\n\n\n\n<p><strong>Nuestra direcci\u00f3n<\/strong><\/p>\n\n\n\n<p>Divers Alert Network<br>6 West Colony Place<br>Durham, NC 27705<\/p>\n\n\n\n<p><\/p>","protected":false},"excerpt":{"rendered":"<p>Copyright All content included on this site, such as text, graphics, logos, button icons, images, audio clips and software, is the property of Divers Alert Network, Inc. (DAN) or its [&hellip;]<\/p>\n","protected":false},"author":1,"featured_media":0,"parent":0,"menu_order":194,"comment_status":"closed","ping_status":"closed","template":"","meta":{"_acf_changed":false,"_ef_editorial_meta_date_first-draft-date":"","_ef_editorial_meta_paragraph_assignment":"","_ef_editorial_meta_checkbox_needs-photo":"","_ef_editorial_meta_number_word-count":"","footnotes":""},"class_list":["post-213","page","type-page","status-publish","hentry"],"acf":[],"yoast_head":"<!-- This site is optimized with the Yoast SEO Premium plugin v27.4 (Yoast SEO v27.4) - https:\/\/yoast.com\/product\/yoast-seo-premium-wordpress\/ -->\n<title>Terms &amp; Conditions - DAN World<\/title>\n<meta name=\"robots\" content=\"index, follow, max-snippet:-1, max-image-preview:large, max-video-preview:-1\" \/>\n<link rel=\"canonical\" href=\"https:\/\/world.dan.org\/es\/terms-conditions\/\" \/>\n<meta property=\"og:locale\" content=\"es_MX\" \/>\n<meta property=\"og:type\" content=\"article\" \/>\n<meta property=\"og:title\" content=\"Terms &amp; Conditions\" \/>\n<meta property=\"og:description\" content=\"Copyright All content included on this site, such as text, graphics, logos, button icons, images, audio clips and software, is the property of Divers Alert Network, Inc. (DAN) or its [&hellip;]\" \/>\n<meta property=\"og:url\" content=\"https:\/\/world.dan.org\/es\/terms-conditions\/\" \/>\n<meta property=\"og:site_name\" content=\"DAN World\" \/>\n<meta property=\"article:modified_time\" content=\"2020-08-19T20:18:41+00:00\" \/>\n<meta name=\"twitter:card\" content=\"summary_large_image\" \/>\n<meta name=\"twitter:label1\" content=\"Est. reading time\" \/>\n\t<meta name=\"twitter:data1\" content=\"2 minutes\" \/>\n<script type=\"application\/ld+json\" class=\"yoast-schema-graph\">{\"@context\":\"https:\\\/\\\/schema.org\",\"@graph\":[{\"@type\":\"WebPage\",\"@id\":\"https:\\\/\\\/world.dan.org\\\/terms-conditions\\\/\",\"url\":\"https:\\\/\\\/world.dan.org\\\/terms-conditions\\\/\",\"name\":\"Terms & Conditions - DAN World\",\"isPartOf\":{\"@id\":\"https:\\\/\\\/world.dan.org\\\/es\\\/#website\"},\"datePublished\":\"2020-05-01T17:27:56+00:00\",\"dateModified\":\"2020-08-19T20:18:41+00:00\",\"breadcrumb\":{\"@id\":\"https:\\\/\\\/world.dan.org\\\/terms-conditions\\\/#breadcrumb\"},\"inLanguage\":\"es-MX\",\"potentialAction\":[{\"@type\":\"ReadAction\",\"target\":[\"https:\\\/\\\/world.dan.org\\\/terms-conditions\\\/\"]}]},{\"@type\":\"BreadcrumbList\",\"@id\":\"https:\\\/\\\/world.dan.org\\\/terms-conditions\\\/#breadcrumb\",\"itemListElement\":[{\"@type\":\"ListItem\",\"position\":1,\"name\":\"Home\",\"item\":\"https:\\\/\\\/world.dan.org\\\/\"},{\"@type\":\"ListItem\",\"position\":2,\"name\":\"Terms &#038; Conditions\"}]},{\"@type\":\"WebSite\",\"@id\":\"https:\\\/\\\/world.dan.org\\\/es\\\/#website\",\"url\":\"https:\\\/\\\/world.dan.org\\\/es\\\/\",\"name\":\"DAN World\",\"description\":\"\",\"publisher\":{\"@id\":\"https:\\\/\\\/world.dan.org\\\/es\\\/#organization\"},\"potentialAction\":[{\"@type\":\"SearchAction\",\"target\":{\"@type\":\"EntryPoint\",\"urlTemplate\":\"https:\\\/\\\/world.dan.org\\\/es\\\/?s={search_term_string}\"},\"query-input\":{\"@type\":\"PropertyValueSpecification\",\"valueRequired\":true,\"valueName\":\"search_term_string\"}}],\"inLanguage\":\"es-MX\"},{\"@type\":\"Organization\",\"@id\":\"https:\\\/\\\/world.dan.org\\\/es\\\/#organization\",\"name\":\"DAN World\",\"url\":\"https:\\\/\\\/world.dan.org\\\/es\\\/\",\"logo\":{\"@type\":\"ImageObject\",\"inLanguage\":\"es-MX\",\"@id\":\"https:\\\/\\\/world.dan.org\\\/es\\\/#\\\/schema\\\/logo\\\/image\\\/\",\"url\":\"https:\\\/\\\/world.dan.org\\\/wp-content\\\/uploads\\\/2022\\\/04\\\/DAN-World-logo-sm-52px.svg\",\"contentUrl\":\"https:\\\/\\\/world.dan.org\\\/wp-content\\\/uploads\\\/2022\\\/04\\\/DAN-World-logo-sm-52px.svg\",\"width\":175,\"height\":52,\"caption\":\"DAN World\"},\"image\":{\"@id\":\"https:\\\/\\\/world.dan.org\\\/es\\\/#\\\/schema\\\/logo\\\/image\\\/\"}}]}<\/script>\n<!-- \/ Yoast SEO Premium plugin. -->","yoast_head_json":{"title":"T\u00e9rminos y condiciones - DAN World","robots":{"index":"index","follow":"follow","max-snippet":"max-snippet:-1","max-image-preview":"max-image-preview:large","max-video-preview":"max-video-preview:-1"},"canonical":"https:\/\/world.dan.org\/es\/terms-conditions\/","og_locale":"es_MX","og_type":"article","og_title":"Terms & Conditions","og_description":"Copyright All content included on this site, such as text, graphics, logos, button icons, images, audio clips and software, is the property of Divers Alert Network, Inc. (DAN) or its [&hellip;]","og_url":"https:\/\/world.dan.org\/es\/terms-conditions\/","og_site_name":"DAN World","article_modified_time":"2020-08-19T20:18:41+00:00","twitter_card":"summary_large_image","twitter_misc":{"Est. reading time":"2 minutes"},"schema":{"@context":"https:\/\/schema.org","@graph":[{"@type":"WebPage","@id":"https:\/\/world.dan.org\/terms-conditions\/","url":"https:\/\/world.dan.org\/terms-conditions\/","name":"T\u00e9rminos y condiciones - DAN World","isPartOf":{"@id":"https:\/\/world.dan.org\/es\/#website"},"datePublished":"2020-05-01T17:27:56+00:00","dateModified":"2020-08-19T20:18:41+00:00","breadcrumb":{"@id":"https:\/\/world.dan.org\/terms-conditions\/#breadcrumb"},"inLanguage":"es-MX","potentialAction":[{"@type":"ReadAction","target":["https:\/\/world.dan.org\/terms-conditions\/"]}]},{"@type":"BreadcrumbList","@id":"https:\/\/world.dan.org\/terms-conditions\/#breadcrumb","itemListElement":[{"@type":"ListItem","position":1,"name":"Home","item":"https:\/\/world.dan.org\/"},{"@type":"ListItem","position":2,"name":"Terms &#038; Conditions"}]},{"@type":"WebSite","@id":"https:\/\/world.dan.org\/es\/#website","url":"https:\/\/world.dan.org\/es\/","name":"DAN World","description":"","publisher":{"@id":"https:\/\/world.dan.org\/es\/#organization"},"potentialAction":[{"@type":"SearchAction","target":{"@type":"EntryPoint","urlTemplate":"https:\/\/world.dan.org\/es\/?s={search_term_string}"},"query-input":{"@type":"PropertyValueSpecification","valueRequired":true,"valueName":"search_term_string"}}],"inLanguage":"es-MX"},{"@type":"Organization","@id":"https:\/\/world.dan.org\/es\/#organization","name":"DAN World","url":"https:\/\/world.dan.org\/es\/","logo":{"@type":"ImageObject","inLanguage":"es-MX","@id":"https:\/\/world.dan.org\/es\/#\/schema\/logo\/image\/","url":"https:\/\/world.dan.org\/wp-content\/uploads\/2022\/04\/DAN-World-logo-sm-52px.svg","contentUrl":"https:\/\/world.dan.org\/wp-content\/uploads\/2022\/04\/DAN-World-logo-sm-52px.svg","width":175,"height":52,"caption":"DAN World"},"image":{"@id":"https:\/\/world.dan.org\/es\/#\/schema\/logo\/image\/"}}]}},"_links":{"self":[{"href":"https:\/\/world.dan.org\/es\/wp-json\/wp\/v2\/pages\/213","targetHints":{"allow":["GET"]}}],"collection":[{"href":"https:\/\/world.dan.org\/es\/wp-json\/wp\/v2\/pages"}],"about":[{"href":"https:\/\/world.dan.org\/es\/wp-json\/wp\/v2\/types\/page"}],"author":[{"embeddable":true,"href":"https:\/\/world.dan.org\/es\/wp-json\/wp\/v2\/users\/1"}],"replies":[{"embeddable":true,"href":"https:\/\/world.dan.org\/es\/wp-json\/wp\/v2\/comments?post=213"}],"version-history":[{"count":0,"href":"https:\/\/world.dan.org\/es\/wp-json\/wp\/v2\/pages\/213\/revisions"}],"wp:attachment":[{"href":"https:\/\/world.dan.org\/es\/wp-json\/wp\/v2\/media?parent=213"}],"curies":[{"name":"wp","href":"https:\/\/api.w.org\/{rel}","templated":true}]}}