{"id":21583,"date":"2022-05-10T09:07:36","date_gmt":"2022-05-10T13:07:36","guid":{"rendered":"https:\/\/world.dan.org\/?page_id=21583"},"modified":"2025-05-13T13:57:11","modified_gmt":"2025-05-13T17:57:11","slug":"dan-world-membership-insurance-terms-conditions","status":"publish","type":"page","link":"https:\/\/world.dan.org\/es\/membership-coverage\/australia\/dan-world-membership-insurance-terms-conditions\/","title":{"rendered":"Condiciones de afiliaci\u00f3n y seguro DAN World"},"content":{"rendered":"<p><em>Estos T\u00e9rminos y Condiciones son la continuaci\u00f3n de la Solicitud de Afiliaci\u00f3n y Seguro online de DAN World<\/em><\/p>\n\n\n\n<p>Availability of services and benefits for evacuation or injury insurance commences on acceptance of an application for membership of DAN World. The applicant is required to complete the application fully and in good faith.<br><br>No se proporciona cobertura para ninguna prestaci\u00f3n de evacuaci\u00f3n, m\u00e9dica, param\u00e9dica o de otro tipo por lesiones que resulten o a las que haya contribuido materialmente, directa o indirectamente, cualquier actividad de buceo o de otro tipo en la que haya participado el solicitante antes y hasta el momento de la aceptaci\u00f3n de la solicitud por DAN World, independientemente de la fecha en la que se presente cualquier reclamaci\u00f3n de cobertura por o en nombre del solicitante.<br><br>Provision of Dive Injury Insurance is dependant upon the acceptance of your application for insurance by Honan Insurance Group Pty Ltd&nbsp;(ABN 67 005 372 396 AFSL246749) (\u201cHIG\u201d). The Dive Injury Insurance Plans are issued by AIG Australia Limited (\u201cAIG\u201d) (ABN 93 004 727 753 AFSL 381686) in consultation with HIG and subject to terms, conditions and exclusions. HIG has appointed DAN World Ltd (ABN 55 324 165 878) (\u201cDAN\u201d) as its authorised representative (AR No. 001274753) to arrange the Dive Injury Insurance Plans.<\/p>\n\n\n\n<p>Su correo electr\u00f3nico de confirmaci\u00f3n de la cobertura DAN le ser\u00e1 proporcionado como prueba de su cobertura y detallar\u00e1 la fecha en la que comienza su cobertura y la fecha en la que tambi\u00e9n expirar\u00e1. Hasta ese momento no estar\u00e1 asegurado.<\/p>\n\n\n\n<p>NOTA: Las tasas e impuestos aplicables est\u00e1n incluidos en los precios de todas las afiliaciones y seguros en Australia, seg\u00fan corresponda.<\/p>\n\n\n\n<p><strong>Consejos generales Advertencia<\/strong>&nbsp;- Es importante que entiendas y est\u00e9s satisfecho con la p\u00f3liza que DAN World puede organizar para ti. DAN World puede darte informaci\u00f3n general para ayudarte a decidir, pero no puede aconsejarte sobre si los t\u00e9rminos son espec\u00edficamente apropiados para tus objetivos individuales, situaci\u00f3n financiera o necesidades. Por lo tanto, DAN World le recomienda que lea detenidamente el <a href=\"https:\/\/world.dan.org\/wp-content\/uploads\/2023\/10\/ar-fsg-final-revised-1-november-2023.pdf\">Financial Services Guide<\/a>,&nbsp;<a href=\"https:\/\/world.dan.org\/wp-content\/uploads\/2025\/04\/2025-April-DAN-World-Diving-Accident-Insurance.pdf\" target=\"_blank\" rel=\"noreferrer noopener\">Product Disclosure Statement and Terms<\/a>,&nbsp;and <a href=\"https:\/\/world.dan.org\/wp-content\/uploads\/2025\/04\/DAN-World-Diving-Accident-Insurance-TMD-02-2025-D1-002.pdf\" target=\"_blank\" rel=\"noreferrer noopener\">Determinaci\u00f3n del mercado destinatario<\/a>y otra informaci\u00f3n que DAN World proporciona antes de decidir.<\/p>\n\n\n\n<p><strong>DIVULGACI\u00d3N<\/strong><br>Antes de suscribir un contrato de seguro general con una aseguradora, usted tiene la obligaci\u00f3n, en virtud de la Ley de Contratos de Seguro de 1984 (Insurance Contracts Act 1984), de revelar a la aseguradora toda cuesti\u00f3n que usted sepa, o que razonablemente pueda esperarse que sepa, que es relevante para la decisi\u00f3n de la aseguradora de aceptar o no el riesgo del seguro y, en caso afirmativo, en qu\u00e9 condiciones.<\/p>\n\n\n\n<p>Su deber, sin embargo, no exige la divulgaci\u00f3n de los asuntos:<\/p>\n\n\n\n<ul class=\"wp-block-list\">\n<li>que disminuyen el riesgo que debe asumir el asegurador,<\/li>\n\n\n\n<li>que son de dominio p\u00fablico,<\/li>\n\n\n\n<li>que su aseguradora conoce o, en el curso normal de sus actividades, deber\u00eda conocer, o<\/li>\n\n\n\n<li>en los que el asegurador renuncia al cumplimiento de su obligaci\u00f3n.<\/li>\n<\/ul>\n\n\n\n<p>Si usted suscribe un contrato de seguro en nombre de cualquier filial vinculada o empresa vinculada del asegurado designado, dicha filial o empresa vinculada tiene el mismo deber de informaci\u00f3n que el asegurado designado. Usted acepta actuar en nombre de todos los asegurados de este seguro.<\/p>\n\n\n\n<p><strong>Confidencialidad<\/strong><br>Si usted incumple su deber de revelaci\u00f3n, la aseguradora puede tener derecho a reducir su responsabilidad en virtud del contrato con respecto a un siniestro, o puede rescindir el contrato. Si su incumplimiento es fraudulento, la aseguradora tambi\u00e9n puede tener la opci\u00f3n de anular el contrato desde el principio. TENGA EN CUENTA QUE SU DEBER SE APLICA TAMBI\u00c9N CUANDO RENUEVA, ENMIENDA, MODIFICA, VAR\u00cdA O ENDOSA UNA P\u00d3LIZA.<\/p>\n\n\n\n<p><strong>M\u00c1XIMA BUENA FE<\/strong><br>Todo contrato de seguro est\u00e1 sujeto a la doctrina de la m\u00e1xima buena fe, que exige que las partes del contrato act\u00faen entre s\u00ed con honestidad y equidad, evitando cualquier intento de enga\u00f1o al asumir y cumplir las obligaciones contractuales. El incumplimiento por parte del asegurado puede permitir al asegurador negarse a pagar una reclamaci\u00f3n o cancelar la p\u00f3liza.<\/p>\n\n\n\n<p><strong>Declaraci\u00f3n de divulgaci\u00f3n del producto<\/strong><br>Existe una Declaraci\u00f3n de Divulgaci\u00f3n del Producto para este producto. Debe obtener una copia de la PDS y tener en cuenta la declaraci\u00f3n antes de tomar cualquier decisi\u00f3n sobre la adquisici\u00f3n del producto.  Para obtener una copia de la PDS, p\u00f3ngase en contacto con DAN World o con&nbsp;<a href=\"https:\/\/world.dan.org\/wp-content\/uploads\/2024\/05\/dan-world-diving-accident-insurance-21188475.1-10-2023_080824.pdf\">haga clic aqu\u00ed<\/a>&nbsp;para descargar una copia.&nbsp;<\/p>\n\n\n\n<p>Al enviar este formulario, la persona asegurada propuesta declara lo siguiente:<\/p>\n\n\n\n<ol class=\"wp-block-list\">\n<li>Todos los solicitantes del seguro en este formulario son nacionales australianos o residir\u00e1n legalmente en Australia durante al menos un a\u00f1o.<\/li>\n\n\n\n<li>Soy la persona asegurada y he le\u00eddo y comprendido las preguntas de este formulario. En particular, entiendo la obligaci\u00f3n de informar a la aseguradora, tal como se indica en este sitio web.<\/li>\n\n\n\n<li>Reconozco que la Aseguradora se basar\u00e1 en las declaraciones contenidas en este formulario y en otras personas cualificadas en relaci\u00f3n con este seguro para decidir si emite la cobertura. Reconozco que el asegurador no tendr\u00e1 responsabilidad alguna hasta que acepte esta solicitud.<\/li>\n\n\n\n<li>Declaro que todas las declaraciones que hago a la aseguradora en relaci\u00f3n con este seguro y este formulario son verdaderas y correctas. Reconozco que la informaci\u00f3n solicitada y contenida en este formulario se conservar\u00e1 de conformidad con la Ley de Protecci\u00f3n de Datos de 1988 (Commonwealth).<\/li>\n\n\n\n<li>I declare that I have read the Product Disclosure Statement and Financial Services Guide and agree to the conditions outlined.<\/li>\n<\/ol>","protected":false},"excerpt":{"rendered":"<p>These Terms &amp; Conditions are continued from the online DAN World Membership &amp; Insurance Application Availability of services and benefits for evacuation or injury insurance commences on acceptance of an [&hellip;]<\/p>\n","protected":false},"author":19,"featured_media":0,"parent":18214,"menu_order":28,"comment_status":"closed","ping_status":"closed","template":"","meta":{"_acf_changed":false,"_ef_editorial_meta_date_first-draft-date":"","_ef_editorial_meta_paragraph_assignment":"","_ef_editorial_meta_checkbox_needs-photo":"","_ef_editorial_meta_number_word-count":"","footnotes":""},"class_list":["post-21583","page","type-page","status-publish","hentry"],"acf":[],"yoast_head":"<!-- This site is optimized with the Yoast SEO Premium plugin v27.0 (Yoast SEO v27.3) - https:\/\/yoast.com\/product\/yoast-seo-premium-wordpress\/ -->\n<title>DAN World Membership &amp; Insurance Terms &amp; Conditions - DAN World<\/title>\n<meta name=\"robots\" content=\"index, follow, max-snippet:-1, max-image-preview:large, max-video-preview:-1\" \/>\n<link rel=\"canonical\" href=\"https:\/\/world.dan.org\/es\/membership-coverage\/australia\/dan-world-membership-insurance-terms-conditions\/\" \/>\n<meta property=\"og:locale\" content=\"es_MX\" \/>\n<meta property=\"og:type\" content=\"article\" \/>\n<meta property=\"og:title\" content=\"DAN World Membership &amp; Insurance Terms &amp; Conditions\" \/>\n<meta property=\"og:description\" content=\"These Terms &amp; Conditions are continued from the online DAN World Membership &amp; Insurance Application Availability of services and benefits for evacuation or injury insurance commences on acceptance of an [&hellip;]\" \/>\n<meta property=\"og:url\" content=\"https:\/\/world.dan.org\/es\/membership-coverage\/australia\/dan-world-membership-insurance-terms-conditions\/\" \/>\n<meta property=\"og:site_name\" content=\"DAN World\" \/>\n<meta property=\"article:modified_time\" content=\"2025-05-13T17:57:11+00:00\" \/>\n<meta name=\"twitter:card\" content=\"summary_large_image\" \/>\n<meta name=\"twitter:label1\" content=\"Est. reading time\" \/>\n\t<meta name=\"twitter:data1\" content=\"4 minutes\" \/>\n<script type=\"application\/ld+json\" class=\"yoast-schema-graph\">{\"@context\":\"https:\\\/\\\/schema.org\",\"@graph\":[{\"@type\":\"WebPage\",\"@id\":\"https:\\\/\\\/world.dan.org\\\/membership-coverage\\\/australia\\\/dan-world-membership-insurance-terms-conditions\\\/\",\"url\":\"https:\\\/\\\/world.dan.org\\\/membership-coverage\\\/australia\\\/dan-world-membership-insurance-terms-conditions\\\/\",\"name\":\"DAN World Membership & Insurance Terms & Conditions - DAN World\",\"isPartOf\":{\"@id\":\"https:\\\/\\\/world.dan.org\\\/es\\\/#website\"},\"datePublished\":\"2022-05-10T13:07:36+00:00\",\"dateModified\":\"2025-05-13T17:57:11+00:00\",\"breadcrumb\":{\"@id\":\"https:\\\/\\\/world.dan.org\\\/membership-coverage\\\/australia\\\/dan-world-membership-insurance-terms-conditions\\\/#breadcrumb\"},\"inLanguage\":\"es-MX\",\"potentialAction\":[{\"@type\":\"ReadAction\",\"target\":[\"https:\\\/\\\/world.dan.org\\\/membership-coverage\\\/australia\\\/dan-world-membership-insurance-terms-conditions\\\/\"]}]},{\"@type\":\"BreadcrumbList\",\"@id\":\"https:\\\/\\\/world.dan.org\\\/membership-coverage\\\/australia\\\/dan-world-membership-insurance-terms-conditions\\\/#breadcrumb\",\"itemListElement\":[{\"@type\":\"ListItem\",\"position\":1,\"name\":\"Home\",\"item\":\"https:\\\/\\\/world.dan.org\\\/\"},{\"@type\":\"ListItem\",\"position\":2,\"name\":\"Membership &#038; Coverage\",\"item\":\"https:\\\/\\\/world.dan.org\\\/membership-coverage\\\/\"},{\"@type\":\"ListItem\",\"position\":3,\"name\":\"Australia\",\"item\":\"https:\\\/\\\/world.dan.org\\\/membership-coverage\\\/australia\\\/\"},{\"@type\":\"ListItem\",\"position\":4,\"name\":\"DAN World Membership &#038; Insurance Terms &#038; Conditions\"}]},{\"@type\":\"WebSite\",\"@id\":\"https:\\\/\\\/world.dan.org\\\/es\\\/#website\",\"url\":\"https:\\\/\\\/world.dan.org\\\/es\\\/\",\"name\":\"DAN World\",\"description\":\"\",\"publisher\":{\"@id\":\"https:\\\/\\\/world.dan.org\\\/es\\\/#organization\"},\"potentialAction\":[{\"@type\":\"SearchAction\",\"target\":{\"@type\":\"EntryPoint\",\"urlTemplate\":\"https:\\\/\\\/world.dan.org\\\/es\\\/?s={search_term_string}\"},\"query-input\":{\"@type\":\"PropertyValueSpecification\",\"valueRequired\":true,\"valueName\":\"search_term_string\"}}],\"inLanguage\":\"es-MX\"},{\"@type\":\"Organization\",\"@id\":\"https:\\\/\\\/world.dan.org\\\/es\\\/#organization\",\"name\":\"DAN World\",\"url\":\"https:\\\/\\\/world.dan.org\\\/es\\\/\",\"logo\":{\"@type\":\"ImageObject\",\"inLanguage\":\"es-MX\",\"@id\":\"https:\\\/\\\/world.dan.org\\\/es\\\/#\\\/schema\\\/logo\\\/image\\\/\",\"url\":\"https:\\\/\\\/world.dan.org\\\/wp-content\\\/uploads\\\/2022\\\/04\\\/DAN-World-logo-sm-52px.svg\",\"contentUrl\":\"https:\\\/\\\/world.dan.org\\\/wp-content\\\/uploads\\\/2022\\\/04\\\/DAN-World-logo-sm-52px.svg\",\"width\":175,\"height\":52,\"caption\":\"DAN World\"},\"image\":{\"@id\":\"https:\\\/\\\/world.dan.org\\\/es\\\/#\\\/schema\\\/logo\\\/image\\\/\"}}]}<\/script>\n<!-- \/ Yoast SEO Premium plugin. -->","yoast_head_json":{"title":"DAN World Membres\u00eda y Seguro T\u00e9rminos y Condiciones - DAN World","robots":{"index":"index","follow":"follow","max-snippet":"max-snippet:-1","max-image-preview":"max-image-preview:large","max-video-preview":"max-video-preview:-1"},"canonical":"https:\/\/world.dan.org\/es\/membership-coverage\/australia\/dan-world-membership-insurance-terms-conditions\/","og_locale":"es_MX","og_type":"article","og_title":"DAN World Membership & Insurance Terms & Conditions","og_description":"These Terms &amp; Conditions are continued from the online DAN World Membership &amp; Insurance Application Availability of services and benefits for evacuation or injury insurance commences on acceptance of an [&hellip;]","og_url":"https:\/\/world.dan.org\/es\/membership-coverage\/australia\/dan-world-membership-insurance-terms-conditions\/","og_site_name":"DAN World","article_modified_time":"2025-05-13T17:57:11+00:00","twitter_card":"summary_large_image","twitter_misc":{"Est. reading time":"4 minutes"},"schema":{"@context":"https:\/\/schema.org","@graph":[{"@type":"WebPage","@id":"https:\/\/world.dan.org\/membership-coverage\/australia\/dan-world-membership-insurance-terms-conditions\/","url":"https:\/\/world.dan.org\/membership-coverage\/australia\/dan-world-membership-insurance-terms-conditions\/","name":"DAN World Membres\u00eda y Seguro T\u00e9rminos y Condiciones - DAN World","isPartOf":{"@id":"https:\/\/world.dan.org\/es\/#website"},"datePublished":"2022-05-10T13:07:36+00:00","dateModified":"2025-05-13T17:57:11+00:00","breadcrumb":{"@id":"https:\/\/world.dan.org\/membership-coverage\/australia\/dan-world-membership-insurance-terms-conditions\/#breadcrumb"},"inLanguage":"es-MX","potentialAction":[{"@type":"ReadAction","target":["https:\/\/world.dan.org\/membership-coverage\/australia\/dan-world-membership-insurance-terms-conditions\/"]}]},{"@type":"BreadcrumbList","@id":"https:\/\/world.dan.org\/membership-coverage\/australia\/dan-world-membership-insurance-terms-conditions\/#breadcrumb","itemListElement":[{"@type":"ListItem","position":1,"name":"Home","item":"https:\/\/world.dan.org\/"},{"@type":"ListItem","position":2,"name":"Membership &#038; Coverage","item":"https:\/\/world.dan.org\/membership-coverage\/"},{"@type":"ListItem","position":3,"name":"Australia","item":"https:\/\/world.dan.org\/membership-coverage\/australia\/"},{"@type":"ListItem","position":4,"name":"DAN World Membership &#038; Insurance Terms &#038; Conditions"}]},{"@type":"WebSite","@id":"https:\/\/world.dan.org\/es\/#website","url":"https:\/\/world.dan.org\/es\/","name":"DAN World","description":"","publisher":{"@id":"https:\/\/world.dan.org\/es\/#organization"},"potentialAction":[{"@type":"SearchAction","target":{"@type":"EntryPoint","urlTemplate":"https:\/\/world.dan.org\/es\/?s={search_term_string}"},"query-input":{"@type":"PropertyValueSpecification","valueRequired":true,"valueName":"search_term_string"}}],"inLanguage":"es-MX"},{"@type":"Organization","@id":"https:\/\/world.dan.org\/es\/#organization","name":"DAN World","url":"https:\/\/world.dan.org\/es\/","logo":{"@type":"ImageObject","inLanguage":"es-MX","@id":"https:\/\/world.dan.org\/es\/#\/schema\/logo\/image\/","url":"https:\/\/world.dan.org\/wp-content\/uploads\/2022\/04\/DAN-World-logo-sm-52px.svg","contentUrl":"https:\/\/world.dan.org\/wp-content\/uploads\/2022\/04\/DAN-World-logo-sm-52px.svg","width":175,"height":52,"caption":"DAN World"},"image":{"@id":"https:\/\/world.dan.org\/es\/#\/schema\/logo\/image\/"}}]}},"_links":{"self":[{"href":"https:\/\/world.dan.org\/es\/wp-json\/wp\/v2\/pages\/21583","targetHints":{"allow":["GET"]}}],"collection":[{"href":"https:\/\/world.dan.org\/es\/wp-json\/wp\/v2\/pages"}],"about":[{"href":"https:\/\/world.dan.org\/es\/wp-json\/wp\/v2\/types\/page"}],"author":[{"embeddable":true,"href":"https:\/\/world.dan.org\/es\/wp-json\/wp\/v2\/users\/19"}],"replies":[{"embeddable":true,"href":"https:\/\/world.dan.org\/es\/wp-json\/wp\/v2\/comments?post=21583"}],"version-history":[{"count":0,"href":"https:\/\/world.dan.org\/es\/wp-json\/wp\/v2\/pages\/21583\/revisions"}],"up":[{"embeddable":true,"href":"https:\/\/world.dan.org\/es\/wp-json\/wp\/v2\/pages\/18214"}],"wp:attachment":[{"href":"https:\/\/world.dan.org\/es\/wp-json\/wp\/v2\/media?parent=21583"}],"curies":[{"name":"wp","href":"https:\/\/api.w.org\/{rel}","templated":true}]}}