{"id":21587,"date":"2022-05-10T09:42:36","date_gmt":"2022-05-10T13:42:36","guid":{"rendered":"https:\/\/world.dan.org\/?page_id=21587&#038;preview_id=21587"},"modified":"2023-11-28T22:21:57","modified_gmt":"2023-11-29T03:21:57","slug":"australia-insurance-plans","status":"publish","type":"page","link":"https:\/\/world.dan.org\/es\/membership-coverage\/australia\/australia-insurance-plans\/","title":{"rendered":"Planes de seguro DAN para lesiones por inmersi\u00f3n (tratamiento)"},"content":{"rendered":"<h2 class=\"wp-block-heading\" id=\"h-for-residents-of-australia\"><strong><span style=\"color: #111111;\" class=\"stk-highlight\">Para residentes en Australia<\/span><\/strong><\/h2>\n\n\n\n<hr class=\"wp-block-separator has-css-opacity\"\/>\n\n\n\n<p class=\"has-text-align-center\">Los planes de seguro de lesiones de buceo son adicionales a tu afiliaci\u00f3n a DAN (individual AUD$82,50, familiar AUD$110).<br>Las siguientes prestaciones de tratamiento se aplican a los accidentes de buceo cubiertos que ocurran fuera de Australia.<\/p>\n\n\n\n<figure class=\"wp-block-table is-style-stripes\"><table class=\"has-fixed-layout\"><thead><tr><th class=\"translation-block\"><strong><span style=\"color: #00406e\" class=\"ugb-highlight\">BENEFICIO\/COBERTURA<br>CONDICIONES<\/span><\/strong><\/th><th class=\"has-text-align-center translation-block\" data-align=\"center\"><span style=\"color: #cd0d34\" class=\"ugb-highlight\">MASTER<br>AUD$88*<\/span><\/th><th class=\"has-text-align-center translation-block\" data-align=\"center\"><span style=\"color:#00406e\" class=\"color\"><span style=\"color: #cd0d34\" class=\"ugb-highlight\">PREFERIDOS<br>AUD$143*<\/span><\/span><\/th><\/tr><\/thead><tbody><tr><td class=\"translation-block\">Cobertura de la Enfermedad por Descompresi\u00f3n (EDC), que incluye tanto la Embolia Arterial Gaseosa (EAG) como la Enfermedad por Descompresi\u00f3n (EDC) M\u00c1S todas las lesiones cubiertas por buceo con tubo y submarinismo sufridas en una <em>Inmersi\u00f3n Cubierta<\/em> o <em>Serie de Inmersiones Repetitivas<\/em>.<\/td><td class=\"has-text-align-center translation-block\" data-align=\"center\">Hasta AUD$150.000<br>Esta suma cubre los honorarios de hiperb\u00e1ricos y m\u00e9dicos y los suministros m\u00e9dicos utilizados en el tratamiento.<\/td><td class=\"has-text-align-center translation-block\" data-align=\"center\">Hasta AUD$300.000<br>Esta suma cubre los honorarios de hiperb\u00e1ricos y m\u00e9dicos y los suministros m\u00e9dicos utilizados en el tratamiento.<\/td><\/tr><tr><td class=\"translation-block\">Prestaciones por muerte accidental y desmembramiento a consecuencia de un <em>Accidente de Buceo<\/em> cubierto.<\/td><td class=\"has-text-align-center\" data-align=\"center\">Hasta AUD$10.000&nbsp;<\/td><td class=\"has-text-align-center\" data-align=\"center\">Hasta AUD$10.000<\/td><\/tr><tr><td class=\"translation-block\">Prestaciones de invalidez total y permanente derivadas de un <em>accidente de buceo<\/em> cubierto (hasta los 65 a\u00f1os)<\/td><td class=\"has-text-align-center\" data-align=\"center\">Hasta AUD$15.000<\/td><td class=\"has-text-align-center\" data-align=\"center\">Hasta AUD$15.000<\/td><\/tr><tr><td>Profundidad m\u00e1xima de inmersi\u00f3n con cobertura.<\/td><td class=\"has-text-align-center\" data-align=\"center\">50m<\/td><td class=\"has-text-align-center\" data-align=\"center\">Sin l\u00edmite<\/td><\/tr><tr><td>Condiciones relativas a la profundidad<\/td><td class=\"has-text-align-center\" data-align=\"center\">Buzos certificados<\/td><td class=\"has-text-align-center translation-block\" data-align=\"center\">En caso de una reclamaci\u00f3n de seguro por lesiones de buceo para una profundidad superior a 50 m, se exigir\u00e1 a un Socio que demuestre que pose\u00eda una certificaci\u00f3n y experiencia adecuadas para la inmersi\u00f3n y que estaba utilizando mezclas de gases respirables y equipos adecuados durante la <em>inmersi\u00f3n cubierta<\/em> o <em>Serie de inmersiones repetitivas<\/em>.<\/td><\/tr><\/tbody><\/table><figcaption class=\"wp-element-caption\">* Los costos de planes de seguro contra lesiones de buceo detallados arriba incluyen todos los impuestos, tasas y cargos administrativos correspondientes.<\/figcaption><\/figure>\n\n\n\n<div style=\"height:15px\" aria-hidden=\"true\" class=\"wp-block-spacer\"><\/div>\n\n\n\n<p>Tenga en cuenta que todas las palabras en cursiva tienen significados espec\u00edficos que se detallan en el texto de la pol\u00edtica, por lo que debe remitirse a dicho texto y a la declaraci\u00f3n de descripci\u00f3n del producto antes de decidir si este producto es adecuado para sus necesidades.<\/p>\n\n\n\n<p>Honan Insurance Group Pty Ltd (ABN 67 005 372 396 AFSL246749) (\"HIG\") ha designado a DAN World Ltd (ABN 55 324 165 878) (\"DAN\") como su representante autorizado (AR No. 269 340) para gestionar los Planes de Seguro de Da\u00f1os de Buceo. Los planes de seguro de buceo son emitidos por AIG Australia Limited (\"AIG\") (ABN 93 004 727 753 AFSL 381686) y est\u00e1n sujetos a t\u00e9rminos, condiciones y exclusiones.<\/p>\n\n\n\n<p>This website contains information of a general nature only and does not take into account your individual objectives, financial situation or needs and may not suit your personal circumstances.&nbsp; It is important for you to consider these matters and read the Product Disclosure Statement (\u201cPDS\u201d) and policy before you make a decision about an insurance product. You can obtain a copy of the PDS by calling 03 9886 9166 or&nbsp;<a href=\"https:\/\/world.dan.org\/wp-content\/uploads\/2022\/05\/aig_pds_2021.pdf\">PULSE AQU\u00cd<\/a>.<\/p>\n\n\n\n<p>DAN gestiona las prestaciones TravelAssist independientemente de HIG. Los servicios de DAN TravelAssist se prestan en virtud de un contrato de servicios con Travel Guard de Stevens Point, WI, EE.UU.. Las cuotas de servicio y\/o primas de DAN TravelAssist se pagan con las cuotas de afiliaci\u00f3n de DAN.<\/p>\n\n\n\n<div class=\"wp-block-columns is-layout-flex wp-container-core-columns-is-layout-9d6595d7 wp-block-columns-is-layout-flex\">\n<div class=\"wp-block-column has-background is-layout-flow wp-block-column-is-layout-flow\" style=\"background-color:#ebebeb\">\n<h3 class=\"wp-block-heading has-text-align-center\" id=\"h-financial-services-guide-fsg\"><span style=\"color: #111111;\" class=\"ugb-highlight\">Gu\u00eda de servicios financieros<\/span><\/h3>\n\n\n\n<div class=\"wp-block-buttons is-horizontal is-content-justification-center is-layout-flex wp-container-core-buttons-is-layout-499968f5 wp-block-buttons-is-layout-flex\">\n<div class=\"wp-block-button\"><a class=\"wp-block-button__link has-dan-red-400-background-color has-background wp-element-button\" href=\"https:\/\/world.dan.org\/wp-content\/uploads\/2022\/05\/FSG_V12.2020_ARC_DAN.pdf\" style=\"border-radius:5px\" target=\"_blank\" rel=\"noreferrer noopener\">M\u00e1s informaci\u00f3n<\/a><\/div>\n<\/div>\n<\/div>\n\n\n\n<div class=\"wp-block-column has-background is-layout-flow wp-block-column-is-layout-flow\" style=\"background-color:#ebebeb\">\n<h3 class=\"wp-block-heading has-text-align-center\" id=\"h-product-disclosure-statement-and-cover-terms\"><span style=\"color: #111111;\" class=\"ugb-highlight\">Declaraci\u00f3n de divulgaci\u00f3n del producto y condiciones de cobertura<\/span><\/h3>\n\n\n\n<div class=\"wp-block-buttons is-horizontal is-content-justification-center is-layout-flex wp-container-core-buttons-is-layout-499968f5 wp-block-buttons-is-layout-flex\">\n<div class=\"wp-block-button\"><a class=\"wp-block-button__link has-dan-red-400-background-color has-background wp-element-button\" href=\"https:\/\/world.dan.org\/wp-content\/uploads\/2022\/05\/AIG_PDS_2021.pdf\" style=\"border-radius:5px\" target=\"_blank\" rel=\"noreferrer noopener\">M\u00e1s informaci\u00f3n<\/a><\/div>\n<\/div>\n<\/div>\n\n\n\n<div class=\"wp-block-column has-background is-layout-flow wp-block-column-is-layout-flow\" style=\"background-color:#ebebeb\">\n<h3 class=\"wp-block-heading has-text-align-center\" id=\"h-target-market-determination\"><span style=\"color: #111111;\" class=\"ugb-highlight\">Determinaci\u00f3n del mercado destinatario<\/span><\/h3>\n\n\n\n<div class=\"wp-block-buttons is-horizontal is-content-justification-center is-layout-flex wp-container-core-buttons-is-layout-499968f5 wp-block-buttons-is-layout-flex\">\n<div class=\"wp-block-button\"><a class=\"wp-block-button__link has-dan-red-400-background-color has-background wp-element-button\" href=\"https:\/\/www.aig.com.au\/content\/dam\/aig\/apac\/australia\/documents-new\/tmd\/tmd--individual\/dan\/dan-world-diving-insurance-plan-24-november-2023.pdf\" style=\"border-radius:5px\" target=\"_blank\" rel=\"noreferrer noopener\">M\u00e1s informaci\u00f3n<\/a><\/div>\n<\/div>\n<\/div>\n<\/div>\n\n\n\n<div style=\"height:65px\" aria-hidden=\"true\" class=\"wp-block-spacer\"><\/div>\n\n\n\n<hr class=\"wp-block-separator has-css-opacity\"\/>\n\n\n\n<div class=\"wp-block-columns is-layout-flex wp-container-core-columns-is-layout-9d6595d7 wp-block-columns-is-layout-flex\">\n<div class=\"wp-block-column is-layout-flow wp-block-column-is-layout-flow\">\n<p class=\"has-dan-black-color has-text-color\" style=\"font-size:21px\"><strong>Servicio al cliente<\/strong><\/p>\n\n\n\n<p><br><strong>Australia \/ Asia-Pac\u00edfico<\/strong><\/p>\n\n\n\n<p>Tel: 03-9886 9166<\/p>\n\n\n\n<p>Correo electr\u00f3nico: <a href=\"mailto:infoap@dan.org\">infoap@dan.org<\/a><\/p>\n\n\n\n<p>De lunes a viernes <br>9 a.m.-5 p.m. AEST<\/p>\n\n\n\n<p>S\u00edganos en <a href=\"http:\/\/www.facebook.com\/DiversAlertNetworkAP\">Facebook<\/a><\/p>\n<\/div>\n\n\n\n<div class=\"wp-block-column is-layout-flow wp-block-column-is-layout-flow\">\n<p style=\"font-size:21px\" class=\"translation-block\"><strong>Emergencia 24 horas al d\u00eda, 7 d\u00edas a la semana<\/strong> <strong>L\u00ednea directa<\/strong><\/p>\n\n\n\n<p class=\"has-dan-red-400-color has-text-color\">+1-919-684-9111<\/p>\n\n\n\n<p class=\"has-dan-red-400-color has-text-color\">1800-088-200 <br>desde de Australia<\/p>\n\n\n\n<p class=\"has-dan-red-400-color has-text-color\">021-5085-8719 <br>desde Indonesia<\/p>\n\n\n\n<p><strong>Los m\u00e9dicos de DAN est\u00e1n disponibles <\/strong><br><strong>24 \/ 7 \/ 365<\/strong>.<\/p>\n\n\n\n<p>Se aceptan llamadas por cobro revertido desde cualquier origen internacional.<\/p>\n<\/div>\n\n\n\n<div class=\"wp-block-column is-layout-flow wp-block-column-is-layout-flow\">\n<p style=\"font-size:21px\"><strong>L\u00ednea de informaci\u00f3n m\u00e9dica<\/strong><\/p>\n\n\n\n<p>Obtenga respuestas a sus consultas de salud y buceo (que no sean situaciones de emergencia).<\/p>\n\n\n\n<p>De lunes a viernes, <br>8:30 a.m.-5 p.m. ET<\/p>\n\n\n\n<p>+1 (919) 684-2948<\/p>\n\n\n\n<p>En l\u00ednea: <a href=\"https:\/\/apps.dan.org\/ask-a-medic\">Consulte a un m\u00e9dico<\/a><\/p>\n\n\n\n<p>Recibir\u00e1 una respuesta en 24 a 48 horas.<\/p>\n<\/div>\n\n\n\n<div class=\"wp-block-column is-layout-flow wp-block-column-is-layout-flow\">\n<p style=\"font-size:21px\"><strong>Recursos de seguridad<\/strong><\/p>\n\n\n\n<p><a href=\"https:\/\/world.dan.org\/es\/health-medicine\/\">Salud y medicina<\/a><\/p>\n\n\n\n<p><a href=\"https:\/\/world.dan.org\/es\/safety-prevention\/diver-safety\/\">Seguridad del buceador<\/a><\/p>\n\n\n\n<p><a href=\"https:\/\/world.dan.org\/es\/safety-prevention\/operation-safety\/\">Seguridad en las operaciones de buceo<\/a><\/p>\n\n\n\n<p><a href=\"https:\/\/world.dan.org\/es\/safety-prevention\/chamber-operation-safety\/\">Seguridad de las c\u00e1maras<\/a><\/p>\n<\/div>\n<\/div>\n\n\n\n<p><\/p>","protected":false},"excerpt":{"rendered":"<p>For Residents of Australia The Dive Injury Insurance Plans are in addition to your DAN Membership (Individual AUD$82.50, Family AUD$110).The below treatment benefits apply for covered dive accidents that occur [&hellip;]<\/p>\n","protected":false},"author":19,"featured_media":0,"parent":18214,"menu_order":39,"comment_status":"closed","ping_status":"closed","template":"templates\/page-landing-2a.php","meta":{"_acf_changed":false,"_ef_editorial_meta_date_first-draft-date":"","_ef_editorial_meta_paragraph_assignment":"","_ef_editorial_meta_checkbox_needs-photo":"","_ef_editorial_meta_number_word-count":"","footnotes":""},"class_list":["post-21587","page","type-page","status-publish","hentry"],"acf":[],"yoast_head":"<!-- This site is optimized with the Yoast SEO Premium plugin v27.4 (Yoast SEO v27.4) - https:\/\/yoast.com\/product\/yoast-seo-premium-wordpress\/ -->\n<title>DAN Dive Injury (Treatment) Insurance Plans - DAN World<\/title>\n<meta name=\"robots\" content=\"index, follow, max-snippet:-1, max-image-preview:large, max-video-preview:-1\" \/>\n<link rel=\"canonical\" href=\"https:\/\/world.dan.org\/es\/membership-coverage\/australia\/australia-insurance-plans\/\" \/>\n<meta property=\"og:locale\" content=\"es_MX\" \/>\n<meta property=\"og:type\" content=\"article\" \/>\n<meta property=\"og:title\" content=\"DAN Dive Injury (Treatment) Insurance Plans\" \/>\n<meta property=\"og:description\" content=\"For Residents of Australia The Dive Injury Insurance Plans are in addition to your DAN Membership (Individual AUD$82.50, Family AUD$110).The below treatment benefits apply for covered dive accidents that occur [&hellip;]\" \/>\n<meta property=\"og:url\" content=\"https:\/\/world.dan.org\/es\/membership-coverage\/australia\/australia-insurance-plans\/\" \/>\n<meta property=\"og:site_name\" content=\"DAN World\" \/>\n<meta property=\"article:modified_time\" content=\"2023-11-29T03:21:57+00:00\" \/>\n<meta name=\"twitter:card\" content=\"summary_large_image\" \/>\n<meta name=\"twitter:label1\" content=\"Est. reading time\" \/>\n\t<meta name=\"twitter:data1\" content=\"3 minutes\" \/>\n<script type=\"application\/ld+json\" class=\"yoast-schema-graph\">{\"@context\":\"https:\\\/\\\/schema.org\",\"@graph\":[{\"@type\":\"WebPage\",\"@id\":\"https:\\\/\\\/world.dan.org\\\/membership-coverage\\\/australia\\\/australia-insurance-plans\\\/\",\"url\":\"https:\\\/\\\/world.dan.org\\\/membership-coverage\\\/australia\\\/australia-insurance-plans\\\/\",\"name\":\"DAN Dive Injury (Treatment) Insurance Plans - DAN World\",\"isPartOf\":{\"@id\":\"https:\\\/\\\/world.dan.org\\\/es\\\/#website\"},\"datePublished\":\"2022-05-10T13:42:36+00:00\",\"dateModified\":\"2023-11-29T03:21:57+00:00\",\"breadcrumb\":{\"@id\":\"https:\\\/\\\/world.dan.org\\\/membership-coverage\\\/australia\\\/australia-insurance-plans\\\/#breadcrumb\"},\"inLanguage\":\"es-MX\",\"potentialAction\":[{\"@type\":\"ReadAction\",\"target\":[\"https:\\\/\\\/world.dan.org\\\/membership-coverage\\\/australia\\\/australia-insurance-plans\\\/\"]}]},{\"@type\":\"BreadcrumbList\",\"@id\":\"https:\\\/\\\/world.dan.org\\\/membership-coverage\\\/australia\\\/australia-insurance-plans\\\/#breadcrumb\",\"itemListElement\":[{\"@type\":\"ListItem\",\"position\":1,\"name\":\"Home\",\"item\":\"https:\\\/\\\/world.dan.org\\\/\"},{\"@type\":\"ListItem\",\"position\":2,\"name\":\"Membership &#038; Coverage\",\"item\":\"https:\\\/\\\/world.dan.org\\\/membership-coverage\\\/\"},{\"@type\":\"ListItem\",\"position\":3,\"name\":\"Australia\",\"item\":\"https:\\\/\\\/world.dan.org\\\/membership-coverage\\\/australia\\\/\"},{\"@type\":\"ListItem\",\"position\":4,\"name\":\"DAN Dive Injury (Treatment) Insurance Plans\"}]},{\"@type\":\"WebSite\",\"@id\":\"https:\\\/\\\/world.dan.org\\\/es\\\/#website\",\"url\":\"https:\\\/\\\/world.dan.org\\\/es\\\/\",\"name\":\"DAN World\",\"description\":\"\",\"publisher\":{\"@id\":\"https:\\\/\\\/world.dan.org\\\/es\\\/#organization\"},\"potentialAction\":[{\"@type\":\"SearchAction\",\"target\":{\"@type\":\"EntryPoint\",\"urlTemplate\":\"https:\\\/\\\/world.dan.org\\\/es\\\/?s={search_term_string}\"},\"query-input\":{\"@type\":\"PropertyValueSpecification\",\"valueRequired\":true,\"valueName\":\"search_term_string\"}}],\"inLanguage\":\"es-MX\"},{\"@type\":\"Organization\",\"@id\":\"https:\\\/\\\/world.dan.org\\\/es\\\/#organization\",\"name\":\"DAN World\",\"url\":\"https:\\\/\\\/world.dan.org\\\/es\\\/\",\"logo\":{\"@type\":\"ImageObject\",\"inLanguage\":\"es-MX\",\"@id\":\"https:\\\/\\\/world.dan.org\\\/es\\\/#\\\/schema\\\/logo\\\/image\\\/\",\"url\":\"https:\\\/\\\/world.dan.org\\\/wp-content\\\/uploads\\\/2022\\\/04\\\/DAN-World-logo-sm-52px.svg\",\"contentUrl\":\"https:\\\/\\\/world.dan.org\\\/wp-content\\\/uploads\\\/2022\\\/04\\\/DAN-World-logo-sm-52px.svg\",\"width\":175,\"height\":52,\"caption\":\"DAN World\"},\"image\":{\"@id\":\"https:\\\/\\\/world.dan.org\\\/es\\\/#\\\/schema\\\/logo\\\/image\\\/\"}}]}<\/script>\n<!-- \/ Yoast SEO Premium plugin. -->","yoast_head_json":{"title":"DAN Planes de Seguro de Lesiones de Buceo (Tratamiento) - DAN World","robots":{"index":"index","follow":"follow","max-snippet":"max-snippet:-1","max-image-preview":"max-image-preview:large","max-video-preview":"max-video-preview:-1"},"canonical":"https:\/\/world.dan.org\/es\/membership-coverage\/australia\/australia-insurance-plans\/","og_locale":"es_MX","og_type":"article","og_title":"DAN Dive Injury (Treatment) Insurance Plans","og_description":"For Residents of Australia The Dive Injury Insurance Plans are in addition to your DAN Membership (Individual AUD$82.50, Family AUD$110).The below treatment benefits apply for covered dive accidents that occur [&hellip;]","og_url":"https:\/\/world.dan.org\/es\/membership-coverage\/australia\/australia-insurance-plans\/","og_site_name":"DAN World","article_modified_time":"2023-11-29T03:21:57+00:00","twitter_card":"summary_large_image","twitter_misc":{"Est. reading time":"3 minutes"},"schema":{"@context":"https:\/\/schema.org","@graph":[{"@type":"WebPage","@id":"https:\/\/world.dan.org\/membership-coverage\/australia\/australia-insurance-plans\/","url":"https:\/\/world.dan.org\/membership-coverage\/australia\/australia-insurance-plans\/","name":"DAN Planes de Seguro de Lesiones de Buceo (Tratamiento) - DAN World","isPartOf":{"@id":"https:\/\/world.dan.org\/es\/#website"},"datePublished":"2022-05-10T13:42:36+00:00","dateModified":"2023-11-29T03:21:57+00:00","breadcrumb":{"@id":"https:\/\/world.dan.org\/membership-coverage\/australia\/australia-insurance-plans\/#breadcrumb"},"inLanguage":"es-MX","potentialAction":[{"@type":"ReadAction","target":["https:\/\/world.dan.org\/membership-coverage\/australia\/australia-insurance-plans\/"]}]},{"@type":"BreadcrumbList","@id":"https:\/\/world.dan.org\/membership-coverage\/australia\/australia-insurance-plans\/#breadcrumb","itemListElement":[{"@type":"ListItem","position":1,"name":"Home","item":"https:\/\/world.dan.org\/"},{"@type":"ListItem","position":2,"name":"Membership &#038; Coverage","item":"https:\/\/world.dan.org\/membership-coverage\/"},{"@type":"ListItem","position":3,"name":"Australia","item":"https:\/\/world.dan.org\/membership-coverage\/australia\/"},{"@type":"ListItem","position":4,"name":"DAN Dive Injury (Treatment) Insurance Plans"}]},{"@type":"WebSite","@id":"https:\/\/world.dan.org\/es\/#website","url":"https:\/\/world.dan.org\/es\/","name":"DAN World","description":"","publisher":{"@id":"https:\/\/world.dan.org\/es\/#organization"},"potentialAction":[{"@type":"SearchAction","target":{"@type":"EntryPoint","urlTemplate":"https:\/\/world.dan.org\/es\/?s={search_term_string}"},"query-input":{"@type":"PropertyValueSpecification","valueRequired":true,"valueName":"search_term_string"}}],"inLanguage":"es-MX"},{"@type":"Organization","@id":"https:\/\/world.dan.org\/es\/#organization","name":"DAN World","url":"https:\/\/world.dan.org\/es\/","logo":{"@type":"ImageObject","inLanguage":"es-MX","@id":"https:\/\/world.dan.org\/es\/#\/schema\/logo\/image\/","url":"https:\/\/world.dan.org\/wp-content\/uploads\/2022\/04\/DAN-World-logo-sm-52px.svg","contentUrl":"https:\/\/world.dan.org\/wp-content\/uploads\/2022\/04\/DAN-World-logo-sm-52px.svg","width":175,"height":52,"caption":"DAN World"},"image":{"@id":"https:\/\/world.dan.org\/es\/#\/schema\/logo\/image\/"}}]}},"_links":{"self":[{"href":"https:\/\/world.dan.org\/es\/wp-json\/wp\/v2\/pages\/21587","targetHints":{"allow":["GET"]}}],"collection":[{"href":"https:\/\/world.dan.org\/es\/wp-json\/wp\/v2\/pages"}],"about":[{"href":"https:\/\/world.dan.org\/es\/wp-json\/wp\/v2\/types\/page"}],"author":[{"embeddable":true,"href":"https:\/\/world.dan.org\/es\/wp-json\/wp\/v2\/users\/19"}],"replies":[{"embeddable":true,"href":"https:\/\/world.dan.org\/es\/wp-json\/wp\/v2\/comments?post=21587"}],"version-history":[{"count":0,"href":"https:\/\/world.dan.org\/es\/wp-json\/wp\/v2\/pages\/21587\/revisions"}],"up":[{"embeddable":true,"href":"https:\/\/world.dan.org\/es\/wp-json\/wp\/v2\/pages\/18214"}],"wp:attachment":[{"href":"https:\/\/world.dan.org\/es\/wp-json\/wp\/v2\/media?parent=21587"}],"curies":[{"name":"wp","href":"https:\/\/api.w.org\/{rel}","templated":true}]}}