{"id":23,"date":"2020-03-27T17:55:08","date_gmt":"2020-03-27T21:55:08","guid":{"rendered":"https:\/\/dan.devhammer.com\/?page_id=23"},"modified":"2025-02-24T16:40:31","modified_gmt":"2025-02-24T21:40:31","slug":"safety-prevention","status":"publish","type":"page","link":"https:\/\/world.dan.org\/es\/safety-prevention\/","title":{"rendered":"Seguridad y prevenci\u00f3n"},"content":{"rendered":"<div class=\"n2_clear\"><ss3-force-full-width data-overflow-x=\"body\" data-horizontal-selector=\"\"><div class=\"n2-section-smartslider fitvidsignore  n2_clear\" data-ssid=\"15\" tabindex=\"0\" role=\"region\" aria-label=\"Slider\"><div id=\"n2-ss-15-align\" class=\"n2-ss-align\"><div class=\"n2-padding\"><div id=\"n2-ss-15\" data-creator=\"Smart Slider 3\" data-responsive=\"fullwidth\" class=\"n2-ss-slider n2-ow n2-has-hover n2notransition\">\n        <div class=\"n2-ss-slider-1 n2_ss__touch_element n2-ow\">\n            <div class=\"n2-ss-slider-2 n2-ow\">\n                                                <div class=\"n2-ss-slider-3 n2-ow\">\n\n                    <div class=\"n2-ss-slide-backgrounds n2-ow-all\"><div class=\"n2-ss-slide-background\" data-public-id=\"1\" data-mode=\"fill\"><div data-gradient=\"horizontal\" data-color-start=\"RGBA(0,64,110,0.51)\" data-color-end=\"RGBA(255,255,255,0)\" style=\"background:linear-gradient(to right, RGBA(0,64,110,0.51) 0%,RGBA(255,255,255,0) 100%);\" class=\"n2-ss-slide-background-color\"><\/div><\/div><\/div>                    <div class=\"n2-ss-slider-4 n2-ow\">\n                        <svg xmlns=\"http:\/\/www.w3.org\/2000\/svg\" viewbox=\"0 0 1600 600\" data-related-device=\"desktopPortrait\" class=\"n2-ow n2-ss-preserve-size n2-ss-preserve-size--slider n2-ss-slide-limiter\"><\/svg><div data-first=\"1\" data-slide-duration=\"0\" data-id=\"17\" data-slide-public-id=\"1\" data-title=\"Safety &amp; Prevention\" class=\"n2-ss-slide n2-ow  n2-ss-slide-17\"><div role=\"note\" class=\"n2-ss-slide--focus\" tabindex=\"-1\">Seguridad y prevenci\u00f3n<\/div><div class=\"n2-ss-layers-container n2-ss-slide-limiter n2-ow\"><div class=\"n2-ss-layer n2-ow n-uc-0N5vJmFZMJOs\" data-sstype=\"slide\" data-pm=\"default\"><div class=\"n2-ss-layer n2-ow n-uc-AoRq8fMnNgGW\" data-pm=\"default\" data-sstype=\"content\" data-hasbackground=\"0\"><div class=\"n2-ss-section-main-content n2-ss-layer-with-background n2-ss-layer-content n2-ow n-uc-AoRq8fMnNgGW-inner\"><div class=\"n2-ss-layer n2-ow n2-ss-layer--block n2-ss-has-self-align n-uc-R4gTumhULHU7\" data-pm=\"normal\" data-sstype=\"row\"><div class=\"n2-ss-layer-row n2-ss-layer-with-background n-uc-R4gTumhULHU7-inner\"><div class=\"n2-ss-layer-row-inner\"><div class=\"n2-ss-layer n2-ow n-uc-9pcO7MEvfb6F\" data-pm=\"default\" data-sstype=\"col\"><div class=\"n2-ss-layer-col n2-ss-layer-with-background n2-ss-layer-content n-uc-9pcO7MEvfb6F-inner\"><div class=\"n2-ss-layer n2-ow n-uc-qy4M90bQHoQJ n2-ss-layer--auto\" data-pm=\"normal\" data-sstype=\"layer\"><div class=\"n2-ss-button-container n2-ss-item-content n2-ow n2-font-a3b57aec3250d1cd7b703e552c1cb98d-link  n2-ss-nowrap n2-ss-button-container--non-full-width\"><a class=\"n2-style-05ba4352b746b78a53d300ba52f2d0e2-heading  n2-ow\" onclick=\"return false;\" href=\"#\"><div><div>SEGURIDAD<\/div><\/div><\/a><\/div><\/div><div class=\"n2-ss-layer n2-ow n-uc-56w6CMVjLOGB\" data-pm=\"normal\" data-sstype=\"layer\"><h2 id=\"n2-ss-15item2\" class=\"n2-font-0e90d147ce6e7cb4798c11b222234271-hover n2-style-fea5f7007ea60cd0f94b58717a9ba1ac-heading   n2-ss-item-content n2-ss-text n2-ow\" style=\"display:block;\">SEGURIDAD Y PREVENCI\u00d3N<\/h2><\/div><div class=\"n2-ss-layer n2-ow n-uc-uibRBhuKtDfP\" data-pm=\"normal\" data-sstype=\"layer\"><div class=\"n2-ss-item-content n2-ss-text n2-ow-all\"><div data-hide-desktoplandscape=\"1\" data-hide-desktopportrait=\"1\" data-hide-tabletlandscape=\"1\" data-hide-tabletportrait=\"1\"><\/div><div class=\"\" data-hide-mobilelandscape=\"1\" data-hide-mobileportrait=\"1\"><p class=\"n2-font-3bb99d1f4c6c6f425005dde180c1a679-paragraph  n2-style-39612b538396e2fceb18e53ec82d9001-heading\">DAN existe para ayudar a los buceadores recreativos <br \/>lesionados y prevenir lesiones de buceo.<\/p>\n<\/div><\/div><\/div><div class=\"n2-ss-layer n2-ow n2-ss-layer--block n2-ss-has-self-align n-uc-pjd733emTeKS\" data-pm=\"normal\" data-sstype=\"row\"><div class=\"n2-ss-layer-row n2-ss-layer-with-background n-uc-pjd733emTeKS-inner\"><div class=\"n2-ss-layer-row-inner\"><div class=\"n2-ss-layer n2-ow n-uc-U9f2Dw1AzH9m\" data-pm=\"default\" data-sstype=\"col\"><div class=\"n2-ss-layer-col n2-ss-layer-with-background n2-ss-layer-content n-uc-U9f2Dw1AzH9m-inner\"><div class=\"n2-ss-layer n2-ow n-uc-QbzuHrl20xut n2-ss-layer--auto\" data-pm=\"normal\" data-hidedesktopportrait=\"1\" data-hidetabletportrait=\"1\" data-hidemobileportrait=\"1\" data-sstype=\"layer\"><div class=\"n2-ss-button-container n2-ss-item-content n2-ow n2-font-efb749624a85eff02533b8cc5c19c88c-link  n2-ss-nowrap n2-ss-button-container--non-full-width\"><a class=\"n2-style-cd7796faf722e88fc7c6131f998fde7c-heading  n2-ow\" target=\"_blank\" href=\"https:\/\/apps.dan.org\/donations\"><div><div>Done hoy<\/div><\/div><\/a><\/div><\/div><\/div><\/div><\/div><\/div><\/div><\/div><\/div><\/div><\/div><\/div><\/div><\/div><\/div><\/div><\/div>                    <\/div>\n\n                                    <\/div>\n            <\/div>\n        <\/div>\n        <\/div><ss3-loader><\/ss3-loader><\/div><\/div><div class=\"n2_clear\"><\/div><\/div><\/ss3-force-full-width><\/div>\n\n\n<div style=\"height:50px\" aria-hidden=\"true\" class=\"wp-block-spacer\"><\/div>\n\n\n\n<h2 class=\"wp-block-heading has-text-align-left has-dan-black-color has-text-color has-medium-font-size\" id=\"h-as-part-of-a-global-campaign-to-reduce-dive-injuries-and-fatalities-dan-strives-to-fulfill-its-vision-of-making-every-dive-accident-and-injury-free-by-identifying-and-mitigating-risks-associated-with-diving-operations\">Como parte de una campa\u00f1a global para reducir las lesiones y muertes por buceo, DAN se esfuerza por cumplir su visi\u00f3n de hacer que cada buceo est\u00e9 libre de accidentes y lesiones identificando y mitigando los riesgos asociados con las operaciones de buceo.<\/h2>\n\n\n\n<div style=\"height:10px\" aria-hidden=\"true\" class=\"wp-block-spacer\"><\/div>\n\n\n\n<p class=\"has-text-align-left\">Nuestro programa de Identificaci\u00f3n de peligros y evaluaci\u00f3n de riesgos ayuda a prevenir lesiones y p\u00e9rdidas al evitar que ocurran accidentes. Esto requiere una cultura que promueva la concientizaci\u00f3n, el control y la mitigaci\u00f3n de los riesgos de salud y seguridad. Las instalaciones para tratamiento m\u00e9dico de buzos, especialmente aquellas ubicadas en \u00e1reas remotas, a menudo carecen de personal adecuado, capacitaci\u00f3n, financiamiento y mantenimiento esencial. Esto afecta directamente su disponibilidad, su confiabilidad y, lo que es m\u00e1s importante, la seguridad de los servicios que ofrecen. DAN ha reunido una red internacional de c\u00e1maras de recompresi\u00f3n y ofrece un programa de asistencia para brindar capacitaci\u00f3n, asesoramiento t\u00e9cnico y de seguridad, y otras formas de apoyo esencial a las c\u00e1maras con tales necesidades.<\/p>\n\n\n\n<div style=\"height:48px\" aria-hidden=\"true\" class=\"wp-block-spacer\"><\/div>\n\n\n\n<hr class=\"wp-block-separator has-text-color has-dan-light-gray-color has-css-opacity has-dan-light-gray-background-color has-background\"\/>\n\n\n\n<div style=\"height:48px\" aria-hidden=\"true\" class=\"wp-block-spacer\"><\/div>\n\n\n\n<div class=\"wp-block-columns is-layout-flex wp-container-core-columns-is-layout-9d6595d7 wp-block-columns-is-layout-flex\">\n<div class=\"wp-block-column is-layout-flow wp-block-column-is-layout-flow\">\n<figure class=\"wp-block-image size-full\"><img loading=\"lazy\" decoding=\"async\" width=\"1200\" height=\"600\" src=\"https:\/\/world.dan.org\/wp-content\/uploads\/2021\/07\/return-to-diving-3Q3A8782-DAN-1200x600-1.jpg\" alt=\"\" class=\"wp-image-18039\" srcset=\"https:\/\/world.dan.org\/wp-content\/uploads\/2021\/07\/return-to-diving-3Q3A8782-DAN-1200x600-1.jpg 1200w, https:\/\/world.dan.org\/wp-content\/uploads\/2021\/07\/return-to-diving-3Q3A8782-DAN-1200x600-1-360x180.jpg 360w, https:\/\/world.dan.org\/wp-content\/uploads\/2021\/07\/return-to-diving-3Q3A8782-DAN-1200x600-1-1024x512.jpg 1024w, https:\/\/world.dan.org\/wp-content\/uploads\/2021\/07\/return-to-diving-3Q3A8782-DAN-1200x600-1-768x384.jpg 768w, https:\/\/world.dan.org\/wp-content\/uploads\/2021\/07\/return-to-diving-3Q3A8782-DAN-1200x600-1-18x9.jpg 18w\" sizes=\"auto, (max-width: 1200px) 100vw, 1200px\" \/><\/figure>\n\n\n\n<h2 class=\"wp-block-heading\" id=\"h-return-to-diving-safely\"><span style=\"color: #111111;\" class=\"stk-highlight\">Volver a bucear con seguridad<\/span><\/h2>\n\n\n\n<p>Gu\u00eda para regresar al agua<\/p>\n\n\n\n<p><a href=\"https:\/\/world.dan.org\/es\/safety-prevention\/return-to-diving-safely\/\">M\u00e1s informaci\u00f3n<\/a><\/p>\n<\/div>\n\n\n\n<div class=\"wp-block-column is-layout-flow wp-block-column-is-layout-flow\">\n<figure class=\"wp-block-image size-full\"><img loading=\"lazy\" decoding=\"async\" width=\"800\" height=\"400\" src=\"https:\/\/world.dan.org\/wp-content\/uploads\/2022\/02\/dema-new-products-page-safety-tips-800x400-1.jpg\" alt=\"\" class=\"wp-image-19925\" srcset=\"https:\/\/world.dan.org\/wp-content\/uploads\/2022\/02\/dema-new-products-page-safety-tips-800x400-1.jpg 800w, https:\/\/world.dan.org\/wp-content\/uploads\/2022\/02\/dema-new-products-page-safety-tips-800x400-1-360x180.jpg 360w, https:\/\/world.dan.org\/wp-content\/uploads\/2022\/02\/dema-new-products-page-safety-tips-800x400-1-768x384.jpg 768w, https:\/\/world.dan.org\/wp-content\/uploads\/2022\/02\/dema-new-products-page-safety-tips-800x400-1-18x9.jpg 18w\" sizes=\"auto, (max-width: 800px) 100vw, 800px\" \/><\/figure>\n\n\n\n<h2 class=\"wp-block-heading\" id=\"h-dan-safety-tips-for-dive-operators-guide\"><span style=\"color: #111111;\" class=\"stk-highlight\">Consejos de seguridad de DAN para Operadores de buceo<\/span><\/h2>\n\n\n\n<p>Una gu\u00eda para ayudar a los operadores y profesionales del buceo a comprender mejor los riesgos inherentes a sus operaciones.<\/p>\n\n\n\n<p><a href=\"https:\/\/world.dan.org\/es\/safety-prevention\/dan-safety-tips-for-dive-operators-guide\/\">M\u00e1s informaci\u00f3n<\/a><\/p>\n<\/div>\n<\/div>\n\n\n\n<div class=\"wp-block-group\"><div class=\"wp-block-group__inner-container is-layout-flow wp-block-group-is-layout-flow\"><\/div><\/div>\n\n\n\n<div class=\"wp-block-columns is-layout-flex wp-container-core-columns-is-layout-9d6595d7 wp-block-columns-is-layout-flex\">\n<div class=\"wp-block-column is-layout-flow wp-block-column-is-layout-flow\">\n<figure class=\"wp-block-image size-large\"><img loading=\"lazy\" decoding=\"async\" width=\"600\" height=\"300\" src=\"https:\/\/world.dan.org\/wp-content\/uploads\/2021\/07\/diver-safety-3Q3A6937-DAN-600x300-1.jpg\" alt=\"\" class=\"wp-image-17947\" srcset=\"https:\/\/world.dan.org\/wp-content\/uploads\/2021\/07\/diver-safety-3Q3A6937-DAN-600x300-1.jpg 600w, https:\/\/world.dan.org\/wp-content\/uploads\/2021\/07\/diver-safety-3Q3A6937-DAN-600x300-1-360x180.jpg 360w, https:\/\/world.dan.org\/wp-content\/uploads\/2021\/07\/diver-safety-3Q3A6937-DAN-600x300-1-18x9.jpg 18w\" sizes=\"auto, (max-width: 600px) 100vw, 600px\" \/><\/figure>\n\n\n\n<h2 class=\"wp-block-heading\" id=\"h-diver-safety\" style=\"font-size:24px\"><span style=\"color: #111111;\" class=\"stk-highlight\">Seguridad del buceador<\/span><\/h2>\n\n\n\n<p>Pensando ante todo en la seguridad de los buzos, DAN ofrece recursos en una amplia gama de temas. Por medio de estos recursos, puede acceder a la informaci\u00f3n que necesita para tomar buenas decisiones y mantener la seguridad antes, durante y despu\u00e9s de la inmersi\u00f3n.<\/p>\n\n\n\n<p><a href=\"https:\/\/world.dan.org\/es\/safety-prevention\/diver-safety\/\">M\u00e1s informaci\u00f3n<\/a><\/p>\n<\/div>\n\n\n\n<div class=\"wp-block-column is-layout-flow wp-block-column-is-layout-flow\">\n<figure class=\"wp-block-image size-large\"><a href=\"https:\/\/world.dan.org\/es\/safety-prevention\/operation-safety\/\"><img loading=\"lazy\" decoding=\"async\" width=\"600\" height=\"300\" src=\"https:\/\/world.dan.org\/wp-content\/uploads\/2021\/07\/dive-operation-safety-IMG_7669-600x300-2.jpg\" alt=\"\" class=\"wp-image-17946\" srcset=\"https:\/\/world.dan.org\/wp-content\/uploads\/2021\/07\/dive-operation-safety-IMG_7669-600x300-2.jpg 600w, https:\/\/world.dan.org\/wp-content\/uploads\/2021\/07\/dive-operation-safety-IMG_7669-600x300-2-360x180.jpg 360w, https:\/\/world.dan.org\/wp-content\/uploads\/2021\/07\/dive-operation-safety-IMG_7669-600x300-2-18x9.jpg 18w\" sizes=\"auto, (max-width: 600px) 100vw, 600px\" \/><\/a><\/figure>\n\n\n\n<h2 class=\"wp-block-heading\" id=\"h-dive-operation-safety\" style=\"font-size:24px\"><span style=\"color: #111111;\" class=\"stk-highlight\">Seguridad en las operaciones de buceo<\/span><\/h2>\n\n\n\n<p>DAN ofrece una amplia gama de iniciativas de seguridad para las operaciones de buceo a nivel mundial. Nuestros programas de investigaci\u00f3n, control de incidentes, prevenci\u00f3n de accidentes y evaluaci\u00f3n de accidentes en el \u00e1mbito del buceo han sido muy \u00fatiles para garantizar que el buceo sea hoy una actividad m\u00e1s segura que nunca.<\/p>\n\n\n\n<p><a href=\"https:\/\/world.dan.org\/es\/safety-prevention\/operation-safety\/\">M\u00e1s informaci\u00f3n<\/a><\/p>\n<\/div>\n\n\n\n<div class=\"wp-block-column is-layout-flow wp-block-column-is-layout-flow\">\n<figure class=\"wp-block-image size-large\"><a href=\"https:\/\/world.dan.org\/es\/safety-prevention\/chamber-operation-safety\/\"><img loading=\"lazy\" decoding=\"async\" width=\"600\" height=\"300\" src=\"https:\/\/world.dan.org\/wp-content\/uploads\/2021\/07\/pressure-chamber-1094477228-600x300-1.jpg\" alt=\"\" class=\"wp-image-17948\" srcset=\"https:\/\/world.dan.org\/wp-content\/uploads\/2021\/07\/pressure-chamber-1094477228-600x300-1.jpg 600w, https:\/\/world.dan.org\/wp-content\/uploads\/2021\/07\/pressure-chamber-1094477228-600x300-1-360x180.jpg 360w, https:\/\/world.dan.org\/wp-content\/uploads\/2021\/07\/pressure-chamber-1094477228-600x300-1-18x9.jpg 18w\" sizes=\"auto, (max-width: 600px) 100vw, 600px\" \/><\/a><\/figure>\n\n\n\n<h2 class=\"wp-block-heading\" id=\"h-chamber-safety\" style=\"font-size:24px\"><span style=\"color: #111111;\" class=\"stk-highlight\">Seguridad de las c\u00e1maras<\/span><\/h2>\n\n\n\n<p>La respuesta inicial de DAN a cualquier lesi\u00f3n o enfermedad de buceo es verificar que el buzo reciba maniobras adecuadas de primeros auxilios, que un profesional de la medicina lo eval\u00fae y, despu\u00e9s, que se inicie el tratamiento necesario, que podr\u00eda incluir terapia en una c\u00e1mara hiperb\u00e1rica.<\/p>\n\n\n\n<p><a href=\"https:\/\/world.dan.org\/es\/safety-prevention\/chamber-operation-safety\/\">M\u00e1s informaci\u00f3n<\/a><\/p>\n<\/div>\n<\/div>","protected":false},"excerpt":{"rendered":"<p>La misi\u00f3n principal de DAN es ayudar a los buceadores recreativos lesionados. Una importante misi\u00f3n secundaria es prevenir las lesiones de buceo. Como parte de una campa\u00f1a mundial para reducir las lesiones y muertes en el buceo, DAN se esfuerza por cumplir su visi\u00f3n de hacer que cada inmersi\u00f3n est\u00e9 libre de accidentes y lesiones mediante la identificaci\u00f3n y mitigaci\u00f3n de los riesgos asociados con las operaciones de buceo.<\/p>","protected":false},"author":1,"featured_media":0,"parent":0,"menu_order":182,"comment_status":"closed","ping_status":"closed","template":"templates\/page-landing-2.php","meta":{"_acf_changed":false,"_ef_editorial_meta_date_first-draft-date":"","_ef_editorial_meta_paragraph_assignment":"","_ef_editorial_meta_checkbox_needs-photo":"","_ef_editorial_meta_number_word-count":"","footnotes":""},"class_list":["post-23","page","type-page","status-publish","hentry"],"acf":[],"yoast_head":"<!-- This site is optimized with the Yoast SEO Premium plugin v27.4 (Yoast SEO v27.4) - https:\/\/yoast.com\/product\/yoast-seo-premium-wordpress\/ -->\n<title>Safety &amp; Prevention - DAN World<\/title>\n<meta name=\"description\" content=\"As part of a global campaign to reduce dive injuries and fatalities, DAN strives to fulfill its vision of making every dive accident and injury free.\" \/>\n<meta name=\"robots\" content=\"index, follow, max-snippet:-1, max-image-preview:large, max-video-preview:-1\" \/>\n<link rel=\"canonical\" href=\"https:\/\/world.dan.org\/es\/safety-prevention\/\" \/>\n<meta property=\"og:locale\" content=\"es_MX\" \/>\n<meta property=\"og:type\" content=\"article\" \/>\n<meta property=\"og:title\" content=\"Safety &amp; Prevention\" \/>\n<meta property=\"og:description\" content=\"As part of a global campaign to reduce dive injuries and fatalities, DAN strives to fulfill its vision of making every dive accident and injury free by identifying and mitigating risks associated with diving operations.\" \/>\n<meta property=\"og:url\" content=\"https:\/\/world.dan.org\/es\/safety-prevention\/\" \/>\n<meta property=\"og:site_name\" content=\"DAN World\" \/>\n<meta property=\"article:modified_time\" content=\"2025-02-24T21:40:31+00:00\" \/>\n<meta property=\"og:image\" content=\"https:\/\/world.dan.org\/wp-content\/uploads\/2021\/06\/safety-prevention-IMG_8886-DAN-slider-e1738623475741.jpg\" \/>\n\t<meta property=\"og:image:width\" content=\"1920\" \/>\n\t<meta property=\"og:image:height\" content=\"1080\" \/>\n\t<meta property=\"og:image:type\" content=\"image\/jpeg\" \/>\n<meta name=\"twitter:card\" content=\"summary_large_image\" \/>\n<meta name=\"twitter:title\" content=\"Safety &amp; Prevention\" \/>\n<meta name=\"twitter:description\" content=\"As part of a global campaign to reduce dive injuries and fatalities, DAN strives to fulfill its vision of making every dive accident and injury free by identifying and mitigating risks associated with diving operations.\" \/>\n<meta name=\"twitter:image\" content=\"https:\/\/world.dan.org\/wp-content\/uploads\/2021\/06\/safety-prevention-IMG_8886-DAN-slider-e1738623475741.jpg\" \/>\n<meta name=\"twitter:label1\" content=\"Est. reading time\" \/>\n\t<meta name=\"twitter:data1\" content=\"3 minutes\" \/>\n<script type=\"application\/ld+json\" class=\"yoast-schema-graph\">{\"@context\":\"https:\\\/\\\/schema.org\",\"@graph\":[{\"@type\":\"WebPage\",\"@id\":\"https:\\\/\\\/world.dan.org\\\/safety-prevention\\\/\",\"url\":\"https:\\\/\\\/world.dan.org\\\/safety-prevention\\\/\",\"name\":\"Safety & Prevention - DAN World\",\"isPartOf\":{\"@id\":\"https:\\\/\\\/world.dan.org\\\/es\\\/#website\"},\"primaryImageOfPage\":{\"@id\":\"https:\\\/\\\/world.dan.org\\\/safety-prevention\\\/#primaryimage\"},\"image\":{\"@id\":\"https:\\\/\\\/world.dan.org\\\/safety-prevention\\\/#primaryimage\"},\"thumbnailUrl\":\"https:\\\/\\\/world.dan.org\\\/wp-content\\\/uploads\\\/2021\\\/07\\\/return-to-diving-3Q3A8782-DAN-1200x600-1.jpg\",\"datePublished\":\"2020-03-27T21:55:08+00:00\",\"dateModified\":\"2025-02-24T21:40:31+00:00\",\"description\":\"As part of a global campaign to reduce dive injuries and fatalities, DAN strives to fulfill its vision of making every dive accident and injury free.\",\"breadcrumb\":{\"@id\":\"https:\\\/\\\/world.dan.org\\\/safety-prevention\\\/#breadcrumb\"},\"inLanguage\":\"es-MX\",\"potentialAction\":[{\"@type\":\"ReadAction\",\"target\":[\"https:\\\/\\\/world.dan.org\\\/safety-prevention\\\/\"]}]},{\"@type\":\"ImageObject\",\"inLanguage\":\"es-MX\",\"@id\":\"https:\\\/\\\/world.dan.org\\\/safety-prevention\\\/#primaryimage\",\"url\":\"https:\\\/\\\/world.dan.org\\\/wp-content\\\/uploads\\\/2021\\\/07\\\/return-to-diving-3Q3A8782-DAN-1200x600-1.jpg\",\"contentUrl\":\"https:\\\/\\\/world.dan.org\\\/wp-content\\\/uploads\\\/2021\\\/07\\\/return-to-diving-3Q3A8782-DAN-1200x600-1.jpg\"},{\"@type\":\"BreadcrumbList\",\"@id\":\"https:\\\/\\\/world.dan.org\\\/safety-prevention\\\/#breadcrumb\",\"itemListElement\":[{\"@type\":\"ListItem\",\"position\":1,\"name\":\"Home\",\"item\":\"https:\\\/\\\/world.dan.org\\\/\"},{\"@type\":\"ListItem\",\"position\":2,\"name\":\"Safety &#038; Prevention\"}]},{\"@type\":\"WebSite\",\"@id\":\"https:\\\/\\\/world.dan.org\\\/es\\\/#website\",\"url\":\"https:\\\/\\\/world.dan.org\\\/es\\\/\",\"name\":\"DAN World\",\"description\":\"\",\"publisher\":{\"@id\":\"https:\\\/\\\/world.dan.org\\\/es\\\/#organization\"},\"potentialAction\":[{\"@type\":\"SearchAction\",\"target\":{\"@type\":\"EntryPoint\",\"urlTemplate\":\"https:\\\/\\\/world.dan.org\\\/es\\\/?s={search_term_string}\"},\"query-input\":{\"@type\":\"PropertyValueSpecification\",\"valueRequired\":true,\"valueName\":\"search_term_string\"}}],\"inLanguage\":\"es-MX\"},{\"@type\":\"Organization\",\"@id\":\"https:\\\/\\\/world.dan.org\\\/es\\\/#organization\",\"name\":\"DAN World\",\"url\":\"https:\\\/\\\/world.dan.org\\\/es\\\/\",\"logo\":{\"@type\":\"ImageObject\",\"inLanguage\":\"es-MX\",\"@id\":\"https:\\\/\\\/world.dan.org\\\/es\\\/#\\\/schema\\\/logo\\\/image\\\/\",\"url\":\"https:\\\/\\\/world.dan.org\\\/wp-content\\\/uploads\\\/2022\\\/04\\\/DAN-World-logo-sm-52px.svg\",\"contentUrl\":\"https:\\\/\\\/world.dan.org\\\/wp-content\\\/uploads\\\/2022\\\/04\\\/DAN-World-logo-sm-52px.svg\",\"width\":175,\"height\":52,\"caption\":\"DAN World\"},\"image\":{\"@id\":\"https:\\\/\\\/world.dan.org\\\/es\\\/#\\\/schema\\\/logo\\\/image\\\/\"}}]}<\/script>\n<!-- \/ Yoast SEO Premium plugin. -->","yoast_head_json":{"title":"Seguridad y prevenci\u00f3n - DAN World","description":"Como parte de una campa\u00f1a mundial para reducir las lesiones y muertes en el buceo, DAN se esfuerza por cumplir su visi\u00f3n de conseguir que todas las inmersiones est\u00e9n libres de accidentes y lesiones.","robots":{"index":"index","follow":"follow","max-snippet":"max-snippet:-1","max-image-preview":"max-image-preview:large","max-video-preview":"max-video-preview:-1"},"canonical":"https:\/\/world.dan.org\/es\/safety-prevention\/","og_locale":"es_MX","og_type":"article","og_title":"Safety & Prevention","og_description":"As part of a global campaign to reduce dive injuries and fatalities, DAN strives to fulfill its vision of making every dive accident and injury free by identifying and mitigating risks associated with diving operations.","og_url":"https:\/\/world.dan.org\/es\/safety-prevention\/","og_site_name":"DAN World","article_modified_time":"2025-02-24T21:40:31+00:00","og_image":[{"width":1920,"height":1080,"url":"https:\/\/world.dan.org\/wp-content\/uploads\/2021\/06\/safety-prevention-IMG_8886-DAN-slider-e1738623475741.jpg","type":"image\/jpeg"}],"twitter_card":"summary_large_image","twitter_title":"Safety & Prevention","twitter_description":"As part of a global campaign to reduce dive injuries and fatalities, DAN strives to fulfill its vision of making every dive accident and injury free by identifying and mitigating risks associated with diving operations.","twitter_image":"https:\/\/world.dan.org\/wp-content\/uploads\/2021\/06\/safety-prevention-IMG_8886-DAN-slider-e1738623475741.jpg","twitter_misc":{"Est. reading time":"3 minutes"},"schema":{"@context":"https:\/\/schema.org","@graph":[{"@type":"WebPage","@id":"https:\/\/world.dan.org\/safety-prevention\/","url":"https:\/\/world.dan.org\/safety-prevention\/","name":"Seguridad y prevenci\u00f3n - DAN World","isPartOf":{"@id":"https:\/\/world.dan.org\/es\/#website"},"primaryImageOfPage":{"@id":"https:\/\/world.dan.org\/safety-prevention\/#primaryimage"},"image":{"@id":"https:\/\/world.dan.org\/safety-prevention\/#primaryimage"},"thumbnailUrl":"https:\/\/world.dan.org\/wp-content\/uploads\/2021\/07\/return-to-diving-3Q3A8782-DAN-1200x600-1.jpg","datePublished":"2020-03-27T21:55:08+00:00","dateModified":"2025-02-24T21:40:31+00:00","description":"Como parte de una campa\u00f1a mundial para reducir las lesiones y muertes en el buceo, DAN se esfuerza por cumplir su visi\u00f3n de conseguir que todas las inmersiones est\u00e9n libres de accidentes y lesiones.","breadcrumb":{"@id":"https:\/\/world.dan.org\/safety-prevention\/#breadcrumb"},"inLanguage":"es-MX","potentialAction":[{"@type":"ReadAction","target":["https:\/\/world.dan.org\/safety-prevention\/"]}]},{"@type":"ImageObject","inLanguage":"es-MX","@id":"https:\/\/world.dan.org\/safety-prevention\/#primaryimage","url":"https:\/\/world.dan.org\/wp-content\/uploads\/2021\/07\/return-to-diving-3Q3A8782-DAN-1200x600-1.jpg","contentUrl":"https:\/\/world.dan.org\/wp-content\/uploads\/2021\/07\/return-to-diving-3Q3A8782-DAN-1200x600-1.jpg"},{"@type":"BreadcrumbList","@id":"https:\/\/world.dan.org\/safety-prevention\/#breadcrumb","itemListElement":[{"@type":"ListItem","position":1,"name":"Home","item":"https:\/\/world.dan.org\/"},{"@type":"ListItem","position":2,"name":"Safety &#038; Prevention"}]},{"@type":"WebSite","@id":"https:\/\/world.dan.org\/es\/#website","url":"https:\/\/world.dan.org\/es\/","name":"DAN World","description":"","publisher":{"@id":"https:\/\/world.dan.org\/es\/#organization"},"potentialAction":[{"@type":"SearchAction","target":{"@type":"EntryPoint","urlTemplate":"https:\/\/world.dan.org\/es\/?s={search_term_string}"},"query-input":{"@type":"PropertyValueSpecification","valueRequired":true,"valueName":"search_term_string"}}],"inLanguage":"es-MX"},{"@type":"Organization","@id":"https:\/\/world.dan.org\/es\/#organization","name":"DAN World","url":"https:\/\/world.dan.org\/es\/","logo":{"@type":"ImageObject","inLanguage":"es-MX","@id":"https:\/\/world.dan.org\/es\/#\/schema\/logo\/image\/","url":"https:\/\/world.dan.org\/wp-content\/uploads\/2022\/04\/DAN-World-logo-sm-52px.svg","contentUrl":"https:\/\/world.dan.org\/wp-content\/uploads\/2022\/04\/DAN-World-logo-sm-52px.svg","width":175,"height":52,"caption":"DAN World"},"image":{"@id":"https:\/\/world.dan.org\/es\/#\/schema\/logo\/image\/"}}]}},"_links":{"self":[{"href":"https:\/\/world.dan.org\/es\/wp-json\/wp\/v2\/pages\/23","targetHints":{"allow":["GET"]}}],"collection":[{"href":"https:\/\/world.dan.org\/es\/wp-json\/wp\/v2\/pages"}],"about":[{"href":"https:\/\/world.dan.org\/es\/wp-json\/wp\/v2\/types\/page"}],"author":[{"embeddable":true,"href":"https:\/\/world.dan.org\/es\/wp-json\/wp\/v2\/users\/1"}],"replies":[{"embeddable":true,"href":"https:\/\/world.dan.org\/es\/wp-json\/wp\/v2\/comments?post=23"}],"version-history":[{"count":0,"href":"https:\/\/world.dan.org\/es\/wp-json\/wp\/v2\/pages\/23\/revisions"}],"wp:attachment":[{"href":"https:\/\/world.dan.org\/es\/wp-json\/wp\/v2\/media?parent=23"}],"curies":[{"name":"wp","href":"https:\/\/api.w.org\/{rel}","templated":true}]}}