{"id":2380,"date":"2020-07-16T11:45:11","date_gmt":"2020-07-16T15:45:11","guid":{"rendered":"http:\/\/wordpress.world.dan.org\/?page_id=2380"},"modified":"2023-07-22T11:03:02","modified_gmt":"2023-07-22T15:03:02","slug":"hazard-identification-and-risk-assessment-hira-faqs","status":"publish","type":"page","link":"https:\/\/world.dan.org\/es\/safety-prevention\/operation-safety\/safety-assessments\/hazard-identification-and-risk-assessment-hira-faqs\/","title":{"rendered":"Preguntas frecuentes sobre el programa Identificaci\u00f3n de peligros y evaluaci\u00f3n de riesgos (HIRA)"},"content":{"rendered":"<h3 class=\"wp-block-heading\" id=\"h-q-what-is-hira\">P: \u00bfQu\u00e9 es HIRA?<\/h3>\n\n\n\n<p>El programa Identificaci\u00f3n de peligros y evaluaci\u00f3n de riesgos (Hazard Identification and Risk Assessment, HIRA) de DAN es una adaptaci\u00f3n directa de los programas institucionales de seguridad que se utilizan en las industrias aeroespacial y de atenci\u00f3n de la salud. Est\u00e1 dise\u00f1ado para ense\u00f1arle a identificar los riesgos y peligros a los que est\u00e1 expuesto usted, su personal, sus clientes y su empresa antes de que lleguen a causar lesiones o p\u00e9rdidas. La meta del programa es que aprenda a autoevaluarse, independientemente de la experiencia que tenga en esta actividad. El programa le ofrece herramientas para evaluar su empresa, hacer frente a los peligros y riesgos que pueda haber pasado por alto y resolver problemas habituales que pueden ponerlo en riesgo.<\/p>\n\n\n\n<h3 class=\"wp-block-heading\" id=\"h-q-is-hira-just-for-dive-shops\">P: \u00bfSolo las tiendas de buceo pueden usar HIRA?<\/h3>\n\n\n\n<p>El programa HIRA de DAN est\u00e1 dise\u00f1ado para todos los profesionales del buceo. Es \u00fatil para divemasters, instructores, operadores de barcos privados, propietarios de tiendas o empresas que tienen a los deportes acu\u00e1ticos como actividad secundaria. Como el programa aborda aspectos espec\u00edficos de cada tipo de usuario y la gama de usuarios es amplia, no todas las secciones le resultar\u00e1n relevantes a su operaci\u00f3n en particular. Depende de usted determinar qu\u00e9 partes del programa puede aprovechar. Esta herramienta est\u00e1 dise\u00f1ada para ayudarlo a gestionar su propio riesgo; no debe usarse como auditor\u00eda ni programa de cumplimiento. La meta es ayudar a que los operadores capaces y motivados mejoren sus empresas y reduzcan su responsabilidad legal.<\/p>\n\n\n\n<h3 class=\"wp-block-heading\" id=\"h-q-what-do-i-stand-to-gain-from-the-hira-program\">P: \u00bfC\u00f3mo puede beneficiarme el programa HIRA?<\/h3>\n\n\n\n<p>Aunque un profesional del buceo no deba lidiar con un lugar f\u00edsico, sigue enfrentando muchos peligros, tanto dentro como fuera del agua. Tener la capacidad para identificar los problemas que podr\u00edan surgir a partir de las actividades, la gesti\u00f3n de la responsabilidad legal e incluso de los clientes, es un aspecto crucial para que los profesionales se protejan legalmente, protejan a sus estudiantes y operen correctamente. Los profesionales del buceo se exponen a riesgos al dictar cursos, transportar equipos y estudiantes, dirigir u organizar excursiones en barcos privados y hacerse cargo de muchas otras actividades necesarias en la operaci\u00f3n de una empresa de buceo. Aunque estas cuestiones suelan pasarse por alto, representan un peligro para el profesional del buceo. El programa HIRA de DAN se dise\u00f1\u00f3 con el fin de solucionar esta situaci\u00f3n y mantenerlo seguro mientras se dedica a ense\u00f1ar y proteger a sus estudiantes.<\/p>\n\n\n\n<p>Como operador de buceo, el programa HIRA le presentar\u00e1 conceptos completamente nuevos de gesti\u00f3n de riesgos y responsabilidad legal. A pesar de que la industria del buceo sufre los mismos tipos de demandas judiciales y p\u00e9rdidas que en el sector aeroespacial y el de la atenci\u00f3n de la salud, no se ha adoptado la gesti\u00f3n organizada de riesgos vigente en estos sectores. El riesgo est\u00e1 presente en cada actividad de la industria del buceo, pero es f\u00e1cil pasarlo por alto o no tener en cuenta los peligros. Como operadores y como responsables de la seguridad de nuestros empleados y clientes, esto es algo que no nos podemos permitir. El programa HIRA de DAN es un recurso para autocontrolarnos y verificar que le demos a la seguridad la importancia que tiene. La ausencia de accidentes no implica necesariamente que estemos operando de forma segura.<\/p>\n\n\n\n<h3 class=\"wp-block-heading\" id=\"h-q-why-is-hira-level-iii-not-available-for-instructors\">P: \u00bfPor qu\u00e9 el nivel III de HIRA no est\u00e1 disponible para instructores?<\/h3>\n\n\n\n<p>El nivel 3 de HIRA es el grado m\u00e1s alto y avanzado del programa. Est\u00e1 dise\u00f1ado para abarcar cada aspecto de las actividades empresariales y de buceo, como la gesti\u00f3n de recursos humanos, la legislaci\u00f3n laboral, la seguridad laboral de los empleados y una serie de cuestiones espec\u00edficas de nuestra actividad. Es un nivel que solo pueden aprovechar plenamente quienes sean due\u00f1os o responsables de una empresa f\u00edsica.<\/p>\n\n\n\n<h3 class=\"wp-block-heading\" id=\"h-q-does-the-hira-program-cost-anything\">P: \u00bfTiene costo el programa HIRA?<\/h3>\n\n\n\n<p>El programa HIRA de DAN se dise\u00f1\u00f3 para ayudar al crecimiento de la industria del buceo, reducir las p\u00e9rdidas empresariales y prevenir lesiones. La industria del buceo no puede sobrevivir sin sus profesionales, por lo que la mejora de la seguridad no puede limitarse solo a los buzos que practican el buceo recreativo. DAN ofrece este programa sin costo para sus miembros profesionales y empresariales, como una manera de fomentar la seguridad en nuestras comunidades y ayudar al crecimiento de nuestra industria.<\/p>\n\n\n\n<h3 class=\"wp-block-heading\" id=\"h-q-what-does-dan-do-with-information-from-hira-surveys\">P: \u00bfQu\u00e9 hace DAN con la informaci\u00f3n que obtiene de las encuestas de HIRA?<\/h3>\n\n\n\n<p>Toda la informaci\u00f3n proporcionada durante las encuestas de HIRA es completamente confidencial. Antes de ser volcada en an\u00e1lisis para mejorar el programa, su informaci\u00f3n se anonimiza. Solo usted tiene acceso a los resultados de su encuesta, a menos que solicite una consulta al equipo de gesti\u00f3n de riesgos de DAN.<\/p>\n\n\n\n<h3 class=\"wp-block-heading\" id=\"h-q-i-ve-been-in-business-for-decades-without-issues-why-should-i-consider-risk-mitigation-now\">P: Mi empresa ha funcionado durante d\u00e9cadas sin problemas. \u00bfPor qu\u00e9 deber\u00eda contemplar la mitigaci\u00f3n de riesgos justo ahora?<\/h3>\n\n\n\n<p>Un historial de actividades seguras y satisfactorias es un buen indicio de que su empresa es s\u00f3lida y est\u00e1 bien dirigida, pero no implica la ausencia de riesgos. Siempre habr\u00e1 riesgos, a pesar de nuestros mejores esfuerzos. El programa HIRA de DAN le permite examinar m\u00e1s detenidamente sus actividades de forma cr\u00edtica, implementando un amplio conjunto de criterios. Incluso entre los m\u00e1s experimentados, es muy f\u00e1cil confiarse demasiado al punto de pasar por alto los peligros de toda la vida o nuevos riesgos. Si bien implementar el programa podr\u00eda confirmar que sus riesgos est\u00e1n bien gestionados, el valor de un proceso est\u00e1 en sus resultados, y usted contar\u00e1 con una referencia para futuras evaluaciones de peligros y actividades.<\/p>\n\n\n\n<h3 class=\"wp-block-heading\" id=\"h-q-will-hira-affect-my-insurance-rates\">P: \u00bfHIRA afectar\u00e1 las primas de mi seguro?<\/h3>\n\n\n\n<p>Depende de su aseguradora si los programas formales de gesti\u00f3n de riesgos, como el programa HIRA de DAN, influyen directamente en sus primas. Por otro lado, reducir la cantidad de reclamos, tanto a nivel individual como en toda la industria, tendr\u00e1 como resultado una tendencia descendente en las primas de seguro, algo positivo para usted y para todo el sector. Adem\u00e1s, el programa puede ayudar a reducir el riesgo de pleito o responsabilidad legal en una posible demanda judicial.<\/p>\n\n\n\n<h3 class=\"wp-block-heading\" id=\"h-q-what-are-the-top-risks-for-most-shops\">P: \u00bfCu\u00e1les son los principales riesgos que enfrentan las tiendas?<\/h3>\n\n\n\n<p>Si bien cada lugar es \u00fanico, los datos de la industria sobre incidentes y p\u00e9rdidas muestran que una peque\u00f1a cantidad de peligros causan problemas de forma sistem\u00e1tica. Estos son los peligros m\u00e1s comunes en todas las actividades de la industria:<\/p>\n\n\n\n<ol class=\"wp-block-list\" type=\"1\">\n<li>Intoxicaci\u00f3n por mon\u00f3xido de carbono<\/li>\n\n\n\n<li>Procedimientos peligrosos de recarga de botellas<\/li>\n\n\n\n<li>Falta de planes de acci\u00f3n en emergencias escritos y ensayados<\/li>\n\n\n\n<li>Renuencia o falta de capacitaci\u00f3n para identificar a los clientes que suponen un peligro y negarles el servicio<\/li>\n<\/ol>\n\n\n\n<h3 class=\"wp-block-heading\" id=\"h-q-what-do-the-air-quality-test-results-mean-and-can-i-perform-the-test-myself\">P: \u00bfQu\u00e9 significan los resultados de la prueba de calidad del aire? \u00bfPuedo hacer la prueba yo mismo?<\/h3>\n\n\n\n<p class=\"translation-block\">La prueba de calidad del aire determina el nivel de contaminantes analizados en un suministro de gas en el momento de la prueba. No es garant\u00eda de la calidad del aire durante un plazo determinado ni evidencia definitiva de que un compresor funcione correctamente. No es dif\u00edcil hacer la prueba, pero debe hacerlo con cuidado y de forma precisa. Para obtener m\u00e1s informaci\u00f3n sobre qu\u00e9 contaminantes debe analizar y c\u00f3mo hacerlo, descargue <strong><a href=\"https:\/\/apps.dan.org\/publication-library?&amp;token=na\" target=\"_self\">la Gu\u00eda de HIRA, 2.\u00aa edici\u00f3n (2019)<\/a><\/strong>.<\/span><\/p>\n\n\n\n<h3 class=\"wp-block-heading\" id=\"h-q-what-eaps-are-most-important-for-my-business-and-how-should-i-present-them-in-my-shop\">P: \u00bfQu\u00e9 planes de acci\u00f3n en emergencias son los m\u00e1s importantes para mi empresa y c\u00f3mo deber\u00eda implementarlos en mi tienda?<\/h3>\n\n\n\n<p class=\"translation-block\">Los planes de acci\u00f3n en emergencias son espec\u00edficos de cada empresa y cada actividad. Hay muy pocos que sean v\u00e1lidos para todas y cada una de las empresas. Los planes individuales deben dise\u00f1arse pensando en la empresa espec\u00edfica. Tras completar un nivel de HIRA, tendr\u00e1 una idea m\u00e1s clara de los riesgos que enfrenta su empresa y estar\u00e1 mejor capacitado para crear los planes de acci\u00f3n en emergencias que necesite. Para ver ejemplos de planes o herramientas para dise\u00f1ar uno propio, descargue <strong><a href=\"https:\/\/apps.world.dan.org\/publication-library?&amp;token=na\" target=\"_self\">la Gu\u00eda de HIRA, 2.\u00aa edici\u00f3n (2019)<\/a><\/strong><\/p>\n\n\n\n<h3 class=\"wp-block-heading\" id=\"h-q-do-i-have-the-right-to-refuse-a-customer-and-if-so-how-do-i-do-it\">P: \u00bfTengo derecho a negarle el servicio a un cliente? En ese caso, \u00bfc\u00f3mo puedo hacerlo?<\/h3>\n\n\n\n<p class=\"translation-block\">El derecho a negar la prestaci\u00f3n de servicios es un componente crucial de todas las empresas, aunque muchos en la industria del buceo lo hayan malinterpretado o nunca se hayan formado en c\u00f3mo ejercerlo. Es importante comprender que, siempre y cuando tenga una pol\u00edtica escrita y disponible al p\u00fablico, usted tiene el derecho absoluto de negarle el servicio a un cliente por cualquier inquietud razonable relativa a la salud o la seguridad. Adem\u00e1s, si un cliente supone un peligro para su propia seguridad o para la de usted o su personal, usted tiene la obligaci\u00f3n de negarle el servicio, de manera cort\u00e9s y adecuada, a fin de proteger la seguridad de todos los involucrados. Para obtener m\u00e1s informaci\u00f3n sobre el derecho a negar la prestaci\u00f3n de servicios y las pol\u00edticas de rechazo de clientes, lea el art\u00edculo <em><a href=\"https:\/\/world.dan.org\/es\/alert-diver\/article\/right-of-refusal-2\/\" target=\"_self\"><strong>El derecho a negar la prestaci\u00f3n de servicios<\/strong><\/a><\/em><\/span>.<\/p>\n\n\n\n<p><\/p>","protected":false},"excerpt":{"rendered":"<p>Q: What is HIRA? The DAN Hazard Identification and Risk Assessment (HIRA) program is a direct adaption of the institutional safety programs used in healthcare and aerospace. It is designed [&hellip;]<\/p>\n","protected":false},"author":1,"featured_media":0,"parent":2017,"menu_order":126,"comment_status":"closed","ping_status":"closed","template":"","meta":{"_acf_changed":false,"_ef_editorial_meta_date_first-draft-date":"","_ef_editorial_meta_paragraph_assignment":"","_ef_editorial_meta_checkbox_needs-photo":"","_ef_editorial_meta_number_word-count":"","footnotes":""},"class_list":["post-2380","page","type-page","status-publish","hentry"],"acf":[],"yoast_head":"<!-- This site is optimized with the Yoast SEO Premium plugin v27.0 (Yoast SEO v27.3) - https:\/\/yoast.com\/product\/yoast-seo-premium-wordpress\/ -->\n<title>Hazard Identification and Risk Assessment (HIRA) FAQs - DAN World<\/title>\n<meta name=\"robots\" content=\"index, follow, max-snippet:-1, max-image-preview:large, max-video-preview:-1\" \/>\n<link rel=\"canonical\" href=\"https:\/\/world.dan.org\/es\/safety-prevention\/operation-safety\/safety-assessments\/hazard-identification-and-risk-assessment-hira-faqs\/\" \/>\n<meta property=\"og:locale\" content=\"es_MX\" \/>\n<meta property=\"og:type\" content=\"article\" \/>\n<meta property=\"og:title\" content=\"Hazard Identification and Risk Assessment (HIRA) FAQs\" \/>\n<meta property=\"og:description\" content=\"Q: What is HIRA? The DAN Hazard Identification and Risk Assessment (HIRA) program is a direct adaption of the institutional safety programs used in healthcare and aerospace. It is designed [&hellip;]\" \/>\n<meta property=\"og:url\" content=\"https:\/\/world.dan.org\/es\/safety-prevention\/operation-safety\/safety-assessments\/hazard-identification-and-risk-assessment-hira-faqs\/\" \/>\n<meta property=\"og:site_name\" content=\"DAN World\" \/>\n<meta property=\"article:modified_time\" content=\"2023-07-22T15:03:02+00:00\" \/>\n<meta name=\"twitter:card\" content=\"summary_large_image\" \/>\n<meta name=\"twitter:label1\" content=\"Est. reading time\" \/>\n\t<meta name=\"twitter:data1\" content=\"6 minutes\" \/>\n<script type=\"application\/ld+json\" class=\"yoast-schema-graph\">{\"@context\":\"https:\\\/\\\/schema.org\",\"@graph\":[{\"@type\":\"WebPage\",\"@id\":\"https:\\\/\\\/world.dan.org\\\/safety-prevention\\\/operation-safety\\\/safety-assessments\\\/hazard-identification-and-risk-assessment-hira-faqs\\\/\",\"url\":\"https:\\\/\\\/world.dan.org\\\/safety-prevention\\\/operation-safety\\\/safety-assessments\\\/hazard-identification-and-risk-assessment-hira-faqs\\\/\",\"name\":\"Hazard Identification and Risk Assessment (HIRA) FAQs - DAN World\",\"isPartOf\":{\"@id\":\"https:\\\/\\\/world.dan.org\\\/es\\\/#website\"},\"datePublished\":\"2020-07-16T15:45:11+00:00\",\"dateModified\":\"2023-07-22T15:03:02+00:00\",\"breadcrumb\":{\"@id\":\"https:\\\/\\\/world.dan.org\\\/safety-prevention\\\/operation-safety\\\/safety-assessments\\\/hazard-identification-and-risk-assessment-hira-faqs\\\/#breadcrumb\"},\"inLanguage\":\"es-MX\",\"potentialAction\":[{\"@type\":\"ReadAction\",\"target\":[\"https:\\\/\\\/world.dan.org\\\/safety-prevention\\\/operation-safety\\\/safety-assessments\\\/hazard-identification-and-risk-assessment-hira-faqs\\\/\"]}]},{\"@type\":\"BreadcrumbList\",\"@id\":\"https:\\\/\\\/world.dan.org\\\/safety-prevention\\\/operation-safety\\\/safety-assessments\\\/hazard-identification-and-risk-assessment-hira-faqs\\\/#breadcrumb\",\"itemListElement\":[{\"@type\":\"ListItem\",\"position\":1,\"name\":\"Home\",\"item\":\"https:\\\/\\\/world.dan.org\\\/\"},{\"@type\":\"ListItem\",\"position\":2,\"name\":\"Safety &#038; Prevention\",\"item\":\"https:\\\/\\\/world.dan.org\\\/safety-prevention\\\/\"},{\"@type\":\"ListItem\",\"position\":3,\"name\":\"Dive Operation Safety\",\"item\":\"https:\\\/\\\/world.dan.org\\\/ko\\\/safety-prevention\\\/operation-safety\\\/\"},{\"@type\":\"ListItem\",\"position\":4,\"name\":\"Safety Assessments: Dive Professionals\",\"item\":\"https:\\\/\\\/world.dan.org\\\/safety-prevention\\\/operation-safety\\\/safety-assessments\\\/\"},{\"@type\":\"ListItem\",\"position\":5,\"name\":\"Hazard Identification and Risk Assessment (HIRA) FAQs\"}]},{\"@type\":\"WebSite\",\"@id\":\"https:\\\/\\\/world.dan.org\\\/es\\\/#website\",\"url\":\"https:\\\/\\\/world.dan.org\\\/es\\\/\",\"name\":\"DAN World\",\"description\":\"\",\"publisher\":{\"@id\":\"https:\\\/\\\/world.dan.org\\\/es\\\/#organization\"},\"potentialAction\":[{\"@type\":\"SearchAction\",\"target\":{\"@type\":\"EntryPoint\",\"urlTemplate\":\"https:\\\/\\\/world.dan.org\\\/es\\\/?s={search_term_string}\"},\"query-input\":{\"@type\":\"PropertyValueSpecification\",\"valueRequired\":true,\"valueName\":\"search_term_string\"}}],\"inLanguage\":\"es-MX\"},{\"@type\":\"Organization\",\"@id\":\"https:\\\/\\\/world.dan.org\\\/es\\\/#organization\",\"name\":\"DAN World\",\"url\":\"https:\\\/\\\/world.dan.org\\\/es\\\/\",\"logo\":{\"@type\":\"ImageObject\",\"inLanguage\":\"es-MX\",\"@id\":\"https:\\\/\\\/world.dan.org\\\/es\\\/#\\\/schema\\\/logo\\\/image\\\/\",\"url\":\"https:\\\/\\\/world.dan.org\\\/wp-content\\\/uploads\\\/2022\\\/04\\\/DAN-World-logo-sm-52px.svg\",\"contentUrl\":\"https:\\\/\\\/world.dan.org\\\/wp-content\\\/uploads\\\/2022\\\/04\\\/DAN-World-logo-sm-52px.svg\",\"width\":175,\"height\":52,\"caption\":\"DAN World\"},\"image\":{\"@id\":\"https:\\\/\\\/world.dan.org\\\/es\\\/#\\\/schema\\\/logo\\\/image\\\/\"}}]}<\/script>\n<!-- \/ Yoast SEO Premium plugin. -->","yoast_head_json":{"title":"Preguntas frecuentes sobre la identificaci\u00f3n de peligros y la evaluaci\u00f3n de riesgos (HIRA) - DAN World","robots":{"index":"index","follow":"follow","max-snippet":"max-snippet:-1","max-image-preview":"max-image-preview:large","max-video-preview":"max-video-preview:-1"},"canonical":"https:\/\/world.dan.org\/es\/safety-prevention\/operation-safety\/safety-assessments\/hazard-identification-and-risk-assessment-hira-faqs\/","og_locale":"es_MX","og_type":"article","og_title":"Hazard Identification and Risk Assessment (HIRA) FAQs","og_description":"Q: What is HIRA? The DAN Hazard Identification and Risk Assessment (HIRA) program is a direct adaption of the institutional safety programs used in healthcare and aerospace. It is designed [&hellip;]","og_url":"https:\/\/world.dan.org\/es\/safety-prevention\/operation-safety\/safety-assessments\/hazard-identification-and-risk-assessment-hira-faqs\/","og_site_name":"DAN World","article_modified_time":"2023-07-22T15:03:02+00:00","twitter_card":"summary_large_image","twitter_misc":{"Est. reading time":"6 minutes"},"schema":{"@context":"https:\/\/schema.org","@graph":[{"@type":"WebPage","@id":"https:\/\/world.dan.org\/safety-prevention\/operation-safety\/safety-assessments\/hazard-identification-and-risk-assessment-hira-faqs\/","url":"https:\/\/world.dan.org\/safety-prevention\/operation-safety\/safety-assessments\/hazard-identification-and-risk-assessment-hira-faqs\/","name":"Preguntas frecuentes sobre la identificaci\u00f3n de peligros y la evaluaci\u00f3n de riesgos (HIRA) - DAN World","isPartOf":{"@id":"https:\/\/world.dan.org\/es\/#website"},"datePublished":"2020-07-16T15:45:11+00:00","dateModified":"2023-07-22T15:03:02+00:00","breadcrumb":{"@id":"https:\/\/world.dan.org\/safety-prevention\/operation-safety\/safety-assessments\/hazard-identification-and-risk-assessment-hira-faqs\/#breadcrumb"},"inLanguage":"es-MX","potentialAction":[{"@type":"ReadAction","target":["https:\/\/world.dan.org\/safety-prevention\/operation-safety\/safety-assessments\/hazard-identification-and-risk-assessment-hira-faqs\/"]}]},{"@type":"BreadcrumbList","@id":"https:\/\/world.dan.org\/safety-prevention\/operation-safety\/safety-assessments\/hazard-identification-and-risk-assessment-hira-faqs\/#breadcrumb","itemListElement":[{"@type":"ListItem","position":1,"name":"Home","item":"https:\/\/world.dan.org\/"},{"@type":"ListItem","position":2,"name":"Safety &#038; Prevention","item":"https:\/\/world.dan.org\/safety-prevention\/"},{"@type":"ListItem","position":3,"name":"Dive Operation Safety","item":"https:\/\/world.dan.org\/ko\/safety-prevention\/operation-safety\/"},{"@type":"ListItem","position":4,"name":"Safety Assessments: Dive Professionals","item":"https:\/\/world.dan.org\/safety-prevention\/operation-safety\/safety-assessments\/"},{"@type":"ListItem","position":5,"name":"Hazard Identification and Risk Assessment (HIRA) FAQs"}]},{"@type":"WebSite","@id":"https:\/\/world.dan.org\/es\/#website","url":"https:\/\/world.dan.org\/es\/","name":"DAN World","description":"","publisher":{"@id":"https:\/\/world.dan.org\/es\/#organization"},"potentialAction":[{"@type":"SearchAction","target":{"@type":"EntryPoint","urlTemplate":"https:\/\/world.dan.org\/es\/?s={search_term_string}"},"query-input":{"@type":"PropertyValueSpecification","valueRequired":true,"valueName":"search_term_string"}}],"inLanguage":"es-MX"},{"@type":"Organization","@id":"https:\/\/world.dan.org\/es\/#organization","name":"DAN World","url":"https:\/\/world.dan.org\/es\/","logo":{"@type":"ImageObject","inLanguage":"es-MX","@id":"https:\/\/world.dan.org\/es\/#\/schema\/logo\/image\/","url":"https:\/\/world.dan.org\/wp-content\/uploads\/2022\/04\/DAN-World-logo-sm-52px.svg","contentUrl":"https:\/\/world.dan.org\/wp-content\/uploads\/2022\/04\/DAN-World-logo-sm-52px.svg","width":175,"height":52,"caption":"DAN World"},"image":{"@id":"https:\/\/world.dan.org\/es\/#\/schema\/logo\/image\/"}}]}},"_links":{"self":[{"href":"https:\/\/world.dan.org\/es\/wp-json\/wp\/v2\/pages\/2380","targetHints":{"allow":["GET"]}}],"collection":[{"href":"https:\/\/world.dan.org\/es\/wp-json\/wp\/v2\/pages"}],"about":[{"href":"https:\/\/world.dan.org\/es\/wp-json\/wp\/v2\/types\/page"}],"author":[{"embeddable":true,"href":"https:\/\/world.dan.org\/es\/wp-json\/wp\/v2\/users\/1"}],"replies":[{"embeddable":true,"href":"https:\/\/world.dan.org\/es\/wp-json\/wp\/v2\/comments?post=2380"}],"version-history":[{"count":0,"href":"https:\/\/world.dan.org\/es\/wp-json\/wp\/v2\/pages\/2380\/revisions"}],"up":[{"embeddable":true,"href":"https:\/\/world.dan.org\/es\/wp-json\/wp\/v2\/pages\/2017"}],"wp:attachment":[{"href":"https:\/\/world.dan.org\/es\/wp-json\/wp\/v2\/media?parent=2380"}],"curies":[{"name":"wp","href":"https:\/\/api.w.org\/{rel}","templated":true}]}}