{"id":2467,"date":"2020-07-17T10:55:43","date_gmt":"2020-07-17T14:55:43","guid":{"rendered":"http:\/\/wordpress.world.dan.org\/?page_id=2467"},"modified":"2025-03-17T19:02:56","modified_gmt":"2025-03-17T23:02:56","slug":"operational-safety-training","status":"publish","type":"page","link":"https:\/\/world.dan.org\/es\/safety-prevention\/operation-safety\/operational-safety-training\/","title":{"rendered":"Capacitaci\u00f3n en seguridad: operaciones de buceo"},"content":{"rendered":"<div style=\"height:50px\" aria-hidden=\"true\" class=\"wp-block-spacer\"><\/div>\n\n\n\n<p>Existen oportunidades de formaci\u00f3n tanto en l\u00ednea como presenciales para todas las personas involucradas en operaciones de buceo. Estas oportunidades ofrecen capacitaci\u00f3n y conocimientos esenciales para garantizar la seguridad en las operaciones de buceo.<\/p>\n\n\n\n<div style=\"height:30px\" aria-hidden=\"true\" class=\"wp-block-spacer\"><\/div>\n\n\n\n<hr class=\"wp-block-separator has-text-color has-dan-light-gray-color has-css-opacity has-dan-light-gray-background-color has-background\"\/>\n\n\n\n<div style=\"height:50px\" aria-hidden=\"true\" class=\"wp-block-spacer\"><\/div>\n\n\n\n<h2 class=\"wp-block-heading has-dan-black-color has-text-color\" id=\"h-risk-mitigation-courses\">Cursos sobre mitigaci\u00f3n de riesgos<\/h2>\n\n\n\n<p>Los cursos sobre mitigaci\u00f3n de riesgos en l\u00ednea de DAN est\u00e1n dise\u00f1ados para que los profesionales de la industria obtengan las herramientas necesarias para garantizar que sus operaciones de buceo cumplan con las recomendaciones de la industria. El objetivo de estos cursos es facilitar al m\u00e1ximo el acceso a esta informaci\u00f3n tan importante; por eso, est\u00e1n disponibles para cualquier persona de forma gratuita. Visite peri\u00f3dicamente el sitio para enterarse de los nuevos m\u00f3dulos que iremos agregando.<\/p>\n\n\n\n<div class=\"wp-block-columns is-layout-flex wp-container-core-columns-is-layout-9d6595d7 wp-block-columns-is-layout-flex\">\n<div class=\"wp-block-column is-layout-flow wp-block-column-is-layout-flow\">\n<h4 class=\"wp-block-heading has-dan-black-color has-text-color\" id=\"h-dive-boat-safety-best-practices\">Mejores pr\u00e1cticas de seguridad en embarcaciones de buceo<\/h4>\n\n\n\n<p>El programa de aprendizaje en l\u00ednea \"Buenas pr\u00e1cticas de seguridad en embarcaciones de buceo\" de DAN est\u00e1 dise\u00f1ado para ayudar a los operadores de embarcaciones de buceo a mejorar la seguridad de sus actividades y a adoptar las recomendaciones del aviso sobre seguridad mar\u00edtima de 2018 de la Guardia Costera de Estados Unidos (United States Coast Guard, USCG), (Alerta de seguridad 15-18). Este curso de 30 minutos est\u00e1 adaptado a las necesidades espec\u00edficas de capitanes de embarcaciones, profesionales del buceo y operadores que est\u00e9n preparando sus empresas para actividades de buceo desde embarcaciones. Al usarlo como material de capacitaci\u00f3n, reafirmar\u00e1 el compromiso constante de su empresa con la seguridad.<\/p>\n\n\n\n<div style=\"height:20px\" aria-hidden=\"true\" class=\"wp-block-spacer\"><\/div>\n\n\n\n<div class=\"wp-block-buttons is-layout-flex wp-block-buttons-is-layout-flex\">\n<div class=\"wp-block-button\"><a class=\"wp-block-button__link has-dan-red-400-background-color has-background wp-element-button\" href=\"https:\/\/dan.diverelearning.com\/?courseNo=422\" style=\"border-radius:4px\">M\u00e1s informaci\u00f3n<\/a><\/div>\n<\/div>\n<\/div>\n\n\n\n<div class=\"wp-block-column is-layout-flow wp-block-column-is-layout-flow\">\n<h4 class=\"wp-block-heading has-dan-black-color has-text-color\" id=\"h-dan-assurance-of-breathing-gas-quality\">Garant\u00eda de la calidad de gases respirables de DAN<\/h4>\n\n\n\n<p>El curso electr\u00f3nico \u201cGarant\u00eda de la calidad de gases respirables\u201d de DAN est\u00e1 dise\u00f1ado para ayudar a los operadores de compresores a identificar, evitar y responder a incidentes de contaminaci\u00f3n del gas. Con esta capacitaci\u00f3n, su personal estar\u00e1 preparado para evitar las lesiones y accidentes que pueden originarse por la contaminaci\u00f3n del aire de respiraci\u00f3n, as\u00ed como para responder de forma adecuada a estos problemas si llegaran a producirse a pesar de haber hecho todo lo posible por evitarlos. Completar este curso no solo mejora las habilidades de los operadores de puestos de recarga, sino que demuestra su compromiso con la seguridad.<\/p>\n\n\n\n<div style=\"height:20px\" aria-hidden=\"true\" class=\"wp-block-spacer\"><\/div>\n\n\n\n<div class=\"wp-block-buttons is-layout-flex wp-block-buttons-is-layout-flex\">\n<div class=\"wp-block-button\"><a class=\"wp-block-button__link has-dan-red-400-background-color has-background wp-element-button\" href=\"https:\/\/dan.diverelearning.com\/?courseNo=417\" style=\"border-radius:4px\">M\u00e1s informaci\u00f3n<\/a><\/div>\n<\/div>\n<\/div>\n<\/div>\n\n\n\n<div style=\"height:30px\" aria-hidden=\"true\" class=\"wp-block-spacer\"><\/div>\n\n\n\n<hr class=\"wp-block-separator has-text-color has-dan-light-gray-color has-css-opacity has-dan-light-gray-background-color has-background\"\/>\n\n\n\n<div style=\"height:30px\" aria-hidden=\"true\" class=\"wp-block-spacer\"><\/div>\n\n\n\n<h2 class=\"wp-block-heading has-dan-black-color has-text-color\" id=\"h-dive-safety-officer-dso-course\"><strong>Curso de Supervisor de seguridad de buceo - Formaci\u00f3n en ingles<\/strong><\/h2>\n\n\n\n<p>El curso de Supervisor de Seguridad de Buceo \n(DSO) est\u00e1 dise\u00f1ado para aquellos profesionales de la industria que deseen profundizar sus conocimientos y habilidades de seguridad en el buceo. Las personas que reciban la certificaci\u00f3n del curso DAN DSO aprender\u00e1n a identificar y ayudar a mitigar los riesgos t\u00e9cnicos y operativos en toda la gama de actividades relacionadas con el buceo. Los DSO de DAN completar\u00e1n el curso habi\u00e9ndose sumergido en una cultura de seguridad y tendr\u00e1n las herramientas para difundir ese conocimiento a empresas y profesionales del buceo de todo el mundo. El curso DSO de DAN ahora est\u00e1 \"Impulsado por Diventures\".<\/p>\n\n\n\n<p>Para solicitar informaci\u00f3n sobre el curso de formaci\u00f3n DSO, consulte su enlace <a href=\"https:\/\/www.diventures.com\/dan-dso-course-now-powered-by-diventures\/\"><strong><strong>aqu\u00ed<\/strong><\/strong><\/a>.<\/p>\n\n\n\n<div style=\"height:30px\" aria-hidden=\"true\" class=\"wp-block-spacer\"><\/div>\n\n\n\n<hr class=\"wp-block-separator has-text-color has-dan-light-gray-color has-css-opacity has-dan-light-gray-background-color has-background\"\/>\n\n\n\n<div style=\"height:30px\" aria-hidden=\"true\" class=\"wp-block-spacer\"><\/div>\n\n\n\n<h2 class=\"wp-block-heading has-dan-black-color has-text-color\" id=\"h-dan-first-aid-courses\">Cursos de primeros auxilios de DAN<\/h2>\n\n\n\n<p>En los cursos de primeros auxilios de DAN, los estudiantes se capacitan en la atenci\u00f3n de lesiones de buceo, as\u00ed como de lesiones frecuentes en otros \u00e1mbitos. Luego de haberlos completado, los proveedores de primeros auxilios cuentan con las habilidades necesarias para la administraci\u00f3n de emergencias y la capacidad para actuar en estas situaciones de accidentes.<\/p>\n\n\n\n<div style=\"height:20px\" aria-hidden=\"true\" class=\"wp-block-spacer\"><\/div>\n\n\n\n<div class=\"wp-block-buttons is-layout-flex wp-block-buttons-is-layout-flex\">\n<div class=\"wp-block-button\"><a class=\"wp-block-button__link has-dan-red-400-background-color has-background wp-element-button\" href=\"https:\/\/world.dan.org\/es\/education-events\/instructor-led-courses\/\" style=\"border-radius:4px\">M\u00e1s informaci\u00f3n<\/a><\/div>\n<\/div>","protected":false},"excerpt":{"rendered":"<p>Existen oportunidades de formaci\u00f3n tanto en l\u00ednea como presenciales para todas las personas involucradas en operaciones de buceo. Estas oportunidades ofrecen capacitaci\u00f3n y conocimientos esenciales para garantizar la seguridad en las operaciones de buceo.<\/p>","protected":false},"author":1,"featured_media":17610,"parent":43,"menu_order":117,"comment_status":"closed","ping_status":"closed","template":"","meta":{"_acf_changed":false,"_ef_editorial_meta_date_first-draft-date":"","_ef_editorial_meta_paragraph_assignment":"","_ef_editorial_meta_checkbox_needs-photo":"","_ef_editorial_meta_number_word-count":"","footnotes":""},"class_list":["post-2467","page","type-page","status-publish","has-post-thumbnail","hentry"],"acf":[],"yoast_head":"<!-- This site is optimized with the Yoast SEO Premium plugin v27.4 (Yoast SEO v27.4) - https:\/\/yoast.com\/product\/yoast-seo-premium-wordpress\/ -->\n<title>Safety Training: Dive Operations - DAN World<\/title>\n<meta name=\"description\" content=\"Online as well as live learning opportunities are available to all engaged in diving operations, providing essential education and knowledge to ensure safe dive operations.\" \/>\n<meta name=\"robots\" content=\"index, follow, max-snippet:-1, max-image-preview:large, max-video-preview:-1\" \/>\n<link rel=\"canonical\" href=\"https:\/\/world.dan.org\/es\/safety-prevention\/operation-safety\/operational-safety-training\/\" \/>\n<meta property=\"og:locale\" content=\"es_MX\" \/>\n<meta property=\"og:type\" content=\"article\" \/>\n<meta property=\"og:title\" content=\"Safety Training: Dive Operations\" \/>\n<meta property=\"og:description\" content=\"Online as well as live learning opportunities are available to all engaged in diving operations, providing essential education and knowledge to ensure safe dive operations.\" \/>\n<meta property=\"og:url\" content=\"https:\/\/world.dan.org\/es\/safety-prevention\/operation-safety\/operational-safety-training\/\" \/>\n<meta property=\"og:site_name\" content=\"DAN World\" \/>\n<meta property=\"article:modified_time\" content=\"2025-03-17T23:02:56+00:00\" \/>\n<meta property=\"og:image\" content=\"https:\/\/world.dan.org\/wp-content\/uploads\/2021\/07\/safety-training-073A0260-DAN-1200x600-1.jpg\" \/>\n\t<meta property=\"og:image:width\" content=\"1200\" \/>\n\t<meta property=\"og:image:height\" content=\"600\" \/>\n\t<meta property=\"og:image:type\" content=\"image\/jpeg\" \/>\n<meta name=\"twitter:card\" content=\"summary_large_image\" \/>\n<meta name=\"twitter:title\" content=\"Safety Training: Dive Operations\" \/>\n<meta name=\"twitter:description\" content=\"Online as well as live learning opportunities are available to all engaged in diving operations, providing essential education and knowledge to ensure safe dive operations.\" \/>\n<meta name=\"twitter:image\" content=\"https:\/\/world.dan.org\/wp-content\/uploads\/2021\/07\/safety-training-073A0260-DAN-1200x600-1.jpg\" \/>\n<meta name=\"twitter:label1\" content=\"Est. reading time\" \/>\n\t<meta name=\"twitter:data1\" content=\"3 minutes\" \/>\n<script type=\"application\/ld+json\" class=\"yoast-schema-graph\">{\"@context\":\"https:\\\/\\\/schema.org\",\"@graph\":[{\"@type\":\"WebPage\",\"@id\":\"https:\\\/\\\/world.dan.org\\\/safety-prevention\\\/operation-safety\\\/operational-safety-training\\\/\",\"url\":\"https:\\\/\\\/world.dan.org\\\/safety-prevention\\\/operation-safety\\\/operational-safety-training\\\/\",\"name\":\"Safety Training: Dive Operations - DAN World\",\"isPartOf\":{\"@id\":\"https:\\\/\\\/world.dan.org\\\/es\\\/#website\"},\"primaryImageOfPage\":{\"@id\":\"https:\\\/\\\/world.dan.org\\\/safety-prevention\\\/operation-safety\\\/operational-safety-training\\\/#primaryimage\"},\"image\":{\"@id\":\"https:\\\/\\\/world.dan.org\\\/safety-prevention\\\/operation-safety\\\/operational-safety-training\\\/#primaryimage\"},\"thumbnailUrl\":\"https:\\\/\\\/world.dan.org\\\/wp-content\\\/uploads\\\/2021\\\/07\\\/safety-training-073A0260-DAN-1200x600-1.jpg\",\"datePublished\":\"2020-07-17T14:55:43+00:00\",\"dateModified\":\"2025-03-17T23:02:56+00:00\",\"description\":\"Online as well as live learning opportunities are available to all engaged in diving operations, providing essential education and knowledge to ensure safe dive operations.\",\"breadcrumb\":{\"@id\":\"https:\\\/\\\/world.dan.org\\\/safety-prevention\\\/operation-safety\\\/operational-safety-training\\\/#breadcrumb\"},\"inLanguage\":\"es-MX\",\"potentialAction\":[{\"@type\":\"ReadAction\",\"target\":[\"https:\\\/\\\/world.dan.org\\\/safety-prevention\\\/operation-safety\\\/operational-safety-training\\\/\"]}]},{\"@type\":\"ImageObject\",\"inLanguage\":\"es-MX\",\"@id\":\"https:\\\/\\\/world.dan.org\\\/safety-prevention\\\/operation-safety\\\/operational-safety-training\\\/#primaryimage\",\"url\":\"https:\\\/\\\/world.dan.org\\\/wp-content\\\/uploads\\\/2021\\\/07\\\/safety-training-073A0260-DAN-1200x600-1.jpg\",\"contentUrl\":\"https:\\\/\\\/world.dan.org\\\/wp-content\\\/uploads\\\/2021\\\/07\\\/safety-training-073A0260-DAN-1200x600-1.jpg\",\"width\":1200,\"height\":600},{\"@type\":\"BreadcrumbList\",\"@id\":\"https:\\\/\\\/world.dan.org\\\/safety-prevention\\\/operation-safety\\\/operational-safety-training\\\/#breadcrumb\",\"itemListElement\":[{\"@type\":\"ListItem\",\"position\":1,\"name\":\"Home\",\"item\":\"https:\\\/\\\/world.dan.org\\\/\"},{\"@type\":\"ListItem\",\"position\":2,\"name\":\"Safety &#038; Prevention\",\"item\":\"https:\\\/\\\/world.dan.org\\\/safety-prevention\\\/\"},{\"@type\":\"ListItem\",\"position\":3,\"name\":\"Dive Operation Safety\",\"item\":\"https:\\\/\\\/world.dan.org\\\/ko\\\/safety-prevention\\\/operation-safety\\\/\"},{\"@type\":\"ListItem\",\"position\":4,\"name\":\"Safety Training: Dive Operations\"}]},{\"@type\":\"WebSite\",\"@id\":\"https:\\\/\\\/world.dan.org\\\/es\\\/#website\",\"url\":\"https:\\\/\\\/world.dan.org\\\/es\\\/\",\"name\":\"DAN World\",\"description\":\"\",\"publisher\":{\"@id\":\"https:\\\/\\\/world.dan.org\\\/es\\\/#organization\"},\"potentialAction\":[{\"@type\":\"SearchAction\",\"target\":{\"@type\":\"EntryPoint\",\"urlTemplate\":\"https:\\\/\\\/world.dan.org\\\/es\\\/?s={search_term_string}\"},\"query-input\":{\"@type\":\"PropertyValueSpecification\",\"valueRequired\":true,\"valueName\":\"search_term_string\"}}],\"inLanguage\":\"es-MX\"},{\"@type\":\"Organization\",\"@id\":\"https:\\\/\\\/world.dan.org\\\/es\\\/#organization\",\"name\":\"DAN World\",\"url\":\"https:\\\/\\\/world.dan.org\\\/es\\\/\",\"logo\":{\"@type\":\"ImageObject\",\"inLanguage\":\"es-MX\",\"@id\":\"https:\\\/\\\/world.dan.org\\\/es\\\/#\\\/schema\\\/logo\\\/image\\\/\",\"url\":\"https:\\\/\\\/world.dan.org\\\/wp-content\\\/uploads\\\/2022\\\/04\\\/DAN-World-logo-sm-52px.svg\",\"contentUrl\":\"https:\\\/\\\/world.dan.org\\\/wp-content\\\/uploads\\\/2022\\\/04\\\/DAN-World-logo-sm-52px.svg\",\"width\":175,\"height\":52,\"caption\":\"DAN World\"},\"image\":{\"@id\":\"https:\\\/\\\/world.dan.org\\\/es\\\/#\\\/schema\\\/logo\\\/image\\\/\"}}]}<\/script>\n<!-- \/ Yoast SEO Premium plugin. -->","yoast_head_json":{"title":"Formaci\u00f3n en seguridad: Operaciones de buceo - DAN World","description":"Existen oportunidades de formaci\u00f3n tanto en l\u00ednea como presenciales para todas las personas involucradas en operaciones de buceo. Estas oportunidades ofrecen capacitaci\u00f3n y conocimientos esenciales para garantizar la seguridad en las operaciones de buceo.","robots":{"index":"index","follow":"follow","max-snippet":"max-snippet:-1","max-image-preview":"max-image-preview:large","max-video-preview":"max-video-preview:-1"},"canonical":"https:\/\/world.dan.org\/es\/safety-prevention\/operation-safety\/operational-safety-training\/","og_locale":"es_MX","og_type":"article","og_title":"Safety Training: Dive Operations","og_description":"Online as well as live learning opportunities are available to all engaged in diving operations, providing essential education and knowledge to ensure safe dive operations.","og_url":"https:\/\/world.dan.org\/es\/safety-prevention\/operation-safety\/operational-safety-training\/","og_site_name":"DAN World","article_modified_time":"2025-03-17T23:02:56+00:00","og_image":[{"width":1200,"height":600,"url":"https:\/\/world.dan.org\/wp-content\/uploads\/2021\/07\/safety-training-073A0260-DAN-1200x600-1.jpg","type":"image\/jpeg"}],"twitter_card":"summary_large_image","twitter_title":"Safety Training: Dive Operations","twitter_description":"Online as well as live learning opportunities are available to all engaged in diving operations, providing essential education and knowledge to ensure safe dive operations.","twitter_image":"https:\/\/world.dan.org\/wp-content\/uploads\/2021\/07\/safety-training-073A0260-DAN-1200x600-1.jpg","twitter_misc":{"Est. reading time":"3 minutes"},"schema":{"@context":"https:\/\/schema.org","@graph":[{"@type":"WebPage","@id":"https:\/\/world.dan.org\/safety-prevention\/operation-safety\/operational-safety-training\/","url":"https:\/\/world.dan.org\/safety-prevention\/operation-safety\/operational-safety-training\/","name":"Formaci\u00f3n en seguridad: Operaciones de buceo - DAN World","isPartOf":{"@id":"https:\/\/world.dan.org\/es\/#website"},"primaryImageOfPage":{"@id":"https:\/\/world.dan.org\/safety-prevention\/operation-safety\/operational-safety-training\/#primaryimage"},"image":{"@id":"https:\/\/world.dan.org\/safety-prevention\/operation-safety\/operational-safety-training\/#primaryimage"},"thumbnailUrl":"https:\/\/world.dan.org\/wp-content\/uploads\/2021\/07\/safety-training-073A0260-DAN-1200x600-1.jpg","datePublished":"2020-07-17T14:55:43+00:00","dateModified":"2025-03-17T23:02:56+00:00","description":"Existen oportunidades de formaci\u00f3n tanto en l\u00ednea como presenciales para todas las personas involucradas en operaciones de buceo. Estas oportunidades ofrecen capacitaci\u00f3n y conocimientos esenciales para garantizar la seguridad en las operaciones de buceo.","breadcrumb":{"@id":"https:\/\/world.dan.org\/safety-prevention\/operation-safety\/operational-safety-training\/#breadcrumb"},"inLanguage":"es-MX","potentialAction":[{"@type":"ReadAction","target":["https:\/\/world.dan.org\/safety-prevention\/operation-safety\/operational-safety-training\/"]}]},{"@type":"ImageObject","inLanguage":"es-MX","@id":"https:\/\/world.dan.org\/safety-prevention\/operation-safety\/operational-safety-training\/#primaryimage","url":"https:\/\/world.dan.org\/wp-content\/uploads\/2021\/07\/safety-training-073A0260-DAN-1200x600-1.jpg","contentUrl":"https:\/\/world.dan.org\/wp-content\/uploads\/2021\/07\/safety-training-073A0260-DAN-1200x600-1.jpg","width":1200,"height":600},{"@type":"BreadcrumbList","@id":"https:\/\/world.dan.org\/safety-prevention\/operation-safety\/operational-safety-training\/#breadcrumb","itemListElement":[{"@type":"ListItem","position":1,"name":"Home","item":"https:\/\/world.dan.org\/"},{"@type":"ListItem","position":2,"name":"Safety &#038; Prevention","item":"https:\/\/world.dan.org\/safety-prevention\/"},{"@type":"ListItem","position":3,"name":"Dive Operation Safety","item":"https:\/\/world.dan.org\/ko\/safety-prevention\/operation-safety\/"},{"@type":"ListItem","position":4,"name":"Safety Training: Dive Operations"}]},{"@type":"WebSite","@id":"https:\/\/world.dan.org\/es\/#website","url":"https:\/\/world.dan.org\/es\/","name":"DAN World","description":"","publisher":{"@id":"https:\/\/world.dan.org\/es\/#organization"},"potentialAction":[{"@type":"SearchAction","target":{"@type":"EntryPoint","urlTemplate":"https:\/\/world.dan.org\/es\/?s={search_term_string}"},"query-input":{"@type":"PropertyValueSpecification","valueRequired":true,"valueName":"search_term_string"}}],"inLanguage":"es-MX"},{"@type":"Organization","@id":"https:\/\/world.dan.org\/es\/#organization","name":"DAN World","url":"https:\/\/world.dan.org\/es\/","logo":{"@type":"ImageObject","inLanguage":"es-MX","@id":"https:\/\/world.dan.org\/es\/#\/schema\/logo\/image\/","url":"https:\/\/world.dan.org\/wp-content\/uploads\/2022\/04\/DAN-World-logo-sm-52px.svg","contentUrl":"https:\/\/world.dan.org\/wp-content\/uploads\/2022\/04\/DAN-World-logo-sm-52px.svg","width":175,"height":52,"caption":"DAN World"},"image":{"@id":"https:\/\/world.dan.org\/es\/#\/schema\/logo\/image\/"}}]}},"_links":{"self":[{"href":"https:\/\/world.dan.org\/es\/wp-json\/wp\/v2\/pages\/2467","targetHints":{"allow":["GET"]}}],"collection":[{"href":"https:\/\/world.dan.org\/es\/wp-json\/wp\/v2\/pages"}],"about":[{"href":"https:\/\/world.dan.org\/es\/wp-json\/wp\/v2\/types\/page"}],"author":[{"embeddable":true,"href":"https:\/\/world.dan.org\/es\/wp-json\/wp\/v2\/users\/1"}],"replies":[{"embeddable":true,"href":"https:\/\/world.dan.org\/es\/wp-json\/wp\/v2\/comments?post=2467"}],"version-history":[{"count":0,"href":"https:\/\/world.dan.org\/es\/wp-json\/wp\/v2\/pages\/2467\/revisions"}],"up":[{"embeddable":true,"href":"https:\/\/world.dan.org\/es\/wp-json\/wp\/v2\/pages\/43"}],"wp:featuredmedia":[{"embeddable":true,"href":"https:\/\/world.dan.org\/es\/wp-json\/wp\/v2\/media\/17610"}],"wp:attachment":[{"href":"https:\/\/world.dan.org\/es\/wp-json\/wp\/v2\/media?parent=2467"}],"curies":[{"name":"wp","href":"https:\/\/api.w.org\/{rel}","templated":true}]}}