{"id":2499,"date":"2020-07-17T14:05:50","date_gmt":"2020-07-17T18:05:50","guid":{"rendered":"http:\/\/wordpress.world.dan.org\/?page_id=2499"},"modified":"2020-08-24T15:58:16","modified_gmt":"2020-08-24T19:58:16","slug":"policy-for-release-of-medical-information","status":"publish","type":"page","link":"https:\/\/world.dan.org\/es\/policy-for-release-of-medical-information\/","title":{"rendered":"Pol\u00edtica de divulgaci\u00f3n de informaci\u00f3n m\u00e9dica"},"content":{"rendered":"<p>Divers Alert Network recibe informaci\u00f3n privilegiada a trav\u00e9s de nuestros servicios telef\u00f3nicos especializados y nuestras relaciones con centros m\u00e9dicos y de tratamiento de todo el mundo. Toda la informaci\u00f3n recibida a trav\u00e9s de estos canales se considera confidencial. El acceso a cualquier informaci\u00f3n relativa a un incidente, lesi\u00f3n o fatalidad est\u00e1 restringido a todo el mundo por razones de privacidad. S\u00f3lo se puede acceder a la informaci\u00f3n relativa a un incidente o caso individual mediante una autorizaci\u00f3n legal v\u00e1lida (citaci\u00f3n del Distrito 14 de Carolina del Norte o del Distrito Medio, o Autorizaci\u00f3n de Divulgaci\u00f3n de Informaci\u00f3n firmada y notariada) presentada al Custodio de Registros de la DAN y aprobada por el asesor jur\u00eddico de la DAN.<\/p>\n\n\n\n<h4 class=\"wp-block-heading\"><strong>P\u00f3ngase en contacto con el Custodio de Registros<\/strong><\/h4>\n\n\n\n<p>Jeanette Moore<br>Tel\u00e9fono: +1 (919) 684-2948 x1260<br>Correo electr\u00f3nico:\u00a0<a href=\"mailto:jmoore@world.dan.org\">JMoore@DAN.org<\/a><br>Mail: Divers Alert Network, 6 West Colony Place, Durham, NC 27705<\/p>\n\n\n\n<h4 class=\"wp-block-heading\"><strong>Confidencialidad<\/strong><\/h4>\n\n\n\n<p>Todos los proyectos de investigaci\u00f3n cumplen los requisitos de confidencialidad de la Junta de Revisi\u00f3n Institucional (IRB) y la Ley de Portabilidad y Responsabilidad del Seguro M\u00e9dico (HIPAA).<\/p>\n\n\n\n<p>Los registros del estudio que le identifiquen se mantendr\u00e1n confidenciales tal como exige la ley. La normativa federal sobre privacidad establece salvaguardias en materia de privacidad, seguridad y acceso autorizado. Excepto cuando lo exija la ley, no se le identificar\u00e1 por su nombre, n\u00famero de la seguridad social, direcci\u00f3n, n\u00famero de tel\u00e9fono o cualquier otro identificador personal directo en los registros del estudio divulgados fuera de DAN. Para los registros divulgados fuera de DAN, se le asignar\u00e1 un n\u00famero de c\u00f3digo \u00fanico, o los resultados se presentar\u00e1n en forma agregada sin identificaci\u00f3n individual.<\/p>\n\n\n\n<p>Sus registros pueden ser revisados para cumplir la normativa federal o estatal. Entre los revisores pueden figurar representantes del patrocinador que financia el estudio, representantes de la U.S. Food and Drug Administration y\/o de la Junta de Revisi\u00f3n Institucional.<\/p>\n\n\n\n<p><\/p>","protected":false},"excerpt":{"rendered":"<p>Divers Alert Network receives privileged information through our specialized telephone services and our relationships with medical and treatment facilities worldwide. All information received through these channels is considered confidential. Access [&hellip;]<\/p>\n","protected":false},"author":1,"featured_media":0,"parent":0,"menu_order":88,"comment_status":"closed","ping_status":"closed","template":"","meta":{"_acf_changed":false,"_ef_editorial_meta_date_first-draft-date":"","_ef_editorial_meta_paragraph_assignment":"","_ef_editorial_meta_checkbox_needs-photo":"","_ef_editorial_meta_number_word-count":"","footnotes":""},"class_list":["post-2499","page","type-page","status-publish","hentry"],"acf":[],"yoast_head":"<!-- This site is optimized with the Yoast SEO Premium plugin v27.4 (Yoast SEO v27.4) - https:\/\/yoast.com\/product\/yoast-seo-premium-wordpress\/ -->\n<title>Policy for Release of Medical Information - DAN World<\/title>\n<meta name=\"robots\" content=\"index, follow, max-snippet:-1, max-image-preview:large, max-video-preview:-1\" \/>\n<link rel=\"canonical\" href=\"https:\/\/world.dan.org\/es\/policy-for-release-of-medical-information\/\" \/>\n<meta property=\"og:locale\" content=\"es_MX\" \/>\n<meta property=\"og:type\" content=\"article\" \/>\n<meta property=\"og:title\" content=\"Policy for Release of Medical Information\" \/>\n<meta property=\"og:description\" content=\"Divers Alert Network receives privileged information through our specialized telephone services and our relationships with medical and treatment facilities worldwide. All information received through these channels is considered confidential. Access [&hellip;]\" \/>\n<meta property=\"og:url\" content=\"https:\/\/world.dan.org\/es\/policy-for-release-of-medical-information\/\" \/>\n<meta property=\"og:site_name\" content=\"DAN World\" \/>\n<meta property=\"article:modified_time\" content=\"2020-08-24T19:58:16+00:00\" \/>\n<meta name=\"twitter:card\" content=\"summary_large_image\" \/>\n<meta name=\"twitter:label1\" content=\"Est. reading time\" \/>\n\t<meta name=\"twitter:data1\" content=\"1 minute\" \/>\n<script type=\"application\/ld+json\" class=\"yoast-schema-graph\">{\"@context\":\"https:\\\/\\\/schema.org\",\"@graph\":[{\"@type\":\"WebPage\",\"@id\":\"https:\\\/\\\/world.dan.org\\\/policy-for-release-of-medical-information\\\/\",\"url\":\"https:\\\/\\\/world.dan.org\\\/policy-for-release-of-medical-information\\\/\",\"name\":\"Policy for Release of Medical Information - DAN World\",\"isPartOf\":{\"@id\":\"https:\\\/\\\/world.dan.org\\\/es\\\/#website\"},\"datePublished\":\"2020-07-17T18:05:50+00:00\",\"dateModified\":\"2020-08-24T19:58:16+00:00\",\"breadcrumb\":{\"@id\":\"https:\\\/\\\/world.dan.org\\\/policy-for-release-of-medical-information\\\/#breadcrumb\"},\"inLanguage\":\"es-MX\",\"potentialAction\":[{\"@type\":\"ReadAction\",\"target\":[\"https:\\\/\\\/world.dan.org\\\/policy-for-release-of-medical-information\\\/\"]}]},{\"@type\":\"BreadcrumbList\",\"@id\":\"https:\\\/\\\/world.dan.org\\\/policy-for-release-of-medical-information\\\/#breadcrumb\",\"itemListElement\":[{\"@type\":\"ListItem\",\"position\":1,\"name\":\"Home\",\"item\":\"https:\\\/\\\/world.dan.org\\\/\"},{\"@type\":\"ListItem\",\"position\":2,\"name\":\"Policy for Release of Medical Information\"}]},{\"@type\":\"WebSite\",\"@id\":\"https:\\\/\\\/world.dan.org\\\/es\\\/#website\",\"url\":\"https:\\\/\\\/world.dan.org\\\/es\\\/\",\"name\":\"DAN World\",\"description\":\"\",\"publisher\":{\"@id\":\"https:\\\/\\\/world.dan.org\\\/es\\\/#organization\"},\"potentialAction\":[{\"@type\":\"SearchAction\",\"target\":{\"@type\":\"EntryPoint\",\"urlTemplate\":\"https:\\\/\\\/world.dan.org\\\/es\\\/?s={search_term_string}\"},\"query-input\":{\"@type\":\"PropertyValueSpecification\",\"valueRequired\":true,\"valueName\":\"search_term_string\"}}],\"inLanguage\":\"es-MX\"},{\"@type\":\"Organization\",\"@id\":\"https:\\\/\\\/world.dan.org\\\/es\\\/#organization\",\"name\":\"DAN World\",\"url\":\"https:\\\/\\\/world.dan.org\\\/es\\\/\",\"logo\":{\"@type\":\"ImageObject\",\"inLanguage\":\"es-MX\",\"@id\":\"https:\\\/\\\/world.dan.org\\\/es\\\/#\\\/schema\\\/logo\\\/image\\\/\",\"url\":\"https:\\\/\\\/world.dan.org\\\/wp-content\\\/uploads\\\/2022\\\/04\\\/DAN-World-logo-sm-52px.svg\",\"contentUrl\":\"https:\\\/\\\/world.dan.org\\\/wp-content\\\/uploads\\\/2022\\\/04\\\/DAN-World-logo-sm-52px.svg\",\"width\":175,\"height\":52,\"caption\":\"DAN World\"},\"image\":{\"@id\":\"https:\\\/\\\/world.dan.org\\\/es\\\/#\\\/schema\\\/logo\\\/image\\\/\"}}]}<\/script>\n<!-- \/ Yoast SEO Premium plugin. -->","yoast_head_json":{"title":"Pol\u00edtica de divulgaci\u00f3n de informaci\u00f3n m\u00e9dica - DAN World","robots":{"index":"index","follow":"follow","max-snippet":"max-snippet:-1","max-image-preview":"max-image-preview:large","max-video-preview":"max-video-preview:-1"},"canonical":"https:\/\/world.dan.org\/es\/policy-for-release-of-medical-information\/","og_locale":"es_MX","og_type":"article","og_title":"Policy for Release of Medical Information","og_description":"Divers Alert Network receives privileged information through our specialized telephone services and our relationships with medical and treatment facilities worldwide. All information received through these channels is considered confidential. Access [&hellip;]","og_url":"https:\/\/world.dan.org\/es\/policy-for-release-of-medical-information\/","og_site_name":"DAN World","article_modified_time":"2020-08-24T19:58:16+00:00","twitter_card":"summary_large_image","twitter_misc":{"Est. reading time":"1 minute"},"schema":{"@context":"https:\/\/schema.org","@graph":[{"@type":"WebPage","@id":"https:\/\/world.dan.org\/policy-for-release-of-medical-information\/","url":"https:\/\/world.dan.org\/policy-for-release-of-medical-information\/","name":"Pol\u00edtica de divulgaci\u00f3n de informaci\u00f3n m\u00e9dica - DAN World","isPartOf":{"@id":"https:\/\/world.dan.org\/es\/#website"},"datePublished":"2020-07-17T18:05:50+00:00","dateModified":"2020-08-24T19:58:16+00:00","breadcrumb":{"@id":"https:\/\/world.dan.org\/policy-for-release-of-medical-information\/#breadcrumb"},"inLanguage":"es-MX","potentialAction":[{"@type":"ReadAction","target":["https:\/\/world.dan.org\/policy-for-release-of-medical-information\/"]}]},{"@type":"BreadcrumbList","@id":"https:\/\/world.dan.org\/policy-for-release-of-medical-information\/#breadcrumb","itemListElement":[{"@type":"ListItem","position":1,"name":"Home","item":"https:\/\/world.dan.org\/"},{"@type":"ListItem","position":2,"name":"Policy for Release of Medical Information"}]},{"@type":"WebSite","@id":"https:\/\/world.dan.org\/es\/#website","url":"https:\/\/world.dan.org\/es\/","name":"DAN World","description":"","publisher":{"@id":"https:\/\/world.dan.org\/es\/#organization"},"potentialAction":[{"@type":"SearchAction","target":{"@type":"EntryPoint","urlTemplate":"https:\/\/world.dan.org\/es\/?s={search_term_string}"},"query-input":{"@type":"PropertyValueSpecification","valueRequired":true,"valueName":"search_term_string"}}],"inLanguage":"es-MX"},{"@type":"Organization","@id":"https:\/\/world.dan.org\/es\/#organization","name":"DAN World","url":"https:\/\/world.dan.org\/es\/","logo":{"@type":"ImageObject","inLanguage":"es-MX","@id":"https:\/\/world.dan.org\/es\/#\/schema\/logo\/image\/","url":"https:\/\/world.dan.org\/wp-content\/uploads\/2022\/04\/DAN-World-logo-sm-52px.svg","contentUrl":"https:\/\/world.dan.org\/wp-content\/uploads\/2022\/04\/DAN-World-logo-sm-52px.svg","width":175,"height":52,"caption":"DAN World"},"image":{"@id":"https:\/\/world.dan.org\/es\/#\/schema\/logo\/image\/"}}]}},"_links":{"self":[{"href":"https:\/\/world.dan.org\/es\/wp-json\/wp\/v2\/pages\/2499","targetHints":{"allow":["GET"]}}],"collection":[{"href":"https:\/\/world.dan.org\/es\/wp-json\/wp\/v2\/pages"}],"about":[{"href":"https:\/\/world.dan.org\/es\/wp-json\/wp\/v2\/types\/page"}],"author":[{"embeddable":true,"href":"https:\/\/world.dan.org\/es\/wp-json\/wp\/v2\/users\/1"}],"replies":[{"embeddable":true,"href":"https:\/\/world.dan.org\/es\/wp-json\/wp\/v2\/comments?post=2499"}],"version-history":[{"count":0,"href":"https:\/\/world.dan.org\/es\/wp-json\/wp\/v2\/pages\/2499\/revisions"}],"wp:attachment":[{"href":"https:\/\/world.dan.org\/es\/wp-json\/wp\/v2\/media?parent=2499"}],"curies":[{"name":"wp","href":"https:\/\/api.w.org\/{rel}","templated":true}]}}