{"id":26198,"date":"2023-12-22T13:29:21","date_gmt":"2023-12-22T18:29:21","guid":{"rendered":"https:\/\/world.dan.org\/?page_id=26198"},"modified":"2023-12-30T12:44:55","modified_gmt":"2023-12-30T17:44:55","slug":"dan-membership-benefit-comparison-canada","status":"publish","type":"page","link":"https:\/\/world.dan.org\/es\/dan-membership-benefit-comparison-canada\/","title":{"rendered":"DAN Membership Benefit Comparison (Canada)"},"content":{"rendered":"<div style=\"height:41px\" aria-hidden=\"true\" class=\"wp-block-spacer\"><\/div>\n\n\n\n<div style=\"height:22px\" aria-hidden=\"true\" class=\"wp-block-spacer\"><\/div>\n\n\n\n<figure class=\"wp-block-table is-style-stripes\"><table><thead><tr><th class=\"has-text-align-left\" data-align=\"left\"><strong>Emergency Medical Transportation and Travel Assistance Benefits Provided while on a Trip:<\/strong><\/th><th class=\"has-text-align-right\" data-align=\"right\"><strong>Regular Membership<\/strong><br>Aggregate Benefit Limit CAD$150,000 Maximum Amount<\/th><th class=\"has-text-align-right\" data-align=\"right\"><strong>Enhanced Membership<\/strong><br><strong>Aggregate Benefit Limit<\/strong>  CAD<strong>$500,000 Maximum Amount<\/strong><\/th><\/tr><\/thead><tbody><tr><td class=\"has-text-align-left\" data-align=\"left\">Emergency Evacuation and Medically Necessary Transfer<\/td><td class=\"has-text-align-right\" data-align=\"right\">Included in $150,000 limit<\/td><td class=\"has-text-align-right\" data-align=\"right\">Included in $500,000 limit<\/td><\/tr><tr><td class=\"has-text-align-left\" data-align=\"left\">Repatriaci\u00f3n de restos<\/td><td class=\"has-text-align-right\" data-align=\"right\">Included in $150,000 limit<\/td><td class=\"has-text-align-right\" data-align=\"right\">Included in $500,000 limit<\/td><\/tr><tr><td class=\"has-text-align-left\" data-align=\"left\">Repatriation for Additional Care (by Scheduled Commercial Airline, Watercraft or Ground Transportation)<\/td><td class=\"has-text-align-right\" data-align=\"right\">Included in $150,000 limit<\/td><td class=\"has-text-align-right\" data-align=\"right\">Included in $500,000 limit<\/td><\/tr><tr><td class=\"has-text-align-left\" data-align=\"left\">Regreso de un hijo dependiente<\/td><td class=\"has-text-align-right\" data-align=\"right\">Included in $150,000 limit<\/td><td class=\"has-text-align-right\" data-align=\"right\">Included in $500,000 limit<\/td><\/tr><tr><td class=\"has-text-align-left\" data-align=\"left\">Retorno de un compa\u00f1ero de viaje<\/td><td class=\"has-text-align-right\" data-align=\"right\">Included in $150,000 limit<\/td><td class=\"has-text-align-right\" data-align=\"right\">Included in $500,000 limit<\/td><\/tr><tr><td class=\"has-text-align-left\" data-align=\"left\">Visit of a Family Member or Friend\/Traveling Companion<\/td><td class=\"has-text-align-right\" data-align=\"right\">$1,000 Sublimit, <br>incidentals not included<\/td><td class=\"has-text-align-right\" data-align=\"right\">$5,000 Sublimit, <br>incidentals included<\/td><\/tr><tr><td class=\"has-text-align-left\" data-align=\"left\">Devoluci\u00f3n del veh\u00edculo<\/td><td class=\"has-text-align-right\" data-align=\"right\">$1,000 Sublimit<\/td><td class=\"has-text-align-right\" data-align=\"right\">$1,000 Sublimit<\/td><\/tr><tr><td class=\"has-text-align-left\" data-align=\"left\">B\u00fasqueda y rescate&nbsp;<\/td><td class=\"has-text-align-right\" data-align=\"right\">\u2013<\/td><td class=\"has-text-align-right\" data-align=\"right\">$50,000 Sublimit<\/td><\/tr><tr><td class=\"has-text-align-left\" data-align=\"left\">Global Security Evacuation while on a Trip outside Home Country<\/td><td class=\"has-text-align-right\" data-align=\"right\">\u2013<\/td><td class=\"has-text-align-right\" data-align=\"right\">$50,000 Sublimit<\/td><\/tr><tr><td class=\"has-text-align-left\" data-align=\"left\">Repatriation for Additional Care (by Charter Service)<\/td><td class=\"has-text-align-right\" data-align=\"right\">\u2013<\/td><td class=\"has-text-align-right\" data-align=\"right\">$150,000 Sublimit<\/td><\/tr><tr><td class=\"has-text-align-left\" data-align=\"left\">Medical Transportation Home (by Scheduled Commercial Airline, Watercraft\u00a0\u00a0or Ground Transportation)<\/td><td class=\"has-text-align-right\" data-align=\"right\">\u2013<\/td><td class=\"has-text-align-right\" data-align=\"right\">Included in $500,000 limit<\/td><\/tr><tr><td class=\"has-text-align-left\" data-align=\"left\">Medical Transportation Home (by Charter Service)<\/td><td class=\"has-text-align-right\" data-align=\"right\">\u2013<\/td><td class=\"has-text-align-right\" data-align=\"right\">$150,000 Sublimit<\/td><\/tr><tr><td class=\"has-text-align-left\" data-align=\"left\">Transportation to Rejoin Tour following Medical Emergency (by Scheduled Commercial Airline, Watercraft or Ground Transportation)<\/td><td class=\"has-text-align-right\" data-align=\"right\">\u2013<\/td><td class=\"has-text-align-right\" data-align=\"right\">Included in $500,000 limit<\/td><\/tr><tr><td class=\"has-text-align-left\" data-align=\"left\">Repatriation Following Medical Emergency (by Scheduled Commercial Airline, Watercraft or Ground Transportation)<\/td><td class=\"has-text-align-right\" data-align=\"right\">\u2013<\/td><td class=\"has-text-align-right\" data-align=\"right\">Included in $500,000 limit<\/td><\/tr><\/tbody><tfoot><tr><td class=\"has-text-align-left\" data-align=\"left\"><\/td><td class=\"has-text-align-right\" data-align=\"right\"><\/td><td class=\"has-text-align-right\" data-align=\"right\"><\/td><\/tr><\/tfoot><\/table><\/figure>\n\n\n\n<p class=\"has-small-font-size\">Todos los l\u00edmites de beneficios y precios de membres\u00eda est\u00e1n en d\u00f3lares canadienses. La membres\u00eda de DAN por s\u00ed sola no brinda cobertura para los costos de un accidente de buceo. Consulte el Manual de beneficios para miembros para conocer los t\u00e9rminos y condiciones completos de cobertura. <\/p>\n\n\n\n<p><\/p>\n\n\n\n<div class=\"wp-block-stackable-spacer stk-block-spacer stk--no-padding stk-block stk-a736137\" data-block-id=\"a736137\"><\/div>\n\n\n\n<hr class=\"wp-block-separator has-text-color has-dan-light-gray-color has-css-opacity has-dan-light-gray-background-color has-background\"\/>\n\n\n\n<div class=\"wp-block-columns is-layout-flex wp-container-core-columns-is-layout-9d6595d7 wp-block-columns-is-layout-flex\">\n<div class=\"wp-block-column is-layout-flow wp-block-column-is-layout-flow\">\n<p class=\"has-dan-black-color has-text-color\" style=\"font-size:21px\"><strong>Servicio al cliente<\/strong><\/p>\n\n\n\n<p><strong>Canad\u00e1<\/strong><\/p>\n\n\n\n<p class=\"has-small-font-size\">De lunes a viernes <br>8:30 a.m.- 5 p.m. ET<\/p>\n\n\n\n<p class=\"has-small-font-size\">+1-919-684-2948<\/p>\n\n\n\n<p class=\"has-small-font-size\">+1-800-446-2671<\/p>\n\n\n\n<p class=\"has-small-font-size\">Fax: +1-919-490-6630<\/p>\n\n\n\n<p class=\"has-small-font-size\">Correo electr\u00f3nico: <a href=\"mailto:member@dan.org\">member@dan.org<\/a><\/p>\n<\/div>\n\n\n\n<div class=\"wp-block-column is-layout-flow wp-block-column-is-layout-flow\">\n<p style=\"font-size:21px\" class=\"translation-block\"><strong>Emergencia 24 horas al d\u00eda, 7 d\u00edas a la semana<\/strong> <strong>L\u00ednea directa<\/strong><\/p>\n\n\n\n<p class=\"has-small-font-size\">En caso de accidente o lesi\u00f3n de buceo, llame primero al servicio local de emergencias y despu\u00e9s al DAN.<\/p>\n\n\n\n<p class=\"has-dan-red-400-color has-text-color has-small-font-size\"><strong>L\u00ednea de emergencias disponible las 24 horas<\/strong><\/p>\n\n\n\n<p class=\"has-dan-red-400-color has-text-color has-small-font-size\"><strong>+1 (919) 684-9111<\/strong><\/p>\n\n\n\n<p class=\"has-small-font-size\">(Se aceptan llamadas a cobro revertido)<\/p>\n\n\n\n<p class=\"has-small-font-size\">El DAN debe organizar el transporte para que se abonen los gastos de evacuaci\u00f3n m\u00e9dica de urgencia cubiertos.<\/p>\n<\/div>\n\n\n\n<div class=\"wp-block-column is-layout-flow wp-block-column-is-layout-flow\">\n<p style=\"font-size:21px\"><strong>L\u00ednea de informaci\u00f3n m\u00e9dica<\/strong><\/p>\n\n\n\n<p class=\"has-small-font-size\">Obtenga respuestas a sus preguntas sobre salud y buceo que no sean de emergencia.<\/p>\n\n\n\n<p class=\"has-small-font-size\">De lunes a viernes, <br>8:30 a.m.-5 p.m. ET<\/p>\n\n\n\n<p class=\"has-small-font-size\">+1-919-684-2948<\/p>\n\n\n\n<p class=\"has-small-font-size\">Correo electr\u00f3nico: <a href=\"mailto:medic@dan.org\">medic@dan.org<\/a><\/p>\n\n\n\n<p class=\"has-small-font-size\">En l\u00ednea: <a href=\"https:\/\/apps.dan.org\/ask-a-medic\">Consulte a un m\u00e9dico<\/a><\/p>\n\n\n\n<p class=\"has-small-font-size\">Recibir\u00e1 una respuesta en 24 a 48 horas.<\/p>\n<\/div>\n\n\n\n<div class=\"wp-block-column is-layout-flow wp-block-column-is-layout-flow\">\n<p style=\"font-size:21px\"><strong>Recursos de seguridad<\/strong><\/p>\n\n\n\n<p class=\"has-small-font-size\"><a href=\"https:\/\/world.dan.org\/es\/health-medicine\/\">Salud y medicina<\/a><\/p>\n\n\n\n<p class=\"has-small-font-size\"><a href=\"https:\/\/world.dan.org\/es\/safety-prevention\/diver-safety\/\">Seguridad del buceador<\/a><\/p>\n\n\n\n<p class=\"has-small-font-size\"><a href=\"https:\/\/world.dan.org\/es\/safety-prevention\/operation-safety\/\">Seguridad en las operaciones de buceo<\/a><\/p>\n\n\n\n<p class=\"has-small-font-size\"><a href=\"https:\/\/world.dan.org\/es\/safety-prevention\/chamber-operation-safety\/\">Seguridad de las c\u00e1maras<\/a><\/p>\n<\/div>\n<\/div>\n\n\n\n<div style=\"height:50px\" aria-hidden=\"true\" class=\"wp-block-spacer\"><\/div>\n\n\n\n<div style=\"height:25px\" aria-hidden=\"true\" class=\"wp-block-spacer\"><\/div>\n\n\n\n<hr class=\"wp-block-separator has-text-color has-dan-light-gray-color has-css-opacity has-dan-light-gray-background-color has-background\"\/>\n\n\n\n<div style=\"height:25px\" aria-hidden=\"true\" class=\"wp-block-spacer\"><\/div>\n\n\n\n<p class=\"has-small-font-size\">In Canada, DAN World Dive Accident Insurance is underwritten by Zurich Insurance Company Ltd (Canadian Branch) 100 King Street West, Suite 5500, P.O. Box 290, Toronto, ON M5X 1C9 CANADA<\/p>","protected":false},"excerpt":{"rendered":"<p>Emergency Medical Transportation and Travel Assistance Benefits Provided while on a Trip: Regular MembershipAggregate Benefit Limit CAD$150,000 Maximum Amount Enhanced MembershipAggregate Benefit Limit CAD$500,000 Maximum Amount Emergency Evacuation and Medically [&hellip;]<\/p>\n","protected":false},"author":12,"featured_media":0,"parent":0,"menu_order":12,"comment_status":"closed","ping_status":"closed","template":"","meta":{"_acf_changed":false,"_ef_editorial_meta_date_first-draft-date":"","_ef_editorial_meta_paragraph_assignment":"","_ef_editorial_meta_checkbox_needs-photo":"","_ef_editorial_meta_number_word-count":"","footnotes":""},"class_list":["post-26198","page","type-page","status-publish","hentry"],"acf":[],"yoast_head":"<!-- This site is optimized with the Yoast SEO Premium plugin v27.4 (Yoast SEO v27.4) - https:\/\/yoast.com\/product\/yoast-seo-premium-wordpress\/ -->\n<title>DAN Membership Benefit Comparison (Canada) - DAN World<\/title>\n<meta name=\"robots\" content=\"index, follow, max-snippet:-1, max-image-preview:large, max-video-preview:-1\" \/>\n<link rel=\"canonical\" href=\"https:\/\/world.dan.org\/es\/dan-membership-benefit-comparison-canada\/\" \/>\n<meta property=\"og:locale\" content=\"es_MX\" \/>\n<meta property=\"og:type\" content=\"article\" \/>\n<meta property=\"og:title\" content=\"DAN Membership Benefit Comparison (Canada)\" \/>\n<meta property=\"og:description\" content=\"Emergency Medical Transportation and Travel Assistance Benefits Provided while on a Trip: Regular MembershipAggregate Benefit Limit CAD$150,000 Maximum Amount Enhanced MembershipAggregate Benefit Limit CAD$500,000 Maximum Amount Emergency Evacuation and Medically [&hellip;]\" \/>\n<meta property=\"og:url\" content=\"https:\/\/world.dan.org\/es\/dan-membership-benefit-comparison-canada\/\" \/>\n<meta property=\"og:site_name\" content=\"DAN World\" \/>\n<meta property=\"article:modified_time\" content=\"2023-12-30T17:44:55+00:00\" \/>\n<meta name=\"twitter:card\" content=\"summary_large_image\" \/>\n<meta name=\"twitter:label1\" content=\"Est. reading time\" \/>\n\t<meta name=\"twitter:data1\" content=\"2 minutes\" \/>\n<script type=\"application\/ld+json\" class=\"yoast-schema-graph\">{\"@context\":\"https:\\\/\\\/schema.org\",\"@graph\":[{\"@type\":\"WebPage\",\"@id\":\"https:\\\/\\\/world.dan.org\\\/dan-membership-benefit-comparison-canada\\\/\",\"url\":\"https:\\\/\\\/world.dan.org\\\/dan-membership-benefit-comparison-canada\\\/\",\"name\":\"DAN Membership Benefit Comparison (Canada) - DAN World\",\"isPartOf\":{\"@id\":\"https:\\\/\\\/world.dan.org\\\/es\\\/#website\"},\"datePublished\":\"2023-12-22T18:29:21+00:00\",\"dateModified\":\"2023-12-30T17:44:55+00:00\",\"breadcrumb\":{\"@id\":\"https:\\\/\\\/world.dan.org\\\/dan-membership-benefit-comparison-canada\\\/#breadcrumb\"},\"inLanguage\":\"es-MX\",\"potentialAction\":[{\"@type\":\"ReadAction\",\"target\":[\"https:\\\/\\\/world.dan.org\\\/dan-membership-benefit-comparison-canada\\\/\"]}]},{\"@type\":\"BreadcrumbList\",\"@id\":\"https:\\\/\\\/world.dan.org\\\/dan-membership-benefit-comparison-canada\\\/#breadcrumb\",\"itemListElement\":[{\"@type\":\"ListItem\",\"position\":1,\"name\":\"Home\",\"item\":\"https:\\\/\\\/world.dan.org\\\/\"},{\"@type\":\"ListItem\",\"position\":2,\"name\":\"DAN Membership Benefit Comparison (Canada)\"}]},{\"@type\":\"WebSite\",\"@id\":\"https:\\\/\\\/world.dan.org\\\/es\\\/#website\",\"url\":\"https:\\\/\\\/world.dan.org\\\/es\\\/\",\"name\":\"DAN World\",\"description\":\"\",\"publisher\":{\"@id\":\"https:\\\/\\\/world.dan.org\\\/es\\\/#organization\"},\"potentialAction\":[{\"@type\":\"SearchAction\",\"target\":{\"@type\":\"EntryPoint\",\"urlTemplate\":\"https:\\\/\\\/world.dan.org\\\/es\\\/?s={search_term_string}\"},\"query-input\":{\"@type\":\"PropertyValueSpecification\",\"valueRequired\":true,\"valueName\":\"search_term_string\"}}],\"inLanguage\":\"es-MX\"},{\"@type\":\"Organization\",\"@id\":\"https:\\\/\\\/world.dan.org\\\/es\\\/#organization\",\"name\":\"DAN World\",\"url\":\"https:\\\/\\\/world.dan.org\\\/es\\\/\",\"logo\":{\"@type\":\"ImageObject\",\"inLanguage\":\"es-MX\",\"@id\":\"https:\\\/\\\/world.dan.org\\\/es\\\/#\\\/schema\\\/logo\\\/image\\\/\",\"url\":\"https:\\\/\\\/world.dan.org\\\/wp-content\\\/uploads\\\/2022\\\/04\\\/DAN-World-logo-sm-52px.svg\",\"contentUrl\":\"https:\\\/\\\/world.dan.org\\\/wp-content\\\/uploads\\\/2022\\\/04\\\/DAN-World-logo-sm-52px.svg\",\"width\":175,\"height\":52,\"caption\":\"DAN World\"},\"image\":{\"@id\":\"https:\\\/\\\/world.dan.org\\\/es\\\/#\\\/schema\\\/logo\\\/image\\\/\"}}]}<\/script>\n<!-- \/ Yoast SEO Premium plugin. -->","yoast_head_json":{"title":"DAN Membership Benefit Comparison (Canada) - DAN World","robots":{"index":"index","follow":"follow","max-snippet":"max-snippet:-1","max-image-preview":"max-image-preview:large","max-video-preview":"max-video-preview:-1"},"canonical":"https:\/\/world.dan.org\/es\/dan-membership-benefit-comparison-canada\/","og_locale":"es_MX","og_type":"article","og_title":"DAN Membership Benefit Comparison (Canada)","og_description":"Emergency Medical Transportation and Travel Assistance Benefits Provided while on a Trip: Regular MembershipAggregate Benefit Limit CAD$150,000 Maximum Amount Enhanced MembershipAggregate Benefit Limit CAD$500,000 Maximum Amount Emergency Evacuation and Medically [&hellip;]","og_url":"https:\/\/world.dan.org\/es\/dan-membership-benefit-comparison-canada\/","og_site_name":"DAN World","article_modified_time":"2023-12-30T17:44:55+00:00","twitter_card":"summary_large_image","twitter_misc":{"Est. reading time":"2 minutes"},"schema":{"@context":"https:\/\/schema.org","@graph":[{"@type":"WebPage","@id":"https:\/\/world.dan.org\/dan-membership-benefit-comparison-canada\/","url":"https:\/\/world.dan.org\/dan-membership-benefit-comparison-canada\/","name":"DAN Membership Benefit Comparison (Canada) - DAN World","isPartOf":{"@id":"https:\/\/world.dan.org\/es\/#website"},"datePublished":"2023-12-22T18:29:21+00:00","dateModified":"2023-12-30T17:44:55+00:00","breadcrumb":{"@id":"https:\/\/world.dan.org\/dan-membership-benefit-comparison-canada\/#breadcrumb"},"inLanguage":"es-MX","potentialAction":[{"@type":"ReadAction","target":["https:\/\/world.dan.org\/dan-membership-benefit-comparison-canada\/"]}]},{"@type":"BreadcrumbList","@id":"https:\/\/world.dan.org\/dan-membership-benefit-comparison-canada\/#breadcrumb","itemListElement":[{"@type":"ListItem","position":1,"name":"Home","item":"https:\/\/world.dan.org\/"},{"@type":"ListItem","position":2,"name":"DAN Membership Benefit Comparison (Canada)"}]},{"@type":"WebSite","@id":"https:\/\/world.dan.org\/es\/#website","url":"https:\/\/world.dan.org\/es\/","name":"DAN World","description":"","publisher":{"@id":"https:\/\/world.dan.org\/es\/#organization"},"potentialAction":[{"@type":"SearchAction","target":{"@type":"EntryPoint","urlTemplate":"https:\/\/world.dan.org\/es\/?s={search_term_string}"},"query-input":{"@type":"PropertyValueSpecification","valueRequired":true,"valueName":"search_term_string"}}],"inLanguage":"es-MX"},{"@type":"Organization","@id":"https:\/\/world.dan.org\/es\/#organization","name":"DAN World","url":"https:\/\/world.dan.org\/es\/","logo":{"@type":"ImageObject","inLanguage":"es-MX","@id":"https:\/\/world.dan.org\/es\/#\/schema\/logo\/image\/","url":"https:\/\/world.dan.org\/wp-content\/uploads\/2022\/04\/DAN-World-logo-sm-52px.svg","contentUrl":"https:\/\/world.dan.org\/wp-content\/uploads\/2022\/04\/DAN-World-logo-sm-52px.svg","width":175,"height":52,"caption":"DAN World"},"image":{"@id":"https:\/\/world.dan.org\/es\/#\/schema\/logo\/image\/"}}]}},"_links":{"self":[{"href":"https:\/\/world.dan.org\/es\/wp-json\/wp\/v2\/pages\/26198","targetHints":{"allow":["GET"]}}],"collection":[{"href":"https:\/\/world.dan.org\/es\/wp-json\/wp\/v2\/pages"}],"about":[{"href":"https:\/\/world.dan.org\/es\/wp-json\/wp\/v2\/types\/page"}],"author":[{"embeddable":true,"href":"https:\/\/world.dan.org\/es\/wp-json\/wp\/v2\/users\/12"}],"replies":[{"embeddable":true,"href":"https:\/\/world.dan.org\/es\/wp-json\/wp\/v2\/comments?post=26198"}],"version-history":[{"count":0,"href":"https:\/\/world.dan.org\/es\/wp-json\/wp\/v2\/pages\/26198\/revisions"}],"wp:attachment":[{"href":"https:\/\/world.dan.org\/es\/wp-json\/wp\/v2\/media?parent=26198"}],"curies":[{"name":"wp","href":"https:\/\/api.w.org\/{rel}","templated":true}]}}