{"id":27,"date":"2020-03-27T17:55:57","date_gmt":"2020-03-27T21:55:57","guid":{"rendered":"https:\/\/dan.devhammer.com\/?page_id=27"},"modified":"2025-02-25T15:06:25","modified_gmt":"2025-02-25T20:06:25","slug":"education-events","status":"publish","type":"page","link":"https:\/\/world.dan.org\/es\/education-events\/","title":{"rendered":"Educaci\u00f3n y eventos"},"content":{"rendered":"<div class=\"n2_clear\"><ss3-force-full-width data-overflow-x=\"body\" data-horizontal-selector=\"\"><div class=\"n2-section-smartslider fitvidsignore  n2_clear\" data-ssid=\"21\" tabindex=\"0\" role=\"region\" aria-label=\"Slider\"><div id=\"n2-ss-21-align\" class=\"n2-ss-align\"><div class=\"n2-padding\"><div id=\"n2-ss-21\" data-creator=\"Smart Slider 3\" data-responsive=\"fullwidth\" class=\"n2-ss-slider n2-ow n2-has-hover n2notransition\">\n        <div class=\"n2-ss-slider-1 n2_ss__touch_element n2-ow\">\n            <div class=\"n2-ss-slider-2 n2-ow\">\n                                                <div class=\"n2-ss-slider-3 n2-ow\">\n\n                    <div class=\"n2-ss-slide-backgrounds n2-ow-all\"><div class=\"n2-ss-slide-background\" data-public-id=\"1\" data-mode=\"fill\"><div data-gradient=\"horizontal\" data-color-start=\"RGBA(255,255,255,0)\" data-color-end=\"RGBA(255,255,255,0)\" style=\"background:linear-gradient(to right, RGBA(255,255,255,0) 0%,RGBA(255,255,255,0) 100%);\" class=\"n2-ss-slide-background-color\"><\/div><\/div><\/div>                    <div class=\"n2-ss-slider-4 n2-ow\">\n                        <svg xmlns=\"http:\/\/www.w3.org\/2000\/svg\" viewbox=\"0 0 1600 600\" data-related-device=\"desktopPortrait\" class=\"n2-ow n2-ss-preserve-size n2-ss-preserve-size--slider n2-ss-slide-limiter\"><\/svg><div data-first=\"1\" data-slide-duration=\"0\" data-id=\"19\" data-slide-public-id=\"1\" data-title=\"Education &amp; Events\" class=\"n2-ss-slide n2-ow  n2-ss-slide-19\"><div role=\"note\" class=\"n2-ss-slide--focus\" tabindex=\"-1\">Educaci\u00f3n y eventos<\/div><div class=\"n2-ss-layers-container n2-ss-slide-limiter n2-ow\"><div class=\"n2-ss-layer n2-ow n-uc-Bwe4E6NmWfM7\" data-sstype=\"slide\" data-pm=\"default\"><div class=\"n2-ss-layer n2-ow n-uc-eXonXBS3tYXJ\" data-pm=\"default\" data-sstype=\"content\" data-hasbackground=\"0\"><div class=\"n2-ss-section-main-content n2-ss-layer-with-background n2-ss-layer-content n2-ow n-uc-eXonXBS3tYXJ-inner\"><div class=\"n2-ss-layer n2-ow n2-ss-layer--block n2-ss-has-self-align n-uc-PZ6rxSILJ56h\" data-pm=\"normal\" data-sstype=\"row\"><div class=\"n2-ss-layer-row n2-ss-layer-with-background n-uc-PZ6rxSILJ56h-inner\"><div class=\"n2-ss-layer-row-inner\"><div class=\"n2-ss-layer n2-ow n-uc-ETeIPO4HEume\" data-pm=\"default\" data-sstype=\"col\"><div class=\"n2-ss-layer-col n2-ss-layer-with-background n2-ss-layer-content n-uc-ETeIPO4HEume-inner\"><div class=\"n2-ss-layer n2-ow n-uc-Rsg6srayNRfY n2-ss-layer--auto\" data-pm=\"normal\" data-sstype=\"layer\"><div class=\"n2-ss-button-container n2-ss-item-content n2-ow n2-font-a3b57aec3250d1cd7b703e552c1cb98d-link  n2-ss-nowrap n2-ss-button-container--non-full-width\"><a class=\"n2-style-05ba4352b746b78a53d300ba52f2d0e2-heading  n2-ow\" onclick=\"return false;\" href=\"#\"><div><div>FORMACI\u00d3N<\/div><\/div><\/a><\/div><\/div><div class=\"n2-ss-layer n2-ow n-uc-5CDgcbolHMYn\" data-pm=\"normal\" data-sstype=\"layer\"><h2 id=\"n2-ss-21item2\" class=\"n2-font-0e90d147ce6e7cb4798c11b222234271-hover n2-style-fea5f7007ea60cd0f94b58717a9ba1ac-heading   n2-ss-item-content n2-ss-text n2-ow\" style=\"display:block;\">EDUCACI\u00d3N Y EVENTOS<\/h2><\/div><div class=\"n2-ss-layer n2-ow n-uc-97pxccYDZiYE\" data-pm=\"normal\" data-sstype=\"layer\"><div class=\"n2-ss-item-content n2-ss-text n2-ow-all\"><div data-hide-desktoplandscape=\"1\" data-hide-desktopportrait=\"1\" data-hide-tabletlandscape=\"1\" data-hide-tabletportrait=\"1\"><\/div><div class=\"\" data-hide-mobilelandscape=\"1\" data-hide-mobileportrait=\"1\"><p class=\"n2-font-3bb99d1f4c6c6f425005dde180c1a679-paragraph  n2-style-39612b538396e2fceb18e53ec82d9001-heading\">Promover la seguridad en el buceo es el <br \/>objetivo principal de la misi\u00f3n de DAN.<\/p>\n<\/div><\/div><\/div><div class=\"n2-ss-layer n2-ow n2-ss-layer--block n2-ss-has-self-align n-uc-Kqp8WUQdrFEq\" data-pm=\"normal\" data-sstype=\"row\"><div class=\"n2-ss-layer-row n2-ss-layer-with-background n-uc-Kqp8WUQdrFEq-inner\"><div class=\"n2-ss-layer-row-inner\"><div class=\"n2-ss-layer n2-ow n-uc-yMn6KmjLgAtF\" data-pm=\"default\" data-sstype=\"col\"><div class=\"n2-ss-layer-col n2-ss-layer-with-background n2-ss-layer-content n-uc-yMn6KmjLgAtF-inner\"><div class=\"n2-ss-layer n2-ow n-uc-eS1RMadBwJR2 n2-ss-layer--auto\" data-pm=\"normal\" data-hidedesktopportrait=\"1\" data-hidetabletportrait=\"1\" data-hidemobileportrait=\"1\" data-sstype=\"layer\"><div class=\"n2-ss-button-container n2-ss-item-content n2-ow n2-font-efb749624a85eff02533b8cc5c19c88c-link  n2-ss-nowrap n2-ss-button-container--non-full-width\"><a class=\"n2-style-cd7796faf722e88fc7c6131f998fde7c-heading  n2-ow\" target=\"_blank\" href=\"https:\/\/apps.dan.org\/donations\"><div><div>Done hoy<\/div><\/div><\/a><\/div><\/div><\/div><\/div><\/div><\/div><\/div><\/div><\/div><\/div><\/div><\/div><\/div><\/div><\/div><\/div><\/div>                    <\/div>\n\n                                    <\/div>\n            <\/div>\n        <\/div>\n        <\/div><ss3-loader><\/ss3-loader><\/div><\/div><div class=\"n2_clear\"><\/div><\/div><\/ss3-force-full-width><\/div>\n\n\n<div style=\"height:66px\" aria-hidden=\"true\" class=\"wp-block-spacer\"><\/div>\n\n\n\n<p><strong>Ofrecemos educaci\u00f3n y capacitaci\u00f3n de primer nivel sobre seguridad en el buceo para buzos, profesionales de buceo, operadores de centros de buceo y profesionales m\u00e9dicos en todo el mundo. Los instructores de DAN son los m\u00e1s experimentados y capacitados de la industria. Su pasi\u00f3n por ense\u00f1ar, junto con el compromiso continuo de DAN de mantener la seguridad de los buzos, marcan la diferencia en nuestros cursos. Consulte abajo m\u00e1s informaci\u00f3n sobre nuestros cursos y comience hoy mismo a mejorar la seguridad de sus inmersiones.<\/strong><\/p>\n\n\n\n<div style=\"height:50px\" aria-hidden=\"true\" class=\"wp-block-spacer\"><\/div>\n\n\n\n<hr class=\"wp-block-separator has-text-color has-dan-light-gray-color has-css-opacity has-dan-light-gray-background-color has-background\"\/>\n\n\n\n<div style=\"height:30px\" aria-hidden=\"true\" class=\"wp-block-spacer\"><\/div>\n\n\n\n<h2 class=\"wp-block-heading\" id=\"h-education\"><span style=\"color: #111111;\" class=\"stk-highlight\">Educaci\u00f3n<\/span><\/h2>\n\n\n\n<div class=\"wp-block-columns is-layout-flex wp-container-core-columns-is-layout-9d6595d7 wp-block-columns-is-layout-flex\">\n<div class=\"wp-block-column is-layout-flow wp-block-column-is-layout-flow\">\n<figure class=\"wp-block-image size-large\"><a href=\"https:\/\/world.dan.org\/es\/education-events\/instructor-led-courses\/\"><img loading=\"lazy\" decoding=\"async\" width=\"600\" height=\"300\" src=\"https:\/\/world.dan.org\/wp-content\/uploads\/2021\/07\/first-aid-courses-DAN-600x300-1.jpg\" alt=\"\" class=\"wp-image-17774\" srcset=\"https:\/\/world.dan.org\/wp-content\/uploads\/2021\/07\/first-aid-courses-DAN-600x300-1.jpg 600w, https:\/\/world.dan.org\/wp-content\/uploads\/2021\/07\/first-aid-courses-DAN-600x300-1-360x180.jpg 360w, https:\/\/world.dan.org\/wp-content\/uploads\/2021\/07\/first-aid-courses-DAN-600x300-1-18x9.jpg 18w\" sizes=\"auto, (max-width: 600px) 100vw, 600px\" \/><\/a><\/figure>\n\n\n\n<h3 class=\"wp-block-heading has-medium-font-size\" id=\"h-first-aid-courses\"><span style=\"color: #111111;\" class=\"stk-highlight\">Cursos de primeros auxilios<\/span><\/h3>\n\n\n\n<p>Si bien los cursos de primeros auxilios de DAN se crearon pensando en los buzos, permiten desarrollar las habilidades necesarias para responder a casi cualquier emergencia, m\u00e1s all\u00e1 de d\u00f3nde se produzca. No espere a verse envuelto en una emergencia para descubrir si est\u00e1 preparado: busque un instructor de DAN cerca de usted y comience el curso hoy mismo.<\/p>\n\n\n\n<p><a href=\"https:\/\/world.dan.org\/es\/education-events\/instructor-led-courses\/\">M\u00e1s informaci\u00f3n<\/a><\/p>\n<\/div>\n\n\n\n<div class=\"wp-block-column has-dan-white-background-color has-background is-layout-flow wp-block-column-is-layout-flow\" style=\"flex-basis:2px\"><\/div>\n\n\n\n<div class=\"wp-block-column is-layout-flow wp-block-column-is-layout-flow\">\n<figure class=\"wp-block-image size-large\"><a href=\"https:\/\/world.dan.org\/es\/education-events\/elearning\/\"><img loading=\"lazy\" decoding=\"async\" width=\"600\" height=\"300\" src=\"https:\/\/world.dan.org\/wp-content\/uploads\/2021\/07\/student-studying-1170926149-DAN-600x300-1.jpg\" alt=\"\" class=\"wp-image-17775\" srcset=\"https:\/\/world.dan.org\/wp-content\/uploads\/2021\/07\/student-studying-1170926149-DAN-600x300-1.jpg 600w, https:\/\/world.dan.org\/wp-content\/uploads\/2021\/07\/student-studying-1170926149-DAN-600x300-1-360x180.jpg 360w, https:\/\/world.dan.org\/wp-content\/uploads\/2021\/07\/student-studying-1170926149-DAN-600x300-1-18x9.jpg 18w\" sizes=\"auto, (max-width: 600px) 100vw, 600px\" \/><\/a><\/figure>\n\n\n\n<h3 class=\"wp-block-heading has-medium-font-size\" id=\"h-e-learning\"><span style=\"color: #111111;\" class=\"stk-highlight\">Plataforma de e-learning<\/span><\/h3>\n\n\n\n<p>Con la plataforma de e-learning de DAN, aprenda a su propio ritmo desde donde sea que se encuentre. DAN tiene el curso que necesita, tanto si desea desarrollar nuevas habilidades de primeros auxilios como perfeccionar la seguridad de su operaci\u00f3n de buceo o formar mejor a sus estudiantes en cuanto a la seguridad en el buceo.<\/p>\n\n\n\n<p><a href=\"https:\/\/world.dan.org\/es\/education-events\/elearning\/\">M\u00e1s informaci\u00f3n<\/a><\/p>\n<\/div>\n\n\n\n<div class=\"wp-block-column has-dan-white-background-color has-background is-layout-flow wp-block-column-is-layout-flow\" style=\"flex-basis:2px\"><\/div>\n\n\n\n<div class=\"wp-block-column is-layout-flow wp-block-column-is-layout-flow\">\n<figure class=\"wp-block-image size-large\"><a href=\"https:\/\/world.dan.org\/es\/education-events\/become-a-dan-instructor\/\"><img loading=\"lazy\" decoding=\"async\" width=\"600\" height=\"300\" src=\"https:\/\/world.dan.org\/wp-content\/uploads\/2021\/07\/become-instructor_MG_2066-DAN-600x300-1.jpg\" alt=\"\" class=\"wp-image-17776\" srcset=\"https:\/\/world.dan.org\/wp-content\/uploads\/2021\/07\/become-instructor_MG_2066-DAN-600x300-1.jpg 600w, https:\/\/world.dan.org\/wp-content\/uploads\/2021\/07\/become-instructor_MG_2066-DAN-600x300-1-360x180.jpg 360w, https:\/\/world.dan.org\/wp-content\/uploads\/2021\/07\/become-instructor_MG_2066-DAN-600x300-1-18x9.jpg 18w\" sizes=\"auto, (max-width: 600px) 100vw, 600px\" \/><\/a><\/figure>\n\n\n\n<h3 class=\"wp-block-heading has-medium-font-size\" id=\"h-become-a-dan-instructor\"><span style=\"color: #111111;\" class=\"stk-highlight\">Convi\u00e9rtase en Instructor DAN<\/span><\/h3>\n\n\n\n<p>Al convertirse en instructor de DAN, puede ayudar a crear una comunidad de buzos m\u00e1s capaces y preparados. Como instructor de DAN, las posibilidades de desarrollo profesional son ilimitadas.<\/p>\n\n\n\n<p><a href=\"https:\/\/world.dan.org\/es\/education-events\/become-a-dan-instructor\/\">M\u00e1s informaci\u00f3n<\/a><\/p>\n<\/div>\n<\/div>\n\n\n\n<div style=\"height:31px\" aria-hidden=\"true\" class=\"wp-block-spacer\"><\/div>\n\n\n\n<hr class=\"wp-block-separator has-text-color has-dan-light-gray-color has-css-opacity has-dan-light-gray-background-color has-background\"\/>\n\n\n\n<div style=\"height:30px\" aria-hidden=\"true\" class=\"wp-block-spacer\"><\/div>\n\n\n\n<h2 class=\"wp-block-heading\" id=\"h-events\"><span style=\"color: #111111;\" class=\"stk-highlight\">Eventos<\/span><\/h2>\n\n\n\n<div class=\"wp-block-columns is-layout-flex wp-container-core-columns-is-layout-9d6595d7 wp-block-columns-is-layout-flex\">\n<div class=\"wp-block-column is-layout-flow wp-block-column-is-layout-flow\" style=\"flex-basis:50%\">\n<figure class=\"wp-block-image size-large\"><img loading=\"lazy\" decoding=\"async\" width=\"1024\" height=\"512\" src=\"https:\/\/world.dan.org\/wp-content\/uploads\/2022\/02\/DAN-DEMA-booth-2021-1200x600-1-1024x512.jpg\" alt=\"\" class=\"wp-image-20430\" srcset=\"https:\/\/world.dan.org\/wp-content\/uploads\/2022\/02\/DAN-DEMA-booth-2021-1200x600-1-1024x512.jpg 1024w, https:\/\/world.dan.org\/wp-content\/uploads\/2022\/02\/DAN-DEMA-booth-2021-1200x600-1-360x180.jpg 360w, https:\/\/world.dan.org\/wp-content\/uploads\/2022\/02\/DAN-DEMA-booth-2021-1200x600-1-768x384.jpg 768w, https:\/\/world.dan.org\/wp-content\/uploads\/2022\/02\/DAN-DEMA-booth-2021-1200x600-1-18x9.jpg 18w, https:\/\/world.dan.org\/wp-content\/uploads\/2022\/02\/DAN-DEMA-booth-2021-1200x600-1.jpg 1200w\" sizes=\"auto, (max-width: 1024px) 100vw, 1024px\" \/><\/figure>\n<\/div>\n\n\n\n<div class=\"wp-block-column is-vertically-aligned-top is-layout-flow wp-block-column-is-layout-flow\" style=\"flex-basis:50%\">\n<div style=\"height:25px\" aria-hidden=\"true\" class=\"wp-block-spacer\"><\/div>\n\n\n\n<p>DAN ofrece diversas oportunidades educativas a lo largo del a\u00f1o. Tanto si es profesional de la medicina como buzo o propietario de una empresa de buceo, esperamos que participe en alguno de nuestros cursos de formaci\u00f3n continua para profesionales de la salud, seminarios de seguridad en el buceo o exposiciones comerciales. No se pierda ninguna conferencia p\u00fablica, capacitaci\u00f3n o seminario web de DAN. Obtenga los detalles que necesita con anticipaci\u00f3n: consulte nuestro cronograma completo de eventos.<\/p>\n\n\n\n<p><a href=\"https:\/\/world.dan.org\/es\/events\/\">M\u00e1s informaci\u00f3n<\/a><\/p>\n<\/div>\n<\/div>","protected":false},"excerpt":{"rendered":"<p>Promover la seguridad en el buceo a trav\u00e9s de la educaci\u00f3n es el n\u00facleo de la misi\u00f3n de DAN. Con el apoyo de nuestros miembros, DAN ofrece educaci\u00f3n y formaci\u00f3n de primera clase en seguridad de buceo a buceadores, profesionales del buceo, operadores de centros de buceo y profesionales m\u00e9dicos. El compromiso continuo de DAN con la seguridad de los buceadores garantiza que nuestros instructores sean los m\u00e1s capacitados del sector.<\/p>","protected":false},"author":14,"featured_media":22817,"parent":0,"menu_order":164,"comment_status":"closed","ping_status":"closed","template":"templates\/page-landing-2a.php","meta":{"_acf_changed":false,"_ef_editorial_meta_date_first-draft-date":"","_ef_editorial_meta_paragraph_assignment":"","_ef_editorial_meta_checkbox_needs-photo":"","_ef_editorial_meta_number_word-count":"","footnotes":""},"class_list":["post-27","page","type-page","status-publish","has-post-thumbnail","hentry"],"acf":[],"yoast_head":"<!-- This site is optimized with the Yoast SEO Premium plugin v27.0 (Yoast SEO v27.3) - https:\/\/yoast.com\/product\/yoast-seo-premium-wordpress\/ -->\n<title>Education &amp; Events - DAN World<\/title>\n<meta name=\"description\" content=\"We offer first-class safety training and education to divers, dive professionals, dive center operators and medical professionals around the world.\" \/>\n<meta name=\"robots\" content=\"index, follow, max-snippet:-1, max-image-preview:large, max-video-preview:-1\" \/>\n<link rel=\"canonical\" href=\"https:\/\/world.dan.org\/es\/education-events\/\" \/>\n<meta property=\"og:locale\" content=\"es_MX\" \/>\n<meta property=\"og:type\" content=\"article\" \/>\n<meta property=\"og:title\" content=\"Education &amp; Events\" \/>\n<meta property=\"og:description\" content=\"We offer first-class safety training and education to divers, dive professionals, dive center operators and medical professionals around the world.\" \/>\n<meta property=\"og:url\" content=\"https:\/\/world.dan.org\/es\/education-events\/\" \/>\n<meta property=\"og:site_name\" content=\"DAN World\" \/>\n<meta property=\"article:modified_time\" content=\"2025-02-25T20:06:25+00:00\" \/>\n<meta property=\"og:image\" content=\"https:\/\/world.dan.org\/wp-content\/uploads\/2022\/08\/DAN-training-20190529_160050-2400x1200-1.jpg\" \/>\n\t<meta property=\"og:image:width\" content=\"2400\" \/>\n\t<meta property=\"og:image:height\" content=\"1200\" \/>\n\t<meta property=\"og:image:type\" content=\"image\/jpeg\" \/>\n<meta name=\"twitter:card\" content=\"summary_large_image\" \/>\n<meta name=\"twitter:title\" content=\"Education &amp; Events\" \/>\n<meta name=\"twitter:description\" content=\"We offer first-class safety training and education to divers, dive professionals, dive center operators and medical professionals around the world.\" \/>\n<meta name=\"twitter:image\" content=\"https:\/\/world.dan.org\/wp-content\/uploads\/2022\/08\/DAN-training-20190529_160050-2400x1200-1.jpg\" \/>\n<meta name=\"twitter:label1\" content=\"Est. reading time\" \/>\n\t<meta name=\"twitter:data1\" content=\"3 minutes\" \/>\n<script type=\"application\/ld+json\" class=\"yoast-schema-graph\">{\"@context\":\"https:\\\/\\\/schema.org\",\"@graph\":[{\"@type\":\"WebPage\",\"@id\":\"https:\\\/\\\/world.dan.org\\\/education-events\\\/\",\"url\":\"https:\\\/\\\/world.dan.org\\\/education-events\\\/\",\"name\":\"Education & Events - DAN World\",\"isPartOf\":{\"@id\":\"https:\\\/\\\/world.dan.org\\\/es\\\/#website\"},\"primaryImageOfPage\":{\"@id\":\"https:\\\/\\\/world.dan.org\\\/education-events\\\/#primaryimage\"},\"image\":{\"@id\":\"https:\\\/\\\/world.dan.org\\\/education-events\\\/#primaryimage\"},\"thumbnailUrl\":\"https:\\\/\\\/world.dan.org\\\/wp-content\\\/uploads\\\/2022\\\/08\\\/DAN-training-20190529_160050-2400x1200-1.jpg\",\"datePublished\":\"2020-03-27T21:55:57+00:00\",\"dateModified\":\"2025-02-25T20:06:25+00:00\",\"description\":\"We offer first-class safety training and education to divers, dive professionals, dive center operators and medical professionals around the world.\",\"breadcrumb\":{\"@id\":\"https:\\\/\\\/world.dan.org\\\/education-events\\\/#breadcrumb\"},\"inLanguage\":\"es-MX\",\"potentialAction\":[{\"@type\":\"ReadAction\",\"target\":[\"https:\\\/\\\/world.dan.org\\\/education-events\\\/\"]}]},{\"@type\":\"ImageObject\",\"inLanguage\":\"es-MX\",\"@id\":\"https:\\\/\\\/world.dan.org\\\/education-events\\\/#primaryimage\",\"url\":\"https:\\\/\\\/world.dan.org\\\/wp-content\\\/uploads\\\/2022\\\/08\\\/DAN-training-20190529_160050-2400x1200-1.jpg\",\"contentUrl\":\"https:\\\/\\\/world.dan.org\\\/wp-content\\\/uploads\\\/2022\\\/08\\\/DAN-training-20190529_160050-2400x1200-1.jpg\",\"width\":2400,\"height\":1200,\"caption\":\"CPR training at DAN\"},{\"@type\":\"BreadcrumbList\",\"@id\":\"https:\\\/\\\/world.dan.org\\\/education-events\\\/#breadcrumb\",\"itemListElement\":[{\"@type\":\"ListItem\",\"position\":1,\"name\":\"Home\",\"item\":\"https:\\\/\\\/world.dan.org\\\/\"},{\"@type\":\"ListItem\",\"position\":2,\"name\":\"Education &#038; Events\"}]},{\"@type\":\"WebSite\",\"@id\":\"https:\\\/\\\/world.dan.org\\\/es\\\/#website\",\"url\":\"https:\\\/\\\/world.dan.org\\\/es\\\/\",\"name\":\"DAN World\",\"description\":\"\",\"publisher\":{\"@id\":\"https:\\\/\\\/world.dan.org\\\/es\\\/#organization\"},\"potentialAction\":[{\"@type\":\"SearchAction\",\"target\":{\"@type\":\"EntryPoint\",\"urlTemplate\":\"https:\\\/\\\/world.dan.org\\\/es\\\/?s={search_term_string}\"},\"query-input\":{\"@type\":\"PropertyValueSpecification\",\"valueRequired\":true,\"valueName\":\"search_term_string\"}}],\"inLanguage\":\"es-MX\"},{\"@type\":\"Organization\",\"@id\":\"https:\\\/\\\/world.dan.org\\\/es\\\/#organization\",\"name\":\"DAN World\",\"url\":\"https:\\\/\\\/world.dan.org\\\/es\\\/\",\"logo\":{\"@type\":\"ImageObject\",\"inLanguage\":\"es-MX\",\"@id\":\"https:\\\/\\\/world.dan.org\\\/es\\\/#\\\/schema\\\/logo\\\/image\\\/\",\"url\":\"https:\\\/\\\/world.dan.org\\\/wp-content\\\/uploads\\\/2022\\\/04\\\/DAN-World-logo-sm-52px.svg\",\"contentUrl\":\"https:\\\/\\\/world.dan.org\\\/wp-content\\\/uploads\\\/2022\\\/04\\\/DAN-World-logo-sm-52px.svg\",\"width\":175,\"height\":52,\"caption\":\"DAN World\"},\"image\":{\"@id\":\"https:\\\/\\\/world.dan.org\\\/es\\\/#\\\/schema\\\/logo\\\/image\\\/\"}}]}<\/script>\n<!-- \/ Yoast SEO Premium plugin. -->","yoast_head_json":{"title":"Educaci\u00f3n y Eventos - DAN World","description":"Ofrecemos formaci\u00f3n y educaci\u00f3n en seguridad de primera clase a buceadores, profesionales del buceo, operadores de centros de buceo y profesionales m\u00e9dicos de todo el mundo.","robots":{"index":"index","follow":"follow","max-snippet":"max-snippet:-1","max-image-preview":"max-image-preview:large","max-video-preview":"max-video-preview:-1"},"canonical":"https:\/\/world.dan.org\/es\/education-events\/","og_locale":"es_MX","og_type":"article","og_title":"Education & Events","og_description":"We offer first-class safety training and education to divers, dive professionals, dive center operators and medical professionals around the world.","og_url":"https:\/\/world.dan.org\/es\/education-events\/","og_site_name":"DAN World","article_modified_time":"2025-02-25T20:06:25+00:00","og_image":[{"width":2400,"height":1200,"url":"https:\/\/world.dan.org\/wp-content\/uploads\/2022\/08\/DAN-training-20190529_160050-2400x1200-1.jpg","type":"image\/jpeg"}],"twitter_card":"summary_large_image","twitter_title":"Education & Events","twitter_description":"We offer first-class safety training and education to divers, dive professionals, dive center operators and medical professionals around the world.","twitter_image":"https:\/\/world.dan.org\/wp-content\/uploads\/2022\/08\/DAN-training-20190529_160050-2400x1200-1.jpg","twitter_misc":{"Est. reading time":"3 minutes"},"schema":{"@context":"https:\/\/schema.org","@graph":[{"@type":"WebPage","@id":"https:\/\/world.dan.org\/education-events\/","url":"https:\/\/world.dan.org\/education-events\/","name":"Educaci\u00f3n y Eventos - DAN World","isPartOf":{"@id":"https:\/\/world.dan.org\/es\/#website"},"primaryImageOfPage":{"@id":"https:\/\/world.dan.org\/education-events\/#primaryimage"},"image":{"@id":"https:\/\/world.dan.org\/education-events\/#primaryimage"},"thumbnailUrl":"https:\/\/world.dan.org\/wp-content\/uploads\/2022\/08\/DAN-training-20190529_160050-2400x1200-1.jpg","datePublished":"2020-03-27T21:55:57+00:00","dateModified":"2025-02-25T20:06:25+00:00","description":"Ofrecemos formaci\u00f3n y educaci\u00f3n en seguridad de primera clase a buceadores, profesionales del buceo, operadores de centros de buceo y profesionales m\u00e9dicos de todo el mundo.","breadcrumb":{"@id":"https:\/\/world.dan.org\/education-events\/#breadcrumb"},"inLanguage":"es-MX","potentialAction":[{"@type":"ReadAction","target":["https:\/\/world.dan.org\/education-events\/"]}]},{"@type":"ImageObject","inLanguage":"es-MX","@id":"https:\/\/world.dan.org\/education-events\/#primaryimage","url":"https:\/\/world.dan.org\/wp-content\/uploads\/2022\/08\/DAN-training-20190529_160050-2400x1200-1.jpg","contentUrl":"https:\/\/world.dan.org\/wp-content\/uploads\/2022\/08\/DAN-training-20190529_160050-2400x1200-1.jpg","width":2400,"height":1200,"caption":"CPR training at DAN"},{"@type":"BreadcrumbList","@id":"https:\/\/world.dan.org\/education-events\/#breadcrumb","itemListElement":[{"@type":"ListItem","position":1,"name":"Home","item":"https:\/\/world.dan.org\/"},{"@type":"ListItem","position":2,"name":"Education &#038; Events"}]},{"@type":"WebSite","@id":"https:\/\/world.dan.org\/es\/#website","url":"https:\/\/world.dan.org\/es\/","name":"DAN World","description":"","publisher":{"@id":"https:\/\/world.dan.org\/es\/#organization"},"potentialAction":[{"@type":"SearchAction","target":{"@type":"EntryPoint","urlTemplate":"https:\/\/world.dan.org\/es\/?s={search_term_string}"},"query-input":{"@type":"PropertyValueSpecification","valueRequired":true,"valueName":"search_term_string"}}],"inLanguage":"es-MX"},{"@type":"Organization","@id":"https:\/\/world.dan.org\/es\/#organization","name":"DAN World","url":"https:\/\/world.dan.org\/es\/","logo":{"@type":"ImageObject","inLanguage":"es-MX","@id":"https:\/\/world.dan.org\/es\/#\/schema\/logo\/image\/","url":"https:\/\/world.dan.org\/wp-content\/uploads\/2022\/04\/DAN-World-logo-sm-52px.svg","contentUrl":"https:\/\/world.dan.org\/wp-content\/uploads\/2022\/04\/DAN-World-logo-sm-52px.svg","width":175,"height":52,"caption":"DAN World"},"image":{"@id":"https:\/\/world.dan.org\/es\/#\/schema\/logo\/image\/"}}]}},"_links":{"self":[{"href":"https:\/\/world.dan.org\/es\/wp-json\/wp\/v2\/pages\/27","targetHints":{"allow":["GET"]}}],"collection":[{"href":"https:\/\/world.dan.org\/es\/wp-json\/wp\/v2\/pages"}],"about":[{"href":"https:\/\/world.dan.org\/es\/wp-json\/wp\/v2\/types\/page"}],"author":[{"embeddable":true,"href":"https:\/\/world.dan.org\/es\/wp-json\/wp\/v2\/users\/14"}],"replies":[{"embeddable":true,"href":"https:\/\/world.dan.org\/es\/wp-json\/wp\/v2\/comments?post=27"}],"version-history":[{"count":0,"href":"https:\/\/world.dan.org\/es\/wp-json\/wp\/v2\/pages\/27\/revisions"}],"wp:featuredmedia":[{"embeddable":true,"href":"https:\/\/world.dan.org\/es\/wp-json\/wp\/v2\/media\/22817"}],"wp:attachment":[{"href":"https:\/\/world.dan.org\/es\/wp-json\/wp\/v2\/media?parent=27"}],"curies":[{"name":"wp","href":"https:\/\/api.w.org\/{rel}","templated":true}]}}