{"id":29,"date":"2020-03-27T17:56:17","date_gmt":"2020-03-27T21:56:17","guid":{"rendered":"https:\/\/dan.devhammer.com\/?page_id=29"},"modified":"2025-04-03T10:49:06","modified_gmt":"2025-04-03T14:49:06","slug":"professional-programs","status":"publish","type":"page","link":"https:\/\/world.dan.org\/es\/professional-programs\/","title":{"rendered":"Programas profesionales"},"content":{"rendered":"<div style=\"height:50px\" aria-hidden=\"true\" class=\"wp-block-spacer\"><\/div>\n\n\n\n<div class=\"wp-block-columns is-layout-flex wp-container-core-columns-is-layout-9d6595d7 wp-block-columns-is-layout-flex\">\n<div class=\"wp-block-column is-layout-flow wp-block-column-is-layout-flow\">\n<div class=\"wp-block-cover aligncenter is-light\"><span aria-hidden=\"true\" class=\"wp-block-cover__background has-background-dim-40 has-background-dim\"><\/span><img loading=\"lazy\" decoding=\"async\" width=\"1200\" height=\"600\" class=\"wp-block-cover__image-background wp-image-17834\" alt=\"\" src=\"https:\/\/world.dan.org\/wp-content\/uploads\/2021\/07\/DAN-location-images-0026-1200x600-1.jpg\" data-object-fit=\"cover\" srcset=\"https:\/\/world.dan.org\/wp-content\/uploads\/2021\/07\/DAN-location-images-0026-1200x600-1.jpg 1200w, https:\/\/world.dan.org\/wp-content\/uploads\/2021\/07\/DAN-location-images-0026-1200x600-1-360x180.jpg 360w, https:\/\/world.dan.org\/wp-content\/uploads\/2021\/07\/DAN-location-images-0026-1200x600-1-1024x512.jpg 1024w, https:\/\/world.dan.org\/wp-content\/uploads\/2021\/07\/DAN-location-images-0026-1200x600-1-768x384.jpg 768w, https:\/\/world.dan.org\/wp-content\/uploads\/2021\/07\/DAN-location-images-0026-1200x600-1-18x9.jpg 18w\" sizes=\"auto, (max-width: 1200px) 100vw, 1200px\" \/><div class=\"wp-block-cover__inner-container is-layout-flow wp-block-cover-is-layout-flow\">\n<p class=\"has-text-align-center has-large-font-size translation-block\"><span class=\"stk-highlight\" style=\"color: #ffffff\"><strong>PROGRAMAS<\/strong><\/span><br><span class=\"stk-highlight\" style=\"color: #ffffff\"><strong>PROFESIONALES<\/strong><\/span><\/p>\n\n\n\n<div class=\"wp-block-buttons is-content-justification-center is-layout-flex wp-container-core-buttons-is-layout-16018d1d wp-block-buttons-is-layout-flex\">\n<div class=\"wp-block-button\"><a class=\"wp-block-button__link has-dan-red-400-background-color has-background wp-element-button\" href=\"https:\/\/world.dan.org\/es\/professional-programs\/professional-membership\/\" style=\"border-radius:5px\">M\u00e1s informaci\u00f3n<\/a><\/div>\n<\/div>\n<\/div><\/div>\n<\/div>\n\n\n\n<div class=\"wp-block-column is-layout-flow wp-block-column-is-layout-flow\">\n<div class=\"wp-block-cover\"><span aria-hidden=\"true\" class=\"wp-block-cover__background has-background-dim-40 has-background-dim\"><\/span><img loading=\"lazy\" decoding=\"async\" width=\"1200\" height=\"400\" class=\"wp-block-cover__image-background wp-image-16347\" alt=\"\" src=\"https:\/\/world.dan.org\/wp-content\/uploads\/2020\/12\/shutterstock_61301050-DAN-1200x400-1.jpg\" data-object-fit=\"cover\" srcset=\"https:\/\/world.dan.org\/wp-content\/uploads\/2020\/12\/shutterstock_61301050-DAN-1200x400-1.jpg 1200w, https:\/\/world.dan.org\/wp-content\/uploads\/2020\/12\/shutterstock_61301050-DAN-1200x400-1-360x120.jpg 360w, https:\/\/world.dan.org\/wp-content\/uploads\/2020\/12\/shutterstock_61301050-DAN-1200x400-1-1024x341.jpg 1024w, https:\/\/world.dan.org\/wp-content\/uploads\/2020\/12\/shutterstock_61301050-DAN-1200x400-1-768x256.jpg 768w, https:\/\/world.dan.org\/wp-content\/uploads\/2020\/12\/shutterstock_61301050-DAN-1200x400-1-18x6.jpg 18w\" sizes=\"auto, (max-width: 1200px) 100vw, 1200px\" \/><div class=\"wp-block-cover__inner-container is-layout-flow wp-block-cover-is-layout-flow\">\n<p class=\"has-text-align-center has-large-font-size translation-block\"><span class=\"stk-highlight\" style=\"color: #ffffff\"><strong>PROGRAMAS<\/strong><\/span><br><span class=\"stk-highlight\" style=\"color: #ffffff\"><strong>EMPRESARIALES<\/strong><\/span><\/p>\n\n\n\n<div class=\"wp-block-buttons is-content-justification-center is-layout-flex wp-container-core-buttons-is-layout-16018d1d wp-block-buttons-is-layout-flex\">\n<div class=\"wp-block-button\"><a class=\"wp-block-button__link has-dan-red-400-background-color has-background wp-element-button\" href=\"https:\/\/world.dan.org\/es\/professional-programs\/business-membership\/\" style=\"border-radius:5px\">M\u00e1s informaci\u00f3n<\/a><\/div>\n<\/div>\n<\/div><\/div>\n<\/div>\n<\/div>\n\n\n\n<div style=\"height:50px\" aria-hidden=\"true\" class=\"wp-block-spacer\"><\/div>\n\n\n\n<h1 class=\"wp-block-heading has-text-align-center\" id=\"h-professional-programs\">Programas profesionales<\/h1>\n\n\n\n<p class=\"has-text-align-center\">DAN tiene el compromiso de fomentar una cultura de seguridad en el buceo interactuando con todos los interesados de la comunidad para hacer \u00e9nfasis en las buenas pr\u00e1cticas de buceo y en la seguridad de los buzos. Ofrecemos a nuestras empresas y l\u00edderes de buceo programas, servicios y herramientas relevantes para desarrollar y mantener esa cultura.<\/p>\n\n\n\n<div style=\"height:50px\" aria-hidden=\"true\" class=\"wp-block-spacer\"><\/div>\n\n\n\n<hr class=\"wp-block-separator has-text-color has-dan-light-gray-color has-css-opacity has-dan-light-gray-background-color has-background\"\/>\n\n\n\n<div style=\"height:50px\" aria-hidden=\"true\" class=\"wp-block-spacer\"><\/div>\n\n\n\n<div class=\"wp-block-columns is-layout-flex wp-container-core-columns-is-layout-9d6595d7 wp-block-columns-is-layout-flex\">\n<div class=\"wp-block-column is-layout-flow wp-block-column-is-layout-flow\">\n<p class=\"has-dan-black-color has-text-color\" style=\"font-size:21px\"><strong>Servicio al cliente<\/strong><\/p>\n\n\n\n<p><strong>Asia-Pac\u00edfico<\/strong><\/p>\n\n\n\n<p>Tel\u00e9fono: +61-3-9886 9166<\/p>\n\n\n\n<p>Correo electr\u00f3nico: <a href=\"mailto:infoap@dan.org\">infoap@dan.org<\/a><\/p>\n\n\n\n<p>De lunes a viernes, de 9:00 a.m. a 5:00 p.m. (hora de Australia oriental)<\/p>\n\n\n\n<p class=\"translation-block\"><br><strong>Am\u00e9rica Latina<\/strong> <strong>Y Caribe<\/strong><\/p>\n\n\n\n<p class=\"translation-block\">Tel\u00e9fono: <strong>+1-202-470-0929<\/strong> (en Ingl\u00e9s)<\/p>\n\n\n\n<p>Tel\u00e9fono: +52-55-8421-9866 (atenci\u00f3n en Espa\u00f1ol)<\/p>\n\n\n\n<p>Correo electr\u00f3nico:&nbsp;<a href=\"mailto:Member@DAN.org\">member@dan.org<\/a><\/p>\n<\/div>\n\n\n\n<div class=\"wp-block-column is-layout-flow wp-block-column-is-layout-flow\">\n<p style=\"font-size:21px\" class=\"translation-block\"><strong>Emergencia 24 horas al d\u00eda, 7 d\u00edas a la semana<\/strong> <strong>L\u00ednea directa<\/strong><\/p>\n\n\n\n<p class=\"has-dan-red-400-color has-text-color\">+1-919-684-9111<\/p>\n\n\n\n<p class=\"has-dan-red-400-color has-text-color\">1800-088-200 <br>desde de Australia<\/p>\n\n\n\n<p class=\"has-dan-red-400-color has-text-color\">+62-21-5085-8719 <br>desde Indonesia<\/p>\n\n\n\n<p><strong>Los m\u00e9dicos de DAN est\u00e1n disponibles <\/strong><br><strong>24 \/ 7 \/ 365<\/strong>.<\/p>\n\n\n\n<p><\/p>\n<\/div>\n\n\n\n<div class=\"wp-block-column is-layout-flow wp-block-column-is-layout-flow\">\n<p style=\"font-size:21px\"><strong>L\u00ednea de informaci\u00f3n m\u00e9dica<\/strong><\/p>\n\n\n\n<p>Obtenga respuestas a sus consultas de salud y buceo (que no sean situaciones de emergencia).<\/p>\n\n\n\n<p>De lunes a viernes, de 8:30 a.m. a 5 p.m. (hora del este)<\/p>\n\n\n\n<p>+1 (919) 684-2948<\/p>\n\n\n\n<p>En l\u00ednea: <a href=\"https:\/\/apps.dan.org\/ask-a-medic\">Consulte a un m\u00e9dico<\/a><\/p>\n\n\n\n<p>Recibir\u00e1 una respuesta en 24 a 48 horas.<\/p>\n<\/div>\n\n\n\n<div class=\"wp-block-column is-layout-flow wp-block-column-is-layout-flow\">\n<p style=\"font-size:21px\"><strong>Recursos de seguridad<\/strong><\/p>\n\n\n\n<p><a href=\"https:\/\/dan.org\/health-medicine\/medical-services\/physician-network\/\">Salud y medicina<\/a><\/p>\n\n\n\n<p><a href=\"https:\/\/world.dan.org\/es\/safety-prevention\/diver-safety\/\">Seguridad del buceador<\/a><\/p>\n\n\n\n<p><a href=\"https:\/\/world.dan.org\/es\/safety-prevention\/operation-safety\/\">Seguridad en las operaciones de buceo<\/a><\/p>\n\n\n\n<p><a href=\"https:\/\/dan.org\/health-medicine\/health-resources\/smart-guides\/\">Seguridad de las c\u00e1maras<\/a><\/p>\n<\/div>\n<\/div>","protected":false},"excerpt":{"rendered":"<p>Professional Programs DAN is committed to advancing a culture of dive safety by engaging with all stakeholders in the community to promote safe practices. We offer programs, services and tools [&hellip;]<\/p>\n","protected":false},"author":14,"featured_media":0,"parent":0,"menu_order":173,"comment_status":"closed","ping_status":"closed","template":"templates\/page-landing-2a.php","meta":{"_acf_changed":false,"_ef_editorial_meta_date_first-draft-date":"","_ef_editorial_meta_paragraph_assignment":"","_ef_editorial_meta_checkbox_needs-photo":"","_ef_editorial_meta_number_word-count":"","footnotes":""},"class_list":["post-29","page","type-page","status-publish","hentry"],"acf":[],"yoast_head":"<!-- This site is optimized with the Yoast SEO Premium plugin v27.4 (Yoast SEO v27.4) - https:\/\/yoast.com\/product\/yoast-seo-premium-wordpress\/ -->\n<title>Professional Programs - DAN World<\/title>\n<meta name=\"robots\" content=\"index, follow, max-snippet:-1, max-image-preview:large, max-video-preview:-1\" \/>\n<link rel=\"canonical\" href=\"https:\/\/world.dan.org\/es\/professional-programs\/\" \/>\n<meta property=\"og:locale\" content=\"es_MX\" \/>\n<meta property=\"og:type\" content=\"article\" \/>\n<meta property=\"og:title\" content=\"Professional Programs\" \/>\n<meta property=\"og:description\" content=\"Professional Programs DAN is committed to advancing a culture of dive safety by engaging with all stakeholders in the community to promote safe practices. We offer programs, services and tools [&hellip;]\" \/>\n<meta property=\"og:url\" content=\"https:\/\/world.dan.org\/es\/professional-programs\/\" \/>\n<meta property=\"og:site_name\" content=\"DAN World\" \/>\n<meta property=\"article:modified_time\" content=\"2025-04-03T14:49:06+00:00\" \/>\n<meta property=\"og:image\" content=\"https:\/\/world.dan.org\/wp-content\/uploads\/2021\/07\/DAN-location-images-0026-1200x600-1.jpg\" \/>\n<meta name=\"twitter:card\" content=\"summary_large_image\" \/>\n<meta name=\"twitter:label1\" content=\"Est. reading time\" \/>\n\t<meta name=\"twitter:data1\" content=\"2 minutes\" \/>\n<script type=\"application\/ld+json\" class=\"yoast-schema-graph\">{\"@context\":\"https:\\\/\\\/schema.org\",\"@graph\":[{\"@type\":\"WebPage\",\"@id\":\"https:\\\/\\\/world.dan.org\\\/professional-programs\\\/\",\"url\":\"https:\\\/\\\/world.dan.org\\\/professional-programs\\\/\",\"name\":\"Professional Programs - DAN World\",\"isPartOf\":{\"@id\":\"https:\\\/\\\/world.dan.org\\\/es\\\/#website\"},\"primaryImageOfPage\":{\"@id\":\"https:\\\/\\\/world.dan.org\\\/professional-programs\\\/#primaryimage\"},\"image\":{\"@id\":\"https:\\\/\\\/world.dan.org\\\/professional-programs\\\/#primaryimage\"},\"thumbnailUrl\":\"https:\\\/\\\/world.dan.org\\\/wp-content\\\/uploads\\\/2021\\\/07\\\/DAN-location-images-0026-1200x600-1.jpg\",\"datePublished\":\"2020-03-27T21:56:17+00:00\",\"dateModified\":\"2025-04-03T14:49:06+00:00\",\"breadcrumb\":{\"@id\":\"https:\\\/\\\/world.dan.org\\\/professional-programs\\\/#breadcrumb\"},\"inLanguage\":\"es-MX\",\"potentialAction\":[{\"@type\":\"ReadAction\",\"target\":[\"https:\\\/\\\/world.dan.org\\\/professional-programs\\\/\"]}]},{\"@type\":\"ImageObject\",\"inLanguage\":\"es-MX\",\"@id\":\"https:\\\/\\\/world.dan.org\\\/professional-programs\\\/#primaryimage\",\"url\":\"https:\\\/\\\/world.dan.org\\\/wp-content\\\/uploads\\\/2021\\\/07\\\/DAN-location-images-0026-1200x600-1.jpg\",\"contentUrl\":\"https:\\\/\\\/world.dan.org\\\/wp-content\\\/uploads\\\/2021\\\/07\\\/DAN-location-images-0026-1200x600-1.jpg\"},{\"@type\":\"BreadcrumbList\",\"@id\":\"https:\\\/\\\/world.dan.org\\\/professional-programs\\\/#breadcrumb\",\"itemListElement\":[{\"@type\":\"ListItem\",\"position\":1,\"name\":\"Home\",\"item\":\"https:\\\/\\\/world.dan.org\\\/\"},{\"@type\":\"ListItem\",\"position\":2,\"name\":\"Professional Programs\"}]},{\"@type\":\"WebSite\",\"@id\":\"https:\\\/\\\/world.dan.org\\\/es\\\/#website\",\"url\":\"https:\\\/\\\/world.dan.org\\\/es\\\/\",\"name\":\"DAN World\",\"description\":\"\",\"publisher\":{\"@id\":\"https:\\\/\\\/world.dan.org\\\/es\\\/#organization\"},\"potentialAction\":[{\"@type\":\"SearchAction\",\"target\":{\"@type\":\"EntryPoint\",\"urlTemplate\":\"https:\\\/\\\/world.dan.org\\\/es\\\/?s={search_term_string}\"},\"query-input\":{\"@type\":\"PropertyValueSpecification\",\"valueRequired\":true,\"valueName\":\"search_term_string\"}}],\"inLanguage\":\"es-MX\"},{\"@type\":\"Organization\",\"@id\":\"https:\\\/\\\/world.dan.org\\\/es\\\/#organization\",\"name\":\"DAN World\",\"url\":\"https:\\\/\\\/world.dan.org\\\/es\\\/\",\"logo\":{\"@type\":\"ImageObject\",\"inLanguage\":\"es-MX\",\"@id\":\"https:\\\/\\\/world.dan.org\\\/es\\\/#\\\/schema\\\/logo\\\/image\\\/\",\"url\":\"https:\\\/\\\/world.dan.org\\\/wp-content\\\/uploads\\\/2022\\\/04\\\/DAN-World-logo-sm-52px.svg\",\"contentUrl\":\"https:\\\/\\\/world.dan.org\\\/wp-content\\\/uploads\\\/2022\\\/04\\\/DAN-World-logo-sm-52px.svg\",\"width\":175,\"height\":52,\"caption\":\"DAN World\"},\"image\":{\"@id\":\"https:\\\/\\\/world.dan.org\\\/es\\\/#\\\/schema\\\/logo\\\/image\\\/\"}}]}<\/script>\n<!-- \/ Yoast SEO Premium plugin. -->","yoast_head_json":{"title":"Programas profesionales - DAN World","robots":{"index":"index","follow":"follow","max-snippet":"max-snippet:-1","max-image-preview":"max-image-preview:large","max-video-preview":"max-video-preview:-1"},"canonical":"https:\/\/world.dan.org\/es\/professional-programs\/","og_locale":"es_MX","og_type":"article","og_title":"Professional Programs","og_description":"Professional Programs DAN is committed to advancing a culture of dive safety by engaging with all stakeholders in the community to promote safe practices. We offer programs, services and tools [&hellip;]","og_url":"https:\/\/world.dan.org\/es\/professional-programs\/","og_site_name":"DAN World","article_modified_time":"2025-04-03T14:49:06+00:00","og_image":[{"url":"https:\/\/world.dan.org\/wp-content\/uploads\/2021\/07\/DAN-location-images-0026-1200x600-1.jpg","type":"","width":"","height":""}],"twitter_card":"summary_large_image","twitter_misc":{"Est. reading time":"2 minutes"},"schema":{"@context":"https:\/\/schema.org","@graph":[{"@type":"WebPage","@id":"https:\/\/world.dan.org\/professional-programs\/","url":"https:\/\/world.dan.org\/professional-programs\/","name":"Programas profesionales - DAN World","isPartOf":{"@id":"https:\/\/world.dan.org\/es\/#website"},"primaryImageOfPage":{"@id":"https:\/\/world.dan.org\/professional-programs\/#primaryimage"},"image":{"@id":"https:\/\/world.dan.org\/professional-programs\/#primaryimage"},"thumbnailUrl":"https:\/\/world.dan.org\/wp-content\/uploads\/2021\/07\/DAN-location-images-0026-1200x600-1.jpg","datePublished":"2020-03-27T21:56:17+00:00","dateModified":"2025-04-03T14:49:06+00:00","breadcrumb":{"@id":"https:\/\/world.dan.org\/professional-programs\/#breadcrumb"},"inLanguage":"es-MX","potentialAction":[{"@type":"ReadAction","target":["https:\/\/world.dan.org\/professional-programs\/"]}]},{"@type":"ImageObject","inLanguage":"es-MX","@id":"https:\/\/world.dan.org\/professional-programs\/#primaryimage","url":"https:\/\/world.dan.org\/wp-content\/uploads\/2021\/07\/DAN-location-images-0026-1200x600-1.jpg","contentUrl":"https:\/\/world.dan.org\/wp-content\/uploads\/2021\/07\/DAN-location-images-0026-1200x600-1.jpg"},{"@type":"BreadcrumbList","@id":"https:\/\/world.dan.org\/professional-programs\/#breadcrumb","itemListElement":[{"@type":"ListItem","position":1,"name":"Home","item":"https:\/\/world.dan.org\/"},{"@type":"ListItem","position":2,"name":"Professional Programs"}]},{"@type":"WebSite","@id":"https:\/\/world.dan.org\/es\/#website","url":"https:\/\/world.dan.org\/es\/","name":"DAN World","description":"","publisher":{"@id":"https:\/\/world.dan.org\/es\/#organization"},"potentialAction":[{"@type":"SearchAction","target":{"@type":"EntryPoint","urlTemplate":"https:\/\/world.dan.org\/es\/?s={search_term_string}"},"query-input":{"@type":"PropertyValueSpecification","valueRequired":true,"valueName":"search_term_string"}}],"inLanguage":"es-MX"},{"@type":"Organization","@id":"https:\/\/world.dan.org\/es\/#organization","name":"DAN World","url":"https:\/\/world.dan.org\/es\/","logo":{"@type":"ImageObject","inLanguage":"es-MX","@id":"https:\/\/world.dan.org\/es\/#\/schema\/logo\/image\/","url":"https:\/\/world.dan.org\/wp-content\/uploads\/2022\/04\/DAN-World-logo-sm-52px.svg","contentUrl":"https:\/\/world.dan.org\/wp-content\/uploads\/2022\/04\/DAN-World-logo-sm-52px.svg","width":175,"height":52,"caption":"DAN World"},"image":{"@id":"https:\/\/world.dan.org\/es\/#\/schema\/logo\/image\/"}}]}},"_links":{"self":[{"href":"https:\/\/world.dan.org\/es\/wp-json\/wp\/v2\/pages\/29","targetHints":{"allow":["GET"]}}],"collection":[{"href":"https:\/\/world.dan.org\/es\/wp-json\/wp\/v2\/pages"}],"about":[{"href":"https:\/\/world.dan.org\/es\/wp-json\/wp\/v2\/types\/page"}],"author":[{"embeddable":true,"href":"https:\/\/world.dan.org\/es\/wp-json\/wp\/v2\/users\/14"}],"replies":[{"embeddable":true,"href":"https:\/\/world.dan.org\/es\/wp-json\/wp\/v2\/comments?post=29"}],"version-history":[{"count":0,"href":"https:\/\/world.dan.org\/es\/wp-json\/wp\/v2\/pages\/29\/revisions"}],"wp:attachment":[{"href":"https:\/\/world.dan.org\/es\/wp-json\/wp\/v2\/media?parent=29"}],"curies":[{"name":"wp","href":"https:\/\/api.w.org\/{rel}","templated":true}]}}