{"id":30027,"date":"2025-05-02T13:50:17","date_gmt":"2025-05-02T17:50:17","guid":{"rendered":"https:\/\/world.dan.org\/?page_id=30027"},"modified":"2025-05-05T10:00:23","modified_gmt":"2025-05-05T14:00:23","slug":"report-an-incident","status":"publish","type":"page","link":"https:\/\/world.dan.org\/es\/safety-prevention\/report-an-incident\/","title":{"rendered":"Informe un Incidente"},"content":{"rendered":"<div style=\"height:50px\" aria-hidden=\"true\" class=\"wp-block-spacer\"><\/div>\n\n\n\n<div class=\"wp-block-columns is-layout-flex wp-container-core-columns-is-layout-9d6595d7 wp-block-columns-is-layout-flex\">\n<div class=\"wp-block-column is-layout-flow wp-block-column-is-layout-flow\" style=\"flex-basis:66.66%\">\n<h1 class=\"wp-block-heading\" id=\"h-report-to-research\">Informe para Investigaci\u00f3n <\/h1>\n\n\n\n<p class=\"has-medium-font-size\">DAN mantiene una base de datos de incidentes de buceo desde 1989 y depende de que los buceadores informen voluntariamente de los casos y los accidentes que casi ocurren. Nuestro objetivo es crear un entorno seguro para que los buceadores aprendan de las experiencias y los errores de los dem\u00e1s.<\/p>\n\n\n\n<p class=\"has-medium-font-size\">Cada env\u00edo es revisado por el Departamento de Investigaci\u00f3n de DAN, y los resultados de esta recopilaci\u00f3n y an\u00e1lisis de datos se mantienen an\u00f3nimos y pueden hacerse p\u00fablicos en beneficio de la comunidad de buceadores en el Informe Anual de Buceo de DAN y en publicaciones\u00a0<a href=\"https:\/\/world.dan.org\/es\/safety-prevention\/diver-safety\/diving-incident-summaries\/\">res\u00famenes de casos<\/a>. Originalmente limitados a incidentes relacionados con el buceo aut\u00f3nomo, nuestros informes ahora incluyen incidentes relacionados con el buceo aut\u00f3nomo de circuito abierto, la inmersi\u00f3n en apnea y el buceo con rebreather.\u00a0<\/p>\n\n\n\n<p class=\"has-medium-font-size\"><strong>No se identificar\u00e1 a ninguna persona.<\/strong>&nbsp;en cualquier informe publicado o presentado verbalmente. Si ha sufrido un accidente o una lesi\u00f3n, o ha sido testigo de un accidente mientras buceaba, comparta su experiencia con nuestro equipo de investigaci\u00f3n.<\/p>\n\n\n\n<p class=\"has-medium-font-size\"><em>No utilice el formulario de investigaci\u00f3n para presentar una reclamaci\u00f3n al seguro ni si se encuentra actualmente en una situaci\u00f3n de emergencia m\u00e9dica.<\/em><\/p>\n\n\n\n<div style=\"height:25px\" aria-hidden=\"true\" class=\"wp-block-spacer\"><\/div>\n\n\n\n<div class=\"wp-block-buttons is-layout-flex wp-block-buttons-is-layout-flex\">\n<div class=\"wp-block-button is-style-fill\"><a class=\"wp-block-button__link has-dan-white-color has-dan-red-400-background-color has-text-color has-background wp-element-button\" href=\"https:\/\/research-redcap.dan.org\/surveys\/?s=WTK4WJDJ3WDWX7WD\" style=\"border-radius:2px\">Informe para Investigaci\u00f3n <\/a><\/div>\n<\/div>\n<\/div>\n\n\n\n<div class=\"wp-block-column is-layout-flow wp-block-column-is-layout-flow\" style=\"flex-basis:33.33%\">\n<h1 class=\"wp-block-heading\">Informar al Seguro<\/h1>\n\n\n\n<p><strong>Reclamaciones del Seguro de Responsabilidad Civil<\/strong><\/p>\n\n\n\n<p>Si usted es un profesional o una empresa y desea informar de un incidente o presentar una reclamaci\u00f3n en virtud de su p\u00f3liza de seguro de responsabilidad civil, env\u00ede un correo electr\u00f3nico a <a href=\"mailto:liabilityclaim@dan.org\" target=\"_blank\" rel=\"noreferrer noopener\">liabilityclaims@dan.org<\/a> or call +1 (919) 684-2948.<\/p>\n\n\n\n<div class=\"wp-block-buttons is-layout-flex wp-block-buttons-is-layout-flex\">\n<div class=\"wp-block-button is-style-fill\"><a class=\"wp-block-button__link has-dan-white-color has-dan-blue-300-background-color has-text-color has-background has-link-color wp-element-button\" href=\"https:\/\/world.dan.org\/wp-content\/uploads\/2025\/05\/Pro-Liability-2025-DAN-WORLD-incident-report.pdf\" style=\"border-radius:2px\" target=\"_blank\" rel=\"noreferrer noopener\">Reclamaciones del Seguro de Responsabilidad Civil<\/a><\/div>\n<\/div>\n\n\n\n<div style=\"height:50px\" aria-hidden=\"true\" class=\"wp-block-spacer\"><\/div>\n\n\n\n<p><strong>Reclamaciones por Accidentes de Buceo y Seguro de Viaje<\/strong><\/p>\n\n\n\n<p>Para presentar una reclamaci\u00f3n en virtud de su p\u00f3liza de seguro de accidentes de buceo o de viaje, env\u00edenos un correo electr\u00f3nico o ll\u00e1menos utilizando la informaci\u00f3n de atenci\u00f3n al cliente que figura a continuaci\u00f3n.<\/p>\n\n\n\n<div class=\"wp-block-buttons is-layout-flex wp-block-buttons-is-layout-flex\"><\/div>\n\n\n\n<p><\/p>\n\n\n\n<p><\/p>\n<\/div>\n<\/div>\n\n\n\n<div style=\"height:100px\" aria-hidden=\"true\" class=\"wp-block-spacer\"><\/div>\n\n\n\n<hr class=\"wp-block-separator has-text-color has-dan-light-gray-color has-alpha-channel-opacity has-dan-light-gray-background-color has-background\"\/>\n\n\n\n<div style=\"height:50px\" aria-hidden=\"true\" class=\"wp-block-spacer\"><\/div>\n\n\n\n<div class=\"wp-block-columns is-layout-flex wp-container-core-columns-is-layout-9d6595d7 wp-block-columns-is-layout-flex\">\n<div class=\"wp-block-column is-layout-flow wp-block-column-is-layout-flow\">\n<p class=\"has-dan-black-color has-text-color\" style=\"font-size:21px\"><strong>Servicio al cliente<\/strong><\/p>\n\n\n\n<p><strong>Asia-Pac\u00edfico<\/strong><\/p>\n\n\n\n<p>Tel\u00e9fono: +61-3-9886 9166<\/p>\n\n\n\n<p>Correo electr\u00f3nico: <a href=\"mailto:infoap@dan.org\">infoap@dan.org<\/a><\/p>\n\n\n\n<p>De lunes a viernes, de 9:00 a.m. a 5:00 p.m. (hora de Australia oriental)<\/p>\n\n\n\n<p class=\"translation-block\"><br><strong>Am\u00e9rica Latina<\/strong> <strong>Y Caribe<\/strong><\/p>\n\n\n\n<p class=\"translation-block\">Tel\u00e9fono: <strong>+1-202-470-0929<\/strong> (en Ingl\u00e9s)<\/p>\n\n\n\n<p>Tel\u00e9fono: +52-55-8421-9866 (atenci\u00f3n en Espa\u00f1ol)<\/p>\n\n\n\n<p>Correo electr\u00f3nico: <a href=\"mailto:Info@World.DAN.org\">Info@World.DAN.org<\/a><\/p>\n\n\n\n<p>Lunes a viernes de 8.30 a.m.- 5 p.m. (hora del este)<\/p>\n<\/div>\n\n\n\n<div class=\"wp-block-column is-layout-flow wp-block-column-is-layout-flow\">\n<p style=\"font-size:21px\" class=\"translation-block\"><strong>Emergencia 24 horas al d\u00eda, 7 d\u00edas a la semana<\/strong> <strong>L\u00ednea directa<\/strong><\/p>\n\n\n\n<p class=\"has-dan-red-400-color has-text-color\">+1-919-684-9111<br>+52-557-100 0540\u00a0Spanish<br>+55-11-3042-1157 Portuguese<\/p>\n\n\n\n<p class=\"has-dan-red-400-color has-text-color\">1800-088-200 <br>desde de Australia<\/p>\n\n\n\n<p class=\"has-dan-red-400-color has-text-color\">+62-21-5085-8719 <br>desde Indonesia<\/p>\n\n\n\n<p><strong>Los m\u00e9dicos de DAN est\u00e1n disponibles <\/strong><br><strong>24 \/ 7 \/ 365<\/strong>.<\/p>\n\n\n\n<p>Se aceptan llamadas por cobro revertido desde cualquier origen internacional.<\/p>\n<\/div>\n\n\n\n<div class=\"wp-block-column is-layout-flow wp-block-column-is-layout-flow\">\n<p style=\"font-size:21px\"><strong>L\u00ednea de informaci\u00f3n m\u00e9dica<\/strong><\/p>\n\n\n\n<p>Obtenga respuestas a sus consultas de salud y buceo (que no sean situaciones de emergencia).<\/p>\n\n\n\n<p>De lunes a viernes, de 8:30 a.m. a 5 p.m. (hora del este)<\/p>\n\n\n\n<p>+1 (919) 684-2948<\/p>\n\n\n\n<p>En l\u00ednea: <a href=\"https:\/\/apps.dan.org\/ask-a-medic\">Consulte a un m\u00e9dico<\/a><\/p>\n\n\n\n<p>Recibir\u00e1 una respuesta en 24 a 48 horas.<\/p>\n<\/div>\n\n\n\n<div class=\"wp-block-column is-layout-flow wp-block-column-is-layout-flow\">\n<p style=\"font-size:21px\"><strong>Recursos de seguridad<\/strong><\/p>\n\n\n\n<p><a href=\"https:\/\/world.dan.org\/es\/health-medicine\/\">Salud y medicina<\/a><\/p>\n\n\n\n<p><a href=\"https:\/\/world.dan.org\/es\/safety-prevention\/diver-safety\/\">Seguridad del buceador<\/a><\/p>\n\n\n\n<p><a href=\"https:\/\/world.dan.org\/es\/safety-prevention\/operation-safety\/\">Seguridad en las operaciones de buceo<\/a><\/p>\n\n\n\n<p><a href=\"https:\/\/world.dan.org\/es\/safety-prevention\/chamber-operation-safety\/\">Seguridad de las c\u00e1maras<\/a><\/p>\n<\/div>\n<\/div>","protected":false},"excerpt":{"rendered":"<p>Since 1989, DAN has maintained a comprehensive diving incident database. Originally limited to scuba diving incidents, our online reporting system now includes open-circuit scuba, breath-hold and rebreather incidents.<\/p>","protected":false},"author":14,"featured_media":30028,"parent":23,"menu_order":4,"comment_status":"closed","ping_status":"closed","template":"templates\/page-landing-2.php","meta":{"_acf_changed":false,"_ef_editorial_meta_date_first-draft-date":"","_ef_editorial_meta_paragraph_assignment":"","_ef_editorial_meta_checkbox_needs-photo":"","_ef_editorial_meta_number_word-count":"","footnotes":""},"class_list":["post-30027","page","type-page","status-publish","has-post-thumbnail","hentry"],"acf":[],"yoast_head":"<!-- This site is optimized with the Yoast SEO Premium plugin v27.0 (Yoast SEO v27.3) - https:\/\/yoast.com\/product\/yoast-seo-premium-wordpress\/ -->\n<title>Report an Incident - DAN World<\/title>\n<meta name=\"description\" content=\"Since 1989, DAN has maintained a comprehensive diving incident database. Originally limited to scuba diving incidents, our online reporting system now includes open-circuit scuba, breath-hold and rebreather incidents.\" \/>\n<meta name=\"robots\" content=\"index, follow, max-snippet:-1, max-image-preview:large, max-video-preview:-1\" \/>\n<link rel=\"canonical\" href=\"https:\/\/world.dan.org\/es\/safety-prevention\/report-an-incident\/\" \/>\n<meta property=\"og:locale\" content=\"es_MX\" \/>\n<meta property=\"og:type\" content=\"article\" \/>\n<meta property=\"og:title\" content=\"Report an Incident\" \/>\n<meta property=\"og:description\" content=\"Since 1989, DAN has maintained a comprehensive diving incident database. Originally limited to scuba diving incidents, our online reporting system now includes open-circuit scuba, breath-hold and rebreather incidents.\" \/>\n<meta property=\"og:url\" content=\"https:\/\/world.dan.org\/es\/safety-prevention\/report-an-incident\/\" \/>\n<meta property=\"og:site_name\" content=\"DAN World\" \/>\n<meta property=\"article:modified_time\" content=\"2025-05-05T14:00:23+00:00\" \/>\n<meta property=\"og:image\" content=\"https:\/\/world.dan.org\/wp-content\/uploads\/2025\/05\/dan-dive-incident-report.jpg\" \/>\n\t<meta property=\"og:image:width\" content=\"1200\" \/>\n\t<meta property=\"og:image:height\" content=\"800\" \/>\n\t<meta property=\"og:image:type\" content=\"image\/jpeg\" \/>\n<meta name=\"twitter:card\" content=\"summary_large_image\" \/>\n<meta name=\"twitter:description\" content=\"Since 1989, DAN has maintained a comprehensive diving incident database.\" \/>\n<meta name=\"twitter:label1\" content=\"Est. reading time\" \/>\n\t<meta name=\"twitter:data1\" content=\"2 minutes\" \/>\n<script type=\"application\/ld+json\" class=\"yoast-schema-graph\">{\"@context\":\"https:\\\/\\\/schema.org\",\"@graph\":[{\"@type\":\"WebPage\",\"@id\":\"https:\\\/\\\/world.dan.org\\\/fr\\\/safety-prevention\\\/report-an-incident\\\/\",\"url\":\"https:\\\/\\\/world.dan.org\\\/fr\\\/safety-prevention\\\/report-an-incident\\\/\",\"name\":\"Report an Incident - DAN World\",\"isPartOf\":{\"@id\":\"https:\\\/\\\/world.dan.org\\\/es\\\/#website\"},\"primaryImageOfPage\":{\"@id\":\"https:\\\/\\\/world.dan.org\\\/fr\\\/safety-prevention\\\/report-an-incident\\\/#primaryimage\"},\"image\":{\"@id\":\"https:\\\/\\\/world.dan.org\\\/fr\\\/safety-prevention\\\/report-an-incident\\\/#primaryimage\"},\"thumbnailUrl\":\"https:\\\/\\\/world.dan.org\\\/wp-content\\\/uploads\\\/2025\\\/05\\\/dan-dive-incident-report.jpg\",\"datePublished\":\"2025-05-02T17:50:17+00:00\",\"dateModified\":\"2025-05-05T14:00:23+00:00\",\"description\":\"Since 1989, DAN has maintained a comprehensive diving incident database. Originally limited to scuba diving incidents, our online reporting system now includes open-circuit scuba, breath-hold and rebreather incidents.\",\"breadcrumb\":{\"@id\":\"https:\\\/\\\/world.dan.org\\\/fr\\\/safety-prevention\\\/report-an-incident\\\/#breadcrumb\"},\"inLanguage\":\"es-MX\",\"potentialAction\":[{\"@type\":\"ReadAction\",\"target\":[\"https:\\\/\\\/world.dan.org\\\/fr\\\/safety-prevention\\\/report-an-incident\\\/\"]}]},{\"@type\":\"ImageObject\",\"inLanguage\":\"es-MX\",\"@id\":\"https:\\\/\\\/world.dan.org\\\/fr\\\/safety-prevention\\\/report-an-incident\\\/#primaryimage\",\"url\":\"https:\\\/\\\/world.dan.org\\\/wp-content\\\/uploads\\\/2025\\\/05\\\/dan-dive-incident-report.jpg\",\"contentUrl\":\"https:\\\/\\\/world.dan.org\\\/wp-content\\\/uploads\\\/2025\\\/05\\\/dan-dive-incident-report.jpg\",\"width\":1200,\"height\":800},{\"@type\":\"BreadcrumbList\",\"@id\":\"https:\\\/\\\/world.dan.org\\\/fr\\\/safety-prevention\\\/report-an-incident\\\/#breadcrumb\",\"itemListElement\":[{\"@type\":\"ListItem\",\"position\":1,\"name\":\"Home\",\"item\":\"https:\\\/\\\/world.dan.org\\\/\"},{\"@type\":\"ListItem\",\"position\":2,\"name\":\"Safety &#038; Prevention\",\"item\":\"https:\\\/\\\/world.dan.org\\\/safety-prevention\\\/\"},{\"@type\":\"ListItem\",\"position\":3,\"name\":\"Report an Incident\"}]},{\"@type\":\"WebSite\",\"@id\":\"https:\\\/\\\/world.dan.org\\\/es\\\/#website\",\"url\":\"https:\\\/\\\/world.dan.org\\\/es\\\/\",\"name\":\"DAN World\",\"description\":\"\",\"publisher\":{\"@id\":\"https:\\\/\\\/world.dan.org\\\/es\\\/#organization\"},\"potentialAction\":[{\"@type\":\"SearchAction\",\"target\":{\"@type\":\"EntryPoint\",\"urlTemplate\":\"https:\\\/\\\/world.dan.org\\\/es\\\/?s={search_term_string}\"},\"query-input\":{\"@type\":\"PropertyValueSpecification\",\"valueRequired\":true,\"valueName\":\"search_term_string\"}}],\"inLanguage\":\"es-MX\"},{\"@type\":\"Organization\",\"@id\":\"https:\\\/\\\/world.dan.org\\\/es\\\/#organization\",\"name\":\"DAN World\",\"url\":\"https:\\\/\\\/world.dan.org\\\/es\\\/\",\"logo\":{\"@type\":\"ImageObject\",\"inLanguage\":\"es-MX\",\"@id\":\"https:\\\/\\\/world.dan.org\\\/es\\\/#\\\/schema\\\/logo\\\/image\\\/\",\"url\":\"https:\\\/\\\/world.dan.org\\\/wp-content\\\/uploads\\\/2022\\\/04\\\/DAN-World-logo-sm-52px.svg\",\"contentUrl\":\"https:\\\/\\\/world.dan.org\\\/wp-content\\\/uploads\\\/2022\\\/04\\\/DAN-World-logo-sm-52px.svg\",\"width\":175,\"height\":52,\"caption\":\"DAN World\"},\"image\":{\"@id\":\"https:\\\/\\\/world.dan.org\\\/es\\\/#\\\/schema\\\/logo\\\/image\\\/\"}}]}<\/script>\n<!-- \/ Yoast SEO Premium plugin. -->","yoast_head_json":{"title":"Report an Incident - DAN World","description":"Since 1989, DAN has maintained a comprehensive diving incident database. Originally limited to scuba diving incidents, our online reporting system now includes open-circuit scuba, breath-hold and rebreather incidents.","robots":{"index":"index","follow":"follow","max-snippet":"max-snippet:-1","max-image-preview":"max-image-preview:large","max-video-preview":"max-video-preview:-1"},"canonical":"https:\/\/world.dan.org\/es\/safety-prevention\/report-an-incident\/","og_locale":"es_MX","og_type":"article","og_title":"Report an Incident","og_description":"Since 1989, DAN has maintained a comprehensive diving incident database. Originally limited to scuba diving incidents, our online reporting system now includes open-circuit scuba, breath-hold and rebreather incidents.","og_url":"https:\/\/world.dan.org\/es\/safety-prevention\/report-an-incident\/","og_site_name":"DAN World","article_modified_time":"2025-05-05T14:00:23+00:00","og_image":[{"width":1200,"height":800,"url":"https:\/\/world.dan.org\/wp-content\/uploads\/2025\/05\/dan-dive-incident-report.jpg","type":"image\/jpeg"}],"twitter_card":"summary_large_image","twitter_description":"Since 1989, DAN has maintained a comprehensive diving incident database.","twitter_misc":{"Est. reading time":"2 minutes"},"schema":{"@context":"https:\/\/schema.org","@graph":[{"@type":"WebPage","@id":"https:\/\/world.dan.org\/fr\/safety-prevention\/report-an-incident\/","url":"https:\/\/world.dan.org\/fr\/safety-prevention\/report-an-incident\/","name":"Report an Incident - DAN World","isPartOf":{"@id":"https:\/\/world.dan.org\/es\/#website"},"primaryImageOfPage":{"@id":"https:\/\/world.dan.org\/fr\/safety-prevention\/report-an-incident\/#primaryimage"},"image":{"@id":"https:\/\/world.dan.org\/fr\/safety-prevention\/report-an-incident\/#primaryimage"},"thumbnailUrl":"https:\/\/world.dan.org\/wp-content\/uploads\/2025\/05\/dan-dive-incident-report.jpg","datePublished":"2025-05-02T17:50:17+00:00","dateModified":"2025-05-05T14:00:23+00:00","description":"Since 1989, DAN has maintained a comprehensive diving incident database. Originally limited to scuba diving incidents, our online reporting system now includes open-circuit scuba, breath-hold and rebreather incidents.","breadcrumb":{"@id":"https:\/\/world.dan.org\/fr\/safety-prevention\/report-an-incident\/#breadcrumb"},"inLanguage":"es-MX","potentialAction":[{"@type":"ReadAction","target":["https:\/\/world.dan.org\/fr\/safety-prevention\/report-an-incident\/"]}]},{"@type":"ImageObject","inLanguage":"es-MX","@id":"https:\/\/world.dan.org\/fr\/safety-prevention\/report-an-incident\/#primaryimage","url":"https:\/\/world.dan.org\/wp-content\/uploads\/2025\/05\/dan-dive-incident-report.jpg","contentUrl":"https:\/\/world.dan.org\/wp-content\/uploads\/2025\/05\/dan-dive-incident-report.jpg","width":1200,"height":800},{"@type":"BreadcrumbList","@id":"https:\/\/world.dan.org\/fr\/safety-prevention\/report-an-incident\/#breadcrumb","itemListElement":[{"@type":"ListItem","position":1,"name":"Home","item":"https:\/\/world.dan.org\/"},{"@type":"ListItem","position":2,"name":"Safety &#038; Prevention","item":"https:\/\/world.dan.org\/safety-prevention\/"},{"@type":"ListItem","position":3,"name":"Report an Incident"}]},{"@type":"WebSite","@id":"https:\/\/world.dan.org\/es\/#website","url":"https:\/\/world.dan.org\/es\/","name":"DAN World","description":"","publisher":{"@id":"https:\/\/world.dan.org\/es\/#organization"},"potentialAction":[{"@type":"SearchAction","target":{"@type":"EntryPoint","urlTemplate":"https:\/\/world.dan.org\/es\/?s={search_term_string}"},"query-input":{"@type":"PropertyValueSpecification","valueRequired":true,"valueName":"search_term_string"}}],"inLanguage":"es-MX"},{"@type":"Organization","@id":"https:\/\/world.dan.org\/es\/#organization","name":"DAN World","url":"https:\/\/world.dan.org\/es\/","logo":{"@type":"ImageObject","inLanguage":"es-MX","@id":"https:\/\/world.dan.org\/es\/#\/schema\/logo\/image\/","url":"https:\/\/world.dan.org\/wp-content\/uploads\/2022\/04\/DAN-World-logo-sm-52px.svg","contentUrl":"https:\/\/world.dan.org\/wp-content\/uploads\/2022\/04\/DAN-World-logo-sm-52px.svg","width":175,"height":52,"caption":"DAN World"},"image":{"@id":"https:\/\/world.dan.org\/es\/#\/schema\/logo\/image\/"}}]}},"_links":{"self":[{"href":"https:\/\/world.dan.org\/es\/wp-json\/wp\/v2\/pages\/30027","targetHints":{"allow":["GET"]}}],"collection":[{"href":"https:\/\/world.dan.org\/es\/wp-json\/wp\/v2\/pages"}],"about":[{"href":"https:\/\/world.dan.org\/es\/wp-json\/wp\/v2\/types\/page"}],"author":[{"embeddable":true,"href":"https:\/\/world.dan.org\/es\/wp-json\/wp\/v2\/users\/14"}],"replies":[{"embeddable":true,"href":"https:\/\/world.dan.org\/es\/wp-json\/wp\/v2\/comments?post=30027"}],"version-history":[{"count":0,"href":"https:\/\/world.dan.org\/es\/wp-json\/wp\/v2\/pages\/30027\/revisions"}],"up":[{"embeddable":true,"href":"https:\/\/world.dan.org\/es\/wp-json\/wp\/v2\/pages\/23"}],"wp:featuredmedia":[{"embeddable":true,"href":"https:\/\/world.dan.org\/es\/wp-json\/wp\/v2\/media\/30028"}],"wp:attachment":[{"href":"https:\/\/world.dan.org\/es\/wp-json\/wp\/v2\/media?parent=30027"}],"curies":[{"name":"wp","href":"https:\/\/api.w.org\/{rel}","templated":true}]}}