{"id":30123,"date":"2025-05-13T12:26:17","date_gmt":"2025-05-13T16:26:17","guid":{"rendered":"https:\/\/world.dan.org\/?page_id=30123"},"modified":"2025-05-13T12:26:26","modified_gmt":"2025-05-13T16:26:26","slug":"code-of-conduct","status":"publish","type":"page","link":"https:\/\/world.dan.org\/es\/professional-programs\/business-membership\/code-of-conduct\/","title":{"rendered":"C\u00f3digo de Conducta\u00a0"},"content":{"rendered":"<p>Se espera que los miembros empresariales de DAN sean l\u00edderes en la comunidad de buceo. Con ese fin, el C\u00f3digo de Conducta de DAN establece una norma de conducta que se espera que sigan los miembros empresariales de DAN en su interacci\u00f3n con DAN, otros profesionales del sector y la comunidad de buceo en general. Los miembros empresariales de DAN deben:&nbsp;<\/p>\n\n\n\n<ul class=\"wp-block-list\">\n<li>Comportarse y desarrollar sus actividades de manera profesional.\u00a0<\/li>\n\n\n\n<li>Promover la seguridad entre sus alumnos y buceadores.\u00a0<\/li>\n\n\n\n<li>Ser honesto\u00a0<\/li>\n\n\n\n<li>Utilice personal debidamente formado y certificado para todos los cursos y actividades ofrecidos.<\/li>\n\n\n\n<li>Mant\u00e9ngase informado sobre las novedades en materia de seguridad en el buceo y la industria del buceo.\u00a0<\/li>\n\n\n\n<li>Trate a los alumnos de buceo y a todas las personas que participen en actividades de buceo con respeto, independientemente de su edad, origen \u00e9tnico, g\u00e9nero, religi\u00f3n, discapacidad u orientaci\u00f3n sexual.<\/li>\n\n\n\n<li>Cumplir todas las leyes federales y locales.<\/li>\n\n\n\n<li>Comprenda que una condena penal, ya sea durante o antes de la afiliaci\u00f3n empresarial a DAN, es motivo para denegar o rescindir la afiliaci\u00f3n empresarial a DAN.<\/li>\n\n\n\n<li>No menospreciar a DAN, otras organizaciones del sector ni a los profesionales del buceo.\u00a0<\/li>\n\n\n\n<li>Nunca acoses, intimides ni realices insinuaciones sexuales no deseadas hacia otra persona.<\/li>\n\n\n\n<li>Cooperar con cualquier investigaci\u00f3n de un miembro empresarial de DAN si as\u00ed lo solicita DAN.\u00a0<\/li>\n<\/ul>","protected":false},"excerpt":{"rendered":"<p>DAN Business Members are expected to be leaders in the diving community. To that end, the DAN Code of Conduct provides a standard of conduct expected of DAN Business Members [&hellip;]<\/p>\n","protected":false},"author":14,"featured_media":0,"parent":18343,"menu_order":3,"comment_status":"closed","ping_status":"closed","template":"","meta":{"_acf_changed":false,"_ef_editorial_meta_date_first-draft-date":"","_ef_editorial_meta_paragraph_assignment":"","_ef_editorial_meta_checkbox_needs-photo":"","_ef_editorial_meta_number_word-count":"","footnotes":""},"class_list":["post-30123","page","type-page","status-publish","hentry"],"acf":[],"yoast_head":"<!-- This site is optimized with the Yoast SEO Premium plugin v27.4 (Yoast SEO v27.4) - https:\/\/yoast.com\/product\/yoast-seo-premium-wordpress\/ -->\n<title>Code of Conduct\u00a0 - DAN World<\/title>\n<meta name=\"robots\" content=\"index, follow, max-snippet:-1, max-image-preview:large, max-video-preview:-1\" \/>\n<link rel=\"canonical\" href=\"https:\/\/world.dan.org\/es\/professional-programs\/business-membership\/code-of-conduct\/\" \/>\n<meta property=\"og:locale\" content=\"es_MX\" \/>\n<meta property=\"og:type\" content=\"article\" \/>\n<meta property=\"og:title\" content=\"Code of Conduct\u00a0\" \/>\n<meta property=\"og:description\" content=\"DAN Business Members are expected to be leaders in the diving community. To that end, the DAN Code of Conduct provides a standard of conduct expected of DAN Business Members [&hellip;]\" \/>\n<meta property=\"og:url\" content=\"https:\/\/world.dan.org\/es\/professional-programs\/business-membership\/code-of-conduct\/\" \/>\n<meta property=\"og:site_name\" content=\"DAN World\" \/>\n<meta property=\"article:modified_time\" content=\"2025-05-13T16:26:26+00:00\" \/>\n<meta name=\"twitter:card\" content=\"summary_large_image\" \/>\n<meta name=\"twitter:label1\" content=\"Est. reading time\" \/>\n\t<meta name=\"twitter:data1\" content=\"1 minute\" \/>\n<script type=\"application\/ld+json\" class=\"yoast-schema-graph\">{\"@context\":\"https:\\\/\\\/schema.org\",\"@graph\":[{\"@type\":\"WebPage\",\"@id\":\"https:\\\/\\\/world.dan.org\\\/professional-programs\\\/business-membership\\\/code-of-conduct\\\/\",\"url\":\"https:\\\/\\\/world.dan.org\\\/professional-programs\\\/business-membership\\\/code-of-conduct\\\/\",\"name\":\"Code of Conduct\u00a0 - DAN World\",\"isPartOf\":{\"@id\":\"https:\\\/\\\/world.dan.org\\\/es\\\/#website\"},\"datePublished\":\"2025-05-13T16:26:17+00:00\",\"dateModified\":\"2025-05-13T16:26:26+00:00\",\"breadcrumb\":{\"@id\":\"https:\\\/\\\/world.dan.org\\\/professional-programs\\\/business-membership\\\/code-of-conduct\\\/#breadcrumb\"},\"inLanguage\":\"es-MX\",\"potentialAction\":[{\"@type\":\"ReadAction\",\"target\":[\"https:\\\/\\\/world.dan.org\\\/professional-programs\\\/business-membership\\\/code-of-conduct\\\/\"]}]},{\"@type\":\"BreadcrumbList\",\"@id\":\"https:\\\/\\\/world.dan.org\\\/professional-programs\\\/business-membership\\\/code-of-conduct\\\/#breadcrumb\",\"itemListElement\":[{\"@type\":\"ListItem\",\"position\":1,\"name\":\"Home\",\"item\":\"https:\\\/\\\/world.dan.org\\\/\"},{\"@type\":\"ListItem\",\"position\":2,\"name\":\"Professional Programs\",\"item\":\"https:\\\/\\\/world.dan.org\\\/professional-programs\\\/\"},{\"@type\":\"ListItem\",\"position\":3,\"name\":\"Business Membership\",\"item\":\"https:\\\/\\\/world.dan.org\\\/professional-programs\\\/business-membership\\\/\"},{\"@type\":\"ListItem\",\"position\":4,\"name\":\"Code of Conduct\u00a0\"}]},{\"@type\":\"WebSite\",\"@id\":\"https:\\\/\\\/world.dan.org\\\/es\\\/#website\",\"url\":\"https:\\\/\\\/world.dan.org\\\/es\\\/\",\"name\":\"DAN World\",\"description\":\"\",\"publisher\":{\"@id\":\"https:\\\/\\\/world.dan.org\\\/es\\\/#organization\"},\"potentialAction\":[{\"@type\":\"SearchAction\",\"target\":{\"@type\":\"EntryPoint\",\"urlTemplate\":\"https:\\\/\\\/world.dan.org\\\/es\\\/?s={search_term_string}\"},\"query-input\":{\"@type\":\"PropertyValueSpecification\",\"valueRequired\":true,\"valueName\":\"search_term_string\"}}],\"inLanguage\":\"es-MX\"},{\"@type\":\"Organization\",\"@id\":\"https:\\\/\\\/world.dan.org\\\/es\\\/#organization\",\"name\":\"DAN World\",\"url\":\"https:\\\/\\\/world.dan.org\\\/es\\\/\",\"logo\":{\"@type\":\"ImageObject\",\"inLanguage\":\"es-MX\",\"@id\":\"https:\\\/\\\/world.dan.org\\\/es\\\/#\\\/schema\\\/logo\\\/image\\\/\",\"url\":\"https:\\\/\\\/world.dan.org\\\/wp-content\\\/uploads\\\/2022\\\/04\\\/DAN-World-logo-sm-52px.svg\",\"contentUrl\":\"https:\\\/\\\/world.dan.org\\\/wp-content\\\/uploads\\\/2022\\\/04\\\/DAN-World-logo-sm-52px.svg\",\"width\":175,\"height\":52,\"caption\":\"DAN World\"},\"image\":{\"@id\":\"https:\\\/\\\/world.dan.org\\\/es\\\/#\\\/schema\\\/logo\\\/image\\\/\"}}]}<\/script>\n<!-- \/ Yoast SEO Premium plugin. -->","yoast_head_json":{"title":"Code of Conduct\u00a0 - DAN World","robots":{"index":"index","follow":"follow","max-snippet":"max-snippet:-1","max-image-preview":"max-image-preview:large","max-video-preview":"max-video-preview:-1"},"canonical":"https:\/\/world.dan.org\/es\/professional-programs\/business-membership\/code-of-conduct\/","og_locale":"es_MX","og_type":"article","og_title":"Code of Conduct\u00a0","og_description":"DAN Business Members are expected to be leaders in the diving community. To that end, the DAN Code of Conduct provides a standard of conduct expected of DAN Business Members [&hellip;]","og_url":"https:\/\/world.dan.org\/es\/professional-programs\/business-membership\/code-of-conduct\/","og_site_name":"DAN World","article_modified_time":"2025-05-13T16:26:26+00:00","twitter_card":"summary_large_image","twitter_misc":{"Est. reading time":"1 minute"},"schema":{"@context":"https:\/\/schema.org","@graph":[{"@type":"WebPage","@id":"https:\/\/world.dan.org\/professional-programs\/business-membership\/code-of-conduct\/","url":"https:\/\/world.dan.org\/professional-programs\/business-membership\/code-of-conduct\/","name":"Code of Conduct\u00a0 - DAN World","isPartOf":{"@id":"https:\/\/world.dan.org\/es\/#website"},"datePublished":"2025-05-13T16:26:17+00:00","dateModified":"2025-05-13T16:26:26+00:00","breadcrumb":{"@id":"https:\/\/world.dan.org\/professional-programs\/business-membership\/code-of-conduct\/#breadcrumb"},"inLanguage":"es-MX","potentialAction":[{"@type":"ReadAction","target":["https:\/\/world.dan.org\/professional-programs\/business-membership\/code-of-conduct\/"]}]},{"@type":"BreadcrumbList","@id":"https:\/\/world.dan.org\/professional-programs\/business-membership\/code-of-conduct\/#breadcrumb","itemListElement":[{"@type":"ListItem","position":1,"name":"Home","item":"https:\/\/world.dan.org\/"},{"@type":"ListItem","position":2,"name":"Professional Programs","item":"https:\/\/world.dan.org\/professional-programs\/"},{"@type":"ListItem","position":3,"name":"Business Membership","item":"https:\/\/world.dan.org\/professional-programs\/business-membership\/"},{"@type":"ListItem","position":4,"name":"Code of Conduct\u00a0"}]},{"@type":"WebSite","@id":"https:\/\/world.dan.org\/es\/#website","url":"https:\/\/world.dan.org\/es\/","name":"DAN World","description":"","publisher":{"@id":"https:\/\/world.dan.org\/es\/#organization"},"potentialAction":[{"@type":"SearchAction","target":{"@type":"EntryPoint","urlTemplate":"https:\/\/world.dan.org\/es\/?s={search_term_string}"},"query-input":{"@type":"PropertyValueSpecification","valueRequired":true,"valueName":"search_term_string"}}],"inLanguage":"es-MX"},{"@type":"Organization","@id":"https:\/\/world.dan.org\/es\/#organization","name":"DAN World","url":"https:\/\/world.dan.org\/es\/","logo":{"@type":"ImageObject","inLanguage":"es-MX","@id":"https:\/\/world.dan.org\/es\/#\/schema\/logo\/image\/","url":"https:\/\/world.dan.org\/wp-content\/uploads\/2022\/04\/DAN-World-logo-sm-52px.svg","contentUrl":"https:\/\/world.dan.org\/wp-content\/uploads\/2022\/04\/DAN-World-logo-sm-52px.svg","width":175,"height":52,"caption":"DAN World"},"image":{"@id":"https:\/\/world.dan.org\/es\/#\/schema\/logo\/image\/"}}]}},"_links":{"self":[{"href":"https:\/\/world.dan.org\/es\/wp-json\/wp\/v2\/pages\/30123","targetHints":{"allow":["GET"]}}],"collection":[{"href":"https:\/\/world.dan.org\/es\/wp-json\/wp\/v2\/pages"}],"about":[{"href":"https:\/\/world.dan.org\/es\/wp-json\/wp\/v2\/types\/page"}],"author":[{"embeddable":true,"href":"https:\/\/world.dan.org\/es\/wp-json\/wp\/v2\/users\/14"}],"replies":[{"embeddable":true,"href":"https:\/\/world.dan.org\/es\/wp-json\/wp\/v2\/comments?post=30123"}],"version-history":[{"count":0,"href":"https:\/\/world.dan.org\/es\/wp-json\/wp\/v2\/pages\/30123\/revisions"}],"up":[{"embeddable":true,"href":"https:\/\/world.dan.org\/es\/wp-json\/wp\/v2\/pages\/18343"}],"wp:attachment":[{"href":"https:\/\/world.dan.org\/es\/wp-json\/wp\/v2\/media?parent=30123"}],"curies":[{"name":"wp","href":"https:\/\/api.w.org\/{rel}","templated":true}]}}