{"id":328,"date":"2020-05-11T11:46:22","date_gmt":"2020-05-11T15:46:22","guid":{"rendered":"https:\/\/dan.devhammer.com\/?page_id=328"},"modified":"2022-06-16T17:44:41","modified_gmt":"2022-06-16T21:44:41","slug":"ask-a-medic","status":"publish","type":"page","link":"https:\/\/world.dan.org\/es\/health-medicine\/ask-a-medic\/","title":{"rendered":"Consulte a un m\u00e9dico"},"content":{"rendered":"<div style=\"height:30px\" aria-hidden=\"true\" class=\"wp-block-spacer\"><\/div>\n\n\n\n<p class=\"translation-block\">\u00bfSe pregunta si puede bucear con una enfermedad espec\u00edfica? Consulte nuestra p\u00e1gina <strong><a href=\"https:\/\/world.dan.org\/es\/health-medicine\/health-resources\/diseases-conditions\/\" target=\"_self\">Enfermedades y afecciones<\/a><\/strong>, que contiene respuestas a las preguntas m\u00e1s frecuentes de los buzos sobre diversas dolencias, enfermedades, medicamentos y m\u00e1s.<\/p>\n\n\n\n<p>Tambi\u00e9n puede comunicarse directamente con nosotros. Adem\u00e1s de atender la l\u00ednea de emergencias de DAN, nuestros m\u00e9dicos est\u00e1n disponibles durante el horario de atenci\u00f3n normal para responder sus consultas sobre medicina del buceo y aptitud m\u00e9dica para bucear. Nuestro equipo de m\u00e9dicos, enfermeras, param\u00e9dicos y t\u00e9cnicos en emergencias m\u00e9dicas ofrece informaci\u00f3n m\u00e9dica, derivaciones, asistencia para la evacuaci\u00f3n y m\u00e1s por tel\u00e9fono, correo electr\u00f3nico y nuestra p\u00e1gina World.DAN.org.<\/p>\n\n\n\n<div style=\"height:30px\" aria-hidden=\"true\" class=\"wp-block-spacer\"><\/div>\n\n\n\n<hr class=\"wp-block-separator\"\/>\n\n\n\n<div style=\"height:30px\" aria-hidden=\"true\" class=\"wp-block-spacer\"><\/div>\n\n\n\n<div class=\"wp-block-columns is-layout-flex wp-container-core-columns-is-layout-9d6595d7 wp-block-columns-is-layout-flex\">\n<div class=\"wp-block-column is-layout-flow wp-block-column-is-layout-flow\">\n<h2 class=\"wp-block-heading\">Tel\u00e9fono<\/h2>\n\n\n\n<h4 class=\"wp-block-heading\">L\u00ednea de informaci\u00f3n m\u00e9dica<\/h4>\n\n\n\n<p>+1 (919) 684-2948<br>De lunes a viernes, de 8:30 a.m. a 5 p.m. (hora del este)<\/p>\n<\/div>\n\n\n\n<div class=\"wp-block-column is-layout-flow wp-block-column-is-layout-flow\">\n<h2 class=\"wp-block-heading\">En l\u00ednea<\/h2>\n\n\n\n<h4 class=\"wp-block-heading\">Consulte a un m\u00e9dico<\/h4>\n\n\n\n<p class=\"translation-block\">Complete y env\u00ede\u00a0<a href=\"https:\/\/apps.dan.org\/ask-a-medic\/\" target=\"_self\">Formulario en l\u00ednea Consulte a un M\u00e9dico.<\/a><\/p>\n\n\n\n<p><em>Recibir\u00e1 una respuesta en 24 a 48 horas.<\/em><br><\/p>\n<\/div>\n\n\n\n<div class=\"wp-block-column is-layout-flow wp-block-column-is-layout-flow\"><\/div>\n<\/div>\n\n\n\n<p><\/p>","protected":false},"excerpt":{"rendered":"<p>Adem\u00e1s de atender la l\u00ednea de emergencias de DAN, nuestros m\u00e9dicos est\u00e1n disponibles durante el horario de atenci\u00f3n normal para responder sus preguntas sobre medicina del buceo y aptitud m\u00e9dica para bucear. Nuestro equipo de m\u00e9dicos, enfermeras, param\u00e9dicos y t\u00e9cnicos en emergencias m\u00e9dicas ofrece informaci\u00f3n m\u00e9dica, derivaciones, asistencia para la evacuaci\u00f3n y m\u00e1s por tel\u00e9fono, correo electr\u00f3nico y nuestra p\u00e1gina DAN.org.<\/p>","protected":false},"author":1,"featured_media":17418,"parent":21,"menu_order":133,"comment_status":"closed","ping_status":"closed","template":"","meta":{"_acf_changed":false,"_ef_editorial_meta_date_first-draft-date":"","_ef_editorial_meta_paragraph_assignment":"","_ef_editorial_meta_checkbox_needs-photo":"","_ef_editorial_meta_number_word-count":"","footnotes":""},"class_list":["post-328","page","type-page","status-publish","has-post-thumbnail","hentry"],"acf":[],"yoast_head":"<!-- This site is optimized with the Yoast SEO Premium plugin v27.4 (Yoast SEO v27.4) - https:\/\/yoast.com\/product\/yoast-seo-premium-wordpress\/ -->\n<title>Ask a Medic - DAN World<\/title>\n<meta name=\"description\" content=\"Check out our Diseases and Conditions page for answers to divers&#039; most frequently asked questions about ailments, illnesses, and medications.\" \/>\n<meta name=\"robots\" content=\"index, follow, max-snippet:-1, max-image-preview:large, max-video-preview:-1\" \/>\n<link rel=\"canonical\" href=\"https:\/\/world.dan.org\/es\/health-medicine\/ask-a-medic\/\" \/>\n<meta property=\"og:locale\" content=\"es_MX\" \/>\n<meta property=\"og:type\" content=\"article\" \/>\n<meta property=\"og:title\" content=\"Ask A Medic\" \/>\n<meta property=\"og:description\" content=\"Do you have questions about diving with a particular medical condition? Check out our Diseases and Conditions page for answers to divers&#039; most frequently asked questions about various ailments, illnesses, medications and more.\" \/>\n<meta property=\"og:url\" content=\"https:\/\/world.dan.org\/es\/health-medicine\/ask-a-medic\/\" \/>\n<meta property=\"og:site_name\" content=\"DAN World\" \/>\n<meta property=\"article:modified_time\" content=\"2022-06-16T21:44:41+00:00\" \/>\n<meta property=\"og:image\" content=\"https:\/\/world.dan.org\/wp-content\/uploads\/2021\/06\/ask-medic-1197649993-DAN-1024x512-1.jpg\" \/>\n\t<meta property=\"og:image:width\" content=\"1024\" \/>\n\t<meta property=\"og:image:height\" content=\"512\" \/>\n\t<meta property=\"og:image:type\" content=\"image\/jpeg\" \/>\n<meta name=\"twitter:card\" content=\"summary_large_image\" \/>\n<meta name=\"twitter:title\" content=\"Ask A Medic\" \/>\n<meta name=\"twitter:description\" content=\"Do you have questions about diving with a particular medical condition? Check out our Diseases and Conditions page for answers to divers&#039; most frequently asked questions about various ailments, illnesses, medications and more.\" \/>\n<meta name=\"twitter:image\" content=\"https:\/\/world.dan.org\/wp-content\/uploads\/2021\/06\/ask-medic-1197649993-DAN-1024x512-1.jpg\" \/>\n<meta name=\"twitter:label1\" content=\"Est. reading time\" \/>\n\t<meta name=\"twitter:data1\" content=\"1 minute\" \/>\n<script type=\"application\/ld+json\" class=\"yoast-schema-graph\">{\"@context\":\"https:\\\/\\\/schema.org\",\"@graph\":[{\"@type\":\"WebPage\",\"@id\":\"https:\\\/\\\/world.dan.org\\\/health-medicine\\\/ask-a-medic\\\/\",\"url\":\"https:\\\/\\\/world.dan.org\\\/health-medicine\\\/ask-a-medic\\\/\",\"name\":\"Ask a Medic - DAN World\",\"isPartOf\":{\"@id\":\"https:\\\/\\\/world.dan.org\\\/es\\\/#website\"},\"primaryImageOfPage\":{\"@id\":\"https:\\\/\\\/world.dan.org\\\/health-medicine\\\/ask-a-medic\\\/#primaryimage\"},\"image\":{\"@id\":\"https:\\\/\\\/world.dan.org\\\/health-medicine\\\/ask-a-medic\\\/#primaryimage\"},\"thumbnailUrl\":\"https:\\\/\\\/world.dan.org\\\/wp-content\\\/uploads\\\/2021\\\/06\\\/ask-medic-1197649993-DAN-1200x600-1.jpg\",\"datePublished\":\"2020-05-11T15:46:22+00:00\",\"dateModified\":\"2022-06-16T21:44:41+00:00\",\"description\":\"Check out our Diseases and Conditions page for answers to divers' most frequently asked questions about ailments, illnesses, and medications.\",\"breadcrumb\":{\"@id\":\"https:\\\/\\\/world.dan.org\\\/health-medicine\\\/ask-a-medic\\\/#breadcrumb\"},\"inLanguage\":\"es-MX\",\"potentialAction\":[{\"@type\":\"ReadAction\",\"target\":[\"https:\\\/\\\/world.dan.org\\\/health-medicine\\\/ask-a-medic\\\/\"]}]},{\"@type\":\"ImageObject\",\"inLanguage\":\"es-MX\",\"@id\":\"https:\\\/\\\/world.dan.org\\\/health-medicine\\\/ask-a-medic\\\/#primaryimage\",\"url\":\"https:\\\/\\\/world.dan.org\\\/wp-content\\\/uploads\\\/2021\\\/06\\\/ask-medic-1197649993-DAN-1200x600-1.jpg\",\"contentUrl\":\"https:\\\/\\\/world.dan.org\\\/wp-content\\\/uploads\\\/2021\\\/06\\\/ask-medic-1197649993-DAN-1200x600-1.jpg\",\"width\":1200,\"height\":600,\"caption\":\"Secretary talking on telephone at hospital reception\"},{\"@type\":\"BreadcrumbList\",\"@id\":\"https:\\\/\\\/world.dan.org\\\/health-medicine\\\/ask-a-medic\\\/#breadcrumb\",\"itemListElement\":[{\"@type\":\"ListItem\",\"position\":1,\"name\":\"Home\",\"item\":\"https:\\\/\\\/world.dan.org\\\/\"},{\"@type\":\"ListItem\",\"position\":2,\"name\":\"Health &amp; Medicine\",\"item\":\"https:\\\/\\\/world.dan.org\\\/health-medicine\\\/\"},{\"@type\":\"ListItem\",\"position\":3,\"name\":\"Ask a Medic\"}]},{\"@type\":\"WebSite\",\"@id\":\"https:\\\/\\\/world.dan.org\\\/es\\\/#website\",\"url\":\"https:\\\/\\\/world.dan.org\\\/es\\\/\",\"name\":\"DAN World\",\"description\":\"\",\"publisher\":{\"@id\":\"https:\\\/\\\/world.dan.org\\\/es\\\/#organization\"},\"potentialAction\":[{\"@type\":\"SearchAction\",\"target\":{\"@type\":\"EntryPoint\",\"urlTemplate\":\"https:\\\/\\\/world.dan.org\\\/es\\\/?s={search_term_string}\"},\"query-input\":{\"@type\":\"PropertyValueSpecification\",\"valueRequired\":true,\"valueName\":\"search_term_string\"}}],\"inLanguage\":\"es-MX\"},{\"@type\":\"Organization\",\"@id\":\"https:\\\/\\\/world.dan.org\\\/es\\\/#organization\",\"name\":\"DAN World\",\"url\":\"https:\\\/\\\/world.dan.org\\\/es\\\/\",\"logo\":{\"@type\":\"ImageObject\",\"inLanguage\":\"es-MX\",\"@id\":\"https:\\\/\\\/world.dan.org\\\/es\\\/#\\\/schema\\\/logo\\\/image\\\/\",\"url\":\"https:\\\/\\\/world.dan.org\\\/wp-content\\\/uploads\\\/2022\\\/04\\\/DAN-World-logo-sm-52px.svg\",\"contentUrl\":\"https:\\\/\\\/world.dan.org\\\/wp-content\\\/uploads\\\/2022\\\/04\\\/DAN-World-logo-sm-52px.svg\",\"width\":175,\"height\":52,\"caption\":\"DAN World\"},\"image\":{\"@id\":\"https:\\\/\\\/world.dan.org\\\/es\\\/#\\\/schema\\\/logo\\\/image\\\/\"}}]}<\/script>\n<!-- \/ Yoast SEO Premium plugin. -->","yoast_head_json":{"title":"Pregunte a un m\u00e9dico - DAN World","description":"Consulte nuestra p\u00e1gina de Enfermedades y afecciones para obtener respuestas a las preguntas m\u00e1s frecuentes de los buceadores sobre dolencias, enfermedades y medicamentos.","robots":{"index":"index","follow":"follow","max-snippet":"max-snippet:-1","max-image-preview":"max-image-preview:large","max-video-preview":"max-video-preview:-1"},"canonical":"https:\/\/world.dan.org\/es\/health-medicine\/ask-a-medic\/","og_locale":"es_MX","og_type":"article","og_title":"Ask A Medic","og_description":"Do you have questions about diving with a particular medical condition? Check out our Diseases and Conditions page for answers to divers' most frequently asked questions about various ailments, illnesses, medications and more.","og_url":"https:\/\/world.dan.org\/es\/health-medicine\/ask-a-medic\/","og_site_name":"DAN World","article_modified_time":"2022-06-16T21:44:41+00:00","og_image":[{"width":1024,"height":512,"url":"https:\/\/world.dan.org\/wp-content\/uploads\/2021\/06\/ask-medic-1197649993-DAN-1024x512-1.jpg","type":"image\/jpeg"}],"twitter_card":"summary_large_image","twitter_title":"Ask A Medic","twitter_description":"Do you have questions about diving with a particular medical condition? Check out our Diseases and Conditions page for answers to divers' most frequently asked questions about various ailments, illnesses, medications and more.","twitter_image":"https:\/\/world.dan.org\/wp-content\/uploads\/2021\/06\/ask-medic-1197649993-DAN-1024x512-1.jpg","twitter_misc":{"Est. reading time":"1 minute"},"schema":{"@context":"https:\/\/schema.org","@graph":[{"@type":"WebPage","@id":"https:\/\/world.dan.org\/health-medicine\/ask-a-medic\/","url":"https:\/\/world.dan.org\/health-medicine\/ask-a-medic\/","name":"Pregunte a un m\u00e9dico - DAN World","isPartOf":{"@id":"https:\/\/world.dan.org\/es\/#website"},"primaryImageOfPage":{"@id":"https:\/\/world.dan.org\/health-medicine\/ask-a-medic\/#primaryimage"},"image":{"@id":"https:\/\/world.dan.org\/health-medicine\/ask-a-medic\/#primaryimage"},"thumbnailUrl":"https:\/\/world.dan.org\/wp-content\/uploads\/2021\/06\/ask-medic-1197649993-DAN-1200x600-1.jpg","datePublished":"2020-05-11T15:46:22+00:00","dateModified":"2022-06-16T21:44:41+00:00","description":"Consulte nuestra p\u00e1gina de Enfermedades y afecciones para obtener respuestas a las preguntas m\u00e1s frecuentes de los buceadores sobre dolencias, enfermedades y medicamentos.","breadcrumb":{"@id":"https:\/\/world.dan.org\/health-medicine\/ask-a-medic\/#breadcrumb"},"inLanguage":"es-MX","potentialAction":[{"@type":"ReadAction","target":["https:\/\/world.dan.org\/health-medicine\/ask-a-medic\/"]}]},{"@type":"ImageObject","inLanguage":"es-MX","@id":"https:\/\/world.dan.org\/health-medicine\/ask-a-medic\/#primaryimage","url":"https:\/\/world.dan.org\/wp-content\/uploads\/2021\/06\/ask-medic-1197649993-DAN-1200x600-1.jpg","contentUrl":"https:\/\/world.dan.org\/wp-content\/uploads\/2021\/06\/ask-medic-1197649993-DAN-1200x600-1.jpg","width":1200,"height":600,"caption":"Secretary talking on telephone at hospital reception"},{"@type":"BreadcrumbList","@id":"https:\/\/world.dan.org\/health-medicine\/ask-a-medic\/#breadcrumb","itemListElement":[{"@type":"ListItem","position":1,"name":"Home","item":"https:\/\/world.dan.org\/"},{"@type":"ListItem","position":2,"name":"Health &amp; Medicine","item":"https:\/\/world.dan.org\/health-medicine\/"},{"@type":"ListItem","position":3,"name":"Ask a Medic"}]},{"@type":"WebSite","@id":"https:\/\/world.dan.org\/es\/#website","url":"https:\/\/world.dan.org\/es\/","name":"DAN World","description":"","publisher":{"@id":"https:\/\/world.dan.org\/es\/#organization"},"potentialAction":[{"@type":"SearchAction","target":{"@type":"EntryPoint","urlTemplate":"https:\/\/world.dan.org\/es\/?s={search_term_string}"},"query-input":{"@type":"PropertyValueSpecification","valueRequired":true,"valueName":"search_term_string"}}],"inLanguage":"es-MX"},{"@type":"Organization","@id":"https:\/\/world.dan.org\/es\/#organization","name":"DAN World","url":"https:\/\/world.dan.org\/es\/","logo":{"@type":"ImageObject","inLanguage":"es-MX","@id":"https:\/\/world.dan.org\/es\/#\/schema\/logo\/image\/","url":"https:\/\/world.dan.org\/wp-content\/uploads\/2022\/04\/DAN-World-logo-sm-52px.svg","contentUrl":"https:\/\/world.dan.org\/wp-content\/uploads\/2022\/04\/DAN-World-logo-sm-52px.svg","width":175,"height":52,"caption":"DAN World"},"image":{"@id":"https:\/\/world.dan.org\/es\/#\/schema\/logo\/image\/"}}]}},"_links":{"self":[{"href":"https:\/\/world.dan.org\/es\/wp-json\/wp\/v2\/pages\/328","targetHints":{"allow":["GET"]}}],"collection":[{"href":"https:\/\/world.dan.org\/es\/wp-json\/wp\/v2\/pages"}],"about":[{"href":"https:\/\/world.dan.org\/es\/wp-json\/wp\/v2\/types\/page"}],"author":[{"embeddable":true,"href":"https:\/\/world.dan.org\/es\/wp-json\/wp\/v2\/users\/1"}],"replies":[{"embeddable":true,"href":"https:\/\/world.dan.org\/es\/wp-json\/wp\/v2\/comments?post=328"}],"version-history":[{"count":0,"href":"https:\/\/world.dan.org\/es\/wp-json\/wp\/v2\/pages\/328\/revisions"}],"up":[{"embeddable":true,"href":"https:\/\/world.dan.org\/es\/wp-json\/wp\/v2\/pages\/21"}],"wp:featuredmedia":[{"embeddable":true,"href":"https:\/\/world.dan.org\/es\/wp-json\/wp\/v2\/media\/17418"}],"wp:attachment":[{"href":"https:\/\/world.dan.org\/es\/wp-json\/wp\/v2\/media?parent=328"}],"curies":[{"name":"wp","href":"https:\/\/api.w.org\/{rel}","templated":true}]}}