{"id":331,"date":"2020-05-11T11:46:45","date_gmt":"2020-05-11T15:46:45","guid":{"rendered":"https:\/\/dan.devhammer.com\/?page_id=331"},"modified":"2022-06-16T17:53:09","modified_gmt":"2022-06-16T21:53:09","slug":"physician-network","status":"publish","type":"page","link":"https:\/\/world.dan.org\/es\/health-medicine\/medical-services\/physician-network\/","title":{"rendered":"Red de m\u00e9dicos"},"content":{"rendered":"<div style=\"height:30px\" aria-hidden=\"true\" class=\"wp-block-spacer\"><\/div>\n\n\n\n<p>\u00bfNecesita un m\u00e9dico antes de comenzar (o volver) a bucear? \u00bfQuiere consultar a un m\u00e9dico con experiencia en medicina del buceo para que eval\u00fae sus s\u00edntomas o para conversar sobre c\u00f3mo bucear con problemas de salud?<\/p>\n\n\n\n<p>DAN cuenta con una red mundial de m\u00e9dicos que atienden a la comunidad del buceo. A pedido, DAN le entregar\u00e1 la informaci\u00f3n de contacto de m\u00e9dicos capacitados en medicina del buceo.<\/p>\n\n\n\n<p class=\"translation-block\">Si busca un m\u00e9dico para un examen de aptitud f\u00edsica para bucear o quiere hacer una consulta con un especialista en medicina del buceo de su zona llame a DAN al +1 (919) 684-2948 (de lunes a viernes, de 8:30 a.m. a 5 p.m. (hora del este) o <a href=\"https:\/\/apps.dan.org\/ask-a-medic\/?Lang=es\" target=\"_self\"><strong>Consulte a un m\u00e9dico<\/strong><\/a>.<\/p>\n\n\n\n<p class=\"translation-block\">Si es m\u00e9dico y desea formar parte de la red de derivaci\u00f3n de DAN, <strong><a href=\"https:\/\/world.dan.org\/es\/health-medicine\/medical-services\/physician-network\/physician-referral-network-criteria\/\" target=\"_self\">aqu\u00ed tiene m\u00e1s informaci\u00f3n sobre c\u00f3mo enviar una solicitud.<\/a><\/strong><\/p>","protected":false},"excerpt":{"rendered":"<p>DAN cuenta con una red mundial de m\u00e9dicos que atienden a la comunidad del buceo. Si busca un m\u00e9dico para un examen de aptitud f\u00edsica para bucear o quiere hacer una consulta con un especialista en medicina del buceo de su zona, ll\u00e1menos.<\/p>","protected":false},"author":1,"featured_media":17421,"parent":39,"menu_order":128,"comment_status":"closed","ping_status":"closed","template":"","meta":{"_acf_changed":false,"_ef_editorial_meta_date_first-draft-date":"","_ef_editorial_meta_paragraph_assignment":"","_ef_editorial_meta_checkbox_needs-photo":"","_ef_editorial_meta_number_word-count":"","footnotes":""},"class_list":["post-331","page","type-page","status-publish","has-post-thumbnail","hentry"],"acf":[],"yoast_head":"<!-- This site is optimized with the Yoast SEO Premium plugin v27.0 (Yoast SEO v27.2) - https:\/\/yoast.com\/product\/yoast-seo-premium-wordpress\/ -->\n<title>Physician Network - DAN World<\/title>\n<meta name=\"description\" content=\"DAN maintains a worldwide network of doctors who will provide you with contact information for physicians trained in dive medicine.\" \/>\n<meta name=\"robots\" content=\"index, follow, max-snippet:-1, max-image-preview:large, max-video-preview:-1\" \/>\n<link rel=\"canonical\" href=\"https:\/\/world.dan.org\/es\/health-medicine\/medical-services\/physician-network\/\" \/>\n<meta property=\"og:locale\" content=\"es_MX\" \/>\n<meta property=\"og:type\" content=\"article\" \/>\n<meta property=\"og:title\" content=\"Physician Network\" \/>\n<meta property=\"og:description\" content=\"Do you need a physical before beginning \u2014 or returning to \u2014 diving? DAN maintains a worldwide network of doctors who serve the diving public. Upon request, DAN will provide you with contact information for physicians trained in dive medicine.\" \/>\n<meta property=\"og:url\" content=\"https:\/\/world.dan.org\/es\/health-medicine\/medical-services\/physician-network\/\" \/>\n<meta property=\"og:site_name\" content=\"DAN World\" \/>\n<meta property=\"article:modified_time\" content=\"2022-06-16T21:53:09+00:00\" \/>\n<meta property=\"og:image\" content=\"https:\/\/world.dan.org\/wp-content\/uploads\/2021\/06\/physician-network-1215908851-1024x512-1.jpg\" \/>\n\t<meta property=\"og:image:width\" content=\"1024\" \/>\n\t<meta property=\"og:image:height\" content=\"512\" \/>\n\t<meta property=\"og:image:type\" content=\"image\/jpeg\" \/>\n<meta name=\"twitter:card\" content=\"summary_large_image\" \/>\n<meta name=\"twitter:title\" content=\"Physician Network\" \/>\n<meta name=\"twitter:description\" content=\"Do you need a physical before beginning \u2014 or returning to \u2014 diving? DAN maintains a worldwide network of doctors who serve the diving public. Upon request, DAN will provide you with contact information for physicians trained in dive medicine.\" \/>\n<meta name=\"twitter:image\" content=\"https:\/\/world.dan.org\/wp-content\/uploads\/2021\/06\/physician-network-1215908851-1024x512-1.jpg\" \/>\n<meta name=\"twitter:label1\" content=\"Est. reading time\" \/>\n\t<meta name=\"twitter:data1\" content=\"1 minute\" \/>\n<script type=\"application\/ld+json\" class=\"yoast-schema-graph\">{\"@context\":\"https:\/\/schema.org\",\"@graph\":[{\"@type\":\"WebPage\",\"@id\":\"https:\/\/world.dan.org\/fr\/health-medicine\/medical-services\/physician-network\/\",\"url\":\"https:\/\/world.dan.org\/fr\/health-medicine\/medical-services\/physician-network\/\",\"name\":\"Physician Network - DAN World\",\"isPartOf\":{\"@id\":\"https:\/\/world.dan.org\/es\/#website\"},\"primaryImageOfPage\":{\"@id\":\"https:\/\/world.dan.org\/fr\/health-medicine\/medical-services\/physician-network\/#primaryimage\"},\"image\":{\"@id\":\"https:\/\/world.dan.org\/fr\/health-medicine\/medical-services\/physician-network\/#primaryimage\"},\"thumbnailUrl\":\"https:\/\/world.dan.org\/wp-content\/uploads\/2021\/06\/physician-network-1215908851-1200x600-1.jpg\",\"datePublished\":\"2020-05-11T15:46:45+00:00\",\"dateModified\":\"2022-06-16T21:53:09+00:00\",\"description\":\"DAN maintains a worldwide network of doctors who will provide you with contact information for physicians trained in dive medicine.\",\"breadcrumb\":{\"@id\":\"https:\/\/world.dan.org\/fr\/health-medicine\/medical-services\/physician-network\/#breadcrumb\"},\"inLanguage\":\"es-MX\",\"potentialAction\":[{\"@type\":\"ReadAction\",\"target\":[\"https:\/\/world.dan.org\/fr\/health-medicine\/medical-services\/physician-network\/\"]}]},{\"@type\":\"ImageObject\",\"inLanguage\":\"es-MX\",\"@id\":\"https:\/\/world.dan.org\/fr\/health-medicine\/medical-services\/physician-network\/#primaryimage\",\"url\":\"https:\/\/world.dan.org\/wp-content\/uploads\/2021\/06\/physician-network-1215908851-1200x600-1.jpg\",\"contentUrl\":\"https:\/\/world.dan.org\/wp-content\/uploads\/2021\/06\/physician-network-1215908851-1200x600-1.jpg\",\"width\":1200,\"height\":600,\"caption\":\"Montage of doctors and nurses in hospitals around the globe. Professional healthcare staff headshot portraits smiling and looking to camera. International people working in medicine.\"},{\"@type\":\"BreadcrumbList\",\"@id\":\"https:\/\/world.dan.org\/fr\/health-medicine\/medical-services\/physician-network\/#breadcrumb\",\"itemListElement\":[{\"@type\":\"ListItem\",\"position\":1,\"name\":\"Home\",\"item\":\"https:\/\/world.dan.org\/\"},{\"@type\":\"ListItem\",\"position\":2,\"name\":\"Health &amp; Medicine\",\"item\":\"https:\/\/world.dan.org\/health-medicine\/\"},{\"@type\":\"ListItem\",\"position\":3,\"name\":\"Medical Services\",\"item\":\"https:\/\/world.dan.org\/fr\/health-medicine\/medical-services\/\"},{\"@type\":\"ListItem\",\"position\":4,\"name\":\"Physician Network\"}]},{\"@type\":\"WebSite\",\"@id\":\"https:\/\/world.dan.org\/es\/#website\",\"url\":\"https:\/\/world.dan.org\/es\/\",\"name\":\"DAN World\",\"description\":\"\",\"publisher\":{\"@id\":\"https:\/\/world.dan.org\/es\/#organization\"},\"potentialAction\":[{\"@type\":\"SearchAction\",\"target\":{\"@type\":\"EntryPoint\",\"urlTemplate\":\"https:\/\/world.dan.org\/es\/?s={search_term_string}\"},\"query-input\":{\"@type\":\"PropertyValueSpecification\",\"valueRequired\":true,\"valueName\":\"search_term_string\"}}],\"inLanguage\":\"es-MX\"},{\"@type\":\"Organization\",\"@id\":\"https:\/\/world.dan.org\/es\/#organization\",\"name\":\"DAN World\",\"url\":\"https:\/\/world.dan.org\/es\/\",\"logo\":{\"@type\":\"ImageObject\",\"inLanguage\":\"es-MX\",\"@id\":\"https:\/\/world.dan.org\/es\/#\/schema\/logo\/image\/\",\"url\":\"https:\/\/world.dan.org\/wp-content\/uploads\/2022\/04\/DAN-World-logo-sm-52px.svg\",\"contentUrl\":\"https:\/\/world.dan.org\/wp-content\/uploads\/2022\/04\/DAN-World-logo-sm-52px.svg\",\"width\":175,\"height\":52,\"caption\":\"DAN World\"},\"image\":{\"@id\":\"https:\/\/world.dan.org\/es\/#\/schema\/logo\/image\/\"}}]}<\/script>\n<!-- \/ Yoast SEO Premium plugin. -->","yoast_head_json":{"title":"Red de m\u00e9dicos - DAN World","description":"DAN mantiene una red mundial de m\u00e9dicos que le proporcionar\u00e1n informaci\u00f3n de contacto de m\u00e9dicos formados en medicina de buceo.","robots":{"index":"index","follow":"follow","max-snippet":"max-snippet:-1","max-image-preview":"max-image-preview:large","max-video-preview":"max-video-preview:-1"},"canonical":"https:\/\/world.dan.org\/es\/health-medicine\/medical-services\/physician-network\/","og_locale":"es_MX","og_type":"article","og_title":"Physician Network","og_description":"Do you need a physical before beginning \u2014 or returning to \u2014 diving? DAN maintains a worldwide network of doctors who serve the diving public. Upon request, DAN will provide you with contact information for physicians trained in dive medicine.","og_url":"https:\/\/world.dan.org\/es\/health-medicine\/medical-services\/physician-network\/","og_site_name":"DAN World","article_modified_time":"2022-06-16T21:53:09+00:00","og_image":[{"width":1024,"height":512,"url":"https:\/\/world.dan.org\/wp-content\/uploads\/2021\/06\/physician-network-1215908851-1024x512-1.jpg","type":"image\/jpeg"}],"twitter_card":"summary_large_image","twitter_title":"Physician Network","twitter_description":"Do you need a physical before beginning \u2014 or returning to \u2014 diving? DAN maintains a worldwide network of doctors who serve the diving public. Upon request, DAN will provide you with contact information for physicians trained in dive medicine.","twitter_image":"https:\/\/world.dan.org\/wp-content\/uploads\/2021\/06\/physician-network-1215908851-1024x512-1.jpg","twitter_misc":{"Est. reading time":"1 minute"},"schema":{"@context":"https:\/\/schema.org","@graph":[{"@type":"WebPage","@id":"https:\/\/world.dan.org\/fr\/health-medicine\/medical-services\/physician-network\/","url":"https:\/\/world.dan.org\/fr\/health-medicine\/medical-services\/physician-network\/","name":"Red de m\u00e9dicos - DAN World","isPartOf":{"@id":"https:\/\/world.dan.org\/es\/#website"},"primaryImageOfPage":{"@id":"https:\/\/world.dan.org\/fr\/health-medicine\/medical-services\/physician-network\/#primaryimage"},"image":{"@id":"https:\/\/world.dan.org\/fr\/health-medicine\/medical-services\/physician-network\/#primaryimage"},"thumbnailUrl":"https:\/\/world.dan.org\/wp-content\/uploads\/2021\/06\/physician-network-1215908851-1200x600-1.jpg","datePublished":"2020-05-11T15:46:45+00:00","dateModified":"2022-06-16T21:53:09+00:00","description":"DAN mantiene una red mundial de m\u00e9dicos que le proporcionar\u00e1n informaci\u00f3n de contacto de m\u00e9dicos formados en medicina de buceo.","breadcrumb":{"@id":"https:\/\/world.dan.org\/fr\/health-medicine\/medical-services\/physician-network\/#breadcrumb"},"inLanguage":"es-MX","potentialAction":[{"@type":"ReadAction","target":["https:\/\/world.dan.org\/fr\/health-medicine\/medical-services\/physician-network\/"]}]},{"@type":"ImageObject","inLanguage":"es-MX","@id":"https:\/\/world.dan.org\/fr\/health-medicine\/medical-services\/physician-network\/#primaryimage","url":"https:\/\/world.dan.org\/wp-content\/uploads\/2021\/06\/physician-network-1215908851-1200x600-1.jpg","contentUrl":"https:\/\/world.dan.org\/wp-content\/uploads\/2021\/06\/physician-network-1215908851-1200x600-1.jpg","width":1200,"height":600,"caption":"Montage of doctors and nurses in hospitals around the globe. Professional healthcare staff headshot portraits smiling and looking to camera. International people working in medicine."},{"@type":"BreadcrumbList","@id":"https:\/\/world.dan.org\/fr\/health-medicine\/medical-services\/physician-network\/#breadcrumb","itemListElement":[{"@type":"ListItem","position":1,"name":"Home","item":"https:\/\/world.dan.org\/"},{"@type":"ListItem","position":2,"name":"Health &amp; Medicine","item":"https:\/\/world.dan.org\/health-medicine\/"},{"@type":"ListItem","position":3,"name":"Medical Services","item":"https:\/\/world.dan.org\/fr\/health-medicine\/medical-services\/"},{"@type":"ListItem","position":4,"name":"Physician Network"}]},{"@type":"WebSite","@id":"https:\/\/world.dan.org\/es\/#website","url":"https:\/\/world.dan.org\/es\/","name":"DAN World","description":"","publisher":{"@id":"https:\/\/world.dan.org\/es\/#organization"},"potentialAction":[{"@type":"SearchAction","target":{"@type":"EntryPoint","urlTemplate":"https:\/\/world.dan.org\/es\/?s={search_term_string}"},"query-input":{"@type":"PropertyValueSpecification","valueRequired":true,"valueName":"search_term_string"}}],"inLanguage":"es-MX"},{"@type":"Organization","@id":"https:\/\/world.dan.org\/es\/#organization","name":"DAN World","url":"https:\/\/world.dan.org\/es\/","logo":{"@type":"ImageObject","inLanguage":"es-MX","@id":"https:\/\/world.dan.org\/es\/#\/schema\/logo\/image\/","url":"https:\/\/world.dan.org\/wp-content\/uploads\/2022\/04\/DAN-World-logo-sm-52px.svg","contentUrl":"https:\/\/world.dan.org\/wp-content\/uploads\/2022\/04\/DAN-World-logo-sm-52px.svg","width":175,"height":52,"caption":"DAN World"},"image":{"@id":"https:\/\/world.dan.org\/es\/#\/schema\/logo\/image\/"}}]}},"_links":{"self":[{"href":"https:\/\/world.dan.org\/es\/wp-json\/wp\/v2\/pages\/331","targetHints":{"allow":["GET"]}}],"collection":[{"href":"https:\/\/world.dan.org\/es\/wp-json\/wp\/v2\/pages"}],"about":[{"href":"https:\/\/world.dan.org\/es\/wp-json\/wp\/v2\/types\/page"}],"author":[{"embeddable":true,"href":"https:\/\/world.dan.org\/es\/wp-json\/wp\/v2\/users\/1"}],"replies":[{"embeddable":true,"href":"https:\/\/world.dan.org\/es\/wp-json\/wp\/v2\/comments?post=331"}],"version-history":[{"count":0,"href":"https:\/\/world.dan.org\/es\/wp-json\/wp\/v2\/pages\/331\/revisions"}],"up":[{"embeddable":true,"href":"https:\/\/world.dan.org\/es\/wp-json\/wp\/v2\/pages\/39"}],"wp:featuredmedia":[{"embeddable":true,"href":"https:\/\/world.dan.org\/es\/wp-json\/wp\/v2\/media\/17421"}],"wp:attachment":[{"href":"https:\/\/world.dan.org\/es\/wp-json\/wp\/v2\/media?parent=331"}],"curies":[{"name":"wp","href":"https:\/\/api.w.org\/{rel}","templated":true}]}}