{"id":3633,"date":"2020-08-06T11:47:54","date_gmt":"2020-08-06T15:47:54","guid":{"rendered":"http:\/\/wordpress.world.dan.org\/?page_id=3633"},"modified":"2022-07-05T16:18:00","modified_gmt":"2022-07-05T20:18:00","slug":"safety-training-chamber-operations","status":"publish","type":"page","link":"https:\/\/world.dan.org\/es\/safety-prevention\/chamber-operation-safety\/safety-training-chamber-operations\/","title":{"rendered":"Capacitaci\u00f3n en seguridad: operaci\u00f3n de una c\u00e1mara hiperb\u00e1rica"},"content":{"rendered":"<div style=\"height:30px\" aria-hidden=\"true\" class=\"wp-block-spacer\"><\/div>\n\n\n\n<div class=\"wp-block-columns is-layout-flex wp-container-core-columns-is-layout-9d6595d7 wp-block-columns-is-layout-flex\">\n<div class=\"wp-block-column is-layout-flow wp-block-column-is-layout-flow\" style=\"flex-basis:50%\">\n<div style=\"height:12px\" aria-hidden=\"true\" class=\"wp-block-spacer\"><\/div>\n\n\n\n<p>Los operadores, encargados y t\u00e9cnicos de c\u00e1maras hiperb\u00e1ricas deben contar con una capacitaci\u00f3n especializada para poder usar y mantener el centro de tratamiento de recompresi\u00f3n de manera segura y confiable, a fin de garantizar las condiciones \u00f3ptimas a buzos con una afecci\u00f3n.<\/p>\n\n\n\n<p>La formaci\u00f3n y la capacidad de contextualizaci\u00f3n tienen un importante papel a la hora de asegurar que los conocimientos y la competencia a nivel operativo sean adecuados.<\/p>\n\n\n\n<p>DAN puede proporcionar una gama de oportunidades educativas, como cursos en l\u00ednea y en el lugar, junto con becas para otros cursos adicionales de capacitaci\u00f3n en seguridad. Estos eventos est\u00e1n disponibles para los beneficiarios del Programa de ayuda a c\u00e1maras de recompresi\u00f3n (Recompression Chamber Assistance Program, RCAP) en funci\u00f3n de las necesidades espec\u00edficas que se determinen durante las evaluaciones de la seguridad en el lugar.<\/p>\n\n\n\n<p>Para obtener m\u00e1s informaci\u00f3n, escriba a <a href=\"mailto:rcn@world.dan.org\"><strong>rcn@world.dan.org<\/strong><\/a>.<\/p>\n<\/div>\n\n\n\n<div class=\"wp-block-column is-layout-flow wp-block-column-is-layout-flow\" style=\"flex-basis:5%\"><\/div>\n\n\n\n<div class=\"wp-block-column is-vertically-aligned-top is-layout-flow wp-block-column-is-layout-flow\" style=\"flex-basis:45%\">\n<h2 class=\"has-text-align-center has-dan-black-color has-text-color wp-block-heading\" style=\"font-size:24px\">Formulario de solicitud de la beca de RCAP-ATMO<\/h2>\n\n\n\n<div class=\"wp-block-image\"><figure class=\"aligncenter size-large is-resized\"><a href=\"https:\/\/world.dan.org\/wp-content\/uploads\/2020\/08\/RCAP-ATMO-Scholarship-Application-1.pdf\"><img decoding=\"async\" src=\"https:\/\/world.dan.org\/wp-content\/uploads\/2021\/07\/RCAP-ATMO-Scholarship-Application.jpg\" alt=\"\" class=\"wp-image-17730\" width=\"300\" srcset=\"https:\/\/world.dan.org\/wp-content\/uploads\/2021\/07\/RCAP-ATMO-Scholarship-Application.jpg 600w, https:\/\/world.dan.org\/wp-content\/uploads\/2021\/07\/RCAP-ATMO-Scholarship-Application-278x360.jpg 278w, https:\/\/world.dan.org\/wp-content\/uploads\/2021\/07\/RCAP-ATMO-Scholarship-Application-9x12.jpg 9w\" sizes=\"(max-width: 600px) 100vw, 600px\" \/><\/a><\/figure><\/div>\n\n\n\n<p class=\"has-text-align-center\"><strong><a href=\"https:\/\/world.dan.org\/wp-content\/uploads\/2020\/08\/RCAP-ATMO-Scholarship-Application-1.pdf\">Reg\u00edstrese aqu\u00ed<\/a><\/strong><\/p>\n<\/div>\n<\/div>\n\n\n\n<p><\/p>","protected":false},"excerpt":{"rendered":"<p>Chamber operators, tenders and technicians all require specialized training in order to operate and maintain recompression treatment facilities in a safe and reliable state, ensuring optimal availability to divers in distress. Education and awareness play a significant role in ensuring appropriate operational knowledge and competence. DAN is able to provide a range of educational opportunities, including online and on-site courses, together with scholarships to additional safety training courses.<\/p>","protected":false},"author":1,"featured_media":17590,"parent":12,"menu_order":111,"comment_status":"closed","ping_status":"closed","template":"","meta":{"_acf_changed":false,"_ef_editorial_meta_date_first-draft-date":"","_ef_editorial_meta_paragraph_assignment":"","_ef_editorial_meta_checkbox_needs-photo":"","_ef_editorial_meta_number_word-count":"","footnotes":""},"class_list":["post-3633","page","type-page","status-publish","has-post-thumbnail","hentry"],"acf":[],"yoast_head":"<!-- This site is optimized with the Yoast SEO Premium plugin v27.4 (Yoast SEO v27.4) - https:\/\/yoast.com\/product\/yoast-seo-premium-wordpress\/ -->\n<title>Safety Training: Chamber Operations - DAN World<\/title>\n<meta name=\"description\" content=\"Chamber operators, tenders and technicians all require specialized training in order to operate and maintain recompression treatment facilities in a safe and reliable state, ensuring optimal availability to divers in distress.\" \/>\n<meta name=\"robots\" content=\"index, follow, max-snippet:-1, max-image-preview:large, max-video-preview:-1\" \/>\n<link rel=\"canonical\" href=\"https:\/\/world.dan.org\/es\/safety-prevention\/chamber-operation-safety\/safety-training-chamber-operations\/\" \/>\n<meta property=\"og:locale\" content=\"es_MX\" \/>\n<meta property=\"og:type\" content=\"article\" \/>\n<meta property=\"og:title\" content=\"Safety Training: Chamber Operations\" \/>\n<meta property=\"og:description\" content=\"Chamber operators, tenders and technicians all require specialized training in order to operate and maintain recompression treatment facilities in a safe and reliable state, ensuring optimal availability to divers in distress.\" \/>\n<meta property=\"og:url\" content=\"https:\/\/world.dan.org\/es\/safety-prevention\/chamber-operation-safety\/safety-training-chamber-operations\/\" \/>\n<meta property=\"og:site_name\" content=\"DAN World\" \/>\n<meta property=\"article:modified_time\" content=\"2022-07-05T20:18:00+00:00\" \/>\n<meta property=\"og:image\" content=\"https:\/\/world.dan.org\/wp-content\/uploads\/2021\/07\/pressure-gauge-328990064-1200x600-1.jpg\" \/>\n\t<meta property=\"og:image:width\" content=\"1200\" \/>\n\t<meta property=\"og:image:height\" content=\"600\" \/>\n\t<meta property=\"og:image:type\" content=\"image\/jpeg\" \/>\n<meta name=\"twitter:card\" content=\"summary_large_image\" \/>\n<meta name=\"twitter:title\" content=\"Safety Training: Chamber Operations\" \/>\n<meta name=\"twitter:description\" content=\"Chamber operators, tenders and technicians all require specialized training in order to operate and maintain recompression treatment facilities in a safe and reliable state, ensuring optimal availability to divers in distress.\" \/>\n<meta name=\"twitter:image\" content=\"https:\/\/world.dan.org\/wp-content\/uploads\/2021\/07\/pressure-gauge-328990064-1200x600-1.jpg\" \/>\n<meta name=\"twitter:label1\" content=\"Est. reading time\" \/>\n\t<meta name=\"twitter:data1\" content=\"1 minute\" \/>\n<script type=\"application\/ld+json\" class=\"yoast-schema-graph\">{\"@context\":\"https:\\\/\\\/schema.org\",\"@graph\":[{\"@type\":\"WebPage\",\"@id\":\"https:\\\/\\\/world.dan.org\\\/safety-prevention\\\/chamber-operation-safety\\\/safety-training-chamber-operations\\\/\",\"url\":\"https:\\\/\\\/world.dan.org\\\/safety-prevention\\\/chamber-operation-safety\\\/safety-training-chamber-operations\\\/\",\"name\":\"Safety Training: Chamber Operations - DAN World\",\"isPartOf\":{\"@id\":\"https:\\\/\\\/world.dan.org\\\/es\\\/#website\"},\"primaryImageOfPage\":{\"@id\":\"https:\\\/\\\/world.dan.org\\\/safety-prevention\\\/chamber-operation-safety\\\/safety-training-chamber-operations\\\/#primaryimage\"},\"image\":{\"@id\":\"https:\\\/\\\/world.dan.org\\\/safety-prevention\\\/chamber-operation-safety\\\/safety-training-chamber-operations\\\/#primaryimage\"},\"thumbnailUrl\":\"https:\\\/\\\/world.dan.org\\\/wp-content\\\/uploads\\\/2021\\\/07\\\/pressure-gauge-328990064-1200x600-1.jpg\",\"datePublished\":\"2020-08-06T15:47:54+00:00\",\"dateModified\":\"2022-07-05T20:18:00+00:00\",\"description\":\"Chamber operators, tenders and technicians all require specialized training in order to operate and maintain recompression treatment facilities in a safe and reliable state, ensuring optimal availability to divers in distress.\",\"breadcrumb\":{\"@id\":\"https:\\\/\\\/world.dan.org\\\/safety-prevention\\\/chamber-operation-safety\\\/safety-training-chamber-operations\\\/#breadcrumb\"},\"inLanguage\":\"es-MX\",\"potentialAction\":[{\"@type\":\"ReadAction\",\"target\":[\"https:\\\/\\\/world.dan.org\\\/safety-prevention\\\/chamber-operation-safety\\\/safety-training-chamber-operations\\\/\"]}]},{\"@type\":\"ImageObject\",\"inLanguage\":\"es-MX\",\"@id\":\"https:\\\/\\\/world.dan.org\\\/safety-prevention\\\/chamber-operation-safety\\\/safety-training-chamber-operations\\\/#primaryimage\",\"url\":\"https:\\\/\\\/world.dan.org\\\/wp-content\\\/uploads\\\/2021\\\/07\\\/pressure-gauge-328990064-1200x600-1.jpg\",\"contentUrl\":\"https:\\\/\\\/world.dan.org\\\/wp-content\\\/uploads\\\/2021\\\/07\\\/pressure-gauge-328990064-1200x600-1.jpg\",\"width\":1200,\"height\":600},{\"@type\":\"BreadcrumbList\",\"@id\":\"https:\\\/\\\/world.dan.org\\\/safety-prevention\\\/chamber-operation-safety\\\/safety-training-chamber-operations\\\/#breadcrumb\",\"itemListElement\":[{\"@type\":\"ListItem\",\"position\":1,\"name\":\"Home\",\"item\":\"https:\\\/\\\/world.dan.org\\\/\"},{\"@type\":\"ListItem\",\"position\":2,\"name\":\"Safety &#038; Prevention\",\"item\":\"https:\\\/\\\/world.dan.org\\\/safety-prevention\\\/\"},{\"@type\":\"ListItem\",\"position\":3,\"name\":\"Chamber Safety\",\"item\":\"https:\\\/\\\/world.dan.org\\\/safety-prevention\\\/chamber-operation-safety\\\/\"},{\"@type\":\"ListItem\",\"position\":4,\"name\":\"Safety Training: Chamber Operations\"}]},{\"@type\":\"WebSite\",\"@id\":\"https:\\\/\\\/world.dan.org\\\/es\\\/#website\",\"url\":\"https:\\\/\\\/world.dan.org\\\/es\\\/\",\"name\":\"DAN World\",\"description\":\"\",\"publisher\":{\"@id\":\"https:\\\/\\\/world.dan.org\\\/es\\\/#organization\"},\"potentialAction\":[{\"@type\":\"SearchAction\",\"target\":{\"@type\":\"EntryPoint\",\"urlTemplate\":\"https:\\\/\\\/world.dan.org\\\/es\\\/?s={search_term_string}\"},\"query-input\":{\"@type\":\"PropertyValueSpecification\",\"valueRequired\":true,\"valueName\":\"search_term_string\"}}],\"inLanguage\":\"es-MX\"},{\"@type\":\"Organization\",\"@id\":\"https:\\\/\\\/world.dan.org\\\/es\\\/#organization\",\"name\":\"DAN World\",\"url\":\"https:\\\/\\\/world.dan.org\\\/es\\\/\",\"logo\":{\"@type\":\"ImageObject\",\"inLanguage\":\"es-MX\",\"@id\":\"https:\\\/\\\/world.dan.org\\\/es\\\/#\\\/schema\\\/logo\\\/image\\\/\",\"url\":\"https:\\\/\\\/world.dan.org\\\/wp-content\\\/uploads\\\/2022\\\/04\\\/DAN-World-logo-sm-52px.svg\",\"contentUrl\":\"https:\\\/\\\/world.dan.org\\\/wp-content\\\/uploads\\\/2022\\\/04\\\/DAN-World-logo-sm-52px.svg\",\"width\":175,\"height\":52,\"caption\":\"DAN World\"},\"image\":{\"@id\":\"https:\\\/\\\/world.dan.org\\\/es\\\/#\\\/schema\\\/logo\\\/image\\\/\"}}]}<\/script>\n<!-- \/ Yoast SEO Premium plugin. -->","yoast_head_json":{"title":"Formaci\u00f3n en seguridad: Operaciones de c\u00e1mara - DAN World","description":"Los operadores, encargados y t\u00e9cnicos de c\u00e1maras hiperb\u00e1ricas deben contar con una capacitaci\u00f3n especializada para poder usar y mantener el centro de tratamiento de recompresi\u00f3n de manera segura y confiable, a fin de garantizar las condiciones \u00f3ptimas a buzos con una afecci\u00f3n.","robots":{"index":"index","follow":"follow","max-snippet":"max-snippet:-1","max-image-preview":"max-image-preview:large","max-video-preview":"max-video-preview:-1"},"canonical":"https:\/\/world.dan.org\/es\/safety-prevention\/chamber-operation-safety\/safety-training-chamber-operations\/","og_locale":"es_MX","og_type":"article","og_title":"Safety Training: Chamber Operations","og_description":"Chamber operators, tenders and technicians all require specialized training in order to operate and maintain recompression treatment facilities in a safe and reliable state, ensuring optimal availability to divers in distress.","og_url":"https:\/\/world.dan.org\/es\/safety-prevention\/chamber-operation-safety\/safety-training-chamber-operations\/","og_site_name":"DAN World","article_modified_time":"2022-07-05T20:18:00+00:00","og_image":[{"width":1200,"height":600,"url":"https:\/\/world.dan.org\/wp-content\/uploads\/2021\/07\/pressure-gauge-328990064-1200x600-1.jpg","type":"image\/jpeg"}],"twitter_card":"summary_large_image","twitter_title":"Safety Training: Chamber Operations","twitter_description":"Chamber operators, tenders and technicians all require specialized training in order to operate and maintain recompression treatment facilities in a safe and reliable state, ensuring optimal availability to divers in distress.","twitter_image":"https:\/\/world.dan.org\/wp-content\/uploads\/2021\/07\/pressure-gauge-328990064-1200x600-1.jpg","twitter_misc":{"Est. reading time":"1 minute"},"schema":{"@context":"https:\/\/schema.org","@graph":[{"@type":"WebPage","@id":"https:\/\/world.dan.org\/safety-prevention\/chamber-operation-safety\/safety-training-chamber-operations\/","url":"https:\/\/world.dan.org\/safety-prevention\/chamber-operation-safety\/safety-training-chamber-operations\/","name":"Formaci\u00f3n en seguridad: Operaciones de c\u00e1mara - DAN World","isPartOf":{"@id":"https:\/\/world.dan.org\/es\/#website"},"primaryImageOfPage":{"@id":"https:\/\/world.dan.org\/safety-prevention\/chamber-operation-safety\/safety-training-chamber-operations\/#primaryimage"},"image":{"@id":"https:\/\/world.dan.org\/safety-prevention\/chamber-operation-safety\/safety-training-chamber-operations\/#primaryimage"},"thumbnailUrl":"https:\/\/world.dan.org\/wp-content\/uploads\/2021\/07\/pressure-gauge-328990064-1200x600-1.jpg","datePublished":"2020-08-06T15:47:54+00:00","dateModified":"2022-07-05T20:18:00+00:00","description":"Los operadores, encargados y t\u00e9cnicos de c\u00e1maras hiperb\u00e1ricas deben contar con una capacitaci\u00f3n especializada para poder usar y mantener el centro de tratamiento de recompresi\u00f3n de manera segura y confiable, a fin de garantizar las condiciones \u00f3ptimas a buzos con una afecci\u00f3n.","breadcrumb":{"@id":"https:\/\/world.dan.org\/safety-prevention\/chamber-operation-safety\/safety-training-chamber-operations\/#breadcrumb"},"inLanguage":"es-MX","potentialAction":[{"@type":"ReadAction","target":["https:\/\/world.dan.org\/safety-prevention\/chamber-operation-safety\/safety-training-chamber-operations\/"]}]},{"@type":"ImageObject","inLanguage":"es-MX","@id":"https:\/\/world.dan.org\/safety-prevention\/chamber-operation-safety\/safety-training-chamber-operations\/#primaryimage","url":"https:\/\/world.dan.org\/wp-content\/uploads\/2021\/07\/pressure-gauge-328990064-1200x600-1.jpg","contentUrl":"https:\/\/world.dan.org\/wp-content\/uploads\/2021\/07\/pressure-gauge-328990064-1200x600-1.jpg","width":1200,"height":600},{"@type":"BreadcrumbList","@id":"https:\/\/world.dan.org\/safety-prevention\/chamber-operation-safety\/safety-training-chamber-operations\/#breadcrumb","itemListElement":[{"@type":"ListItem","position":1,"name":"Home","item":"https:\/\/world.dan.org\/"},{"@type":"ListItem","position":2,"name":"Safety &#038; Prevention","item":"https:\/\/world.dan.org\/safety-prevention\/"},{"@type":"ListItem","position":3,"name":"Chamber Safety","item":"https:\/\/world.dan.org\/safety-prevention\/chamber-operation-safety\/"},{"@type":"ListItem","position":4,"name":"Safety Training: Chamber Operations"}]},{"@type":"WebSite","@id":"https:\/\/world.dan.org\/es\/#website","url":"https:\/\/world.dan.org\/es\/","name":"DAN World","description":"","publisher":{"@id":"https:\/\/world.dan.org\/es\/#organization"},"potentialAction":[{"@type":"SearchAction","target":{"@type":"EntryPoint","urlTemplate":"https:\/\/world.dan.org\/es\/?s={search_term_string}"},"query-input":{"@type":"PropertyValueSpecification","valueRequired":true,"valueName":"search_term_string"}}],"inLanguage":"es-MX"},{"@type":"Organization","@id":"https:\/\/world.dan.org\/es\/#organization","name":"DAN World","url":"https:\/\/world.dan.org\/es\/","logo":{"@type":"ImageObject","inLanguage":"es-MX","@id":"https:\/\/world.dan.org\/es\/#\/schema\/logo\/image\/","url":"https:\/\/world.dan.org\/wp-content\/uploads\/2022\/04\/DAN-World-logo-sm-52px.svg","contentUrl":"https:\/\/world.dan.org\/wp-content\/uploads\/2022\/04\/DAN-World-logo-sm-52px.svg","width":175,"height":52,"caption":"DAN World"},"image":{"@id":"https:\/\/world.dan.org\/es\/#\/schema\/logo\/image\/"}}]}},"_links":{"self":[{"href":"https:\/\/world.dan.org\/es\/wp-json\/wp\/v2\/pages\/3633","targetHints":{"allow":["GET"]}}],"collection":[{"href":"https:\/\/world.dan.org\/es\/wp-json\/wp\/v2\/pages"}],"about":[{"href":"https:\/\/world.dan.org\/es\/wp-json\/wp\/v2\/types\/page"}],"author":[{"embeddable":true,"href":"https:\/\/world.dan.org\/es\/wp-json\/wp\/v2\/users\/1"}],"replies":[{"embeddable":true,"href":"https:\/\/world.dan.org\/es\/wp-json\/wp\/v2\/comments?post=3633"}],"version-history":[{"count":0,"href":"https:\/\/world.dan.org\/es\/wp-json\/wp\/v2\/pages\/3633\/revisions"}],"up":[{"embeddable":true,"href":"https:\/\/world.dan.org\/es\/wp-json\/wp\/v2\/pages\/12"}],"wp:featuredmedia":[{"embeddable":true,"href":"https:\/\/world.dan.org\/es\/wp-json\/wp\/v2\/media\/17590"}],"wp:attachment":[{"href":"https:\/\/world.dan.org\/es\/wp-json\/wp\/v2\/media?parent=3633"}],"curies":[{"name":"wp","href":"https:\/\/api.w.org\/{rel}","templated":true}]}}