{"id":3638,"date":"2020-08-06T11:50:55","date_gmt":"2020-08-06T15:50:55","guid":{"rendered":"http:\/\/wordpress.world.dan.org\/?page_id=3638"},"modified":"2022-07-05T16:11:14","modified_gmt":"2022-07-05T20:11:14","slug":"safety-assessment-chamber-operations","status":"publish","type":"page","link":"https:\/\/world.dan.org\/es\/safety-prevention\/chamber-operation-safety\/safety-assessment-chamber-operations\/","title":{"rendered":"Evaluaci\u00f3n de la seguridad: operaci\u00f3n de una c\u00e1mara hiperb\u00e1rica"},"content":{"rendered":"<div style=\"height:30px\" aria-hidden=\"true\" class=\"wp-block-spacer\"><\/div>\n\n\n\n<p>El equipo de tecnolog\u00eda hiperb\u00e1rica de DAN posee m\u00e1s de 75 a\u00f1os de experiencia en el trabajo con instalaciones de recompresi\u00f3n en todo el mundo. Esto comprende el dise\u00f1o y la fabricaci\u00f3n, la inspecci\u00f3n y el mantenimiento, la gesti\u00f3n de la operaci\u00f3n y las instalaciones y la gama completa de procedimientos de tratamiento m\u00e9dico.<\/p>\n\n\n\n<p>Todo esto garantiza que podamos ofrecerle nuestra orientaci\u00f3n y apoyo en cuestiones operativas, t\u00e9cnicas y de seguridad. Mediante el Programa de ayuda a c\u00e1maras de recompresi\u00f3n (Recompression Chamber Assistance Program, RCAP), las instalaciones que lo ameriten pueden solicitar una evaluaci\u00f3n de seguridad.<\/p>\n\n\n\n<p>Para consultar sobre las evaluaciones de seguridad en el lugar, comun\u00edquese con nosotros escribiendo a <a href=\"mailto:RCAP@DAN.org\"><strong>RCAP@DAN.org<\/strong><\/a>.<\/p>","protected":false},"excerpt":{"rendered":"<p>DAN\u2019s hyperbaric technology team has over 75 years\u2019 experience in working with recompression chamber facilities around the world. Included in this are design and manufacturing, inspection and maintenance, operating and facilities management, and the full scope of medical treatment procedures. All of this ensures that we can provide you with guidance and support relating to operational, technical and safety-related issues. Through the RCAP, site safety assessments can be undertaken upon request by deserving facilities.<\/p>","protected":false},"author":1,"featured_media":17587,"parent":12,"menu_order":110,"comment_status":"closed","ping_status":"closed","template":"","meta":{"_acf_changed":false,"_ef_editorial_meta_date_first-draft-date":"","_ef_editorial_meta_paragraph_assignment":"","_ef_editorial_meta_checkbox_needs-photo":"","_ef_editorial_meta_number_word-count":"","footnotes":""},"class_list":["post-3638","page","type-page","status-publish","has-post-thumbnail","hentry"],"acf":[],"yoast_head":"<!-- This site is optimized with the Yoast SEO Premium plugin v27.4 (Yoast SEO v27.4) - https:\/\/yoast.com\/product\/yoast-seo-premium-wordpress\/ -->\n<title>Safety Assessment: Chamber Operations - DAN World<\/title>\n<meta name=\"description\" content=\"DAN\u2019s hyperbaric technology team has over 75 years\u2019 experience in working with recompression chamber facilities around the world.\" \/>\n<meta name=\"robots\" content=\"index, follow, max-snippet:-1, max-image-preview:large, max-video-preview:-1\" \/>\n<link rel=\"canonical\" href=\"https:\/\/world.dan.org\/es\/safety-prevention\/chamber-operation-safety\/safety-assessment-chamber-operations\/\" \/>\n<meta property=\"og:locale\" content=\"es_MX\" \/>\n<meta property=\"og:type\" content=\"article\" \/>\n<meta property=\"og:title\" content=\"Safety Assessment: Chamber Operations\" \/>\n<meta property=\"og:description\" content=\"DAN\u2019s hyperbaric technology team has over 75 years\u2019 experience in working with recompression chamber facilities around the world.\" \/>\n<meta property=\"og:url\" content=\"https:\/\/world.dan.org\/es\/safety-prevention\/chamber-operation-safety\/safety-assessment-chamber-operations\/\" \/>\n<meta property=\"og:site_name\" content=\"DAN World\" \/>\n<meta property=\"article:modified_time\" content=\"2022-07-05T20:11:14+00:00\" \/>\n<meta property=\"og:image\" content=\"https:\/\/world.dan.org\/wp-content\/uploads\/2021\/07\/hyperbaric-chamber-availability-48249022-1200x600-1.jpg\" \/>\n\t<meta property=\"og:image:width\" content=\"1200\" \/>\n\t<meta property=\"og:image:height\" content=\"600\" \/>\n\t<meta property=\"og:image:type\" content=\"image\/jpeg\" \/>\n<meta name=\"twitter:card\" content=\"summary_large_image\" \/>\n<meta name=\"twitter:title\" content=\"Safety Assessment: Chamber Operations\" \/>\n<meta name=\"twitter:description\" content=\"DAN\u2019s hyperbaric technology team has over 75 years\u2019 experience in working with recompression chamber facilities around the world.\" \/>\n<meta name=\"twitter:image\" content=\"https:\/\/world.dan.org\/wp-content\/uploads\/2021\/07\/hyperbaric-chamber-availability-48249022-1200x600-1.jpg\" \/>\n<meta name=\"twitter:label1\" content=\"Est. reading time\" \/>\n\t<meta name=\"twitter:data1\" content=\"1 minute\" \/>\n<script type=\"application\/ld+json\" class=\"yoast-schema-graph\">{\"@context\":\"https:\\\/\\\/schema.org\",\"@graph\":[{\"@type\":\"WebPage\",\"@id\":\"https:\\\/\\\/world.dan.org\\\/safety-prevention\\\/chamber-operation-safety\\\/safety-assessment-chamber-operations\\\/\",\"url\":\"https:\\\/\\\/world.dan.org\\\/safety-prevention\\\/chamber-operation-safety\\\/safety-assessment-chamber-operations\\\/\",\"name\":\"Safety Assessment: Chamber Operations - DAN World\",\"isPartOf\":{\"@id\":\"https:\\\/\\\/world.dan.org\\\/es\\\/#website\"},\"primaryImageOfPage\":{\"@id\":\"https:\\\/\\\/world.dan.org\\\/safety-prevention\\\/chamber-operation-safety\\\/safety-assessment-chamber-operations\\\/#primaryimage\"},\"image\":{\"@id\":\"https:\\\/\\\/world.dan.org\\\/safety-prevention\\\/chamber-operation-safety\\\/safety-assessment-chamber-operations\\\/#primaryimage\"},\"thumbnailUrl\":\"https:\\\/\\\/world.dan.org\\\/wp-content\\\/uploads\\\/2021\\\/07\\\/hyperbaric-chamber-availability-48249022-1200x600-1.jpg\",\"datePublished\":\"2020-08-06T15:50:55+00:00\",\"dateModified\":\"2022-07-05T20:11:14+00:00\",\"description\":\"DAN\u2019s hyperbaric technology team has over 75 years\u2019 experience in working with recompression chamber facilities around the world.\",\"breadcrumb\":{\"@id\":\"https:\\\/\\\/world.dan.org\\\/safety-prevention\\\/chamber-operation-safety\\\/safety-assessment-chamber-operations\\\/#breadcrumb\"},\"inLanguage\":\"es-MX\",\"potentialAction\":[{\"@type\":\"ReadAction\",\"target\":[\"https:\\\/\\\/world.dan.org\\\/safety-prevention\\\/chamber-operation-safety\\\/safety-assessment-chamber-operations\\\/\"]}]},{\"@type\":\"ImageObject\",\"inLanguage\":\"es-MX\",\"@id\":\"https:\\\/\\\/world.dan.org\\\/safety-prevention\\\/chamber-operation-safety\\\/safety-assessment-chamber-operations\\\/#primaryimage\",\"url\":\"https:\\\/\\\/world.dan.org\\\/wp-content\\\/uploads\\\/2021\\\/07\\\/hyperbaric-chamber-availability-48249022-1200x600-1.jpg\",\"contentUrl\":\"https:\\\/\\\/world.dan.org\\\/wp-content\\\/uploads\\\/2021\\\/07\\\/hyperbaric-chamber-availability-48249022-1200x600-1.jpg\",\"width\":1200,\"height\":600,\"caption\":\"Diving pressure chamber\"},{\"@type\":\"BreadcrumbList\",\"@id\":\"https:\\\/\\\/world.dan.org\\\/safety-prevention\\\/chamber-operation-safety\\\/safety-assessment-chamber-operations\\\/#breadcrumb\",\"itemListElement\":[{\"@type\":\"ListItem\",\"position\":1,\"name\":\"Home\",\"item\":\"https:\\\/\\\/world.dan.org\\\/\"},{\"@type\":\"ListItem\",\"position\":2,\"name\":\"Safety &#038; Prevention\",\"item\":\"https:\\\/\\\/world.dan.org\\\/safety-prevention\\\/\"},{\"@type\":\"ListItem\",\"position\":3,\"name\":\"Chamber Safety\",\"item\":\"https:\\\/\\\/world.dan.org\\\/safety-prevention\\\/chamber-operation-safety\\\/\"},{\"@type\":\"ListItem\",\"position\":4,\"name\":\"Safety Assessment: Chamber Operations\"}]},{\"@type\":\"WebSite\",\"@id\":\"https:\\\/\\\/world.dan.org\\\/es\\\/#website\",\"url\":\"https:\\\/\\\/world.dan.org\\\/es\\\/\",\"name\":\"DAN World\",\"description\":\"\",\"publisher\":{\"@id\":\"https:\\\/\\\/world.dan.org\\\/es\\\/#organization\"},\"potentialAction\":[{\"@type\":\"SearchAction\",\"target\":{\"@type\":\"EntryPoint\",\"urlTemplate\":\"https:\\\/\\\/world.dan.org\\\/es\\\/?s={search_term_string}\"},\"query-input\":{\"@type\":\"PropertyValueSpecification\",\"valueRequired\":true,\"valueName\":\"search_term_string\"}}],\"inLanguage\":\"es-MX\"},{\"@type\":\"Organization\",\"@id\":\"https:\\\/\\\/world.dan.org\\\/es\\\/#organization\",\"name\":\"DAN World\",\"url\":\"https:\\\/\\\/world.dan.org\\\/es\\\/\",\"logo\":{\"@type\":\"ImageObject\",\"inLanguage\":\"es-MX\",\"@id\":\"https:\\\/\\\/world.dan.org\\\/es\\\/#\\\/schema\\\/logo\\\/image\\\/\",\"url\":\"https:\\\/\\\/world.dan.org\\\/wp-content\\\/uploads\\\/2022\\\/04\\\/DAN-World-logo-sm-52px.svg\",\"contentUrl\":\"https:\\\/\\\/world.dan.org\\\/wp-content\\\/uploads\\\/2022\\\/04\\\/DAN-World-logo-sm-52px.svg\",\"width\":175,\"height\":52,\"caption\":\"DAN World\"},\"image\":{\"@id\":\"https:\\\/\\\/world.dan.org\\\/es\\\/#\\\/schema\\\/logo\\\/image\\\/\"}}]}<\/script>\n<!-- \/ Yoast SEO Premium plugin. -->","yoast_head_json":{"title":"Evaluaci\u00f3n de la seguridad: Operaciones de c\u00e1mara - DAN World","description":"El equipo de tecnolog\u00eda hiperb\u00e1rica de DAN tiene m\u00e1s de 75 a\u00f1os de experiencia trabajando con instalaciones de c\u00e1maras de recompresi\u00f3n de todo el mundo.","robots":{"index":"index","follow":"follow","max-snippet":"max-snippet:-1","max-image-preview":"max-image-preview:large","max-video-preview":"max-video-preview:-1"},"canonical":"https:\/\/world.dan.org\/es\/safety-prevention\/chamber-operation-safety\/safety-assessment-chamber-operations\/","og_locale":"es_MX","og_type":"article","og_title":"Safety Assessment: Chamber Operations","og_description":"DAN\u2019s hyperbaric technology team has over 75 years\u2019 experience in working with recompression chamber facilities around the world.","og_url":"https:\/\/world.dan.org\/es\/safety-prevention\/chamber-operation-safety\/safety-assessment-chamber-operations\/","og_site_name":"DAN World","article_modified_time":"2022-07-05T20:11:14+00:00","og_image":[{"width":1200,"height":600,"url":"https:\/\/world.dan.org\/wp-content\/uploads\/2021\/07\/hyperbaric-chamber-availability-48249022-1200x600-1.jpg","type":"image\/jpeg"}],"twitter_card":"summary_large_image","twitter_title":"Safety Assessment: Chamber Operations","twitter_description":"DAN\u2019s hyperbaric technology team has over 75 years\u2019 experience in working with recompression chamber facilities around the world.","twitter_image":"https:\/\/world.dan.org\/wp-content\/uploads\/2021\/07\/hyperbaric-chamber-availability-48249022-1200x600-1.jpg","twitter_misc":{"Est. reading time":"1 minute"},"schema":{"@context":"https:\/\/schema.org","@graph":[{"@type":"WebPage","@id":"https:\/\/world.dan.org\/safety-prevention\/chamber-operation-safety\/safety-assessment-chamber-operations\/","url":"https:\/\/world.dan.org\/safety-prevention\/chamber-operation-safety\/safety-assessment-chamber-operations\/","name":"Evaluaci\u00f3n de la seguridad: Operaciones de c\u00e1mara - DAN World","isPartOf":{"@id":"https:\/\/world.dan.org\/es\/#website"},"primaryImageOfPage":{"@id":"https:\/\/world.dan.org\/safety-prevention\/chamber-operation-safety\/safety-assessment-chamber-operations\/#primaryimage"},"image":{"@id":"https:\/\/world.dan.org\/safety-prevention\/chamber-operation-safety\/safety-assessment-chamber-operations\/#primaryimage"},"thumbnailUrl":"https:\/\/world.dan.org\/wp-content\/uploads\/2021\/07\/hyperbaric-chamber-availability-48249022-1200x600-1.jpg","datePublished":"2020-08-06T15:50:55+00:00","dateModified":"2022-07-05T20:11:14+00:00","description":"El equipo de tecnolog\u00eda hiperb\u00e1rica de DAN tiene m\u00e1s de 75 a\u00f1os de experiencia trabajando con instalaciones de c\u00e1maras de recompresi\u00f3n de todo el mundo.","breadcrumb":{"@id":"https:\/\/world.dan.org\/safety-prevention\/chamber-operation-safety\/safety-assessment-chamber-operations\/#breadcrumb"},"inLanguage":"es-MX","potentialAction":[{"@type":"ReadAction","target":["https:\/\/world.dan.org\/safety-prevention\/chamber-operation-safety\/safety-assessment-chamber-operations\/"]}]},{"@type":"ImageObject","inLanguage":"es-MX","@id":"https:\/\/world.dan.org\/safety-prevention\/chamber-operation-safety\/safety-assessment-chamber-operations\/#primaryimage","url":"https:\/\/world.dan.org\/wp-content\/uploads\/2021\/07\/hyperbaric-chamber-availability-48249022-1200x600-1.jpg","contentUrl":"https:\/\/world.dan.org\/wp-content\/uploads\/2021\/07\/hyperbaric-chamber-availability-48249022-1200x600-1.jpg","width":1200,"height":600,"caption":"Diving pressure chamber"},{"@type":"BreadcrumbList","@id":"https:\/\/world.dan.org\/safety-prevention\/chamber-operation-safety\/safety-assessment-chamber-operations\/#breadcrumb","itemListElement":[{"@type":"ListItem","position":1,"name":"Home","item":"https:\/\/world.dan.org\/"},{"@type":"ListItem","position":2,"name":"Safety &#038; Prevention","item":"https:\/\/world.dan.org\/safety-prevention\/"},{"@type":"ListItem","position":3,"name":"Chamber Safety","item":"https:\/\/world.dan.org\/safety-prevention\/chamber-operation-safety\/"},{"@type":"ListItem","position":4,"name":"Safety Assessment: Chamber Operations"}]},{"@type":"WebSite","@id":"https:\/\/world.dan.org\/es\/#website","url":"https:\/\/world.dan.org\/es\/","name":"DAN World","description":"","publisher":{"@id":"https:\/\/world.dan.org\/es\/#organization"},"potentialAction":[{"@type":"SearchAction","target":{"@type":"EntryPoint","urlTemplate":"https:\/\/world.dan.org\/es\/?s={search_term_string}"},"query-input":{"@type":"PropertyValueSpecification","valueRequired":true,"valueName":"search_term_string"}}],"inLanguage":"es-MX"},{"@type":"Organization","@id":"https:\/\/world.dan.org\/es\/#organization","name":"DAN World","url":"https:\/\/world.dan.org\/es\/","logo":{"@type":"ImageObject","inLanguage":"es-MX","@id":"https:\/\/world.dan.org\/es\/#\/schema\/logo\/image\/","url":"https:\/\/world.dan.org\/wp-content\/uploads\/2022\/04\/DAN-World-logo-sm-52px.svg","contentUrl":"https:\/\/world.dan.org\/wp-content\/uploads\/2022\/04\/DAN-World-logo-sm-52px.svg","width":175,"height":52,"caption":"DAN World"},"image":{"@id":"https:\/\/world.dan.org\/es\/#\/schema\/logo\/image\/"}}]}},"_links":{"self":[{"href":"https:\/\/world.dan.org\/es\/wp-json\/wp\/v2\/pages\/3638","targetHints":{"allow":["GET"]}}],"collection":[{"href":"https:\/\/world.dan.org\/es\/wp-json\/wp\/v2\/pages"}],"about":[{"href":"https:\/\/world.dan.org\/es\/wp-json\/wp\/v2\/types\/page"}],"author":[{"embeddable":true,"href":"https:\/\/world.dan.org\/es\/wp-json\/wp\/v2\/users\/1"}],"replies":[{"embeddable":true,"href":"https:\/\/world.dan.org\/es\/wp-json\/wp\/v2\/comments?post=3638"}],"version-history":[{"count":0,"href":"https:\/\/world.dan.org\/es\/wp-json\/wp\/v2\/pages\/3638\/revisions"}],"up":[{"embeddable":true,"href":"https:\/\/world.dan.org\/es\/wp-json\/wp\/v2\/pages\/12"}],"wp:featuredmedia":[{"embeddable":true,"href":"https:\/\/world.dan.org\/es\/wp-json\/wp\/v2\/media\/17587"}],"wp:attachment":[{"href":"https:\/\/world.dan.org\/es\/wp-json\/wp\/v2\/media?parent=3638"}],"curies":[{"name":"wp","href":"https:\/\/api.w.org\/{rel}","templated":true}]}}