{"id":383,"date":"2020-05-12T10:09:20","date_gmt":"2020-05-12T14:09:20","guid":{"rendered":"https:\/\/dan.devhammer.com\/?page_id=383"},"modified":"2026-03-30T15:09:28","modified_gmt":"2026-03-30T19:09:28","slug":"diving-incident-summaries","status":"publish","type":"page","link":"https:\/\/world.dan.org\/es\/safety-prevention\/diver-safety\/diving-incident-summaries\/","title":{"rendered":"Res\u00famenes de incidentes de buceo"},"content":{"rendered":"<div style=\"height:50px\" aria-hidden=\"true\" class=\"wp-block-spacer\"><\/div>\n\n\n\n<p>Si bien es crucial reflexionar en nuestros propios errores y contratiempos, no se pierda la oportunidad de aprender de las experiencias de otros buzos.<\/p>\n\n\n\n<p>DAN cuenta con una base de datos de incidentes de buceo que se remonta a 1989. Aunque al inicio se limitaba a incidentes de buceo aut\u00f3nomo, ahora, adem\u00e1s de incidentes de buceo con circuito abierto, abarca incidentes de buceo en apnea y buceo con circuito cerrado. Recopilamos, analizamos, anonimizamos y publicamos estos datos en los informes de buceo anuales de DAN, as\u00ed como en res\u00famenes que benefician a toda la comunidad del buceo. Estos res\u00famenes suelen presentar comentarios de expertos y ayudan a los buzos de todos los niveles de experiencia a mejorar sus habilidades de gesti\u00f3n de riesgos e identificar las mejores pr\u00e1cticas de seguridad en el buceo. Despl\u00e1cese hacia abajo para explorar los res\u00famenes de casos o use el campo de b\u00fasqueda, a la derecha.<\/p>\n\n\n\n<p>DAN depende de los buzos que, de manera voluntaria, informan sus casos y cuasi accidentes. No se identificar\u00e1 a ninguna persona en ning\u00fan informe de casos que se publique o exponga verbalmente. Valoramos el tiempo y el esfuerzo que cada buzo ha invertido en contar su historia y compartir su perspectiva.<\/p>\n\n\n\n<div style=\"height:30px\" aria-hidden=\"true\" class=\"wp-block-spacer\"><\/div>\n\n\n\n<div class=\"wp-block-buttons is-content-justification-center is-layout-flex wp-container-core-buttons-is-layout-16018d1d wp-block-buttons-is-layout-flex\">\n<div class=\"wp-block-button\"><a class=\"wp-block-button__link has-dan-red-400-background-color has-background wp-element-button\" href=\"https:\/\/world.dan.org\/es\/safety-prevention\/report-an-incident\/\" style=\"border-radius:4px\">Informe un Incidente<\/a><\/div>\n<\/div>\n\n\n\n<div style=\"height:30px\" aria-hidden=\"true\" class=\"wp-block-spacer\"><\/div>\n\n\n\n<div style=\"height:20px\" aria-hidden=\"true\" class=\"wp-block-spacer\"><\/div>","protected":false},"excerpt":{"rendered":"<p>Learning from your own mistakes and misfortunes is crucial, but don\u2019t miss the opportunity to learn from others\u2019. These accounts of real diving incidents and emergencies offer exceptional learning opportunities. Often featuring expert commentary, these summaries help divers of all experience levels improve their risk management skills and identify safe diving practices.<\/p>","protected":false},"author":1,"featured_media":12403,"parent":41,"menu_order":187,"comment_status":"closed","ping_status":"closed","template":"templates\/page-list-page.php","meta":{"_acf_changed":false,"_ef_editorial_meta_date_first-draft-date":"","_ef_editorial_meta_paragraph_assignment":"","_ef_editorial_meta_checkbox_needs-photo":"","_ef_editorial_meta_number_word-count":"","footnotes":""},"class_list":["post-383","page","type-page","status-publish","has-post-thumbnail","hentry"],"acf":[],"yoast_head":"<!-- This site is optimized with the Yoast SEO Premium plugin v27.4 (Yoast SEO v27.4) - https:\/\/yoast.com\/product\/yoast-seo-premium-wordpress\/ -->\n<title>Diving Incident Summaries - DAN World<\/title>\n<meta name=\"description\" content=\"Diving incident summaries are based on real diving incidents and often include expert commentary on how to prevent similar scenarios.\" \/>\n<meta name=\"robots\" content=\"index, follow, max-snippet:-1, max-image-preview:large, max-video-preview:-1\" \/>\n<link rel=\"canonical\" href=\"https:\/\/world.dan.org\/es\/safety-prevention\/diver-safety\/diving-incident-summaries\/\" \/>\n<meta property=\"og:locale\" content=\"es_MX\" \/>\n<meta property=\"og:type\" content=\"article\" \/>\n<meta property=\"og:title\" content=\"Diving Incident Summaries\" \/>\n<meta property=\"og:description\" content=\"DAN has maintained a diving incident database since 1989. Originally limited to scuba diving incidents, it now includes open-circuit scuba, breath-hold and rebreather incidents. We collect, analyze, anonymize and publish this data in the DAN Annual Diving Reports and in these case summaries for the benefit of the diving community.\" \/>\n<meta property=\"og:url\" content=\"https:\/\/world.dan.org\/es\/safety-prevention\/diver-safety\/diving-incident-summaries\/\" \/>\n<meta property=\"og:site_name\" content=\"DAN World\" \/>\n<meta property=\"article:modified_time\" content=\"2026-03-30T19:09:28+00:00\" \/>\n<meta property=\"og:image\" content=\"https:\/\/world.dan.org\/wp-content\/uploads\/2020\/09\/divers-case-summaries-3Q3A7794-DAN-1200x650-1.jpg\" \/>\n\t<meta property=\"og:image:width\" content=\"1200\" \/>\n\t<meta property=\"og:image:height\" content=\"650\" \/>\n\t<meta property=\"og:image:type\" content=\"image\/jpeg\" \/>\n<meta name=\"twitter:card\" content=\"summary_large_image\" \/>\n<meta name=\"twitter:title\" content=\"Diving Incident Summaries\" \/>\n<meta name=\"twitter:description\" content=\"We collect, analyze, anonymize and publish this data in the DAN Annual Diving Reports and in these case summaries for the benefit of the diving community.\" \/>\n<meta name=\"twitter:image\" content=\"https:\/\/world.dan.org\/wp-content\/uploads\/2020\/09\/divers-case-summaries-3Q3A7794-DAN-1200x650-1.jpg\" \/>\n<meta name=\"twitter:label1\" content=\"Est. reading time\" \/>\n\t<meta name=\"twitter:data1\" content=\"1 minute\" \/>\n<script type=\"application\/ld+json\" class=\"yoast-schema-graph\">{\"@context\":\"https:\\\/\\\/schema.org\",\"@graph\":[{\"@type\":\"WebPage\",\"@id\":\"https:\\\/\\\/world.dan.org\\\/safety-prevention\\\/diver-safety\\\/diving-incident-summaries\\\/\",\"url\":\"https:\\\/\\\/world.dan.org\\\/safety-prevention\\\/diver-safety\\\/diving-incident-summaries\\\/\",\"name\":\"Diving Incident Summaries - DAN World\",\"isPartOf\":{\"@id\":\"https:\\\/\\\/world.dan.org\\\/es\\\/#website\"},\"primaryImageOfPage\":{\"@id\":\"https:\\\/\\\/world.dan.org\\\/safety-prevention\\\/diver-safety\\\/diving-incident-summaries\\\/#primaryimage\"},\"image\":{\"@id\":\"https:\\\/\\\/world.dan.org\\\/safety-prevention\\\/diver-safety\\\/diving-incident-summaries\\\/#primaryimage\"},\"thumbnailUrl\":\"https:\\\/\\\/world.dan.org\\\/wp-content\\\/uploads\\\/2020\\\/09\\\/divers-case-summaries-3Q3A7794-DAN-1200x650-1.jpg\",\"datePublished\":\"2020-05-12T14:09:20+00:00\",\"dateModified\":\"2026-03-30T19:09:28+00:00\",\"description\":\"Diving incident summaries are based on real diving incidents and often include expert commentary on how to prevent similar scenarios.\",\"breadcrumb\":{\"@id\":\"https:\\\/\\\/world.dan.org\\\/safety-prevention\\\/diver-safety\\\/diving-incident-summaries\\\/#breadcrumb\"},\"inLanguage\":\"es-MX\",\"potentialAction\":[{\"@type\":\"ReadAction\",\"target\":[\"https:\\\/\\\/world.dan.org\\\/safety-prevention\\\/diver-safety\\\/diving-incident-summaries\\\/\"]}]},{\"@type\":\"ImageObject\",\"inLanguage\":\"es-MX\",\"@id\":\"https:\\\/\\\/world.dan.org\\\/safety-prevention\\\/diver-safety\\\/diving-incident-summaries\\\/#primaryimage\",\"url\":\"https:\\\/\\\/world.dan.org\\\/wp-content\\\/uploads\\\/2020\\\/09\\\/divers-case-summaries-3Q3A7794-DAN-1200x650-1.jpg\",\"contentUrl\":\"https:\\\/\\\/world.dan.org\\\/wp-content\\\/uploads\\\/2020\\\/09\\\/divers-case-summaries-3Q3A7794-DAN-1200x650-1.jpg\",\"width\":1200,\"height\":650},{\"@type\":\"BreadcrumbList\",\"@id\":\"https:\\\/\\\/world.dan.org\\\/safety-prevention\\\/diver-safety\\\/diving-incident-summaries\\\/#breadcrumb\",\"itemListElement\":[{\"@type\":\"ListItem\",\"position\":1,\"name\":\"Home\",\"item\":\"https:\\\/\\\/world.dan.org\\\/\"},{\"@type\":\"ListItem\",\"position\":2,\"name\":\"Safety &#038; Prevention\",\"item\":\"https:\\\/\\\/world.dan.org\\\/safety-prevention\\\/\"},{\"@type\":\"ListItem\",\"position\":3,\"name\":\"Diver Safety\",\"item\":\"https:\\\/\\\/world.dan.org\\\/safety-prevention\\\/diver-safety\\\/\"},{\"@type\":\"ListItem\",\"position\":4,\"name\":\"Diving Incident Summaries\"}]},{\"@type\":\"WebSite\",\"@id\":\"https:\\\/\\\/world.dan.org\\\/es\\\/#website\",\"url\":\"https:\\\/\\\/world.dan.org\\\/es\\\/\",\"name\":\"DAN World\",\"description\":\"\",\"publisher\":{\"@id\":\"https:\\\/\\\/world.dan.org\\\/es\\\/#organization\"},\"potentialAction\":[{\"@type\":\"SearchAction\",\"target\":{\"@type\":\"EntryPoint\",\"urlTemplate\":\"https:\\\/\\\/world.dan.org\\\/es\\\/?s={search_term_string}\"},\"query-input\":{\"@type\":\"PropertyValueSpecification\",\"valueRequired\":true,\"valueName\":\"search_term_string\"}}],\"inLanguage\":\"es-MX\"},{\"@type\":\"Organization\",\"@id\":\"https:\\\/\\\/world.dan.org\\\/es\\\/#organization\",\"name\":\"DAN World\",\"url\":\"https:\\\/\\\/world.dan.org\\\/es\\\/\",\"logo\":{\"@type\":\"ImageObject\",\"inLanguage\":\"es-MX\",\"@id\":\"https:\\\/\\\/world.dan.org\\\/es\\\/#\\\/schema\\\/logo\\\/image\\\/\",\"url\":\"https:\\\/\\\/world.dan.org\\\/wp-content\\\/uploads\\\/2022\\\/04\\\/DAN-World-logo-sm-52px.svg\",\"contentUrl\":\"https:\\\/\\\/world.dan.org\\\/wp-content\\\/uploads\\\/2022\\\/04\\\/DAN-World-logo-sm-52px.svg\",\"width\":175,\"height\":52,\"caption\":\"DAN World\"},\"image\":{\"@id\":\"https:\\\/\\\/world.dan.org\\\/es\\\/#\\\/schema\\\/logo\\\/image\\\/\"}}]}<\/script>\n<!-- \/ Yoast SEO Premium plugin. -->","yoast_head_json":{"title":"Res\u00famenes de incidentes de buceo - DAN World","description":"Los res\u00famenes de incidentes de buceo se basan en incidentes reales e incluyen a menudo comentarios de expertos sobre c\u00f3mo prevenir situaciones similares.","robots":{"index":"index","follow":"follow","max-snippet":"max-snippet:-1","max-image-preview":"max-image-preview:large","max-video-preview":"max-video-preview:-1"},"canonical":"https:\/\/world.dan.org\/es\/safety-prevention\/diver-safety\/diving-incident-summaries\/","og_locale":"es_MX","og_type":"article","og_title":"Diving Incident Summaries","og_description":"DAN has maintained a diving incident database since 1989. Originally limited to scuba diving incidents, it now includes open-circuit scuba, breath-hold and rebreather incidents. We collect, analyze, anonymize and publish this data in the DAN Annual Diving Reports and in these case summaries for the benefit of the diving community.","og_url":"https:\/\/world.dan.org\/es\/safety-prevention\/diver-safety\/diving-incident-summaries\/","og_site_name":"DAN World","article_modified_time":"2026-03-30T19:09:28+00:00","og_image":[{"width":1200,"height":650,"url":"https:\/\/world.dan.org\/wp-content\/uploads\/2020\/09\/divers-case-summaries-3Q3A7794-DAN-1200x650-1.jpg","type":"image\/jpeg"}],"twitter_card":"summary_large_image","twitter_title":"Diving Incident Summaries","twitter_description":"We collect, analyze, anonymize and publish this data in the DAN Annual Diving Reports and in these case summaries for the benefit of the diving community.","twitter_image":"https:\/\/world.dan.org\/wp-content\/uploads\/2020\/09\/divers-case-summaries-3Q3A7794-DAN-1200x650-1.jpg","twitter_misc":{"Est. reading time":"1 minute"},"schema":{"@context":"https:\/\/schema.org","@graph":[{"@type":"WebPage","@id":"https:\/\/world.dan.org\/safety-prevention\/diver-safety\/diving-incident-summaries\/","url":"https:\/\/world.dan.org\/safety-prevention\/diver-safety\/diving-incident-summaries\/","name":"Res\u00famenes de incidentes de buceo - DAN World","isPartOf":{"@id":"https:\/\/world.dan.org\/es\/#website"},"primaryImageOfPage":{"@id":"https:\/\/world.dan.org\/safety-prevention\/diver-safety\/diving-incident-summaries\/#primaryimage"},"image":{"@id":"https:\/\/world.dan.org\/safety-prevention\/diver-safety\/diving-incident-summaries\/#primaryimage"},"thumbnailUrl":"https:\/\/world.dan.org\/wp-content\/uploads\/2020\/09\/divers-case-summaries-3Q3A7794-DAN-1200x650-1.jpg","datePublished":"2020-05-12T14:09:20+00:00","dateModified":"2026-03-30T19:09:28+00:00","description":"Los res\u00famenes de incidentes de buceo se basan en incidentes reales e incluyen a menudo comentarios de expertos sobre c\u00f3mo prevenir situaciones similares.","breadcrumb":{"@id":"https:\/\/world.dan.org\/safety-prevention\/diver-safety\/diving-incident-summaries\/#breadcrumb"},"inLanguage":"es-MX","potentialAction":[{"@type":"ReadAction","target":["https:\/\/world.dan.org\/safety-prevention\/diver-safety\/diving-incident-summaries\/"]}]},{"@type":"ImageObject","inLanguage":"es-MX","@id":"https:\/\/world.dan.org\/safety-prevention\/diver-safety\/diving-incident-summaries\/#primaryimage","url":"https:\/\/world.dan.org\/wp-content\/uploads\/2020\/09\/divers-case-summaries-3Q3A7794-DAN-1200x650-1.jpg","contentUrl":"https:\/\/world.dan.org\/wp-content\/uploads\/2020\/09\/divers-case-summaries-3Q3A7794-DAN-1200x650-1.jpg","width":1200,"height":650},{"@type":"BreadcrumbList","@id":"https:\/\/world.dan.org\/safety-prevention\/diver-safety\/diving-incident-summaries\/#breadcrumb","itemListElement":[{"@type":"ListItem","position":1,"name":"Home","item":"https:\/\/world.dan.org\/"},{"@type":"ListItem","position":2,"name":"Safety &#038; Prevention","item":"https:\/\/world.dan.org\/safety-prevention\/"},{"@type":"ListItem","position":3,"name":"Diver Safety","item":"https:\/\/world.dan.org\/safety-prevention\/diver-safety\/"},{"@type":"ListItem","position":4,"name":"Diving Incident Summaries"}]},{"@type":"WebSite","@id":"https:\/\/world.dan.org\/es\/#website","url":"https:\/\/world.dan.org\/es\/","name":"DAN World","description":"","publisher":{"@id":"https:\/\/world.dan.org\/es\/#organization"},"potentialAction":[{"@type":"SearchAction","target":{"@type":"EntryPoint","urlTemplate":"https:\/\/world.dan.org\/es\/?s={search_term_string}"},"query-input":{"@type":"PropertyValueSpecification","valueRequired":true,"valueName":"search_term_string"}}],"inLanguage":"es-MX"},{"@type":"Organization","@id":"https:\/\/world.dan.org\/es\/#organization","name":"DAN World","url":"https:\/\/world.dan.org\/es\/","logo":{"@type":"ImageObject","inLanguage":"es-MX","@id":"https:\/\/world.dan.org\/es\/#\/schema\/logo\/image\/","url":"https:\/\/world.dan.org\/wp-content\/uploads\/2022\/04\/DAN-World-logo-sm-52px.svg","contentUrl":"https:\/\/world.dan.org\/wp-content\/uploads\/2022\/04\/DAN-World-logo-sm-52px.svg","width":175,"height":52,"caption":"DAN World"},"image":{"@id":"https:\/\/world.dan.org\/es\/#\/schema\/logo\/image\/"}}]}},"_links":{"self":[{"href":"https:\/\/world.dan.org\/es\/wp-json\/wp\/v2\/pages\/383","targetHints":{"allow":["GET"]}}],"collection":[{"href":"https:\/\/world.dan.org\/es\/wp-json\/wp\/v2\/pages"}],"about":[{"href":"https:\/\/world.dan.org\/es\/wp-json\/wp\/v2\/types\/page"}],"author":[{"embeddable":true,"href":"https:\/\/world.dan.org\/es\/wp-json\/wp\/v2\/users\/1"}],"replies":[{"embeddable":true,"href":"https:\/\/world.dan.org\/es\/wp-json\/wp\/v2\/comments?post=383"}],"version-history":[{"count":1,"href":"https:\/\/world.dan.org\/es\/wp-json\/wp\/v2\/pages\/383\/revisions"}],"predecessor-version":[{"id":35295,"href":"https:\/\/world.dan.org\/es\/wp-json\/wp\/v2\/pages\/383\/revisions\/35295"}],"up":[{"embeddable":true,"href":"https:\/\/world.dan.org\/es\/wp-json\/wp\/v2\/pages\/41"}],"wp:featuredmedia":[{"embeddable":true,"href":"https:\/\/world.dan.org\/es\/wp-json\/wp\/v2\/media\/12403"}],"wp:attachment":[{"href":"https:\/\/world.dan.org\/es\/wp-json\/wp\/v2\/media?parent=383"}],"curies":[{"name":"wp","href":"https:\/\/api.w.org\/{rel}","templated":true}]}}