{"id":389,"date":"2020-05-12T10:10:54","date_gmt":"2020-05-12T14:10:54","guid":{"rendered":"https:\/\/dan.devhammer.com\/?page_id=389"},"modified":"2022-07-06T10:16:12","modified_gmt":"2022-07-06T14:16:12","slug":"psa","status":"publish","type":"page","link":"https:\/\/world.dan.org\/es\/safety-prevention\/diver-safety\/psa\/","title":{"rendered":"Campa\u00f1as de seguridad en el buceo de DAN"},"content":{"rendered":"<div style=\"height:30px\" aria-hidden=\"true\" class=\"wp-block-spacer\"><\/div>\n\n\n\n<p>Para tomar decisiones bien fundamentadas sobre la seguridad en el buceo, es necesario contar con informaci\u00f3n confiable. Mediante nuestras campa\u00f1as de seguridad p\u00fablica, DAN recopila, analiza e interpreta datos sobre incidentes de buceo y los presenta en formatos \u00fatiles para los buzos. A la hora de mejorar la gesti\u00f3n de riesgos y de reducir la cantidad de incidentes, es fundamental comprender los diversos factores relevantes.<\/p>\n\n\n\n<div style=\"height:30px\" aria-hidden=\"true\" class=\"wp-block-spacer\"><\/div>\n\n\n\n<hr class=\"wp-block-separator has-text-color has-background has-dan-light-gray-background-color has-dan-light-gray-color\"\/>\n\n\n\n<div style=\"height:30px\" aria-hidden=\"true\" class=\"wp-block-spacer\"><\/div>\n\n\n\n<div class=\"wp-block-columns is-layout-flex wp-container-core-columns-is-layout-9d6595d7 wp-block-columns-is-layout-flex\">\n<div class=\"wp-block-column is-layout-flow wp-block-column-is-layout-flow\">\n<figure class=\"wp-block-image size-large\"><a href=\"https:\/\/world.dan.org\/es\/lionfish-awareness-2\/\"><img loading=\"lazy\" decoding=\"async\" width=\"1024\" height=\"512\" src=\"https:\/\/world.dan.org\/wp-content\/uploads\/2021\/07\/lionfish-1206531597-1024x512-1.jpg\" alt=\"\" class=\"wp-image-17478\" srcset=\"https:\/\/world.dan.org\/wp-content\/uploads\/2021\/07\/lionfish-1206531597-1024x512-1.jpg 1024w, https:\/\/world.dan.org\/wp-content\/uploads\/2021\/07\/lionfish-1206531597-1024x512-1-360x180.jpg 360w, https:\/\/world.dan.org\/wp-content\/uploads\/2021\/07\/lionfish-1206531597-1024x512-1-768x384.jpg 768w, https:\/\/world.dan.org\/wp-content\/uploads\/2021\/07\/lionfish-1206531597-1024x512-1-18x9.jpg 18w\" sizes=\"auto, (max-width: 1024px) 100vw, 1024px\" \/><\/a><\/figure>\n\n\n\n<h3 class=\"has-medium-font-size wp-block-heading\">Campa\u00f1a informativa sobre el pez le\u00f3n<\/h3>\n\n\n\n<p>\u00bfQu\u00e9 deben saber los buzos sobre el pez le\u00f3n?<\/p>\n\n\n\n<p>El pez le\u00f3n (o pez cebra) es la denominaci\u00f3n com\u00fan de un g\u00e9nero de peces venenosos que habitan los arrecifes tropicales. Nativo de la regi\u00f3n hidrogr\u00e1fica Indo-Pac\u00edfico, se ha convertido en una especie invasora en el Atl\u00e1ntico occidental.<\/p>\n\n\n\n<p><a href=\"https:\/\/world.dan.org\/es\/lionfish-awareness-2\/\">M\u00e1s informaci\u00f3n<\/a><\/p>\n<\/div>\n\n\n\n<div class=\"wp-block-column is-layout-flow wp-block-column-is-layout-flow\">\n<figure class=\"wp-block-image size-large\"><a href=\"https:\/\/world.dan.org\/es\/safety-prevention\/diver-safety\/psa\/breathing-gas-contamination\/\"><img loading=\"lazy\" decoding=\"async\" width=\"1024\" height=\"512\" src=\"https:\/\/world.dan.org\/wp-content\/uploads\/2021\/07\/bad-air-IMG_7960-DAN-1024x512-1.jpg\" alt=\"\" class=\"wp-image-17479\" srcset=\"https:\/\/world.dan.org\/wp-content\/uploads\/2021\/07\/bad-air-IMG_7960-DAN-1024x512-1.jpg 1024w, https:\/\/world.dan.org\/wp-content\/uploads\/2021\/07\/bad-air-IMG_7960-DAN-1024x512-1-360x180.jpg 360w, https:\/\/world.dan.org\/wp-content\/uploads\/2021\/07\/bad-air-IMG_7960-DAN-1024x512-1-768x384.jpg 768w, https:\/\/world.dan.org\/wp-content\/uploads\/2021\/07\/bad-air-IMG_7960-DAN-1024x512-1-18x9.jpg 18w\" sizes=\"auto, (max-width: 1024px) 100vw, 1024px\" \/><\/a><\/figure>\n\n\n\n<h3 class=\"has-medium-font-size wp-block-heading\">Contaminaci\u00f3n de los gases de respiraci\u00f3n<\/h3>\n\n\n\n<p>Los efectos sobre la salud de los buzos var\u00edan en funci\u00f3n del contaminante. Los s\u00edntomas m\u00e1s graves por respirar aire contaminado son la alteraci\u00f3n de las facultades mentales y la p\u00e9rdida del conocimiento, que pueden ser mortales bajo el agua.<\/p>\n\n\n\n<p><a href=\"https:\/\/world.dan.org\/es\/safety-prevention\/diver-safety\/psa\/breathing-gas-contamination\/\">M\u00e1s informaci\u00f3n<\/a><\/p>\n<\/div>\n\n\n\n<div class=\"wp-block-column is-layout-flow wp-block-column-is-layout-flow\">\n<figure class=\"wp-block-image size-large\"><img loading=\"lazy\" decoding=\"async\" width=\"1024\" height=\"512\" src=\"https:\/\/world.dan.org\/wp-content\/uploads\/2021\/07\/dive-flag-91778801-1024x512-1.jpg\" alt=\"\" class=\"wp-image-17514\" srcset=\"https:\/\/world.dan.org\/wp-content\/uploads\/2021\/07\/dive-flag-91778801-1024x512-1.jpg 1024w, https:\/\/world.dan.org\/wp-content\/uploads\/2021\/07\/dive-flag-91778801-1024x512-1-360x180.jpg 360w, https:\/\/world.dan.org\/wp-content\/uploads\/2021\/07\/dive-flag-91778801-1024x512-1-768x384.jpg 768w, https:\/\/world.dan.org\/wp-content\/uploads\/2021\/07\/dive-flag-91778801-1024x512-1-18x9.jpg 18w\" sizes=\"auto, (max-width: 1024px) 100vw, 1024px\" \/><\/figure>\n\n\n\n<h3 class=\"has-medium-font-size wp-block-heading\">Pautas de seguridad en embarcaciones<\/h3>\n\n\n\n<p>Para evitar lesiones y muertes por impacto con h\u00e9lices o embarcaciones, los buzos y los navegantes deben estar muy atentos a la presencia de uno y otro. Recuerde consultar las normativas locales antes de zarpar del muelle.<\/p>\n\n\n\n<p><a href=\"https:\/\/world.dan.org\/es\/safety-prevention\/diver-safety\/psa\/safe-boating-guidelines\/\">M\u00e1s informaci\u00f3n<\/a><\/p>\n<\/div>\n<\/div>","protected":false},"excerpt":{"rendered":"<p>Making informed decisions about dive safety requires reliable information. Through our public safety campaigns, DAN collects, analyzes and interprets dive incident data and presents it in formats useful to divers. [&hellip;]<\/p>\n","protected":false},"author":1,"featured_media":17483,"parent":41,"menu_order":189,"comment_status":"closed","ping_status":"closed","template":"","meta":{"_acf_changed":false,"_ef_editorial_meta_date_first-draft-date":"","_ef_editorial_meta_paragraph_assignment":"","_ef_editorial_meta_checkbox_needs-photo":"","_ef_editorial_meta_number_word-count":"","footnotes":""},"class_list":["post-389","page","type-page","status-publish","has-post-thumbnail","hentry"],"acf":[],"yoast_head":"<!-- This site is optimized with the Yoast SEO Premium plugin v27.4 (Yoast SEO v27.4) - https:\/\/yoast.com\/product\/yoast-seo-premium-wordpress\/ -->\n<title>DAN Diver Safety Campaigns - DAN World<\/title>\n<meta name=\"description\" content=\"DAN diver safety campaigns collects, analyzes and interprets dive incident data and presents it in formats useful to divers.\" \/>\n<meta name=\"robots\" content=\"index, follow, max-snippet:-1, max-image-preview:large, max-video-preview:-1\" \/>\n<link rel=\"canonical\" href=\"https:\/\/world.dan.org\/es\/safety-prevention\/diver-safety\/psa\/\" \/>\n<meta property=\"og:locale\" content=\"es_MX\" \/>\n<meta property=\"og:type\" content=\"article\" \/>\n<meta property=\"og:title\" content=\"DAN Diver Safety Campaigns\" \/>\n<meta property=\"og:description\" content=\"Making informed decisions about dive safety requires reliable information. Through our public safety campaigns, DAN collects, analyzes and interprets dive incident data and presents it in formats useful to divers.\" \/>\n<meta property=\"og:url\" content=\"https:\/\/world.dan.org\/es\/safety-prevention\/diver-safety\/psa\/\" \/>\n<meta property=\"og:site_name\" content=\"DAN World\" \/>\n<meta property=\"article:modified_time\" content=\"2022-07-06T14:16:12+00:00\" \/>\n<meta property=\"og:image\" content=\"https:\/\/world.dan.org\/wp-content\/uploads\/2021\/07\/diver-safety-campaign-172439194-DAN-1200x600-1.jpg\" \/>\n\t<meta property=\"og:image:width\" content=\"1200\" \/>\n\t<meta property=\"og:image:height\" content=\"600\" \/>\n\t<meta property=\"og:image:type\" content=\"image\/jpeg\" \/>\n<meta name=\"twitter:card\" content=\"summary_large_image\" \/>\n<meta name=\"twitter:title\" content=\"DAN Diver Safety Campaigns\" \/>\n<meta name=\"twitter:description\" content=\"Making informed decisions about dive safety requires reliable information. Through our public safety campaigns, DAN collects, analyzes and interprets dive incident data and presents it in formats useful to divers.\" \/>\n<meta name=\"twitter:image\" content=\"https:\/\/world.dan.org\/wp-content\/uploads\/2021\/07\/diver-safety-campaign-172439194-DAN-1200x600-1.jpg\" \/>\n<meta name=\"twitter:label1\" content=\"Est. reading time\" \/>\n\t<meta name=\"twitter:data1\" content=\"2 minutes\" \/>\n<script type=\"application\/ld+json\" class=\"yoast-schema-graph\">{\"@context\":\"https:\\\/\\\/schema.org\",\"@graph\":[{\"@type\":\"WebPage\",\"@id\":\"https:\\\/\\\/world.dan.org\\\/safety-prevention\\\/diver-safety\\\/psa\\\/\",\"url\":\"https:\\\/\\\/world.dan.org\\\/safety-prevention\\\/diver-safety\\\/psa\\\/\",\"name\":\"DAN Diver Safety Campaigns - DAN World\",\"isPartOf\":{\"@id\":\"https:\\\/\\\/world.dan.org\\\/es\\\/#website\"},\"primaryImageOfPage\":{\"@id\":\"https:\\\/\\\/world.dan.org\\\/safety-prevention\\\/diver-safety\\\/psa\\\/#primaryimage\"},\"image\":{\"@id\":\"https:\\\/\\\/world.dan.org\\\/safety-prevention\\\/diver-safety\\\/psa\\\/#primaryimage\"},\"thumbnailUrl\":\"https:\\\/\\\/world.dan.org\\\/wp-content\\\/uploads\\\/2021\\\/07\\\/diver-safety-campaign-172439194-DAN-1200x600-1.jpg\",\"datePublished\":\"2020-05-12T14:10:54+00:00\",\"dateModified\":\"2022-07-06T14:16:12+00:00\",\"description\":\"DAN diver safety campaigns collects, analyzes and interprets dive incident data and presents it in formats useful to divers.\",\"breadcrumb\":{\"@id\":\"https:\\\/\\\/world.dan.org\\\/safety-prevention\\\/diver-safety\\\/psa\\\/#breadcrumb\"},\"inLanguage\":\"es-MX\",\"potentialAction\":[{\"@type\":\"ReadAction\",\"target\":[\"https:\\\/\\\/world.dan.org\\\/safety-prevention\\\/diver-safety\\\/psa\\\/\"]}]},{\"@type\":\"ImageObject\",\"inLanguage\":\"es-MX\",\"@id\":\"https:\\\/\\\/world.dan.org\\\/safety-prevention\\\/diver-safety\\\/psa\\\/#primaryimage\",\"url\":\"https:\\\/\\\/world.dan.org\\\/wp-content\\\/uploads\\\/2021\\\/07\\\/diver-safety-campaign-172439194-DAN-1200x600-1.jpg\",\"contentUrl\":\"https:\\\/\\\/world.dan.org\\\/wp-content\\\/uploads\\\/2021\\\/07\\\/diver-safety-campaign-172439194-DAN-1200x600-1.jpg\",\"width\":1200,\"height\":600,\"caption\":\"Dive master training a couple for first dive in a tropical turquoise island beach. Travel, relaxing and leisure related themes for vacations in the Caribbean. Image taken at Los Roques, Venezuela. Los Roques is an archipelago or group of small islands located at 80 miles north of the Venezuelan coastline and a very popular destination for leisure, diving, kite surfing and all king of water activities. Los Roques and the beauty of the turquoise coastal beaches of Venezuela are almost indistinguishable from those of the Bahamas, French Polynesia, Malau, Hawaii, Cancun, Costa Rica, Florida, Maldives, Cuba, Fiji, Bora Bora, Puerto Rico, Honduras, or other tropical vacation travel destinations.\"},{\"@type\":\"BreadcrumbList\",\"@id\":\"https:\\\/\\\/world.dan.org\\\/safety-prevention\\\/diver-safety\\\/psa\\\/#breadcrumb\",\"itemListElement\":[{\"@type\":\"ListItem\",\"position\":1,\"name\":\"Home\",\"item\":\"https:\\\/\\\/world.dan.org\\\/\"},{\"@type\":\"ListItem\",\"position\":2,\"name\":\"Safety &#038; Prevention\",\"item\":\"https:\\\/\\\/world.dan.org\\\/safety-prevention\\\/\"},{\"@type\":\"ListItem\",\"position\":3,\"name\":\"Diver Safety\",\"item\":\"https:\\\/\\\/world.dan.org\\\/safety-prevention\\\/diver-safety\\\/\"},{\"@type\":\"ListItem\",\"position\":4,\"name\":\"DAN Diver Safety Campaigns\"}]},{\"@type\":\"WebSite\",\"@id\":\"https:\\\/\\\/world.dan.org\\\/es\\\/#website\",\"url\":\"https:\\\/\\\/world.dan.org\\\/es\\\/\",\"name\":\"DAN World\",\"description\":\"\",\"publisher\":{\"@id\":\"https:\\\/\\\/world.dan.org\\\/es\\\/#organization\"},\"potentialAction\":[{\"@type\":\"SearchAction\",\"target\":{\"@type\":\"EntryPoint\",\"urlTemplate\":\"https:\\\/\\\/world.dan.org\\\/es\\\/?s={search_term_string}\"},\"query-input\":{\"@type\":\"PropertyValueSpecification\",\"valueRequired\":true,\"valueName\":\"search_term_string\"}}],\"inLanguage\":\"es-MX\"},{\"@type\":\"Organization\",\"@id\":\"https:\\\/\\\/world.dan.org\\\/es\\\/#organization\",\"name\":\"DAN World\",\"url\":\"https:\\\/\\\/world.dan.org\\\/es\\\/\",\"logo\":{\"@type\":\"ImageObject\",\"inLanguage\":\"es-MX\",\"@id\":\"https:\\\/\\\/world.dan.org\\\/es\\\/#\\\/schema\\\/logo\\\/image\\\/\",\"url\":\"https:\\\/\\\/world.dan.org\\\/wp-content\\\/uploads\\\/2022\\\/04\\\/DAN-World-logo-sm-52px.svg\",\"contentUrl\":\"https:\\\/\\\/world.dan.org\\\/wp-content\\\/uploads\\\/2022\\\/04\\\/DAN-World-logo-sm-52px.svg\",\"width\":175,\"height\":52,\"caption\":\"DAN World\"},\"image\":{\"@id\":\"https:\\\/\\\/world.dan.org\\\/es\\\/#\\\/schema\\\/logo\\\/image\\\/\"}}]}<\/script>\n<!-- \/ Yoast SEO Premium plugin. -->","yoast_head_json":{"title":"Campa\u00f1as de seguridad DAN Diver - DAN World","description":"Las campa\u00f1as de seguridad de buceadores de DAN recopilan, analizan e interpretan datos sobre incidentes de buceo y los presentan en formatos \u00fatiles para los buceadores.","robots":{"index":"index","follow":"follow","max-snippet":"max-snippet:-1","max-image-preview":"max-image-preview:large","max-video-preview":"max-video-preview:-1"},"canonical":"https:\/\/world.dan.org\/es\/safety-prevention\/diver-safety\/psa\/","og_locale":"es_MX","og_type":"article","og_title":"DAN Diver Safety Campaigns","og_description":"Making informed decisions about dive safety requires reliable information. Through our public safety campaigns, DAN collects, analyzes and interprets dive incident data and presents it in formats useful to divers.","og_url":"https:\/\/world.dan.org\/es\/safety-prevention\/diver-safety\/psa\/","og_site_name":"DAN World","article_modified_time":"2022-07-06T14:16:12+00:00","og_image":[{"width":1200,"height":600,"url":"https:\/\/world.dan.org\/wp-content\/uploads\/2021\/07\/diver-safety-campaign-172439194-DAN-1200x600-1.jpg","type":"image\/jpeg"}],"twitter_card":"summary_large_image","twitter_title":"DAN Diver Safety Campaigns","twitter_description":"Making informed decisions about dive safety requires reliable information. Through our public safety campaigns, DAN collects, analyzes and interprets dive incident data and presents it in formats useful to divers.","twitter_image":"https:\/\/world.dan.org\/wp-content\/uploads\/2021\/07\/diver-safety-campaign-172439194-DAN-1200x600-1.jpg","twitter_misc":{"Est. reading time":"2 minutes"},"schema":{"@context":"https:\/\/schema.org","@graph":[{"@type":"WebPage","@id":"https:\/\/world.dan.org\/safety-prevention\/diver-safety\/psa\/","url":"https:\/\/world.dan.org\/safety-prevention\/diver-safety\/psa\/","name":"Campa\u00f1as de seguridad DAN Diver - DAN World","isPartOf":{"@id":"https:\/\/world.dan.org\/es\/#website"},"primaryImageOfPage":{"@id":"https:\/\/world.dan.org\/safety-prevention\/diver-safety\/psa\/#primaryimage"},"image":{"@id":"https:\/\/world.dan.org\/safety-prevention\/diver-safety\/psa\/#primaryimage"},"thumbnailUrl":"https:\/\/world.dan.org\/wp-content\/uploads\/2021\/07\/diver-safety-campaign-172439194-DAN-1200x600-1.jpg","datePublished":"2020-05-12T14:10:54+00:00","dateModified":"2022-07-06T14:16:12+00:00","description":"Las campa\u00f1as de seguridad de buceadores de DAN recopilan, analizan e interpretan datos sobre incidentes de buceo y los presentan en formatos \u00fatiles para los buceadores.","breadcrumb":{"@id":"https:\/\/world.dan.org\/safety-prevention\/diver-safety\/psa\/#breadcrumb"},"inLanguage":"es-MX","potentialAction":[{"@type":"ReadAction","target":["https:\/\/world.dan.org\/safety-prevention\/diver-safety\/psa\/"]}]},{"@type":"ImageObject","inLanguage":"es-MX","@id":"https:\/\/world.dan.org\/safety-prevention\/diver-safety\/psa\/#primaryimage","url":"https:\/\/world.dan.org\/wp-content\/uploads\/2021\/07\/diver-safety-campaign-172439194-DAN-1200x600-1.jpg","contentUrl":"https:\/\/world.dan.org\/wp-content\/uploads\/2021\/07\/diver-safety-campaign-172439194-DAN-1200x600-1.jpg","width":1200,"height":600,"caption":"Dive master training a couple for first dive in a tropical turquoise island beach. Travel, relaxing and leisure related themes for vacations in the Caribbean. Image taken at Los Roques, Venezuela. Los Roques is an archipelago or group of small islands located at 80 miles north of the Venezuelan coastline and a very popular destination for leisure, diving, kite surfing and all king of water activities. Los Roques and the beauty of the turquoise coastal beaches of Venezuela are almost indistinguishable from those of the Bahamas, French Polynesia, Malau, Hawaii, Cancun, Costa Rica, Florida, Maldives, Cuba, Fiji, Bora Bora, Puerto Rico, Honduras, or other tropical vacation travel destinations."},{"@type":"BreadcrumbList","@id":"https:\/\/world.dan.org\/safety-prevention\/diver-safety\/psa\/#breadcrumb","itemListElement":[{"@type":"ListItem","position":1,"name":"Home","item":"https:\/\/world.dan.org\/"},{"@type":"ListItem","position":2,"name":"Safety &#038; Prevention","item":"https:\/\/world.dan.org\/safety-prevention\/"},{"@type":"ListItem","position":3,"name":"Diver Safety","item":"https:\/\/world.dan.org\/safety-prevention\/diver-safety\/"},{"@type":"ListItem","position":4,"name":"DAN Diver Safety Campaigns"}]},{"@type":"WebSite","@id":"https:\/\/world.dan.org\/es\/#website","url":"https:\/\/world.dan.org\/es\/","name":"DAN World","description":"","publisher":{"@id":"https:\/\/world.dan.org\/es\/#organization"},"potentialAction":[{"@type":"SearchAction","target":{"@type":"EntryPoint","urlTemplate":"https:\/\/world.dan.org\/es\/?s={search_term_string}"},"query-input":{"@type":"PropertyValueSpecification","valueRequired":true,"valueName":"search_term_string"}}],"inLanguage":"es-MX"},{"@type":"Organization","@id":"https:\/\/world.dan.org\/es\/#organization","name":"DAN World","url":"https:\/\/world.dan.org\/es\/","logo":{"@type":"ImageObject","inLanguage":"es-MX","@id":"https:\/\/world.dan.org\/es\/#\/schema\/logo\/image\/","url":"https:\/\/world.dan.org\/wp-content\/uploads\/2022\/04\/DAN-World-logo-sm-52px.svg","contentUrl":"https:\/\/world.dan.org\/wp-content\/uploads\/2022\/04\/DAN-World-logo-sm-52px.svg","width":175,"height":52,"caption":"DAN World"},"image":{"@id":"https:\/\/world.dan.org\/es\/#\/schema\/logo\/image\/"}}]}},"_links":{"self":[{"href":"https:\/\/world.dan.org\/es\/wp-json\/wp\/v2\/pages\/389","targetHints":{"allow":["GET"]}}],"collection":[{"href":"https:\/\/world.dan.org\/es\/wp-json\/wp\/v2\/pages"}],"about":[{"href":"https:\/\/world.dan.org\/es\/wp-json\/wp\/v2\/types\/page"}],"author":[{"embeddable":true,"href":"https:\/\/world.dan.org\/es\/wp-json\/wp\/v2\/users\/1"}],"replies":[{"embeddable":true,"href":"https:\/\/world.dan.org\/es\/wp-json\/wp\/v2\/comments?post=389"}],"version-history":[{"count":0,"href":"https:\/\/world.dan.org\/es\/wp-json\/wp\/v2\/pages\/389\/revisions"}],"up":[{"embeddable":true,"href":"https:\/\/world.dan.org\/es\/wp-json\/wp\/v2\/pages\/41"}],"wp:featuredmedia":[{"embeddable":true,"href":"https:\/\/world.dan.org\/es\/wp-json\/wp\/v2\/media\/17483"}],"wp:attachment":[{"href":"https:\/\/world.dan.org\/es\/wp-json\/wp\/v2\/media?parent=389"}],"curies":[{"name":"wp","href":"https:\/\/api.w.org\/{rel}","templated":true}]}}