{"id":39,"date":"2020-03-27T17:59:50","date_gmt":"2020-03-27T21:59:50","guid":{"rendered":"https:\/\/dan.devhammer.com\/?page_id=39"},"modified":"2022-06-16T17:25:57","modified_gmt":"2022-06-16T21:25:57","slug":"medical-services","status":"publish","type":"page","link":"https:\/\/world.dan.org\/es\/health-medicine\/medical-services\/","title":{"rendered":"Servicios m\u00e9dicos"},"content":{"rendered":"<div style=\"height:50px\" aria-hidden=\"true\" class=\"wp-block-spacer\"><\/div>\n\n\n\n<p>Los servicios m\u00e9dicos de DAN se encuentran disponibles para buzos, profesionales del buceo y proveedores de atenci\u00f3n de la salud. Ofrecemos formaci\u00f3n continua para profesionales de la salud, una l\u00ednea de emergencias, informaci\u00f3n, consultas con m\u00e9dicos, programas educativos y una red mundial de derivaci\u00f3n de m\u00e9dicos que atienden o eval\u00faan a buzos. <\/p>\n\n\n\n<p>En la l\u00ednea de emergencias de DAN trabaja un equipo de m\u00e9dicos, enfermeras, param\u00e9dicos y t\u00e9cnicos en emergencias m\u00e9dicas que est\u00e1n de guardia las 24 horas del d\u00eda, los 365 d\u00edas del a\u00f1o para brindar informaci\u00f3n, coordinar la atenci\u00f3n y ayudar a llevar a cabo traslados m\u00e9dicos.<\/p>\n\n\n\n<div style=\"height:50px\" aria-hidden=\"true\" class=\"wp-block-spacer\"><\/div>\n\n\n\n<hr class=\"wp-block-separator has-text-color has-background has-dan-light-gray-background-color has-dan-light-gray-color\"\/>\n\n\n\n<div style=\"height:30px\" aria-hidden=\"true\" class=\"wp-block-spacer\"><\/div>\n\n\n\n<div class=\"wp-block-columns is-layout-flex wp-container-core-columns-is-layout-9d6595d7 wp-block-columns-is-layout-flex\">\n<div class=\"wp-block-column is-layout-flow wp-block-column-is-layout-flow\">\n<figure class=\"wp-block-image size-large\"><a href=\"https:\/\/world.dan.org\/es\/health-medicine\/medical-services\/emergency-assistance\/\"><img loading=\"lazy\" decoding=\"async\" width=\"1024\" height=\"512\" src=\"https:\/\/world.dan.org\/wp-content\/uploads\/2021\/06\/emergency-assistance-512768734-1024x512-1.jpg\" alt=\"\" class=\"wp-image-17430\" srcset=\"https:\/\/world.dan.org\/wp-content\/uploads\/2021\/06\/emergency-assistance-512768734-1024x512-1.jpg 1024w, https:\/\/world.dan.org\/wp-content\/uploads\/2021\/06\/emergency-assistance-512768734-1024x512-1-360x180.jpg 360w, https:\/\/world.dan.org\/wp-content\/uploads\/2021\/06\/emergency-assistance-512768734-1024x512-1-768x384.jpg 768w, https:\/\/world.dan.org\/wp-content\/uploads\/2021\/06\/emergency-assistance-512768734-1024x512-1-18x9.jpg 18w\" sizes=\"auto, (max-width: 1024px) 100vw, 1024px\" \/><\/a><\/figure>\n\n\n\n<h2 class=\"has-dan-black-color has-text-color has-medium-font-size wp-block-heading translation-block\">Asistencia en emergencias<\/h2>\n\n\n\n<p>DAN estar\u00e1 aqu\u00ed cuando m\u00e1s lo necesite. Coordinamos evacuaciones de emergencia y cubrimos los costos (hasta USD 150.000 por persona). Todos los miembros de DAN tienen derecho a estos servicios de emergencia, as\u00ed como a asistencia m\u00e9dica, legal, personal y de viajes.<\/p>\n\n\n\n<p><a href=\"https:\/\/world.dan.org\/es\/health-medicine\/medical-services\/emergency-assistance\/\">M\u00e1s informaci\u00f3n<\/a><\/p>\n<\/div>\n\n\n\n<div class=\"wp-block-column is-layout-flow wp-block-column-is-layout-flow\">\n<figure class=\"wp-block-image size-large\"><a href=\"https:\/\/world.dan.org\/es\/health-medicine\/ask-a-medic\/\"><img loading=\"lazy\" decoding=\"async\" width=\"1024\" height=\"512\" src=\"https:\/\/world.dan.org\/wp-content\/uploads\/2021\/06\/ask-medic-1197649993-DAN-1024x512-1.jpg\" alt=\"\" class=\"wp-image-17428\" srcset=\"https:\/\/world.dan.org\/wp-content\/uploads\/2021\/06\/ask-medic-1197649993-DAN-1024x512-1.jpg 1024w, https:\/\/world.dan.org\/wp-content\/uploads\/2021\/06\/ask-medic-1197649993-DAN-1024x512-1-360x180.jpg 360w, https:\/\/world.dan.org\/wp-content\/uploads\/2021\/06\/ask-medic-1197649993-DAN-1024x512-1-768x384.jpg 768w, https:\/\/world.dan.org\/wp-content\/uploads\/2021\/06\/ask-medic-1197649993-DAN-1024x512-1-18x9.jpg 18w\" sizes=\"auto, (max-width: 1024px) 100vw, 1024px\" \/><\/a><\/figure>\n\n\n\n<h2 class=\"has-dan-black-color has-text-color has-medium-font-size wp-block-heading translation-block\">Consulte a un m\u00e9dico<\/h2>\n\n\n\n<p>Adem\u00e1s de atender la l\u00ednea de emergencias de DAN, nuestros m\u00e9dicos est\u00e1n disponibles durante el horario de atenci\u00f3n normal para responder sus preguntas sobre medicina del buceo y aptitud m\u00e9dica para bucear. Nuestro equipo de m\u00e9dicos, enfermeras, param\u00e9dicos y t\u00e9cnicos en emergencias m\u00e9dicas ofrece informaci\u00f3n m\u00e9dica, derivaciones, asistencia para la evacuaci\u00f3n y m\u00e1s por tel\u00e9fono, correo electr\u00f3nico y nuestra p\u00e1gina DAN.org.<\/p>\n\n\n\n<p><a href=\"https:\/\/world.dan.org\/es\/health-medicine\/ask-a-medic\/\">M\u00e1s informaci\u00f3n<\/a><\/p>\n<\/div>\n\n\n\n<div class=\"wp-block-column is-layout-flow wp-block-column-is-layout-flow\">\n<figure class=\"wp-block-image size-large\"><a href=\"https:\/\/world.dan.org\/es\/health-medicine\/physician-network\/\"><img loading=\"lazy\" decoding=\"async\" width=\"1024\" height=\"512\" src=\"https:\/\/world.dan.org\/wp-content\/uploads\/2021\/06\/physician-network-1215908851-1024x512-1.jpg\" alt=\"\" class=\"wp-image-17429\" srcset=\"https:\/\/world.dan.org\/wp-content\/uploads\/2021\/06\/physician-network-1215908851-1024x512-1.jpg 1024w, https:\/\/world.dan.org\/wp-content\/uploads\/2021\/06\/physician-network-1215908851-1024x512-1-360x180.jpg 360w, https:\/\/world.dan.org\/wp-content\/uploads\/2021\/06\/physician-network-1215908851-1024x512-1-768x384.jpg 768w, https:\/\/world.dan.org\/wp-content\/uploads\/2021\/06\/physician-network-1215908851-1024x512-1-18x9.jpg 18w\" sizes=\"auto, (max-width: 1024px) 100vw, 1024px\" \/><\/a><\/figure>\n\n\n\n<h2 class=\"has-dan-black-color has-text-color has-medium-font-size wp-block-heading\">Red de derivaci\u00f3n de m\u00e9dicos<\/h2>\n\n\n\n<p>DAN cuenta con una red mundial de m\u00e9dicos que atienden a la comunidad del buceo. Si busca un m\u00e9dico para un examen de aptitud f\u00edsica para bucear o quiere hacer una consulta con un especialista en medicina del buceo de su zona, ll\u00e1menos.<\/p>\n\n\n\n<p><a href=\"https:\/\/world.dan.org\/es\/health-medicine\/physician-network\/\">M\u00e1s informaci\u00f3n<\/a><\/p>\n<\/div>\n<\/div>\n\n\n\n<div style=\"height:30px\" aria-hidden=\"true\" class=\"wp-block-spacer\"><\/div>","protected":false},"excerpt":{"rendered":"<p>Los servicios m\u00e9dicos de DAN est\u00e1n a disposici\u00f3n de buceadores, profesionales del buceo y proveedores de asistencia sanitaria. Ofrecemos formaci\u00f3n m\u00e9dica, una l\u00ednea de emergencia, informaci\u00f3n m\u00e9dica, consultas m\u00e9dicas, programas educativos y una red mundial de m\u00e9dicos que tratan o eval\u00faan a buceadores. <\/p>","protected":false},"author":14,"featured_media":17433,"parent":21,"menu_order":121,"comment_status":"closed","ping_status":"closed","template":"","meta":{"_acf_changed":false,"_ef_editorial_meta_date_first-draft-date":"","_ef_editorial_meta_paragraph_assignment":"","_ef_editorial_meta_checkbox_needs-photo":"","_ef_editorial_meta_number_word-count":"","footnotes":""},"class_list":["post-39","page","type-page","status-publish","has-post-thumbnail","hentry"],"acf":[],"yoast_head":"<!-- This site is optimized with the Yoast SEO Premium plugin v27.4 (Yoast SEO v27.4) - https:\/\/yoast.com\/product\/yoast-seo-premium-wordpress\/ -->\n<title>Medical Services - DAN World<\/title>\n<meta name=\"description\" content=\"DAN\u2019s medical services offers emergency service 24 hour hotline, medical consultation services and a physician referral network.\" \/>\n<meta name=\"robots\" content=\"index, follow, max-snippet:-1, max-image-preview:large, max-video-preview:-1\" \/>\n<link rel=\"canonical\" href=\"https:\/\/world.dan.org\/es\/health-medicine\/medical-services\/\" \/>\n<meta property=\"og:locale\" content=\"es_MX\" \/>\n<meta property=\"og:type\" content=\"article\" \/>\n<meta property=\"og:title\" content=\"Medical Services\" \/>\n<meta property=\"og:description\" content=\"DAN\u2019s medical services are available to divers, dive professionals and health care providers.\" \/>\n<meta property=\"og:url\" content=\"https:\/\/world.dan.org\/es\/health-medicine\/medical-services\/\" \/>\n<meta property=\"og:site_name\" content=\"DAN World\" \/>\n<meta property=\"article:modified_time\" content=\"2022-06-16T21:25:57+00:00\" \/>\n<meta property=\"og:image\" content=\"https:\/\/world.dan.org\/wp-content\/uploads\/2021\/06\/medical-services-camillo-DAN-1024x512-1.jpg\" \/>\n\t<meta property=\"og:image:width\" content=\"1024\" \/>\n\t<meta property=\"og:image:height\" content=\"512\" \/>\n\t<meta property=\"og:image:type\" content=\"image\/jpeg\" \/>\n<meta name=\"twitter:card\" content=\"summary_large_image\" \/>\n<meta name=\"twitter:title\" content=\"Medical Services\" \/>\n<meta name=\"twitter:description\" content=\"DAN\u2019s medical services are available to divers, dive professionals and health care providers.\" \/>\n<meta name=\"twitter:image\" content=\"https:\/\/world.dan.org\/wp-content\/uploads\/2021\/06\/medical-services-camillo-DAN-1024x512-1.jpg\" \/>\n<meta name=\"twitter:label1\" content=\"Est. reading time\" \/>\n\t<meta name=\"twitter:data1\" content=\"2 minutes\" \/>\n<script type=\"application\/ld+json\" class=\"yoast-schema-graph\">{\"@context\":\"https:\\\/\\\/schema.org\",\"@graph\":[{\"@type\":\"WebPage\",\"@id\":\"https:\\\/\\\/world.dan.org\\\/fr\\\/health-medicine\\\/medical-services\\\/\",\"url\":\"https:\\\/\\\/world.dan.org\\\/fr\\\/health-medicine\\\/medical-services\\\/\",\"name\":\"Medical Services - DAN World\",\"isPartOf\":{\"@id\":\"https:\\\/\\\/world.dan.org\\\/es\\\/#website\"},\"primaryImageOfPage\":{\"@id\":\"https:\\\/\\\/world.dan.org\\\/fr\\\/health-medicine\\\/medical-services\\\/#primaryimage\"},\"image\":{\"@id\":\"https:\\\/\\\/world.dan.org\\\/fr\\\/health-medicine\\\/medical-services\\\/#primaryimage\"},\"thumbnailUrl\":\"https:\\\/\\\/world.dan.org\\\/wp-content\\\/uploads\\\/2021\\\/06\\\/medical-services-camillo-DAN-1200x600-1.jpg\",\"datePublished\":\"2020-03-27T21:59:50+00:00\",\"dateModified\":\"2022-06-16T21:25:57+00:00\",\"description\":\"DAN\u2019s medical services offers emergency service 24 hour hotline, medical consultation services and a physician referral network.\",\"breadcrumb\":{\"@id\":\"https:\\\/\\\/world.dan.org\\\/fr\\\/health-medicine\\\/medical-services\\\/#breadcrumb\"},\"inLanguage\":\"es-MX\",\"potentialAction\":[{\"@type\":\"ReadAction\",\"target\":[\"https:\\\/\\\/world.dan.org\\\/fr\\\/health-medicine\\\/medical-services\\\/\"]}]},{\"@type\":\"ImageObject\",\"inLanguage\":\"es-MX\",\"@id\":\"https:\\\/\\\/world.dan.org\\\/fr\\\/health-medicine\\\/medical-services\\\/#primaryimage\",\"url\":\"https:\\\/\\\/world.dan.org\\\/wp-content\\\/uploads\\\/2021\\\/06\\\/medical-services-camillo-DAN-1200x600-1.jpg\",\"contentUrl\":\"https:\\\/\\\/world.dan.org\\\/wp-content\\\/uploads\\\/2021\\\/06\\\/medical-services-camillo-DAN-1200x600-1.jpg\",\"width\":1200,\"height\":600},{\"@type\":\"BreadcrumbList\",\"@id\":\"https:\\\/\\\/world.dan.org\\\/fr\\\/health-medicine\\\/medical-services\\\/#breadcrumb\",\"itemListElement\":[{\"@type\":\"ListItem\",\"position\":1,\"name\":\"Home\",\"item\":\"https:\\\/\\\/world.dan.org\\\/\"},{\"@type\":\"ListItem\",\"position\":2,\"name\":\"Health &amp; Medicine\",\"item\":\"https:\\\/\\\/world.dan.org\\\/health-medicine\\\/\"},{\"@type\":\"ListItem\",\"position\":3,\"name\":\"Medical Services\"}]},{\"@type\":\"WebSite\",\"@id\":\"https:\\\/\\\/world.dan.org\\\/es\\\/#website\",\"url\":\"https:\\\/\\\/world.dan.org\\\/es\\\/\",\"name\":\"DAN World\",\"description\":\"\",\"publisher\":{\"@id\":\"https:\\\/\\\/world.dan.org\\\/es\\\/#organization\"},\"potentialAction\":[{\"@type\":\"SearchAction\",\"target\":{\"@type\":\"EntryPoint\",\"urlTemplate\":\"https:\\\/\\\/world.dan.org\\\/es\\\/?s={search_term_string}\"},\"query-input\":{\"@type\":\"PropertyValueSpecification\",\"valueRequired\":true,\"valueName\":\"search_term_string\"}}],\"inLanguage\":\"es-MX\"},{\"@type\":\"Organization\",\"@id\":\"https:\\\/\\\/world.dan.org\\\/es\\\/#organization\",\"name\":\"DAN World\",\"url\":\"https:\\\/\\\/world.dan.org\\\/es\\\/\",\"logo\":{\"@type\":\"ImageObject\",\"inLanguage\":\"es-MX\",\"@id\":\"https:\\\/\\\/world.dan.org\\\/es\\\/#\\\/schema\\\/logo\\\/image\\\/\",\"url\":\"https:\\\/\\\/world.dan.org\\\/wp-content\\\/uploads\\\/2022\\\/04\\\/DAN-World-logo-sm-52px.svg\",\"contentUrl\":\"https:\\\/\\\/world.dan.org\\\/wp-content\\\/uploads\\\/2022\\\/04\\\/DAN-World-logo-sm-52px.svg\",\"width\":175,\"height\":52,\"caption\":\"DAN World\"},\"image\":{\"@id\":\"https:\\\/\\\/world.dan.org\\\/es\\\/#\\\/schema\\\/logo\\\/image\\\/\"}}]}<\/script>\n<!-- \/ Yoast SEO Premium plugin. -->","yoast_head_json":{"title":"Servicios m\u00e9dicos - DAN World","description":"Los servicios m\u00e9dicos de DAN ofrecen un servicio de urgencias 24 horas, servicios de consulta m\u00e9dica y una red de m\u00e9dicos de referencia.","robots":{"index":"index","follow":"follow","max-snippet":"max-snippet:-1","max-image-preview":"max-image-preview:large","max-video-preview":"max-video-preview:-1"},"canonical":"https:\/\/world.dan.org\/es\/health-medicine\/medical-services\/","og_locale":"es_MX","og_type":"article","og_title":"Medical Services","og_description":"DAN\u2019s medical services are available to divers, dive professionals and health care providers.","og_url":"https:\/\/world.dan.org\/es\/health-medicine\/medical-services\/","og_site_name":"DAN World","article_modified_time":"2022-06-16T21:25:57+00:00","og_image":[{"width":1024,"height":512,"url":"https:\/\/world.dan.org\/wp-content\/uploads\/2021\/06\/medical-services-camillo-DAN-1024x512-1.jpg","type":"image\/jpeg"}],"twitter_card":"summary_large_image","twitter_title":"Medical Services","twitter_description":"DAN\u2019s medical services are available to divers, dive professionals and health care providers.","twitter_image":"https:\/\/world.dan.org\/wp-content\/uploads\/2021\/06\/medical-services-camillo-DAN-1024x512-1.jpg","twitter_misc":{"Est. reading time":"2 minutes"},"schema":{"@context":"https:\/\/schema.org","@graph":[{"@type":"WebPage","@id":"https:\/\/world.dan.org\/fr\/health-medicine\/medical-services\/","url":"https:\/\/world.dan.org\/fr\/health-medicine\/medical-services\/","name":"Servicios m\u00e9dicos - DAN World","isPartOf":{"@id":"https:\/\/world.dan.org\/es\/#website"},"primaryImageOfPage":{"@id":"https:\/\/world.dan.org\/fr\/health-medicine\/medical-services\/#primaryimage"},"image":{"@id":"https:\/\/world.dan.org\/fr\/health-medicine\/medical-services\/#primaryimage"},"thumbnailUrl":"https:\/\/world.dan.org\/wp-content\/uploads\/2021\/06\/medical-services-camillo-DAN-1200x600-1.jpg","datePublished":"2020-03-27T21:59:50+00:00","dateModified":"2022-06-16T21:25:57+00:00","description":"Los servicios m\u00e9dicos de DAN ofrecen un servicio de urgencias 24 horas, servicios de consulta m\u00e9dica y una red de m\u00e9dicos de referencia.","breadcrumb":{"@id":"https:\/\/world.dan.org\/fr\/health-medicine\/medical-services\/#breadcrumb"},"inLanguage":"es-MX","potentialAction":[{"@type":"ReadAction","target":["https:\/\/world.dan.org\/fr\/health-medicine\/medical-services\/"]}]},{"@type":"ImageObject","inLanguage":"es-MX","@id":"https:\/\/world.dan.org\/fr\/health-medicine\/medical-services\/#primaryimage","url":"https:\/\/world.dan.org\/wp-content\/uploads\/2021\/06\/medical-services-camillo-DAN-1200x600-1.jpg","contentUrl":"https:\/\/world.dan.org\/wp-content\/uploads\/2021\/06\/medical-services-camillo-DAN-1200x600-1.jpg","width":1200,"height":600},{"@type":"BreadcrumbList","@id":"https:\/\/world.dan.org\/fr\/health-medicine\/medical-services\/#breadcrumb","itemListElement":[{"@type":"ListItem","position":1,"name":"Home","item":"https:\/\/world.dan.org\/"},{"@type":"ListItem","position":2,"name":"Health &amp; Medicine","item":"https:\/\/world.dan.org\/health-medicine\/"},{"@type":"ListItem","position":3,"name":"Medical Services"}]},{"@type":"WebSite","@id":"https:\/\/world.dan.org\/es\/#website","url":"https:\/\/world.dan.org\/es\/","name":"DAN World","description":"","publisher":{"@id":"https:\/\/world.dan.org\/es\/#organization"},"potentialAction":[{"@type":"SearchAction","target":{"@type":"EntryPoint","urlTemplate":"https:\/\/world.dan.org\/es\/?s={search_term_string}"},"query-input":{"@type":"PropertyValueSpecification","valueRequired":true,"valueName":"search_term_string"}}],"inLanguage":"es-MX"},{"@type":"Organization","@id":"https:\/\/world.dan.org\/es\/#organization","name":"DAN World","url":"https:\/\/world.dan.org\/es\/","logo":{"@type":"ImageObject","inLanguage":"es-MX","@id":"https:\/\/world.dan.org\/es\/#\/schema\/logo\/image\/","url":"https:\/\/world.dan.org\/wp-content\/uploads\/2022\/04\/DAN-World-logo-sm-52px.svg","contentUrl":"https:\/\/world.dan.org\/wp-content\/uploads\/2022\/04\/DAN-World-logo-sm-52px.svg","width":175,"height":52,"caption":"DAN World"},"image":{"@id":"https:\/\/world.dan.org\/es\/#\/schema\/logo\/image\/"}}]}},"_links":{"self":[{"href":"https:\/\/world.dan.org\/es\/wp-json\/wp\/v2\/pages\/39","targetHints":{"allow":["GET"]}}],"collection":[{"href":"https:\/\/world.dan.org\/es\/wp-json\/wp\/v2\/pages"}],"about":[{"href":"https:\/\/world.dan.org\/es\/wp-json\/wp\/v2\/types\/page"}],"author":[{"embeddable":true,"href":"https:\/\/world.dan.org\/es\/wp-json\/wp\/v2\/users\/14"}],"replies":[{"embeddable":true,"href":"https:\/\/world.dan.org\/es\/wp-json\/wp\/v2\/comments?post=39"}],"version-history":[{"count":0,"href":"https:\/\/world.dan.org\/es\/wp-json\/wp\/v2\/pages\/39\/revisions"}],"up":[{"embeddable":true,"href":"https:\/\/world.dan.org\/es\/wp-json\/wp\/v2\/pages\/21"}],"wp:featuredmedia":[{"embeddable":true,"href":"https:\/\/world.dan.org\/es\/wp-json\/wp\/v2\/media\/17433"}],"wp:attachment":[{"href":"https:\/\/world.dan.org\/es\/wp-json\/wp\/v2\/media?parent=39"}],"curies":[{"name":"wp","href":"https:\/\/api.w.org\/{rel}","templated":true}]}}