{"id":41,"date":"2020-03-27T18:00:25","date_gmt":"2020-03-27T22:00:25","guid":{"rendered":"https:\/\/dan.devhammer.com\/?page_id=41"},"modified":"2023-08-25T14:06:31","modified_gmt":"2023-08-25T18:06:31","slug":"diver-safety","status":"publish","type":"page","link":"https:\/\/world.dan.org\/es\/safety-prevention\/diver-safety\/","title":{"rendered":"Seguridad del buceador"},"content":{"rendered":"<div style=\"height:30px\" aria-hidden=\"true\" class=\"wp-block-spacer\"><\/div>\n\n\n\n<p>Con la seguridad de los buceadores a la vanguardia, DAN ofrece recursos sobre una amplia gama de temas. Estos recursos brindan la informaci\u00f3n que necesita para tomar decisiones acertadas y mantenerse seguro antes, durante y despu\u00e9s de las inmersiones. Los estudios de casos cubren escenarios de la vida real y sus resultados, lo que permite a los buzos reflexionar y analizar diversas situaciones. El Blog de buceo proporciona informaci\u00f3n concisa y relevante sobre temas espec\u00edficos. Y a trav\u00e9s de nuestras campa\u00f1as de seguridad p\u00fablica recopilamos, analizamos e interpretamos datos de incidentes de buceo y los presentamos de manera accesible para ayudar a los buceadores de todo el mundo a mejorar la gesti\u00f3n de riesgos y reducir los incidentes.<\/p>\n\n\n\n<div style=\"height:50px\" aria-hidden=\"true\" class=\"wp-block-spacer\"><\/div>\n\n\n\n<hr class=\"wp-block-separator has-text-color has-dan-light-gray-color has-css-opacity has-dan-light-gray-background-color has-background\"\/>\n\n\n\n<div style=\"height:50px\" aria-hidden=\"true\" class=\"wp-block-spacer\"><\/div>\n\n\n\n<div class=\"wp-block-columns is-layout-flex wp-container-core-columns-is-layout-9d6595d7 wp-block-columns-is-layout-flex\">\n<div class=\"wp-block-column is-layout-flow wp-block-column-is-layout-flow\">\n<figure class=\"wp-block-image size-large\"><a href=\"https:\/\/world.dan.org\/es\/safety-prevention\/diver-safety\/safe-diving-practices\/\"><img loading=\"lazy\" decoding=\"async\" width=\"600\" height=\"300\" src=\"https:\/\/world.dan.org\/wp-content\/uploads\/2021\/07\/safe-diving-IMG_8564-DAN-600x300-1.jpg\" alt=\"\" class=\"wp-image-17537\" srcset=\"https:\/\/world.dan.org\/wp-content\/uploads\/2021\/07\/safe-diving-IMG_8564-DAN-600x300-1.jpg 600w, https:\/\/world.dan.org\/wp-content\/uploads\/2021\/07\/safe-diving-IMG_8564-DAN-600x300-1-360x180.jpg 360w, https:\/\/world.dan.org\/wp-content\/uploads\/2021\/07\/safe-diving-IMG_8564-DAN-600x300-1-18x9.jpg 18w\" sizes=\"auto, (max-width: 600px) 100vw, 600px\" \/><\/a><\/figure>\n\n\n\n<h3 class=\"wp-block-heading\" id=\"h-safe-diving-practices\" style=\"font-size:24px\">Pr\u00e1cticas seguras de buceo<\/h3>\n\n\n\n<p>Toda operaci\u00f3n de buceo debe tener como base un conjunto de pr\u00e1cticas seguras que se lleven a cabo de manera sistem\u00e1tica hasta convertirse en h\u00e1bito. Para el buzo, aprender sobre las situaciones peligrosas y c\u00f3mo mitigar los riesgos es una destreza invaluable.<\/p>\n\n\n\n<p><a href=\"https:\/\/world.dan.org\/es\/safety-prevention\/diver-safety\/safe-diving-practices\/\">M\u00e1s informaci\u00f3n<\/a><\/p>\n<\/div>\n\n\n\n<div class=\"wp-block-column is-layout-flow wp-block-column-is-layout-flow\">\n<figure class=\"wp-block-image size-large\"><a href=\"https:\/\/world.dan.org\/es\/safety-prevention\/diver-safety\/psa\/\"><img loading=\"lazy\" decoding=\"async\" width=\"600\" height=\"300\" src=\"https:\/\/world.dan.org\/wp-content\/uploads\/2021\/07\/diver-safety-campaign-172439194-DAN-600x300-1.jpg\" alt=\"\" class=\"wp-image-17538\" srcset=\"https:\/\/world.dan.org\/wp-content\/uploads\/2021\/07\/diver-safety-campaign-172439194-DAN-600x300-1.jpg 600w, https:\/\/world.dan.org\/wp-content\/uploads\/2021\/07\/diver-safety-campaign-172439194-DAN-600x300-1-360x180.jpg 360w, https:\/\/world.dan.org\/wp-content\/uploads\/2021\/07\/diver-safety-campaign-172439194-DAN-600x300-1-18x9.jpg 18w\" sizes=\"auto, (max-width: 600px) 100vw, 600px\" \/><\/a><\/figure>\n\n\n\n<h3 class=\"wp-block-heading\" id=\"h-dan-diver-safety-campaigns\" style=\"font-size:24px\">Campa\u00f1as de seguridad en el buceo de DAN<\/h3>\n\n\n\n<p>Para tomar decisiones bien fundamentadas sobre la seguridad en el buceo, es necesario contar con informaci\u00f3n confiable. Mediante nuestras campa\u00f1as de seguridad p\u00fablica, DAN recopila, analiza e interpreta datos sobre incidentes de buceo y los presenta en formatos \u00fatiles para los buzos. <\/p>\n\n\n\n<p><a href=\"https:\/\/world.dan.org\/es\/safety-prevention\/diver-safety\/psa\/\">M\u00e1s informaci\u00f3n<\/a><\/p>\n<\/div>\n<\/div>\n\n\n\n<div style=\"height:30px\" aria-hidden=\"true\" class=\"wp-block-spacer\"><\/div>\n\n\n\n<div class=\"wp-block-columns is-layout-flex wp-container-core-columns-is-layout-9d6595d7 wp-block-columns-is-layout-flex\">\n<div class=\"wp-block-column is-layout-flow wp-block-column-is-layout-flow\">\n<figure class=\"wp-block-image size-large\"><a href=\"https:\/\/world.dan.org\/es\/safety-prevention\/diver-safety\/divers-blog\/\"><img loading=\"lazy\" decoding=\"async\" width=\"600\" height=\"300\" src=\"https:\/\/world.dan.org\/wp-content\/uploads\/2021\/07\/scuba-diver-blog-638510870-DAN-600x300-1.jpg\" alt=\"\" class=\"wp-image-17539\" srcset=\"https:\/\/world.dan.org\/wp-content\/uploads\/2021\/07\/scuba-diver-blog-638510870-DAN-600x300-1.jpg 600w, https:\/\/world.dan.org\/wp-content\/uploads\/2021\/07\/scuba-diver-blog-638510870-DAN-600x300-1-360x180.jpg 360w, https:\/\/world.dan.org\/wp-content\/uploads\/2021\/07\/scuba-diver-blog-638510870-DAN-600x300-1-18x9.jpg 18w\" sizes=\"auto, (max-width: 600px) 100vw, 600px\" \/><\/a><\/figure>\n\n\n\n<h3 class=\"wp-block-heading\" id=\"h-divers-blog\" style=\"font-size:24px\">Blog de buceo<\/h3>\n\n\n\n<p>Con art\u00edculos enfocados en el buzo y que abarcan una amplia gama de temas \u2014desde las implicancias de la COVID-19 hasta c\u00f3mo controlar la diabetes y las tendencias actuales en mitigaci\u00f3n de riesgos y primeros auxilios\u2014, en este blog los buzos pueden hallar la informaci\u00f3n que necesitan para bucear con seguridad.<\/p>\n\n\n\n<p><a href=\"https:\/\/world.dan.org\/es\/safety-prevention\/diver-safety\/divers-blog\/\">M\u00e1s informaci\u00f3n<\/a><\/p>\n<\/div>\n\n\n\n<div class=\"wp-block-column is-layout-flow wp-block-column-is-layout-flow\">\n<figure class=\"wp-block-image size-large\"><a href=\"https:\/\/world.dan.org\/es\/safety-prevention\/diver-safety\/diving-incident-summaries\/\"><img loading=\"lazy\" decoding=\"async\" width=\"600\" height=\"300\" src=\"https:\/\/world.dan.org\/wp-content\/uploads\/2021\/07\/divers-case-summaries-3Q3A7794-DAN-600x300-1.jpg\" alt=\"\" class=\"wp-image-17541\" srcset=\"https:\/\/world.dan.org\/wp-content\/uploads\/2021\/07\/divers-case-summaries-3Q3A7794-DAN-600x300-1.jpg 600w, https:\/\/world.dan.org\/wp-content\/uploads\/2021\/07\/divers-case-summaries-3Q3A7794-DAN-600x300-1-360x180.jpg 360w, https:\/\/world.dan.org\/wp-content\/uploads\/2021\/07\/divers-case-summaries-3Q3A7794-DAN-600x300-1-18x9.jpg 18w\" sizes=\"auto, (max-width: 600px) 100vw, 600px\" \/><\/a><\/figure>\n\n\n\n<h3 class=\"wp-block-heading\" id=\"h-diving-incident-summaries\" style=\"font-size:24px\">Res\u00famenes de incidentes de buceo<\/h3>\n\n\n\n<p>Si bien es crucial reflexionar en nuestros propios errores y contratiempos, no se pierda la oportunidad de aprender de las experiencias de otros buzos. Estos relatos de incidentes y emergencias reales de buceo ofrecen una oportunidad excepcional para mejorar.<\/p>\n\n\n\n<p><a href=\"https:\/\/world.dan.org\/es\/safety-prevention\/diver-safety\/diving-incident-summaries\/\">M\u00e1s informaci\u00f3n<\/a><\/p>\n<\/div>\n\n\n\n<div class=\"wp-block-column is-layout-flow wp-block-column-is-layout-flow\">\n<figure class=\"wp-block-image size-large\"><a href=\"https:\/\/world.dan.org\/es\/health-medicine\/\"><img loading=\"lazy\" decoding=\"async\" width=\"600\" height=\"300\" src=\"https:\/\/world.dan.org\/wp-content\/uploads\/2021\/07\/health-medicine-DAN-600x300-1.jpg\" alt=\"\" class=\"wp-image-17542\" srcset=\"https:\/\/world.dan.org\/wp-content\/uploads\/2021\/07\/health-medicine-DAN-600x300-1.jpg 600w, https:\/\/world.dan.org\/wp-content\/uploads\/2021\/07\/health-medicine-DAN-600x300-1-360x180.jpg 360w, https:\/\/world.dan.org\/wp-content\/uploads\/2021\/07\/health-medicine-DAN-600x300-1-18x9.jpg 18w\" sizes=\"auto, (max-width: 600px) 100vw, 600px\" \/><\/a><\/figure>\n\n\n\n<h3 class=\"wp-block-heading\" id=\"h-health-amp-medicine\" style=\"font-size:24px\">Salud y medicina<\/h3>\n\n\n\n<p>DAN tiene como objetivo brindar informaci\u00f3n m\u00e9dica especializada para el beneficio de toda la comunidad del buceo. Ofrecemos ayuda en tiempo real durante accidentes de buceo y trabajamos para prevenir lesiones y fomentar la seguridad en el buceo.DAN tiene como objetivo brindar informaci\u00f3n m\u00e9dica especializada para el beneficio de toda la comunidad del buceo. Ofrecemos ayuda en tiempo real durante accidentes de buceo y trabajamos para evitar lesiones y fomentar la seguridad en el buceo.<\/p>\n\n\n\n<p><a href=\"https:\/\/world.dan.org\/es\/health-medicine\/\">M\u00e1s informaci\u00f3n<\/a><\/p>\n<\/div>\n<\/div>\n\n\n\n<p><\/p>","protected":false},"excerpt":{"rendered":"<p>With diver safety at the forefront, DAN has resources available on a wide range of topics. These resources provide the information divers need to make informed decisions and to ultimately stay safe before, during and after dives. <\/p>","protected":false},"author":1,"featured_media":17540,"parent":23,"menu_order":58,"comment_status":"closed","ping_status":"closed","template":"","meta":{"_acf_changed":false,"_ef_editorial_meta_date_first-draft-date":"","_ef_editorial_meta_paragraph_assignment":"","_ef_editorial_meta_checkbox_needs-photo":"","_ef_editorial_meta_number_word-count":"","footnotes":""},"class_list":["post-41","page","type-page","status-publish","has-post-thumbnail","hentry"],"acf":[],"yoast_head":"<!-- This site is optimized with the Yoast SEO Premium plugin v27.4 (Yoast SEO v27.4) - https:\/\/yoast.com\/product\/yoast-seo-premium-wordpress\/ -->\n<title>Diver Safety - DAN World<\/title>\n<meta name=\"description\" content=\"With diver safety at the forefront, DAN has resources available on a wide range of topics. Safety information is provided via case studies, blogs and more.\" \/>\n<meta name=\"robots\" content=\"index, follow, max-snippet:-1, max-image-preview:large, max-video-preview:-1\" \/>\n<link rel=\"canonical\" href=\"https:\/\/world.dan.org\/es\/safety-prevention\/diver-safety\/\" \/>\n<meta property=\"og:locale\" content=\"es_MX\" \/>\n<meta property=\"og:type\" content=\"article\" \/>\n<meta property=\"og:title\" content=\"Diver Safety\" \/>\n<meta property=\"og:description\" content=\"With diver safety at the forefront, DAN offers resources on a wide range of topics. These resources provide the information you need to make sound decisions and stay safe before, during and after dives.\" \/>\n<meta property=\"og:url\" content=\"https:\/\/world.dan.org\/es\/safety-prevention\/diver-safety\/\" \/>\n<meta property=\"og:site_name\" content=\"DAN World\" \/>\n<meta property=\"article:modified_time\" content=\"2023-08-25T18:06:31+00:00\" \/>\n<meta property=\"og:image\" content=\"https:\/\/world.dan.org\/wp-content\/uploads\/2020\/08\/diver-safety-3Q3A6937-Resized-DAN-1200x700-1.jpg\" \/>\n\t<meta property=\"og:image:width\" content=\"1200\" \/>\n\t<meta property=\"og:image:height\" content=\"700\" \/>\n\t<meta property=\"og:image:type\" content=\"image\/jpeg\" \/>\n<meta name=\"twitter:card\" content=\"summary_large_image\" \/>\n<meta name=\"twitter:title\" content=\"Diver Safety\" \/>\n<meta name=\"twitter:description\" content=\"With diver safety at the forefront, DAN offers resources on a wide range of topics. These resources provide the information you need to make sound decisions and stay safe before, during and after dives.\" \/>\n<meta name=\"twitter:image\" content=\"https:\/\/world.dan.org\/wp-content\/uploads\/2020\/08\/diver-safety-3Q3A6937-Resized-DAN-1200x700-1.jpg\" \/>\n<meta name=\"twitter:label1\" content=\"Est. reading time\" \/>\n\t<meta name=\"twitter:data1\" content=\"3 minutes\" \/>\n<script type=\"application\/ld+json\" class=\"yoast-schema-graph\">{\"@context\":\"https:\\\/\\\/schema.org\",\"@graph\":[{\"@type\":\"WebPage\",\"@id\":\"https:\\\/\\\/world.dan.org\\\/safety-prevention\\\/diver-safety\\\/\",\"url\":\"https:\\\/\\\/world.dan.org\\\/safety-prevention\\\/diver-safety\\\/\",\"name\":\"Diver Safety - DAN World\",\"isPartOf\":{\"@id\":\"https:\\\/\\\/world.dan.org\\\/es\\\/#website\"},\"primaryImageOfPage\":{\"@id\":\"https:\\\/\\\/world.dan.org\\\/safety-prevention\\\/diver-safety\\\/#primaryimage\"},\"image\":{\"@id\":\"https:\\\/\\\/world.dan.org\\\/safety-prevention\\\/diver-safety\\\/#primaryimage\"},\"thumbnailUrl\":\"https:\\\/\\\/world.dan.org\\\/wp-content\\\/uploads\\\/2021\\\/07\\\/diver-safety-3Q3A6937-DAN-1200x600-1.jpg\",\"datePublished\":\"2020-03-27T22:00:25+00:00\",\"dateModified\":\"2023-08-25T18:06:31+00:00\",\"description\":\"With diver safety at the forefront, DAN has resources available on a wide range of topics. Safety information is provided via case studies, blogs and more.\",\"breadcrumb\":{\"@id\":\"https:\\\/\\\/world.dan.org\\\/safety-prevention\\\/diver-safety\\\/#breadcrumb\"},\"inLanguage\":\"es-MX\",\"potentialAction\":[{\"@type\":\"ReadAction\",\"target\":[\"https:\\\/\\\/world.dan.org\\\/safety-prevention\\\/diver-safety\\\/\"]}]},{\"@type\":\"ImageObject\",\"inLanguage\":\"es-MX\",\"@id\":\"https:\\\/\\\/world.dan.org\\\/safety-prevention\\\/diver-safety\\\/#primaryimage\",\"url\":\"https:\\\/\\\/world.dan.org\\\/wp-content\\\/uploads\\\/2021\\\/07\\\/diver-safety-3Q3A6937-DAN-1200x600-1.jpg\",\"contentUrl\":\"https:\\\/\\\/world.dan.org\\\/wp-content\\\/uploads\\\/2021\\\/07\\\/diver-safety-3Q3A6937-DAN-1200x600-1.jpg\",\"width\":1200,\"height\":600},{\"@type\":\"BreadcrumbList\",\"@id\":\"https:\\\/\\\/world.dan.org\\\/safety-prevention\\\/diver-safety\\\/#breadcrumb\",\"itemListElement\":[{\"@type\":\"ListItem\",\"position\":1,\"name\":\"Home\",\"item\":\"https:\\\/\\\/world.dan.org\\\/\"},{\"@type\":\"ListItem\",\"position\":2,\"name\":\"Safety &#038; Prevention\",\"item\":\"https:\\\/\\\/world.dan.org\\\/safety-prevention\\\/\"},{\"@type\":\"ListItem\",\"position\":3,\"name\":\"Diver Safety\"}]},{\"@type\":\"WebSite\",\"@id\":\"https:\\\/\\\/world.dan.org\\\/es\\\/#website\",\"url\":\"https:\\\/\\\/world.dan.org\\\/es\\\/\",\"name\":\"DAN World\",\"description\":\"\",\"publisher\":{\"@id\":\"https:\\\/\\\/world.dan.org\\\/es\\\/#organization\"},\"potentialAction\":[{\"@type\":\"SearchAction\",\"target\":{\"@type\":\"EntryPoint\",\"urlTemplate\":\"https:\\\/\\\/world.dan.org\\\/es\\\/?s={search_term_string}\"},\"query-input\":{\"@type\":\"PropertyValueSpecification\",\"valueRequired\":true,\"valueName\":\"search_term_string\"}}],\"inLanguage\":\"es-MX\"},{\"@type\":\"Organization\",\"@id\":\"https:\\\/\\\/world.dan.org\\\/es\\\/#organization\",\"name\":\"DAN World\",\"url\":\"https:\\\/\\\/world.dan.org\\\/es\\\/\",\"logo\":{\"@type\":\"ImageObject\",\"inLanguage\":\"es-MX\",\"@id\":\"https:\\\/\\\/world.dan.org\\\/es\\\/#\\\/schema\\\/logo\\\/image\\\/\",\"url\":\"https:\\\/\\\/world.dan.org\\\/wp-content\\\/uploads\\\/2022\\\/04\\\/DAN-World-logo-sm-52px.svg\",\"contentUrl\":\"https:\\\/\\\/world.dan.org\\\/wp-content\\\/uploads\\\/2022\\\/04\\\/DAN-World-logo-sm-52px.svg\",\"width\":175,\"height\":52,\"caption\":\"DAN World\"},\"image\":{\"@id\":\"https:\\\/\\\/world.dan.org\\\/es\\\/#\\\/schema\\\/logo\\\/image\\\/\"}}]}<\/script>\n<!-- \/ Yoast SEO Premium plugin. -->","yoast_head_json":{"title":"Seguridad del buceador - DAN World","description":"Con la seguridad de los buceadores como prioridad, DAN dispone de recursos sobre una amplia gama de temas. La informaci\u00f3n sobre seguridad se ofrece a trav\u00e9s de estudios de casos, blogs y mucho m\u00e1s.","robots":{"index":"index","follow":"follow","max-snippet":"max-snippet:-1","max-image-preview":"max-image-preview:large","max-video-preview":"max-video-preview:-1"},"canonical":"https:\/\/world.dan.org\/es\/safety-prevention\/diver-safety\/","og_locale":"es_MX","og_type":"article","og_title":"Diver Safety","og_description":"With diver safety at the forefront, DAN offers resources on a wide range of topics. These resources provide the information you need to make sound decisions and stay safe before, during and after dives.","og_url":"https:\/\/world.dan.org\/es\/safety-prevention\/diver-safety\/","og_site_name":"DAN World","article_modified_time":"2023-08-25T18:06:31+00:00","og_image":[{"width":1200,"height":700,"url":"https:\/\/world.dan.org\/wp-content\/uploads\/2020\/08\/diver-safety-3Q3A6937-Resized-DAN-1200x700-1.jpg","type":"image\/jpeg"}],"twitter_card":"summary_large_image","twitter_title":"Diver Safety","twitter_description":"With diver safety at the forefront, DAN offers resources on a wide range of topics. These resources provide the information you need to make sound decisions and stay safe before, during and after dives.","twitter_image":"https:\/\/world.dan.org\/wp-content\/uploads\/2020\/08\/diver-safety-3Q3A6937-Resized-DAN-1200x700-1.jpg","twitter_misc":{"Est. reading time":"3 minutes"},"schema":{"@context":"https:\/\/schema.org","@graph":[{"@type":"WebPage","@id":"https:\/\/world.dan.org\/safety-prevention\/diver-safety\/","url":"https:\/\/world.dan.org\/safety-prevention\/diver-safety\/","name":"Seguridad del buceador - DAN World","isPartOf":{"@id":"https:\/\/world.dan.org\/es\/#website"},"primaryImageOfPage":{"@id":"https:\/\/world.dan.org\/safety-prevention\/diver-safety\/#primaryimage"},"image":{"@id":"https:\/\/world.dan.org\/safety-prevention\/diver-safety\/#primaryimage"},"thumbnailUrl":"https:\/\/world.dan.org\/wp-content\/uploads\/2021\/07\/diver-safety-3Q3A6937-DAN-1200x600-1.jpg","datePublished":"2020-03-27T22:00:25+00:00","dateModified":"2023-08-25T18:06:31+00:00","description":"Con la seguridad de los buceadores como prioridad, DAN dispone de recursos sobre una amplia gama de temas. La informaci\u00f3n sobre seguridad se ofrece a trav\u00e9s de estudios de casos, blogs y mucho m\u00e1s.","breadcrumb":{"@id":"https:\/\/world.dan.org\/safety-prevention\/diver-safety\/#breadcrumb"},"inLanguage":"es-MX","potentialAction":[{"@type":"ReadAction","target":["https:\/\/world.dan.org\/safety-prevention\/diver-safety\/"]}]},{"@type":"ImageObject","inLanguage":"es-MX","@id":"https:\/\/world.dan.org\/safety-prevention\/diver-safety\/#primaryimage","url":"https:\/\/world.dan.org\/wp-content\/uploads\/2021\/07\/diver-safety-3Q3A6937-DAN-1200x600-1.jpg","contentUrl":"https:\/\/world.dan.org\/wp-content\/uploads\/2021\/07\/diver-safety-3Q3A6937-DAN-1200x600-1.jpg","width":1200,"height":600},{"@type":"BreadcrumbList","@id":"https:\/\/world.dan.org\/safety-prevention\/diver-safety\/#breadcrumb","itemListElement":[{"@type":"ListItem","position":1,"name":"Home","item":"https:\/\/world.dan.org\/"},{"@type":"ListItem","position":2,"name":"Safety &#038; Prevention","item":"https:\/\/world.dan.org\/safety-prevention\/"},{"@type":"ListItem","position":3,"name":"Diver Safety"}]},{"@type":"WebSite","@id":"https:\/\/world.dan.org\/es\/#website","url":"https:\/\/world.dan.org\/es\/","name":"DAN World","description":"","publisher":{"@id":"https:\/\/world.dan.org\/es\/#organization"},"potentialAction":[{"@type":"SearchAction","target":{"@type":"EntryPoint","urlTemplate":"https:\/\/world.dan.org\/es\/?s={search_term_string}"},"query-input":{"@type":"PropertyValueSpecification","valueRequired":true,"valueName":"search_term_string"}}],"inLanguage":"es-MX"},{"@type":"Organization","@id":"https:\/\/world.dan.org\/es\/#organization","name":"DAN World","url":"https:\/\/world.dan.org\/es\/","logo":{"@type":"ImageObject","inLanguage":"es-MX","@id":"https:\/\/world.dan.org\/es\/#\/schema\/logo\/image\/","url":"https:\/\/world.dan.org\/wp-content\/uploads\/2022\/04\/DAN-World-logo-sm-52px.svg","contentUrl":"https:\/\/world.dan.org\/wp-content\/uploads\/2022\/04\/DAN-World-logo-sm-52px.svg","width":175,"height":52,"caption":"DAN World"},"image":{"@id":"https:\/\/world.dan.org\/es\/#\/schema\/logo\/image\/"}}]}},"_links":{"self":[{"href":"https:\/\/world.dan.org\/es\/wp-json\/wp\/v2\/pages\/41","targetHints":{"allow":["GET"]}}],"collection":[{"href":"https:\/\/world.dan.org\/es\/wp-json\/wp\/v2\/pages"}],"about":[{"href":"https:\/\/world.dan.org\/es\/wp-json\/wp\/v2\/types\/page"}],"author":[{"embeddable":true,"href":"https:\/\/world.dan.org\/es\/wp-json\/wp\/v2\/users\/1"}],"replies":[{"embeddable":true,"href":"https:\/\/world.dan.org\/es\/wp-json\/wp\/v2\/comments?post=41"}],"version-history":[{"count":0,"href":"https:\/\/world.dan.org\/es\/wp-json\/wp\/v2\/pages\/41\/revisions"}],"up":[{"embeddable":true,"href":"https:\/\/world.dan.org\/es\/wp-json\/wp\/v2\/pages\/23"}],"wp:featuredmedia":[{"embeddable":true,"href":"https:\/\/world.dan.org\/es\/wp-json\/wp\/v2\/media\/17540"}],"wp:attachment":[{"href":"https:\/\/world.dan.org\/es\/wp-json\/wp\/v2\/media?parent=41"}],"curies":[{"name":"wp","href":"https:\/\/api.w.org\/{rel}","templated":true}]}}