{"id":423,"date":"2020-05-14T12:42:31","date_gmt":"2020-05-14T16:42:31","guid":{"rendered":"https:\/\/dan.devhammer.com\/?page_id=423"},"modified":"2022-07-06T11:14:13","modified_gmt":"2022-07-06T15:14:13","slug":"safe-boating-guidelines","status":"publish","type":"page","link":"https:\/\/world.dan.org\/es\/safety-prevention\/diver-safety\/psa\/safe-boating-guidelines\/","title":{"rendered":"Pautas de seguridad en embarcaciones"},"content":{"rendered":"<div style=\"height:50px\" aria-hidden=\"true\" class=\"wp-block-spacer\"><\/div>\n\n\n\n<div class=\"wp-block-columns is-layout-flex wp-container-core-columns-is-layout-9d6595d7 wp-block-columns-is-layout-flex\">\n<div class=\"wp-block-column is-vertically-aligned-center is-layout-flow wp-block-column-is-layout-flow\" style=\"flex-basis:80%\">\n<p><em>Para evitar lesiones y muertes por impacto con h\u00e9lices o embarcaciones, los buzos y los navegantes deben estar muy atentos a la presencia de uno y otro. Recuerde consultar las normativas locales antes de zarpar del muelle.<\/em> <\/p>\n<\/div>\n\n\n\n<div class=\"wp-block-column is-vertically-aligned-center is-layout-flow wp-block-column-is-layout-flow\" style=\"flex-basis:20%\">\n<div class=\"wp-block-buttons is-content-justification-center is-layout-flex wp-container-core-buttons-is-layout-16018d1d wp-block-buttons-is-layout-flex\">\n<div class=\"wp-block-button\"><a class=\"wp-block-button__link has-dan-red-400-background-color has-background\" href=\"https:\/\/world.dan.org\/wp-content\/uploads\/2021\/10\/psa_boatingsafety__10-5-21.pdf\" style=\"border-radius:4px\">Descargar en formato PDF<\/a><\/div>\n<\/div>\n<\/div>\n<\/div>\n\n\n\n<div style=\"height:50px\" aria-hidden=\"true\" class=\"wp-block-spacer\"><\/div>\n\n\n\n<div class=\"wp-block-image\"><figure class=\"aligncenter size-large\"><img loading=\"lazy\" decoding=\"async\" width=\"1024\" height=\"433\" src=\"https:\/\/world.dan.org\/wp-content\/uploads\/2022\/06\/Boating-Guidelines-image-SPN-2.png\" alt=\"\" class=\"wp-image-4747\" srcset=\"https:\/\/world.dan.org\/wp-content\/uploads\/2022\/06\/Boating-Guidelines-image-SPN-2.png 1656w, https:\/\/world.dan.org\/wp-content\/uploads\/2022\/06\/Boating-Guidelines-image-SPN-2-360x163.png 360w, https:\/\/world.dan.org\/wp-content\/uploads\/2022\/06\/Boating-Guidelines-image-SPN-2-1024x465.png 1024w, https:\/\/world.dan.org\/wp-content\/uploads\/2022\/06\/Boating-Guidelines-image-SPN-2-768x349.png 768w, https:\/\/world.dan.org\/wp-content\/uploads\/2022\/06\/Boating-Guidelines-image-SPN-2-1536x698.png 1536w, https:\/\/world.dan.org\/wp-content\/uploads\/2022\/06\/Boating-Guidelines-image-SPN-2-18x8.png 18w, https:\/\/world.dan.org\/wp-content\/uploads\/2022\/06\/Boating-Guidelines-image-SPN-2-1200x545.png 1200w\" sizes=\"auto, (max-width: 1024px) 100vw, 1024px\" \/><\/figure><\/div>\n\n\n\n<div style=\"height:30px\" aria-hidden=\"true\" class=\"wp-block-spacer\"><\/div>\n\n\n\n<div class=\"wp-block-columns is-layout-flex wp-container-core-columns-is-layout-9d6595d7 wp-block-columns-is-layout-flex\">\n<div class=\"wp-block-column is-layout-flow wp-block-column-is-layout-flow\">\n<h2 class=\"has-dan-black-color has-text-color wp-block-heading\">Consejos para los timoneles<\/h2>\n\n\n\n<p>La falta de experiencia y una actitud negligente del operador de la embarcaci\u00f3n son factores que contribuyen a los accidentes de buceo por impacto con h\u00e9lices y embarcaciones.<\/p>\n\n\n\n<ul class=\"wp-block-list\"><li><strong>Revise constantemente si hay personas en el agua. <\/strong>Para un timonel, estar atento es la mejor manera de evitar accidentes.<br><br><\/li><li><strong>No presuponga que siempre podr\u00e1 ver claramente la presencia de buzos en el agua. <\/strong>El resplandor del sol, las olas, los pasajeros en su embarcaci\u00f3n, las condiciones meteorol\u00f3gicas y otros factores pueden dificultar el avistamiento de buzos.<br><br><\/li><li><strong>Est\u00e9 preparado. <\/strong>Aseg\u00farese de contar con lo necesario para responder a una emergencia: kits de primeros auxilios, unidades de ox\u00edgeno, dispositivos de comunicaci\u00f3n y capacitaci\u00f3n en primeros auxilios de emergencia.<br><br><\/li><li><strong>Respete los protocolos de seguridad. <\/strong>Verifique que el motor est\u00e9 apagado y que la h\u00e9lice se haya detenido antes de permitir embarcar y desembarcar. No permita la presencia de ninguna persona en la plataforma de nataci\u00f3n cuando el motor est\u00e9 en cambio. Antes de poner el motor en marcha, verifique que no haya nadie nadando ni buceando cerca ni debajo de la embarcaci\u00f3n.<br><br><\/li><li class=\"translation-block\"><strong>Establezca una comunicaci\u00f3n clara con buceadores y nadadores. <\/strong>Instruya a buceadores y nadadores para que se mantengan alejados de la h\u00e9lice en todo momento, incluso cuando no est\u00e9 en movimiento (una h\u00e9lice inm\u00f3vil puede causar lesiones).<\/li><\/ul>\n<\/div>\n\n\n\n<div class=\"wp-block-column is-layout-flow wp-block-column-is-layout-flow\">\n<h2 class=\"has-dan-black-color has-text-color wp-block-heading\">Consejos para los buzos<\/h2>\n\n\n\n<p>Tome las medidas necesarias para optimizar su seguridad en el agua. Recuerde mantenerse visible y respetar las leyes locales.<\/p>\n\n\n\n<ul class=\"wp-block-list\"><li><strong>Prepare un plan de acci\u00f3n en emergencias.<\/strong> Antes de llegar al sitio de buceo, planifique c\u00f3mo responder\u00eda si un buzo sufriera una lesi\u00f3n por impacto con la h\u00e9lice o la embarcaci\u00f3n, y c\u00f3mo proceder\u00eda con la evacuaci\u00f3n.<br><br><\/li><li><strong>Comun\u00edquese claramente con el timonel y las dem\u00e1s personas a bordo. <\/strong>Preste atenci\u00f3n a los procedimientos de la embarcaci\u00f3n y a la reuni\u00f3n instructiva previa a la inmersi\u00f3n. Espere a que el timonel indique que el motor est\u00e1 detenido y que ya es seguro entrar al agua; respete los procedimientos de seguridad establecidos para embarcar y desembarcar.<br><br><\/li><li><strong>Nunca suponga que pueden verlo desde fuera del agua.<\/strong> Use banderas de se\u00f1alizaci\u00f3n de buceo para que los timoneles adviertan su ubicaci\u00f3n y utilice boyas de buceo cuando se encuentre en la superficie.<br><br><\/li><li><strong>Mant\u00e9ngase atento. <\/strong>Durante la parada de seguridad, observe si hay tr\u00e1fico de embarcaciones.<br><br><\/li><li class=\"translation-block\"><strong>Mant\u00e9ngase alejado de la h\u00e9lice en todo momento.<\/strong> Incluso una h\u00e9lice desembragada puede causar lesiones.<\/li><\/ul>\n<\/div>\n<\/div>\n\n\n\n<div style=\"height:30px\" aria-hidden=\"true\" class=\"wp-block-spacer\"><\/div>\n\n\n\n<hr class=\"wp-block-separator has-text-color has-background has-dan-light-gray-background-color has-dan-light-gray-color\"\/>\n\n\n\n<div style=\"height:30px\" aria-hidden=\"true\" class=\"wp-block-spacer\"><\/div>\n\n\n\n<h2 class=\"has-text-align-center has-dan-black-color has-text-color wp-block-heading\">Banderas de se\u00f1alizaci\u00f3n<\/h2>\n\n\n\n<p class=\"has-text-align-center\">Al bucear, ice la bandera. Aseg\u00farese de que la bandera quede erguida, desplegada y que se pueda distinguir.<\/p>\n\n\n\n<div style=\"height:30px\" aria-hidden=\"true\" class=\"wp-block-spacer\"><\/div>\n\n\n\n<div class=\"wp-block-columns is-layout-flex wp-container-core-columns-is-layout-9d6595d7 wp-block-columns-is-layout-flex\">\n<div class=\"wp-block-column is-layout-flow wp-block-column-is-layout-flow\" style=\"flex-basis:50%\">\n<div class=\"wp-block-image\"><figure class=\"aligncenter size-large is-resized\"><img decoding=\"async\" src=\"http:\/\/world.dan.org\/wp-content\/uploads\/2020\/08\/Diver-Down-Flag.svg\" alt=\"\" class=\"wp-image-4625\" width=\"350\"\/><\/figure><\/div>\n<\/div>\n\n\n\n<div class=\"wp-block-column is-vertically-aligned-center is-layout-flow wp-block-column-is-layout-flow\" style=\"flex-basis:50%\">\n<p style=\"font-size:25px\"><span style=\"color:#ba0c2f\" class=\"color\">Bandera \"Buceador bajo el agua\"<\/span> <\/p>\n\n\n\n<p>Esta bandera indica de forma expl\u00edcita que hay buzos en el agua; siempre debe estar presente en una embarcaci\u00f3n o boya cuando haya buzos sumergidos. Si se iza en una embarcaci\u00f3n, la bandera de buceo debe tener un tama\u00f1o m\u00ednimo de 50 cm por 60 cm y debe desplegarse por encima del punto m\u00e1s alto de la embarcaci\u00f3n. Al colocarse en una boya, debe tener un tama\u00f1o de al menos 30 cm por 30 cm.<\/p>\n<\/div>\n<\/div>\n\n\n\n<div class=\"wp-block-columns is-layout-flex wp-container-core-columns-is-layout-9d6595d7 wp-block-columns-is-layout-flex\">\n<div class=\"wp-block-column is-layout-flow wp-block-column-is-layout-flow\">\n<div class=\"wp-block-image\"><figure class=\"aligncenter size-large is-resized\"><img decoding=\"async\" src=\"http:\/\/world.dan.org\/wp-content\/uploads\/2020\/08\/Alpha-Flag.svg\" alt=\"\" class=\"wp-image-4626\" width=\"350\"\/><\/figure><\/div>\n<\/div>\n\n\n\n<div class=\"wp-block-column is-vertically-aligned-center is-layout-flow wp-block-column-is-layout-flow\">\n<p style=\"font-size:25px\"><span style=\"color:#ba0c2f\" class=\"color\">Bandera Alfa<\/span><\/p>\n\n\n\n<p>Reconocida a nivel internacional, esta bandera se iza cuando la movilidad de la embarcaci\u00f3n est\u00e1 restringida e indica a las dem\u00e1s embarcaciones que deben ceder el derecho de paso y disminuir la velocidad. Si hay buzos en el agua, puede desplegarse junto con la bandera de buceo.<\/p>\n<\/div>\n<\/div>\n\n\n\n<div class=\"wp-block-columns is-layout-flex wp-container-core-columns-is-layout-9d6595d7 wp-block-columns-is-layout-flex\">\n<div class=\"wp-block-column is-layout-flow wp-block-column-is-layout-flow\">\n<div class=\"wp-block-image\"><figure class=\"aligncenter size-large is-resized\"><img loading=\"lazy\" decoding=\"async\" src=\"http:\/\/world.dan.org\/wp-content\/uploads\/2020\/08\/DAN-service-marker-bouy.svg\" alt=\"\" class=\"wp-image-4627\" width=\"38\" height=\"286\"\/><\/figure><\/div>\n<\/div>\n\n\n\n<div class=\"wp-block-column is-vertically-aligned-center is-layout-flow wp-block-column-is-layout-flow\">\n<p style=\"font-size:25px\"><span style=\"color:#ba0c2f\" class=\"color\">Boyas marcadoras de superficie<\/span><\/p>\n\n\n\n<p>Cuando se despliegan durante el ascenso, las boyas de buceo aumentan la visibilidad de los buzos. Adem\u00e1s de una boya de buceo, los buzos pueden indicar su ubicaci\u00f3n en el agua a los timoneles usando un silbato o se\u00f1al audible, una linterna de buceo o un espejo de se\u00f1ales.<\/p>\n<\/div>\n<\/div>\n\n\n\n<p><\/p>","protected":false},"excerpt":{"rendered":"<p>Para evitar lesiones y muertes por impacto con h\u00e9lices o embarcaciones, los buzos y los navegantes deben estar muy atentos a la presencia de uno y otro. Recuerde consultar las normativas locales antes de zarpar del muelle. <\/p>","protected":false},"author":1,"featured_media":17503,"parent":389,"menu_order":190,"comment_status":"closed","ping_status":"closed","template":"","meta":{"_acf_changed":false,"_ef_editorial_meta_date_first-draft-date":"","_ef_editorial_meta_paragraph_assignment":"","_ef_editorial_meta_checkbox_needs-photo":"","_ef_editorial_meta_number_word-count":"","footnotes":""},"class_list":["post-423","page","type-page","status-publish","has-post-thumbnail","hentry"],"acf":[],"yoast_head":"<!-- This site is optimized with the Yoast SEO Premium plugin v27.4 (Yoast SEO v27.4) - https:\/\/yoast.com\/product\/yoast-seo-premium-wordpress\/ -->\n<title>Safe Boating Guidelines - DAN World<\/title>\n<meta name=\"description\" content=\"To prevent injuries and death by propeller and vessel strikes, divers and boaters must be proactively aware of one another.\" \/>\n<meta name=\"robots\" content=\"index, follow, max-snippet:-1, max-image-preview:large, max-video-preview:-1\" \/>\n<link rel=\"canonical\" href=\"https:\/\/world.dan.org\/es\/safety-prevention\/diver-safety\/psa\/safe-boating-guidelines\/\" \/>\n<meta property=\"og:locale\" content=\"es_MX\" \/>\n<meta property=\"og:type\" content=\"article\" \/>\n<meta property=\"og:title\" content=\"Safe Boating Guidelines\" \/>\n<meta property=\"og:description\" content=\"To prevent injuries and death by propeller and vessel strikes, divers and boaters must be proactively aware of one another. Make sure to check local regulations before leaving the dock.\" \/>\n<meta property=\"og:url\" content=\"https:\/\/world.dan.org\/es\/safety-prevention\/diver-safety\/psa\/safe-boating-guidelines\/\" \/>\n<meta property=\"og:site_name\" content=\"DAN World\" \/>\n<meta property=\"article:modified_time\" content=\"2022-07-06T15:14:13+00:00\" \/>\n<meta property=\"og:image\" content=\"https:\/\/world.dan.org\/wp-content\/uploads\/2021\/07\/dive-flag-91778801-1200x600-1.jpg\" \/>\n\t<meta property=\"og:image:width\" content=\"1200\" \/>\n\t<meta property=\"og:image:height\" content=\"600\" \/>\n\t<meta property=\"og:image:type\" content=\"image\/jpeg\" \/>\n<meta name=\"twitter:card\" content=\"summary_large_image\" \/>\n<meta name=\"twitter:title\" content=\"Safe Boating Guidelines\" \/>\n<meta name=\"twitter:description\" content=\"To prevent injuries and death by propeller and vessel strikes, divers and boaters must be proactively aware of one another. Make sure to check local regulations before leaving the dock.\" \/>\n<meta name=\"twitter:image\" content=\"https:\/\/world.dan.org\/wp-content\/uploads\/2021\/07\/dive-flag-91778801-1200x600-1.jpg\" \/>\n<meta name=\"twitter:label1\" content=\"Est. reading time\" \/>\n\t<meta name=\"twitter:data1\" content=\"4 minutes\" \/>\n<script type=\"application\/ld+json\" class=\"yoast-schema-graph\">{\"@context\":\"https:\\\/\\\/schema.org\",\"@graph\":[{\"@type\":\"WebPage\",\"@id\":\"https:\\\/\\\/world.dan.org\\\/safety-prevention\\\/diver-safety\\\/psa\\\/safe-boating-guidelines\\\/\",\"url\":\"https:\\\/\\\/world.dan.org\\\/safety-prevention\\\/diver-safety\\\/psa\\\/safe-boating-guidelines\\\/\",\"name\":\"Safe Boating Guidelines - DAN World\",\"isPartOf\":{\"@id\":\"https:\\\/\\\/world.dan.org\\\/es\\\/#website\"},\"primaryImageOfPage\":{\"@id\":\"https:\\\/\\\/world.dan.org\\\/safety-prevention\\\/diver-safety\\\/psa\\\/safe-boating-guidelines\\\/#primaryimage\"},\"image\":{\"@id\":\"https:\\\/\\\/world.dan.org\\\/safety-prevention\\\/diver-safety\\\/psa\\\/safe-boating-guidelines\\\/#primaryimage\"},\"thumbnailUrl\":\"https:\\\/\\\/world.dan.org\\\/wp-content\\\/uploads\\\/2021\\\/07\\\/dive-flag-91778801-1200x600-1.jpg\",\"datePublished\":\"2020-05-14T16:42:31+00:00\",\"dateModified\":\"2022-07-06T15:14:13+00:00\",\"description\":\"To prevent injuries and death by propeller and vessel strikes, divers and boaters must be proactively aware of one another.\",\"breadcrumb\":{\"@id\":\"https:\\\/\\\/world.dan.org\\\/safety-prevention\\\/diver-safety\\\/psa\\\/safe-boating-guidelines\\\/#breadcrumb\"},\"inLanguage\":\"es-MX\",\"potentialAction\":[{\"@type\":\"ReadAction\",\"target\":[\"https:\\\/\\\/world.dan.org\\\/safety-prevention\\\/diver-safety\\\/psa\\\/safe-boating-guidelines\\\/\"]}]},{\"@type\":\"ImageObject\",\"inLanguage\":\"es-MX\",\"@id\":\"https:\\\/\\\/world.dan.org\\\/safety-prevention\\\/diver-safety\\\/psa\\\/safe-boating-guidelines\\\/#primaryimage\",\"url\":\"https:\\\/\\\/world.dan.org\\\/wp-content\\\/uploads\\\/2021\\\/07\\\/dive-flag-91778801-1200x600-1.jpg\",\"contentUrl\":\"https:\\\/\\\/world.dan.org\\\/wp-content\\\/uploads\\\/2021\\\/07\\\/dive-flag-91778801-1200x600-1.jpg\",\"width\":1200,\"height\":600},{\"@type\":\"BreadcrumbList\",\"@id\":\"https:\\\/\\\/world.dan.org\\\/safety-prevention\\\/diver-safety\\\/psa\\\/safe-boating-guidelines\\\/#breadcrumb\",\"itemListElement\":[{\"@type\":\"ListItem\",\"position\":1,\"name\":\"Home\",\"item\":\"https:\\\/\\\/world.dan.org\\\/\"},{\"@type\":\"ListItem\",\"position\":2,\"name\":\"Safety &#038; Prevention\",\"item\":\"https:\\\/\\\/world.dan.org\\\/safety-prevention\\\/\"},{\"@type\":\"ListItem\",\"position\":3,\"name\":\"Diver Safety\",\"item\":\"https:\\\/\\\/world.dan.org\\\/safety-prevention\\\/diver-safety\\\/\"},{\"@type\":\"ListItem\",\"position\":4,\"name\":\"DAN Diver Safety Campaigns\",\"item\":\"https:\\\/\\\/world.dan.org\\\/safety-prevention\\\/diver-safety\\\/psa\\\/\"},{\"@type\":\"ListItem\",\"position\":5,\"name\":\"Safe Boating Guidelines\"}]},{\"@type\":\"WebSite\",\"@id\":\"https:\\\/\\\/world.dan.org\\\/es\\\/#website\",\"url\":\"https:\\\/\\\/world.dan.org\\\/es\\\/\",\"name\":\"DAN World\",\"description\":\"\",\"publisher\":{\"@id\":\"https:\\\/\\\/world.dan.org\\\/es\\\/#organization\"},\"potentialAction\":[{\"@type\":\"SearchAction\",\"target\":{\"@type\":\"EntryPoint\",\"urlTemplate\":\"https:\\\/\\\/world.dan.org\\\/es\\\/?s={search_term_string}\"},\"query-input\":{\"@type\":\"PropertyValueSpecification\",\"valueRequired\":true,\"valueName\":\"search_term_string\"}}],\"inLanguage\":\"es-MX\"},{\"@type\":\"Organization\",\"@id\":\"https:\\\/\\\/world.dan.org\\\/es\\\/#organization\",\"name\":\"DAN World\",\"url\":\"https:\\\/\\\/world.dan.org\\\/es\\\/\",\"logo\":{\"@type\":\"ImageObject\",\"inLanguage\":\"es-MX\",\"@id\":\"https:\\\/\\\/world.dan.org\\\/es\\\/#\\\/schema\\\/logo\\\/image\\\/\",\"url\":\"https:\\\/\\\/world.dan.org\\\/wp-content\\\/uploads\\\/2022\\\/04\\\/DAN-World-logo-sm-52px.svg\",\"contentUrl\":\"https:\\\/\\\/world.dan.org\\\/wp-content\\\/uploads\\\/2022\\\/04\\\/DAN-World-logo-sm-52px.svg\",\"width\":175,\"height\":52,\"caption\":\"DAN World\"},\"image\":{\"@id\":\"https:\\\/\\\/world.dan.org\\\/es\\\/#\\\/schema\\\/logo\\\/image\\\/\"}}]}<\/script>\n<!-- \/ Yoast SEO Premium plugin. -->","yoast_head_json":{"title":"Pautas para una navegaci\u00f3n segura - DAN World","description":"Para evitar lesiones y muertes por colisiones con h\u00e9lices y embarcaciones, buceadores y navegantes deben ser conscientes unos de otros.","robots":{"index":"index","follow":"follow","max-snippet":"max-snippet:-1","max-image-preview":"max-image-preview:large","max-video-preview":"max-video-preview:-1"},"canonical":"https:\/\/world.dan.org\/es\/safety-prevention\/diver-safety\/psa\/safe-boating-guidelines\/","og_locale":"es_MX","og_type":"article","og_title":"Safe Boating Guidelines","og_description":"To prevent injuries and death by propeller and vessel strikes, divers and boaters must be proactively aware of one another. Make sure to check local regulations before leaving the dock.","og_url":"https:\/\/world.dan.org\/es\/safety-prevention\/diver-safety\/psa\/safe-boating-guidelines\/","og_site_name":"DAN World","article_modified_time":"2022-07-06T15:14:13+00:00","og_image":[{"width":1200,"height":600,"url":"https:\/\/world.dan.org\/wp-content\/uploads\/2021\/07\/dive-flag-91778801-1200x600-1.jpg","type":"image\/jpeg"}],"twitter_card":"summary_large_image","twitter_title":"Safe Boating Guidelines","twitter_description":"To prevent injuries and death by propeller and vessel strikes, divers and boaters must be proactively aware of one another. Make sure to check local regulations before leaving the dock.","twitter_image":"https:\/\/world.dan.org\/wp-content\/uploads\/2021\/07\/dive-flag-91778801-1200x600-1.jpg","twitter_misc":{"Est. reading time":"4 minutes"},"schema":{"@context":"https:\/\/schema.org","@graph":[{"@type":"WebPage","@id":"https:\/\/world.dan.org\/safety-prevention\/diver-safety\/psa\/safe-boating-guidelines\/","url":"https:\/\/world.dan.org\/safety-prevention\/diver-safety\/psa\/safe-boating-guidelines\/","name":"Pautas para una navegaci\u00f3n segura - DAN World","isPartOf":{"@id":"https:\/\/world.dan.org\/es\/#website"},"primaryImageOfPage":{"@id":"https:\/\/world.dan.org\/safety-prevention\/diver-safety\/psa\/safe-boating-guidelines\/#primaryimage"},"image":{"@id":"https:\/\/world.dan.org\/safety-prevention\/diver-safety\/psa\/safe-boating-guidelines\/#primaryimage"},"thumbnailUrl":"https:\/\/world.dan.org\/wp-content\/uploads\/2021\/07\/dive-flag-91778801-1200x600-1.jpg","datePublished":"2020-05-14T16:42:31+00:00","dateModified":"2022-07-06T15:14:13+00:00","description":"Para evitar lesiones y muertes por colisiones con h\u00e9lices y embarcaciones, buceadores y navegantes deben ser conscientes unos de otros.","breadcrumb":{"@id":"https:\/\/world.dan.org\/safety-prevention\/diver-safety\/psa\/safe-boating-guidelines\/#breadcrumb"},"inLanguage":"es-MX","potentialAction":[{"@type":"ReadAction","target":["https:\/\/world.dan.org\/safety-prevention\/diver-safety\/psa\/safe-boating-guidelines\/"]}]},{"@type":"ImageObject","inLanguage":"es-MX","@id":"https:\/\/world.dan.org\/safety-prevention\/diver-safety\/psa\/safe-boating-guidelines\/#primaryimage","url":"https:\/\/world.dan.org\/wp-content\/uploads\/2021\/07\/dive-flag-91778801-1200x600-1.jpg","contentUrl":"https:\/\/world.dan.org\/wp-content\/uploads\/2021\/07\/dive-flag-91778801-1200x600-1.jpg","width":1200,"height":600},{"@type":"BreadcrumbList","@id":"https:\/\/world.dan.org\/safety-prevention\/diver-safety\/psa\/safe-boating-guidelines\/#breadcrumb","itemListElement":[{"@type":"ListItem","position":1,"name":"Home","item":"https:\/\/world.dan.org\/"},{"@type":"ListItem","position":2,"name":"Safety &#038; Prevention","item":"https:\/\/world.dan.org\/safety-prevention\/"},{"@type":"ListItem","position":3,"name":"Diver Safety","item":"https:\/\/world.dan.org\/safety-prevention\/diver-safety\/"},{"@type":"ListItem","position":4,"name":"DAN Diver Safety Campaigns","item":"https:\/\/world.dan.org\/safety-prevention\/diver-safety\/psa\/"},{"@type":"ListItem","position":5,"name":"Safe Boating Guidelines"}]},{"@type":"WebSite","@id":"https:\/\/world.dan.org\/es\/#website","url":"https:\/\/world.dan.org\/es\/","name":"DAN World","description":"","publisher":{"@id":"https:\/\/world.dan.org\/es\/#organization"},"potentialAction":[{"@type":"SearchAction","target":{"@type":"EntryPoint","urlTemplate":"https:\/\/world.dan.org\/es\/?s={search_term_string}"},"query-input":{"@type":"PropertyValueSpecification","valueRequired":true,"valueName":"search_term_string"}}],"inLanguage":"es-MX"},{"@type":"Organization","@id":"https:\/\/world.dan.org\/es\/#organization","name":"DAN World","url":"https:\/\/world.dan.org\/es\/","logo":{"@type":"ImageObject","inLanguage":"es-MX","@id":"https:\/\/world.dan.org\/es\/#\/schema\/logo\/image\/","url":"https:\/\/world.dan.org\/wp-content\/uploads\/2022\/04\/DAN-World-logo-sm-52px.svg","contentUrl":"https:\/\/world.dan.org\/wp-content\/uploads\/2022\/04\/DAN-World-logo-sm-52px.svg","width":175,"height":52,"caption":"DAN World"},"image":{"@id":"https:\/\/world.dan.org\/es\/#\/schema\/logo\/image\/"}}]}},"_links":{"self":[{"href":"https:\/\/world.dan.org\/es\/wp-json\/wp\/v2\/pages\/423","targetHints":{"allow":["GET"]}}],"collection":[{"href":"https:\/\/world.dan.org\/es\/wp-json\/wp\/v2\/pages"}],"about":[{"href":"https:\/\/world.dan.org\/es\/wp-json\/wp\/v2\/types\/page"}],"author":[{"embeddable":true,"href":"https:\/\/world.dan.org\/es\/wp-json\/wp\/v2\/users\/1"}],"replies":[{"embeddable":true,"href":"https:\/\/world.dan.org\/es\/wp-json\/wp\/v2\/comments?post=423"}],"version-history":[{"count":1,"href":"https:\/\/world.dan.org\/es\/wp-json\/wp\/v2\/pages\/423\/revisions"}],"predecessor-version":[{"id":35294,"href":"https:\/\/world.dan.org\/es\/wp-json\/wp\/v2\/pages\/423\/revisions\/35294"}],"up":[{"embeddable":true,"href":"https:\/\/world.dan.org\/es\/wp-json\/wp\/v2\/pages\/389"}],"wp:featuredmedia":[{"embeddable":true,"href":"https:\/\/world.dan.org\/es\/wp-json\/wp\/v2\/media\/17503"}],"wp:attachment":[{"href":"https:\/\/world.dan.org\/es\/wp-json\/wp\/v2\/media?parent=423"}],"curies":[{"name":"wp","href":"https:\/\/api.w.org\/{rel}","templated":true}]}}