{"id":43,"date":"2020-03-27T18:00:47","date_gmt":"2020-03-27T22:00:47","guid":{"rendered":"https:\/\/dan.devhammer.com\/?page_id=43"},"modified":"2024-09-24T16:32:55","modified_gmt":"2024-09-24T20:32:55","slug":"operation-safety","status":"publish","type":"page","link":"https:\/\/world.dan.org\/es\/safety-prevention\/operation-safety\/","title":{"rendered":"Seguridad en las operaciones de buceo"},"content":{"rendered":"<script src=\"https:\/\/fast.wistia.com\/embed\/medias\/oyxixsj0h8.jsonp\" async=\"\"><\/script><script src=\"https:\/\/fast.wistia.com\/assets\/external\/E-v1.js\" async=\"\"><\/script><div class=\"wistia_responsive_padding\" style=\"padding:56.25% 0 0 0;position:relative;\"><div class=\"wistia_responsive_wrapper\" style=\"height:100%;left:0;position:absolute;top:0;width:100%;\"><div class=\"wistia_embed wistia_async_oyxixsj0h8 seo=false videoFoam=true\" style=\"height:100%;position:relative;width: 100%\">&nbsp;<\/div><\/div><\/div>\n\n\n\n<div style=\"height:30px\" aria-hidden=\"true\" class=\"wp-block-spacer\"><\/div>\n\n\n\n<p>Durante los \u00faltimos 40 a\u00f1os, DAN ha ofrecido una amplia gama de iniciativas de seguridad en un intento por prevenir los incidentes y accidentes y mejorar la seguridad en el buceo. Nuestros programas de investigaci\u00f3n, control de incidentes, prevenci\u00f3n de accidentes y evaluaci\u00f3n de accidentes en el \u00e1mbito del buceo han sido muy \u00fatiles para garantizar que el buceo sea hoy una actividad m\u00e1s segura que nunca. La iniciativa Identificaci\u00f3n de peligros y evaluaci\u00f3n de riesgos (Hazard Identification and Risk Assessment Guide, HIRA) de DAN profundiza todav\u00eda m\u00e1s nuestro compromiso con la seguridad. Nuestras publicaciones, formaci\u00f3n y recursos ofrecen conocimientos de primera mano sobre los riesgos del buceo y las alternativas para mitigarlos.<\/p>\n\n\n\n<p><strong>Este programa tiene como objetivo interactuar de forma directa con todas las empresas y los profesionales del buceo ofreciendo recursos, apoyo, capacitaci\u00f3n, asesor\u00eda e, incluso, equipos de seguridad esencial para los operadores que cumplan los requisitos.<\/strong><\/p>\n\n\n\n<div style=\"height:50px\" aria-hidden=\"true\" class=\"wp-block-spacer\"><\/div>\n\n\n\n<hr class=\"wp-block-separator has-text-color has-dan-light-gray-color has-css-opacity has-dan-light-gray-background-color has-background\"\/>\n\n\n\n<div style=\"height:25px\" aria-hidden=\"true\" class=\"wp-block-spacer\"><\/div>\n\n\n\n<div class=\"wp-block-columns is-layout-flex wp-container-core-columns-is-layout-9d6595d7 wp-block-columns-is-layout-flex\">\n<div class=\"wp-block-column is-layout-flow wp-block-column-is-layout-flow\">\n<figure class=\"wp-block-image size-large\"><a href=\"https:\/\/world.dan.org\/es\/safety-prevention\/operation-safety\/safety-assessments\/\"><img loading=\"lazy\" decoding=\"async\" width=\"600\" height=\"300\" src=\"https:\/\/world.dan.org\/wp-content\/uploads\/2021\/07\/safety-assestments-000020232941-600x300-1.jpg\" alt=\"\" class=\"wp-image-17572\" srcset=\"https:\/\/world.dan.org\/wp-content\/uploads\/2021\/07\/safety-assestments-000020232941-600x300-1.jpg 600w, https:\/\/world.dan.org\/wp-content\/uploads\/2021\/07\/safety-assestments-000020232941-600x300-1-360x180.jpg 360w, https:\/\/world.dan.org\/wp-content\/uploads\/2021\/07\/safety-assestments-000020232941-600x300-1-18x9.jpg 18w\" sizes=\"auto, (max-width: 600px) 100vw, 600px\" \/><\/a><\/figure>\n\n\n\n<h2 class=\"wp-block-heading has-dan-black-color has-text-color has-medium-font-size\" id=\"h-safety-assessments-dive-professionals\">Evaluaciones de la seguridad: profesionales del buceo<\/h2>\n\n\n\n<p>El programa Identificaci\u00f3n de peligros y evaluaci\u00f3n de riesgos (HIRA) de DAN est\u00e1 dise\u00f1ado para ayudar a propietarios de empresas de buceo, operadores, personal y profesionales del buceo a identificar los peligros antes de que causen lesiones o p\u00e9rdidas.<\/p>\n\n\n\n<p><a href=\"https:\/\/world.dan.org\/es\/safety-prevention\/operation-safety\/safety-assessments\/\">M\u00e1s informaci\u00f3n<\/a><\/p>\n<\/div>\n\n\n\n<div class=\"wp-block-column is-layout-flow wp-block-column-is-layout-flow\">\n<figure class=\"wp-block-image size-large\"><a href=\"https:\/\/world.dan.org\/es\/safety-prevention\/operation-safety\/operational-safety-training\/\"><img loading=\"lazy\" decoding=\"async\" width=\"600\" height=\"300\" src=\"https:\/\/world.dan.org\/wp-content\/uploads\/2021\/07\/safety-training-073A0260-DAN-600x300-1.jpg\" alt=\"\" class=\"wp-image-17573\" srcset=\"https:\/\/world.dan.org\/wp-content\/uploads\/2021\/07\/safety-training-073A0260-DAN-600x300-1.jpg 600w, https:\/\/world.dan.org\/wp-content\/uploads\/2021\/07\/safety-training-073A0260-DAN-600x300-1-360x180.jpg 360w, https:\/\/world.dan.org\/wp-content\/uploads\/2021\/07\/safety-training-073A0260-DAN-600x300-1-18x9.jpg 18w\" sizes=\"auto, (max-width: 600px) 100vw, 600px\" \/><\/a><\/figure>\n\n\n\n<h2 class=\"wp-block-heading has-dan-black-color has-text-color has-medium-font-size\" id=\"h-safety-training-dive-operations\">Capacitaci\u00f3n en seguridad: operaciones de buceo<\/h2>\n\n\n\n<p>Existen oportunidades de formaci\u00f3n tanto en l\u00ednea como presenciales para todas las personas involucradas en operaciones de buceo. Estas oportunidades ofrecen capacitaci\u00f3n y conocimientos esenciales para garantizar la seguridad en las operaciones de buceo.<\/p>\n\n\n\n<p><a href=\"https:\/\/world.dan.org\/es\/safety-prevention\/operation-safety\/operational-safety-training\/\">M\u00e1s informaci\u00f3n<\/a><\/p>\n<\/div>\n\n\n\n<div class=\"wp-block-column is-layout-flow wp-block-column-is-layout-flow\">\n<figure class=\"wp-block-image size-large\"><a href=\"https:\/\/world.dan.org\/es\/safety-prevention\/operation-safety\/operational-safety-resources\/\"><img loading=\"lazy\" decoding=\"async\" width=\"600\" height=\"300\" src=\"https:\/\/world.dan.org\/wp-content\/uploads\/2021\/07\/dive-operation-safety-IMG_7669-600x300-1.jpg\" alt=\"\" class=\"wp-image-17574\" srcset=\"https:\/\/world.dan.org\/wp-content\/uploads\/2021\/07\/dive-operation-safety-IMG_7669-600x300-1.jpg 600w, https:\/\/world.dan.org\/wp-content\/uploads\/2021\/07\/dive-operation-safety-IMG_7669-600x300-1-360x180.jpg 360w, https:\/\/world.dan.org\/wp-content\/uploads\/2021\/07\/dive-operation-safety-IMG_7669-600x300-1-18x9.jpg 18w\" sizes=\"auto, (max-width: 600px) 100vw, 600px\" \/><\/a><\/figure>\n\n\n\n<h2 class=\"wp-block-heading has-dan-black-color has-text-color has-medium-font-size\" id=\"h-safety-resources-dive-operators\">Recursos de seguridad: operadores de buceo<\/h2>\n\n\n\n<p>Nuestros recursos de seguridad, completamente gratuitos, comprenden una gama de elementos descargables: publicaciones, advertencias, listas de verificaci\u00f3n y otros documentos \u00fatiles.<\/p>\n\n\n\n<p><a href=\"https:\/\/world.dan.org\/es\/safety-prevention\/operation-safety\/operational-safety-resources\/\">M\u00e1s informaci\u00f3n<\/a><\/p>\n<\/div>\n<\/div>\n\n\n\n<div style=\"height:20px\" aria-hidden=\"true\" class=\"wp-block-spacer\"><\/div>\n\n\n\n<div class=\"wp-block-columns is-layout-flex wp-container-core-columns-is-layout-9d6595d7 wp-block-columns-is-layout-flex\">\n<div class=\"wp-block-column is-layout-flow wp-block-column-is-layout-flow\"><div class=\"wp-block-image\">\n<figure class=\"alignleft size-full is-resized\"><img loading=\"lazy\" decoding=\"async\" width=\"600\" height=\"300\" src=\"https:\/\/world.dan.org\/wp-content\/uploads\/2021\/12\/DAN-oxygen-tank-600x300-1.jpg\" alt=\"\" class=\"wp-image-19555\" style=\"width:652px;height:326px\" srcset=\"https:\/\/world.dan.org\/wp-content\/uploads\/2021\/12\/DAN-oxygen-tank-600x300-1.jpg 600w, https:\/\/world.dan.org\/wp-content\/uploads\/2021\/12\/DAN-oxygen-tank-600x300-1-360x180.jpg 360w, https:\/\/world.dan.org\/wp-content\/uploads\/2021\/12\/DAN-oxygen-tank-600x300-1-18x9.jpg 18w\" sizes=\"auto, (max-width: 600px) 100vw, 600px\" \/><\/figure>\n<\/div><\/div>\n\n\n\n<div class=\"wp-block-column is-vertically-aligned-center is-layout-flow wp-block-column-is-layout-flow\">\n<h2 class=\"wp-block-heading has-text-align-left has-dan-black-color has-text-color translation-block\" id=\"h-oxygen-grant-programs\">Ox\u00edgeno <span style=\"color: #111111\" class=\"stk-highlight\">Programas de subvenciones<\/span><\/h2>\n\n\n\n<p>El programa de donaci\u00f3n de unidades ox\u00edgeno de DAN ofrece unidades de ox\u00edgeno a profesionales, empresas, organizaciones y asociaciones de buceo. Este programa fomenta la misi\u00f3n de DAN de mejorar la seguridad en el buceo.<\/p>\n\n\n\n<div style=\"height:20px\" aria-hidden=\"true\" class=\"wp-block-spacer\"><\/div>\n\n\n\n<div class=\"wp-block-buttons is-layout-flex wp-block-buttons-is-layout-flex\">\n<div class=\"wp-block-button has-custom-width wp-block-button__width-50 alignleft\"><a class=\"wp-block-button__link has-dan-white-color has-dan-red-400-background-color has-text-color has-background wp-element-button\" href=\"https:\/\/dan.org\/research-reports\/grants-collaboration\/oxygen-grant-programs\/\" style=\"border-radius:5px\">M\u00e1s informaci\u00f3n<\/a><\/div>\n<\/div>\n<\/div>\n<\/div>","protected":false},"excerpt":{"rendered":"<p>DAN ha proporcionado una amplia variedad de iniciativas dedicadas a la seguridad para los operadores de buceo de todo el mundo. Nuestros programas de investigaci\u00f3n del buceo, seguimiento de incidentes, prevenci\u00f3n de accidentes y evaluaci\u00f3n de accidentes han recorrido un largo camino para garantizar que el buceo sea m\u00e1s seguro que nunca. <\/p>","protected":false},"author":1,"featured_media":0,"parent":23,"menu_order":183,"comment_status":"closed","ping_status":"closed","template":"","meta":{"_acf_changed":false,"_ef_editorial_meta_date_first-draft-date":"","_ef_editorial_meta_paragraph_assignment":"","_ef_editorial_meta_checkbox_needs-photo":"","_ef_editorial_meta_number_word-count":"","footnotes":""},"class_list":["post-43","page","type-page","status-publish","hentry"],"acf":[],"yoast_head":"<!-- This site is optimized with the Yoast SEO Premium plugin v27.4 (Yoast SEO v27.4) - https:\/\/yoast.com\/product\/yoast-seo-premium-wordpress\/ -->\n<title>Dive Operation Safety - DAN World<\/title>\n<meta name=\"description\" content=\"DAN has offered a wide variety of safety initiatives over the past 40 years in an attempt to prevent incidents and accidents and enhance dive safety.\" \/>\n<meta name=\"robots\" content=\"index, follow, max-snippet:-1, max-image-preview:large, max-video-preview:-1\" \/>\n<link rel=\"canonical\" href=\"https:\/\/world.dan.org\/es\/ko\/safety-prevention\/operation-safety\/\" \/>\n<meta property=\"og:locale\" content=\"es_MX\" \/>\n<meta property=\"og:type\" content=\"article\" \/>\n<meta property=\"og:title\" content=\"Dive Operation Safety\" \/>\n<meta property=\"og:description\" content=\"DAN has offered a wide variety of safety initiatives over the past 40 years in an attempt to prevent incidents and accidents and enhance dive safety.\" \/>\n<meta property=\"og:url\" content=\"https:\/\/world.dan.org\/es\/ko\/safety-prevention\/operation-safety\/\" \/>\n<meta property=\"og:site_name\" content=\"DAN World\" \/>\n<meta property=\"article:modified_time\" content=\"2024-09-24T20:32:55+00:00\" \/>\n<meta property=\"og:image\" content=\"https:\/\/world.dan.org\/wp-content\/uploads\/2021\/07\/dive-operation-safety-IMG_7669-1200x600-1.jpg\" \/>\n\t<meta property=\"og:image:width\" content=\"1200\" \/>\n\t<meta property=\"og:image:height\" content=\"600\" \/>\n\t<meta property=\"og:image:type\" content=\"image\/jpeg\" \/>\n<meta name=\"twitter:card\" content=\"summary_large_image\" \/>\n<meta name=\"twitter:title\" content=\"Dive Operation Safety\" \/>\n<meta name=\"twitter:description\" content=\"DAN has offered a wide variety of safety initiatives over the past 40 years in an attempt to prevent incidents and accidents and enhance dive safety.\" \/>\n<meta name=\"twitter:image\" content=\"https:\/\/world.dan.org\/wp-content\/uploads\/2021\/07\/dive-operation-safety-IMG_7669-1200x600-1.jpg\" \/>\n<meta name=\"twitter:label1\" content=\"Est. reading time\" \/>\n\t<meta name=\"twitter:data1\" content=\"2 minutes\" \/>\n<script type=\"application\/ld+json\" class=\"yoast-schema-graph\">{\"@context\":\"https:\\\/\\\/schema.org\",\"@graph\":[{\"@type\":\"WebPage\",\"@id\":\"https:\\\/\\\/world.dan.org\\\/ko\\\/safety-prevention\\\/operation-safety\\\/\",\"url\":\"https:\\\/\\\/world.dan.org\\\/ko\\\/safety-prevention\\\/operation-safety\\\/\",\"name\":\"Dive Operation Safety - DAN World\",\"isPartOf\":{\"@id\":\"https:\\\/\\\/world.dan.org\\\/es\\\/#website\"},\"primaryImageOfPage\":{\"@id\":\"https:\\\/\\\/world.dan.org\\\/ko\\\/safety-prevention\\\/operation-safety\\\/#primaryimage\"},\"image\":{\"@id\":\"https:\\\/\\\/world.dan.org\\\/ko\\\/safety-prevention\\\/operation-safety\\\/#primaryimage\"},\"thumbnailUrl\":\"https:\\\/\\\/world.dan.org\\\/wp-content\\\/uploads\\\/2021\\\/07\\\/safety-assestments-000020232941-600x300-1.jpg\",\"datePublished\":\"2020-03-27T22:00:47+00:00\",\"dateModified\":\"2024-09-24T20:32:55+00:00\",\"description\":\"DAN has offered a wide variety of safety initiatives over the past 40 years in an attempt to prevent incidents and accidents and enhance dive safety.\",\"breadcrumb\":{\"@id\":\"https:\\\/\\\/world.dan.org\\\/ko\\\/safety-prevention\\\/operation-safety\\\/#breadcrumb\"},\"inLanguage\":\"es-MX\",\"potentialAction\":[{\"@type\":\"ReadAction\",\"target\":[\"https:\\\/\\\/world.dan.org\\\/ko\\\/safety-prevention\\\/operation-safety\\\/\"]}]},{\"@type\":\"ImageObject\",\"inLanguage\":\"es-MX\",\"@id\":\"https:\\\/\\\/world.dan.org\\\/ko\\\/safety-prevention\\\/operation-safety\\\/#primaryimage\",\"url\":\"https:\\\/\\\/world.dan.org\\\/wp-content\\\/uploads\\\/2021\\\/07\\\/safety-assestments-000020232941-600x300-1.jpg\",\"contentUrl\":\"https:\\\/\\\/world.dan.org\\\/wp-content\\\/uploads\\\/2021\\\/07\\\/safety-assestments-000020232941-600x300-1.jpg\"},{\"@type\":\"BreadcrumbList\",\"@id\":\"https:\\\/\\\/world.dan.org\\\/ko\\\/safety-prevention\\\/operation-safety\\\/#breadcrumb\",\"itemListElement\":[{\"@type\":\"ListItem\",\"position\":1,\"name\":\"Home\",\"item\":\"https:\\\/\\\/world.dan.org\\\/\"},{\"@type\":\"ListItem\",\"position\":2,\"name\":\"Safety &#038; Prevention\",\"item\":\"https:\\\/\\\/world.dan.org\\\/safety-prevention\\\/\"},{\"@type\":\"ListItem\",\"position\":3,\"name\":\"Dive Operation Safety\"}]},{\"@type\":\"WebSite\",\"@id\":\"https:\\\/\\\/world.dan.org\\\/es\\\/#website\",\"url\":\"https:\\\/\\\/world.dan.org\\\/es\\\/\",\"name\":\"DAN World\",\"description\":\"\",\"publisher\":{\"@id\":\"https:\\\/\\\/world.dan.org\\\/es\\\/#organization\"},\"potentialAction\":[{\"@type\":\"SearchAction\",\"target\":{\"@type\":\"EntryPoint\",\"urlTemplate\":\"https:\\\/\\\/world.dan.org\\\/es\\\/?s={search_term_string}\"},\"query-input\":{\"@type\":\"PropertyValueSpecification\",\"valueRequired\":true,\"valueName\":\"search_term_string\"}}],\"inLanguage\":\"es-MX\"},{\"@type\":\"Organization\",\"@id\":\"https:\\\/\\\/world.dan.org\\\/es\\\/#organization\",\"name\":\"DAN World\",\"url\":\"https:\\\/\\\/world.dan.org\\\/es\\\/\",\"logo\":{\"@type\":\"ImageObject\",\"inLanguage\":\"es-MX\",\"@id\":\"https:\\\/\\\/world.dan.org\\\/es\\\/#\\\/schema\\\/logo\\\/image\\\/\",\"url\":\"https:\\\/\\\/world.dan.org\\\/wp-content\\\/uploads\\\/2022\\\/04\\\/DAN-World-logo-sm-52px.svg\",\"contentUrl\":\"https:\\\/\\\/world.dan.org\\\/wp-content\\\/uploads\\\/2022\\\/04\\\/DAN-World-logo-sm-52px.svg\",\"width\":175,\"height\":52,\"caption\":\"DAN World\"},\"image\":{\"@id\":\"https:\\\/\\\/world.dan.org\\\/es\\\/#\\\/schema\\\/logo\\\/image\\\/\"}}]}<\/script>\n<!-- \/ Yoast SEO Premium plugin. -->","yoast_head_json":{"title":"Seguridad en las operaciones de buceo - DAN World","description":"DAN ha ofrecido una amplia variedad de iniciativas de seguridad en los \u00faltimos 40 a\u00f1os en un intento de prevenir incidentes y accidentes y mejorar la seguridad en el buceo.","robots":{"index":"index","follow":"follow","max-snippet":"max-snippet:-1","max-image-preview":"max-image-preview:large","max-video-preview":"max-video-preview:-1"},"canonical":"https:\/\/world.dan.org\/es\/ko\/safety-prevention\/operation-safety\/","og_locale":"es_MX","og_type":"article","og_title":"Dive Operation Safety","og_description":"DAN has offered a wide variety of safety initiatives over the past 40 years in an attempt to prevent incidents and accidents and enhance dive safety.","og_url":"https:\/\/world.dan.org\/es\/ko\/safety-prevention\/operation-safety\/","og_site_name":"DAN World","article_modified_time":"2024-09-24T20:32:55+00:00","og_image":[{"width":1200,"height":600,"url":"https:\/\/world.dan.org\/wp-content\/uploads\/2021\/07\/dive-operation-safety-IMG_7669-1200x600-1.jpg","type":"image\/jpeg"}],"twitter_card":"summary_large_image","twitter_title":"Dive Operation Safety","twitter_description":"DAN has offered a wide variety of safety initiatives over the past 40 years in an attempt to prevent incidents and accidents and enhance dive safety.","twitter_image":"https:\/\/world.dan.org\/wp-content\/uploads\/2021\/07\/dive-operation-safety-IMG_7669-1200x600-1.jpg","twitter_misc":{"Est. reading time":"2 minutes"},"schema":{"@context":"https:\/\/schema.org","@graph":[{"@type":"WebPage","@id":"https:\/\/world.dan.org\/ko\/safety-prevention\/operation-safety\/","url":"https:\/\/world.dan.org\/ko\/safety-prevention\/operation-safety\/","name":"Seguridad en las operaciones de buceo - DAN World","isPartOf":{"@id":"https:\/\/world.dan.org\/es\/#website"},"primaryImageOfPage":{"@id":"https:\/\/world.dan.org\/ko\/safety-prevention\/operation-safety\/#primaryimage"},"image":{"@id":"https:\/\/world.dan.org\/ko\/safety-prevention\/operation-safety\/#primaryimage"},"thumbnailUrl":"https:\/\/world.dan.org\/wp-content\/uploads\/2021\/07\/safety-assestments-000020232941-600x300-1.jpg","datePublished":"2020-03-27T22:00:47+00:00","dateModified":"2024-09-24T20:32:55+00:00","description":"DAN ha ofrecido una amplia variedad de iniciativas de seguridad en los \u00faltimos 40 a\u00f1os en un intento de prevenir incidentes y accidentes y mejorar la seguridad en el buceo.","breadcrumb":{"@id":"https:\/\/world.dan.org\/ko\/safety-prevention\/operation-safety\/#breadcrumb"},"inLanguage":"es-MX","potentialAction":[{"@type":"ReadAction","target":["https:\/\/world.dan.org\/ko\/safety-prevention\/operation-safety\/"]}]},{"@type":"ImageObject","inLanguage":"es-MX","@id":"https:\/\/world.dan.org\/ko\/safety-prevention\/operation-safety\/#primaryimage","url":"https:\/\/world.dan.org\/wp-content\/uploads\/2021\/07\/safety-assestments-000020232941-600x300-1.jpg","contentUrl":"https:\/\/world.dan.org\/wp-content\/uploads\/2021\/07\/safety-assestments-000020232941-600x300-1.jpg"},{"@type":"BreadcrumbList","@id":"https:\/\/world.dan.org\/ko\/safety-prevention\/operation-safety\/#breadcrumb","itemListElement":[{"@type":"ListItem","position":1,"name":"Home","item":"https:\/\/world.dan.org\/"},{"@type":"ListItem","position":2,"name":"Safety &#038; Prevention","item":"https:\/\/world.dan.org\/safety-prevention\/"},{"@type":"ListItem","position":3,"name":"Dive Operation Safety"}]},{"@type":"WebSite","@id":"https:\/\/world.dan.org\/es\/#website","url":"https:\/\/world.dan.org\/es\/","name":"DAN World","description":"","publisher":{"@id":"https:\/\/world.dan.org\/es\/#organization"},"potentialAction":[{"@type":"SearchAction","target":{"@type":"EntryPoint","urlTemplate":"https:\/\/world.dan.org\/es\/?s={search_term_string}"},"query-input":{"@type":"PropertyValueSpecification","valueRequired":true,"valueName":"search_term_string"}}],"inLanguage":"es-MX"},{"@type":"Organization","@id":"https:\/\/world.dan.org\/es\/#organization","name":"DAN World","url":"https:\/\/world.dan.org\/es\/","logo":{"@type":"ImageObject","inLanguage":"es-MX","@id":"https:\/\/world.dan.org\/es\/#\/schema\/logo\/image\/","url":"https:\/\/world.dan.org\/wp-content\/uploads\/2022\/04\/DAN-World-logo-sm-52px.svg","contentUrl":"https:\/\/world.dan.org\/wp-content\/uploads\/2022\/04\/DAN-World-logo-sm-52px.svg","width":175,"height":52,"caption":"DAN World"},"image":{"@id":"https:\/\/world.dan.org\/es\/#\/schema\/logo\/image\/"}}]}},"_links":{"self":[{"href":"https:\/\/world.dan.org\/es\/wp-json\/wp\/v2\/pages\/43","targetHints":{"allow":["GET"]}}],"collection":[{"href":"https:\/\/world.dan.org\/es\/wp-json\/wp\/v2\/pages"}],"about":[{"href":"https:\/\/world.dan.org\/es\/wp-json\/wp\/v2\/types\/page"}],"author":[{"embeddable":true,"href":"https:\/\/world.dan.org\/es\/wp-json\/wp\/v2\/users\/1"}],"replies":[{"embeddable":true,"href":"https:\/\/world.dan.org\/es\/wp-json\/wp\/v2\/comments?post=43"}],"version-history":[{"count":0,"href":"https:\/\/world.dan.org\/es\/wp-json\/wp\/v2\/pages\/43\/revisions"}],"up":[{"embeddable":true,"href":"https:\/\/world.dan.org\/es\/wp-json\/wp\/v2\/pages\/23"}],"wp:attachment":[{"href":"https:\/\/world.dan.org\/es\/wp-json\/wp\/v2\/media?parent=43"}],"curies":[{"name":"wp","href":"https:\/\/api.w.org\/{rel}","templated":true}]}}