{"id":61,"date":"2020-03-27T18:05:19","date_gmt":"2020-03-27T22:05:19","guid":{"rendered":"https:\/\/dan.devhammer.com\/?page_id=61"},"modified":"2025-04-03T12:09:19","modified_gmt":"2025-04-03T16:09:19","slug":"elearning","status":"publish","type":"page","link":"https:\/\/world.dan.org\/es\/education-events\/elearning\/","title":{"rendered":"Plataforma de e-learning"},"content":{"rendered":"<div class=\"n2_clear\"><ss3-force-full-width data-overflow-x=\"body\" data-horizontal-selector=\"\"><div class=\"n2-section-smartslider fitvidsignore  n2_clear\" data-ssid=\"36\" tabindex=\"0\" role=\"region\" aria-label=\"Slider\"><div id=\"n2-ss-36-align\" class=\"n2-ss-align\"><div class=\"n2-padding\"><div id=\"n2-ss-36\" data-creator=\"Smart Slider 3\" data-responsive=\"fullwidth\" class=\"n2-ss-slider n2-ow n2-has-hover n2notransition\">\n        <div class=\"n2-ss-slider-1 n2_ss__touch_element n2-ow\">\n            <div class=\"n2-ss-slider-2 n2-ow\">\n                                                <div class=\"n2-ss-slider-3 n2-ow\">\n\n                    <div class=\"n2-ss-slide-backgrounds n2-ow-all\"><div class=\"n2-ss-slide-background\" data-public-id=\"1\" data-mode=\"fill\"><div data-gradient=\"horizontal\" data-color-start=\"RGBA(3,70,132,0.48)\" data-color-end=\"RGBA(255,255,255,0)\" style=\"background:linear-gradient(to right, RGBA(3,70,132,0.48) 0%,RGBA(255,255,255,0) 100%);\" class=\"n2-ss-slide-background-color\"><\/div><\/div><\/div>                    <div class=\"n2-ss-slider-4 n2-ow\">\n                        <svg xmlns=\"http:\/\/www.w3.org\/2000\/svg\" viewbox=\"0 0 1600 600\" data-related-device=\"desktopPortrait\" class=\"n2-ow n2-ss-preserve-size n2-ss-preserve-size--slider n2-ss-slide-limiter\"><\/svg><div data-first=\"1\" data-slide-duration=\"0\" data-id=\"57\" data-slide-public-id=\"1\" data-title=\"E-Learning\" class=\"n2-ss-slide n2-ow  n2-ss-slide-57\"><div role=\"note\" class=\"n2-ss-slide--focus\" tabindex=\"-1\">Plataforma de e-learning<\/div><div class=\"n2-ss-layers-container n2-ss-slide-limiter n2-ow\"><div class=\"n2-ss-layer n2-ow n-uc-WljWyNF3TKtb\" data-sstype=\"slide\" data-pm=\"default\"><div class=\"n2-ss-layer n2-ow n-uc-zLzuzxJRmM7z\" data-pm=\"default\" data-sstype=\"content\" data-hasbackground=\"0\"><div class=\"n2-ss-section-main-content n2-ss-layer-with-background n2-ss-layer-content n2-ow n-uc-zLzuzxJRmM7z-inner\"><div class=\"n2-ss-layer n2-ow n2-ss-layer--block n2-ss-has-self-align n-uc-WdcMgGGA142C\" data-pm=\"normal\" data-sstype=\"row\"><div class=\"n2-ss-layer-row n2-ss-layer-with-background n-uc-WdcMgGGA142C-inner\"><div class=\"n2-ss-layer-row-inner\"><div class=\"n2-ss-layer n2-ow n-uc-MFPXOAQ7dfb2\" data-pm=\"default\" data-sstype=\"col\"><div class=\"n2-ss-layer-col n2-ss-layer-with-background n2-ss-layer-content n-uc-MFPXOAQ7dfb2-inner\"><div class=\"n2-ss-layer n2-ow n-uc-PETD0CJzI0Jx n2-ss-layer--auto\" data-pm=\"normal\" data-sstype=\"layer\"><div class=\"n2-ss-button-container n2-ss-item-content n2-ow n2-font-a3b57aec3250d1cd7b703e552c1cb98d-link  n2-ss-nowrap n2-ss-button-container--non-full-width\"><a class=\"n2-style-05ba4352b746b78a53d300ba52f2d0e2-heading  n2-ow\" onclick=\"return false;\" href=\"#\"><div><div>FORMACI\u00d3N<\/div><\/div><\/a><\/div><\/div><div class=\"n2-ss-layer n2-ow n-uc-lkN7xN6RaBKp\" data-pm=\"normal\" data-sstype=\"layer\"><h2 id=\"n2-ss-36item2\" class=\"n2-font-0e90d147ce6e7cb4798c11b222234271-hover n2-style-fea5f7007ea60cd0f94b58717a9ba1ac-heading   n2-ss-item-content n2-ss-text n2-ow\" style=\"display:block;\">E-LEARNING<\/h2><\/div><div class=\"n2-ss-layer n2-ow n-uc-kkaSASbzhiPH\" data-pm=\"normal\" data-sstype=\"layer\"><div class=\"n2-ss-item-content n2-ss-text n2-ow-all\"><div data-hide-desktoplandscape=\"1\" data-hide-desktopportrait=\"1\" data-hide-tabletlandscape=\"1\" data-hide-tabletportrait=\"1\"><\/div><div class=\"\" data-hide-mobilelandscape=\"1\" data-hide-mobileportrait=\"1\"><p class=\"n2-font-3bb99d1f4c6c6f425005dde180c1a679-paragraph  n2-style-39612b538396e2fceb18e53ec82d9001-heading\">Aprenda a su propio ritmo<\/p>\n<\/div><\/div><\/div><div class=\"n2-ss-layer n2-ow n2-ss-layer--block n2-ss-has-self-align n-uc-uwKHf3NyNsDd\" data-pm=\"normal\" data-sstype=\"row\"><div class=\"n2-ss-layer-row n2-ss-layer-with-background n-uc-uwKHf3NyNsDd-inner\"><div class=\"n2-ss-layer-row-inner\"><div class=\"n2-ss-layer n2-ow n-uc-1DzTW6okYdNZ\" data-pm=\"default\" data-sstype=\"col\"><div class=\"n2-ss-layer-col n2-ss-layer-with-background n2-ss-layer-content n-uc-1DzTW6okYdNZ-inner\"><div class=\"n2-ss-layer n2-ow n-uc-bS7qh2U8Bixj n2-ss-layer--auto\" data-pm=\"normal\" data-hidedesktopportrait=\"1\" data-hidetabletportrait=\"1\" data-hidemobileportrait=\"1\" data-sstype=\"layer\"><div class=\"n2-ss-button-container n2-ss-item-content n2-ow n2-font-efb749624a85eff02533b8cc5c19c88c-link  n2-ss-nowrap n2-ss-button-container--non-full-width\"><a class=\"n2-style-cd7796faf722e88fc7c6131f998fde7c-heading  n2-ow\" onclick=\"return false;\" target=\"_blank\" href=\"#\"><div><div>Plataforma de e-learning<\/div><\/div><\/a><\/div><\/div><\/div><\/div><\/div><\/div><\/div><\/div><\/div><\/div><\/div><\/div><\/div><\/div><\/div><\/div><\/div>                    <\/div>\n\n                                    <\/div>\n            <\/div>\n        <\/div>\n        <\/div><ss3-loader><\/ss3-loader><\/div><\/div><div class=\"n2_clear\"><\/div><\/div><\/ss3-force-full-width><\/div>\n\n\n<div style=\"height:50px\" aria-hidden=\"true\" class=\"wp-block-spacer\"><\/div>\n\n\n\n<p><strong>\u00bfQuiere aprender c\u00f3mo puede contaminarse el gas de respiraci\u00f3n y la manera de evitarlo? Consulte el curso Control de calidad de gases de respiraci\u00f3n. \u00bfQuiere acceder a consejos y estrategias para mejorar la seguridad en las operaciones de buceo? Tome el curso Pr\u00e1cticas recomendadas de seguridad en embarcaciones de buceo. El curso de Buzo preparado es ideal para estudiantes, buzos n\u00f3veles y cualquier persona que desee profundizar en c\u00f3mo evitar las emergencias m\u00e1s habituales del buceo.<\/strong><\/p>\n\n\n\n<div style=\"height:20px\" aria-hidden=\"true\" class=\"wp-block-spacer\"><\/div>\n\n\n\n<hr class=\"wp-block-separator has-text-color has-dan-light-gray-color has-css-opacity has-dan-light-gray-background-color has-background\"\/>\n\n\n\n<div style=\"height:20px\" aria-hidden=\"true\" class=\"wp-block-spacer\"><\/div>\n\n\n\n<p>DAN ofrece diversos cursos gratuitos en su plataforma de e-learning, para todo tipo de buzos. Puede hacer estos cursos sin ayuda de un instructor. Muchos de estos cursos incluso entregan certificado de finalizaci\u00f3n. Inicie sesi\u00f3n y encuentre algo nuevo para aprender.&nbsp;&nbsp;&nbsp;<\/p>\n\n\n\n<p>Con la plataforma de e-learning de DAN, puede completar una parte de nuestros cursos de primeros auxilios en l\u00ednea y aprender habilidades valiosas, como la administraci\u00f3n de ox\u00edgeno y RCP, el tratamiento de lesiones causadas por la vida marina y mucho m\u00e1s.&nbsp;<\/p>\n\n\n\n<p>DAN tiene el curso que necesita, tanto si desea desarrollar nuevas habilidades de primeros auxilios como perfeccionar la seguridad de su operaci\u00f3n de buceo o formar mejor a sus estudiantes en cuanto a la seguridad en el buceo.<\/p>\n\n\n\n<div style=\"height:30px\" aria-hidden=\"true\" class=\"wp-block-spacer\"><\/div>\n\n\n\n<div class=\"wp-block-buttons is-horizontal is-content-justification-center is-layout-flex wp-container-core-buttons-is-layout-499968f5 wp-block-buttons-is-layout-flex\">\n<div class=\"wp-block-button\"><a class=\"wp-block-button__link has-dan-white-color has-dan-red-400-background-color has-text-color has-background wp-element-button\" href=\"https:\/\/dan.diverelearning.com\/\" style=\"border-radius:5px\" target=\"_blank\" rel=\"noreferrer noopener\">Inicie sesi\u00f3n para aprender<\/a><\/div>\n<\/div>\n\n\n\n<p><\/p>","protected":false},"excerpt":{"rendered":"<p>Aprenda a su propio ritmo desde cualquier lugar con DAN E-Learning. Tanto si quieres adquirir nuevos conocimientos de primeros auxilios, perfeccionar la seguridad de tus operaciones de buceo o educar mejor a tus alumnos sobre la seguridad en el buceo o la ciencia del buceo, DAN tiene un curso para ti. Con\u00e9ctese ahora y descubra todo lo que puede aprender.<\/p>","protected":false},"author":1,"featured_media":6532,"parent":27,"menu_order":167,"comment_status":"closed","ping_status":"closed","template":"templates\/page-landing-2a.php","meta":{"_acf_changed":false,"_ef_editorial_meta_date_first-draft-date":"","_ef_editorial_meta_paragraph_assignment":"","_ef_editorial_meta_checkbox_needs-photo":"","_ef_editorial_meta_number_word-count":"","footnotes":""},"class_list":["post-61","page","type-page","status-publish","has-post-thumbnail","hentry"],"acf":[],"yoast_head":"<!-- This site is optimized with the Yoast SEO Premium plugin v27.0 (Yoast SEO v27.3) - https:\/\/yoast.com\/product\/yoast-seo-premium-wordpress\/ -->\n<title>E-Learning - DAN World<\/title>\n<meta name=\"description\" content=\"Learn at your own pace from wherever you are with DAN E-Learning. If you&#039;re interested in safer diving, DAN has a course for you.\" \/>\n<meta name=\"robots\" content=\"index, follow, max-snippet:-1, max-image-preview:large, max-video-preview:-1\" \/>\n<link rel=\"canonical\" href=\"https:\/\/world.dan.org\/es\/education-events\/elearning\/\" \/>\n<meta property=\"og:locale\" content=\"es_MX\" \/>\n<meta property=\"og:type\" content=\"article\" \/>\n<meta property=\"og:title\" content=\"E-Learning\" \/>\n<meta property=\"og:description\" content=\"Learn at your own pace from wherever you are with DAN E-Learning. Whether you want to gain new first aid skills, refine the safety of your dive operation or better educate your students about dive safety or diving science, DAN has a course for you. Log in now to find out what there is to learn.\" \/>\n<meta property=\"og:url\" content=\"https:\/\/world.dan.org\/es\/education-events\/elearning\/\" \/>\n<meta property=\"og:site_name\" content=\"DAN World\" \/>\n<meta property=\"article:modified_time\" content=\"2025-04-03T16:09:19+00:00\" \/>\n<meta property=\"og:image\" content=\"https:\/\/world.dan.org\/wp-content\/uploads\/2020\/08\/student-studying-1170926149-DAN-Resized.jpg\" \/>\n\t<meta property=\"og:image:width\" content=\"1200\" \/>\n\t<meta property=\"og:image:height\" content=\"713\" \/>\n\t<meta property=\"og:image:type\" content=\"image\/jpeg\" \/>\n<meta name=\"twitter:card\" content=\"summary_large_image\" \/>\n<meta name=\"twitter:title\" content=\"E-Learning\" \/>\n<meta name=\"twitter:description\" content=\"Learn at your own pace from wherever you are with DAN E-Learning. Whether you want to gain new first aid skills, refine the safety of your dive operation or better educate your students about dive safety or diving science, DAN has a course for you. Log in now to find out what there is to learn.\" \/>\n<meta name=\"twitter:image\" content=\"https:\/\/world.dan.org\/wp-content\/uploads\/2020\/08\/student-studying-1170926149-DAN-Resized.jpg\" \/>\n<meta name=\"twitter:label1\" content=\"Est. reading time\" \/>\n\t<meta name=\"twitter:data1\" content=\"1 minute\" \/>\n<script type=\"application\/ld+json\" class=\"yoast-schema-graph\">{\"@context\":\"https:\\\/\\\/schema.org\",\"@graph\":[{\"@type\":\"WebPage\",\"@id\":\"https:\\\/\\\/world.dan.org\\\/education-events\\\/elearning\\\/\",\"url\":\"https:\\\/\\\/world.dan.org\\\/education-events\\\/elearning\\\/\",\"name\":\"E-Learning - DAN World\",\"isPartOf\":{\"@id\":\"https:\\\/\\\/world.dan.org\\\/es\\\/#website\"},\"primaryImageOfPage\":{\"@id\":\"https:\\\/\\\/world.dan.org\\\/education-events\\\/elearning\\\/#primaryimage\"},\"image\":{\"@id\":\"https:\\\/\\\/world.dan.org\\\/education-events\\\/elearning\\\/#primaryimage\"},\"thumbnailUrl\":\"https:\\\/\\\/world.dan.org\\\/wp-content\\\/uploads\\\/2020\\\/08\\\/student-studying-1170926149-DAN-Resized.jpg\",\"datePublished\":\"2020-03-27T22:05:19+00:00\",\"dateModified\":\"2025-04-03T16:09:19+00:00\",\"description\":\"Learn at your own pace from wherever you are with DAN E-Learning. If you're interested in safer diving, DAN has a course for you.\",\"breadcrumb\":{\"@id\":\"https:\\\/\\\/world.dan.org\\\/education-events\\\/elearning\\\/#breadcrumb\"},\"inLanguage\":\"es-MX\",\"potentialAction\":[{\"@type\":\"ReadAction\",\"target\":[\"https:\\\/\\\/world.dan.org\\\/education-events\\\/elearning\\\/\"]}]},{\"@type\":\"ImageObject\",\"inLanguage\":\"es-MX\",\"@id\":\"https:\\\/\\\/world.dan.org\\\/education-events\\\/elearning\\\/#primaryimage\",\"url\":\"https:\\\/\\\/world.dan.org\\\/wp-content\\\/uploads\\\/2020\\\/08\\\/student-studying-1170926149-DAN-Resized.jpg\",\"contentUrl\":\"https:\\\/\\\/world.dan.org\\\/wp-content\\\/uploads\\\/2020\\\/08\\\/student-studying-1170926149-DAN-Resized.jpg\",\"width\":1200,\"height\":713,\"caption\":\"Concentrated african american guy in headphones studying foreign language online through video conference and making notes in notebook, panorama with copy space\"},{\"@type\":\"BreadcrumbList\",\"@id\":\"https:\\\/\\\/world.dan.org\\\/education-events\\\/elearning\\\/#breadcrumb\",\"itemListElement\":[{\"@type\":\"ListItem\",\"position\":1,\"name\":\"Home\",\"item\":\"https:\\\/\\\/world.dan.org\\\/\"},{\"@type\":\"ListItem\",\"position\":2,\"name\":\"Education &#038; Events\",\"item\":\"https:\\\/\\\/world.dan.org\\\/education-events\\\/\"},{\"@type\":\"ListItem\",\"position\":3,\"name\":\"E-Learning\"}]},{\"@type\":\"WebSite\",\"@id\":\"https:\\\/\\\/world.dan.org\\\/es\\\/#website\",\"url\":\"https:\\\/\\\/world.dan.org\\\/es\\\/\",\"name\":\"DAN World\",\"description\":\"\",\"publisher\":{\"@id\":\"https:\\\/\\\/world.dan.org\\\/es\\\/#organization\"},\"potentialAction\":[{\"@type\":\"SearchAction\",\"target\":{\"@type\":\"EntryPoint\",\"urlTemplate\":\"https:\\\/\\\/world.dan.org\\\/es\\\/?s={search_term_string}\"},\"query-input\":{\"@type\":\"PropertyValueSpecification\",\"valueRequired\":true,\"valueName\":\"search_term_string\"}}],\"inLanguage\":\"es-MX\"},{\"@type\":\"Organization\",\"@id\":\"https:\\\/\\\/world.dan.org\\\/es\\\/#organization\",\"name\":\"DAN World\",\"url\":\"https:\\\/\\\/world.dan.org\\\/es\\\/\",\"logo\":{\"@type\":\"ImageObject\",\"inLanguage\":\"es-MX\",\"@id\":\"https:\\\/\\\/world.dan.org\\\/es\\\/#\\\/schema\\\/logo\\\/image\\\/\",\"url\":\"https:\\\/\\\/world.dan.org\\\/wp-content\\\/uploads\\\/2022\\\/04\\\/DAN-World-logo-sm-52px.svg\",\"contentUrl\":\"https:\\\/\\\/world.dan.org\\\/wp-content\\\/uploads\\\/2022\\\/04\\\/DAN-World-logo-sm-52px.svg\",\"width\":175,\"height\":52,\"caption\":\"DAN World\"},\"image\":{\"@id\":\"https:\\\/\\\/world.dan.org\\\/es\\\/#\\\/schema\\\/logo\\\/image\\\/\"}}]}<\/script>\n<!-- \/ Yoast SEO Premium plugin. -->","yoast_head_json":{"title":"E-Learning - DAN World","description":"Aprenda a su propio ritmo desde dondequiera que est\u00e9 con DAN E-Learning. Si te interesa bucear de forma m\u00e1s segura, DAN tiene un curso para ti.","robots":{"index":"index","follow":"follow","max-snippet":"max-snippet:-1","max-image-preview":"max-image-preview:large","max-video-preview":"max-video-preview:-1"},"canonical":"https:\/\/world.dan.org\/es\/education-events\/elearning\/","og_locale":"es_MX","og_type":"article","og_title":"E-Learning","og_description":"Learn at your own pace from wherever you are with DAN E-Learning. Whether you want to gain new first aid skills, refine the safety of your dive operation or better educate your students about dive safety or diving science, DAN has a course for you. Log in now to find out what there is to learn.","og_url":"https:\/\/world.dan.org\/es\/education-events\/elearning\/","og_site_name":"DAN World","article_modified_time":"2025-04-03T16:09:19+00:00","og_image":[{"width":1200,"height":713,"url":"https:\/\/world.dan.org\/wp-content\/uploads\/2020\/08\/student-studying-1170926149-DAN-Resized.jpg","type":"image\/jpeg"}],"twitter_card":"summary_large_image","twitter_title":"E-Learning","twitter_description":"Learn at your own pace from wherever you are with DAN E-Learning. Whether you want to gain new first aid skills, refine the safety of your dive operation or better educate your students about dive safety or diving science, DAN has a course for you. Log in now to find out what there is to learn.","twitter_image":"https:\/\/world.dan.org\/wp-content\/uploads\/2020\/08\/student-studying-1170926149-DAN-Resized.jpg","twitter_misc":{"Est. reading time":"1 minute"},"schema":{"@context":"https:\/\/schema.org","@graph":[{"@type":"WebPage","@id":"https:\/\/world.dan.org\/education-events\/elearning\/","url":"https:\/\/world.dan.org\/education-events\/elearning\/","name":"E-Learning - DAN World","isPartOf":{"@id":"https:\/\/world.dan.org\/es\/#website"},"primaryImageOfPage":{"@id":"https:\/\/world.dan.org\/education-events\/elearning\/#primaryimage"},"image":{"@id":"https:\/\/world.dan.org\/education-events\/elearning\/#primaryimage"},"thumbnailUrl":"https:\/\/world.dan.org\/wp-content\/uploads\/2020\/08\/student-studying-1170926149-DAN-Resized.jpg","datePublished":"2020-03-27T22:05:19+00:00","dateModified":"2025-04-03T16:09:19+00:00","description":"Aprenda a su propio ritmo desde dondequiera que est\u00e9 con DAN E-Learning. Si te interesa bucear de forma m\u00e1s segura, DAN tiene un curso para ti.","breadcrumb":{"@id":"https:\/\/world.dan.org\/education-events\/elearning\/#breadcrumb"},"inLanguage":"es-MX","potentialAction":[{"@type":"ReadAction","target":["https:\/\/world.dan.org\/education-events\/elearning\/"]}]},{"@type":"ImageObject","inLanguage":"es-MX","@id":"https:\/\/world.dan.org\/education-events\/elearning\/#primaryimage","url":"https:\/\/world.dan.org\/wp-content\/uploads\/2020\/08\/student-studying-1170926149-DAN-Resized.jpg","contentUrl":"https:\/\/world.dan.org\/wp-content\/uploads\/2020\/08\/student-studying-1170926149-DAN-Resized.jpg","width":1200,"height":713,"caption":"Concentrated african american guy in headphones studying foreign language online through video conference and making notes in notebook, panorama with copy space"},{"@type":"BreadcrumbList","@id":"https:\/\/world.dan.org\/education-events\/elearning\/#breadcrumb","itemListElement":[{"@type":"ListItem","position":1,"name":"Home","item":"https:\/\/world.dan.org\/"},{"@type":"ListItem","position":2,"name":"Education &#038; Events","item":"https:\/\/world.dan.org\/education-events\/"},{"@type":"ListItem","position":3,"name":"E-Learning"}]},{"@type":"WebSite","@id":"https:\/\/world.dan.org\/es\/#website","url":"https:\/\/world.dan.org\/es\/","name":"DAN World","description":"","publisher":{"@id":"https:\/\/world.dan.org\/es\/#organization"},"potentialAction":[{"@type":"SearchAction","target":{"@type":"EntryPoint","urlTemplate":"https:\/\/world.dan.org\/es\/?s={search_term_string}"},"query-input":{"@type":"PropertyValueSpecification","valueRequired":true,"valueName":"search_term_string"}}],"inLanguage":"es-MX"},{"@type":"Organization","@id":"https:\/\/world.dan.org\/es\/#organization","name":"DAN World","url":"https:\/\/world.dan.org\/es\/","logo":{"@type":"ImageObject","inLanguage":"es-MX","@id":"https:\/\/world.dan.org\/es\/#\/schema\/logo\/image\/","url":"https:\/\/world.dan.org\/wp-content\/uploads\/2022\/04\/DAN-World-logo-sm-52px.svg","contentUrl":"https:\/\/world.dan.org\/wp-content\/uploads\/2022\/04\/DAN-World-logo-sm-52px.svg","width":175,"height":52,"caption":"DAN World"},"image":{"@id":"https:\/\/world.dan.org\/es\/#\/schema\/logo\/image\/"}}]}},"_links":{"self":[{"href":"https:\/\/world.dan.org\/es\/wp-json\/wp\/v2\/pages\/61","targetHints":{"allow":["GET"]}}],"collection":[{"href":"https:\/\/world.dan.org\/es\/wp-json\/wp\/v2\/pages"}],"about":[{"href":"https:\/\/world.dan.org\/es\/wp-json\/wp\/v2\/types\/page"}],"author":[{"embeddable":true,"href":"https:\/\/world.dan.org\/es\/wp-json\/wp\/v2\/users\/1"}],"replies":[{"embeddable":true,"href":"https:\/\/world.dan.org\/es\/wp-json\/wp\/v2\/comments?post=61"}],"version-history":[{"count":0,"href":"https:\/\/world.dan.org\/es\/wp-json\/wp\/v2\/pages\/61\/revisions"}],"up":[{"embeddable":true,"href":"https:\/\/world.dan.org\/es\/wp-json\/wp\/v2\/pages\/27"}],"wp:featuredmedia":[{"embeddable":true,"href":"https:\/\/world.dan.org\/es\/wp-json\/wp\/v2\/media\/6532"}],"wp:attachment":[{"href":"https:\/\/world.dan.org\/es\/wp-json\/wp\/v2\/media?parent=61"}],"curies":[{"name":"wp","href":"https:\/\/api.w.org\/{rel}","templated":true}]}}