{"id":63,"date":"2020-03-27T18:05:55","date_gmt":"2020-03-27T22:05:55","guid":{"rendered":"https:\/\/dan.devhammer.com\/?page_id=63"},"modified":"2025-04-03T12:18:15","modified_gmt":"2025-04-03T16:18:15","slug":"become-a-dan-instructor","status":"publish","type":"page","link":"https:\/\/world.dan.org\/es\/education-events\/become-a-dan-instructor\/","title":{"rendered":"Convi\u00e9rtase en Instructor DAN"},"content":{"rendered":"<div class=\"n2_clear\"><ss3-force-full-width data-overflow-x=\"body\" data-horizontal-selector=\"\"><div class=\"n2-section-smartslider fitvidsignore  n2_clear\" data-ssid=\"37\" tabindex=\"0\" role=\"region\" aria-label=\"Slider\"><div id=\"n2-ss-37-align\" class=\"n2-ss-align\"><div class=\"n2-padding\"><div id=\"n2-ss-37\" data-creator=\"Smart Slider 3\" data-responsive=\"fullwidth\" class=\"n2-ss-slider n2-ow n2-has-hover n2notransition\">\n        <div class=\"n2-ss-slider-1 n2_ss__touch_element n2-ow\">\n            <div class=\"n2-ss-slider-2 n2-ow\">\n                                                <div class=\"n2-ss-slider-3 n2-ow\">\n\n                    <div class=\"n2-ss-slide-backgrounds n2-ow-all\"><div class=\"n2-ss-slide-background\" data-public-id=\"1\" data-mode=\"fill\"><div data-gradient=\"horizontal\" data-color-start=\"RGBA(3,70,132,0.48)\" data-color-end=\"RGBA(255,255,255,0)\" style=\"background:linear-gradient(to right, RGBA(3,70,132,0.48) 0%,RGBA(255,255,255,0) 100%);\" class=\"n2-ss-slide-background-color\"><\/div><\/div><\/div>                    <div class=\"n2-ss-slider-4 n2-ow\">\n                        <svg xmlns=\"http:\/\/www.w3.org\/2000\/svg\" viewbox=\"0 0 1600 600\" data-related-device=\"desktopPortrait\" class=\"n2-ow n2-ss-preserve-size n2-ss-preserve-size--slider n2-ss-slide-limiter\"><\/svg><div data-first=\"1\" data-slide-duration=\"0\" data-id=\"58\" data-slide-public-id=\"1\" data-title=\"Become an Instructor\" class=\"n2-ss-slide n2-ow  n2-ss-slide-58\"><div role=\"note\" class=\"n2-ss-slide--focus\" tabindex=\"-1\">Become an Instructor<\/div><div class=\"n2-ss-layers-container n2-ss-slide-limiter n2-ow\"><div class=\"n2-ss-layer n2-ow n-uc-QFpKH6JeWryC\" data-sstype=\"slide\" data-pm=\"default\"><div class=\"n2-ss-layer n2-ow n-uc-uymNLqesoPrv\" data-pm=\"default\" data-sstype=\"content\" data-hasbackground=\"0\"><div class=\"n2-ss-section-main-content n2-ss-layer-with-background n2-ss-layer-content n2-ow n-uc-uymNLqesoPrv-inner\"><div class=\"n2-ss-layer n2-ow n2-ss-layer--block n2-ss-has-self-align n-uc-KRAZmvLoeYX2\" data-pm=\"normal\" data-sstype=\"row\"><div class=\"n2-ss-layer-row n2-ss-layer-with-background n-uc-KRAZmvLoeYX2-inner\"><div class=\"n2-ss-layer-row-inner\"><div class=\"n2-ss-layer n2-ow n-uc-P6ukbodtvjap\" data-pm=\"default\" data-sstype=\"col\"><div class=\"n2-ss-layer-col n2-ss-layer-with-background n2-ss-layer-content n-uc-P6ukbodtvjap-inner\"><div class=\"n2-ss-layer n2-ow n-uc-55Jn328dLnf7 n2-ss-layer--auto\" data-pm=\"normal\" data-sstype=\"layer\"><div class=\"n2-ss-button-container n2-ss-item-content n2-ow n2-font-a3b57aec3250d1cd7b703e552c1cb98d-link  n2-ss-nowrap n2-ss-button-container--non-full-width\"><a class=\"n2-style-05ba4352b746b78a53d300ba52f2d0e2-heading  n2-ow\" onclick=\"return false;\" href=\"#\"><div><div>FORMACI\u00d3N<\/div><\/div><\/a><\/div><\/div><div class=\"n2-ss-layer n2-ow n-uc-jXRsiBTtcFbf\" data-pm=\"normal\" data-sstype=\"layer\"><h2 id=\"n2-ss-37item2\" class=\"n2-font-0e90d147ce6e7cb4798c11b222234271-hover n2-style-fea5f7007ea60cd0f94b58717a9ba1ac-heading   n2-ss-item-content n2-ss-text n2-ow\" style=\"display:block;\">CONVI\u00c9RTASE EN INSTRUCTOR<\/h2><\/div><div class=\"n2-ss-layer n2-ow n-uc-l0bieXmsEna8\" data-pm=\"normal\" data-sstype=\"layer\"><div class=\"n2-ss-item-content n2-ss-text n2-ow-all\"><div data-hide-desktoplandscape=\"1\" data-hide-desktopportrait=\"1\" data-hide-tabletlandscape=\"1\" data-hide-tabletportrait=\"1\"><\/div><div class=\"\" data-hide-mobilelandscape=\"1\" data-hide-mobileportrait=\"1\"><p class=\"n2-font-3bb99d1f4c6c6f425005dde180c1a679-paragraph  n2-style-39612b538396e2fceb18e53ec82d9001-heading\">Programas de Instructores y Formadores de Instructores de DAN<\/p>\n<\/div><\/div><\/div><div class=\"n2-ss-layer n2-ow n2-ss-layer--block n2-ss-has-self-align n-uc-cwvbn5SKqcXw\" data-pm=\"normal\" data-sstype=\"row\"><div class=\"n2-ss-layer-row n2-ss-layer-with-background n-uc-cwvbn5SKqcXw-inner\"><div class=\"n2-ss-layer-row-inner\"><div class=\"n2-ss-layer n2-ow n-uc-oXnAbi2D9NPC\" data-pm=\"default\" data-sstype=\"col\"><div class=\"n2-ss-layer-col n2-ss-layer-with-background n2-ss-layer-content n-uc-oXnAbi2D9NPC-inner\"><div class=\"n2-ss-layer n2-ow n-uc-dsl10NuXYmt8 n2-ss-layer--auto\" data-pm=\"normal\" data-hidedesktopportrait=\"1\" data-hidetabletportrait=\"1\" data-hidemobileportrait=\"1\" data-sstype=\"layer\"><div class=\"n2-ss-button-container n2-ss-item-content n2-ow n2-font-efb749624a85eff02533b8cc5c19c88c-link  n2-ss-nowrap n2-ss-button-container--non-full-width\"><a class=\"n2-style-cd7796faf722e88fc7c6131f998fde7c-heading  n2-ow\" onclick=\"return false;\" target=\"_blank\" href=\"#\"><div><div>Plataforma de e-learning<\/div><\/div><\/a><\/div><\/div><\/div><\/div><\/div><\/div><\/div><\/div><\/div><\/div><\/div><\/div><\/div><\/div><\/div><\/div><\/div>                    <\/div>\n\n                                    <\/div>\n            <\/div>\n        <\/div>\n        <\/div><ss3-loader><\/ss3-loader><\/div><\/div><div class=\"n2_clear\"><\/div><\/div><\/ss3-force-full-width><\/div>\n\n\n<div style=\"height:100px\" aria-hidden=\"true\" class=\"wp-block-spacer\"><\/div>\n\n\n\n<h1 class=\"wp-block-heading\">\u00bfPor qu\u00e9 querr\u00eda ser Instructor de DAN?<\/h1>\n\n\n\n<p>Al convertirse en instructor de DAN, puede ayudar a crear una comunidad de buzos capaces y mejor preparados. Puede formar a su personal de buceo para que alcance un alto grado de capacitaci\u00f3n, mejorar su empresa y demostrar a sus clientes su compromiso con la seguridad.<\/p>\n\n\n\n<p>Dictar cursos de capacitaci\u00f3n en primeros auxilios puede ayudarlo a desarrollar una actividad comercial fuera de temporada y a diversificar su fuente de ingresos. Ofrecer cursos de primeros auxilios a su comunidad local prepara a las personas para responder correctamente en caso de emergencia y es un recurso excelente para acercarlos al mundo del buceo.<\/p>\n\n\n\n<p>Si luego cumple otros requisitos, podr\u00eda seguir avanzando y convertirse en Capacitador de Instructores de DAN. Desarr\u00f3llese profesionalmente en el buceo y ayude a otros profesionales de este \u00e1mbito dictando cursos de capacitaci\u00f3n para Instructores de DAN.<\/p>\n\n\n\n<div style=\"height:50px\" aria-hidden=\"true\" class=\"wp-block-spacer\"><\/div>\n\n\n\n<h2 class=\"wp-block-heading\"><span style=\"color: #111111;\" class=\"stk-highlight\">Fortalezca su comunidad local<\/span><\/h2>\n\n\n\n<p>Trascienda la industria del buceo y obtenga reconocimiento como experto en primeros auxilios y en capacitaci\u00f3n ofreciendo cursos de primeros auxilios de DAN a sus buzos y a la comunidad local. Las habilidades que se adquieren con los cursos superiores para Instructores y para Capacitadores de Instructores de DAN son ideales para formar a miembros de ligas deportivas y recreativas, grupos escolares, organizaciones de scouts y asociaciones de voluntarios. Con su especializaci\u00f3n en primeros auxilios y RCP a nivel general podr\u00e1 preparar a estas personas para que enfrenten los accidentes o lesiones que pueden ocurrir durante sus actividades.<\/p>\n\n\n\n<div style=\"height:50px\" aria-hidden=\"true\" class=\"wp-block-spacer\"><\/div>\n\n\n\n<h2 class=\"wp-block-heading\"><span style=\"color: #111111;\" class=\"stk-highlight\">Sea un referente en la industria del buceo<\/span><\/h2>\n\n\n\n<p>Desde hace mucho tiempo, Divers Alert Network (DAN) tiene el reconocimiento de ser la asociaci\u00f3n de seguridad en el buceo m\u00e1s importante del mundo. Cuando se convierte en Instructor de DAN o en Capacitador de Instructores de DAN, se une a nosotros para hacer del nuestro un deporte m\u00e1s seguro para todos los buzos, evitando accidentes, mitigando riesgos y compartiendo su conocimiento con los cursos de DAN.<\/p>\n\n\n\n<div style=\"height:50px\" aria-hidden=\"true\" class=\"wp-block-spacer\"><\/div>\n\n\n\n<hr class=\"wp-block-separator has-text-color has-dan-light-gray-color has-css-opacity has-dan-light-gray-background-color has-background\"\/>\n\n\n\n<div style=\"height:50px\" aria-hidden=\"true\" class=\"wp-block-spacer\"><\/div>\n\n\n\n<div class=\"wp-block-columns is-layout-flex wp-container-core-columns-is-layout-9d6595d7 wp-block-columns-is-layout-flex\">\n<div class=\"wp-block-column is-layout-flow wp-block-column-is-layout-flow\">\n<h2 class=\"wp-block-heading\"><span style=\"color:#a70b2a\" class=\"color\">Convi\u00e9rtase en Instructor DAN<\/span><\/h2>\n\n\n\n<ol class=\"wp-block-list\">\n<li>Debe ser miembro de DAN y de DAN Pro.<\/li>\n\n\n\n<li>Debe ser un referente activo del buceo (p. ej., instructor, asistente de instructor, dive con o divemaster) con su propia agencia de formaci\u00f3n.<\/li>\n\n\n\n<li class=\"translation-block\"><strong><a href=\"https:\/\/apps.dan.org\/instructor-directory\/\" target=\"_self\">Encuentra un DAN Instructor Trainer<\/a> <\/strong>cerca de ti para empezar.<\/li>\n\n\n\n<li>Complete los m\u00f3dulos de e-learning del curso de Capacitaci\u00f3n para Instructores (IQC) que le indique su Entrenador de Instructores.\n<ol class=\"wp-block-list\">\n<li>Complete el M\u00f3dulo Central de DAN.<\/li>\n\n\n\n<li>Complete los m\u00f3dulos para Instructores de los cursos que desea ense\u00f1ar.<\/li>\n<\/ol>\n<\/li>\n\n\n\n<li>Complete con su Entrenador las sesiones en clase del curso de IQC.<\/li>\n\n\n\n<li>Comience a ense\u00f1ar tras finalizar el curso y recibir la aprobaci\u00f3n de su Entrenador.<\/li>\n<\/ol>\n<\/div>\n\n\n\n<div class=\"wp-block-column has-dan-light-gray-background-color has-background is-layout-flow wp-block-column-is-layout-flow\" style=\"flex-basis:2px\"><\/div>\n\n\n\n<div class=\"wp-block-column is-layout-flow wp-block-column-is-layout-flow\">\n<h2 class=\"wp-block-heading\"><span style=\"color:#a70b2a\" class=\"color\">Convi\u00e9rtase en Entrenador de Instructores de DAN<\/span><\/h2>\n\n\n\n<ol class=\"wp-block-list\">\n<li>Debe ser un Instructor activo de DAN que ya ha ense\u00f1ado clases de primeros auxilios de DAN.<\/li>\n\n\n\n<li>Debe ser un Entrenador de Instructores en su agencia de capacitaci\u00f3n de buceo.\n<ol class=\"wp-block-list\">\n<li>Hay otras opciones disponibles (comun\u00edquese con DAN para obtener los detalles).<\/li>\n<\/ol>\n<\/li>\n\n\n\n<li class=\"translation-block\"><strong><a href=\"https:\/\/apps.dan.org\/instructor-directory\/\" target=\"_blank\" rel=\"noreferrer noopener\">Encuentra un DAN Examiner<\/a><\/strong> en tu zona que pueda proporcionarte acceso al m\u00f3dulo online Instructor Trainer.<\/li>\n\n\n\n<li>Complete el m\u00f3dulo de aprendizaje en l\u00ednea del taller para Entrenadores de Instructores (ITW)<\/li>\n\n\n\n<li>Complete la sesi\u00f3n en clase del taller para Entrenadores de Instructores con su Examinador de DAN.<\/li>\n\n\n\n<li>Comience a ense\u00f1ar cuando su Examinador de DAN lo apruebe.<\/li>\n<\/ol>\n\n\n\n<div style=\"height:15px\" aria-hidden=\"true\" class=\"wp-block-spacer\"><\/div>\n\n\n\n<h4 class=\"wp-block-heading\"><strong><span style=\"color: #111111;\" class=\"stk-highlight\">Opciones para Entrenadores de Instructores de DAN:<\/span><\/strong><\/h4>\n\n\n\n<ol class=\"wp-block-list\">\n<li>Entrenador de Instructores para el curso de Administrador de emergencias de buceo, que incluye los m\u00f3dulos Soporte de vida b\u00e1sico: RCP y primeros auxilios; Ox\u00edgeno de emergencias para accidentes de buceo; Examen neurol\u00f3gico; Primeros auxilios para lesiones causadas por vida marina peligrosa y Administrador de emergencias de buceo.<\/li>\n\n\n\n<li>Entrenador de Instructores para todos los cursos: incluye todos los cursos de primeros auxilios de DAN.<\/li>\n<\/ol>\n<\/div>\n<\/div>\n\n\n\n<p><\/p>","protected":false},"excerpt":{"rendered":"<p>Al convertirse en instructor de DAN, puede ayudar a crear una comunidad de buzos m\u00e1s capaces y preparados. Como instructor de DAN, las posibilidades de desarrollo profesional son ilimitadas.<\/p>","protected":false},"author":1,"featured_media":19648,"parent":27,"menu_order":166,"comment_status":"closed","ping_status":"closed","template":"templates\/page-landing-2a.php","meta":{"_acf_changed":false,"_ef_editorial_meta_date_first-draft-date":"","_ef_editorial_meta_paragraph_assignment":"","_ef_editorial_meta_checkbox_needs-photo":"","_ef_editorial_meta_number_word-count":"","footnotes":""},"class_list":["post-63","page","type-page","status-publish","has-post-thumbnail","hentry"],"acf":[],"yoast_head":"<!-- This site is optimized with the Yoast SEO Premium plugin v27.4 (Yoast SEO v27.4) - https:\/\/yoast.com\/product\/yoast-seo-premium-wordpress\/ -->\n<title>Become a DAN Instructor - DAN World<\/title>\n<meta name=\"description\" content=\"When you become a DAN Instructor you can help build a more skillful and better trained community of divers. As a DAN Instructor the possibilities for professional growth are endless.\" \/>\n<meta name=\"robots\" content=\"index, follow, max-snippet:-1, max-image-preview:large, max-video-preview:-1\" \/>\n<link rel=\"canonical\" href=\"https:\/\/world.dan.org\/es\/education-events\/become-a-dan-instructor\/\" \/>\n<meta property=\"og:locale\" content=\"es_MX\" \/>\n<meta property=\"og:type\" content=\"article\" \/>\n<meta property=\"og:title\" content=\"Become a DAN Instructor\" \/>\n<meta property=\"og:description\" content=\"When you become a DAN Instructor you can help build a more skillful and better trained community of divers. As a DAN Instructor the possibilities for professional growth are endless.\" \/>\n<meta property=\"og:url\" content=\"https:\/\/world.dan.org\/es\/education-events\/become-a-dan-instructor\/\" \/>\n<meta property=\"og:site_name\" content=\"DAN World\" \/>\n<meta property=\"article:modified_time\" content=\"2025-04-03T16:18:15+00:00\" \/>\n<meta property=\"og:image\" content=\"https:\/\/world.dan.org\/wp-content\/uploads\/2021\/12\/DAN-Instructor-trainer-scuba_MG_2066-.jpg\" \/>\n\t<meta property=\"og:image:width\" content=\"1920\" \/>\n\t<meta property=\"og:image:height\" content=\"926\" \/>\n\t<meta property=\"og:image:type\" content=\"image\/jpeg\" \/>\n<meta name=\"twitter:card\" content=\"summary_large_image\" \/>\n<meta name=\"twitter:title\" content=\"Become a DAN Instructor\" \/>\n<meta name=\"twitter:description\" content=\"When you become a DAN Instructor you can help build a more skillful and better trained community of divers. As a DAN Instructor the possibilities for professional growth are endless.\" \/>\n<meta name=\"twitter:image\" content=\"https:\/\/world.dan.org\/wp-content\/uploads\/2021\/12\/DAN-Instructor-trainer-scuba_MG_2066-.jpg\" \/>\n<meta name=\"twitter:label1\" content=\"Est. reading time\" \/>\n\t<meta name=\"twitter:data1\" content=\"3 minutes\" \/>\n<script type=\"application\/ld+json\" class=\"yoast-schema-graph\">{\"@context\":\"https:\\\/\\\/schema.org\",\"@graph\":[{\"@type\":\"WebPage\",\"@id\":\"https:\\\/\\\/world.dan.org\\\/education-events\\\/become-a-dan-instructor\\\/\",\"url\":\"https:\\\/\\\/world.dan.org\\\/education-events\\\/become-a-dan-instructor\\\/\",\"name\":\"Become a DAN Instructor - DAN World\",\"isPartOf\":{\"@id\":\"https:\\\/\\\/world.dan.org\\\/es\\\/#website\"},\"primaryImageOfPage\":{\"@id\":\"https:\\\/\\\/world.dan.org\\\/education-events\\\/become-a-dan-instructor\\\/#primaryimage\"},\"image\":{\"@id\":\"https:\\\/\\\/world.dan.org\\\/education-events\\\/become-a-dan-instructor\\\/#primaryimage\"},\"thumbnailUrl\":\"https:\\\/\\\/world.dan.org\\\/wp-content\\\/uploads\\\/2021\\\/12\\\/DAN-Instructor-trainer-scuba_MG_2066-.jpg\",\"datePublished\":\"2020-03-27T22:05:55+00:00\",\"dateModified\":\"2025-04-03T16:18:15+00:00\",\"description\":\"When you become a DAN Instructor you can help build a more skillful and better trained community of divers. As a DAN Instructor the possibilities for professional growth are endless.\",\"breadcrumb\":{\"@id\":\"https:\\\/\\\/world.dan.org\\\/education-events\\\/become-a-dan-instructor\\\/#breadcrumb\"},\"inLanguage\":\"es-MX\",\"potentialAction\":[{\"@type\":\"ReadAction\",\"target\":[\"https:\\\/\\\/world.dan.org\\\/education-events\\\/become-a-dan-instructor\\\/\"]}]},{\"@type\":\"ImageObject\",\"inLanguage\":\"es-MX\",\"@id\":\"https:\\\/\\\/world.dan.org\\\/education-events\\\/become-a-dan-instructor\\\/#primaryimage\",\"url\":\"https:\\\/\\\/world.dan.org\\\/wp-content\\\/uploads\\\/2021\\\/12\\\/DAN-Instructor-trainer-scuba_MG_2066-.jpg\",\"contentUrl\":\"https:\\\/\\\/world.dan.org\\\/wp-content\\\/uploads\\\/2021\\\/12\\\/DAN-Instructor-trainer-scuba_MG_2066-.jpg\",\"width\":1920,\"height\":926,\"caption\":\"instruction on a dive boat\"},{\"@type\":\"BreadcrumbList\",\"@id\":\"https:\\\/\\\/world.dan.org\\\/education-events\\\/become-a-dan-instructor\\\/#breadcrumb\",\"itemListElement\":[{\"@type\":\"ListItem\",\"position\":1,\"name\":\"Home\",\"item\":\"https:\\\/\\\/world.dan.org\\\/\"},{\"@type\":\"ListItem\",\"position\":2,\"name\":\"Education &#038; Events\",\"item\":\"https:\\\/\\\/world.dan.org\\\/education-events\\\/\"},{\"@type\":\"ListItem\",\"position\":3,\"name\":\"Become a DAN Instructor\"}]},{\"@type\":\"WebSite\",\"@id\":\"https:\\\/\\\/world.dan.org\\\/es\\\/#website\",\"url\":\"https:\\\/\\\/world.dan.org\\\/es\\\/\",\"name\":\"DAN World\",\"description\":\"\",\"publisher\":{\"@id\":\"https:\\\/\\\/world.dan.org\\\/es\\\/#organization\"},\"potentialAction\":[{\"@type\":\"SearchAction\",\"target\":{\"@type\":\"EntryPoint\",\"urlTemplate\":\"https:\\\/\\\/world.dan.org\\\/es\\\/?s={search_term_string}\"},\"query-input\":{\"@type\":\"PropertyValueSpecification\",\"valueRequired\":true,\"valueName\":\"search_term_string\"}}],\"inLanguage\":\"es-MX\"},{\"@type\":\"Organization\",\"@id\":\"https:\\\/\\\/world.dan.org\\\/es\\\/#organization\",\"name\":\"DAN World\",\"url\":\"https:\\\/\\\/world.dan.org\\\/es\\\/\",\"logo\":{\"@type\":\"ImageObject\",\"inLanguage\":\"es-MX\",\"@id\":\"https:\\\/\\\/world.dan.org\\\/es\\\/#\\\/schema\\\/logo\\\/image\\\/\",\"url\":\"https:\\\/\\\/world.dan.org\\\/wp-content\\\/uploads\\\/2022\\\/04\\\/DAN-World-logo-sm-52px.svg\",\"contentUrl\":\"https:\\\/\\\/world.dan.org\\\/wp-content\\\/uploads\\\/2022\\\/04\\\/DAN-World-logo-sm-52px.svg\",\"width\":175,\"height\":52,\"caption\":\"DAN World\"},\"image\":{\"@id\":\"https:\\\/\\\/world.dan.org\\\/es\\\/#\\\/schema\\\/logo\\\/image\\\/\"}}]}<\/script>\n<!-- \/ Yoast SEO Premium plugin. -->","yoast_head_json":{"title":"Convi\u00e9rtete en instructor DAN - DAN World","description":"Al convertirse en instructor de DAN, puede ayudar a crear una comunidad de buzos m\u00e1s capaces y preparados. Como instructor de DAN, las posibilidades de desarrollo profesional son ilimitadas.","robots":{"index":"index","follow":"follow","max-snippet":"max-snippet:-1","max-image-preview":"max-image-preview:large","max-video-preview":"max-video-preview:-1"},"canonical":"https:\/\/world.dan.org\/es\/education-events\/become-a-dan-instructor\/","og_locale":"es_MX","og_type":"article","og_title":"Become a DAN Instructor","og_description":"When you become a DAN Instructor you can help build a more skillful and better trained community of divers. As a DAN Instructor the possibilities for professional growth are endless.","og_url":"https:\/\/world.dan.org\/es\/education-events\/become-a-dan-instructor\/","og_site_name":"DAN World","article_modified_time":"2025-04-03T16:18:15+00:00","og_image":[{"width":1920,"height":926,"url":"https:\/\/world.dan.org\/wp-content\/uploads\/2021\/12\/DAN-Instructor-trainer-scuba_MG_2066-.jpg","type":"image\/jpeg"}],"twitter_card":"summary_large_image","twitter_title":"Become a DAN Instructor","twitter_description":"When you become a DAN Instructor you can help build a more skillful and better trained community of divers. As a DAN Instructor the possibilities for professional growth are endless.","twitter_image":"https:\/\/world.dan.org\/wp-content\/uploads\/2021\/12\/DAN-Instructor-trainer-scuba_MG_2066-.jpg","twitter_misc":{"Est. reading time":"3 minutes"},"schema":{"@context":"https:\/\/schema.org","@graph":[{"@type":"WebPage","@id":"https:\/\/world.dan.org\/education-events\/become-a-dan-instructor\/","url":"https:\/\/world.dan.org\/education-events\/become-a-dan-instructor\/","name":"Convi\u00e9rtete en instructor DAN - DAN World","isPartOf":{"@id":"https:\/\/world.dan.org\/es\/#website"},"primaryImageOfPage":{"@id":"https:\/\/world.dan.org\/education-events\/become-a-dan-instructor\/#primaryimage"},"image":{"@id":"https:\/\/world.dan.org\/education-events\/become-a-dan-instructor\/#primaryimage"},"thumbnailUrl":"https:\/\/world.dan.org\/wp-content\/uploads\/2021\/12\/DAN-Instructor-trainer-scuba_MG_2066-.jpg","datePublished":"2020-03-27T22:05:55+00:00","dateModified":"2025-04-03T16:18:15+00:00","description":"Al convertirse en instructor de DAN, puede ayudar a crear una comunidad de buzos m\u00e1s capaces y preparados. Como instructor de DAN, las posibilidades de desarrollo profesional son ilimitadas.","breadcrumb":{"@id":"https:\/\/world.dan.org\/education-events\/become-a-dan-instructor\/#breadcrumb"},"inLanguage":"es-MX","potentialAction":[{"@type":"ReadAction","target":["https:\/\/world.dan.org\/education-events\/become-a-dan-instructor\/"]}]},{"@type":"ImageObject","inLanguage":"es-MX","@id":"https:\/\/world.dan.org\/education-events\/become-a-dan-instructor\/#primaryimage","url":"https:\/\/world.dan.org\/wp-content\/uploads\/2021\/12\/DAN-Instructor-trainer-scuba_MG_2066-.jpg","contentUrl":"https:\/\/world.dan.org\/wp-content\/uploads\/2021\/12\/DAN-Instructor-trainer-scuba_MG_2066-.jpg","width":1920,"height":926,"caption":"instruction on a dive boat"},{"@type":"BreadcrumbList","@id":"https:\/\/world.dan.org\/education-events\/become-a-dan-instructor\/#breadcrumb","itemListElement":[{"@type":"ListItem","position":1,"name":"Home","item":"https:\/\/world.dan.org\/"},{"@type":"ListItem","position":2,"name":"Education &#038; Events","item":"https:\/\/world.dan.org\/education-events\/"},{"@type":"ListItem","position":3,"name":"Become a DAN Instructor"}]},{"@type":"WebSite","@id":"https:\/\/world.dan.org\/es\/#website","url":"https:\/\/world.dan.org\/es\/","name":"DAN World","description":"","publisher":{"@id":"https:\/\/world.dan.org\/es\/#organization"},"potentialAction":[{"@type":"SearchAction","target":{"@type":"EntryPoint","urlTemplate":"https:\/\/world.dan.org\/es\/?s={search_term_string}"},"query-input":{"@type":"PropertyValueSpecification","valueRequired":true,"valueName":"search_term_string"}}],"inLanguage":"es-MX"},{"@type":"Organization","@id":"https:\/\/world.dan.org\/es\/#organization","name":"DAN World","url":"https:\/\/world.dan.org\/es\/","logo":{"@type":"ImageObject","inLanguage":"es-MX","@id":"https:\/\/world.dan.org\/es\/#\/schema\/logo\/image\/","url":"https:\/\/world.dan.org\/wp-content\/uploads\/2022\/04\/DAN-World-logo-sm-52px.svg","contentUrl":"https:\/\/world.dan.org\/wp-content\/uploads\/2022\/04\/DAN-World-logo-sm-52px.svg","width":175,"height":52,"caption":"DAN World"},"image":{"@id":"https:\/\/world.dan.org\/es\/#\/schema\/logo\/image\/"}}]}},"_links":{"self":[{"href":"https:\/\/world.dan.org\/es\/wp-json\/wp\/v2\/pages\/63","targetHints":{"allow":["GET"]}}],"collection":[{"href":"https:\/\/world.dan.org\/es\/wp-json\/wp\/v2\/pages"}],"about":[{"href":"https:\/\/world.dan.org\/es\/wp-json\/wp\/v2\/types\/page"}],"author":[{"embeddable":true,"href":"https:\/\/world.dan.org\/es\/wp-json\/wp\/v2\/users\/1"}],"replies":[{"embeddable":true,"href":"https:\/\/world.dan.org\/es\/wp-json\/wp\/v2\/comments?post=63"}],"version-history":[{"count":0,"href":"https:\/\/world.dan.org\/es\/wp-json\/wp\/v2\/pages\/63\/revisions"}],"up":[{"embeddable":true,"href":"https:\/\/world.dan.org\/es\/wp-json\/wp\/v2\/pages\/27"}],"wp:featuredmedia":[{"embeddable":true,"href":"https:\/\/world.dan.org\/es\/wp-json\/wp\/v2\/media\/19648"}],"wp:attachment":[{"href":"https:\/\/world.dan.org\/es\/wp-json\/wp\/v2\/media?parent=63"}],"curies":[{"name":"wp","href":"https:\/\/api.w.org\/{rel}","templated":true}]}}