{"id":67,"date":"2020-03-27T18:06:48","date_gmt":"2020-03-27T22:06:48","guid":{"rendered":"https:\/\/dan.devhammer.com\/?page_id=67"},"modified":"2021-08-03T09:58:26","modified_gmt":"2021-08-03T13:58:26","slug":"dive-professionals","status":"publish","type":"page","link":"https:\/\/world.dan.org\/es\/professional-programs\/dive-professionals\/","title":{"rendered":"Profesionales del buceo"},"content":{"rendered":"<div style=\"height:30px\" aria-hidden=\"true\" class=\"wp-block-spacer\"><\/div>\n\n\n\n<h1 class=\"wp-block-heading\">La primera l\u00ednea<\/h1>\n\n\n\n<p>Ser un profesional de buceo implica fomentar la seguridad y ser el principal responsable de proteger a sus buzos todos los d\u00edas. Si bien ser un profesional del buceo tiene muchas ventajas, DAN comprende que tambi\u00e9n conlleva la importante responsabilidad de proteger vidas. <br>Por eso DAN est\u00e1 aqu\u00ed para defenderle. DAN proporciona a todas las tiendas de buceo, instructores de buceo, divemasters y l\u00edderes de buceo acceso a programas de mitigaci\u00f3n de riesgos y seguridad dise\u00f1ados para proteger tanto a los buceadores como a los profesionales del buceo.<strong> <\/strong>Desde la protecci\u00f3n del buceador hasta la prevenci\u00f3n de accidentes y la gesti\u00f3n de emergencias, el programa de afiliaci\u00f3n profesional de DAN le ofrece las herramientas que necesita para hacer realidad nuestra visi\u00f3n compartida de conseguir que todas las inmersiones est\u00e9n libres de accidentes y lesiones.<\/p>\n\n\n\n<div class=\"wp-block-columns is-layout-flex wp-container-core-columns-is-layout-9d6595d7 wp-block-columns-is-layout-flex\">\n<div class=\"wp-block-column is-vertically-aligned-center is-layout-flow wp-block-column-is-layout-flow\" style=\"flex-basis:55%\">\n<p class=\"has-text-align-left\"><strong>Para obtener m\u00e1s informaci\u00f3n o hacerse miembro profesional de DAN:<\/strong><\/p>\n<\/div>\n\n\n\n<div class=\"wp-block-column is-vertically-aligned-center is-layout-flow wp-block-column-is-layout-flow\" style=\"flex-basis:45%\">\n<div class=\"wp-block-buttons is-layout-flex wp-block-buttons-is-layout-flex\">\n<div class=\"wp-block-button\"><a class=\"wp-block-button__link has-dan-red-400-background-color has-background no-border-radius\" href=\"mailto:DANPros@DAN.org\">Env\u00ede un correo electr\u00f3nico a DAN Pros<\/a><\/div>\n<\/div>\n<\/div>\n<\/div>\n\n\n\n<div style=\"height:30px\" aria-hidden=\"true\" class=\"wp-block-spacer\"><\/div>\n\n\n\n<hr class=\"wp-block-separator\"\/>\n\n\n\n<div style=\"height:100px\" aria-hidden=\"true\" class=\"wp-block-spacer\"><\/div>\n\n\n\n<div class=\"alignfull wp-block-ugb-number-box ugb-number-box ugb-c351fd9 ugb-number-box--v3 ugb-number-box--columns-3 ugb-number-box--design-background ugb-main-block ugb-main-block--inner-full ugb--has-block-background\"><style>.ugb-c351fd9 .ugb-number-box__title{font-size:25px !important}.ugb-c351fd9 .ugb-inner-block{text-align:left}.ugb-c351fd9.ugb-number-box{background-color:#00406e}.ugb-c351fd9.ugb-number-box:before{background-color:#00406e}.ugb-c351fd9 .ugb-block-title{color:#ffffff;margin-bottom:30px !important}<\/style><div class=\"ugb-inner-block ugb-inner-block--full\"><h1 class=\"ugb-block-title\">Membres\u00eda Profesional<\/h1><div class=\"ugb-block-content\"><div class=\"ugb-number-box__item ugb-number-box__item1\"><div class=\"ugb-number-box__content\"><h4 class=\"ugb-number-box__title\">eLearning<\/h4><p class=\"ugb-number-box__description\">-Gane 20% con cobertura de accidentes de buceo de corta duraci\u00f3n.<br><br>-Gana $10 cuando refieras nuevos miembros a DAN World<\/p><\/div><\/div><div class=\"ugb-number-box__item ugb-number-box__item2\"><div class=\"ugb-number-box__content\"><h4 class=\"ugb-number-box__title\">Recursos de seguridad<\/h4><p class=\"ugb-number-box__description\">-Webinarios y v\u00eddeos<br><br>-Gu\u00edas inteligentes<br><br>-Libros de referencia<\/p><\/div><\/div><div class=\"ugb-number-box__item ugb-number-box__item3\"><div class=\"ugb-number-box__content\"><h4 class=\"ugb-number-box__title\">Descuentos<\/h4><p class=\"ugb-number-box__description\">-Obtenga precios preferentes en unidades de ox\u00edgeno, botiquines de primeros auxilios y productos de seguridad.<br><br>-Se puede acceder a los precios para socios a trav\u00e9s de la cuenta en l\u00ednea<\/p><\/div><\/div><\/div><\/div><\/div>\n\n\n\n<div style=\"height:60px\" aria-hidden=\"true\" class=\"wp-block-spacer\"><\/div>\n\n\n\n<h2 class=\"has-dan-black-color has-text-color wp-block-heading\">Ventajas de la afiliaci\u00f3n profesional a DAN:<\/h2>\n\n\n\n<div class=\"wp-block-columns is-layout-flex wp-container-core-columns-is-layout-9d6595d7 wp-block-columns-is-layout-flex\">\n<div class=\"wp-block-column is-layout-flow wp-block-column-is-layout-flow\">\n<h3 class=\"has-dan-red-400-color has-text-color wp-block-heading\" style=\"font-size:24px\">Precios preferentes en el seguro de responsabilidad civil<\/h3>\n\n\n\n<p>Los programas de seguro de responsabilidad civil de DAN RRG ofrecen cobertura mundial respaldada por Lloyd's of London. Los planes se pueden personalizar y ofrecen primas bajas para los miembros de DAN.<\/p>\n\n\n\n<p>Los beneficios obtenidos de las ventas del Seguro de Responsabilidad Civil DAN se reinvierten en la investigaci\u00f3n m\u00e9dica y sanitaria de la organizaci\u00f3n para ayudar a que el buceo sea m\u00e1s seguro para todos los buceadores.<\/p>\n<\/div>\n\n\n\n<div class=\"wp-block-column is-layout-flow wp-block-column-is-layout-flow\">\n<h3 class=\"has-dan-red-400-color has-text-color wp-block-heading\" style=\"font-size:24px\">Cobertura m\u00e9dica subvencionada para estudiantes<\/h3>\n\n\n\n<p>Inscriba a sus estudiantes de nivel inicial en el programa de cobertura de gastos m\u00e9dicos para estudiantes de DAN, que proporciona hasta 25.000 USD en cobertura de gastos m\u00e9dicos por lesiones sufridas durante la formaci\u00f3n.<\/p>\n\n\n\n<p>Este programa est\u00e1 totalmente subvencionado por DAN e incluye buceo con botella y sin botella.<\/p>\n<\/div>\n\n\n\n<div class=\"wp-block-column is-layout-flow wp-block-column-is-layout-flow\">\n<h3 class=\"has-dan-red-400-color has-text-color wp-block-heading\" style=\"font-size:24px\">Programa de recompensas por recomendar a un socio<\/h3>\n\n\n\n<p>Gane puntos de recompensa por cada buceador que inscriba como nuevo miembro de DAN. Hay tres formas sencillas de acumular puntos que se pueden utilizar para la compra de unidades de ox\u00edgeno DAN, botiquines de primeros auxilios y accesorios de seguridad.<\/p>\n\n\n\n<p>Los puntos no utilizados durante el a\u00f1o pueden canjearse por dinero en efectivo.<\/p>\n<\/div>\n<\/div>\n\n\n\n<hr class=\"wp-block-separator\"\/>\n\n\n\n<div class=\"wp-block-columns is-layout-flex wp-container-core-columns-is-layout-9d6595d7 wp-block-columns-is-layout-flex\">\n<div class=\"wp-block-column is-layout-flow wp-block-column-is-layout-flow\">\n<h3 class=\"has-dan-red-400-color has-text-color wp-block-heading\" style=\"font-size:24px\">Descuentos en botiquines de primeros auxilios y ox\u00edgeno<\/h3>\n\n\n\n<p>Los miembros profesionales de DAN reciben precios preferentes en unidades de ox\u00edgeno, botiquines de primeros auxilios y productos de seguridad de la tienda DAN.<\/p>\n\n\n\n<p>Puede acceder a los precios para miembros a trav\u00e9s de su <a href=\"https:\/\/members.world.dan.org\/dan\/login\/\"><strong>Cuenta de miembro profesional DAN<\/strong><\/a>.<\/p>\n<\/div>\n\n\n\n<div class=\"wp-block-column is-layout-flow wp-block-column-is-layout-flow\">\n<h3 class=\"has-dan-red-400-color has-text-color wp-block-heading\" style=\"font-size:24px\">Herramientas interactivas de mitigaci\u00f3n de riesgos<\/h3>\n\n\n\n<p>Ofrecemos formaci\u00f3n sobre seguridad en las operaciones de buceo, incluidos los programas Dive Safety Officer, Hazard Identification and Risk Assessment (HIRA), publicaciones descargables, avisos y listas de comprobaci\u00f3n, y EAP que puede personalizar. Disponibles sin coste alguno.<\/p>\n<\/div>\n\n\n\n<div class=\"wp-block-column is-layout-flow wp-block-column-is-layout-flow\">\n<h3 class=\"has-dan-red-400-color has-text-color wp-block-heading\" style=\"font-size:24px\">Recursos para sus alumnos<\/h3>\n\n\n\n<p>Difunda el mensaje de la seguridad en el buceo. <a href=\"https:\/\/world.dan.org\/es\/professional-programs\/dive-professionals\/dan-student-resources\/\"><strong>Haga clic en<\/strong><\/a> para acceder a la informaci\u00f3n m\u00e1s relevante sobre salud y seguridad para estudiantes y buceadores noveles.<\/p>\n\n\n\n<p>La informaci\u00f3n est\u00e1 disponible en l\u00ednea, en formato PDF, y puede compartirse a trav\u00e9s de las redes sociales.<\/p>\n<\/div>\n<\/div>","protected":false},"excerpt":{"rendered":"<p>DAN\u2019s Professional Membership program provides scuba diving instructors, divemasters and dive leaders with access to valuable risk-mitigation programs, student medical coverage and other safety resources to help protect divers from accidents and injury. Take the first step and demonstrate to your customers how important safety is to your business. <\/p>","protected":false},"author":14,"featured_media":17834,"parent":29,"menu_order":175,"comment_status":"closed","ping_status":"closed","template":"","meta":{"_acf_changed":false,"_ef_editorial_meta_date_first-draft-date":"","_ef_editorial_meta_paragraph_assignment":"","_ef_editorial_meta_checkbox_needs-photo":"","_ef_editorial_meta_number_word-count":"","footnotes":""},"class_list":["post-67","page","type-page","status-publish","has-post-thumbnail","hentry"],"acf":[],"yoast_head":"<!-- This site is optimized with the Yoast SEO Premium plugin v27.0 (Yoast SEO v27.3) - https:\/\/yoast.com\/product\/yoast-seo-premium-wordpress\/ -->\n<title>Dive Professionals - DAN World<\/title>\n<meta name=\"robots\" content=\"index, follow, max-snippet:-1, max-image-preview:large, max-video-preview:-1\" \/>\n<link rel=\"canonical\" href=\"https:\/\/world.dan.org\/es\/professional-programs\/dive-professionals\/\" \/>\n<meta property=\"og:locale\" content=\"es_MX\" \/>\n<meta property=\"og:type\" content=\"article\" \/>\n<meta property=\"og:title\" content=\"Dive Professionals\" \/>\n<meta property=\"og:description\" content=\"DAN&#039;s Professional Membership program provides scuba diving instructors, divemasters and dive leaders with access to valuable risk-mitigation programs, student medical coverage and other safety resources to help protect divers from accidents and injury. Take the first step and demonstrate to your customers how important safety is to your business.\" \/>\n<meta property=\"og:url\" content=\"https:\/\/world.dan.org\/es\/professional-programs\/dive-professionals\/\" \/>\n<meta property=\"og:site_name\" content=\"DAN World\" \/>\n<meta property=\"article:modified_time\" content=\"2021-08-03T13:58:26+00:00\" \/>\n<meta property=\"og:image\" content=\"https:\/\/world.dan.org\/wp-content\/uploads\/2021\/07\/DAN-location-images-0026-1200x600-1.jpg\" \/>\n\t<meta property=\"og:image:width\" content=\"1200\" \/>\n\t<meta property=\"og:image:height\" content=\"600\" \/>\n\t<meta property=\"og:image:type\" content=\"image\/jpeg\" \/>\n<meta name=\"twitter:card\" content=\"summary_large_image\" \/>\n<meta name=\"twitter:label1\" content=\"Est. reading time\" \/>\n\t<meta name=\"twitter:data1\" content=\"2 minutes\" \/>\n<script type=\"application\/ld+json\" class=\"yoast-schema-graph\">{\"@context\":\"https:\\\/\\\/schema.org\",\"@graph\":[{\"@type\":\"WebPage\",\"@id\":\"https:\\\/\\\/world.dan.org\\\/professional-programs\\\/dive-professionals\\\/\",\"url\":\"https:\\\/\\\/world.dan.org\\\/professional-programs\\\/dive-professionals\\\/\",\"name\":\"Dive Professionals - DAN World\",\"isPartOf\":{\"@id\":\"https:\\\/\\\/world.dan.org\\\/es\\\/#website\"},\"primaryImageOfPage\":{\"@id\":\"https:\\\/\\\/world.dan.org\\\/professional-programs\\\/dive-professionals\\\/#primaryimage\"},\"image\":{\"@id\":\"https:\\\/\\\/world.dan.org\\\/professional-programs\\\/dive-professionals\\\/#primaryimage\"},\"thumbnailUrl\":\"https:\\\/\\\/world.dan.org\\\/wp-content\\\/uploads\\\/2021\\\/07\\\/DAN-location-images-0026-1200x600-1.jpg\",\"datePublished\":\"2020-03-27T22:06:48+00:00\",\"dateModified\":\"2021-08-03T13:58:26+00:00\",\"breadcrumb\":{\"@id\":\"https:\\\/\\\/world.dan.org\\\/professional-programs\\\/dive-professionals\\\/#breadcrumb\"},\"inLanguage\":\"es-MX\",\"potentialAction\":[{\"@type\":\"ReadAction\",\"target\":[\"https:\\\/\\\/world.dan.org\\\/professional-programs\\\/dive-professionals\\\/\"]}]},{\"@type\":\"ImageObject\",\"inLanguage\":\"es-MX\",\"@id\":\"https:\\\/\\\/world.dan.org\\\/professional-programs\\\/dive-professionals\\\/#primaryimage\",\"url\":\"https:\\\/\\\/world.dan.org\\\/wp-content\\\/uploads\\\/2021\\\/07\\\/DAN-location-images-0026-1200x600-1.jpg\",\"contentUrl\":\"https:\\\/\\\/world.dan.org\\\/wp-content\\\/uploads\\\/2021\\\/07\\\/DAN-location-images-0026-1200x600-1.jpg\",\"width\":1200,\"height\":600,\"caption\":\"Stuart Cove's Dive Bahamas, New Providence Island, Bahamas. For Divers Alert Network\"},{\"@type\":\"BreadcrumbList\",\"@id\":\"https:\\\/\\\/world.dan.org\\\/professional-programs\\\/dive-professionals\\\/#breadcrumb\",\"itemListElement\":[{\"@type\":\"ListItem\",\"position\":1,\"name\":\"Home\",\"item\":\"https:\\\/\\\/world.dan.org\\\/\"},{\"@type\":\"ListItem\",\"position\":2,\"name\":\"Professional Programs\",\"item\":\"https:\\\/\\\/world.dan.org\\\/professional-programs\\\/\"},{\"@type\":\"ListItem\",\"position\":3,\"name\":\"Dive Professionals\"}]},{\"@type\":\"WebSite\",\"@id\":\"https:\\\/\\\/world.dan.org\\\/es\\\/#website\",\"url\":\"https:\\\/\\\/world.dan.org\\\/es\\\/\",\"name\":\"DAN World\",\"description\":\"\",\"publisher\":{\"@id\":\"https:\\\/\\\/world.dan.org\\\/es\\\/#organization\"},\"potentialAction\":[{\"@type\":\"SearchAction\",\"target\":{\"@type\":\"EntryPoint\",\"urlTemplate\":\"https:\\\/\\\/world.dan.org\\\/es\\\/?s={search_term_string}\"},\"query-input\":{\"@type\":\"PropertyValueSpecification\",\"valueRequired\":true,\"valueName\":\"search_term_string\"}}],\"inLanguage\":\"es-MX\"},{\"@type\":\"Organization\",\"@id\":\"https:\\\/\\\/world.dan.org\\\/es\\\/#organization\",\"name\":\"DAN World\",\"url\":\"https:\\\/\\\/world.dan.org\\\/es\\\/\",\"logo\":{\"@type\":\"ImageObject\",\"inLanguage\":\"es-MX\",\"@id\":\"https:\\\/\\\/world.dan.org\\\/es\\\/#\\\/schema\\\/logo\\\/image\\\/\",\"url\":\"https:\\\/\\\/world.dan.org\\\/wp-content\\\/uploads\\\/2022\\\/04\\\/DAN-World-logo-sm-52px.svg\",\"contentUrl\":\"https:\\\/\\\/world.dan.org\\\/wp-content\\\/uploads\\\/2022\\\/04\\\/DAN-World-logo-sm-52px.svg\",\"width\":175,\"height\":52,\"caption\":\"DAN World\"},\"image\":{\"@id\":\"https:\\\/\\\/world.dan.org\\\/es\\\/#\\\/schema\\\/logo\\\/image\\\/\"}}]}<\/script>\n<!-- \/ Yoast SEO Premium plugin. -->","yoast_head_json":{"title":"Profesionales del buceo - DAN World","robots":{"index":"index","follow":"follow","max-snippet":"max-snippet:-1","max-image-preview":"max-image-preview:large","max-video-preview":"max-video-preview:-1"},"canonical":"https:\/\/world.dan.org\/es\/professional-programs\/dive-professionals\/","og_locale":"es_MX","og_type":"article","og_title":"Dive Professionals","og_description":"DAN's Professional Membership program provides scuba diving instructors, divemasters and dive leaders with access to valuable risk-mitigation programs, student medical coverage and other safety resources to help protect divers from accidents and injury. Take the first step and demonstrate to your customers how important safety is to your business.","og_url":"https:\/\/world.dan.org\/es\/professional-programs\/dive-professionals\/","og_site_name":"DAN World","article_modified_time":"2021-08-03T13:58:26+00:00","og_image":[{"width":1200,"height":600,"url":"https:\/\/world.dan.org\/wp-content\/uploads\/2021\/07\/DAN-location-images-0026-1200x600-1.jpg","type":"image\/jpeg"}],"twitter_card":"summary_large_image","twitter_misc":{"Est. reading time":"2 minutes"},"schema":{"@context":"https:\/\/schema.org","@graph":[{"@type":"WebPage","@id":"https:\/\/world.dan.org\/professional-programs\/dive-professionals\/","url":"https:\/\/world.dan.org\/professional-programs\/dive-professionals\/","name":"Profesionales del buceo - DAN World","isPartOf":{"@id":"https:\/\/world.dan.org\/es\/#website"},"primaryImageOfPage":{"@id":"https:\/\/world.dan.org\/professional-programs\/dive-professionals\/#primaryimage"},"image":{"@id":"https:\/\/world.dan.org\/professional-programs\/dive-professionals\/#primaryimage"},"thumbnailUrl":"https:\/\/world.dan.org\/wp-content\/uploads\/2021\/07\/DAN-location-images-0026-1200x600-1.jpg","datePublished":"2020-03-27T22:06:48+00:00","dateModified":"2021-08-03T13:58:26+00:00","breadcrumb":{"@id":"https:\/\/world.dan.org\/professional-programs\/dive-professionals\/#breadcrumb"},"inLanguage":"es-MX","potentialAction":[{"@type":"ReadAction","target":["https:\/\/world.dan.org\/professional-programs\/dive-professionals\/"]}]},{"@type":"ImageObject","inLanguage":"es-MX","@id":"https:\/\/world.dan.org\/professional-programs\/dive-professionals\/#primaryimage","url":"https:\/\/world.dan.org\/wp-content\/uploads\/2021\/07\/DAN-location-images-0026-1200x600-1.jpg","contentUrl":"https:\/\/world.dan.org\/wp-content\/uploads\/2021\/07\/DAN-location-images-0026-1200x600-1.jpg","width":1200,"height":600,"caption":"Stuart Cove's Dive Bahamas, New Providence Island, Bahamas. For Divers Alert Network"},{"@type":"BreadcrumbList","@id":"https:\/\/world.dan.org\/professional-programs\/dive-professionals\/#breadcrumb","itemListElement":[{"@type":"ListItem","position":1,"name":"Home","item":"https:\/\/world.dan.org\/"},{"@type":"ListItem","position":2,"name":"Professional Programs","item":"https:\/\/world.dan.org\/professional-programs\/"},{"@type":"ListItem","position":3,"name":"Dive Professionals"}]},{"@type":"WebSite","@id":"https:\/\/world.dan.org\/es\/#website","url":"https:\/\/world.dan.org\/es\/","name":"DAN World","description":"","publisher":{"@id":"https:\/\/world.dan.org\/es\/#organization"},"potentialAction":[{"@type":"SearchAction","target":{"@type":"EntryPoint","urlTemplate":"https:\/\/world.dan.org\/es\/?s={search_term_string}"},"query-input":{"@type":"PropertyValueSpecification","valueRequired":true,"valueName":"search_term_string"}}],"inLanguage":"es-MX"},{"@type":"Organization","@id":"https:\/\/world.dan.org\/es\/#organization","name":"DAN World","url":"https:\/\/world.dan.org\/es\/","logo":{"@type":"ImageObject","inLanguage":"es-MX","@id":"https:\/\/world.dan.org\/es\/#\/schema\/logo\/image\/","url":"https:\/\/world.dan.org\/wp-content\/uploads\/2022\/04\/DAN-World-logo-sm-52px.svg","contentUrl":"https:\/\/world.dan.org\/wp-content\/uploads\/2022\/04\/DAN-World-logo-sm-52px.svg","width":175,"height":52,"caption":"DAN World"},"image":{"@id":"https:\/\/world.dan.org\/es\/#\/schema\/logo\/image\/"}}]}},"_links":{"self":[{"href":"https:\/\/world.dan.org\/es\/wp-json\/wp\/v2\/pages\/67","targetHints":{"allow":["GET"]}}],"collection":[{"href":"https:\/\/world.dan.org\/es\/wp-json\/wp\/v2\/pages"}],"about":[{"href":"https:\/\/world.dan.org\/es\/wp-json\/wp\/v2\/types\/page"}],"author":[{"embeddable":true,"href":"https:\/\/world.dan.org\/es\/wp-json\/wp\/v2\/users\/14"}],"replies":[{"embeddable":true,"href":"https:\/\/world.dan.org\/es\/wp-json\/wp\/v2\/comments?post=67"}],"version-history":[{"count":0,"href":"https:\/\/world.dan.org\/es\/wp-json\/wp\/v2\/pages\/67\/revisions"}],"up":[{"embeddable":true,"href":"https:\/\/world.dan.org\/es\/wp-json\/wp\/v2\/pages\/29"}],"wp:featuredmedia":[{"embeddable":true,"href":"https:\/\/world.dan.org\/es\/wp-json\/wp\/v2\/media\/17834"}],"wp:attachment":[{"href":"https:\/\/world.dan.org\/es\/wp-json\/wp\/v2\/media?parent=67"}],"curies":[{"name":"wp","href":"https:\/\/api.w.org\/{rel}","templated":true}]}}