{"id":69,"date":"2020-03-27T18:07:07","date_gmt":"2020-03-27T22:07:07","guid":{"rendered":"https:\/\/dan.devhammer.com\/?page_id=69"},"modified":"2021-08-03T12:55:29","modified_gmt":"2021-08-03T16:55:29","slug":"dive-businesses","status":"publish","type":"page","link":"https:\/\/world.dan.org\/es\/professional-programs\/dive-businesses\/","title":{"rendered":"Empresas de buceo"},"content":{"rendered":"<div style=\"height:30px\" aria-hidden=\"true\" class=\"wp-block-spacer\"><\/div>\n\n\n\n<h1 class=\"wp-block-heading\">La primera l\u00ednea<\/h1>\n\n\n\n<p>DAN World proporciona a las tiendas y operadores de buceo acceso a valiosos programas de mitigaci\u00f3n de riesgos, cobertura m\u00e9dica para estudiantes y otros recursos de seguridad para ayudar a proteger a los buceadores de accidentes y lesiones. D\u00e9 el primer paso y demuestre a sus clientes lo importante que es la seguridad para su negocio. <\/p>\n\n\n\n<div style=\"height:15px\" aria-hidden=\"true\" class=\"wp-block-spacer\"><\/div>\n\n\n\n<div class=\"wp-block-buttons is-layout-flex wp-block-buttons-is-layout-flex\">\n<div class=\"wp-block-button\"><a class=\"wp-block-button__link has-dan-red-400-background-color has-background no-border-radius\" href=\"https:\/\/apps.world.dan.org\/business-partner-signup\/\"><strong>Inscr\u00edbase hoy mismo<\/strong><\/a><\/div>\n<\/div>\n\n\n\n<div style=\"height:30px\" aria-hidden=\"true\" class=\"wp-block-spacer\"><\/div>\n\n\n\n<div class=\"alignfull wp-block-ugb-number-box ugb-number-box ugb-c351fd9 ugb-number-box--v3 ugb-number-box--columns-3 ugb-number-box--design-background ugb-main-block ugb-main-block--inner-full ugb--has-block-background\"><style>.ugb-c351fd9 .ugb-number-box__item{border-radius:7px !important}.ugb-c351fd9 .ugb-number-box__title{font-size:25px !important}.ugb-c351fd9 .ugb-inner-block{text-align:left}.ugb-c351fd9.ugb-number-box{background-color:#00406e}.ugb-c351fd9.ugb-number-box:before{background-color:#00406e}.ugb-c351fd9 .ugb-block-title{color:#ffffff;margin-bottom:28px !important}@media screen and (min-width:768px){.ugb-c351fd9 > .ugb-inner-block > .ugb-block-content > *{padding-top:45px !important;padding-bottom:45px !important;padding-right:45px !important;padding-left:45px !important}}<\/style><div class=\"ugb-inner-block ugb-inner-block--full\"><h1 class=\"ugb-block-title\">Membres\u00eda Empresarial<\/h1><div class=\"ugb-block-content\"><div class=\"ugb-number-box__item ugb-number-box__item1\"><div class=\"ugb-number-box__content\"><h4 class=\"ugb-number-box__title\"><span style=\"color: #cd0d34;\" class=\"ugb-highlight\">RECOMPENSAS<\/span><\/h4><p class=\"ugb-number-box__description\">-Gane 20% con cobertura de accidentes de buceo de corta duraci\u00f3n.<br><br>-Gana $10 cuando refieras nuevos miembros a DAN World<\/p><\/div><\/div><div class=\"ugb-number-box__item ugb-number-box__item2\"><div class=\"ugb-number-box__content\"><h4 class=\"ugb-number-box__title\"><span style=\"color: #cd0d34;\" class=\"ugb-highlight\">Cobertura para estudiantes<\/span><\/h4><p class=\"ugb-number-box__description\">\u2022Enroll your entry-level open water students for free<br><br>\u2022Students receive up to $25,000 in medical&nbsp;<\/p><\/div><\/div><div class=\"ugb-number-box__item ugb-number-box__item3\"><div class=\"ugb-number-box__content\"><h4 class=\"ugb-number-box__title\"><span style=\"color: #cd0d34;\" class=\"ugb-highlight\">Descuentos<\/span><\/h4><p class=\"ugb-number-box__description\">-Obtenga precios preferentes en unidades de ox\u00edgeno, botiquines de primeros auxilios y productos de seguridad.<br><br>-Se puede acceder a los precios para socios a trav\u00e9s de la cuenta en l\u00ednea<\/p><\/div><\/div><\/div><\/div><\/div>\n\n\n\n<div class=\"alignfull wp-block-ugb-number-box ugb-number-box ugb-6b3af9d ugb-number-box--v3 ugb-number-box--columns-3 ugb-number-box--design-background ugb-main-block ugb-main-block--inner-full ugb--has-block-background\"><style>.ugb-6b3af9d .ugb-number-box__item{border-radius:7px !important}.ugb-6b3af9d .ugb-number-box__title{font-size:25px !important}.ugb-6b3af9d .ugb-inner-block{text-align:left}.ugb-6b3af9d.ugb-number-box{background-color:#00406e}.ugb-6b3af9d.ugb-number-box:before{background-color:#00406e}@media screen and (min-width:768px){.ugb-6b3af9d.ugb-number-box{padding-top:0px !important;padding-right:35px !important;padding-left:35px !important}}@media screen and (min-width:768px){.ugb-6b3af9d > .ugb-inner-block > .ugb-block-content > *{padding-top:45px !important;padding-bottom:45px !important;padding-right:45px !important;padding-left:45px !important}}<\/style><div class=\"ugb-inner-block ugb-inner-block--full\"><div class=\"ugb-block-content\"><div class=\"ugb-number-box__item ugb-number-box__item1\"><div class=\"ugb-number-box__content\"><h4 class=\"ugb-number-box__title\"><span style=\"color: #cd0d34;\" class=\"ugb-highlight\">Herramientas para mitigaci\u00f3n de riesgos<\/span><\/h4><p class=\"ugb-number-box__description\">\u2022Safety tips for operators<br><br>\u2022Publications and risk assessment programs<\/p><\/div><\/div><div class=\"ugb-number-box__item ugb-number-box__item2\"><div class=\"ugb-number-box__content\"><h4 class=\"ugb-number-box__title\"><span style=\"color: #cd0d34;\" class=\"ugb-highlight\">Recursos de seguridad<\/span><\/h4><p class=\"ugb-number-box__description\">\u2022Spread the message of dive safety to your divers&nbsp;<\/p><\/div><\/div><div class=\"ugb-number-box__item ugb-number-box__item3\"><div class=\"ugb-number-box__content\"><h4 class=\"ugb-number-box__title\"><span style=\"color: #cd0d34;\" class=\"ugb-highlight\">Herramientas promocionales<\/span><\/h4><p class=\"ugb-number-box__description\">\u2022Digital banners<br><br>\u2022Email templates<br><br>\u2022Webinars<\/p><\/div><\/div><\/div><\/div><\/div>\n\n\n\n<div style=\"height:60px\" aria-hidden=\"true\" class=\"wp-block-spacer\"><\/div>\n\n\n\n<h1 class=\"has-dan-black-color has-text-color wp-block-heading\">Programa de beneficios<\/h1>\n\n\n\n<div class=\"alignwide wp-block-ugb-feature ugb-feature ugb-e5735a5 ugb-feature--v2 ugb-feature--design-plain ugb-main-block\"><style>.ugb-e5735a5 .ugb-feature__title{color:#cd0d34}@media screen and (min-width:768px){.ugb-e5735a5 .ugb-img{width:600px;height:auto !important}}@media screen and (max-width:1025px){.ugb-e5735a5 .ugb-inner-block{text-align:left}}<\/style><div class=\"ugb-inner-block\"><div class=\"ugb-block-content\"><div class=\"ugb-feature__item\"><div class=\"ugb-feature__content\"><h2 class=\"ugb-feature__title\">Obtenga beneficios<\/h2><p class=\"ugb-feature__description\">Gana puntos cada vez que un nuevo buceador se una a DAN World y utilice tu c\u00f3digo de referencia o enlaces personalizados.\u00a0<br><br>\u2022Add a banner ad with your customized referral link to your website or social media account.<br><br>\u2022Rewards earned for New members only.<br><br>\u2022Rewards are issued on a quarterly basis.\u00a0<br><br>\u2022Earn $10 for each new DAN World member that uses your code.<br><br>DAN World ha creado varios banners para que puedas promocionar la afiliaci\u00f3n. Su enlace de referencia personalizado se incrustar\u00e1 en el anuncio para facilitar su colocaci\u00f3n:<br><br>\u2022On your website \u2013 Place the 728\u00d790 leaderboard banner for the top of your home page and a 250 x 250 square on your course page<br><br>\u2022On Facebook \u2013 Do weekly promotions for membership and use the 1200 x 900 rectangle banner for your post.\u00a0<br><br>\u2022In Your Newsletters \u2013 add the 120X600 skyscraper banner in your monthly or quarterly newsletters.<\/p><\/div><div class=\"ugb-feature__image-side\"><img decoding=\"async\" class=\"ugb-feature__image ugb-img wp-image-18314 ugb-image--shape-stretch\" src=\"https:\/\/world.dan.org\/wp-content\/uploads\/2021\/08\/DAN-reward-banner-ads.jpg\" alt=\"\" height=\"900\" srcset=\"https:\/\/world.dan.org\/wp-content\/uploads\/2021\/08\/DAN-reward-banner-ads.jpg 600w, https:\/\/world.dan.org\/wp-content\/uploads\/2021\/08\/DAN-reward-banner-ads-240x360.jpg 240w, https:\/\/world.dan.org\/wp-content\/uploads\/2021\/08\/DAN-reward-banner-ads-8x12.jpg 8w, https:\/\/world.dan.org\/wp-content\/uploads\/2021\/08\/DAN-reward-banner-ads-533x800.jpg 533w\" sizes=\"(max-width: 600px) 100vw, 600px\" \/><\/div><\/div><\/div><\/div><\/div>\n\n\n\n<div style=\"height:49px\" aria-hidden=\"true\" class=\"wp-block-spacer\"><\/div>\n\n\n\n<hr class=\"wp-block-separator\"\/>\n\n\n\n<div style=\"height:49px\" aria-hidden=\"true\" class=\"wp-block-spacer\"><\/div>\n\n\n\n<h1 class=\"has-dan-black-color has-text-color wp-block-heading\">Programa de cobertura de gastos m\u00e9dicos para estudiantes\u00a0<\/h1>\n\n\n\n<p class=\"has-medium-font-size\"><strong>Introduzca a sus alumnos en el mundo DAN desde el principio<\/strong><\/p>\n\n\n\n<div class=\"alignwide wp-block-ugb-feature ugb-feature ugb-cb0cd0e ugb-feature--v2 ugb-feature--design-plain ugb-main-block\"><style>.ugb-cb0cd0e .ugb-feature__title{color:#cd0d34}@media screen and (min-width:768px){.ugb-cb0cd0e .ugb-img{width:600px;height:auto !important}}@media screen and (max-width:1025px){.ugb-cb0cd0e .ugb-inner-block{text-align:left}}<\/style><div class=\"ugb-inner-block\"><div class=\"ugb-block-content\"><div class=\"ugb-feature__item\"><div class=\"ugb-feature__content\"><h2 class=\"ugb-feature__title\">Cobertura m\u00e9dica para estudiantes<\/h2><p class=\"ugb-feature__description\">Students enrolled in DAN\u2019s Student Medical Coverage are covered for injuries sustained during their entry-level training. DAN World\u2019s Student Medical Coverage helps ensure medical bills get paid \u2013 whether they\u2019re from a broken foot due to a dropped tank, ear problems or more serious dive related injuries.<br><br><br><strong>Beneficios del programa\u00a0<\/strong><br>1)Proporciona hasta $25.000 en cobertura de gastos m\u00e9dicos por lesiones que puedan producirse durante el entrenamiento.<br>2)La cobertura es v\u00e1lida hasta 180 d\u00edas despu\u00e9s de la inscripci\u00f3n o al finalizar la \u00faltima inmersi\u00f3n de certificaci\u00f3n, lo que ocurra primero<br>3)Cubre las lesiones relacionadas con el buceo que se produzcan tanto dentro como fuera del agua.<br>4)Cubre el buceo de iniciaci\u00f3n y el buceo con respiraci\u00f3n asistida<br>5)Coverage is 100% subsidized by DAN \u2013 there is no cost to the operators\u00a0<br><br><strong>Inscripci\u00f3n de los estudiantes<\/strong><br>Paso 1: Accede a tu cuenta de miembro de DAN World en World.DAN.org y selecciona Enroll Student Divers.\u00a0<br>Step 2: Enter a student\u2019s name. date of birth and email address and click Add Student.\u00a0<br>Paso 3: Los estudiantes recibir\u00e1n una confirmaci\u00f3n inmediata y una tarjeta digital como prueba de la cobertura.\u00a0<\/p><\/div><div class=\"ugb-feature__image-side\"><img decoding=\"async\" class=\"ugb-feature__image ugb-img wp-image-18322 ugb-image--shape-stretch\" src=\"https:\/\/world.dan.org\/wp-content\/uploads\/2021\/08\/student-coverage_678622990-600x900-1.jpg\" alt=\"\" height=\"900\" srcset=\"https:\/\/world.dan.org\/wp-content\/uploads\/2021\/08\/student-coverage_678622990-600x900-1.jpg 600w, https:\/\/world.dan.org\/wp-content\/uploads\/2021\/08\/student-coverage_678622990-600x900-1-240x360.jpg 240w, https:\/\/world.dan.org\/wp-content\/uploads\/2021\/08\/student-coverage_678622990-600x900-1-8x12.jpg 8w, https:\/\/world.dan.org\/wp-content\/uploads\/2021\/08\/student-coverage_678622990-600x900-1-533x800.jpg 533w\" sizes=\"(max-width: 600px) 100vw, 600px\" \/><\/div><\/div><\/div><\/div><\/div>\n\n\n\n<div style=\"height:49px\" aria-hidden=\"true\" class=\"wp-block-spacer\"><\/div>\n\n\n\n<div class=\"alignfull wp-block-ugb-icon-list ugb-icon-list ugb-f2f3744 ugb-icon-list--v2 ugb-main-block ugb--has-custom-content-width ugb-main-block--inner-wide ugb--has-block-background ugb--has-background-overlay\"><style>.ugb-f2f3744 li{font-size:16px !important;color:#ffffff}.ugb-f2f3744 li::before{background-image:url('data:image\/svg+xml;base64,PHN2ZyBkYXRhLXByZWZpeD0iZmFzIiBkYXRhLWljb249ImFycm93LWNpcmNsZS1yaWdodCIgY2xhc3M9InN2Zy1pbmxpbmUtLWZhIGZhLWFycm93LWNpcmNsZS1yaWdodCBmYS13LTE2IiByb2xlPSJpbWciIHhtbG5zPSJodHRwOi8vd3d3LnczLm9yZy8yMDAwL3N2ZyIgdmlld0JveD0iMCAwIDUxMiA1MTIiIHN0eWxlPSJmaWxsOiAjZmZmZmZmICFpbXBvcnRhbnQ7IGNvbG9yOiAjZmZmZmZmICFpbXBvcnRhbnQiPjxwYXRoIGZpbGw9IiNmZmZmZmYiIGQ9Ik0yNTYgOGMxMzcgMCAyNDggMTExIDI0OCAyNDhTMzkzIDUwNCAyNTYgNTA0IDggMzkzIDggMjU2IDExOSA4IDI1NiA4em0tMjguOSAxNDMuNmw3NS41IDcyLjRIMTIwYy0xMy4zIDAtMjQgMTAuNy0yNCAyNHYxNmMwIDEzLjMgMTAuNyAyNCAyNCAyNGgxODIuNmwtNzUuNSA3Mi40Yy05LjcgOS4zLTkuOSAyNC44LS40IDM0LjNsMTEgMTAuOWM5LjQgOS40IDI0LjYgOS40IDMzLjkgMEw0MDQuMyAyNzNjOS40LTkuNCA5LjQtMjQuNiAwLTMzLjlMMjcxLjYgMTA2LjNjLTkuNC05LjQtMjQuNi05LjQtMzMuOSAwbC0xMSAxMC45Yy05LjUgOS42LTkuMyAyNS4xLjQgMzQuNHoiIHN0cm9rZT0iI2ZmZmZmZiIgc3R5bGU9ImZpbGw6IHJnYigyNTUsIDI1NSwgMjU1KTsgc3Ryb2tlOiByZ2IoMjU1LCAyNTUsIDI1NSk7Ii8+PC9zdmc+')}.ugb-f2f3744.ugb-icon-list ul{columns:1}.ugb-f2f3744 .ugb-inner-block{text-align:left}.ugb-f2f3744.ugb-icon-list{min-height:45vh;align-items:center;background-color:#111111;background-image:url(https:\/\/world.dan.org\/wp-content\/uploads\/2021\/08\/business-student-divers_MG_2066-1132x379-1.jpg);background-size:cover !important}.ugb-f2f3744.ugb-icon-list > .ugb-inner-block{min-width:auto !important;max-width:80% !important}.ugb-f2f3744.ugb-icon-list:before{background-color:#111111;opacity:0.4}.ugb-f2f3744 .ugb-block-title{text-transform:uppercase !important;color:#ffffff}@media screen and (min-width:768px){.ugb-f2f3744.ugb-icon-list{padding-left:45% !important}}@media screen and (min-width:768px) and (max-width:1025px){.ugb-f2f3744.ugb-icon-list{padding-right:10% !important;padding-left:10% !important}}@media screen and (max-width:768px){.ugb-f2f3744.ugb-icon-list{padding-right:10% !important;padding-left:10% !important}.ugb-f2f3744 .ugb-block-title{font-size:30px !important}}@media screen and (-ms-high-contrast:active),screen and (-ms-high-contrast:none){.ugb-f2f3744.ugb-icon-list{height:45vh}}<\/style><div class=\"ugb-inner-block ugb-inner-block--wide\"><h1 class=\"ugb-block-title\">\u00bfPor qu\u00e9 deber\u00eda inscribir a mis estudiantes?<\/h1><div class=\"ugb-block-content\"><ul><li>The program is subsidized by DAN so there is no charge to you or\u00a0your students.\u00a0<\/li><li>El proceso de registro es r\u00e1pido y la cobertura, inmediata.\u00a0<\/li><li>Your students will have access to all of DAN\u2019s\u00a0diver health and safety resources.\u00a0<\/li><li>Offering Student Medical Coverage to your customers can help prevent liability claims against\u00a0your business and your dive professionals.<\/li><\/ul><\/div><\/div><\/div>\n\n\n\n<p><\/p>","protected":false},"excerpt":{"rendered":"<p>DAN World proporciona a las tiendas y operadores de buceo acceso a valiosos programas de mitigaci\u00f3n de riesgos, cobertura m\u00e9dica para estudiantes y otros recursos de seguridad para ayudar a proteger a los buceadores de accidentes y lesiones.<\/p>","protected":false},"author":1,"featured_media":17818,"parent":29,"menu_order":174,"comment_status":"closed","ping_status":"closed","template":"","meta":{"_acf_changed":false,"_ef_editorial_meta_date_first-draft-date":"","_ef_editorial_meta_paragraph_assignment":"","_ef_editorial_meta_checkbox_needs-photo":"","_ef_editorial_meta_number_word-count":"","footnotes":""},"class_list":["post-69","page","type-page","status-publish","has-post-thumbnail","hentry"],"acf":[],"yoast_head":"<!-- This site is optimized with the Yoast SEO Premium plugin v27.0 (Yoast SEO v27.3) - https:\/\/yoast.com\/product\/yoast-seo-premium-wordpress\/ -->\n<title>Dive Businesses - DAN World<\/title>\n<meta name=\"robots\" content=\"index, follow, max-snippet:-1, max-image-preview:large, max-video-preview:-1\" \/>\n<link rel=\"canonical\" href=\"https:\/\/world.dan.org\/es\/professional-programs\/dive-businesses\/\" \/>\n<meta property=\"og:locale\" content=\"es_MX\" \/>\n<meta property=\"og:type\" content=\"article\" \/>\n<meta property=\"og:title\" content=\"Dive Businesses\" \/>\n<meta property=\"og:description\" content=\"DAN World provides dive stores and operators with access to valuable risk-mitigation programs, student medical coverage and other safety resources to help protect divers from accidents and injury.\" \/>\n<meta property=\"og:url\" content=\"https:\/\/world.dan.org\/es\/professional-programs\/dive-businesses\/\" \/>\n<meta property=\"og:site_name\" content=\"DAN World\" \/>\n<meta property=\"article:modified_time\" content=\"2021-08-03T16:55:29+00:00\" \/>\n<meta property=\"og:image\" content=\"https:\/\/world.dan.org\/wp-content\/uploads\/2021\/07\/dive-shop-3_MG_1742_DAN-1200x600-1.jpg\" \/>\n\t<meta property=\"og:image:width\" content=\"1200\" \/>\n\t<meta property=\"og:image:height\" content=\"600\" \/>\n\t<meta property=\"og:image:type\" content=\"image\/jpeg\" \/>\n<meta name=\"twitter:card\" content=\"summary_large_image\" \/>\n<meta name=\"twitter:label1\" content=\"Est. reading time\" \/>\n\t<meta name=\"twitter:data1\" content=\"3 minutes\" \/>\n<script type=\"application\/ld+json\" class=\"yoast-schema-graph\">{\"@context\":\"https:\\\/\\\/schema.org\",\"@graph\":[{\"@type\":\"WebPage\",\"@id\":\"https:\\\/\\\/world.dan.org\\\/professional-programs\\\/dive-businesses\\\/\",\"url\":\"https:\\\/\\\/world.dan.org\\\/professional-programs\\\/dive-businesses\\\/\",\"name\":\"Dive Businesses - DAN World\",\"isPartOf\":{\"@id\":\"https:\\\/\\\/world.dan.org\\\/es\\\/#website\"},\"primaryImageOfPage\":{\"@id\":\"https:\\\/\\\/world.dan.org\\\/professional-programs\\\/dive-businesses\\\/#primaryimage\"},\"image\":{\"@id\":\"https:\\\/\\\/world.dan.org\\\/professional-programs\\\/dive-businesses\\\/#primaryimage\"},\"thumbnailUrl\":\"https:\\\/\\\/world.dan.org\\\/wp-content\\\/uploads\\\/2021\\\/07\\\/dive-shop-3_MG_1742_DAN-1200x600-1.jpg\",\"datePublished\":\"2020-03-27T22:07:07+00:00\",\"dateModified\":\"2021-08-03T16:55:29+00:00\",\"breadcrumb\":{\"@id\":\"https:\\\/\\\/world.dan.org\\\/professional-programs\\\/dive-businesses\\\/#breadcrumb\"},\"inLanguage\":\"es-MX\",\"potentialAction\":[{\"@type\":\"ReadAction\",\"target\":[\"https:\\\/\\\/world.dan.org\\\/professional-programs\\\/dive-businesses\\\/\"]}]},{\"@type\":\"ImageObject\",\"inLanguage\":\"es-MX\",\"@id\":\"https:\\\/\\\/world.dan.org\\\/professional-programs\\\/dive-businesses\\\/#primaryimage\",\"url\":\"https:\\\/\\\/world.dan.org\\\/wp-content\\\/uploads\\\/2021\\\/07\\\/dive-shop-3_MG_1742_DAN-1200x600-1.jpg\",\"contentUrl\":\"https:\\\/\\\/world.dan.org\\\/wp-content\\\/uploads\\\/2021\\\/07\\\/dive-shop-3_MG_1742_DAN-1200x600-1.jpg\",\"width\":1200,\"height\":600},{\"@type\":\"BreadcrumbList\",\"@id\":\"https:\\\/\\\/world.dan.org\\\/professional-programs\\\/dive-businesses\\\/#breadcrumb\",\"itemListElement\":[{\"@type\":\"ListItem\",\"position\":1,\"name\":\"Home\",\"item\":\"https:\\\/\\\/world.dan.org\\\/\"},{\"@type\":\"ListItem\",\"position\":2,\"name\":\"Professional Programs\",\"item\":\"https:\\\/\\\/world.dan.org\\\/professional-programs\\\/\"},{\"@type\":\"ListItem\",\"position\":3,\"name\":\"Dive Businesses\"}]},{\"@type\":\"WebSite\",\"@id\":\"https:\\\/\\\/world.dan.org\\\/es\\\/#website\",\"url\":\"https:\\\/\\\/world.dan.org\\\/es\\\/\",\"name\":\"DAN World\",\"description\":\"\",\"publisher\":{\"@id\":\"https:\\\/\\\/world.dan.org\\\/es\\\/#organization\"},\"potentialAction\":[{\"@type\":\"SearchAction\",\"target\":{\"@type\":\"EntryPoint\",\"urlTemplate\":\"https:\\\/\\\/world.dan.org\\\/es\\\/?s={search_term_string}\"},\"query-input\":{\"@type\":\"PropertyValueSpecification\",\"valueRequired\":true,\"valueName\":\"search_term_string\"}}],\"inLanguage\":\"es-MX\"},{\"@type\":\"Organization\",\"@id\":\"https:\\\/\\\/world.dan.org\\\/es\\\/#organization\",\"name\":\"DAN World\",\"url\":\"https:\\\/\\\/world.dan.org\\\/es\\\/\",\"logo\":{\"@type\":\"ImageObject\",\"inLanguage\":\"es-MX\",\"@id\":\"https:\\\/\\\/world.dan.org\\\/es\\\/#\\\/schema\\\/logo\\\/image\\\/\",\"url\":\"https:\\\/\\\/world.dan.org\\\/wp-content\\\/uploads\\\/2022\\\/04\\\/DAN-World-logo-sm-52px.svg\",\"contentUrl\":\"https:\\\/\\\/world.dan.org\\\/wp-content\\\/uploads\\\/2022\\\/04\\\/DAN-World-logo-sm-52px.svg\",\"width\":175,\"height\":52,\"caption\":\"DAN World\"},\"image\":{\"@id\":\"https:\\\/\\\/world.dan.org\\\/es\\\/#\\\/schema\\\/logo\\\/image\\\/\"}}]}<\/script>\n<!-- \/ Yoast SEO Premium plugin. -->","yoast_head_json":{"title":"Empresas de buceo - DAN World","robots":{"index":"index","follow":"follow","max-snippet":"max-snippet:-1","max-image-preview":"max-image-preview:large","max-video-preview":"max-video-preview:-1"},"canonical":"https:\/\/world.dan.org\/es\/professional-programs\/dive-businesses\/","og_locale":"es_MX","og_type":"article","og_title":"Dive Businesses","og_description":"DAN World provides dive stores and operators with access to valuable risk-mitigation programs, student medical coverage and other safety resources to help protect divers from accidents and injury.","og_url":"https:\/\/world.dan.org\/es\/professional-programs\/dive-businesses\/","og_site_name":"DAN World","article_modified_time":"2021-08-03T16:55:29+00:00","og_image":[{"width":1200,"height":600,"url":"https:\/\/world.dan.org\/wp-content\/uploads\/2021\/07\/dive-shop-3_MG_1742_DAN-1200x600-1.jpg","type":"image\/jpeg"}],"twitter_card":"summary_large_image","twitter_misc":{"Est. reading time":"3 minutes"},"schema":{"@context":"https:\/\/schema.org","@graph":[{"@type":"WebPage","@id":"https:\/\/world.dan.org\/professional-programs\/dive-businesses\/","url":"https:\/\/world.dan.org\/professional-programs\/dive-businesses\/","name":"Empresas de buceo - DAN World","isPartOf":{"@id":"https:\/\/world.dan.org\/es\/#website"},"primaryImageOfPage":{"@id":"https:\/\/world.dan.org\/professional-programs\/dive-businesses\/#primaryimage"},"image":{"@id":"https:\/\/world.dan.org\/professional-programs\/dive-businesses\/#primaryimage"},"thumbnailUrl":"https:\/\/world.dan.org\/wp-content\/uploads\/2021\/07\/dive-shop-3_MG_1742_DAN-1200x600-1.jpg","datePublished":"2020-03-27T22:07:07+00:00","dateModified":"2021-08-03T16:55:29+00:00","breadcrumb":{"@id":"https:\/\/world.dan.org\/professional-programs\/dive-businesses\/#breadcrumb"},"inLanguage":"es-MX","potentialAction":[{"@type":"ReadAction","target":["https:\/\/world.dan.org\/professional-programs\/dive-businesses\/"]}]},{"@type":"ImageObject","inLanguage":"es-MX","@id":"https:\/\/world.dan.org\/professional-programs\/dive-businesses\/#primaryimage","url":"https:\/\/world.dan.org\/wp-content\/uploads\/2021\/07\/dive-shop-3_MG_1742_DAN-1200x600-1.jpg","contentUrl":"https:\/\/world.dan.org\/wp-content\/uploads\/2021\/07\/dive-shop-3_MG_1742_DAN-1200x600-1.jpg","width":1200,"height":600},{"@type":"BreadcrumbList","@id":"https:\/\/world.dan.org\/professional-programs\/dive-businesses\/#breadcrumb","itemListElement":[{"@type":"ListItem","position":1,"name":"Home","item":"https:\/\/world.dan.org\/"},{"@type":"ListItem","position":2,"name":"Professional Programs","item":"https:\/\/world.dan.org\/professional-programs\/"},{"@type":"ListItem","position":3,"name":"Dive Businesses"}]},{"@type":"WebSite","@id":"https:\/\/world.dan.org\/es\/#website","url":"https:\/\/world.dan.org\/es\/","name":"DAN World","description":"","publisher":{"@id":"https:\/\/world.dan.org\/es\/#organization"},"potentialAction":[{"@type":"SearchAction","target":{"@type":"EntryPoint","urlTemplate":"https:\/\/world.dan.org\/es\/?s={search_term_string}"},"query-input":{"@type":"PropertyValueSpecification","valueRequired":true,"valueName":"search_term_string"}}],"inLanguage":"es-MX"},{"@type":"Organization","@id":"https:\/\/world.dan.org\/es\/#organization","name":"DAN World","url":"https:\/\/world.dan.org\/es\/","logo":{"@type":"ImageObject","inLanguage":"es-MX","@id":"https:\/\/world.dan.org\/es\/#\/schema\/logo\/image\/","url":"https:\/\/world.dan.org\/wp-content\/uploads\/2022\/04\/DAN-World-logo-sm-52px.svg","contentUrl":"https:\/\/world.dan.org\/wp-content\/uploads\/2022\/04\/DAN-World-logo-sm-52px.svg","width":175,"height":52,"caption":"DAN World"},"image":{"@id":"https:\/\/world.dan.org\/es\/#\/schema\/logo\/image\/"}}]}},"_links":{"self":[{"href":"https:\/\/world.dan.org\/es\/wp-json\/wp\/v2\/pages\/69","targetHints":{"allow":["GET"]}}],"collection":[{"href":"https:\/\/world.dan.org\/es\/wp-json\/wp\/v2\/pages"}],"about":[{"href":"https:\/\/world.dan.org\/es\/wp-json\/wp\/v2\/types\/page"}],"author":[{"embeddable":true,"href":"https:\/\/world.dan.org\/es\/wp-json\/wp\/v2\/users\/1"}],"replies":[{"embeddable":true,"href":"https:\/\/world.dan.org\/es\/wp-json\/wp\/v2\/comments?post=69"}],"version-history":[{"count":0,"href":"https:\/\/world.dan.org\/es\/wp-json\/wp\/v2\/pages\/69\/revisions"}],"up":[{"embeddable":true,"href":"https:\/\/world.dan.org\/es\/wp-json\/wp\/v2\/pages\/29"}],"wp:featuredmedia":[{"embeddable":true,"href":"https:\/\/world.dan.org\/es\/wp-json\/wp\/v2\/media\/17818"}],"wp:attachment":[{"href":"https:\/\/world.dan.org\/es\/wp-json\/wp\/v2\/media?parent=69"}],"curies":[{"name":"wp","href":"https:\/\/api.w.org\/{rel}","templated":true}]}}