{"id":71,"date":"2020-03-27T18:07:30","date_gmt":"2020-03-27T22:07:30","guid":{"rendered":"https:\/\/dan.devhammer.com\/?page_id=71"},"modified":"2022-06-28T17:59:57","modified_gmt":"2022-06-28T21:59:57","slug":"about-dan-world","status":"publish","type":"page","link":"https:\/\/world.dan.org\/es\/about-dan-world\/","title":{"rendered":"Acerca de DAN World"},"content":{"rendered":"<div style=\"height:75px\" aria-hidden=\"true\" class=\"wp-block-spacer\"><\/div>\n\n\n\n<h1 class=\"wp-block-heading\">Misi\u00f3n<\/h1>\n\n\n\n<p><em>DAN ayuda a los buceadores que necesitan asistencia m\u00e9dica de emergencia y promueve la seguridad del buceo a trav\u00e9s de la investigaci\u00f3n, educaci\u00f3n, productos y servicios.<\/em><\/p>\n\n\n\n<p>Divers Alert Network (DAN), es una organizaci\u00f3n sin fines de lucro, proporciona informaci\u00f3n m\u00e9dica experta en beneficio de quienes bucean.<\/p>\n\n\n\n<p>La funci\u00f3n hist\u00f3rica y principal de DAN es proporcionar informaci\u00f3n y asistencia oportuna para las lesiones de buceo, trabajar para prevenir lesiones y promover la seguridad en el buceo.<\/p>\n\n\n\n<p>En segundo lugar, DAN promueve y apoya la investigaci\u00f3n y la educaci\u00f3n del buceo, particularmente en lo que se refiere a mejorar la seguridad del buceo, el tratamiento m\u00e9dico y los primeros auxilios.<\/p>\n\n\n\n<p>En tercer lugar, DAN se esfuerza por proporcionar la informaci\u00f3n m\u00e1s precisa, actualizada e imparcial sobre temas de inter\u00e9s com\u00fan para la comunidad del buceo, principalmente -pero no exclusivamente- para la seguridad del buceo.<\/p>\n\n\n\n<div style=\"height:50px\" aria-hidden=\"true\" class=\"wp-block-spacer\"><\/div>\n\n\n\n<hr class=\"wp-block-separator has-text-color has-background has-dan-light-gray-background-color has-dan-light-gray-color\"\/>\n\n\n\n<div style=\"height:50px\" aria-hidden=\"true\" class=\"wp-block-spacer\"><\/div>\n\n\n\n<h1 class=\"wp-block-heading\">Visi\u00f3n<\/h1>\n\n\n\n<p><em>Nos esforzamos por hacer que cada inmersi\u00f3n est\u00e9 libre de accidentes y lesiones.&nbsp;<\/em>La visi\u00f3n de DAN es ser la organizaci\u00f3n m\u00e1s reconocida y confiable a nivel mundial en lo referente a la seguridad del buceador y los servicios de emergencia, la salud, la investigaci\u00f3n y la educaci\u00f3n por sus miembros, instructores, quienes la apoyan y la comunidad de buceo recreativo en general.<\/p>\n\n\n\n<div style=\"height:50px\" aria-hidden=\"true\" class=\"wp-block-spacer\"><\/div>\n\n\n\n<hr class=\"wp-block-separator has-text-color has-background has-dan-light-gray-background-color has-dan-light-gray-color\"\/>\n\n\n\n<div style=\"height:50px\" aria-hidden=\"true\" class=\"wp-block-spacer\"><\/div>\n\n\n\n<h1 class=\"wp-block-heading\">Qui\u00e9nes somos<\/h1>\n\n\n\n<p>Defendemos la seguridad en el buceo, promovemos pr\u00e1cticas recomendadas en toda nuestra industria y contribuimos a que los buzos tomen decisiones inteligentes en cada una de sus aventuras. Instruimos y apoyamos a la comunidad del buceo con capacitaci\u00f3n de respuesta ante emergencias, formaci\u00f3n en seguridad y un nexo con los principales expertos a nivel mundial.<\/p>\n\n\n\n<p>Somos investigadores: exploramos nuevos \u00e1mbitos de estudio a medida que nuestra comunidad bucea a m\u00e1s profundidad, por m\u00e1s tiempo y en lugares m\u00e1s remotos. Los buzos siguen desafiando las fronteras de nuestra comprensi\u00f3n del mundo subacu\u00e1tico y excediendo los l\u00edmites de la fisiolog\u00eda humana. Cooperamos con cient\u00edficos destacados para garantizar la seguridad de estos pioneros. Somos investigadores, m\u00e9dicos y profesionales del buceo que se han unido en torno a la particular misi\u00f3n de apoyar la exploraci\u00f3n segura de nuestro mundo subacu\u00e1tico.<\/p>\n\n\n\n<p>Somos asesores confiables: expertos a los que llamar ante una duda. Tanto para responder preguntas simples como para ayudar con emergencias m\u00e9dicas, siempre estamos a su disposici\u00f3n. Somos una organizaci\u00f3n sin fines de lucro formada para respaldar a los buzos con informaci\u00f3n de salud y de seguridad, consultas m\u00e9dicas y los mejores programas de cobertura de seguro para viajes y accidentes de buceo.<\/p>\n\n\n\n<p>Dependemos del apoyo de ustedes, nuestros miembros: la comunidad que buscamos proteger con nuestro trabajo.<\/p>\n\n\n\n<div style=\"height:50px\" aria-hidden=\"true\" class=\"wp-block-spacer\"><\/div>\n\n\n\n<figure class=\"wp-block-embed is-type-video is-provider-youtube wp-block-embed-youtube wp-embed-aspect-16-9 wp-has-aspect-ratio\"><div class=\"wp-block-embed__wrapper\">\n<iframe loading=\"lazy\" title=\"Divers Alert Network celebra 40 a\u00f1os\" width=\"640\" height=\"360\" src=\"https:\/\/www.youtube.com\/embed\/ADn8mq4tb-I?feature=oembed\" frameborder=\"0\" allow=\"accelerometer; autoplay; clipboard-write; encrypted-media; gyroscope; picture-in-picture; web-share\" referrerpolicy=\"strict-origin-when-cross-origin\" allowfullscreen><\/iframe>\n<\/div><\/figure>\n\n\n\n<div style=\"height:30px\" aria-hidden=\"true\" class=\"wp-block-spacer\"><\/div>","protected":false},"excerpt":{"rendered":"<p>Divers Alert Network (DAN), la organizaci\u00f3n de seguridad en el buceo m\u00e1s reconocida y respetada del mundo, lleva 40 a\u00f1os comprometida con la salud y el bienestar de los buceadores. La investigaci\u00f3n, los servicios m\u00e9dicos y los programas de respuesta global de la organizaci\u00f3n crean una extensa red que apoya a los buceadores con servicios vitales como la prevenci\u00f3n de lesiones, programas educativos y de seguridad y evacuaciones para salvar vidas. Cada d\u00eda, cientos de miles de buceadores de todo el mundo conf\u00edan en DAN como su organizaci\u00f3n de seguridad en el buceo.<\/p>","protected":false},"author":1,"featured_media":2552,"parent":0,"menu_order":143,"comment_status":"closed","ping_status":"closed","template":"templates\/page-landing-2.php","meta":{"_acf_changed":false,"_ef_editorial_meta_date_first-draft-date":"","_ef_editorial_meta_paragraph_assignment":"","_ef_editorial_meta_checkbox_needs-photo":"","_ef_editorial_meta_number_word-count":"","footnotes":""},"class_list":["post-71","page","type-page","status-publish","has-post-thumbnail","hentry"],"acf":[],"yoast_head":"<!-- This site is optimized with the Yoast SEO Premium plugin v27.4 (Yoast SEO v27.4) - https:\/\/yoast.com\/product\/yoast-seo-premium-wordpress\/ -->\n<title>About DAN World - DAN World<\/title>\n<meta name=\"description\" content=\"DAN has championed dive safety for more than 40 years, through research programs, medical services, comprehensive insurance programs and more.\" \/>\n<meta name=\"robots\" content=\"index, follow, max-snippet:-1, max-image-preview:large, max-video-preview:-1\" \/>\n<link rel=\"canonical\" href=\"https:\/\/world.dan.org\/es\/about-dan-world\/\" \/>\n<meta property=\"og:locale\" content=\"es_MX\" \/>\n<meta property=\"og:type\" content=\"article\" \/>\n<meta property=\"og:title\" content=\"About DAN World\" \/>\n<meta property=\"og:description\" content=\"DAN helps divers in need of medical emergency assistance and promotes dive safety through research, education, products, and services.\" \/>\n<meta property=\"og:url\" content=\"https:\/\/world.dan.org\/es\/about-dan-world\/\" \/>\n<meta property=\"og:site_name\" content=\"DAN World\" \/>\n<meta property=\"article:modified_time\" content=\"2022-06-28T21:59:57+00:00\" \/>\n<meta property=\"og:image\" content=\"https:\/\/world.dan.org\/wp-content\/uploads\/2020\/07\/IMG_0272-DAN-Resized.jpg\" \/>\n\t<meta property=\"og:image:width\" content=\"1200\" \/>\n\t<meta property=\"og:image:height\" content=\"800\" \/>\n\t<meta property=\"og:image:type\" content=\"image\/jpeg\" \/>\n<meta name=\"twitter:card\" content=\"summary_large_image\" \/>\n<meta name=\"twitter:title\" content=\"About DAN World\" \/>\n<meta name=\"twitter:description\" content=\"DAN helps divers in need of medical emergency assistance and promotes dive safety through research, education, products, and services.\" \/>\n<meta name=\"twitter:image\" content=\"https:\/\/world.dan.org\/wp-content\/uploads\/2020\/07\/IMG_0272-DAN-Resized.jpg\" \/>\n<meta name=\"twitter:label1\" content=\"Est. reading time\" \/>\n\t<meta name=\"twitter:data1\" content=\"2 minutes\" \/>\n<script type=\"application\/ld+json\" class=\"yoast-schema-graph\">{\"@context\":\"https:\\\/\\\/schema.org\",\"@graph\":[{\"@type\":\"WebPage\",\"@id\":\"https:\\\/\\\/world.dan.org\\\/about-dan-world\\\/\",\"url\":\"https:\\\/\\\/world.dan.org\\\/about-dan-world\\\/\",\"name\":\"About DAN World - DAN World\",\"isPartOf\":{\"@id\":\"https:\\\/\\\/world.dan.org\\\/es\\\/#website\"},\"primaryImageOfPage\":{\"@id\":\"https:\\\/\\\/world.dan.org\\\/about-dan-world\\\/#primaryimage\"},\"image\":{\"@id\":\"https:\\\/\\\/world.dan.org\\\/about-dan-world\\\/#primaryimage\"},\"thumbnailUrl\":\"https:\\\/\\\/world.dan.org\\\/wp-content\\\/uploads\\\/2020\\\/07\\\/IMG_0272-DAN-Resized.jpg\",\"datePublished\":\"2020-03-27T22:07:30+00:00\",\"dateModified\":\"2022-06-28T21:59:57+00:00\",\"description\":\"DAN has championed dive safety for more than 40 years, through research programs, medical services, comprehensive insurance programs and more.\",\"breadcrumb\":{\"@id\":\"https:\\\/\\\/world.dan.org\\\/about-dan-world\\\/#breadcrumb\"},\"inLanguage\":\"es-MX\",\"potentialAction\":[{\"@type\":\"ReadAction\",\"target\":[\"https:\\\/\\\/world.dan.org\\\/about-dan-world\\\/\"]}]},{\"@type\":\"ImageObject\",\"inLanguage\":\"es-MX\",\"@id\":\"https:\\\/\\\/world.dan.org\\\/about-dan-world\\\/#primaryimage\",\"url\":\"https:\\\/\\\/world.dan.org\\\/wp-content\\\/uploads\\\/2020\\\/07\\\/IMG_0272-DAN-Resized.jpg\",\"contentUrl\":\"https:\\\/\\\/world.dan.org\\\/wp-content\\\/uploads\\\/2020\\\/07\\\/IMG_0272-DAN-Resized.jpg\",\"width\":1200,\"height\":800},{\"@type\":\"BreadcrumbList\",\"@id\":\"https:\\\/\\\/world.dan.org\\\/about-dan-world\\\/#breadcrumb\",\"itemListElement\":[{\"@type\":\"ListItem\",\"position\":1,\"name\":\"Home\",\"item\":\"https:\\\/\\\/world.dan.org\\\/\"},{\"@type\":\"ListItem\",\"position\":2,\"name\":\"About DAN World\"}]},{\"@type\":\"WebSite\",\"@id\":\"https:\\\/\\\/world.dan.org\\\/es\\\/#website\",\"url\":\"https:\\\/\\\/world.dan.org\\\/es\\\/\",\"name\":\"DAN World\",\"description\":\"\",\"publisher\":{\"@id\":\"https:\\\/\\\/world.dan.org\\\/es\\\/#organization\"},\"potentialAction\":[{\"@type\":\"SearchAction\",\"target\":{\"@type\":\"EntryPoint\",\"urlTemplate\":\"https:\\\/\\\/world.dan.org\\\/es\\\/?s={search_term_string}\"},\"query-input\":{\"@type\":\"PropertyValueSpecification\",\"valueRequired\":true,\"valueName\":\"search_term_string\"}}],\"inLanguage\":\"es-MX\"},{\"@type\":\"Organization\",\"@id\":\"https:\\\/\\\/world.dan.org\\\/es\\\/#organization\",\"name\":\"DAN World\",\"url\":\"https:\\\/\\\/world.dan.org\\\/es\\\/\",\"logo\":{\"@type\":\"ImageObject\",\"inLanguage\":\"es-MX\",\"@id\":\"https:\\\/\\\/world.dan.org\\\/es\\\/#\\\/schema\\\/logo\\\/image\\\/\",\"url\":\"https:\\\/\\\/world.dan.org\\\/wp-content\\\/uploads\\\/2022\\\/04\\\/DAN-World-logo-sm-52px.svg\",\"contentUrl\":\"https:\\\/\\\/world.dan.org\\\/wp-content\\\/uploads\\\/2022\\\/04\\\/DAN-World-logo-sm-52px.svg\",\"width\":175,\"height\":52,\"caption\":\"DAN World\"},\"image\":{\"@id\":\"https:\\\/\\\/world.dan.org\\\/es\\\/#\\\/schema\\\/logo\\\/image\\\/\"}}]}<\/script>\n<!-- \/ Yoast SEO Premium plugin. -->","yoast_head_json":{"title":"Acerca de DAN World - DAN World","description":"DAN ha defendido la seguridad en el buceo durante m\u00e1s de 40 a\u00f1os, a trav\u00e9s de programas de investigaci\u00f3n, servicios m\u00e9dicos, amplios programas de seguros y mucho m\u00e1s.","robots":{"index":"index","follow":"follow","max-snippet":"max-snippet:-1","max-image-preview":"max-image-preview:large","max-video-preview":"max-video-preview:-1"},"canonical":"https:\/\/world.dan.org\/es\/about-dan-world\/","og_locale":"es_MX","og_type":"article","og_title":"About DAN World","og_description":"DAN helps divers in need of medical emergency assistance and promotes dive safety through research, education, products, and services.","og_url":"https:\/\/world.dan.org\/es\/about-dan-world\/","og_site_name":"DAN World","article_modified_time":"2022-06-28T21:59:57+00:00","og_image":[{"width":1200,"height":800,"url":"https:\/\/world.dan.org\/wp-content\/uploads\/2020\/07\/IMG_0272-DAN-Resized.jpg","type":"image\/jpeg"}],"twitter_card":"summary_large_image","twitter_title":"About DAN World","twitter_description":"DAN helps divers in need of medical emergency assistance and promotes dive safety through research, education, products, and services.","twitter_image":"https:\/\/world.dan.org\/wp-content\/uploads\/2020\/07\/IMG_0272-DAN-Resized.jpg","twitter_misc":{"Est. reading time":"2 minutes"},"schema":{"@context":"https:\/\/schema.org","@graph":[{"@type":"WebPage","@id":"https:\/\/world.dan.org\/about-dan-world\/","url":"https:\/\/world.dan.org\/about-dan-world\/","name":"Acerca de DAN World - DAN World","isPartOf":{"@id":"https:\/\/world.dan.org\/es\/#website"},"primaryImageOfPage":{"@id":"https:\/\/world.dan.org\/about-dan-world\/#primaryimage"},"image":{"@id":"https:\/\/world.dan.org\/about-dan-world\/#primaryimage"},"thumbnailUrl":"https:\/\/world.dan.org\/wp-content\/uploads\/2020\/07\/IMG_0272-DAN-Resized.jpg","datePublished":"2020-03-27T22:07:30+00:00","dateModified":"2022-06-28T21:59:57+00:00","description":"DAN ha defendido la seguridad en el buceo durante m\u00e1s de 40 a\u00f1os, a trav\u00e9s de programas de investigaci\u00f3n, servicios m\u00e9dicos, amplios programas de seguros y mucho m\u00e1s.","breadcrumb":{"@id":"https:\/\/world.dan.org\/about-dan-world\/#breadcrumb"},"inLanguage":"es-MX","potentialAction":[{"@type":"ReadAction","target":["https:\/\/world.dan.org\/about-dan-world\/"]}]},{"@type":"ImageObject","inLanguage":"es-MX","@id":"https:\/\/world.dan.org\/about-dan-world\/#primaryimage","url":"https:\/\/world.dan.org\/wp-content\/uploads\/2020\/07\/IMG_0272-DAN-Resized.jpg","contentUrl":"https:\/\/world.dan.org\/wp-content\/uploads\/2020\/07\/IMG_0272-DAN-Resized.jpg","width":1200,"height":800},{"@type":"BreadcrumbList","@id":"https:\/\/world.dan.org\/about-dan-world\/#breadcrumb","itemListElement":[{"@type":"ListItem","position":1,"name":"Home","item":"https:\/\/world.dan.org\/"},{"@type":"ListItem","position":2,"name":"About DAN World"}]},{"@type":"WebSite","@id":"https:\/\/world.dan.org\/es\/#website","url":"https:\/\/world.dan.org\/es\/","name":"DAN World","description":"","publisher":{"@id":"https:\/\/world.dan.org\/es\/#organization"},"potentialAction":[{"@type":"SearchAction","target":{"@type":"EntryPoint","urlTemplate":"https:\/\/world.dan.org\/es\/?s={search_term_string}"},"query-input":{"@type":"PropertyValueSpecification","valueRequired":true,"valueName":"search_term_string"}}],"inLanguage":"es-MX"},{"@type":"Organization","@id":"https:\/\/world.dan.org\/es\/#organization","name":"DAN World","url":"https:\/\/world.dan.org\/es\/","logo":{"@type":"ImageObject","inLanguage":"es-MX","@id":"https:\/\/world.dan.org\/es\/#\/schema\/logo\/image\/","url":"https:\/\/world.dan.org\/wp-content\/uploads\/2022\/04\/DAN-World-logo-sm-52px.svg","contentUrl":"https:\/\/world.dan.org\/wp-content\/uploads\/2022\/04\/DAN-World-logo-sm-52px.svg","width":175,"height":52,"caption":"DAN World"},"image":{"@id":"https:\/\/world.dan.org\/es\/#\/schema\/logo\/image\/"}}]}},"_links":{"self":[{"href":"https:\/\/world.dan.org\/es\/wp-json\/wp\/v2\/pages\/71","targetHints":{"allow":["GET"]}}],"collection":[{"href":"https:\/\/world.dan.org\/es\/wp-json\/wp\/v2\/pages"}],"about":[{"href":"https:\/\/world.dan.org\/es\/wp-json\/wp\/v2\/types\/page"}],"author":[{"embeddable":true,"href":"https:\/\/world.dan.org\/es\/wp-json\/wp\/v2\/users\/1"}],"replies":[{"embeddable":true,"href":"https:\/\/world.dan.org\/es\/wp-json\/wp\/v2\/comments?post=71"}],"version-history":[{"count":0,"href":"https:\/\/world.dan.org\/es\/wp-json\/wp\/v2\/pages\/71\/revisions"}],"wp:featuredmedia":[{"embeddable":true,"href":"https:\/\/world.dan.org\/es\/wp-json\/wp\/v2\/media\/2552"}],"wp:attachment":[{"href":"https:\/\/world.dan.org\/es\/wp-json\/wp\/v2\/media?parent=71"}],"curies":[{"name":"wp","href":"https:\/\/api.w.org\/{rel}","templated":true}]}}