{"id":73,"date":"2020-03-27T18:07:53","date_gmt":"2020-03-27T22:07:53","guid":{"rendered":"https:\/\/dan.devhammer.com\/?page_id=73"},"modified":"2022-06-28T17:27:46","modified_gmt":"2022-06-28T21:27:46","slug":"news-media","status":"publish","type":"page","link":"https:\/\/world.dan.org\/es\/about-dan\/news-media\/","title":{"rendered":"Noticias y medios de comunicaci\u00f3n"},"content":{"rendered":"<p>Mant\u00e9ngase al d\u00eda con los \u00faltimos trabajos de investigaci\u00f3n, anuncios, campa\u00f1as de seguridad p\u00fablica y otras novedades de DAN. Como sin\u00f3nimo de confianza en cuanto a seguridad en el buceo, DAN tiene el compromiso de brindar a los buzos la formaci\u00f3n que necesitan para bucear mejor y de manera m\u00e1s segura. Al recibir informaci\u00f3n relevante, pr\u00e1ctica y confiable, los buzos est\u00e1n mejor preparados para tomar decisiones inteligentes en cada aventura.&nbsp;<\/p>","protected":false},"excerpt":{"rendered":"<p>Mant\u00e9ngase al d\u00eda con los \u00faltimos anuncios, trabajos de investigaci\u00f3n, campa\u00f1as de servicios p\u00fablicos y otras novedades de DAN. DAN es sin\u00f3nimo de confianza en cuanto a seguridad en el buceo; nuestra organizaci\u00f3n tiene el compromiso de brindar a los buzos los recursos que necesitan. Al recibir informaci\u00f3n relevante sobre las actividades de la organizaci\u00f3n en la comunidad del buceo y en otros \u00e1mbitos, los buzos est\u00e1n mejor preparados para tomar decisiones inteligentes en cada aventura. <\/p>","protected":false},"author":1,"featured_media":10380,"parent":31,"menu_order":142,"comment_status":"closed","ping_status":"closed","template":"templates\/page-news-media.php","meta":{"_acf_changed":false,"_ef_editorial_meta_date_first-draft-date":"","_ef_editorial_meta_paragraph_assignment":"","_ef_editorial_meta_checkbox_needs-photo":"","_ef_editorial_meta_number_word-count":"","footnotes":""},"class_list":["post-73","page","type-page","status-publish","has-post-thumbnail","hentry"],"acf":[],"yoast_head":"<!-- This site is optimized with the Yoast SEO Premium plugin v27.0 (Yoast SEO v27.3) - https:\/\/yoast.com\/product\/yoast-seo-premium-wordpress\/ -->\n<title>News &amp; Media - DAN World<\/title>\n<meta name=\"description\" content=\"Stay current with the latest research, announcements, public safety campaigns and other news briefings from DAN.\" \/>\n<meta name=\"robots\" content=\"index, follow, max-snippet:-1, max-image-preview:large, max-video-preview:-1\" \/>\n<link rel=\"canonical\" href=\"https:\/\/world.dan.org\/es\/about-dan\/news-media\/\" \/>\n<meta property=\"og:locale\" content=\"es_MX\" \/>\n<meta property=\"og:type\" content=\"article\" \/>\n<meta property=\"og:title\" content=\"News &amp; Media\" \/>\n<meta property=\"og:description\" content=\"Stay current with the latest research, announcements, public safety campaigns and other news briefings from DAN. The most trusted name in diver safety, DAN is committed to providing divers with the knowledge they need to be better, safer divers.\" \/>\n<meta property=\"og:url\" content=\"https:\/\/world.dan.org\/es\/about-dan\/news-media\/\" \/>\n<meta property=\"og:site_name\" content=\"DAN World\" \/>\n<meta property=\"article:modified_time\" content=\"2022-06-28T21:27:46+00:00\" \/>\n<meta property=\"og:image\" content=\"https:\/\/world.dan.org\/wp-content\/uploads\/2020\/09\/news-media-1065782390-DAN-1200x600-1.jpg\" \/>\n\t<meta property=\"og:image:width\" content=\"1200\" \/>\n\t<meta property=\"og:image:height\" content=\"600\" \/>\n\t<meta property=\"og:image:type\" content=\"image\/jpeg\" \/>\n<meta name=\"twitter:card\" content=\"summary_large_image\" \/>\n<meta name=\"twitter:title\" content=\"News &amp; Media\" \/>\n<meta name=\"twitter:description\" content=\"Stay current with the latest research, announcements, public safety campaigns and other news briefings from DAN. The most trusted name in diver safety, DAN is committed to providing divers with the knowledge they need to be better, safer divers.\" \/>\n<meta name=\"twitter:image\" content=\"https:\/\/world.dan.org\/wp-content\/uploads\/2020\/09\/news-media-1065782390-DAN-1200x600-1.jpg\" \/>\n<meta name=\"twitter:label1\" content=\"Est. reading time\" \/>\n\t<meta name=\"twitter:data1\" content=\"1 minute\" \/>\n<script type=\"application\/ld+json\" class=\"yoast-schema-graph\">{\"@context\":\"https:\\\/\\\/schema.org\",\"@graph\":[{\"@type\":\"WebPage\",\"@id\":\"https:\\\/\\\/world.dan.org\\\/about-dan\\\/news-media\\\/\",\"url\":\"https:\\\/\\\/world.dan.org\\\/about-dan\\\/news-media\\\/\",\"name\":\"News & Media - DAN World\",\"isPartOf\":{\"@id\":\"https:\\\/\\\/world.dan.org\\\/es\\\/#website\"},\"primaryImageOfPage\":{\"@id\":\"https:\\\/\\\/world.dan.org\\\/about-dan\\\/news-media\\\/#primaryimage\"},\"image\":{\"@id\":\"https:\\\/\\\/world.dan.org\\\/about-dan\\\/news-media\\\/#primaryimage\"},\"thumbnailUrl\":\"https:\\\/\\\/world.dan.org\\\/wp-content\\\/uploads\\\/2020\\\/09\\\/news-media-1065782390-DAN-1410x600-1.jpg\",\"datePublished\":\"2020-03-27T22:07:53+00:00\",\"dateModified\":\"2022-06-28T21:27:46+00:00\",\"description\":\"Stay current with the latest research, announcements, public safety campaigns and other news briefings from DAN.\",\"breadcrumb\":{\"@id\":\"https:\\\/\\\/world.dan.org\\\/about-dan\\\/news-media\\\/#breadcrumb\"},\"inLanguage\":\"es-MX\",\"potentialAction\":[{\"@type\":\"ReadAction\",\"target\":[\"https:\\\/\\\/world.dan.org\\\/about-dan\\\/news-media\\\/\"]}]},{\"@type\":\"ImageObject\",\"inLanguage\":\"es-MX\",\"@id\":\"https:\\\/\\\/world.dan.org\\\/about-dan\\\/news-media\\\/#primaryimage\",\"url\":\"https:\\\/\\\/world.dan.org\\\/wp-content\\\/uploads\\\/2020\\\/09\\\/news-media-1065782390-DAN-1410x600-1.jpg\",\"contentUrl\":\"https:\\\/\\\/world.dan.org\\\/wp-content\\\/uploads\\\/2020\\\/09\\\/news-media-1065782390-DAN-1410x600-1.jpg\",\"width\":1410,\"height\":600,\"caption\":\"Mobile news application in smartphone. Man reading online news on website with cellphone. Person browsing latest articles on the internet. Light from phone screen.\"},{\"@type\":\"BreadcrumbList\",\"@id\":\"https:\\\/\\\/world.dan.org\\\/about-dan\\\/news-media\\\/#breadcrumb\",\"itemListElement\":[{\"@type\":\"ListItem\",\"position\":1,\"name\":\"Home\",\"item\":\"https:\\\/\\\/world.dan.org\\\/\"},{\"@type\":\"ListItem\",\"position\":2,\"name\":\"About DAN\",\"item\":\"https:\\\/\\\/world.dan.org\\\/about-dan\\\/\"},{\"@type\":\"ListItem\",\"position\":3,\"name\":\"News &#038; Media\"}]},{\"@type\":\"WebSite\",\"@id\":\"https:\\\/\\\/world.dan.org\\\/es\\\/#website\",\"url\":\"https:\\\/\\\/world.dan.org\\\/es\\\/\",\"name\":\"DAN World\",\"description\":\"\",\"publisher\":{\"@id\":\"https:\\\/\\\/world.dan.org\\\/es\\\/#organization\"},\"potentialAction\":[{\"@type\":\"SearchAction\",\"target\":{\"@type\":\"EntryPoint\",\"urlTemplate\":\"https:\\\/\\\/world.dan.org\\\/es\\\/?s={search_term_string}\"},\"query-input\":{\"@type\":\"PropertyValueSpecification\",\"valueRequired\":true,\"valueName\":\"search_term_string\"}}],\"inLanguage\":\"es-MX\"},{\"@type\":\"Organization\",\"@id\":\"https:\\\/\\\/world.dan.org\\\/es\\\/#organization\",\"name\":\"DAN World\",\"url\":\"https:\\\/\\\/world.dan.org\\\/es\\\/\",\"logo\":{\"@type\":\"ImageObject\",\"inLanguage\":\"es-MX\",\"@id\":\"https:\\\/\\\/world.dan.org\\\/es\\\/#\\\/schema\\\/logo\\\/image\\\/\",\"url\":\"https:\\\/\\\/world.dan.org\\\/wp-content\\\/uploads\\\/2022\\\/04\\\/DAN-World-logo-sm-52px.svg\",\"contentUrl\":\"https:\\\/\\\/world.dan.org\\\/wp-content\\\/uploads\\\/2022\\\/04\\\/DAN-World-logo-sm-52px.svg\",\"width\":175,\"height\":52,\"caption\":\"DAN World\"},\"image\":{\"@id\":\"https:\\\/\\\/world.dan.org\\\/es\\\/#\\\/schema\\\/logo\\\/image\\\/\"}}]}<\/script>\n<!-- \/ Yoast SEO Premium plugin. -->","yoast_head_json":{"title":"Noticias y medios - DAN World","description":"Mant\u00e9ngase al d\u00eda de las \u00faltimas investigaciones, anuncios, campa\u00f1as de seguridad p\u00fablica y otras noticias de DAN.","robots":{"index":"index","follow":"follow","max-snippet":"max-snippet:-1","max-image-preview":"max-image-preview:large","max-video-preview":"max-video-preview:-1"},"canonical":"https:\/\/world.dan.org\/es\/about-dan\/news-media\/","og_locale":"es_MX","og_type":"article","og_title":"News & Media","og_description":"Stay current with the latest research, announcements, public safety campaigns and other news briefings from DAN. The most trusted name in diver safety, DAN is committed to providing divers with the knowledge they need to be better, safer divers.","og_url":"https:\/\/world.dan.org\/es\/about-dan\/news-media\/","og_site_name":"DAN World","article_modified_time":"2022-06-28T21:27:46+00:00","og_image":[{"width":1200,"height":600,"url":"https:\/\/world.dan.org\/wp-content\/uploads\/2020\/09\/news-media-1065782390-DAN-1200x600-1.jpg","type":"image\/jpeg"}],"twitter_card":"summary_large_image","twitter_title":"News & Media","twitter_description":"Stay current with the latest research, announcements, public safety campaigns and other news briefings from DAN. The most trusted name in diver safety, DAN is committed to providing divers with the knowledge they need to be better, safer divers.","twitter_image":"https:\/\/world.dan.org\/wp-content\/uploads\/2020\/09\/news-media-1065782390-DAN-1200x600-1.jpg","twitter_misc":{"Est. reading time":"1 minute"},"schema":{"@context":"https:\/\/schema.org","@graph":[{"@type":"WebPage","@id":"https:\/\/world.dan.org\/about-dan\/news-media\/","url":"https:\/\/world.dan.org\/about-dan\/news-media\/","name":"Noticias y medios - DAN World","isPartOf":{"@id":"https:\/\/world.dan.org\/es\/#website"},"primaryImageOfPage":{"@id":"https:\/\/world.dan.org\/about-dan\/news-media\/#primaryimage"},"image":{"@id":"https:\/\/world.dan.org\/about-dan\/news-media\/#primaryimage"},"thumbnailUrl":"https:\/\/world.dan.org\/wp-content\/uploads\/2020\/09\/news-media-1065782390-DAN-1410x600-1.jpg","datePublished":"2020-03-27T22:07:53+00:00","dateModified":"2022-06-28T21:27:46+00:00","description":"Mant\u00e9ngase al d\u00eda de las \u00faltimas investigaciones, anuncios, campa\u00f1as de seguridad p\u00fablica y otras noticias de DAN.","breadcrumb":{"@id":"https:\/\/world.dan.org\/about-dan\/news-media\/#breadcrumb"},"inLanguage":"es-MX","potentialAction":[{"@type":"ReadAction","target":["https:\/\/world.dan.org\/about-dan\/news-media\/"]}]},{"@type":"ImageObject","inLanguage":"es-MX","@id":"https:\/\/world.dan.org\/about-dan\/news-media\/#primaryimage","url":"https:\/\/world.dan.org\/wp-content\/uploads\/2020\/09\/news-media-1065782390-DAN-1410x600-1.jpg","contentUrl":"https:\/\/world.dan.org\/wp-content\/uploads\/2020\/09\/news-media-1065782390-DAN-1410x600-1.jpg","width":1410,"height":600,"caption":"Mobile news application in smartphone. Man reading online news on website with cellphone. Person browsing latest articles on the internet. Light from phone screen."},{"@type":"BreadcrumbList","@id":"https:\/\/world.dan.org\/about-dan\/news-media\/#breadcrumb","itemListElement":[{"@type":"ListItem","position":1,"name":"Home","item":"https:\/\/world.dan.org\/"},{"@type":"ListItem","position":2,"name":"About DAN","item":"https:\/\/world.dan.org\/about-dan\/"},{"@type":"ListItem","position":3,"name":"News &#038; Media"}]},{"@type":"WebSite","@id":"https:\/\/world.dan.org\/es\/#website","url":"https:\/\/world.dan.org\/es\/","name":"DAN World","description":"","publisher":{"@id":"https:\/\/world.dan.org\/es\/#organization"},"potentialAction":[{"@type":"SearchAction","target":{"@type":"EntryPoint","urlTemplate":"https:\/\/world.dan.org\/es\/?s={search_term_string}"},"query-input":{"@type":"PropertyValueSpecification","valueRequired":true,"valueName":"search_term_string"}}],"inLanguage":"es-MX"},{"@type":"Organization","@id":"https:\/\/world.dan.org\/es\/#organization","name":"DAN World","url":"https:\/\/world.dan.org\/es\/","logo":{"@type":"ImageObject","inLanguage":"es-MX","@id":"https:\/\/world.dan.org\/es\/#\/schema\/logo\/image\/","url":"https:\/\/world.dan.org\/wp-content\/uploads\/2022\/04\/DAN-World-logo-sm-52px.svg","contentUrl":"https:\/\/world.dan.org\/wp-content\/uploads\/2022\/04\/DAN-World-logo-sm-52px.svg","width":175,"height":52,"caption":"DAN World"},"image":{"@id":"https:\/\/world.dan.org\/es\/#\/schema\/logo\/image\/"}}]}},"_links":{"self":[{"href":"https:\/\/world.dan.org\/es\/wp-json\/wp\/v2\/pages\/73","targetHints":{"allow":["GET"]}}],"collection":[{"href":"https:\/\/world.dan.org\/es\/wp-json\/wp\/v2\/pages"}],"about":[{"href":"https:\/\/world.dan.org\/es\/wp-json\/wp\/v2\/types\/page"}],"author":[{"embeddable":true,"href":"https:\/\/world.dan.org\/es\/wp-json\/wp\/v2\/users\/1"}],"replies":[{"embeddable":true,"href":"https:\/\/world.dan.org\/es\/wp-json\/wp\/v2\/comments?post=73"}],"version-history":[{"count":0,"href":"https:\/\/world.dan.org\/es\/wp-json\/wp\/v2\/pages\/73\/revisions"}],"up":[{"embeddable":true,"href":"https:\/\/world.dan.org\/es\/wp-json\/wp\/v2\/pages\/31"}],"wp:featuredmedia":[{"embeddable":true,"href":"https:\/\/world.dan.org\/es\/wp-json\/wp\/v2\/media\/10380"}],"wp:attachment":[{"href":"https:\/\/world.dan.org\/es\/wp-json\/wp\/v2\/media?parent=73"}],"curies":[{"name":"wp","href":"https:\/\/api.w.org\/{rel}","templated":true}]}}