{"id":787,"date":"2020-06-03T10:43:15","date_gmt":"2020-06-03T14:43:15","guid":{"rendered":"https:\/\/dan.devhammer.com\/?page_id=787"},"modified":"2026-03-30T14:40:23","modified_gmt":"2026-03-30T18:40:23","slug":"breathing-gas-contamination","status":"publish","type":"page","link":"https:\/\/world.dan.org\/es\/safety-prevention\/diver-safety\/psa\/breathing-gas-contamination\/","title":{"rendered":"Contaminaci\u00f3n de los gases de respiraci\u00f3n"},"content":{"rendered":"<div style=\"height:50px\" aria-hidden=\"true\" class=\"wp-block-spacer\"><\/div>\n\n\n\n<div class=\"wp-block-columns is-layout-flex wp-container-core-columns-is-layout-9d6595d7 wp-block-columns-is-layout-flex\">\n<div class=\"wp-block-column is-vertically-aligned-center is-layout-flow wp-block-column-is-layout-flow\" style=\"flex-basis:80%\">\n<p>Los efectos sobre la salud de los buzos var\u00edan en funci\u00f3n del contaminante. Los s\u00edntomas m\u00e1s graves por respirar aire contaminado son la alteraci\u00f3n de las facultades mentales y la p\u00e9rdida del conocimiento, que pueden ser mortales bajo el agua.<\/p>\n<\/div>\n\n\n\n<div class=\"wp-block-column is-vertically-aligned-center is-layout-flow wp-block-column-is-layout-flow\" style=\"flex-basis:20%\">\n<div class=\"wp-block-buttons is-content-justification-center is-layout-flex wp-container-core-buttons-is-layout-16018d1d wp-block-buttons-is-layout-flex\">\n<div class=\"wp-block-button\"><a class=\"wp-block-button__link has-dan-red-400-background-color has-background wp-element-button\" href=\"https:\/\/world.dan.org\/wp-content\/uploads\/2020\/06\/PSA_GasContamination.pdf\" style=\"border-radius:4px\">Descargar en formato PDF<\/a><\/div>\n<\/div>\n<\/div>\n<\/div>\n\n\n\n<div style=\"height:30px\" aria-hidden=\"true\" class=\"wp-block-spacer\"><\/div>\n\n\n\n<h2 class=\"wp-block-heading\" id=\"h-contaminant-symptoms-chart\">Tabla de contaminantes \/ s\u00edntomas<\/h2>\n\n\n\n<figure class=\"wp-block-table\"><table class=\"has-dan-white-color has-dan-blue-300-background-color has-text-color has-background has-link-color\"><tbody><tr><td class=\"has-text-align-center\" data-align=\"center\">MON\u00d3XIDO DE CARBONO (CO)<\/td><td>Dolor de cabeza, mareos, debilidad, n\u00e1useas, v\u00f3mitos, dificultad para respirar,\n alteraci\u00f3n del juicio, confusi\u00f3n, p\u00e9rdida del conocimiento <\/td><\/tr><tr><td class=\"has-text-align-center\" data-align=\"center\">DI\u00d3XIDO DE CARBONO (CO<sub>2<\/sub>)<\/td><td>Hiperventilaci\u00f3n, mareos, confusi\u00f3n, p\u00e9rdida del conocimiento<\/td><\/tr><tr><td class=\"has-text-align-center\" data-align=\"center\">HIDROCARBUROS VOL\u00c1TILES<\/td><td>Fatiga, dolor de cabeza, confusi\u00f3n, alteraci\u00f3n del juicio, entumecimiento, arritmias card\u00edacas, p\u00e9rdida del conocimiento <\/td><\/tr><tr><td class=\"has-text-align-center\" data-align=\"center\">ACEITE (CONDENSADO)<\/td><td>Dolor de cabeza, n\u00e1useas, alteraci\u00f3n de la funci\u00f3n respiratoria <\/td><\/tr><tr><td class=\"has-text-align-center\" data-align=\"center\">POLVO (PART\u00cdCULAS)<\/td><td>Alteraci\u00f3n de la funci\u00f3n respiratoria <\/td><\/tr><\/tbody><\/table><\/figure>\n\n\n\n<div style=\"height:15px\" aria-hidden=\"true\" class=\"wp-block-spacer\"><\/div>\n\n\n\n<p>Resulta dif\u00edcil identificar un caso de contaminaci\u00f3n observando \u00fanicamente los s\u00edntomas. Adem\u00e1s de que suelen ser ambiguos, son comunes a otras enfermedades. Si el buzo cree que ha estado expuesto a un gas de respiraci\u00f3n contaminado, debe someterse a una evaluaci\u00f3n m\u00e9dica y analizar el gas de la botella.<\/p>\n\n\n\n<p>Es necesario evaluar los s\u00edntomas en el contexto de la inmersi\u00f3n. Normalmente, un grupo de buzos recarga las botellas en el mismo compresor. Para determinar si los s\u00edntomas son consecuencia de gas contaminado, puede estar atento al estado de los compa\u00f1eros de buceo que tambi\u00e9n cargaron sus botellas en la misma fuente.<\/p>\n\n\n\n<div style=\"height:50px\" aria-hidden=\"true\" class=\"wp-block-spacer\"><\/div>\n\n\n\n<hr class=\"wp-block-separator has-text-color has-dan-light-gray-color has-css-opacity has-dan-light-gray-background-color has-background\"\/>\n\n\n\n<div style=\"height:49px\" aria-hidden=\"true\" class=\"wp-block-spacer\"><\/div>\n\n\n\n<div class=\"wp-block-columns is-layout-flex wp-container-core-columns-is-layout-9d6595d7 wp-block-columns-is-layout-flex\">\n<div class=\"wp-block-column is-layout-flow wp-block-column-is-layout-flow\">\n<h2 class=\"wp-block-heading has-dan-black-color has-text-color\" id=\"h-for-compressor-operators\">Consejos para los operadores de compresores<\/h2>\n\n\n\n<ul class=\"wp-block-list\">\n<li>Est\u00e9 atento al mantenimiento del compresor, a fin de garantizar la calidad del gas comprimido de respiraci\u00f3n y de prolongar la vida \u00fatil del compresor.<br><br><\/li>\n\n\n\n<li>Siga procedimientos seguros para la recarga de aire. Antes de llenar las botellas, revise si los filtros del compresor est\u00e1n da\u00f1ados o contaminados y si el escape del motor est\u00e1 cerca de la toma de aire. Interrumpa la recarga de inmediato si detecta cualquier olor qu\u00edmico o aceitoso. Mantenga un registro de las recargas de aire, las tareas de mantenimiento y la capacitaci\u00f3n de los operadores; use filtros y aceite adecuados; y mantenga la sala de llenado de botellas limpia y organizada.<br><br><\/li>\n\n\n\n<li>Pruebas de calidad del aire. Existen varios m\u00e9todos de prueba en el mercado, con grados variables de precio y complejidad. Por ejemplo, puede instalar dispositivos de control constante de mon\u00f3xido de carbono (CO) y humedad. Cada tres meses, se recomienda enviar una muestra de los gases de respiraci\u00f3n para que la analice un laboratorio acreditado.<\/li>\n<\/ul>\n\n\n\n<div style=\"height:9px\" aria-hidden=\"true\" class=\"wp-block-spacer\"><\/div>\n\n\n\n<hr class=\"wp-block-separator has-text-color has-dan-light-gray-color has-css-opacity has-dan-light-gray-background-color has-background\"\/>\n\n\n\n<div style=\"height:9px\" aria-hidden=\"true\" class=\"wp-block-spacer\"><\/div>\n\n\n\n<p>Existen diversas fuentes de contaminaci\u00f3n, como las impurezas presentes en el entorno circundante (escape del motor, di\u00f3xido de carbono, part\u00edculas de polvo) o los subproductos del proceso de compresi\u00f3n (mon\u00f3xido de carbono o hidrocarburos de los lubricantes del compresor).<\/p>\n<\/div>\n\n\n\n<div class=\"wp-block-column is-layout-flow wp-block-column-is-layout-flow\">\n<h2 class=\"wp-block-heading has-dan-black-color has-text-color\" id=\"h-for-divers\">Consejos para los buzos<\/h2>\n\n\n\n<ul class=\"wp-block-list\">\n<li>Recargue el aire en tiendas o clubes de buceo de confianza.<br><br><\/li>\n\n\n\n<li>Haga preguntas y est\u00e9 atento al mantenimiento del compresor, los procedimientos de recarga, los an\u00e1lisis de los gases de respiraci\u00f3n y los registros.<br><br><\/li>\n\n\n\n<li>Pruebe el gas antes de la inmersi\u00f3n. Si el gas de respiraci\u00f3n tiene un olor o sabor extra\u00f1o, no bucee con esa botella.<br><br><\/li>\n\n\n\n<li>Analice si su botella contiene mon\u00f3xido de carbono (CO), un gas incoloro, inodoro e ins\u00edpido. Los detectores electr\u00f3nicos de CO o las placas de detecci\u00f3n por cambio de color pueden detectar la presencia de CO en el gas de respiraci\u00f3n.<\/li>\n<\/ul>\n\n\n\n<div style=\"height:11px\" aria-hidden=\"true\" class=\"wp-block-spacer\"><\/div>\n\n\n\n<hr class=\"wp-block-separator has-text-color has-dan-light-gray-color has-css-opacity has-dan-light-gray-background-color has-background\"\/>\n\n\n\n<div style=\"height:9px\" aria-hidden=\"true\" class=\"wp-block-spacer\"><\/div>\n\n\n\n<p>En algunos casos, puede que el contaminante no sea perjudicial para la salud, sino que cause da\u00f1os al equipo, lo que aumenta el riesgo de lesiones durante el buceo. El exceso de humedad puede causar lo siguiente:<\/p>\n\n\n\n<ul class=\"wp-block-list\">\n<li>Congelamiento o aver\u00eda de los reguladores<\/li>\n\n\n\n<li>Corrosi\u00f3n y oxidaci\u00f3n de las botellas de buceo<\/li>\n\n\n\n<li>Reducir la eficacia de la filtraci\u00f3n del compresor<\/li>\n<\/ul>\n<\/div>\n<\/div>\n\n\n\n<div style=\"height:30px\" aria-hidden=\"true\" class=\"wp-block-spacer\"><\/div>\n\n\n\n<hr class=\"wp-block-separator has-text-color has-dan-light-gray-color has-css-opacity has-dan-light-gray-background-color has-background\"\/>\n\n\n\n<div style=\"height:49px\" aria-hidden=\"true\" class=\"wp-block-spacer\"><\/div>\n\n\n\n<h1 class=\"wp-block-heading has-text-align-center has-dan-red-400-color has-text-color\" id=\"h-dan-can-help\"><strong><span style=\"color:#e20e39\" class=\"color\">DAN PUEDE AYUDARLO<\/span><\/strong><\/h1>\n\n\n\n<p class=\"has-text-align-center has-dan-black-color has-text-color\">DAN ofrece asistencia en an\u00e1lisis de gases. Si estuvo involucrado en un incidente que podr\u00eda estar relacionado con una contaminaci\u00f3n de los gases de respiraci\u00f3n y tiene control legal de la botella, cons\u00e9rvela y comun\u00edquese con Investigaci\u00f3n de DAN llamando al +1 (919) 684-2948 o escribiendo a <a href=\"mailto:Research@DAN.org\"><span class=\"has-inline-color has-very-dark-gray-color\"><strong><span style=\"color:#e20e39\" class=\"color\">Research@DAN.org<\/span><\/strong><\/span><\/a>.<\/p>","protected":false},"excerpt":{"rendered":"<p>Los efectos sobre la salud de los buzos var\u00edan en funci\u00f3n del contaminante. Los s\u00edntomas m\u00e1s graves por respirar aire contaminado son la alteraci\u00f3n de las facultades mentales y la p\u00e9rdida del conocimiento, que pueden ser mortales bajo el agua.<\/p>","protected":false},"author":1,"featured_media":17485,"parent":389,"menu_order":135,"comment_status":"closed","ping_status":"closed","template":"","meta":{"_acf_changed":false,"_ef_editorial_meta_date_first-draft-date":"","_ef_editorial_meta_paragraph_assignment":"","_ef_editorial_meta_checkbox_needs-photo":"","_ef_editorial_meta_number_word-count":"","footnotes":""},"class_list":["post-787","page","type-page","status-publish","has-post-thumbnail","hentry"],"acf":[],"yoast_head":"<!-- This site is optimized with the Yoast SEO Premium plugin v27.4 (Yoast SEO v27.4) - https:\/\/yoast.com\/product\/yoast-seo-premium-wordpress\/ -->\n<title>Breathing Gas Contamination - DAN World<\/title>\n<meta name=\"description\" content=\"The most severe symptoms of breathing contaminated gas are impaired judgment and loss of consciousness, both of which may be deadly underwater.\" \/>\n<meta name=\"robots\" content=\"index, follow, max-snippet:-1, max-image-preview:large, max-video-preview:-1\" \/>\n<link rel=\"canonical\" href=\"https:\/\/world.dan.org\/es\/safety-prevention\/diver-safety\/psa\/breathing-gas-contamination\/\" \/>\n<meta property=\"og:locale\" content=\"es_MX\" \/>\n<meta property=\"og:type\" content=\"article\" \/>\n<meta property=\"og:title\" content=\"Breathing Gas Contamination\" \/>\n<meta property=\"og:description\" content=\"Health effects on divers vary depending on the contaminant. The most severe symptoms of breathing contaminated gas are impaired judgment and loss of consciousness, both of which may be deadly underwater.\" \/>\n<meta property=\"og:url\" content=\"https:\/\/world.dan.org\/es\/safety-prevention\/diver-safety\/psa\/breathing-gas-contamination\/\" \/>\n<meta property=\"og:site_name\" content=\"DAN World\" \/>\n<meta property=\"article:modified_time\" content=\"2026-03-30T18:40:23+00:00\" \/>\n<meta property=\"og:image\" content=\"https:\/\/world.dan.org\/wp-content\/uploads\/2021\/07\/bad-air-IMG_7960-DAN-1200x600-1.jpg\" \/>\n\t<meta property=\"og:image:width\" content=\"1200\" \/>\n\t<meta property=\"og:image:height\" content=\"600\" \/>\n\t<meta property=\"og:image:type\" content=\"image\/jpeg\" \/>\n<meta name=\"twitter:card\" content=\"summary_large_image\" \/>\n<meta name=\"twitter:title\" content=\"Breathing Gas Contamination\" \/>\n<meta name=\"twitter:description\" content=\"Health effects on divers vary depending on the contaminant. The most severe symptoms of breathing contaminated gas are impaired judgment and loss of consciousness, both of which may be deadly underwater.\" \/>\n<meta name=\"twitter:image\" content=\"https:\/\/world.dan.org\/wp-content\/uploads\/2021\/07\/bad-air-IMG_7960-DAN-1200x600-1.jpg\" \/>\n<meta name=\"twitter:label1\" content=\"Est. reading time\" \/>\n\t<meta name=\"twitter:data1\" content=\"3 minutes\" \/>\n<script type=\"application\/ld+json\" class=\"yoast-schema-graph\">{\"@context\":\"https:\\\/\\\/schema.org\",\"@graph\":[{\"@type\":\"WebPage\",\"@id\":\"https:\\\/\\\/world.dan.org\\\/safety-prevention\\\/diver-safety\\\/psa\\\/breathing-gas-contamination\\\/\",\"url\":\"https:\\\/\\\/world.dan.org\\\/safety-prevention\\\/diver-safety\\\/psa\\\/breathing-gas-contamination\\\/\",\"name\":\"Breathing Gas Contamination - DAN World\",\"isPartOf\":{\"@id\":\"https:\\\/\\\/world.dan.org\\\/es\\\/#website\"},\"primaryImageOfPage\":{\"@id\":\"https:\\\/\\\/world.dan.org\\\/safety-prevention\\\/diver-safety\\\/psa\\\/breathing-gas-contamination\\\/#primaryimage\"},\"image\":{\"@id\":\"https:\\\/\\\/world.dan.org\\\/safety-prevention\\\/diver-safety\\\/psa\\\/breathing-gas-contamination\\\/#primaryimage\"},\"thumbnailUrl\":\"https:\\\/\\\/world.dan.org\\\/wp-content\\\/uploads\\\/2021\\\/07\\\/bad-air-IMG_7960-DAN-1200x600-1.jpg\",\"datePublished\":\"2020-06-03T14:43:15+00:00\",\"dateModified\":\"2026-03-30T18:40:23+00:00\",\"description\":\"The most severe symptoms of breathing contaminated gas are impaired judgment and loss of consciousness, both of which may be deadly underwater.\",\"breadcrumb\":{\"@id\":\"https:\\\/\\\/world.dan.org\\\/safety-prevention\\\/diver-safety\\\/psa\\\/breathing-gas-contamination\\\/#breadcrumb\"},\"inLanguage\":\"es-MX\",\"potentialAction\":[{\"@type\":\"ReadAction\",\"target\":[\"https:\\\/\\\/world.dan.org\\\/safety-prevention\\\/diver-safety\\\/psa\\\/breathing-gas-contamination\\\/\"]}]},{\"@type\":\"ImageObject\",\"inLanguage\":\"es-MX\",\"@id\":\"https:\\\/\\\/world.dan.org\\\/safety-prevention\\\/diver-safety\\\/psa\\\/breathing-gas-contamination\\\/#primaryimage\",\"url\":\"https:\\\/\\\/world.dan.org\\\/wp-content\\\/uploads\\\/2021\\\/07\\\/bad-air-IMG_7960-DAN-1200x600-1.jpg\",\"contentUrl\":\"https:\\\/\\\/world.dan.org\\\/wp-content\\\/uploads\\\/2021\\\/07\\\/bad-air-IMG_7960-DAN-1200x600-1.jpg\",\"width\":1200,\"height\":600},{\"@type\":\"BreadcrumbList\",\"@id\":\"https:\\\/\\\/world.dan.org\\\/safety-prevention\\\/diver-safety\\\/psa\\\/breathing-gas-contamination\\\/#breadcrumb\",\"itemListElement\":[{\"@type\":\"ListItem\",\"position\":1,\"name\":\"Home\",\"item\":\"https:\\\/\\\/world.dan.org\\\/\"},{\"@type\":\"ListItem\",\"position\":2,\"name\":\"Safety &#038; Prevention\",\"item\":\"https:\\\/\\\/world.dan.org\\\/safety-prevention\\\/\"},{\"@type\":\"ListItem\",\"position\":3,\"name\":\"Diver Safety\",\"item\":\"https:\\\/\\\/world.dan.org\\\/safety-prevention\\\/diver-safety\\\/\"},{\"@type\":\"ListItem\",\"position\":4,\"name\":\"DAN Diver Safety Campaigns\",\"item\":\"https:\\\/\\\/world.dan.org\\\/safety-prevention\\\/diver-safety\\\/psa\\\/\"},{\"@type\":\"ListItem\",\"position\":5,\"name\":\"Breathing Gas Contamination\"}]},{\"@type\":\"WebSite\",\"@id\":\"https:\\\/\\\/world.dan.org\\\/es\\\/#website\",\"url\":\"https:\\\/\\\/world.dan.org\\\/es\\\/\",\"name\":\"DAN World\",\"description\":\"\",\"publisher\":{\"@id\":\"https:\\\/\\\/world.dan.org\\\/es\\\/#organization\"},\"potentialAction\":[{\"@type\":\"SearchAction\",\"target\":{\"@type\":\"EntryPoint\",\"urlTemplate\":\"https:\\\/\\\/world.dan.org\\\/es\\\/?s={search_term_string}\"},\"query-input\":{\"@type\":\"PropertyValueSpecification\",\"valueRequired\":true,\"valueName\":\"search_term_string\"}}],\"inLanguage\":\"es-MX\"},{\"@type\":\"Organization\",\"@id\":\"https:\\\/\\\/world.dan.org\\\/es\\\/#organization\",\"name\":\"DAN World\",\"url\":\"https:\\\/\\\/world.dan.org\\\/es\\\/\",\"logo\":{\"@type\":\"ImageObject\",\"inLanguage\":\"es-MX\",\"@id\":\"https:\\\/\\\/world.dan.org\\\/es\\\/#\\\/schema\\\/logo\\\/image\\\/\",\"url\":\"https:\\\/\\\/world.dan.org\\\/wp-content\\\/uploads\\\/2022\\\/04\\\/DAN-World-logo-sm-52px.svg\",\"contentUrl\":\"https:\\\/\\\/world.dan.org\\\/wp-content\\\/uploads\\\/2022\\\/04\\\/DAN-World-logo-sm-52px.svg\",\"width\":175,\"height\":52,\"caption\":\"DAN World\"},\"image\":{\"@id\":\"https:\\\/\\\/world.dan.org\\\/es\\\/#\\\/schema\\\/logo\\\/image\\\/\"}}]}<\/script>\n<!-- \/ Yoast SEO Premium plugin. -->","yoast_head_json":{"title":"Contaminaci\u00f3n por gases respirables - DAN World","description":"Los s\u00edntomas m\u00e1s graves de respirar gas contaminado son la alteraci\u00f3n del juicio y la p\u00e9rdida de conciencia, que pueden ser mortales bajo el agua.","robots":{"index":"index","follow":"follow","max-snippet":"max-snippet:-1","max-image-preview":"max-image-preview:large","max-video-preview":"max-video-preview:-1"},"canonical":"https:\/\/world.dan.org\/es\/safety-prevention\/diver-safety\/psa\/breathing-gas-contamination\/","og_locale":"es_MX","og_type":"article","og_title":"Breathing Gas Contamination","og_description":"Health effects on divers vary depending on the contaminant. The most severe symptoms of breathing contaminated gas are impaired judgment and loss of consciousness, both of which may be deadly underwater.","og_url":"https:\/\/world.dan.org\/es\/safety-prevention\/diver-safety\/psa\/breathing-gas-contamination\/","og_site_name":"DAN World","article_modified_time":"2026-03-30T18:40:23+00:00","og_image":[{"width":1200,"height":600,"url":"https:\/\/world.dan.org\/wp-content\/uploads\/2021\/07\/bad-air-IMG_7960-DAN-1200x600-1.jpg","type":"image\/jpeg"}],"twitter_card":"summary_large_image","twitter_title":"Breathing Gas Contamination","twitter_description":"Health effects on divers vary depending on the contaminant. The most severe symptoms of breathing contaminated gas are impaired judgment and loss of consciousness, both of which may be deadly underwater.","twitter_image":"https:\/\/world.dan.org\/wp-content\/uploads\/2021\/07\/bad-air-IMG_7960-DAN-1200x600-1.jpg","twitter_misc":{"Est. reading time":"3 minutes"},"schema":{"@context":"https:\/\/schema.org","@graph":[{"@type":"WebPage","@id":"https:\/\/world.dan.org\/safety-prevention\/diver-safety\/psa\/breathing-gas-contamination\/","url":"https:\/\/world.dan.org\/safety-prevention\/diver-safety\/psa\/breathing-gas-contamination\/","name":"Contaminaci\u00f3n por gases respirables - DAN World","isPartOf":{"@id":"https:\/\/world.dan.org\/es\/#website"},"primaryImageOfPage":{"@id":"https:\/\/world.dan.org\/safety-prevention\/diver-safety\/psa\/breathing-gas-contamination\/#primaryimage"},"image":{"@id":"https:\/\/world.dan.org\/safety-prevention\/diver-safety\/psa\/breathing-gas-contamination\/#primaryimage"},"thumbnailUrl":"https:\/\/world.dan.org\/wp-content\/uploads\/2021\/07\/bad-air-IMG_7960-DAN-1200x600-1.jpg","datePublished":"2020-06-03T14:43:15+00:00","dateModified":"2026-03-30T18:40:23+00:00","description":"Los s\u00edntomas m\u00e1s graves de respirar gas contaminado son la alteraci\u00f3n del juicio y la p\u00e9rdida de conciencia, que pueden ser mortales bajo el agua.","breadcrumb":{"@id":"https:\/\/world.dan.org\/safety-prevention\/diver-safety\/psa\/breathing-gas-contamination\/#breadcrumb"},"inLanguage":"es-MX","potentialAction":[{"@type":"ReadAction","target":["https:\/\/world.dan.org\/safety-prevention\/diver-safety\/psa\/breathing-gas-contamination\/"]}]},{"@type":"ImageObject","inLanguage":"es-MX","@id":"https:\/\/world.dan.org\/safety-prevention\/diver-safety\/psa\/breathing-gas-contamination\/#primaryimage","url":"https:\/\/world.dan.org\/wp-content\/uploads\/2021\/07\/bad-air-IMG_7960-DAN-1200x600-1.jpg","contentUrl":"https:\/\/world.dan.org\/wp-content\/uploads\/2021\/07\/bad-air-IMG_7960-DAN-1200x600-1.jpg","width":1200,"height":600},{"@type":"BreadcrumbList","@id":"https:\/\/world.dan.org\/safety-prevention\/diver-safety\/psa\/breathing-gas-contamination\/#breadcrumb","itemListElement":[{"@type":"ListItem","position":1,"name":"Home","item":"https:\/\/world.dan.org\/"},{"@type":"ListItem","position":2,"name":"Safety &#038; Prevention","item":"https:\/\/world.dan.org\/safety-prevention\/"},{"@type":"ListItem","position":3,"name":"Diver Safety","item":"https:\/\/world.dan.org\/safety-prevention\/diver-safety\/"},{"@type":"ListItem","position":4,"name":"DAN Diver Safety Campaigns","item":"https:\/\/world.dan.org\/safety-prevention\/diver-safety\/psa\/"},{"@type":"ListItem","position":5,"name":"Breathing Gas Contamination"}]},{"@type":"WebSite","@id":"https:\/\/world.dan.org\/es\/#website","url":"https:\/\/world.dan.org\/es\/","name":"DAN World","description":"","publisher":{"@id":"https:\/\/world.dan.org\/es\/#organization"},"potentialAction":[{"@type":"SearchAction","target":{"@type":"EntryPoint","urlTemplate":"https:\/\/world.dan.org\/es\/?s={search_term_string}"},"query-input":{"@type":"PropertyValueSpecification","valueRequired":true,"valueName":"search_term_string"}}],"inLanguage":"es-MX"},{"@type":"Organization","@id":"https:\/\/world.dan.org\/es\/#organization","name":"DAN World","url":"https:\/\/world.dan.org\/es\/","logo":{"@type":"ImageObject","inLanguage":"es-MX","@id":"https:\/\/world.dan.org\/es\/#\/schema\/logo\/image\/","url":"https:\/\/world.dan.org\/wp-content\/uploads\/2022\/04\/DAN-World-logo-sm-52px.svg","contentUrl":"https:\/\/world.dan.org\/wp-content\/uploads\/2022\/04\/DAN-World-logo-sm-52px.svg","width":175,"height":52,"caption":"DAN World"},"image":{"@id":"https:\/\/world.dan.org\/es\/#\/schema\/logo\/image\/"}}]}},"_links":{"self":[{"href":"https:\/\/world.dan.org\/es\/wp-json\/wp\/v2\/pages\/787","targetHints":{"allow":["GET"]}}],"collection":[{"href":"https:\/\/world.dan.org\/es\/wp-json\/wp\/v2\/pages"}],"about":[{"href":"https:\/\/world.dan.org\/es\/wp-json\/wp\/v2\/types\/page"}],"author":[{"embeddable":true,"href":"https:\/\/world.dan.org\/es\/wp-json\/wp\/v2\/users\/1"}],"replies":[{"embeddable":true,"href":"https:\/\/world.dan.org\/es\/wp-json\/wp\/v2\/comments?post=787"}],"version-history":[{"count":2,"href":"https:\/\/world.dan.org\/es\/wp-json\/wp\/v2\/pages\/787\/revisions"}],"predecessor-version":[{"id":35293,"href":"https:\/\/world.dan.org\/es\/wp-json\/wp\/v2\/pages\/787\/revisions\/35293"}],"up":[{"embeddable":true,"href":"https:\/\/world.dan.org\/es\/wp-json\/wp\/v2\/pages\/389"}],"wp:featuredmedia":[{"embeddable":true,"href":"https:\/\/world.dan.org\/es\/wp-json\/wp\/v2\/media\/17485"}],"wp:attachment":[{"href":"https:\/\/world.dan.org\/es\/wp-json\/wp\/v2\/media?parent=787"}],"curies":[{"name":"wp","href":"https:\/\/api.w.org\/{rel}","templated":true}]}}