{"id":798,"date":"2020-06-03T11:37:04","date_gmt":"2020-06-03T15:37:04","guid":{"rendered":"https:\/\/dan.devhammer.com\/?page_id=798"},"modified":"2024-10-09T14:26:22","modified_gmt":"2024-10-09T18:26:22","slug":"careers","status":"publish","type":"page","link":"https:\/\/world.dan.org\/es\/about-dan-world\/careers\/","title":{"rendered":"Oportunidades laborales"},"content":{"rendered":"<div style=\"height:75px\" aria-hidden=\"true\" class=\"wp-block-spacer\"><\/div>\n\n\n\n<h2 class=\"wp-block-heading\" id=\"h-do-you-want-to-make-the-world-a-safer-place-to-dive\"><span style=\"color: #111111;\" class=\"stk-highlight\">\u00bfDesea hacer del mundo un lugar m\u00e1s seguro donde bucear? <\/span><\/h2>\n\n\n\n<p>Buscamos personas entusiastas como usted para que se incorporen a nuestro equipo y fomenten nuestra misi\u00f3n de ayudar a los buzos que lo necesiten. Acaba de encontrar la experiencia profesional gratificante que estaba buscando: \u00fanase a DAN y trabaje en la asociaci\u00f3n m\u00e1s importante del mundo de seguridad en el buceo. Adem\u00e1s, tendr\u00e1 como beneficio una gran cantidad de prestaciones \u00fanicas y valiosas. Env\u00ede hoy mismo su solicitud para trabajar con los principales expertos a nivel mundial de medicina y seguridad en el buceo.<\/p>\n\n\n\n<p><strong>Si desea enviar un curr\u00edculum para postularse, siga alguno de estos pasos:<\/strong><\/p>\n\n\n\n<ul class=\"wp-block-list\">\n<li>Env\u00edelo por correo electr\u00f3nico:&nbsp;<strong><a href=\"mailto:Jobs@DAN.org\">Jobs@DAN.org<\/a><\/strong><\/li>\n\n\n\n<li>Env\u00edelo por fax:<\/li>\n\n\n\n<li>Env\u00edelo por correo postal:<\/li>\n<\/ul>\n\n\n\n<p>DAN es un empleador que ofrece las mismas oportunidades a todos los candidatos.<\/p>\n\n\n\n<div style=\"height:20px\" aria-hidden=\"true\" class=\"wp-block-spacer\"><\/div>\n\n\n\n<hr class=\"wp-block-separator has-text-color has-dan-light-gray-color has-css-opacity has-dan-light-gray-background-color has-background\"\/>\n\n\n\n<div style=\"height:100px\" aria-hidden=\"true\" class=\"wp-block-spacer\"><\/div>\n\n\n\n<p class=\"translation-block\">Visite <a href=\"https:\/\/dan.org\/about-dan\/the-organization\/careers\/\" target=\"_self\">DAN.<\/a><a href=\"https:\/\/dan.org\/about-dan\/the-organization\/careers\/\" target=\"_blank\" rel=\"noreferrer noopener\">org <\/a>para ver la lista de oportunidades profesionales en la sede de DAN.<\/p>","protected":false},"excerpt":{"rendered":"<p>Buscamos personas entusiastas como usted para que se incorporen a nuestro equipo y fomenten nuestra misi\u00f3n de ayudar a los buzos que lo necesiten. Trabajar en la asociaci\u00f3n m\u00e1s importante del mundo de seguridad en el buceo ser\u00e1 la gratificante experiencia profesional que ha estado buscando y le aportar\u00e1 una gran cantidad de prestaciones \u00fanicas y valiosas. <\/p>","protected":false},"author":1,"featured_media":8569,"parent":71,"menu_order":147,"comment_status":"closed","ping_status":"closed","template":"","meta":{"_acf_changed":false,"_ef_editorial_meta_date_first-draft-date":"","_ef_editorial_meta_paragraph_assignment":"","_ef_editorial_meta_checkbox_needs-photo":"","_ef_editorial_meta_number_word-count":"","footnotes":""},"class_list":["post-798","page","type-page","status-publish","has-post-thumbnail","hentry"],"acf":[],"yoast_head":"<!-- This site is optimized with the Yoast SEO Premium plugin v27.4 (Yoast SEO v27.4) - https:\/\/yoast.com\/product\/yoast-seo-premium-wordpress\/ -->\n<title>Career Opportunities - DAN World<\/title>\n<meta name=\"description\" content=\"Working for the world\u2019s leading dive safety association will give you the rewarding career experience you\u2019ve been searching for.\" \/>\n<meta name=\"robots\" content=\"index, follow, max-snippet:-1, max-image-preview:large, max-video-preview:-1\" \/>\n<link rel=\"canonical\" href=\"https:\/\/world.dan.org\/es\/about-dan-world\/careers\/\" \/>\n<meta property=\"og:locale\" content=\"es_MX\" \/>\n<meta property=\"og:type\" content=\"article\" \/>\n<meta property=\"og:title\" content=\"Career Opportunities\" \/>\n<meta property=\"og:description\" content=\"We are searching for passionate people like you to join our team and advance our mission of helping divers in need. Working at the world\u2019s leading dive safety association will give you the rewarding career experience you\u2019ve been searching for \u2014 and it comes with a host of unique and valuable benefits.\" \/>\n<meta property=\"og:url\" content=\"https:\/\/world.dan.org\/es\/about-dan-world\/careers\/\" \/>\n<meta property=\"og:site_name\" content=\"DAN World\" \/>\n<meta property=\"article:modified_time\" content=\"2024-10-09T18:26:22+00:00\" \/>\n<meta property=\"og:image\" content=\"https:\/\/world.dan.org\/wp-content\/uploads\/2020\/08\/career-opportunities-935659716-DAN-1200x700-1.jpg\" \/>\n\t<meta property=\"og:image:width\" content=\"1200\" \/>\n\t<meta property=\"og:image:height\" content=\"700\" \/>\n\t<meta property=\"og:image:type\" content=\"image\/jpeg\" \/>\n<meta name=\"twitter:card\" content=\"summary_large_image\" \/>\n<meta name=\"twitter:title\" content=\"Career Opportunities\" \/>\n<meta name=\"twitter:description\" content=\"We are searching for passionate people like you to join our team and advance our mission of helping divers in need. Working at the world\u2019s leading dive safety association will give you the rewarding career experience you\u2019ve been searching for \u2014 and it comes with a host of unique and valuable benefits.\" \/>\n<meta name=\"twitter:image\" content=\"https:\/\/world.dan.org\/wp-content\/uploads\/2020\/08\/career-opportunities-935659716-DAN-1200x700-1.jpg\" \/>\n<meta name=\"twitter:label1\" content=\"Est. reading time\" \/>\n\t<meta name=\"twitter:data1\" content=\"1 minute\" \/>\n<script type=\"application\/ld+json\" class=\"yoast-schema-graph\">{\"@context\":\"https:\\\/\\\/schema.org\",\"@graph\":[{\"@type\":\"WebPage\",\"@id\":\"https:\\\/\\\/world.dan.org\\\/about-dan-world\\\/careers\\\/\",\"url\":\"https:\\\/\\\/world.dan.org\\\/about-dan-world\\\/careers\\\/\",\"name\":\"Career Opportunities - DAN World\",\"isPartOf\":{\"@id\":\"https:\\\/\\\/world.dan.org\\\/es\\\/#website\"},\"primaryImageOfPage\":{\"@id\":\"https:\\\/\\\/world.dan.org\\\/about-dan-world\\\/careers\\\/#primaryimage\"},\"image\":{\"@id\":\"https:\\\/\\\/world.dan.org\\\/about-dan-world\\\/careers\\\/#primaryimage\"},\"thumbnailUrl\":\"https:\\\/\\\/world.dan.org\\\/wp-content\\\/uploads\\\/2020\\\/08\\\/career-opportunities-935659716-DAN-1200x700-1.jpg\",\"datePublished\":\"2020-06-03T15:37:04+00:00\",\"dateModified\":\"2024-10-09T18:26:22+00:00\",\"description\":\"Working for the world\u2019s leading dive safety association will give you the rewarding career experience you\u2019ve been searching for.\",\"breadcrumb\":{\"@id\":\"https:\\\/\\\/world.dan.org\\\/about-dan-world\\\/careers\\\/#breadcrumb\"},\"inLanguage\":\"es-MX\",\"potentialAction\":[{\"@type\":\"ReadAction\",\"target\":[\"https:\\\/\\\/world.dan.org\\\/about-dan-world\\\/careers\\\/\"]}]},{\"@type\":\"ImageObject\",\"inLanguage\":\"es-MX\",\"@id\":\"https:\\\/\\\/world.dan.org\\\/about-dan-world\\\/careers\\\/#primaryimage\",\"url\":\"https:\\\/\\\/world.dan.org\\\/wp-content\\\/uploads\\\/2020\\\/08\\\/career-opportunities-935659716-DAN-1200x700-1.jpg\",\"contentUrl\":\"https:\\\/\\\/world.dan.org\\\/wp-content\\\/uploads\\\/2020\\\/08\\\/career-opportunities-935659716-DAN-1200x700-1.jpg\",\"width\":1200,\"height\":700,\"caption\":\"Close up of handshake in the office\"},{\"@type\":\"BreadcrumbList\",\"@id\":\"https:\\\/\\\/world.dan.org\\\/about-dan-world\\\/careers\\\/#breadcrumb\",\"itemListElement\":[{\"@type\":\"ListItem\",\"position\":1,\"name\":\"Home\",\"item\":\"https:\\\/\\\/world.dan.org\\\/\"},{\"@type\":\"ListItem\",\"position\":2,\"name\":\"About DAN World\",\"item\":\"https:\\\/\\\/world.dan.org\\\/about-dan-world\\\/\"},{\"@type\":\"ListItem\",\"position\":3,\"name\":\"Career Opportunities\"}]},{\"@type\":\"WebSite\",\"@id\":\"https:\\\/\\\/world.dan.org\\\/es\\\/#website\",\"url\":\"https:\\\/\\\/world.dan.org\\\/es\\\/\",\"name\":\"DAN World\",\"description\":\"\",\"publisher\":{\"@id\":\"https:\\\/\\\/world.dan.org\\\/es\\\/#organization\"},\"potentialAction\":[{\"@type\":\"SearchAction\",\"target\":{\"@type\":\"EntryPoint\",\"urlTemplate\":\"https:\\\/\\\/world.dan.org\\\/es\\\/?s={search_term_string}\"},\"query-input\":{\"@type\":\"PropertyValueSpecification\",\"valueRequired\":true,\"valueName\":\"search_term_string\"}}],\"inLanguage\":\"es-MX\"},{\"@type\":\"Organization\",\"@id\":\"https:\\\/\\\/world.dan.org\\\/es\\\/#organization\",\"name\":\"DAN World\",\"url\":\"https:\\\/\\\/world.dan.org\\\/es\\\/\",\"logo\":{\"@type\":\"ImageObject\",\"inLanguage\":\"es-MX\",\"@id\":\"https:\\\/\\\/world.dan.org\\\/es\\\/#\\\/schema\\\/logo\\\/image\\\/\",\"url\":\"https:\\\/\\\/world.dan.org\\\/wp-content\\\/uploads\\\/2022\\\/04\\\/DAN-World-logo-sm-52px.svg\",\"contentUrl\":\"https:\\\/\\\/world.dan.org\\\/wp-content\\\/uploads\\\/2022\\\/04\\\/DAN-World-logo-sm-52px.svg\",\"width\":175,\"height\":52,\"caption\":\"DAN World\"},\"image\":{\"@id\":\"https:\\\/\\\/world.dan.org\\\/es\\\/#\\\/schema\\\/logo\\\/image\\\/\"}}]}<\/script>\n<!-- \/ Yoast SEO Premium plugin. -->","yoast_head_json":{"title":"Oportunidades profesionales - DAN World","description":"Trabajar para la principal asociaci\u00f3n mundial de seguridad en el buceo le proporcionar\u00e1 la gratificante experiencia profesional que ha estado buscando.","robots":{"index":"index","follow":"follow","max-snippet":"max-snippet:-1","max-image-preview":"max-image-preview:large","max-video-preview":"max-video-preview:-1"},"canonical":"https:\/\/world.dan.org\/es\/about-dan-world\/careers\/","og_locale":"es_MX","og_type":"article","og_title":"Career Opportunities","og_description":"We are searching for passionate people like you to join our team and advance our mission of helping divers in need. Working at the world\u2019s leading dive safety association will give you the rewarding career experience you\u2019ve been searching for \u2014 and it comes with a host of unique and valuable benefits.","og_url":"https:\/\/world.dan.org\/es\/about-dan-world\/careers\/","og_site_name":"DAN World","article_modified_time":"2024-10-09T18:26:22+00:00","og_image":[{"width":1200,"height":700,"url":"https:\/\/world.dan.org\/wp-content\/uploads\/2020\/08\/career-opportunities-935659716-DAN-1200x700-1.jpg","type":"image\/jpeg"}],"twitter_card":"summary_large_image","twitter_title":"Career Opportunities","twitter_description":"We are searching for passionate people like you to join our team and advance our mission of helping divers in need. Working at the world\u2019s leading dive safety association will give you the rewarding career experience you\u2019ve been searching for \u2014 and it comes with a host of unique and valuable benefits.","twitter_image":"https:\/\/world.dan.org\/wp-content\/uploads\/2020\/08\/career-opportunities-935659716-DAN-1200x700-1.jpg","twitter_misc":{"Est. reading time":"1 minute"},"schema":{"@context":"https:\/\/schema.org","@graph":[{"@type":"WebPage","@id":"https:\/\/world.dan.org\/about-dan-world\/careers\/","url":"https:\/\/world.dan.org\/about-dan-world\/careers\/","name":"Oportunidades profesionales - DAN World","isPartOf":{"@id":"https:\/\/world.dan.org\/es\/#website"},"primaryImageOfPage":{"@id":"https:\/\/world.dan.org\/about-dan-world\/careers\/#primaryimage"},"image":{"@id":"https:\/\/world.dan.org\/about-dan-world\/careers\/#primaryimage"},"thumbnailUrl":"https:\/\/world.dan.org\/wp-content\/uploads\/2020\/08\/career-opportunities-935659716-DAN-1200x700-1.jpg","datePublished":"2020-06-03T15:37:04+00:00","dateModified":"2024-10-09T18:26:22+00:00","description":"Trabajar para la principal asociaci\u00f3n mundial de seguridad en el buceo le proporcionar\u00e1 la gratificante experiencia profesional que ha estado buscando.","breadcrumb":{"@id":"https:\/\/world.dan.org\/about-dan-world\/careers\/#breadcrumb"},"inLanguage":"es-MX","potentialAction":[{"@type":"ReadAction","target":["https:\/\/world.dan.org\/about-dan-world\/careers\/"]}]},{"@type":"ImageObject","inLanguage":"es-MX","@id":"https:\/\/world.dan.org\/about-dan-world\/careers\/#primaryimage","url":"https:\/\/world.dan.org\/wp-content\/uploads\/2020\/08\/career-opportunities-935659716-DAN-1200x700-1.jpg","contentUrl":"https:\/\/world.dan.org\/wp-content\/uploads\/2020\/08\/career-opportunities-935659716-DAN-1200x700-1.jpg","width":1200,"height":700,"caption":"Close up of handshake in the office"},{"@type":"BreadcrumbList","@id":"https:\/\/world.dan.org\/about-dan-world\/careers\/#breadcrumb","itemListElement":[{"@type":"ListItem","position":1,"name":"Home","item":"https:\/\/world.dan.org\/"},{"@type":"ListItem","position":2,"name":"About DAN World","item":"https:\/\/world.dan.org\/about-dan-world\/"},{"@type":"ListItem","position":3,"name":"Career Opportunities"}]},{"@type":"WebSite","@id":"https:\/\/world.dan.org\/es\/#website","url":"https:\/\/world.dan.org\/es\/","name":"DAN World","description":"","publisher":{"@id":"https:\/\/world.dan.org\/es\/#organization"},"potentialAction":[{"@type":"SearchAction","target":{"@type":"EntryPoint","urlTemplate":"https:\/\/world.dan.org\/es\/?s={search_term_string}"},"query-input":{"@type":"PropertyValueSpecification","valueRequired":true,"valueName":"search_term_string"}}],"inLanguage":"es-MX"},{"@type":"Organization","@id":"https:\/\/world.dan.org\/es\/#organization","name":"DAN World","url":"https:\/\/world.dan.org\/es\/","logo":{"@type":"ImageObject","inLanguage":"es-MX","@id":"https:\/\/world.dan.org\/es\/#\/schema\/logo\/image\/","url":"https:\/\/world.dan.org\/wp-content\/uploads\/2022\/04\/DAN-World-logo-sm-52px.svg","contentUrl":"https:\/\/world.dan.org\/wp-content\/uploads\/2022\/04\/DAN-World-logo-sm-52px.svg","width":175,"height":52,"caption":"DAN World"},"image":{"@id":"https:\/\/world.dan.org\/es\/#\/schema\/logo\/image\/"}}]}},"_links":{"self":[{"href":"https:\/\/world.dan.org\/es\/wp-json\/wp\/v2\/pages\/798","targetHints":{"allow":["GET"]}}],"collection":[{"href":"https:\/\/world.dan.org\/es\/wp-json\/wp\/v2\/pages"}],"about":[{"href":"https:\/\/world.dan.org\/es\/wp-json\/wp\/v2\/types\/page"}],"author":[{"embeddable":true,"href":"https:\/\/world.dan.org\/es\/wp-json\/wp\/v2\/users\/1"}],"replies":[{"embeddable":true,"href":"https:\/\/world.dan.org\/es\/wp-json\/wp\/v2\/comments?post=798"}],"version-history":[{"count":0,"href":"https:\/\/world.dan.org\/es\/wp-json\/wp\/v2\/pages\/798\/revisions"}],"up":[{"embeddable":true,"href":"https:\/\/world.dan.org\/es\/wp-json\/wp\/v2\/pages\/71"}],"wp:featuredmedia":[{"embeddable":true,"href":"https:\/\/world.dan.org\/es\/wp-json\/wp\/v2\/media\/8569"}],"wp:attachment":[{"href":"https:\/\/world.dan.org\/es\/wp-json\/wp\/v2\/media?parent=798"}],"curies":[{"name":"wp","href":"https:\/\/api.w.org\/{rel}","templated":true}]}}