{"id":9641,"date":"2020-08-28T10:48:56","date_gmt":"2020-08-28T14:48:56","guid":{"rendered":"https:\/\/wordpress.world.dan.org\/?page_id=9641"},"modified":"2023-10-04T10:54:02","modified_gmt":"2023-10-04T14:54:02","slug":"dan-student-resources","status":"publish","type":"page","link":"https:\/\/world.dan.org\/es\/professional-programs\/dive-professionals\/dan-student-resources\/","title":{"rendered":"Recursos DAN para estudiantes y buceadores"},"content":{"rendered":"<p class=\"has-medium-font-size\"><em>Para miembros profesionales y empresariales de DAN World<\/em><\/p>\n\n\n\n<h2 class=\"wp-block-heading\" id=\"giant-stride\"><strong>Zancada Gigante: La NUEVA Gu\u00eda del Buceador para Bucear con Seguridad<\/strong><\/h2>\n\n\n\n<p><strong>\u00bfPARA QUI\u00c9N ES?<\/strong> Estudiantes y nuevos buceadores<\/p>\n\n\n\n<p><strong>\u00bfQU\u00c9 ES?<\/strong>  La gu\u00eda es una publicaci\u00f3n de 52 p\u00e1ginas que ofrece informaci\u00f3n relevante sobre: <\/p>\n\n\n\n<ul class=\"wp-block-list\">\n<li>C\u00f3mo elegir, alquilar, comprar, inspeccionar y mantener el equipo de submarinismo.<\/li>\n\n\n\n<li>Los elementos cr\u00edticos de la planificaci\u00f3n de una inmersi\u00f3n.<\/li>\n\n\n\n<li>Etiqueta adecuada antes, durante y despu\u00e9s de bucear.<\/li>\n\n\n\n<li>Datos sobre la salud y la forma f\u00edsica de los buceadores.<\/li>\n\n\n\n<li>Lo que hay que saber antes de viajar.<\/li>\n\n\n\n<li>Ventajas de ser miembro de DAN.<\/li>\n<\/ul>\n\n\n\n<p><strong>C\u00d3MO COMPARTIR<\/strong>. Env\u00eda el <strong><a href=\"https:\/\/world.dan.org\/wp-content\/uploads\/2023\/10\/2023-DAN-World-Giant-Stride-book_ES.pdf\" target=\"_blank\" rel=\"noreferrer noopener\">Enlace de descarga del PDF<\/a><\/strong>A\u00f1adir como prerrequisito a un curso de nivel inicial o proporcionar copias en clase.<\/p>\n\n\n\n<hr class=\"wp-block-separator has-css-opacity\"\/>\n\n\n\n<div class=\"wp-block-cover is-light\"><span aria-hidden=\"true\" class=\"wp-block-cover__background has-dan-white-background-color has-background-dim-70 has-background-dim\"><\/span><img loading=\"lazy\" decoding=\"async\" width=\"1200\" height=\"800\" class=\"wp-block-cover__image-background wp-image-11991\" alt=\"\" src=\"https:\/\/world.dan.org\/wp-content\/uploads\/2020\/09\/3Q3A8569-DAN-Resized.jpg\" style=\"object-position:0% 54%\" data-object-fit=\"cover\" data-object-position=\"0% 54%\" srcset=\"https:\/\/world.dan.org\/wp-content\/uploads\/2020\/09\/3Q3A8569-DAN-Resized.jpg 1200w, https:\/\/world.dan.org\/wp-content\/uploads\/2020\/09\/3Q3A8569-DAN-Resized-360x240.jpg 360w, https:\/\/world.dan.org\/wp-content\/uploads\/2020\/09\/3Q3A8569-DAN-Resized-1024x683.jpg 1024w, https:\/\/world.dan.org\/wp-content\/uploads\/2020\/09\/3Q3A8569-DAN-Resized-768x512.jpg 768w, https:\/\/world.dan.org\/wp-content\/uploads\/2020\/09\/3Q3A8569-DAN-Resized-18x12.jpg 18w\" sizes=\"auto, (max-width: 1200px) 100vw, 1200px\" \/><div class=\"wp-block-cover__inner-container is-layout-flow wp-block-cover-is-layout-flow\">\n<h2 class=\"wp-block-heading\"><strong><span style=\"color:#004663\" class=\"color\">Curso Buzo Preparado<\/span><\/strong><\/h2>\n\n\n\n<p><span style=\"color:#111111\" class=\"color\"><strong>\u00bfPARA QUI\u00c9N ES?<\/strong> Estudiantes, buceadores noveles y buceadores que necesitan un repaso<\/span><\/p>\n\n\n\n<p><span style=\"color:#111111\" class=\"color\"><strong>\u00bfQU\u00c9 ES?<\/strong> Un curso en l\u00ednea ofrecido a trav\u00e9s de DAN E-Learning que ense\u00f1a a los buceadores a identificar y evitar los cinco desencadenantes m\u00e1s comunes de los accidentes de buceo. Cada m\u00f3dulo basado en v\u00eddeo proporciona informaci\u00f3n adicional sobre la ciencia que subyace a las habilidades fundamentales de buceo y destaca las mejores pr\u00e1cticas. Este curso complementa todos los programas de certificaci\u00f3n de nivel inicial.<\/span><\/p>\n\n\n\n<ul class=\"wp-block-list\">\n<li><span style=\"color:#111111\" class=\"color\"><em>Respete sus l\u00edmites<\/em> | Describe las cuestiones medioambientales, f\u00edsicas y fisiol\u00f3gicas relevantes para el buceo, y explica c\u00f3mo reconocer las limitaciones personales.<\/span><\/li>\n\n\n\n<li><span style=\"color:#111111\" class=\"color\"><em>Sepa cu\u00e1nto aire tiene<\/em> | Explica la f\u00edsica y los aspectos pr\u00e1cticos de la gesti\u00f3n del aire, y c\u00f3mo calcular y optimizar su consumo.<\/span><\/li>\n\n\n\n<li><span style=\"color:#111111\" class=\"color\"><em>Compense sus o\u00eddos<\/em> | Ilustra los efectos de la presi\u00f3n en los o\u00eddos, las consecuencias de una ecualizaci\u00f3n insuficiente y la importancia de una ecualizaci\u00f3n adecuada.<\/span><\/li>\n\n\n\n<li><span style=\"color:#111111\" class=\"color\"><em>Mantenga una buena flotabilidad <\/em>| Repasa los factores que afectan a la flotabilidad y c\u00f3mo establecer el peso \u00f3ptimo.<\/span><\/li>\n\n\n\n<li><span style=\"color:#111111\" class=\"color\"><em>Controle el ascenso<\/em> | Explora los principios de la f\u00edsica que afectan a los ascensos seguros, los diferentes tipos de entornos de inmersi\u00f3n y c\u00f3mo ascender correctamente en cada uno de ellos.<\/span><\/li>\n\n\n\n<li><span style=\"color:#111111\" class=\"color\"><em>Asumir la responsabilidad<\/em> | Explica la importancia de responsabilizarse de la planificaci\u00f3n y preparaci\u00f3n de la inmersi\u00f3n: a qu\u00e9 aspectos hay que prestar atenci\u00f3n y qu\u00e9 preguntas hay que hacerse.<\/span><\/li>\n<\/ul>\n\n\n\n<p><span style=\"color:#111111\" class=\"color\"><strong>C\u00d3MO COMPARTIR<\/strong>. Invitar a los estudiantes a trav\u00e9s de <strong><a href=\"https:\/\/dan.diverelearning.com\/\" target=\"_blank\" rel=\"noreferrer noopener\">Plataforma de e-learning de DAN<\/a><\/strong> y seguir sus progresos, env\u00ede un correo electr\u00f3nico al <strong><a href=\"https:\/\/world.dan.org\/wp-content\/uploads\/2020\/08\/Prepared-Diver-Trifold-18.pdf\" target=\"_blank\" rel=\"noreferrer noopener\">enlace al folleto<\/a><\/strong> para que los completen de forma independiente o compartan los m\u00f3dulos en clase.<\/span><\/p>\n<\/div><\/div>\n\n\n\n<hr class=\"wp-block-separator has-css-opacity\"\/>\n\n\n\n<h2 class=\"wp-block-heading\">Gu\u00edas inteligentes de DAN<\/h2>\n\n\n\n<p><strong>\u00bfPARA QUI\u00c9N SON? <\/strong>Estudiantes, nuevos buceadores y viajeros de buceo<\/p>\n\n\n\n<p><strong>\u00bfQU\u00c9 SON?<\/strong> Breve y digerible <em>folletos<\/em> sobre los temas m\u00e1s importantes para la seguridad en el buceo. La serie consta de cuatro gu\u00edas. Cada gu\u00eda se centra en un tema para ayudar a la concienciaci\u00f3n y proporcionar t\u00e9cnicas para ayudar a mejorar la flotabilidad, el consumo de gas y la ecualizaci\u00f3n. Descargue estas gu\u00edas en su totalidad para una f\u00e1cil lectura y referencia futura, o lea cada art\u00edculo individualmente directamente en su navegador.<\/p>\n\n\n\n<p><strong>C\u00d3MO COMPARTIR.<\/strong> Env\u00eda el<strong><a href=\"https:\/\/world.dan.org\/es\/health-medicine\/health-resources\/smart-guides\/\" target=\"_blank\" rel=\"noreferrer noopener\"> enlace a las gu\u00edas inteligentes<\/a><\/strong>, incluya el enlace en su sitio web o descargue las gu\u00edas individuales:<\/p>\n\n\n\n<div class=\"wp-block-columns is-layout-flex wp-container-core-columns-is-layout-9d6595d7 wp-block-columns-is-layout-flex\">\n<div class=\"wp-block-column is-layout-flow wp-block-column-is-layout-flow\">\n<div class=\"wp-block-columns is-layout-flex wp-container-core-columns-is-layout-9d6595d7 wp-block-columns-is-layout-flex\">\n<div class=\"wp-block-column is-layout-flow wp-block-column-is-layout-flow\">\n<h4 class=\"wp-block-heading\">G\u00e1nele a la compresi\u00f3n:\nCompense como un Profesional<\/h4>\n\n\n\n<p style=\"font-size:15px\">El objetivo de esta Gu\u00eda Smart es explicar c\u00f3mo responden los o\u00eddos a la presi\u00f3n y las mejores formas de protegerlos mientras se bucea.<\/p>\n\n\n\n<p><a href=\"https:\/\/world.dan.org\/es\/health-medicine\/health-resource\/smart-guides\/beat-the-squeeze-equalize-like-a-pro\/\" target=\"_blank\" rel=\"noreferrer noopener\"><strong>Enlace web<\/strong><\/a><br><a href=\"https:\/\/world.dan.org\/wp-content\/uploads\/2021\/10\/DAN-SmartGuide-Ears-spanish.pdf\"><strong>Descargar PDF<\/strong><\/a><\/p>\n<\/div>\n\n\n\n<div class=\"wp-block-column is-layout-flow wp-block-column-is-layout-flow\">\n<h4 class=\"wp-block-heading\">7 errores que cometen los buceadores y c\u00f3mo evitarlos<\/h4>\n\n\n\n<p style=\"font-size:15px\">Esta gu\u00eda describe algunos de los errores m\u00e1s comunes cometidos por los buceadores, que van desde la salud general al mantenimiento del equipo o la planificaci\u00f3n de la inmersi\u00f3n. <\/p>\n\n\n\n<p><a href=\"https:\/\/world.dan.org\/es\/health-medicine\/health-resource\/smart-guides\/7-mistakes-divers-make-and-how-to-avoid-them\/\" target=\"_blank\" rel=\"noreferrer noopener\"><strong>Enlace web<\/strong><\/a><br><strong><a href=\"https:\/\/world.dan.org\/wp-content\/uploads\/2022\/07\/DAN-SmartGuide-DiveMistakes-spanish.pdf\" target=\"_blank\" rel=\"noreferrer noopener\">Descargar PDF<\/a><\/strong><\/p>\n<\/div>\n<\/div>\n\n\n\n<p><\/p>\n<\/div>\n\n\n\n<div class=\"wp-block-column is-layout-flow wp-block-column-is-layout-flow\">\n<div class=\"wp-block-columns is-layout-flex wp-container-core-columns-is-layout-9d6595d7 wp-block-columns-is-layout-flex\">\n<div class=\"wp-block-column is-layout-flow wp-block-column-is-layout-flow\">\n<h4 class=\"wp-block-heading\">13 maneras de quedarse sin aire y c\u00f3mo no hacerlo<\/h4>\n\n\n\n<p style=\"font-size:15px\">Quedarse sin aire es una de las principales causas de muerte en el buceo. Esta gu\u00eda recoge los 13 errores m\u00e1s comunes que se cometen y c\u00f3mo evitarlos.<\/p>\n\n\n\n<p><strong><a href=\"https:\/\/world.dan.org\/es\/health-medicine\/health-resource\/smart-guides\/13-ways-to-run-out-of-air-how-not-to\/\" target=\"_blank\" rel=\"noreferrer noopener\">Enlace web<\/a><\/strong><br><strong><a href=\"https:\/\/world.dan.org\/wp-content\/uploads\/2022\/07\/DAN-SmartGuide-Air-spanish.pdf\">Descargar PDF<\/a><\/strong><\/p>\n<\/div>\n\n\n\n<div class=\"wp-block-column is-layout-flow wp-block-column-is-layout-flow\">\n<h4 class=\"wp-block-heading\">Para saber antes de viajar:\nC\u00f3mo planificar su viaje de buceo<\/h4>\n\n\n\n<p style=\"font-size:15px\">Esta Gu\u00eda Smart se centra en la importancia de la salud y la seguridad durante el viaje e incluye la planificaci\u00f3n de viajes locales e internacionales.<\/p>\n\n\n\n<p><strong><a href=\"https:\/\/world.dan.org\/es\/health-medicine\/health-resource\/smart-guides\/know-before-you-go-how-to-plan-your-dive-trip\/\" target=\"_blank\" rel=\"noreferrer noopener\">Enlace web<\/a><\/strong><br><strong><a href=\"https:\/\/world.dan.org\/wp-content\/uploads\/2022\/07\/DAN-SmartGuide-Travel-spanish.pdf\">Descargar PDF<\/a><\/strong><\/p>\n<\/div>\n<\/div>\n\n\n\n<p><\/p>\n<\/div>\n<\/div>\n\n\n\n<hr class=\"wp-block-separator has-css-opacity\"\/>\n\n\n\n<div class=\"wp-block-cover\" style=\"min-height:432px;aspect-ratio:unset;\"><span aria-hidden=\"true\" class=\"wp-block-cover__background has-dan-white-background-color has-background-dim\"><\/span><img loading=\"lazy\" decoding=\"async\" width=\"1200\" height=\"800\" class=\"wp-block-cover__image-background wp-image-12033\" alt=\"\" src=\"https:\/\/world.dan.org\/wp-content\/uploads\/2020\/09\/3Q3A7794-Resized-1.jpg\" style=\"object-position:35% 0%\" data-object-fit=\"cover\" data-object-position=\"35% 0%\" srcset=\"https:\/\/world.dan.org\/wp-content\/uploads\/2020\/09\/3Q3A7794-Resized-1.jpg 1200w, https:\/\/world.dan.org\/wp-content\/uploads\/2020\/09\/3Q3A7794-Resized-1-360x240.jpg 360w, https:\/\/world.dan.org\/wp-content\/uploads\/2020\/09\/3Q3A7794-Resized-1-1024x683.jpg 1024w, https:\/\/world.dan.org\/wp-content\/uploads\/2020\/09\/3Q3A7794-Resized-1-768x512.jpg 768w, https:\/\/world.dan.org\/wp-content\/uploads\/2020\/09\/3Q3A7794-Resized-1-18x12.jpg 18w\" sizes=\"auto, (max-width: 1200px) 100vw, 1200px\" \/><div class=\"wp-block-cover__inner-container is-layout-flow wp-block-cover-is-layout-flow\">\n<h2 class=\"wp-block-heading\"><strong><span style=\"color:#004663\" class=\"color\">Res\u00famenes de casos de incidentes<\/span><\/strong><\/h2>\n\n\n\n<p><span style=\"color:#111111\" class=\"color\"><strong>\u00bfPARA QUI\u00c9N SON? <\/strong>Todos los buceadores: Todos los niveles<\/span><\/p>\n\n\n\n<p><span style=\"color:#111111\" class=\"color\"><strong>\u00bfQU\u00c9 SON?<\/strong> Relatos individuales de incidentes y emergencias reales de buceo generados a partir de la base de datos de incidentes de buceo de DAN. Los incidentes relatados incluyen cuasi accidentes, lesiones y accidentes mortales de buceo con circuito abierto, respiraci\u00f3n contenida y rebreather. <\/span><\/p>\n\n\n\n<p><span style=\"color:#111111\" class=\"color\">Cada informe es revisado por miembros del Departamento de Investigaci\u00f3n de DAN y los resultados de esta recopilaci\u00f3n y an\u00e1lisis de datos se anonimizan y muchos se hacen p\u00fablicos en beneficio de la comunidad de buceo en forma de res\u00famenes de casos de incidentes.&nbsp;<\/span><\/p>\n\n\n\n<p><span style=\"color:#111111\" class=\"color\"><strong>C\u00d3MO COMPARTIR.<\/strong> Publicar en las redes sociales, <a href=\"https:\/\/world.dan.org\/es\/safety-prevention\/diver-safety\/diving-incident-summaries\/\" target=\"_blank\" rel=\"noreferrer noopener\"><strong>proporcionar enlaces<\/strong><\/a> en su sitio web o utilizar como referencias de formaci\u00f3n.  <\/span><\/p>\n\n\n\n<p style=\"font-size:15px\"><em>Si ha estado a punto de sufrir un accidente, se ha lesionado o ha sido testigo de un accidente mientras buceaba, le rogamos que <a href=\"https:\/\/apps.world.dan.org\/incident-report\/\"><span style=\"color:#ffffff\" class=\"color\"><strong>comparta su experiencia<\/strong><\/span><\/a> con nosotros e informe del incidente.<\/em>&nbsp;<\/p>\n<\/div><\/div>\n\n\n\n<hr class=\"wp-block-separator has-css-opacity\"\/>\n\n\n\n<h2 class=\"wp-block-heading\"><strong>Afiliaci\u00f3n a DAN y seguro de accidentes de buceo<\/strong><\/h2>\n\n\n\n<p><\/p>","protected":false},"excerpt":{"rendered":"<p>For DAN World Professional and Business Members Giant Stride: The NEW Diver&#8217;s Guide To Safe Diving WHO IS IT FOR? Students and new divers WHAT IS IT? The guide is [&hellip;]<\/p>\n","protected":false},"author":1,"featured_media":0,"parent":67,"menu_order":63,"comment_status":"closed","ping_status":"closed","template":"","meta":{"_acf_changed":false,"_ef_editorial_meta_date_first-draft-date":"","_ef_editorial_meta_paragraph_assignment":"","_ef_editorial_meta_checkbox_needs-photo":"","_ef_editorial_meta_number_word-count":"","footnotes":""},"class_list":["post-9641","page","type-page","status-publish","hentry"],"acf":[],"yoast_head":"<!-- This site is optimized with the Yoast SEO Premium plugin v27.0 (Yoast SEO v27.3) - https:\/\/yoast.com\/product\/yoast-seo-premium-wordpress\/ -->\n<title>DAN Resources for Students and Divers - DAN World<\/title>\n<meta name=\"robots\" content=\"index, follow, max-snippet:-1, max-image-preview:large, max-video-preview:-1\" \/>\n<link rel=\"canonical\" href=\"https:\/\/world.dan.org\/es\/professional-programs\/dive-professionals\/dan-student-resources\/\" \/>\n<meta property=\"og:locale\" content=\"es_MX\" \/>\n<meta property=\"og:type\" content=\"article\" \/>\n<meta property=\"og:title\" content=\"DAN Resources for Students and Divers\" \/>\n<meta property=\"og:description\" content=\"For DAN World Professional and Business Members Giant Stride: The NEW Diver&#8217;s Guide To Safe Diving WHO IS IT FOR? Students and new divers WHAT IS IT? The guide is [&hellip;]\" \/>\n<meta property=\"og:url\" content=\"https:\/\/world.dan.org\/es\/professional-programs\/dive-professionals\/dan-student-resources\/\" \/>\n<meta property=\"og:site_name\" content=\"DAN World\" \/>\n<meta property=\"article:modified_time\" content=\"2023-10-04T14:54:02+00:00\" \/>\n<meta property=\"og:image\" content=\"https:\/\/world.dan.org\/wp-content\/uploads\/2020\/09\/3Q3A8569-DAN-Resized.jpg\" \/>\n<meta name=\"twitter:card\" content=\"summary_large_image\" \/>\n<meta name=\"twitter:label1\" content=\"Est. reading time\" \/>\n\t<meta name=\"twitter:data1\" content=\"4 minutes\" \/>\n<script type=\"application\/ld+json\" class=\"yoast-schema-graph\">{\"@context\":\"https:\\\/\\\/schema.org\",\"@graph\":[{\"@type\":\"WebPage\",\"@id\":\"https:\\\/\\\/world.dan.org\\\/professional-programs\\\/dive-professionals\\\/dan-student-resources\\\/\",\"url\":\"https:\\\/\\\/world.dan.org\\\/professional-programs\\\/dive-professionals\\\/dan-student-resources\\\/\",\"name\":\"DAN Resources for Students and Divers - DAN World\",\"isPartOf\":{\"@id\":\"https:\\\/\\\/world.dan.org\\\/es\\\/#website\"},\"primaryImageOfPage\":{\"@id\":\"https:\\\/\\\/world.dan.org\\\/professional-programs\\\/dive-professionals\\\/dan-student-resources\\\/#primaryimage\"},\"image\":{\"@id\":\"https:\\\/\\\/world.dan.org\\\/professional-programs\\\/dive-professionals\\\/dan-student-resources\\\/#primaryimage\"},\"thumbnailUrl\":\"https:\\\/\\\/world.dan.org\\\/wp-content\\\/uploads\\\/2020\\\/09\\\/3Q3A8569-DAN-Resized.jpg\",\"datePublished\":\"2020-08-28T14:48:56+00:00\",\"dateModified\":\"2023-10-04T14:54:02+00:00\",\"breadcrumb\":{\"@id\":\"https:\\\/\\\/world.dan.org\\\/professional-programs\\\/dive-professionals\\\/dan-student-resources\\\/#breadcrumb\"},\"inLanguage\":\"es-MX\",\"potentialAction\":[{\"@type\":\"ReadAction\",\"target\":[\"https:\\\/\\\/world.dan.org\\\/professional-programs\\\/dive-professionals\\\/dan-student-resources\\\/\"]}]},{\"@type\":\"ImageObject\",\"inLanguage\":\"es-MX\",\"@id\":\"https:\\\/\\\/world.dan.org\\\/professional-programs\\\/dive-professionals\\\/dan-student-resources\\\/#primaryimage\",\"url\":\"https:\\\/\\\/world.dan.org\\\/wp-content\\\/uploads\\\/2020\\\/09\\\/3Q3A8569-DAN-Resized.jpg\",\"contentUrl\":\"https:\\\/\\\/world.dan.org\\\/wp-content\\\/uploads\\\/2020\\\/09\\\/3Q3A8569-DAN-Resized.jpg\"},{\"@type\":\"BreadcrumbList\",\"@id\":\"https:\\\/\\\/world.dan.org\\\/professional-programs\\\/dive-professionals\\\/dan-student-resources\\\/#breadcrumb\",\"itemListElement\":[{\"@type\":\"ListItem\",\"position\":1,\"name\":\"Home\",\"item\":\"https:\\\/\\\/world.dan.org\\\/\"},{\"@type\":\"ListItem\",\"position\":2,\"name\":\"Professional Programs\",\"item\":\"https:\\\/\\\/world.dan.org\\\/professional-programs\\\/\"},{\"@type\":\"ListItem\",\"position\":3,\"name\":\"Dive Professionals\",\"item\":\"https:\\\/\\\/world.dan.org\\\/professional-programs\\\/dive-professionals\\\/\"},{\"@type\":\"ListItem\",\"position\":4,\"name\":\"DAN Resources for Students and Divers\"}]},{\"@type\":\"WebSite\",\"@id\":\"https:\\\/\\\/world.dan.org\\\/es\\\/#website\",\"url\":\"https:\\\/\\\/world.dan.org\\\/es\\\/\",\"name\":\"DAN World\",\"description\":\"\",\"publisher\":{\"@id\":\"https:\\\/\\\/world.dan.org\\\/es\\\/#organization\"},\"potentialAction\":[{\"@type\":\"SearchAction\",\"target\":{\"@type\":\"EntryPoint\",\"urlTemplate\":\"https:\\\/\\\/world.dan.org\\\/es\\\/?s={search_term_string}\"},\"query-input\":{\"@type\":\"PropertyValueSpecification\",\"valueRequired\":true,\"valueName\":\"search_term_string\"}}],\"inLanguage\":\"es-MX\"},{\"@type\":\"Organization\",\"@id\":\"https:\\\/\\\/world.dan.org\\\/es\\\/#organization\",\"name\":\"DAN World\",\"url\":\"https:\\\/\\\/world.dan.org\\\/es\\\/\",\"logo\":{\"@type\":\"ImageObject\",\"inLanguage\":\"es-MX\",\"@id\":\"https:\\\/\\\/world.dan.org\\\/es\\\/#\\\/schema\\\/logo\\\/image\\\/\",\"url\":\"https:\\\/\\\/world.dan.org\\\/wp-content\\\/uploads\\\/2022\\\/04\\\/DAN-World-logo-sm-52px.svg\",\"contentUrl\":\"https:\\\/\\\/world.dan.org\\\/wp-content\\\/uploads\\\/2022\\\/04\\\/DAN-World-logo-sm-52px.svg\",\"width\":175,\"height\":52,\"caption\":\"DAN World\"},\"image\":{\"@id\":\"https:\\\/\\\/world.dan.org\\\/es\\\/#\\\/schema\\\/logo\\\/image\\\/\"}}]}<\/script>\n<!-- \/ Yoast SEO Premium plugin. -->","yoast_head_json":{"title":"Recursos DAN para estudiantes y buceadores - DAN World","robots":{"index":"index","follow":"follow","max-snippet":"max-snippet:-1","max-image-preview":"max-image-preview:large","max-video-preview":"max-video-preview:-1"},"canonical":"https:\/\/world.dan.org\/es\/professional-programs\/dive-professionals\/dan-student-resources\/","og_locale":"es_MX","og_type":"article","og_title":"DAN Resources for Students and Divers","og_description":"For DAN World Professional and Business Members Giant Stride: The NEW Diver&#8217;s Guide To Safe Diving WHO IS IT FOR? Students and new divers WHAT IS IT? The guide is [&hellip;]","og_url":"https:\/\/world.dan.org\/es\/professional-programs\/dive-professionals\/dan-student-resources\/","og_site_name":"DAN World","article_modified_time":"2023-10-04T14:54:02+00:00","og_image":[{"url":"https:\/\/world.dan.org\/wp-content\/uploads\/2020\/09\/3Q3A8569-DAN-Resized.jpg","type":"","width":"","height":""}],"twitter_card":"summary_large_image","twitter_misc":{"Est. reading time":"4 minutes"},"schema":{"@context":"https:\/\/schema.org","@graph":[{"@type":"WebPage","@id":"https:\/\/world.dan.org\/professional-programs\/dive-professionals\/dan-student-resources\/","url":"https:\/\/world.dan.org\/professional-programs\/dive-professionals\/dan-student-resources\/","name":"Recursos DAN para estudiantes y buceadores - DAN World","isPartOf":{"@id":"https:\/\/world.dan.org\/es\/#website"},"primaryImageOfPage":{"@id":"https:\/\/world.dan.org\/professional-programs\/dive-professionals\/dan-student-resources\/#primaryimage"},"image":{"@id":"https:\/\/world.dan.org\/professional-programs\/dive-professionals\/dan-student-resources\/#primaryimage"},"thumbnailUrl":"https:\/\/world.dan.org\/wp-content\/uploads\/2020\/09\/3Q3A8569-DAN-Resized.jpg","datePublished":"2020-08-28T14:48:56+00:00","dateModified":"2023-10-04T14:54:02+00:00","breadcrumb":{"@id":"https:\/\/world.dan.org\/professional-programs\/dive-professionals\/dan-student-resources\/#breadcrumb"},"inLanguage":"es-MX","potentialAction":[{"@type":"ReadAction","target":["https:\/\/world.dan.org\/professional-programs\/dive-professionals\/dan-student-resources\/"]}]},{"@type":"ImageObject","inLanguage":"es-MX","@id":"https:\/\/world.dan.org\/professional-programs\/dive-professionals\/dan-student-resources\/#primaryimage","url":"https:\/\/world.dan.org\/wp-content\/uploads\/2020\/09\/3Q3A8569-DAN-Resized.jpg","contentUrl":"https:\/\/world.dan.org\/wp-content\/uploads\/2020\/09\/3Q3A8569-DAN-Resized.jpg"},{"@type":"BreadcrumbList","@id":"https:\/\/world.dan.org\/professional-programs\/dive-professionals\/dan-student-resources\/#breadcrumb","itemListElement":[{"@type":"ListItem","position":1,"name":"Home","item":"https:\/\/world.dan.org\/"},{"@type":"ListItem","position":2,"name":"Professional Programs","item":"https:\/\/world.dan.org\/professional-programs\/"},{"@type":"ListItem","position":3,"name":"Dive Professionals","item":"https:\/\/world.dan.org\/professional-programs\/dive-professionals\/"},{"@type":"ListItem","position":4,"name":"DAN Resources for Students and Divers"}]},{"@type":"WebSite","@id":"https:\/\/world.dan.org\/es\/#website","url":"https:\/\/world.dan.org\/es\/","name":"DAN World","description":"","publisher":{"@id":"https:\/\/world.dan.org\/es\/#organization"},"potentialAction":[{"@type":"SearchAction","target":{"@type":"EntryPoint","urlTemplate":"https:\/\/world.dan.org\/es\/?s={search_term_string}"},"query-input":{"@type":"PropertyValueSpecification","valueRequired":true,"valueName":"search_term_string"}}],"inLanguage":"es-MX"},{"@type":"Organization","@id":"https:\/\/world.dan.org\/es\/#organization","name":"DAN World","url":"https:\/\/world.dan.org\/es\/","logo":{"@type":"ImageObject","inLanguage":"es-MX","@id":"https:\/\/world.dan.org\/es\/#\/schema\/logo\/image\/","url":"https:\/\/world.dan.org\/wp-content\/uploads\/2022\/04\/DAN-World-logo-sm-52px.svg","contentUrl":"https:\/\/world.dan.org\/wp-content\/uploads\/2022\/04\/DAN-World-logo-sm-52px.svg","width":175,"height":52,"caption":"DAN World"},"image":{"@id":"https:\/\/world.dan.org\/es\/#\/schema\/logo\/image\/"}}]}},"_links":{"self":[{"href":"https:\/\/world.dan.org\/es\/wp-json\/wp\/v2\/pages\/9641","targetHints":{"allow":["GET"]}}],"collection":[{"href":"https:\/\/world.dan.org\/es\/wp-json\/wp\/v2\/pages"}],"about":[{"href":"https:\/\/world.dan.org\/es\/wp-json\/wp\/v2\/types\/page"}],"author":[{"embeddable":true,"href":"https:\/\/world.dan.org\/es\/wp-json\/wp\/v2\/users\/1"}],"replies":[{"embeddable":true,"href":"https:\/\/world.dan.org\/es\/wp-json\/wp\/v2\/comments?post=9641"}],"version-history":[{"count":0,"href":"https:\/\/world.dan.org\/es\/wp-json\/wp\/v2\/pages\/9641\/revisions"}],"up":[{"embeddable":true,"href":"https:\/\/world.dan.org\/es\/wp-json\/wp\/v2\/pages\/67"}],"wp:attachment":[{"href":"https:\/\/world.dan.org\/es\/wp-json\/wp\/v2\/media?parent=9641"}],"curies":[{"name":"wp","href":"https:\/\/api.w.org\/{rel}","templated":true}]}}