{"id":12,"date":"2020-03-27T13:44:21","date_gmt":"2020-03-27T17:44:21","guid":{"rendered":"https:\/\/dan.devhammer.com\/?page_id=12"},"modified":"2022-07-05T15:58:06","modified_gmt":"2022-07-05T19:58:06","slug":"chamber-operation-safety","status":"publish","type":"page","link":"https:\/\/world.dan.org\/fr\/safety-prevention\/chamber-operation-safety\/","title":{"rendered":"S\u00e9curit\u00e9 des Caissons"},"content":{"rendered":"<div style=\"height:50px\" aria-hidden=\"true\" class=\"wp-block-spacer\"><\/div>\n\n\n\n<p>La r\u00e9ponse initiale de DAN \u00e0 tout accident ou maladie li\u00e9e \u00e0 la plong\u00e9e est de s'assurer que le plongeur re\u00e7oit les premiers soins appropri\u00e9s et qu'il est \u00e9valu\u00e9 par un professionnel de la sant\u00e9, suivi par l'initiation de tout traitement n\u00e9cessaire qui peut inclure un caisson hyperbare.\u00a0La norme de soins pour de nombreuses maladies li\u00e9es \u00e0 la plong\u00e9e est la recompression. Il est donc essentiel que DAN sache non seulement o\u00f9 se trouvent les installations de recompression appropri\u00e9es, mais aussi qu'elles puissent \u00eatre utilis\u00e9es pour soigner les plongeurs bless\u00e9s. Pour y rem\u00e9dier, DAN a mis en place trois programmes de soutien et de collaboration avec les installations hyperbares. <\/p>\n\n\n\n<div style=\"height:35px\" aria-hidden=\"true\" class=\"wp-block-spacer\"><\/div>\n\n\n\n<div class=\"wp-block-columns is-layout-flex wp-container-core-columns-is-layout-9d6595d7 wp-block-columns-is-layout-flex\">\n<div class=\"wp-block-column is-layout-flow wp-block-column-is-layout-flow\">\n<div class=\"wp-block-image\"><figure class=\"aligncenter size-large is-resized\"><img loading=\"lazy\" decoding=\"async\" src=\"https:\/\/world.dan.org\/wp-content\/uploads\/2021\/07\/global-chamber-network-icon.svg\" alt=\"\" class=\"wp-image-17753\" width=\"131\" height=\"131\"\/><\/figure><\/div>\n\n\n\n<h2 class=\"has-text-align-center has-dan-black-color has-text-color has-medium-font-size wp-block-heading\">R\u00e9seau des Caissons de Recompression <\/h2>\n\n\n\n<p>Le r\u00e9seau de chambres de recompression (RCN) est une base de donn\u00e9es mondiale des chambres hyperbares disponibles pour le traitement des accidents de d\u00e9compression. Le r\u00e9seau est r\u00e9guli\u00e8rement mis \u00e0 jour afin d'ajouter de nouvelles chambres et de refl\u00e9ter les changements dans la disponibilit\u00e9 des chambres.<\/p>\n\n\n\n<p><strong>Pour vous inscrire<\/strong>, <strong><a href=\"\/wp-content\/uploads\/2020\/08\/RCN-Application-2019.pdf\">cliquez ici\u00a0<\/a><\/strong> pour acc\u00e9der au formulaire de candidature ou envoyez-nous un courriel \u00e0 <a href=\"mailto:rcn@world.dan.org\"><strong>RCN@DAN.org<\/strong><\/a>. <\/p>\n\n\n\n<p>Veuillez indiquer votre nom et votre num\u00e9ro de t\u00e9l\u00e9phone.<\/p>\n<\/div>\n\n\n\n<div class=\"wp-block-column has-dan-white-background-color has-background is-layout-flow wp-block-column-is-layout-flow\" style=\"flex-basis:2px\"><\/div>\n\n\n\n<div class=\"wp-block-column is-layout-flow wp-block-column-is-layout-flow\">\n<div class=\"wp-block-image\"><figure class=\"aligncenter size-large is-resized\"><img loading=\"lazy\" decoding=\"async\" src=\"https:\/\/world.dan.org\/wp-content\/uploads\/2021\/07\/chamber-icon.svg\" alt=\"\" class=\"wp-image-17756\" width=\"131\" height=\"131\"\/><\/figure><\/div>\n\n\n\n<h2 class=\"has-text-align-center has-dan-black-color has-text-color has-medium-font-size wp-block-heading\">Programme d'Assistance aux Caissons de Recompression <\/h2>\n\n\n\n<p class=\"has-text-align-left translation-block\">Le programme d'aide aux caissons de recompression (RCAP) apporte un soutien aux caissons dans le besoin, principalement par le biais de dons et de subventions. Des formations sur site et des \u00e9valuations des risques de s\u00e9curit\u00e9, des bourses d'\u00e9tudes, des conseils et m\u00eame des \u00e9quipements essentiels sont mis \u00e0 la disposition des installations de caissons de recompression qualifi\u00e9es.<\/p>\n\n\n\n<p><a href=\"https:\/\/world.dan.org\/wp-content\/uploads\/2020\/08\/RCAP-ATMO-Scholarship-Application-1.pdf\">Poser Votre Candidature Ici<\/a><\/p>\n<\/div>\n\n\n\n<div class=\"wp-block-column has-dan-white-background-color has-background is-layout-flow wp-block-column-is-layout-flow\" style=\"flex-basis:2px\"><\/div>\n\n\n\n<div class=\"wp-block-column is-layout-flow wp-block-column-is-layout-flow\">\n<div class=\"wp-block-image\"><figure class=\"aligncenter size-large is-resized\"><img loading=\"lazy\" decoding=\"async\" src=\"https:\/\/world.dan.org\/wp-content\/uploads\/2021\/07\/chamber-network-icon.svg\" alt=\"\" class=\"wp-image-17757\" width=\"131\" height=\"131\"\/><\/figure><\/div>\n\n\n\n<h2 class=\"has-text-align-center has-dan-black-color has-text-color has-medium-font-size wp-block-heading\">R\u00e9seau de Prestataires Privil\u00e9gi\u00e9s <\/h2>\n\n\n\n<p>Le r\u00e9seau de prestataires privil\u00e9gi\u00e9s pour les caissons de recompression (PPN) a pour but de garantir un traitement rapide, un soutien et un remboursement assur\u00e9 aux chambres qui ont besoin de ressources financi\u00e8res. <\/p>\n\n\n\n<p><strong>Disponible uniquement sur invitation.<\/strong><\/p>\n<\/div>\n<\/div>\n\n\n\n<div style=\"height:50px\" aria-hidden=\"true\" class=\"wp-block-spacer\"><\/div>\n\n\n\n<hr class=\"wp-block-separator has-text-color has-background has-dan-light-gray-background-color has-dan-light-gray-color\"\/>\n\n\n\n<div style=\"height:50px\" aria-hidden=\"true\" class=\"wp-block-spacer\"><\/div>\n\n\n\n<div class=\"wp-block-columns is-layout-flex wp-container-core-columns-is-layout-9d6595d7 wp-block-columns-is-layout-flex\">\n<div class=\"wp-block-column is-layout-flow wp-block-column-is-layout-flow\">\n<figure class=\"wp-block-image size-large\"><a href=\"https:\/\/world.dan.org\/fr\/safety-prevention\/chamber-operation-safety\/safety-assessment-chamber-operations\/\"><img loading=\"lazy\" decoding=\"async\" width=\"600\" height=\"300\" src=\"https:\/\/world.dan.org\/wp-content\/uploads\/2021\/07\/hyperbaric-chamber-availability-48249022-600x300-1.jpg\" alt=\"\" class=\"wp-image-17578\" srcset=\"https:\/\/world.dan.org\/wp-content\/uploads\/2021\/07\/hyperbaric-chamber-availability-48249022-600x300-1.jpg 600w, https:\/\/world.dan.org\/wp-content\/uploads\/2021\/07\/hyperbaric-chamber-availability-48249022-600x300-1-360x180.jpg 360w, https:\/\/world.dan.org\/wp-content\/uploads\/2021\/07\/hyperbaric-chamber-availability-48249022-600x300-1-18x9.jpg 18w\" sizes=\"auto, (max-width: 600px) 100vw, 600px\" \/><\/a><\/figure>\n\n\n\n<h2 class=\"has-dan-black-color has-text-color has-medium-font-size wp-block-heading\">\u00c9valuation de la S\u00e9curit\u00e9 : Op\u00e9rations des Caissons<\/h2>\n\n\n\n<p>L'\u00e9quipe de technologie hyperbare de DAN a plus de 75 ans d'exp\u00e9rience dans la collaboration avec des caissons de recompression dans le monde entier. Cela comprend la conception et la fabrication, l'inspection et la maintenance, l'exploitation et la gestion des installations, ainsi que l'ensemble des proc\u00e9dures de traitement m\u00e9dical.<\/p>\n\n\n\n<p><a href=\"https:\/\/world.dan.org\/fr\/safety-prevention\/chamber-operation-safety\/safety-assessment-chamber-operations\/\">En savoir plus<\/a><\/p>\n<\/div>\n\n\n\n<div class=\"wp-block-column has-dan-white-background-color has-background is-layout-flow wp-block-column-is-layout-flow\" style=\"flex-basis:2px\"><\/div>\n\n\n\n<div class=\"wp-block-column is-layout-flow wp-block-column-is-layout-flow\">\n<figure class=\"wp-block-image size-large\"><a href=\"https:\/\/world.dan.org\/fr\/safety-prevention\/chamber-operation-safety\/safety-training-chamber-operations\/\"><img loading=\"lazy\" decoding=\"async\" width=\"600\" height=\"300\" src=\"https:\/\/world.dan.org\/wp-content\/uploads\/2021\/07\/pressure-gauge-328990064-600x300-1.jpg\" alt=\"\" class=\"wp-image-17579\" srcset=\"https:\/\/world.dan.org\/wp-content\/uploads\/2021\/07\/pressure-gauge-328990064-600x300-1.jpg 600w, https:\/\/world.dan.org\/wp-content\/uploads\/2021\/07\/pressure-gauge-328990064-600x300-1-360x180.jpg 360w, https:\/\/world.dan.org\/wp-content\/uploads\/2021\/07\/pressure-gauge-328990064-600x300-1-18x9.jpg 18w\" sizes=\"auto, (max-width: 600px) 100vw, 600px\" \/><\/a><\/figure>\n\n\n\n<h2 class=\"has-dan-black-color has-text-color has-medium-font-size wp-block-heading\">Formation en S\u00e9curit\u00e9 : Op\u00e9rations des Caissons<\/h2>\n\n\n\n<p>Les op\u00e9rateurs de caissons, les soumissionnaires et les techniciens ont tous besoin d'une formation sp\u00e9cialis\u00e9e afin d'exploiter et d'entretenir les installations de traitement par recompression dans un \u00e9tat s\u00e9curitaire et fiable, garantissant ainsi une disponibilit\u00e9 optimale pour les plongeurs en d\u00e9tresse. L'\u00e9ducation et la sensibilisation jouent un r\u00f4le important pour garantir des connaissances et des comp\u00e9tences op\u00e9rationnelles appropri\u00e9es.<\/p>\n\n\n\n<p><a href=\"https:\/\/world.dan.org\/fr\/safety-prevention\/chamber-operation-safety\/safety-training-chamber-operations\/\">En savoir plus<\/a><\/p>\n<\/div>\n\n\n\n<div class=\"wp-block-column has-dan-white-background-color has-background is-layout-flow wp-block-column-is-layout-flow\" style=\"flex-basis:2px\"><\/div>\n\n\n\n<div class=\"wp-block-column is-layout-flow wp-block-column-is-layout-flow\">\n<figure class=\"wp-block-image size-large\"><a href=\"https:\/\/world.dan.org\/fr\/safety-prevention\/chamber-operation-safety\/safety-resources-chamber-operators\/\"><img loading=\"lazy\" decoding=\"async\" width=\"600\" height=\"300\" src=\"https:\/\/world.dan.org\/wp-content\/uploads\/2021\/07\/monitoring-hyperbaric-oxygen-therapy-266818672-600x300-1.jpg\" alt=\"\" class=\"wp-image-17580\" srcset=\"https:\/\/world.dan.org\/wp-content\/uploads\/2021\/07\/monitoring-hyperbaric-oxygen-therapy-266818672-600x300-1.jpg 600w, https:\/\/world.dan.org\/wp-content\/uploads\/2021\/07\/monitoring-hyperbaric-oxygen-therapy-266818672-600x300-1-360x180.jpg 360w, https:\/\/world.dan.org\/wp-content\/uploads\/2021\/07\/monitoring-hyperbaric-oxygen-therapy-266818672-600x300-1-18x9.jpg 18w\" sizes=\"auto, (max-width: 600px) 100vw, 600px\" \/><\/a><\/figure>\n\n\n\n<h2 class=\"has-dan-black-color has-text-color has-medium-font-size wp-block-heading\">Ressources de S\u00e9curit\u00e9 : Op\u00e9rations des Caissons<\/h2>\n\n\n\n<p>Les ressources de s\u00e9curit\u00e9 gratuites comprennent une s\u00e9rie de publications t\u00e9l\u00e9chargeables, d'avis, de listes de contr\u00f4le et d'autres documents utiles.<\/p>\n\n\n\n<p><a href=\"https:\/\/world.dan.org\/fr\/safety-prevention\/chamber-operation-safety\/safety-resources-chamber-operators\/\">En savoir plus<\/a><\/p>\n<\/div>\n<\/div>","protected":false},"excerpt":{"rendered":"<p>La r\u00e9ponse initiale du DAN \u00e0 toute blessure ou maladie li\u00e9e \u00e0 la plong\u00e9e est de s'assurer que le plongeur re\u00e7oit les premiers soins appropri\u00e9s et qu'il est \u00e9valu\u00e9 par un professionnel de la sant\u00e9, suivi par l'initiation de tout traitement n\u00e9cessaire qui peut inclure un caisson hyperbare. <\/p>","protected":false},"author":1,"featured_media":17583,"parent":23,"menu_order":185,"comment_status":"closed","ping_status":"closed","template":"","meta":{"_acf_changed":false,"_ef_editorial_meta_date_first-draft-date":"1585656000","_ef_editorial_meta_paragraph_assignment":"","_ef_editorial_meta_checkbox_needs-photo":"","_ef_editorial_meta_number_word-count":"","footnotes":""},"class_list":["post-12","page","type-page","status-publish","has-post-thumbnail","hentry"],"acf":[],"yoast_head":"<!-- This site is optimized with the Yoast SEO Premium plugin v27.4 (Yoast SEO v27.4) - https:\/\/yoast.com\/product\/yoast-seo-premium-wordpress\/ -->\n<title>Chamber Safety - DAN World<\/title>\n<meta name=\"description\" content=\"DAN\u2019s initial response to any diving illness or injury is to ensure that the diver receives appropriate first aid and is evaluated by a medical professional.\" \/>\n<meta name=\"robots\" content=\"index, follow, max-snippet:-1, max-image-preview:large, max-video-preview:-1\" \/>\n<link rel=\"canonical\" href=\"https:\/\/world.dan.org\/fr\/safety-prevention\/chamber-operation-safety\/\" \/>\n<meta property=\"og:locale\" content=\"fr_CA\" \/>\n<meta property=\"og:type\" content=\"article\" \/>\n<meta property=\"og:title\" content=\"Chamber Safety\" \/>\n<meta property=\"og:description\" content=\"DAN\u2019s initial response to any diving illness or injury is to ensure that the diver receives appropriate first aid and is evaluated by a medical professional.\" \/>\n<meta property=\"og:url\" content=\"https:\/\/world.dan.org\/fr\/safety-prevention\/chamber-operation-safety\/\" \/>\n<meta property=\"og:site_name\" content=\"DAN World\" \/>\n<meta property=\"article:modified_time\" content=\"2022-07-05T19:58:06+00:00\" \/>\n<meta property=\"og:image\" content=\"https:\/\/world.dan.org\/wp-content\/uploads\/2021\/07\/pressure-chamber-1094477228-1200x600-1.jpg\" \/>\n\t<meta property=\"og:image:width\" content=\"1200\" \/>\n\t<meta property=\"og:image:height\" content=\"600\" \/>\n\t<meta property=\"og:image:type\" content=\"image\/jpeg\" \/>\n<meta name=\"twitter:card\" content=\"summary_large_image\" \/>\n<meta name=\"twitter:title\" content=\"Chamber Safety\" \/>\n<meta name=\"twitter:description\" content=\"DAN\u2019s initial response to any diving illness or injury is to ensure that the diver receives appropriate first aid and is evaluated by a medical professional.\" \/>\n<meta name=\"twitter:image\" content=\"https:\/\/world.dan.org\/wp-content\/uploads\/2021\/07\/pressure-chamber-1094477228-1200x600-1.jpg\" \/>\n<meta name=\"twitter:label1\" content=\"Est. reading time\" \/>\n\t<meta name=\"twitter:data1\" content=\"3 minutes\" \/>\n<script type=\"application\/ld+json\" class=\"yoast-schema-graph\">{\"@context\":\"https:\\\/\\\/schema.org\",\"@graph\":[{\"@type\":\"WebPage\",\"@id\":\"https:\\\/\\\/world.dan.org\\\/safety-prevention\\\/chamber-operation-safety\\\/\",\"url\":\"https:\\\/\\\/world.dan.org\\\/safety-prevention\\\/chamber-operation-safety\\\/\",\"name\":\"Chamber Safety - DAN World\",\"isPartOf\":{\"@id\":\"https:\\\/\\\/world.dan.org\\\/es\\\/#website\"},\"primaryImageOfPage\":{\"@id\":\"https:\\\/\\\/world.dan.org\\\/safety-prevention\\\/chamber-operation-safety\\\/#primaryimage\"},\"image\":{\"@id\":\"https:\\\/\\\/world.dan.org\\\/safety-prevention\\\/chamber-operation-safety\\\/#primaryimage\"},\"thumbnailUrl\":\"https:\\\/\\\/world.dan.org\\\/wp-content\\\/uploads\\\/2021\\\/07\\\/pressure-chamber-1094477228-1200x600-1.jpg\",\"datePublished\":\"2020-03-27T17:44:21+00:00\",\"dateModified\":\"2022-07-05T19:58:06+00:00\",\"description\":\"DAN\u2019s initial response to any diving illness or injury is to ensure that the diver receives appropriate first aid and is evaluated by a medical professional.\",\"breadcrumb\":{\"@id\":\"https:\\\/\\\/world.dan.org\\\/safety-prevention\\\/chamber-operation-safety\\\/#breadcrumb\"},\"inLanguage\":\"fr-CA\",\"potentialAction\":[{\"@type\":\"ReadAction\",\"target\":[\"https:\\\/\\\/world.dan.org\\\/safety-prevention\\\/chamber-operation-safety\\\/\"]}]},{\"@type\":\"ImageObject\",\"inLanguage\":\"fr-CA\",\"@id\":\"https:\\\/\\\/world.dan.org\\\/safety-prevention\\\/chamber-operation-safety\\\/#primaryimage\",\"url\":\"https:\\\/\\\/world.dan.org\\\/wp-content\\\/uploads\\\/2021\\\/07\\\/pressure-chamber-1094477228-1200x600-1.jpg\",\"contentUrl\":\"https:\\\/\\\/world.dan.org\\\/wp-content\\\/uploads\\\/2021\\\/07\\\/pressure-chamber-1094477228-1200x600-1.jpg\",\"width\":1200,\"height\":600},{\"@type\":\"BreadcrumbList\",\"@id\":\"https:\\\/\\\/world.dan.org\\\/safety-prevention\\\/chamber-operation-safety\\\/#breadcrumb\",\"itemListElement\":[{\"@type\":\"ListItem\",\"position\":1,\"name\":\"Home\",\"item\":\"https:\\\/\\\/world.dan.org\\\/\"},{\"@type\":\"ListItem\",\"position\":2,\"name\":\"Safety &#038; Prevention\",\"item\":\"https:\\\/\\\/world.dan.org\\\/safety-prevention\\\/\"},{\"@type\":\"ListItem\",\"position\":3,\"name\":\"Chamber Safety\"}]},{\"@type\":\"WebSite\",\"@id\":\"https:\\\/\\\/world.dan.org\\\/es\\\/#website\",\"url\":\"https:\\\/\\\/world.dan.org\\\/es\\\/\",\"name\":\"DAN World\",\"description\":\"\",\"publisher\":{\"@id\":\"https:\\\/\\\/world.dan.org\\\/es\\\/#organization\"},\"potentialAction\":[{\"@type\":\"SearchAction\",\"target\":{\"@type\":\"EntryPoint\",\"urlTemplate\":\"https:\\\/\\\/world.dan.org\\\/es\\\/?s={search_term_string}\"},\"query-input\":{\"@type\":\"PropertyValueSpecification\",\"valueRequired\":true,\"valueName\":\"search_term_string\"}}],\"inLanguage\":\"fr-CA\"},{\"@type\":\"Organization\",\"@id\":\"https:\\\/\\\/world.dan.org\\\/es\\\/#organization\",\"name\":\"DAN World\",\"url\":\"https:\\\/\\\/world.dan.org\\\/es\\\/\",\"logo\":{\"@type\":\"ImageObject\",\"inLanguage\":\"fr-CA\",\"@id\":\"https:\\\/\\\/world.dan.org\\\/es\\\/#\\\/schema\\\/logo\\\/image\\\/\",\"url\":\"https:\\\/\\\/world.dan.org\\\/wp-content\\\/uploads\\\/2022\\\/04\\\/DAN-World-logo-sm-52px.svg\",\"contentUrl\":\"https:\\\/\\\/world.dan.org\\\/wp-content\\\/uploads\\\/2022\\\/04\\\/DAN-World-logo-sm-52px.svg\",\"width\":175,\"height\":52,\"caption\":\"DAN World\"},\"image\":{\"@id\":\"https:\\\/\\\/world.dan.org\\\/es\\\/#\\\/schema\\\/logo\\\/image\\\/\"}}]}<\/script>\n<!-- \/ Yoast SEO Premium plugin. -->","yoast_head_json":{"title":"S\u00e9curit\u00e9 de la chambre - DAN World","description":"La r\u00e9ponse initiale du DAN \u00e0 toute maladie ou blessure li\u00e9e \u00e0 la plong\u00e9e est de s'assurer que le plongeur re\u00e7oit les premiers soins appropri\u00e9s et qu'il est \u00e9valu\u00e9 par un professionnel de la sant\u00e9.","robots":{"index":"index","follow":"follow","max-snippet":"max-snippet:-1","max-image-preview":"max-image-preview:large","max-video-preview":"max-video-preview:-1"},"canonical":"https:\/\/world.dan.org\/fr\/safety-prevention\/chamber-operation-safety\/","og_locale":"fr_CA","og_type":"article","og_title":"Chamber Safety","og_description":"DAN\u2019s initial response to any diving illness or injury is to ensure that the diver receives appropriate first aid and is evaluated by a medical professional.","og_url":"https:\/\/world.dan.org\/fr\/safety-prevention\/chamber-operation-safety\/","og_site_name":"DAN World","article_modified_time":"2022-07-05T19:58:06+00:00","og_image":[{"width":1200,"height":600,"url":"https:\/\/world.dan.org\/wp-content\/uploads\/2021\/07\/pressure-chamber-1094477228-1200x600-1.jpg","type":"image\/jpeg"}],"twitter_card":"summary_large_image","twitter_title":"Chamber Safety","twitter_description":"DAN\u2019s initial response to any diving illness or injury is to ensure that the diver receives appropriate first aid and is evaluated by a medical professional.","twitter_image":"https:\/\/world.dan.org\/wp-content\/uploads\/2021\/07\/pressure-chamber-1094477228-1200x600-1.jpg","twitter_misc":{"Est. reading time":"3 minutes"},"schema":{"@context":"https:\/\/schema.org","@graph":[{"@type":"WebPage","@id":"https:\/\/world.dan.org\/safety-prevention\/chamber-operation-safety\/","url":"https:\/\/world.dan.org\/safety-prevention\/chamber-operation-safety\/","name":"S\u00e9curit\u00e9 de la chambre - DAN World","isPartOf":{"@id":"https:\/\/world.dan.org\/es\/#website"},"primaryImageOfPage":{"@id":"https:\/\/world.dan.org\/safety-prevention\/chamber-operation-safety\/#primaryimage"},"image":{"@id":"https:\/\/world.dan.org\/safety-prevention\/chamber-operation-safety\/#primaryimage"},"thumbnailUrl":"https:\/\/world.dan.org\/wp-content\/uploads\/2021\/07\/pressure-chamber-1094477228-1200x600-1.jpg","datePublished":"2020-03-27T17:44:21+00:00","dateModified":"2022-07-05T19:58:06+00:00","description":"La r\u00e9ponse initiale du DAN \u00e0 toute maladie ou blessure li\u00e9e \u00e0 la plong\u00e9e est de s'assurer que le plongeur re\u00e7oit les premiers soins appropri\u00e9s et qu'il est \u00e9valu\u00e9 par un professionnel de la sant\u00e9.","breadcrumb":{"@id":"https:\/\/world.dan.org\/safety-prevention\/chamber-operation-safety\/#breadcrumb"},"inLanguage":"fr-CA","potentialAction":[{"@type":"ReadAction","target":["https:\/\/world.dan.org\/safety-prevention\/chamber-operation-safety\/"]}]},{"@type":"ImageObject","inLanguage":"fr-CA","@id":"https:\/\/world.dan.org\/safety-prevention\/chamber-operation-safety\/#primaryimage","url":"https:\/\/world.dan.org\/wp-content\/uploads\/2021\/07\/pressure-chamber-1094477228-1200x600-1.jpg","contentUrl":"https:\/\/world.dan.org\/wp-content\/uploads\/2021\/07\/pressure-chamber-1094477228-1200x600-1.jpg","width":1200,"height":600},{"@type":"BreadcrumbList","@id":"https:\/\/world.dan.org\/safety-prevention\/chamber-operation-safety\/#breadcrumb","itemListElement":[{"@type":"ListItem","position":1,"name":"Home","item":"https:\/\/world.dan.org\/"},{"@type":"ListItem","position":2,"name":"Safety &#038; Prevention","item":"https:\/\/world.dan.org\/safety-prevention\/"},{"@type":"ListItem","position":3,"name":"Chamber Safety"}]},{"@type":"WebSite","@id":"https:\/\/world.dan.org\/es\/#website","url":"https:\/\/world.dan.org\/es\/","name":"DAN World","description":"","publisher":{"@id":"https:\/\/world.dan.org\/es\/#organization"},"potentialAction":[{"@type":"SearchAction","target":{"@type":"EntryPoint","urlTemplate":"https:\/\/world.dan.org\/es\/?s={search_term_string}"},"query-input":{"@type":"PropertyValueSpecification","valueRequired":true,"valueName":"search_term_string"}}],"inLanguage":"fr-CA"},{"@type":"Organization","@id":"https:\/\/world.dan.org\/es\/#organization","name":"DAN World","url":"https:\/\/world.dan.org\/es\/","logo":{"@type":"ImageObject","inLanguage":"fr-CA","@id":"https:\/\/world.dan.org\/es\/#\/schema\/logo\/image\/","url":"https:\/\/world.dan.org\/wp-content\/uploads\/2022\/04\/DAN-World-logo-sm-52px.svg","contentUrl":"https:\/\/world.dan.org\/wp-content\/uploads\/2022\/04\/DAN-World-logo-sm-52px.svg","width":175,"height":52,"caption":"DAN World"},"image":{"@id":"https:\/\/world.dan.org\/es\/#\/schema\/logo\/image\/"}}]}},"_links":{"self":[{"href":"https:\/\/world.dan.org\/fr\/wp-json\/wp\/v2\/pages\/12","targetHints":{"allow":["GET"]}}],"collection":[{"href":"https:\/\/world.dan.org\/fr\/wp-json\/wp\/v2\/pages"}],"about":[{"href":"https:\/\/world.dan.org\/fr\/wp-json\/wp\/v2\/types\/page"}],"author":[{"embeddable":true,"href":"https:\/\/world.dan.org\/fr\/wp-json\/wp\/v2\/users\/1"}],"replies":[{"embeddable":true,"href":"https:\/\/world.dan.org\/fr\/wp-json\/wp\/v2\/comments?post=12"}],"version-history":[{"count":0,"href":"https:\/\/world.dan.org\/fr\/wp-json\/wp\/v2\/pages\/12\/revisions"}],"up":[{"embeddable":true,"href":"https:\/\/world.dan.org\/fr\/wp-json\/wp\/v2\/pages\/23"}],"wp:featuredmedia":[{"embeddable":true,"href":"https:\/\/world.dan.org\/fr\/wp-json\/wp\/v2\/media\/17583"}],"wp:attachment":[{"href":"https:\/\/world.dan.org\/fr\/wp-json\/wp\/v2\/media?parent=12"}],"curies":[{"name":"wp","href":"https:\/\/api.w.org\/{rel}","templated":true}]}}