{"id":16945,"date":"2021-06-10T12:46:07","date_gmt":"2021-06-10T16:46:07","guid":{"rendered":"https:\/\/wordpress.world.dan.org\/?page_id=16945"},"modified":"2025-02-25T14:41:48","modified_gmt":"2025-02-25T19:41:48","slug":"research","status":"publish","type":"page","link":"https:\/\/world.dan.org\/fr\/research\/","title":{"rendered":"Recherches DAN"},"content":{"rendered":"<div class=\"n2_clear\"><ss3-force-full-width data-overflow-x=\"body\" data-horizontal-selector=\"\"><div class=\"n2-section-smartslider fitvidsignore  n2_clear\" data-ssid=\"16\" tabindex=\"0\" role=\"region\" aria-label=\"Slider\"><div id=\"n2-ss-16-align\" class=\"n2-ss-align\"><div class=\"n2-padding\"><div id=\"n2-ss-16\" data-creator=\"Smart Slider 3\" data-responsive=\"fullwidth\" class=\"n2-ss-slider n2-ow n2-has-hover n2notransition\">\n        <div class=\"n2-ss-slider-1 n2_ss__touch_element n2-ow\">\n            <div class=\"n2-ss-slider-2 n2-ow\">\n                                                <div class=\"n2-ss-slider-3 n2-ow\">\n\n                    <div class=\"n2-ss-slide-backgrounds n2-ow-all\"><div class=\"n2-ss-slide-background\" data-public-id=\"1\" data-mode=\"fill\"><div data-gradient=\"horizontal\" data-color-start=\"RGBA(255,255,255,0)\" data-color-end=\"RGBA(255,255,255,0)\" style=\"background:linear-gradient(to right, RGBA(255,255,255,0) 0%,RGBA(255,255,255,0) 100%);\" class=\"n2-ss-slide-background-color\"><\/div><\/div><\/div>                    <div class=\"n2-ss-slider-4 n2-ow\">\n                        <svg xmlns=\"http:\/\/www.w3.org\/2000\/svg\" viewbox=\"0 0 1600 600\" data-related-device=\"desktopPortrait\" class=\"n2-ow n2-ss-preserve-size n2-ss-preserve-size--slider n2-ss-slide-limiter\"><\/svg><div data-first=\"1\" data-slide-duration=\"0\" data-id=\"18\" data-slide-public-id=\"1\" data-title=\"Research\" class=\"n2-ss-slide n2-ow  n2-ss-slide-18\"><div role=\"note\" class=\"n2-ss-slide--focus\" tabindex=\"-1\">Recherche<\/div><div class=\"n2-ss-layers-container n2-ss-slide-limiter n2-ow\"><div class=\"n2-ss-layer n2-ow n-uc-tNngXm8t19Gw\" data-sstype=\"slide\" data-pm=\"default\"><div class=\"n2-ss-layer n2-ow n-uc-jlLTkqWBIp9r\" data-pm=\"default\" data-sstype=\"content\" data-hasbackground=\"0\"><div class=\"n2-ss-section-main-content n2-ss-layer-with-background n2-ss-layer-content n2-ow n-uc-jlLTkqWBIp9r-inner\"><div class=\"n2-ss-layer n2-ow n2-ss-layer--block n2-ss-has-self-align n-uc-QHw6e0Jahcut\" data-pm=\"normal\" data-sstype=\"row\"><div class=\"n2-ss-layer-row n2-ss-layer-with-background n-uc-QHw6e0Jahcut-inner\"><div class=\"n2-ss-layer-row-inner\"><div class=\"n2-ss-layer n2-ow n-uc-xvSc9R2Lu3zc\" data-pm=\"default\" data-sstype=\"col\"><div class=\"n2-ss-layer-col n2-ss-layer-with-background n2-ss-layer-content n-uc-xvSc9R2Lu3zc-inner\"><div class=\"n2-ss-layer n2-ow n-uc-jjYhWp2KrYMa n2-ss-layer--auto\" data-pm=\"normal\" data-sstype=\"layer\"><div class=\"n2-ss-button-container n2-ss-item-content n2-ow n2-font-a3b57aec3250d1cd7b703e552c1cb98d-link  n2-ss-nowrap n2-ss-button-container--non-full-width\"><a class=\"n2-style-05ba4352b746b78a53d300ba52f2d0e2-heading  n2-ow\" onclick=\"return false;\" href=\"#\"><div><div>RECHERCHE<\/div><\/div><\/a><\/div><\/div><div class=\"n2-ss-layer n2-ow n-uc-gx2gPNzfUiio\" data-pm=\"normal\" data-sstype=\"layer\"><h2 id=\"n2-ss-16item2\" class=\"n2-font-0e90d147ce6e7cb4798c11b222234271-hover n2-style-fea5f7007ea60cd0f94b58717a9ba1ac-heading   n2-ss-item-content n2-ss-text n2-ow\" style=\"display:block;\">RECHERCHE<\/h2><\/div><div class=\"n2-ss-layer n2-ow n-uc-aRXSbWnrcbaD\" data-pm=\"normal\" data-sstype=\"layer\"><div class=\"n2-ss-item-content n2-ss-text n2-ow-all\"><div data-hide-desktoplandscape=\"1\" data-hide-desktopportrait=\"1\" data-hide-tabletlandscape=\"1\" data-hide-tabletportrait=\"1\"><\/div><div class=\"\" data-hide-mobilelandscape=\"1\" data-hide-mobileportrait=\"1\"><p class=\"n2-font-3bb99d1f4c6c6f425005dde180c1a679-paragraph  n2-style-39612b538396e2fceb18e53ec82d9001-heading\">DAN surveille les accidents et les d\u00e9c\u00e8s li\u00e9s \u00e0 la plong\u00e9e depuis 1992. Nous \u00e9tudions leurs causes afin de promouvoir des mesures pr\u00e9ventives fond\u00e9es sur des donn\u00e9es probantes.<\/p>\n<\/div><\/div><\/div><div class=\"n2-ss-layer n2-ow n2-ss-layer--block n2-ss-has-self-align n-uc-lrLSEDGqPVBq\" data-pm=\"normal\" data-sstype=\"row\"><div class=\"n2-ss-layer-row n2-ss-layer-with-background n-uc-lrLSEDGqPVBq-inner\"><div class=\"n2-ss-layer-row-inner\"><div class=\"n2-ss-layer n2-ow n-uc-k2hjIQlyUiTP\" data-pm=\"default\" data-sstype=\"col\"><div class=\"n2-ss-layer-col n2-ss-layer-with-background n2-ss-layer-content n-uc-k2hjIQlyUiTP-inner\"><div class=\"n2-ss-layer n2-ow n-uc-tsJQbCiaAsSN n2-ss-layer--auto\" data-pm=\"normal\" data-hidedesktopportrait=\"1\" data-hidetabletportrait=\"1\" data-hidemobileportrait=\"1\" data-sstype=\"layer\"><div class=\"n2-ss-button-container n2-ss-item-content n2-ow n2-font-efb749624a85eff02533b8cc5c19c88c-link  n2-ss-nowrap n2-ss-button-container--non-full-width\"><a class=\"n2-style-cd7796faf722e88fc7c6131f998fde7c-heading  n2-ow\" target=\"_blank\" href=\"https:\/\/apps.dan.org\/donations\"><div><div>FAITES UN DON AUJOURD'HUI<\/div><\/div><\/a><\/div><\/div><\/div><\/div><\/div><\/div><\/div><\/div><\/div><\/div><\/div><\/div><\/div><\/div><\/div><\/div><\/div>                    <\/div>\n\n                                    <\/div>\n            <\/div>\n        <\/div>\n        <\/div><ss3-loader><\/ss3-loader><\/div><\/div><div class=\"n2_clear\"><\/div><\/div><\/ss3-force-full-width><\/div>\n\n\n<div style=\"height:50px\" aria-hidden=\"true\" class=\"wp-block-spacer\"><\/div>\n\n\n\n<h2 class=\"wp-block-heading has-text-align-center has-dan-black-color has-text-color has-medium-font-size\" id=\"h-recreational-scuba-diving-offers-exhilarating-experiences-although-it-involves-some-risks-these-can-be-well-controlled-through-proper-training-and-adherence-to-standard-procedures-nbsp-injuries-are-rare-and-only-dan-with-its-global-network-can-compile-enough-data-to-see-the-whole-picture-nbsp-nbsp\">La plong\u00e9e sous-marine de loisir offre des exp\u00e9riences exaltantes. Bien qu'elle comporte certains risques, ceux-ci peuvent \u00eatre bien ma\u00eetris\u00e9s gr\u00e2ce \u00e0 une formation ad\u00e9quate et au respect des proc\u00e9dures standard.\u00a0Les accidents sont rares et seul DAN, avec son r\u00e9seau mondial, peut compiler suffisamment de donn\u00e9es pour avoir une vue d'ensemble. \u00a0\u00a0 &nbsp;&nbsp;<\/h2>\n\n\n\n<div style=\"height:50px\" aria-hidden=\"true\" class=\"wp-block-spacer\"><\/div>\n\n\n\n<hr class=\"wp-block-separator has-text-color has-dan-light-gray-color has-css-opacity has-dan-light-gray-background-color has-background\"\/>\n\n\n\n<div style=\"height:50px\" aria-hidden=\"true\" class=\"wp-block-spacer\"><\/div>\n\n\n\n<h2 class=\"wp-block-heading has-text-align-left has-dan-black-color has-text-color has-medium-font-size\" id=\"h-dan-research-supports-dan-s-mission-of-advancing-dive-safety-by-working-toward-these-objectives\">La recherche DAN soutient la mission de DAN, qui est de faire progresser la s\u00e9curit\u00e9 des plongeurs, en travaillant \u00e0 la r\u00e9alisation de ces objectifs :<\/h2>\n\n\n\n<ol class=\"wp-block-list has-dan-black-color has-text-color has-normal-font-size\">\n<li><span style=\"color:#111111\" class=\"color\">Rendre l'exp\u00e9rience de la plong\u00e9e plus agr\u00e9able en identifiant les facteurs de stress excessifs et en proposant des mesures d'att\u00e9nuation.<\/span><\/li>\n\n\n\n<li><span style=\"color:#111111\" class=\"color\">Pr\u00e9venir les accidents li\u00e9s \u00e0 la plong\u00e9e en identifiant les facteurs de risque et en proposant des pratiques de plong\u00e9e s\u00e9curitaires.<\/span><\/li>\n\n\n\n<li><span style=\"color:#111111\" class=\"color\">Pr\u00e9venir les complications des accidents en proposant les meilleures pratiques en mati\u00e8re de premiers soins et de traitement. \u00a0 \u00a0<\/span><\/li>\n<\/ol>\n\n\n\n<p>La recherche DAN collabore avec des scientifiques et des instituts de recherche de premier plan pour r\u00e9pondre aux questions qui se posent sur la s\u00e9curit\u00e9 de l'exploration sous-marine. DAN a jou\u00e9 un r\u00f4le essentiel dans le d\u00e9veloppement de nombreuses innovations r\u00e9volutionnaires qui contribuent \u00e0 assurer la s\u00e9curit\u00e9 des plongeurs tout en leur permettant de pratiquer le sport qu'ils aiment.<\/p>\n\n\n\n<div style=\"height:75px\" aria-hidden=\"true\" class=\"wp-block-spacer\"><\/div>\n\n\n\n<hr class=\"wp-block-separator has-text-color has-dan-light-gray-color has-css-opacity has-dan-light-gray-background-color has-background\"\/>\n\n\n\n<div style=\"height:50px\" aria-hidden=\"true\" class=\"wp-block-spacer\"><\/div>\n\n\n\n<div class=\"wp-block-columns is-layout-flex wp-container-core-columns-is-layout-9d6595d7 wp-block-columns-is-layout-flex\">\n<div class=\"wp-block-column is-layout-flow wp-block-column-is-layout-flow\"><div class=\"wp-block-image\">\n<figure class=\"aligncenter size-large\"><img loading=\"lazy\" decoding=\"async\" width=\"1024\" height=\"512\" src=\"https:\/\/world.dan.org\/wp-content\/uploads\/2021\/06\/stress-in-diving-3Q3A8028-DAN-1024x512-1.jpg\" alt=\"\" class=\"wp-image-17391\" srcset=\"https:\/\/world.dan.org\/wp-content\/uploads\/2021\/06\/stress-in-diving-3Q3A8028-DAN-1024x512-1.jpg 1024w, https:\/\/world.dan.org\/wp-content\/uploads\/2021\/06\/stress-in-diving-3Q3A8028-DAN-1024x512-1-360x180.jpg 360w, https:\/\/world.dan.org\/wp-content\/uploads\/2021\/06\/stress-in-diving-3Q3A8028-DAN-1024x512-1-768x384.jpg 768w, https:\/\/world.dan.org\/wp-content\/uploads\/2021\/06\/stress-in-diving-3Q3A8028-DAN-1024x512-1-18x9.jpg 18w\" sizes=\"auto, (max-width: 1024px) 100vw, 1024px\" \/><\/figure>\n<\/div>\n\n\n<h3 class=\"wp-block-heading has-text-align-center has-dan-black-color has-text-color\" id=\"h-stress-in-diving-and-fitness-to-dive\" style=\"font-size:24px\">Le stress en plong\u00e9e et l'aptitude \u00e0 plonger<\/h3>\n\n\n\n<p>Que ce soit en apn\u00e9e ou en scaphandre, la plong\u00e9e implique des facteurs de stress r\u00e9sultant des modifications de la respiration, de l'immersion et des changements de pression associ\u00e9s \u00e0 la profondeur.<\/p>\n\n\n\n<p><a href=\"https:\/\/world.dan.org\/fr\/research\/stress-in-diving-and-fitness-to-dive\/\">En savoir plus<\/a><\/p>\n<\/div>\n\n\n\n<div class=\"wp-block-column has-dan-white-background-color has-background is-layout-flow wp-block-column-is-layout-flow\" style=\"flex-basis:2px\"><\/div>\n\n\n\n<div class=\"wp-block-column is-layout-flow wp-block-column-is-layout-flow\"><div class=\"wp-block-image\">\n<figure class=\"aligncenter size-large\"><img loading=\"lazy\" decoding=\"async\" width=\"1024\" height=\"512\" src=\"https:\/\/world.dan.org\/wp-content\/uploads\/2021\/06\/common-diving-injuries-3Q3A7047-1024x512-1.jpg\" alt=\"\" class=\"wp-image-17392\" srcset=\"https:\/\/world.dan.org\/wp-content\/uploads\/2021\/06\/common-diving-injuries-3Q3A7047-1024x512-1.jpg 1024w, https:\/\/world.dan.org\/wp-content\/uploads\/2021\/06\/common-diving-injuries-3Q3A7047-1024x512-1-360x180.jpg 360w, https:\/\/world.dan.org\/wp-content\/uploads\/2021\/06\/common-diving-injuries-3Q3A7047-1024x512-1-768x384.jpg 768w, https:\/\/world.dan.org\/wp-content\/uploads\/2021\/06\/common-diving-injuries-3Q3A7047-1024x512-1-18x9.jpg 18w\" sizes=\"auto, (max-width: 1024px) 100vw, 1024px\" \/><\/figure>\n<\/div>\n\n\n<h3 class=\"wp-block-heading has-text-align-center has-dan-black-color has-text-color\" id=\"h-common-diving-injuries-and-how-to-avoid-them\" style=\"font-size:24px\">Accidents de Plong\u00e9e Courants et Comment les Eviter<\/h3>\n\n\n\n<p>Les accidents sp\u00e9cifiques \u00e0 la plong\u00e9e les plus courants sont le barotraumatisme et la maladie de d\u00e9compression en plong\u00e9e sous-marine et l'\u00e9vanouissement hypoxique en plong\u00e9e en apn\u00e9e.<\/p>\n\n\n\n<p><a href=\"https:\/\/world.dan.org\/fr\/research\/common-diving-injuries-and-how-to-avoid-them\/\">En savoir plus<\/a><\/p>\n<\/div>\n\n\n\n<div class=\"wp-block-column has-dan-white-background-color has-background is-layout-flow wp-block-column-is-layout-flow\" style=\"flex-basis:2px\"><\/div>\n\n\n\n<div class=\"wp-block-column is-layout-flow wp-block-column-is-layout-flow\"><div class=\"wp-block-image\">\n<figure class=\"aligncenter size-large\"><img loading=\"lazy\" decoding=\"async\" width=\"1024\" height=\"512\" src=\"https:\/\/world.dan.org\/wp-content\/uploads\/2021\/06\/diagnosing-decompression-sickness-11346505-DAN-1200x600-1-1024x512.jpg\" alt=\"\" class=\"wp-image-17331\" srcset=\"https:\/\/world.dan.org\/wp-content\/uploads\/2021\/06\/diagnosing-decompression-sickness-11346505-DAN-1200x600-1-1024x512.jpg 1024w, https:\/\/world.dan.org\/wp-content\/uploads\/2021\/06\/diagnosing-decompression-sickness-11346505-DAN-1200x600-1-360x180.jpg 360w, https:\/\/world.dan.org\/wp-content\/uploads\/2021\/06\/diagnosing-decompression-sickness-11346505-DAN-1200x600-1-768x384.jpg 768w, https:\/\/world.dan.org\/wp-content\/uploads\/2021\/06\/diagnosing-decompression-sickness-11346505-DAN-1200x600-1-18x9.jpg 18w, https:\/\/world.dan.org\/wp-content\/uploads\/2021\/06\/diagnosing-decompression-sickness-11346505-DAN-1200x600-1.jpg 1200w\" sizes=\"auto, (max-width: 1024px) 100vw, 1024px\" \/><\/figure>\n<\/div>\n\n\n<h3 class=\"wp-block-heading has-text-align-center has-dan-black-color has-text-color\" id=\"h-best-treatment-practices-for-diving-injuries\" style=\"font-size:24px\">Meilleures pratiques de traitement des accidents de plong\u00e9e<\/h3>\n\n\n\n<p>La plupart des blessures en plong\u00e9e sont l\u00e9g\u00e8res et ne sont pas n\u00e9cessairement visibles pour les autres. Si vous ne vous sentez pas bien apr\u00e8s la plong\u00e9e, il se peut qu'il y ait un probl\u00e8me.\u00a0&nbsp;<\/p>\n\n\n\n<p><a href=\"https:\/\/world.dan.org\/fr\/research\/best-treatment-practices-for-diving-injuries\/?preview_id=16991&amp;preview=true&amp;_thumbnail_id=17331\">En savoir plus<\/a><\/p>\n<\/div>\n<\/div>\n\n\n\n<div style=\"height:30px\" aria-hidden=\"true\" class=\"wp-block-spacer\"><\/div>\n\n\n\n<p class=\"translation-block\">Visitez le site<a href=\"https:\/\/dan.org\/research-reports\/\" target=\"_self\">\u00a0de la recherche DAN<\/a>\u00a0pour obtenir des informations compl\u00e8tes sur les \u00e9tudes en cours et achev\u00e9es, les publications, les subventions et la mani\u00e8re de s'impliquer.<\/p>","protected":false},"excerpt":{"rendered":"<p>La plong\u00e9e sous-marine de loisir permet de r\u00e9aliser les r\u00eaves les plus fous d'exp\u00e9riences exaltantes. Les r\u00e9compenses s'accompagnent de certains risques, mais ceux-ci sont bien ma\u00eetris\u00e9s gr\u00e2ce \u00e0 une formation ad\u00e9quate, \u00e0 une bonne organisation et au respect des proc\u00e9dures standard.<\/p>","protected":false},"author":19,"featured_media":22799,"parent":0,"menu_order":36,"comment_status":"closed","ping_status":"closed","template":"templates\/page-landing-2a.php","meta":{"_acf_changed":false,"_ef_editorial_meta_date_first-draft-date":"","_ef_editorial_meta_paragraph_assignment":"","_ef_editorial_meta_checkbox_needs-photo":"","_ef_editorial_meta_number_word-count":"","footnotes":""},"class_list":["post-16945","page","type-page","status-publish","has-post-thumbnail","hentry"],"acf":[],"yoast_head":"<!-- This site is optimized with the Yoast SEO Premium plugin v27.4 (Yoast SEO v27.4) - https:\/\/yoast.com\/product\/yoast-seo-premium-wordpress\/ -->\n<title>DAN Research - DAN World<\/title>\n<meta name=\"description\" content=\"DAN Research supports DAN&#039;s mission of advancing dive safety.\" \/>\n<meta name=\"robots\" content=\"index, follow, max-snippet:-1, max-image-preview:large, max-video-preview:-1\" \/>\n<link rel=\"canonical\" href=\"https:\/\/world.dan.org\/fr\/research\/\" \/>\n<meta property=\"og:locale\" content=\"fr_CA\" \/>\n<meta property=\"og:type\" content=\"article\" \/>\n<meta property=\"og:title\" content=\"DAN Research\" \/>\n<meta property=\"og:description\" content=\"DAN Research collaborates with leading scientists and research institutions to address ongoing questions about the safety of underwater exploration. DAN has played a pivotal role in the development of numerous groundbreaking innovations that help keep divers safe while they enjoy the sport they love.\" \/>\n<meta property=\"og:url\" content=\"https:\/\/world.dan.org\/fr\/research\/\" \/>\n<meta property=\"og:site_name\" content=\"DAN World\" \/>\n<meta property=\"article:modified_time\" content=\"2025-02-25T19:41:48+00:00\" \/>\n<meta property=\"og:image\" content=\"https:\/\/world.dan.org\/wp-content\/uploads\/2022\/08\/DAN-research-DSC02202-1200x695-1.jpg\" \/>\n\t<meta property=\"og:image:width\" content=\"1200\" \/>\n\t<meta property=\"og:image:height\" content=\"695\" \/>\n\t<meta property=\"og:image:type\" content=\"image\/jpeg\" \/>\n<meta name=\"twitter:card\" content=\"summary_large_image\" \/>\n<meta name=\"twitter:title\" content=\"DAN Research\" \/>\n<meta name=\"twitter:description\" content=\"DAN Research collaborates with leading scientists and research institutions to address ongoing questions about the safety of underwater exploration.\" \/>\n<meta name=\"twitter:image\" content=\"https:\/\/world.dan.org\/wp-content\/uploads\/2022\/08\/DAN-research-DSC02202-1200x695-1.jpg\" \/>\n<meta name=\"twitter:label1\" content=\"Est. reading time\" \/>\n\t<meta name=\"twitter:data1\" content=\"2 minutes\" \/>\n<script type=\"application\/ld+json\" class=\"yoast-schema-graph\">{\"@context\":\"https:\\\/\\\/schema.org\",\"@graph\":[{\"@type\":\"WebPage\",\"@id\":\"https:\\\/\\\/world.dan.org\\\/research\\\/\",\"url\":\"https:\\\/\\\/world.dan.org\\\/research\\\/\",\"name\":\"DAN Research - DAN World\",\"isPartOf\":{\"@id\":\"https:\\\/\\\/world.dan.org\\\/es\\\/#website\"},\"primaryImageOfPage\":{\"@id\":\"https:\\\/\\\/world.dan.org\\\/research\\\/#primaryimage\"},\"image\":{\"@id\":\"https:\\\/\\\/world.dan.org\\\/research\\\/#primaryimage\"},\"thumbnailUrl\":\"https:\\\/\\\/world.dan.org\\\/wp-content\\\/uploads\\\/2022\\\/08\\\/DAN-research-DSC02202-1200x695-1.jpg\",\"datePublished\":\"2021-06-10T16:46:07+00:00\",\"dateModified\":\"2025-02-25T19:41:48+00:00\",\"description\":\"DAN Research supports DAN's mission of advancing dive safety.\",\"breadcrumb\":{\"@id\":\"https:\\\/\\\/world.dan.org\\\/research\\\/#breadcrumb\"},\"inLanguage\":\"fr-CA\",\"potentialAction\":[{\"@type\":\"ReadAction\",\"target\":[\"https:\\\/\\\/world.dan.org\\\/research\\\/\"]}]},{\"@type\":\"ImageObject\",\"inLanguage\":\"fr-CA\",\"@id\":\"https:\\\/\\\/world.dan.org\\\/research\\\/#primaryimage\",\"url\":\"https:\\\/\\\/world.dan.org\\\/wp-content\\\/uploads\\\/2022\\\/08\\\/DAN-research-DSC02202-1200x695-1.jpg\",\"contentUrl\":\"https:\\\/\\\/world.dan.org\\\/wp-content\\\/uploads\\\/2022\\\/08\\\/DAN-research-DSC02202-1200x695-1.jpg\",\"width\":1200,\"height\":695},{\"@type\":\"BreadcrumbList\",\"@id\":\"https:\\\/\\\/world.dan.org\\\/research\\\/#breadcrumb\",\"itemListElement\":[{\"@type\":\"ListItem\",\"position\":1,\"name\":\"Home\",\"item\":\"https:\\\/\\\/world.dan.org\\\/\"},{\"@type\":\"ListItem\",\"position\":2,\"name\":\"DAN Research\"}]},{\"@type\":\"WebSite\",\"@id\":\"https:\\\/\\\/world.dan.org\\\/es\\\/#website\",\"url\":\"https:\\\/\\\/world.dan.org\\\/es\\\/\",\"name\":\"DAN World\",\"description\":\"\",\"publisher\":{\"@id\":\"https:\\\/\\\/world.dan.org\\\/es\\\/#organization\"},\"potentialAction\":[{\"@type\":\"SearchAction\",\"target\":{\"@type\":\"EntryPoint\",\"urlTemplate\":\"https:\\\/\\\/world.dan.org\\\/es\\\/?s={search_term_string}\"},\"query-input\":{\"@type\":\"PropertyValueSpecification\",\"valueRequired\":true,\"valueName\":\"search_term_string\"}}],\"inLanguage\":\"fr-CA\"},{\"@type\":\"Organization\",\"@id\":\"https:\\\/\\\/world.dan.org\\\/es\\\/#organization\",\"name\":\"DAN World\",\"url\":\"https:\\\/\\\/world.dan.org\\\/es\\\/\",\"logo\":{\"@type\":\"ImageObject\",\"inLanguage\":\"fr-CA\",\"@id\":\"https:\\\/\\\/world.dan.org\\\/es\\\/#\\\/schema\\\/logo\\\/image\\\/\",\"url\":\"https:\\\/\\\/world.dan.org\\\/wp-content\\\/uploads\\\/2022\\\/04\\\/DAN-World-logo-sm-52px.svg\",\"contentUrl\":\"https:\\\/\\\/world.dan.org\\\/wp-content\\\/uploads\\\/2022\\\/04\\\/DAN-World-logo-sm-52px.svg\",\"width\":175,\"height\":52,\"caption\":\"DAN World\"},\"image\":{\"@id\":\"https:\\\/\\\/world.dan.org\\\/es\\\/#\\\/schema\\\/logo\\\/image\\\/\"}}]}<\/script>\n<!-- \/ Yoast SEO Premium plugin. -->","yoast_head_json":{"title":"Recherche DAN - DAN World","description":"DAN Research soutient la mission de DAN, qui est de faire progresser la s\u00e9curit\u00e9 des plongeurs.","robots":{"index":"index","follow":"follow","max-snippet":"max-snippet:-1","max-image-preview":"max-image-preview:large","max-video-preview":"max-video-preview:-1"},"canonical":"https:\/\/world.dan.org\/fr\/research\/","og_locale":"fr_CA","og_type":"article","og_title":"DAN Research","og_description":"DAN Research collaborates with leading scientists and research institutions to address ongoing questions about the safety of underwater exploration. DAN has played a pivotal role in the development of numerous groundbreaking innovations that help keep divers safe while they enjoy the sport they love.","og_url":"https:\/\/world.dan.org\/fr\/research\/","og_site_name":"DAN World","article_modified_time":"2025-02-25T19:41:48+00:00","og_image":[{"width":1200,"height":695,"url":"https:\/\/world.dan.org\/wp-content\/uploads\/2022\/08\/DAN-research-DSC02202-1200x695-1.jpg","type":"image\/jpeg"}],"twitter_card":"summary_large_image","twitter_title":"DAN Research","twitter_description":"DAN Research collaborates with leading scientists and research institutions to address ongoing questions about the safety of underwater exploration.","twitter_image":"https:\/\/world.dan.org\/wp-content\/uploads\/2022\/08\/DAN-research-DSC02202-1200x695-1.jpg","twitter_misc":{"Est. reading time":"2 minutes"},"schema":{"@context":"https:\/\/schema.org","@graph":[{"@type":"WebPage","@id":"https:\/\/world.dan.org\/research\/","url":"https:\/\/world.dan.org\/research\/","name":"Recherche DAN - DAN World","isPartOf":{"@id":"https:\/\/world.dan.org\/es\/#website"},"primaryImageOfPage":{"@id":"https:\/\/world.dan.org\/research\/#primaryimage"},"image":{"@id":"https:\/\/world.dan.org\/research\/#primaryimage"},"thumbnailUrl":"https:\/\/world.dan.org\/wp-content\/uploads\/2022\/08\/DAN-research-DSC02202-1200x695-1.jpg","datePublished":"2021-06-10T16:46:07+00:00","dateModified":"2025-02-25T19:41:48+00:00","description":"DAN Research soutient la mission de DAN, qui est de faire progresser la s\u00e9curit\u00e9 des plongeurs.","breadcrumb":{"@id":"https:\/\/world.dan.org\/research\/#breadcrumb"},"inLanguage":"fr-CA","potentialAction":[{"@type":"ReadAction","target":["https:\/\/world.dan.org\/research\/"]}]},{"@type":"ImageObject","inLanguage":"fr-CA","@id":"https:\/\/world.dan.org\/research\/#primaryimage","url":"https:\/\/world.dan.org\/wp-content\/uploads\/2022\/08\/DAN-research-DSC02202-1200x695-1.jpg","contentUrl":"https:\/\/world.dan.org\/wp-content\/uploads\/2022\/08\/DAN-research-DSC02202-1200x695-1.jpg","width":1200,"height":695},{"@type":"BreadcrumbList","@id":"https:\/\/world.dan.org\/research\/#breadcrumb","itemListElement":[{"@type":"ListItem","position":1,"name":"Home","item":"https:\/\/world.dan.org\/"},{"@type":"ListItem","position":2,"name":"DAN Research"}]},{"@type":"WebSite","@id":"https:\/\/world.dan.org\/es\/#website","url":"https:\/\/world.dan.org\/es\/","name":"DAN World","description":"","publisher":{"@id":"https:\/\/world.dan.org\/es\/#organization"},"potentialAction":[{"@type":"SearchAction","target":{"@type":"EntryPoint","urlTemplate":"https:\/\/world.dan.org\/es\/?s={search_term_string}"},"query-input":{"@type":"PropertyValueSpecification","valueRequired":true,"valueName":"search_term_string"}}],"inLanguage":"fr-CA"},{"@type":"Organization","@id":"https:\/\/world.dan.org\/es\/#organization","name":"DAN World","url":"https:\/\/world.dan.org\/es\/","logo":{"@type":"ImageObject","inLanguage":"fr-CA","@id":"https:\/\/world.dan.org\/es\/#\/schema\/logo\/image\/","url":"https:\/\/world.dan.org\/wp-content\/uploads\/2022\/04\/DAN-World-logo-sm-52px.svg","contentUrl":"https:\/\/world.dan.org\/wp-content\/uploads\/2022\/04\/DAN-World-logo-sm-52px.svg","width":175,"height":52,"caption":"DAN World"},"image":{"@id":"https:\/\/world.dan.org\/es\/#\/schema\/logo\/image\/"}}]}},"_links":{"self":[{"href":"https:\/\/world.dan.org\/fr\/wp-json\/wp\/v2\/pages\/16945","targetHints":{"allow":["GET"]}}],"collection":[{"href":"https:\/\/world.dan.org\/fr\/wp-json\/wp\/v2\/pages"}],"about":[{"href":"https:\/\/world.dan.org\/fr\/wp-json\/wp\/v2\/types\/page"}],"author":[{"embeddable":true,"href":"https:\/\/world.dan.org\/fr\/wp-json\/wp\/v2\/users\/19"}],"replies":[{"embeddable":true,"href":"https:\/\/world.dan.org\/fr\/wp-json\/wp\/v2\/comments?post=16945"}],"version-history":[{"count":0,"href":"https:\/\/world.dan.org\/fr\/wp-json\/wp\/v2\/pages\/16945\/revisions"}],"wp:featuredmedia":[{"embeddable":true,"href":"https:\/\/world.dan.org\/fr\/wp-json\/wp\/v2\/media\/22799"}],"wp:attachment":[{"href":"https:\/\/world.dan.org\/fr\/wp-json\/wp\/v2\/media?parent=16945"}],"curies":[{"name":"wp","href":"https:\/\/api.w.org\/{rel}","templated":true}]}}