{"id":16991,"date":"2021-06-10T19:44:17","date_gmt":"2021-06-10T23:44:17","guid":{"rendered":"https:\/\/wordpress.world.dan.org\/?page_id=16991"},"modified":"2022-08-19T14:39:55","modified_gmt":"2022-08-19T18:39:55","slug":"best-treatment-practices-for-diving-injuries","status":"publish","type":"page","link":"https:\/\/world.dan.org\/fr\/research\/best-treatment-practices-for-diving-injuries\/","title":{"rendered":"Meilleures pratiques de traitement des accidents de plong\u00e9e"},"content":{"rendered":"<div style=\"height:50px\" aria-hidden=\"true\" class=\"wp-block-spacer\"><\/div>\n\n\n\n<p class=\"translation-block\"><strong><span style=\"color: #e20e39\" class=\"stk-highlight\">Reconna\u00eetre une Blessure<\/span>:<\/strong> La plupart des blessures en plong\u00e9e sont l\u00e9g\u00e8res et ne sont pas n\u00e9cessairement visibles pour les autres. Si vous ne vous sentez pas bien apr\u00e8s la plong\u00e9e, il se peut qu'il y ait un probl\u00e8me. Dites au responsable de la plong\u00e9e et \u00e0 votre bin\u00f4me ce que vous ressentez et demandez conseil. N'oubliez pas que le d\u00e9ni peut parfois compliquer une blessure, m\u00eame l\u00e9g\u00e8re. DAN est toujours disponible si vous avez des sympt\u00f4mes apr\u00e8s une plong\u00e9e.<\/p>\n\n\n\n<p class=\"translation-block\"><strong><span style=\"color: #e20e39\" class=\"stk-highlight\">Premiers Soins<\/span>:<\/strong>\u00a0Des premiers soins imm\u00e9diats et appropri\u00e9s peuvent am\u00e9liorer ou r\u00e9soudre les sympt\u00f4mes avant que vous n'arriviez \u00e0 l'h\u00f4pital. Dans les endroits isol\u00e9s, l'oxyg\u00e8ne de premier secours peut \u00eatre la seule aide que les plongeurs peuvent attendre et est donc tr\u00e8s important.<\/p>\n\n\n\n<p class=\"translation-block\"><strong><span style=\"color: #e20e39\" class=\"stk-highlight\">Treatment<\/span>:<\/strong> La gestion des accidents de plong\u00e9e, le diagnostic, le traitement appropri\u00e9 et la reprise de la plong\u00e9e apr\u00e8s une gu\u00e9rison sont des sujets d'int\u00e9r\u00eat pour la recherche DAN. Lorsque les preuves ne suffisent pas \u00e0 \u00e9tablir les meilleures pratiques, nous convoquons des experts pour discuter des probl\u00e8mes et fournir des conseils sur la base d'un consensus d'experts. \u00a0\u00a0<\/p>\n\n\n\n<div style=\"height:50px\" aria-hidden=\"true\" class=\"wp-block-spacer\"><\/div>\n\n\n\n<hr class=\"wp-block-separator\"\/>\n\n\n\n<div style=\"height:50px\" aria-hidden=\"true\" class=\"wp-block-spacer\"><\/div>\n\n\n\n<h1 class=\"has-text-align-center wp-block-heading\">Les Ateliers DAN<\/h1>\n\n\n\n<div class=\"wp-block-columns is-layout-flex wp-container-core-columns-is-layout-9d6595d7 wp-block-columns-is-layout-flex\">\n<div class=\"wp-block-column is-layout-flow wp-block-column-is-layout-flow\">\n<div class=\"wp-block-image\"><figure class=\"aligncenter size-medium\"><img decoding=\"async\" src=\"https:\/\/world.dan.org\/wp-content\/uploads\/2021\/06\/RemoteWrkshpFinal05-1-278x360.jpg\" alt=\"\" class=\"wp-image-17000\"\/><\/figure><\/div>\n\n\n\n<p class=\"has-text-align-center\">Prise en Charge de la Maladie de D\u00e9compression L\u00e9g\u00e8re ou Marginale dans les R\u00e9gions Eloign\u00e9es<\/p>\n\n\n\n<div class=\"wp-block-buttons is-horizontal is-content-justification-center is-layout-flex wp-container-core-buttons-is-layout-499968f5 wp-block-buttons-is-layout-flex\">\n<div class=\"wp-block-button has-custom-width wp-block-button__width-50 is-style-outline is-style-outline--1\"><a class=\"wp-block-button__link has-dan-white-color has-dan-red-400-background-color has-text-color has-background\" href=\"https:\/\/world.dan.org\/wp-content\/uploads\/2021\/06\/RemoteWrkshpFinal05-1.pdf\" style=\"border-radius:5px\" target=\"_blank\" rel=\"noreferrer noopener\">T\u00e9l\u00e9charger<\/a><\/div>\n<\/div>\n\n\n\n<p><\/p>\n<\/div>\n\n\n\n<div class=\"wp-block-column is-layout-flow wp-block-column-is-layout-flow\">\n<div class=\"wp-block-image\"><figure class=\"aligncenter size-medium\"><img loading=\"lazy\" decoding=\"async\" width=\"283\" height=\"360\" src=\"https:\/\/world.dan.org\/wp-content\/uploads\/2021\/06\/2018-Differential-Diagnosis-283x360.jpg\" alt=\"\" class=\"wp-image-17004\" srcset=\"https:\/\/world.dan.org\/wp-content\/uploads\/2021\/06\/2018-Differential-Diagnosis-283x360.jpg 283w, https:\/\/world.dan.org\/wp-content\/uploads\/2021\/06\/2018-Differential-Diagnosis-804x1024.jpg 804w, https:\/\/world.dan.org\/wp-content\/uploads\/2021\/06\/2018-Differential-Diagnosis-768x978.jpg 768w, https:\/\/world.dan.org\/wp-content\/uploads\/2021\/06\/2018-Differential-Diagnosis-1206x1536.jpg 1206w, https:\/\/world.dan.org\/wp-content\/uploads\/2021\/06\/2018-Differential-Diagnosis-9x12.jpg 9w, https:\/\/world.dan.org\/wp-content\/uploads\/2021\/06\/2018-Differential-Diagnosis-628x800.jpg 628w, https:\/\/world.dan.org\/wp-content\/uploads\/2021\/06\/2018-Differential-Diagnosis.jpg 1363w\" sizes=\"auto, (max-width: 283px) 100vw, 283px\" \/><\/figure><\/div>\n\n\n\n<p class=\"has-text-align-center translation-block\">Diagnostic Diff\u00e9rentiel de la <br>Maladie de D\u00e9compression<\/p>\n\n\n\n<div class=\"wp-block-buttons is-horizontal is-content-justification-center is-layout-flex wp-container-core-buttons-is-layout-499968f5 wp-block-buttons-is-layout-flex\">\n<div class=\"wp-block-button is-style-outline is-style-outline--2\"><a class=\"wp-block-button__link has-dan-white-color has-dan-red-400-background-color has-text-color has-background\" href=\"https:\/\/world.dan.org\/wp-content\/uploads\/2021\/06\/2018-proceedings-differential-diagnosis-final2.pdf\" style=\"border-radius:5px\" target=\"_blank\" rel=\"noreferrer noopener\">T\u00e9l\u00e9charger<\/a><\/div>\n<\/div>\n<\/div>\n\n\n\n<div class=\"wp-block-column is-layout-flow wp-block-column-is-layout-flow\">\n<div class=\"wp-block-image\"><figure class=\"aligncenter size-medium\"><img decoding=\"async\" src=\"https:\/\/world.dan.org\/wp-content\/uploads\/2021\/06\/2019-Treatment-of-DCI-Copy-278x360.jpg\" alt=\"\" class=\"wp-image-17005\"\/><\/figure><\/div>\n\n\n\n<p class=\"has-text-align-center\">Traitement de la Maladie de D\u00e9compression en Plong\u00e9e de Loisir : Diff\u00e9rences dans les Pratiques de Traitement Actuelles et Possibilit\u00e9s de Conciliation<\/p>\n\n\n\n<div class=\"wp-block-buttons is-horizontal is-content-justification-center is-layout-flex wp-container-core-buttons-is-layout-499968f5 wp-block-buttons-is-layout-flex\">\n<div class=\"wp-block-button is-style-fill\"><a class=\"wp-block-button__link has-dan-white-color has-dan-red-400-background-color has-text-color has-background\" href=\"https:\/\/world.dan.org\/wp-content\/uploads\/2021\/08\/2019-pre-course-proceedings-web.pdf\" style=\"border-radius:5px\" target=\"_blank\" rel=\"noreferrer noopener\">T\u00e9l\u00e9charger<\/a><\/div>\n<\/div>\n<\/div>\n<\/div>\n\n\n\n<h2 class=\"wp-block-heading\">Lire aussi...<\/h2>\n\n\n\n<div class=\"wp-block-columns is-layout-flex wp-container-core-columns-is-layout-9d6595d7 wp-block-columns-is-layout-flex\">\n<div class=\"wp-block-column is-layout-flow wp-block-column-is-layout-flow\">\n<figure class=\"wp-block-image size-large\"><img loading=\"lazy\" decoding=\"async\" width=\"800\" height=\"500\" src=\"https:\/\/world.dan.org\/wp-content\/uploads\/2021\/06\/DCI_1138252622-800x500-1.jpg\" alt=\"\" class=\"wp-image-17353\" srcset=\"https:\/\/world.dan.org\/wp-content\/uploads\/2021\/06\/DCI_1138252622-800x500-1.jpg 800w, https:\/\/world.dan.org\/wp-content\/uploads\/2021\/06\/DCI_1138252622-800x500-1-360x225.jpg 360w, https:\/\/world.dan.org\/wp-content\/uploads\/2021\/06\/DCI_1138252622-800x500-1-768x480.jpg 768w, https:\/\/world.dan.org\/wp-content\/uploads\/2021\/06\/DCI_1138252622-800x500-1-18x12.jpg 18w\" sizes=\"auto, (max-width: 800px) 100vw, 800px\" \/><\/figure>\n<\/div>\n\n\n\n<div class=\"wp-block-column is-vertically-aligned-center is-layout-flow wp-block-column-is-layout-flow\">\n<h3 class=\"wp-block-heading\" style=\"font-size:24px\">Prise en charge Pr\u00e9-Hospitali\u00e8re de la Maladie de D\u00e9compression : Examen par des Experts des Principes Cl\u00e9s et des Controverses<\/h3>\n\n\n\n<p><a href=\"https:\/\/pubmed.ncbi.nlm.nih.gov\/29557102\/\">En savoir plus<\/a><\/p>\n<\/div>\n<\/div>","protected":false},"excerpt":{"rendered":"<p>Most injuries in diving are mild and not necessarily apparent to others. If you do not feel well after dive,  something may be wrong with you.<\/p>","protected":false},"author":14,"featured_media":17331,"parent":16945,"menu_order":45,"comment_status":"closed","ping_status":"closed","template":"","meta":{"_acf_changed":false,"_ef_editorial_meta_date_first-draft-date":"","_ef_editorial_meta_paragraph_assignment":"","_ef_editorial_meta_checkbox_needs-photo":"","_ef_editorial_meta_number_word-count":"","footnotes":""},"class_list":["post-16991","page","type-page","status-publish","has-post-thumbnail","hentry"],"acf":[],"yoast_head":"<!-- This site is optimized with the Yoast SEO Premium plugin v27.0 (Yoast SEO v27.2) - https:\/\/yoast.com\/product\/yoast-seo-premium-wordpress\/ -->\n<title>Best Treatment Practices for Diving Injuries - DAN World<\/title>\n<meta name=\"description\" content=\"Most injuries in diving are mild and not necessarily apparent to others. If you do not feel well after dive, something may be wrong. Tell the dive supervisor and your buddy how you feel and seek advice.\" \/>\n<meta name=\"robots\" content=\"index, follow, max-snippet:-1, max-image-preview:large, max-video-preview:-1\" \/>\n<link rel=\"canonical\" href=\"https:\/\/world.dan.org\/fr\/research\/best-treatment-practices-for-diving-injuries\/\" \/>\n<meta property=\"og:locale\" content=\"fr_CA\" \/>\n<meta property=\"og:type\" content=\"article\" \/>\n<meta property=\"og:title\" content=\"Best Treatment Practices for Diving Injuries\" \/>\n<meta property=\"og:description\" content=\"Most injuries in diving are mild and not necessarily apparent to others. If you do not feel well after dive, something may be wrong. Tell the dive supervisor and your buddy how you feel and seek advice.\" \/>\n<meta property=\"og:url\" content=\"https:\/\/world.dan.org\/fr\/research\/best-treatment-practices-for-diving-injuries\/\" \/>\n<meta property=\"og:site_name\" content=\"DAN World\" \/>\n<meta property=\"article:modified_time\" content=\"2022-08-19T18:39:55+00:00\" \/>\n<meta property=\"og:image\" content=\"https:\/\/world.dan.org\/wp-content\/uploads\/2020\/07\/diagnosing-decompression-sickness-11346505-DAN-1200x700-1.jpg\" \/>\n\t<meta property=\"og:image:width\" content=\"1200\" \/>\n\t<meta property=\"og:image:height\" content=\"700\" \/>\n\t<meta property=\"og:image:type\" content=\"image\/jpeg\" \/>\n<meta name=\"twitter:card\" content=\"summary_large_image\" \/>\n<meta name=\"twitter:title\" content=\"Best Treatment Practices for Diving Injuries\" \/>\n<meta name=\"twitter:description\" content=\"Most injuries in diving are mild and not necessarily apparent to others. If you do not feel well after dive, something may be wrong. Tell the dive supervisor and your buddy how you feel and seek advice.\" \/>\n<meta name=\"twitter:image\" content=\"https:\/\/world.dan.org\/wp-content\/uploads\/2020\/07\/diagnosing-decompression-sickness-11346505-DAN-1200x700-1.jpg\" \/>\n<meta name=\"twitter:label1\" content=\"Est. reading time\" \/>\n\t<meta name=\"twitter:data1\" content=\"2 minutes\" \/>\n<script type=\"application\/ld+json\" class=\"yoast-schema-graph\">{\"@context\":\"https:\/\/schema.org\",\"@graph\":[{\"@type\":\"WebPage\",\"@id\":\"https:\/\/world.dan.org\/research\/best-treatment-practices-for-diving-injuries\/\",\"url\":\"https:\/\/world.dan.org\/research\/best-treatment-practices-for-diving-injuries\/\",\"name\":\"Best Treatment Practices for Diving Injuries - DAN World\",\"isPartOf\":{\"@id\":\"https:\/\/world.dan.org\/es\/#website\"},\"primaryImageOfPage\":{\"@id\":\"https:\/\/world.dan.org\/research\/best-treatment-practices-for-diving-injuries\/#primaryimage\"},\"image\":{\"@id\":\"https:\/\/world.dan.org\/research\/best-treatment-practices-for-diving-injuries\/#primaryimage\"},\"thumbnailUrl\":\"https:\/\/world.dan.org\/wp-content\/uploads\/2021\/06\/diagnosing-decompression-sickness-11346505-DAN-1200x600-1.jpg\",\"datePublished\":\"2021-06-10T23:44:17+00:00\",\"dateModified\":\"2022-08-19T18:39:55+00:00\",\"description\":\"Most injuries in diving are mild and not necessarily apparent to others. If you do not feel well after dive, something may be wrong. Tell the dive supervisor and your buddy how you feel and seek advice.\",\"breadcrumb\":{\"@id\":\"https:\/\/world.dan.org\/research\/best-treatment-practices-for-diving-injuries\/#breadcrumb\"},\"inLanguage\":\"fr-CA\",\"potentialAction\":[{\"@type\":\"ReadAction\",\"target\":[\"https:\/\/world.dan.org\/research\/best-treatment-practices-for-diving-injuries\/\"]}]},{\"@type\":\"ImageObject\",\"inLanguage\":\"fr-CA\",\"@id\":\"https:\/\/world.dan.org\/research\/best-treatment-practices-for-diving-injuries\/#primaryimage\",\"url\":\"https:\/\/world.dan.org\/wp-content\/uploads\/2021\/06\/diagnosing-decompression-sickness-11346505-DAN-1200x600-1.jpg\",\"contentUrl\":\"https:\/\/world.dan.org\/wp-content\/uploads\/2021\/06\/diagnosing-decompression-sickness-11346505-DAN-1200x600-1.jpg\",\"width\":1200,\"height\":600},{\"@type\":\"BreadcrumbList\",\"@id\":\"https:\/\/world.dan.org\/research\/best-treatment-practices-for-diving-injuries\/#breadcrumb\",\"itemListElement\":[{\"@type\":\"ListItem\",\"position\":1,\"name\":\"Home\",\"item\":\"https:\/\/world.dan.org\/\"},{\"@type\":\"ListItem\",\"position\":2,\"name\":\"DAN Research\",\"item\":\"https:\/\/world.dan.org\/research\/\"},{\"@type\":\"ListItem\",\"position\":3,\"name\":\"Best Treatment Practices for Diving Injuries\"}]},{\"@type\":\"WebSite\",\"@id\":\"https:\/\/world.dan.org\/es\/#website\",\"url\":\"https:\/\/world.dan.org\/es\/\",\"name\":\"DAN World\",\"description\":\"\",\"publisher\":{\"@id\":\"https:\/\/world.dan.org\/es\/#organization\"},\"potentialAction\":[{\"@type\":\"SearchAction\",\"target\":{\"@type\":\"EntryPoint\",\"urlTemplate\":\"https:\/\/world.dan.org\/es\/?s={search_term_string}\"},\"query-input\":{\"@type\":\"PropertyValueSpecification\",\"valueRequired\":true,\"valueName\":\"search_term_string\"}}],\"inLanguage\":\"fr-CA\"},{\"@type\":\"Organization\",\"@id\":\"https:\/\/world.dan.org\/es\/#organization\",\"name\":\"DAN World\",\"url\":\"https:\/\/world.dan.org\/es\/\",\"logo\":{\"@type\":\"ImageObject\",\"inLanguage\":\"fr-CA\",\"@id\":\"https:\/\/world.dan.org\/es\/#\/schema\/logo\/image\/\",\"url\":\"https:\/\/world.dan.org\/wp-content\/uploads\/2022\/04\/DAN-World-logo-sm-52px.svg\",\"contentUrl\":\"https:\/\/world.dan.org\/wp-content\/uploads\/2022\/04\/DAN-World-logo-sm-52px.svg\",\"width\":175,\"height\":52,\"caption\":\"DAN World\"},\"image\":{\"@id\":\"https:\/\/world.dan.org\/es\/#\/schema\/logo\/image\/\"}}]}<\/script>\n<!-- \/ Yoast SEO Premium plugin. -->","yoast_head_json":{"title":"Meilleures pratiques de traitement des blessures en plong\u00e9e - DAN World","description":"La plupart des blessures li\u00e9es \u00e0 la plong\u00e9e sont b\u00e9nignes et ne sont pas n\u00e9cessairement visibles pour les autres. Si vous ne vous sentez pas bien apr\u00e8s la plong\u00e9e, il y a peut-\u00eatre un probl\u00e8me. Dites au responsable de la plong\u00e9e et \u00e0 votre bin\u00f4me ce que vous ressentez et demandez conseil.","robots":{"index":"index","follow":"follow","max-snippet":"max-snippet:-1","max-image-preview":"max-image-preview:large","max-video-preview":"max-video-preview:-1"},"canonical":"https:\/\/world.dan.org\/fr\/research\/best-treatment-practices-for-diving-injuries\/","og_locale":"fr_CA","og_type":"article","og_title":"Best Treatment Practices for Diving Injuries","og_description":"Most injuries in diving are mild and not necessarily apparent to others. If you do not feel well after dive, something may be wrong. Tell the dive supervisor and your buddy how you feel and seek advice.","og_url":"https:\/\/world.dan.org\/fr\/research\/best-treatment-practices-for-diving-injuries\/","og_site_name":"DAN World","article_modified_time":"2022-08-19T18:39:55+00:00","og_image":[{"width":1200,"height":700,"url":"https:\/\/world.dan.org\/wp-content\/uploads\/2020\/07\/diagnosing-decompression-sickness-11346505-DAN-1200x700-1.jpg","type":"image\/jpeg"}],"twitter_card":"summary_large_image","twitter_title":"Best Treatment Practices for Diving Injuries","twitter_description":"Most injuries in diving are mild and not necessarily apparent to others. If you do not feel well after dive, something may be wrong. Tell the dive supervisor and your buddy how you feel and seek advice.","twitter_image":"https:\/\/world.dan.org\/wp-content\/uploads\/2020\/07\/diagnosing-decompression-sickness-11346505-DAN-1200x700-1.jpg","twitter_misc":{"Est. reading time":"2 minutes"},"schema":{"@context":"https:\/\/schema.org","@graph":[{"@type":"WebPage","@id":"https:\/\/world.dan.org\/research\/best-treatment-practices-for-diving-injuries\/","url":"https:\/\/world.dan.org\/research\/best-treatment-practices-for-diving-injuries\/","name":"Meilleures pratiques de traitement des blessures en plong\u00e9e - DAN World","isPartOf":{"@id":"https:\/\/world.dan.org\/es\/#website"},"primaryImageOfPage":{"@id":"https:\/\/world.dan.org\/research\/best-treatment-practices-for-diving-injuries\/#primaryimage"},"image":{"@id":"https:\/\/world.dan.org\/research\/best-treatment-practices-for-diving-injuries\/#primaryimage"},"thumbnailUrl":"https:\/\/world.dan.org\/wp-content\/uploads\/2021\/06\/diagnosing-decompression-sickness-11346505-DAN-1200x600-1.jpg","datePublished":"2021-06-10T23:44:17+00:00","dateModified":"2022-08-19T18:39:55+00:00","description":"La plupart des blessures li\u00e9es \u00e0 la plong\u00e9e sont b\u00e9nignes et ne sont pas n\u00e9cessairement visibles pour les autres. Si vous ne vous sentez pas bien apr\u00e8s la plong\u00e9e, il y a peut-\u00eatre un probl\u00e8me. Dites au responsable de la plong\u00e9e et \u00e0 votre bin\u00f4me ce que vous ressentez et demandez conseil.","breadcrumb":{"@id":"https:\/\/world.dan.org\/research\/best-treatment-practices-for-diving-injuries\/#breadcrumb"},"inLanguage":"fr-CA","potentialAction":[{"@type":"ReadAction","target":["https:\/\/world.dan.org\/research\/best-treatment-practices-for-diving-injuries\/"]}]},{"@type":"ImageObject","inLanguage":"fr-CA","@id":"https:\/\/world.dan.org\/research\/best-treatment-practices-for-diving-injuries\/#primaryimage","url":"https:\/\/world.dan.org\/wp-content\/uploads\/2021\/06\/diagnosing-decompression-sickness-11346505-DAN-1200x600-1.jpg","contentUrl":"https:\/\/world.dan.org\/wp-content\/uploads\/2021\/06\/diagnosing-decompression-sickness-11346505-DAN-1200x600-1.jpg","width":1200,"height":600},{"@type":"BreadcrumbList","@id":"https:\/\/world.dan.org\/research\/best-treatment-practices-for-diving-injuries\/#breadcrumb","itemListElement":[{"@type":"ListItem","position":1,"name":"Home","item":"https:\/\/world.dan.org\/"},{"@type":"ListItem","position":2,"name":"DAN Research","item":"https:\/\/world.dan.org\/research\/"},{"@type":"ListItem","position":3,"name":"Best Treatment Practices for Diving Injuries"}]},{"@type":"WebSite","@id":"https:\/\/world.dan.org\/es\/#website","url":"https:\/\/world.dan.org\/es\/","name":"DAN World","description":"","publisher":{"@id":"https:\/\/world.dan.org\/es\/#organization"},"potentialAction":[{"@type":"SearchAction","target":{"@type":"EntryPoint","urlTemplate":"https:\/\/world.dan.org\/es\/?s={search_term_string}"},"query-input":{"@type":"PropertyValueSpecification","valueRequired":true,"valueName":"search_term_string"}}],"inLanguage":"fr-CA"},{"@type":"Organization","@id":"https:\/\/world.dan.org\/es\/#organization","name":"DAN World","url":"https:\/\/world.dan.org\/es\/","logo":{"@type":"ImageObject","inLanguage":"fr-CA","@id":"https:\/\/world.dan.org\/es\/#\/schema\/logo\/image\/","url":"https:\/\/world.dan.org\/wp-content\/uploads\/2022\/04\/DAN-World-logo-sm-52px.svg","contentUrl":"https:\/\/world.dan.org\/wp-content\/uploads\/2022\/04\/DAN-World-logo-sm-52px.svg","width":175,"height":52,"caption":"DAN World"},"image":{"@id":"https:\/\/world.dan.org\/es\/#\/schema\/logo\/image\/"}}]}},"_links":{"self":[{"href":"https:\/\/world.dan.org\/fr\/wp-json\/wp\/v2\/pages\/16991","targetHints":{"allow":["GET"]}}],"collection":[{"href":"https:\/\/world.dan.org\/fr\/wp-json\/wp\/v2\/pages"}],"about":[{"href":"https:\/\/world.dan.org\/fr\/wp-json\/wp\/v2\/types\/page"}],"author":[{"embeddable":true,"href":"https:\/\/world.dan.org\/fr\/wp-json\/wp\/v2\/users\/14"}],"replies":[{"embeddable":true,"href":"https:\/\/world.dan.org\/fr\/wp-json\/wp\/v2\/comments?post=16991"}],"version-history":[{"count":0,"href":"https:\/\/world.dan.org\/fr\/wp-json\/wp\/v2\/pages\/16991\/revisions"}],"up":[{"embeddable":true,"href":"https:\/\/world.dan.org\/fr\/wp-json\/wp\/v2\/pages\/16945"}],"wp:featuredmedia":[{"embeddable":true,"href":"https:\/\/world.dan.org\/fr\/wp-json\/wp\/v2\/media\/17331"}],"wp:attachment":[{"href":"https:\/\/world.dan.org\/fr\/wp-json\/wp\/v2\/media?parent=16991"}],"curies":[{"name":"wp","href":"https:\/\/api.w.org\/{rel}","templated":true}]}}