{"id":18768,"date":"2021-08-30T16:49:10","date_gmt":"2021-08-30T20:49:10","guid":{"rendered":"https:\/\/wordpress.world.dan.org\/?page_id=18768"},"modified":"2022-06-17T12:01:40","modified_gmt":"2022-06-17T16:01:40","slug":"guidelines-for-lifelong-medical-fitness-to-dive-evaluation","status":"publish","type":"page","link":"https:\/\/world.dan.org\/fr\/health-medicine\/health-resources\/guidelines-for-lifelong-medical-fitness-to-dive-evaluation\/","title":{"rendered":"Guide d'\u00e9valuation de l'aptitude m\u00e9dicale \u00e0 la plong\u00e9e tout au long de la vie."},"content":{"rendered":"<div style=\"height:100px\" aria-hidden=\"true\" class=\"wp-block-spacer\"><\/div>\n\n\n\n<p><a href=\"https:\/\/www.addtoany.com\/share#url=https%3A%2F%2Fworld.dan.org%2Fsafety-prevention%2Fdiver-safety%2Fdivers-blog%2Fschedule-for-lifelong-medical-fitness-to-dive-evaluation%2F&amp;title=Guidelines%20for%20Lifelong%20Medical%20Fitness%20to%20Dive%20Evaluation\">Partager<\/a><\/p>\n\n\n\n<p class=\"translation-block\">Afin de promouvoir l'aptitude m\u00e9dicale des plongeurs \u00e0 plonger tout au long de leur vie, Divers Alert Network\u00ae (DAN\u00ae) a cr\u00e9\u00e9 et publi\u00e9 les <em>Directives pour l'aptitude m\u00e9dicale \u00e0 plonger tout au long de la vie<\/em>. Ce document, destin\u00e9 \u00e0 \u00eatre utilis\u00e9 par les plongeurs, les professionnels de la plong\u00e9e et les m\u00e9decins, \u00e9tablit un calendrier pour les questionnaires m\u00e9dicaux et les \u00e9valuations physiques en fonction de l'\u00e2ge et d'autres facteurs.<\/p>\n\n\n\n<figure class=\"wp-block-image\"><img loading=\"lazy\" decoding=\"async\" width=\"800\" height=\"685\" src=\"https:\/\/world.dan.org\/wp-content\/uploads\/2024\/10\/Grille-evalation-aptitude-medicale.png\" alt=\"\" class=\"wp-image-16734\" srcset=\"https:\/\/world.dan.org\/wp-content\/uploads\/2024\/10\/Grille-evalation-aptitude-medicale.png 1122w, https:\/\/world.dan.org\/wp-content\/uploads\/2024\/10\/Grille-evalation-aptitude-medicale-360x338.png 360w, https:\/\/world.dan.org\/wp-content\/uploads\/2024\/10\/Grille-evalation-aptitude-medicale-1024x960.png 1024w, https:\/\/world.dan.org\/wp-content\/uploads\/2024\/10\/Grille-evalation-aptitude-medicale-768x720.png 768w, https:\/\/world.dan.org\/wp-content\/uploads\/2024\/10\/Grille-evalation-aptitude-medicale-13x12.png 13w, https:\/\/world.dan.org\/wp-content\/uploads\/2024\/10\/Grille-evalation-aptitude-medicale-853x800.png 853w\" sizes=\"auto, (max-width: 800px) 100vw, 800px\" \/><\/figure>\n\n\n\n<figure class=\"wp-block-image\"><img loading=\"lazy\" decoding=\"async\" width=\"800\" height=\"1000\" src=\"https:\/\/world.dan.org\/wp-content\/uploads\/2020\/08\/Schedule-Med-Fit-Dive-Eval-web-guide.jpg\" alt=\"\" class=\"wp-image-16735\" srcset=\"https:\/\/world.dan.org\/wp-content\/uploads\/2020\/08\/Schedule-Med-Fit-Dive-Eval-web-guide.jpg 800w, https:\/\/world.dan.org\/wp-content\/uploads\/2020\/08\/Schedule-Med-Fit-Dive-Eval-web-guide-288x360.jpg 288w, https:\/\/world.dan.org\/wp-content\/uploads\/2020\/08\/Schedule-Med-Fit-Dive-Eval-web-guide-768x960.jpg 768w, https:\/\/world.dan.org\/wp-content\/uploads\/2020\/08\/Schedule-Med-Fit-Dive-Eval-web-guide-10x12.jpg 10w, https:\/\/world.dan.org\/wp-content\/uploads\/2020\/08\/Schedule-Med-Fit-Dive-Eval-web-guide-640x800.jpg 640w\" sizes=\"auto, (max-width: 800px) 100vw, 800px\" \/><\/figure>\n\n\n\n<div style=\"height:30px\" aria-hidden=\"true\" class=\"wp-block-spacer\"><\/div>\n\n\n\n<div class=\"wp-block-buttons is-horizontal is-content-justification-center is-layout-flex wp-container-core-buttons-is-layout-499968f5 wp-block-buttons-is-layout-flex\">\n<div class=\"wp-block-button\"><a class=\"wp-block-button__link has-dan-red-400-background-color has-background\" href=\"https:\/\/world.dan.org\/wp-content\/uploads\/2020\/08\/Schedule-Med-Fit-Dive-Eval-2-1-21.pdf\" style=\"border-radius:5px\">Programme-d\u2019\u00e9valuation-m\u00e9dicale-apte-\u00e0-plonger-2-1-21T\u00e9l\u00e9charger<\/a><\/div>\n<\/div>","protected":false},"excerpt":{"rendered":"<p>Le Guide DAN pour l'\u00e9valuation de l'aptitude m\u00e9dicale \u00e0 la plong\u00e9e tout au long de la vie \u00e9tablit un calendrier de questionnaires m\u00e9dicaux et d'\u00e9valuations physiques en fonction de l'\u00e2ge et d'autres facteurs pertinents, et encourage ainsi l'initiative de maintenir une aptitude \u00e0 la plong\u00e9e tout au long de la vie.<\/p>","protected":false},"author":19,"featured_media":17868,"parent":37,"menu_order":60,"comment_status":"closed","ping_status":"closed","template":"templates\/page-landing-2.php","meta":{"_acf_changed":false,"_ef_editorial_meta_date_first-draft-date":"","_ef_editorial_meta_paragraph_assignment":"","_ef_editorial_meta_checkbox_needs-photo":"","_ef_editorial_meta_number_word-count":"","footnotes":""},"class_list":["post-18768","page","type-page","status-publish","has-post-thumbnail","hentry"],"acf":[],"yoast_head":"<!-- This site is optimized with the Yoast SEO Premium plugin v27.4 (Yoast SEO v27.4) - https:\/\/yoast.com\/product\/yoast-seo-premium-wordpress\/ -->\n<title>Guidelines for Lifelong Medical Fitness to Dive - DAN World<\/title>\n<meta name=\"description\" content=\"To promote divers\u2019 medical fitness to dive throughout their lives, DAN created and published the Guidelines for Lifelong Medical Fitness to Dive.\" \/>\n<meta name=\"robots\" content=\"index, follow, max-snippet:-1, max-image-preview:large, max-video-preview:-1\" \/>\n<link rel=\"canonical\" href=\"https:\/\/world.dan.org\/fr\/health-medicine\/health-resources\/guidelines-for-lifelong-medical-fitness-to-dive-evaluation\/\" \/>\n<meta property=\"og:locale\" content=\"fr_CA\" \/>\n<meta property=\"og:type\" content=\"article\" \/>\n<meta property=\"og:title\" content=\"Guidelines for Lifelong Medical Fitness to Dive\" \/>\n<meta property=\"og:description\" content=\"To promote divers\u2019 medical fitness to dive throughout their lives, DAN created and published the Guidelines for Lifelong Medical Fitness to Dive.\" \/>\n<meta property=\"og:url\" content=\"https:\/\/world.dan.org\/fr\/health-medicine\/health-resources\/guidelines-for-lifelong-medical-fitness-to-dive-evaluation\/\" \/>\n<meta property=\"og:site_name\" content=\"DAN World\" \/>\n<meta property=\"article:modified_time\" content=\"2022-06-17T16:01:40+00:00\" \/>\n<meta property=\"og:image\" content=\"https:\/\/world.dan.org\/wp-content\/uploads\/2020\/08\/doctor-patient-consult-1134447453-1200x600-1.jpg\" \/>\n\t<meta property=\"og:image:width\" content=\"1200\" \/>\n\t<meta property=\"og:image:height\" content=\"600\" \/>\n\t<meta property=\"og:image:type\" content=\"image\/jpeg\" \/>\n<meta name=\"twitter:card\" content=\"summary_large_image\" \/>\n<meta name=\"twitter:title\" content=\"Guidelines for Lifelong Medical Fitness to Dive\" \/>\n<meta name=\"twitter:description\" content=\"To promote divers\u2019 medical fitness to dive throughout their lives, DAN created and published the Guidelines for Lifelong Medical Fitness to Dive.\" \/>\n<meta name=\"twitter:image\" content=\"https:\/\/world.dan.org\/wp-content\/uploads\/2020\/08\/doctor-patient-consult-1134447453-1200x600-1.jpg\" \/>\n<meta name=\"twitter:label1\" content=\"Est. reading time\" \/>\n\t<meta name=\"twitter:data1\" content=\"1 minute\" \/>\n<script type=\"application\/ld+json\" class=\"yoast-schema-graph\">{\"@context\":\"https:\\\/\\\/schema.org\",\"@graph\":[{\"@type\":\"WebPage\",\"@id\":\"https:\\\/\\\/world.dan.org\\\/health-medicine\\\/health-resources\\\/guidelines-for-lifelong-medical-fitness-to-dive-evaluation\\\/\",\"url\":\"https:\\\/\\\/world.dan.org\\\/health-medicine\\\/health-resources\\\/guidelines-for-lifelong-medical-fitness-to-dive-evaluation\\\/\",\"name\":\"Guidelines for Lifelong Medical Fitness to Dive - DAN World\",\"isPartOf\":{\"@id\":\"https:\\\/\\\/world.dan.org\\\/es\\\/#website\"},\"primaryImageOfPage\":{\"@id\":\"https:\\\/\\\/world.dan.org\\\/health-medicine\\\/health-resources\\\/guidelines-for-lifelong-medical-fitness-to-dive-evaluation\\\/#primaryimage\"},\"image\":{\"@id\":\"https:\\\/\\\/world.dan.org\\\/health-medicine\\\/health-resources\\\/guidelines-for-lifelong-medical-fitness-to-dive-evaluation\\\/#primaryimage\"},\"thumbnailUrl\":\"https:\\\/\\\/world.dan.org\\\/wp-content\\\/uploads\\\/2020\\\/08\\\/doctor-patient-consult-1134447453-1200x600-1.jpg\",\"datePublished\":\"2021-08-30T20:49:10+00:00\",\"dateModified\":\"2022-06-17T16:01:40+00:00\",\"description\":\"To promote divers\u2019 medical fitness to dive throughout their lives, DAN created and published the Guidelines for Lifelong Medical Fitness to Dive.\",\"breadcrumb\":{\"@id\":\"https:\\\/\\\/world.dan.org\\\/health-medicine\\\/health-resources\\\/guidelines-for-lifelong-medical-fitness-to-dive-evaluation\\\/#breadcrumb\"},\"inLanguage\":\"fr-CA\",\"potentialAction\":[{\"@type\":\"ReadAction\",\"target\":[\"https:\\\/\\\/world.dan.org\\\/health-medicine\\\/health-resources\\\/guidelines-for-lifelong-medical-fitness-to-dive-evaluation\\\/\"]}]},{\"@type\":\"ImageObject\",\"inLanguage\":\"fr-CA\",\"@id\":\"https:\\\/\\\/world.dan.org\\\/health-medicine\\\/health-resources\\\/guidelines-for-lifelong-medical-fitness-to-dive-evaluation\\\/#primaryimage\",\"url\":\"https:\\\/\\\/world.dan.org\\\/wp-content\\\/uploads\\\/2020\\\/08\\\/doctor-patient-consult-1134447453-1200x600-1.jpg\",\"contentUrl\":\"https:\\\/\\\/world.dan.org\\\/wp-content\\\/uploads\\\/2020\\\/08\\\/doctor-patient-consult-1134447453-1200x600-1.jpg\",\"width\":1200,\"height\":600,\"caption\":\"Shot of a doctor using a digital tablet while having a consultation with a patient in his office\"},{\"@type\":\"BreadcrumbList\",\"@id\":\"https:\\\/\\\/world.dan.org\\\/health-medicine\\\/health-resources\\\/guidelines-for-lifelong-medical-fitness-to-dive-evaluation\\\/#breadcrumb\",\"itemListElement\":[{\"@type\":\"ListItem\",\"position\":1,\"name\":\"Home\",\"item\":\"https:\\\/\\\/world.dan.org\\\/\"},{\"@type\":\"ListItem\",\"position\":2,\"name\":\"Health &amp; Medicine\",\"item\":\"https:\\\/\\\/world.dan.org\\\/health-medicine\\\/\"},{\"@type\":\"ListItem\",\"position\":3,\"name\":\"Health Resources\",\"item\":\"https:\\\/\\\/world.dan.org\\\/health-medicine\\\/health-resources\\\/\"},{\"@type\":\"ListItem\",\"position\":4,\"name\":\"Guidelines for Lifelong Medical Fitness to Dive\"}]},{\"@type\":\"WebSite\",\"@id\":\"https:\\\/\\\/world.dan.org\\\/es\\\/#website\",\"url\":\"https:\\\/\\\/world.dan.org\\\/es\\\/\",\"name\":\"DAN World\",\"description\":\"\",\"publisher\":{\"@id\":\"https:\\\/\\\/world.dan.org\\\/es\\\/#organization\"},\"potentialAction\":[{\"@type\":\"SearchAction\",\"target\":{\"@type\":\"EntryPoint\",\"urlTemplate\":\"https:\\\/\\\/world.dan.org\\\/es\\\/?s={search_term_string}\"},\"query-input\":{\"@type\":\"PropertyValueSpecification\",\"valueRequired\":true,\"valueName\":\"search_term_string\"}}],\"inLanguage\":\"fr-CA\"},{\"@type\":\"Organization\",\"@id\":\"https:\\\/\\\/world.dan.org\\\/es\\\/#organization\",\"name\":\"DAN World\",\"url\":\"https:\\\/\\\/world.dan.org\\\/es\\\/\",\"logo\":{\"@type\":\"ImageObject\",\"inLanguage\":\"fr-CA\",\"@id\":\"https:\\\/\\\/world.dan.org\\\/es\\\/#\\\/schema\\\/logo\\\/image\\\/\",\"url\":\"https:\\\/\\\/world.dan.org\\\/wp-content\\\/uploads\\\/2022\\\/04\\\/DAN-World-logo-sm-52px.svg\",\"contentUrl\":\"https:\\\/\\\/world.dan.org\\\/wp-content\\\/uploads\\\/2022\\\/04\\\/DAN-World-logo-sm-52px.svg\",\"width\":175,\"height\":52,\"caption\":\"DAN World\"},\"image\":{\"@id\":\"https:\\\/\\\/world.dan.org\\\/es\\\/#\\\/schema\\\/logo\\\/image\\\/\"}}]}<\/script>\n<!-- \/ Yoast SEO Premium plugin. -->","yoast_head_json":{"title":"Directives pour l'aptitude m\u00e9dicale \u00e0 la plong\u00e9e tout au long de la vie - DAN World","description":"Afin de promouvoir l'aptitude m\u00e9dicale des plongeurs \u00e0 plonger tout au long de leur vie, DAN a cr\u00e9\u00e9 et publi\u00e9 les Directives pour l'aptitude m\u00e9dicale \u00e0 la plong\u00e9e tout au long de la vie.","robots":{"index":"index","follow":"follow","max-snippet":"max-snippet:-1","max-image-preview":"max-image-preview:large","max-video-preview":"max-video-preview:-1"},"canonical":"https:\/\/world.dan.org\/fr\/health-medicine\/health-resources\/guidelines-for-lifelong-medical-fitness-to-dive-evaluation\/","og_locale":"fr_CA","og_type":"article","og_title":"Guidelines for Lifelong Medical Fitness to Dive","og_description":"To promote divers\u2019 medical fitness to dive throughout their lives, DAN created and published the Guidelines for Lifelong Medical Fitness to Dive.","og_url":"https:\/\/world.dan.org\/fr\/health-medicine\/health-resources\/guidelines-for-lifelong-medical-fitness-to-dive-evaluation\/","og_site_name":"DAN World","article_modified_time":"2022-06-17T16:01:40+00:00","og_image":[{"width":1200,"height":600,"url":"https:\/\/world.dan.org\/wp-content\/uploads\/2020\/08\/doctor-patient-consult-1134447453-1200x600-1.jpg","type":"image\/jpeg"}],"twitter_card":"summary_large_image","twitter_title":"Guidelines for Lifelong Medical Fitness to Dive","twitter_description":"To promote divers\u2019 medical fitness to dive throughout their lives, DAN created and published the Guidelines for Lifelong Medical Fitness to Dive.","twitter_image":"https:\/\/world.dan.org\/wp-content\/uploads\/2020\/08\/doctor-patient-consult-1134447453-1200x600-1.jpg","twitter_misc":{"Est. reading time":"1 minute"},"schema":{"@context":"https:\/\/schema.org","@graph":[{"@type":"WebPage","@id":"https:\/\/world.dan.org\/health-medicine\/health-resources\/guidelines-for-lifelong-medical-fitness-to-dive-evaluation\/","url":"https:\/\/world.dan.org\/health-medicine\/health-resources\/guidelines-for-lifelong-medical-fitness-to-dive-evaluation\/","name":"Directives pour l'aptitude m\u00e9dicale \u00e0 la plong\u00e9e tout au long de la vie - DAN World","isPartOf":{"@id":"https:\/\/world.dan.org\/es\/#website"},"primaryImageOfPage":{"@id":"https:\/\/world.dan.org\/health-medicine\/health-resources\/guidelines-for-lifelong-medical-fitness-to-dive-evaluation\/#primaryimage"},"image":{"@id":"https:\/\/world.dan.org\/health-medicine\/health-resources\/guidelines-for-lifelong-medical-fitness-to-dive-evaluation\/#primaryimage"},"thumbnailUrl":"https:\/\/world.dan.org\/wp-content\/uploads\/2020\/08\/doctor-patient-consult-1134447453-1200x600-1.jpg","datePublished":"2021-08-30T20:49:10+00:00","dateModified":"2022-06-17T16:01:40+00:00","description":"Afin de promouvoir l'aptitude m\u00e9dicale des plongeurs \u00e0 plonger tout au long de leur vie, DAN a cr\u00e9\u00e9 et publi\u00e9 les Directives pour l'aptitude m\u00e9dicale \u00e0 la plong\u00e9e tout au long de la vie.","breadcrumb":{"@id":"https:\/\/world.dan.org\/health-medicine\/health-resources\/guidelines-for-lifelong-medical-fitness-to-dive-evaluation\/#breadcrumb"},"inLanguage":"fr-CA","potentialAction":[{"@type":"ReadAction","target":["https:\/\/world.dan.org\/health-medicine\/health-resources\/guidelines-for-lifelong-medical-fitness-to-dive-evaluation\/"]}]},{"@type":"ImageObject","inLanguage":"fr-CA","@id":"https:\/\/world.dan.org\/health-medicine\/health-resources\/guidelines-for-lifelong-medical-fitness-to-dive-evaluation\/#primaryimage","url":"https:\/\/world.dan.org\/wp-content\/uploads\/2020\/08\/doctor-patient-consult-1134447453-1200x600-1.jpg","contentUrl":"https:\/\/world.dan.org\/wp-content\/uploads\/2020\/08\/doctor-patient-consult-1134447453-1200x600-1.jpg","width":1200,"height":600,"caption":"Shot of a doctor using a digital tablet while having a consultation with a patient in his office"},{"@type":"BreadcrumbList","@id":"https:\/\/world.dan.org\/health-medicine\/health-resources\/guidelines-for-lifelong-medical-fitness-to-dive-evaluation\/#breadcrumb","itemListElement":[{"@type":"ListItem","position":1,"name":"Home","item":"https:\/\/world.dan.org\/"},{"@type":"ListItem","position":2,"name":"Health &amp; Medicine","item":"https:\/\/world.dan.org\/health-medicine\/"},{"@type":"ListItem","position":3,"name":"Health Resources","item":"https:\/\/world.dan.org\/health-medicine\/health-resources\/"},{"@type":"ListItem","position":4,"name":"Guidelines for Lifelong Medical Fitness to Dive"}]},{"@type":"WebSite","@id":"https:\/\/world.dan.org\/es\/#website","url":"https:\/\/world.dan.org\/es\/","name":"DAN World","description":"","publisher":{"@id":"https:\/\/world.dan.org\/es\/#organization"},"potentialAction":[{"@type":"SearchAction","target":{"@type":"EntryPoint","urlTemplate":"https:\/\/world.dan.org\/es\/?s={search_term_string}"},"query-input":{"@type":"PropertyValueSpecification","valueRequired":true,"valueName":"search_term_string"}}],"inLanguage":"fr-CA"},{"@type":"Organization","@id":"https:\/\/world.dan.org\/es\/#organization","name":"DAN World","url":"https:\/\/world.dan.org\/es\/","logo":{"@type":"ImageObject","inLanguage":"fr-CA","@id":"https:\/\/world.dan.org\/es\/#\/schema\/logo\/image\/","url":"https:\/\/world.dan.org\/wp-content\/uploads\/2022\/04\/DAN-World-logo-sm-52px.svg","contentUrl":"https:\/\/world.dan.org\/wp-content\/uploads\/2022\/04\/DAN-World-logo-sm-52px.svg","width":175,"height":52,"caption":"DAN World"},"image":{"@id":"https:\/\/world.dan.org\/es\/#\/schema\/logo\/image\/"}}]}},"_links":{"self":[{"href":"https:\/\/world.dan.org\/fr\/wp-json\/wp\/v2\/pages\/18768","targetHints":{"allow":["GET"]}}],"collection":[{"href":"https:\/\/world.dan.org\/fr\/wp-json\/wp\/v2\/pages"}],"about":[{"href":"https:\/\/world.dan.org\/fr\/wp-json\/wp\/v2\/types\/page"}],"author":[{"embeddable":true,"href":"https:\/\/world.dan.org\/fr\/wp-json\/wp\/v2\/users\/19"}],"replies":[{"embeddable":true,"href":"https:\/\/world.dan.org\/fr\/wp-json\/wp\/v2\/comments?post=18768"}],"version-history":[{"count":0,"href":"https:\/\/world.dan.org\/fr\/wp-json\/wp\/v2\/pages\/18768\/revisions"}],"up":[{"embeddable":true,"href":"https:\/\/world.dan.org\/fr\/wp-json\/wp\/v2\/pages\/37"}],"wp:featuredmedia":[{"embeddable":true,"href":"https:\/\/world.dan.org\/fr\/wp-json\/wp\/v2\/media\/17868"}],"wp:attachment":[{"href":"https:\/\/world.dan.org\/fr\/wp-json\/wp\/v2\/media?parent=18768"}],"curies":[{"name":"wp","href":"https:\/\/api.w.org\/{rel}","templated":true}]}}