{"id":19,"date":"2020-03-27T17:48:44","date_gmt":"2020-03-27T21:48:44","guid":{"rendered":"https:\/\/dan.devhammer.com\/?page_id=19"},"modified":"2025-02-25T16:32:01","modified_gmt":"2025-02-25T21:32:01","slug":"membership-coverage","status":"publish","type":"page","link":"https:\/\/world.dan.org\/fr\/membership-coverage\/","title":{"rendered":"Adh\u00e9sion &amp; Couvertures"},"content":{"rendered":"<div class=\"n2_clear\"><ss3-force-full-width data-overflow-x=\"body\" data-horizontal-selector=\"\"><div class=\"n2-section-smartslider fitvidsignore  n2_clear\" data-ssid=\"22\" tabindex=\"0\" role=\"region\" aria-label=\"Slider\"><div id=\"n2-ss-22-align\" class=\"n2-ss-align\"><div class=\"n2-padding\"><div id=\"n2-ss-22\" data-creator=\"Smart Slider 3\" data-responsive=\"fullwidth\" class=\"n2-ss-slider n2-ow n2-has-hover n2notransition\">\n        <div class=\"n2-ss-slider-1 n2_ss__touch_element n2-ow\">\n            <div class=\"n2-ss-slider-2 n2-ow\">\n                                                <div class=\"n2-ss-slider-3 n2-ow\">\n\n                    <div class=\"n2-ss-slide-backgrounds n2-ow-all\"><div class=\"n2-ss-slide-background\" data-public-id=\"1\" data-mode=\"fill\"><div class=\"n2-ss-slide-background-image\" data-blur=\"0\" data-opacity=\"100\" data-x=\"45\" data-y=\"45\" data-alt=\"\" data-title=\"\" style=\"--ss-o-pos-x:45%;--ss-o-pos-y:45%\"><picture class=\"skip-lazy\" data-skip-lazy=\"1\"><source srcset=\"\/\/world.dan.org\/wp-content\/uploads\/slider3\/membership-3q3a8410-smart-slider-test.jpg\" media=\"(min-width: 1200px) and (-webkit-min-device-pixel-ratio: 1.5)\" class=\"skip-lazy\" data-skip-lazy=\"1\"><source srcset=\"\/\/world.dan.org\/wp-content\/uploads\/slider3\/membership-3q3a8410-smart-slider-test.jpg\" media=\"(orientation: landscape) and (max-width: 900px),(orientation: portrait) and (max-width: 700px)\" class=\"skip-lazy\" data-skip-lazy=\"1\"><source srcset=\"\/\/world.dan.org\/wp-content\/uploads\/slider3\/membership-3q3a8410-smart-slider-test.jpg\" media=\"(orientation: landscape) and (max-width: 1199px) and (min-width: 901px),(orientation: portrait) and (max-width: 1199px) and (min-width: 701px)\" class=\"skip-lazy\" data-skip-lazy=\"1\"><img decoding=\"async\" src=\"\/\/world.dan.org\/wp-content\/uploads\/slider\/cache\/af59631070515ff4c0af55ed2eded5dc\/membership-3q3a8410-smart-slider-test.jpg\" alt=\"\" title=\"\" loading=\"lazy\" class=\"skip-lazy\" data-skip-lazy=\"1\"><\/picture><\/div><div data-gradient=\"horizontal\" data-color-start=\"RGBA(0,63,124,0.61)\" data-color-end=\"RGBA(255,255,255,0)\" style=\"background:linear-gradient(to right, RGBA(0,63,124,0.61) 0%,RGBA(255,255,255,0) 100%);\" class=\"n2-ss-slide-background-color\" data-overlay=\"1\"><\/div><\/div><\/div>                    <div class=\"n2-ss-slider-4 n2-ow\">\n                        <svg xmlns=\"http:\/\/www.w3.org\/2000\/svg\" viewbox=\"0 0 1600 600\" data-related-device=\"desktopPortrait\" class=\"n2-ow n2-ss-preserve-size n2-ss-preserve-size--slider n2-ss-slide-limiter\"><\/svg><div data-first=\"1\" data-slide-duration=\"0\" data-id=\"22\" data-slide-public-id=\"1\" data-title=\"Membership &amp; Coverage\" class=\"n2-ss-slide n2-ow  n2-ss-slide-22\"><div role=\"note\" class=\"n2-ss-slide--focus\" tabindex=\"-1\">Adh\u00e9sion &amp; Couvertures<\/div><div class=\"n2-ss-layers-container n2-ss-slide-limiter n2-ow\"><div class=\"n2-ss-layer n2-ow n-uc-TCBBwwA9CN2o\" data-sstype=\"slide\" data-pm=\"default\"><div class=\"n2-ss-layer n2-ow n-uc-xXRm79gLWCDd\" data-pm=\"default\" data-sstype=\"content\" data-hasbackground=\"0\"><div class=\"n2-ss-section-main-content n2-ss-layer-with-background n2-ss-layer-content n2-ow n-uc-xXRm79gLWCDd-inner\"><div class=\"n2-ss-layer n2-ow n2-ss-layer--block n2-ss-has-self-align n-uc-FqIEmzvh0yQZ\" data-pm=\"normal\" data-sstype=\"row\"><div class=\"n2-ss-layer-row n2-ss-layer-with-background n-uc-FqIEmzvh0yQZ-inner\"><div class=\"n2-ss-layer-row-inner\"><div class=\"n2-ss-layer n2-ow n-uc-wGKXLbVJKRSl\" data-pm=\"default\" data-sstype=\"col\"><div class=\"n2-ss-layer-col n2-ss-layer-with-background n2-ss-layer-content n-uc-wGKXLbVJKRSl-inner\"><div class=\"n2-ss-layer n2-ow n-uc-cuFun0FNvcvq n2-ss-layer--auto\" data-pm=\"normal\" data-sstype=\"layer\"><div class=\"n2-ss-button-container n2-ss-item-content n2-ow n2-font-a3b57aec3250d1cd7b703e552c1cb98d-link  n2-ss-nowrap n2-ss-button-container--non-full-width\"><a class=\"n2-style-05ba4352b746b78a53d300ba52f2d0e2-heading  n2-ow\" onclick=\"return false;\" href=\"#\"><div><div>ADH\u00c9SION<\/div><\/div><\/a><\/div><\/div><div class=\"n2-ss-layer n2-ow n-uc-c5rZEiggP5BV\" data-pm=\"normal\" data-sstype=\"layer\"><h2 id=\"n2-ss-22item2\" class=\"n2-font-6c08149fba0f2cbee13c072397247740-hover   n2-ss-item-content n2-ss-text n2-ow\" style=\"display:block;\">ADH\u00c9SION ET COUVERTURE<\/h2><\/div><div class=\"n2-ss-layer n2-ow n-uc-kh9rR7e487Sv\" data-pm=\"normal\" data-sstype=\"layer\"><div class=\"n2-ss-item-content n2-ss-text n2-ow-all\"><div data-hide-desktoplandscape=\"1\" data-hide-desktopportrait=\"1\" data-hide-tabletlandscape=\"1\" data-hide-tabletportrait=\"1\"><\/div><div class=\"\" data-hide-desktoplandscape=\"1\" data-hide-desktopportrait=\"1\" data-hide-mobilelandscape=\"1\" data-hide-mobileportrait=\"1\"><\/div><div class=\"\" data-hide-mobilelandscape=\"1\" data-hide-mobileportrait=\"1\" data-hide-tabletlandscape=\"1\" data-hide-tabletportrait=\"1\"><p class=\"n2-font-d937d56fa96151297ccc20b9e983ad68-paragraph\">COUVERTURE D'ASSISTANCE EN CAS D'ACCIDENT DE PLONG\u00c9E DISPONIBLE<\/p>\n<\/div><\/div><\/div><div class=\"n2-ss-layer n2-ow n2-ss-layer--block n2-ss-has-self-align n-uc-XDgiBv7mkxhN\" data-pm=\"normal\" data-sstype=\"row\"><div class=\"n2-ss-layer-row n2-ss-layer-with-background n-uc-XDgiBv7mkxhN-inner\"><div class=\"n2-ss-layer-row-inner\"><div class=\"n2-ss-layer n2-ow n-uc-YCiLCpGFIE7M\" data-pm=\"default\" data-sstype=\"col\"><div class=\"n2-ss-layer-col n2-ss-layer-with-background n2-ss-layer-content n-uc-YCiLCpGFIE7M-inner\"><div class=\"n2-ss-layer n2-ow n-uc-WZGyUMbU3w8W n2-ss-layer--auto\" data-pm=\"normal\" data-sstype=\"layer\"><div class=\"n2-ss-button-container n2-ss-item-content n2-ow n2-font-efb749624a85eff02533b8cc5c19c88c-link  n2-ss-nowrap n2-ss-button-container--non-full-width\"><a class=\"n2-style-cd7796faf722e88fc7c6131f998fde7c-heading  n2-ow\" href=\"\/fr\/membership-coverage\/asia-pacific\/\"><div><div>Asie-Pacifique<\/div><\/div><\/a><\/div><\/div><\/div><\/div><div class=\"n2-ss-layer n2-ow n-uc-4cTzN5mNO5g1\" data-pm=\"default\" data-sstype=\"col\"><div class=\"n2-ss-layer-col n2-ss-layer-with-background n2-ss-layer-content n-uc-4cTzN5mNO5g1-inner\"><div class=\"n2-ss-layer n2-ow n-uc-87mJRzqlVXuU n2-ss-layer--auto\" data-pm=\"normal\" data-sstype=\"layer\"><div class=\"n2-ss-button-container n2-ss-item-content n2-ow n2-font-efb749624a85eff02533b8cc5c19c88c-link  n2-ss-nowrap n2-ss-button-container--non-full-width\"><a class=\"n2-style-eee8715cf0a15319f538f285583a80b3-heading  n2-ow\" href=\"\/fr\/membership-coverage\/australia\/\"><div><div>Australie<\/div><\/div><\/a><\/div><\/div><\/div><\/div><\/div><\/div><\/div><div class=\"n2-ss-layer n2-ow n2-ss-layer--block n2-ss-has-self-align n-uc-18b52c5a0792a\" data-pm=\"normal\" data-sstype=\"row\"><div class=\"n2-ss-layer-row n2-ss-layer-with-background n-uc-18b52c5a0792a-inner\"><div class=\"n2-ss-layer-row-inner\"><div class=\"n2-ss-layer n2-ow n-uc-13b562ed76ede\" data-pm=\"default\" data-sstype=\"col\"><div class=\"n2-ss-layer-col n2-ss-layer-with-background n2-ss-layer-content n-uc-13b562ed76ede-inner\"><div class=\"n2-ss-layer n2-ow n-uc-183369ee14ece n2-ss-layer--auto\" data-pm=\"normal\" data-sstype=\"layer\"><div class=\"n2-ss-button-container n2-ss-item-content n2-ow n2-font-efb749624a85eff02533b8cc5c19c88c-link  n2-ss-nowrap n2-ss-button-container--non-full-width\"><a class=\"n2-style-cd7796faf722e88fc7c6131f998fde7c-heading  n2-ow\" href=\"\/fr\/membership-coverage\/canada\/\"><div><div>Canada<\/div><\/div><\/a><\/div><\/div><\/div><\/div><div class=\"n2-ss-layer n2-ow n-uc-1dc7c70f4ef3e\" data-pm=\"default\" data-sstype=\"col\"><div class=\"n2-ss-layer-col n2-ss-layer-with-background n2-ss-layer-content n-uc-1dc7c70f4ef3e-inner\"><div class=\"n2-ss-layer n2-ow n-uc-1e93702d6fc6b n2-ss-layer--auto\" data-pm=\"normal\" data-sstype=\"layer\"><div class=\"n2-ss-button-container n2-ss-item-content n2-ow n2-font-efb749624a85eff02533b8cc5c19c88c-link  n2-ss-nowrap n2-ss-button-container--non-full-width\"><a class=\"n2-style-eee8715cf0a15319f538f285583a80b3-heading  n2-ow\" href=\"\/fr\/membership-coverage\/latin-america-caribbean\/\"><div><div>Am\u00e9rique latine et Cara\u00efbes<\/div><\/div><\/a><\/div><\/div><\/div><\/div><\/div><\/div><\/div><\/div><\/div><\/div><\/div><\/div><\/div><\/div><\/div><\/div><\/div>                    <\/div>\n\n                                    <\/div>\n            <\/div>\n        <\/div>\n        <\/div><ss3-loader><\/ss3-loader><\/div><\/div><div class=\"n2_clear\"><\/div><\/div><\/ss3-force-full-width><\/div>\n\n\n<div style=\"height:100px\" aria-hidden=\"true\" class=\"wp-block-spacer\"><\/div>\n\n\n\n<div class=\"wp-block-columns is-layout-flex wp-container-core-columns-is-layout-9d6595d7 wp-block-columns-is-layout-flex\">\n<div class=\"wp-block-column is-layout-flow wp-block-column-is-layout-flow\">\n<p class=\"has-dan-black-color has-text-color\" style=\"font-size:21px\"><strong>DAN Service client\u00e8le<\/strong><\/p>\n\n\n\n<p><strong>Australia\/Asia Pacific<\/strong><\/p>\n\n\n\n<p>T\u00e9l\u00e9phone\u00a0: +61-3-9886 9166<\/p>\n\n\n\n<p>Courriel :<a href=\"mailto:infoap@dan.org\">infoap@dan.org<\/a><\/p>\n\n\n\n<p>Du lundi au vendredi, de 9 h \u00e0 21 h HNEA<\/p>\n\n\n\n<p><br><strong>Canada<\/strong><\/p>\n\n\n\n<p>Du lundi au vendredi&nbsp;<br>8h30 - 17h. ET<\/p>\n\n\n\n<p>+1-919-684-2948<\/p>\n\n\n\n<p>+1-800-446-2671<\/p>\n\n\n\n<p>Fax: +1-919-490-6630<\/p>\n\n\n\n<p>Courriel :&nbsp;<a>member@dan.org<\/a><\/p>\n\n\n\n<p><br><strong>Am\u00e9rique latine et Cara\u00efbes<\/strong>&nbsp;<strong>&amp; Cara\u00efbes<\/strong><\/p>\n\n\n\n<p class=\"translation-block\">T\u00e9l\u00e9phone: <strong>+1-202-470-0929<\/strong> (Anglais)<\/p>\n\n\n\n<p>T\u00e9l\u00e9phone\u00a0: +52-55-8421-9866 (en espagnol)<\/p>\n\n\n\n<p>Courriel :&nbsp;<a href=\"mailto:Info@World.DAN.org\" target=\"_blank\" rel=\"noreferrer noopener\">Info@world.dan.org<\/a><\/p>\n\n\n\n<p>Du lundi au vendredi, de 8 h 30 \u00e0 17 h 00 HE<\/p>\n<\/div>\n\n\n\n<div class=\"wp-block-column is-layout-flow wp-block-column-is-layout-flow\">\n<p style=\"font-size:21px\" class=\"translation-block\"><strong>Ligne d\u2019appels d\u2019urgence,<br> 24heures\/24, 7jours\/7<\/p>\n\n\n\n<p class=\"has-dan-red-400-color has-text-color\">+1 (919) 684-9111<\/p>\n\n\n\n<p class=\"has-dan-red-400-color has-text-color\">1800 088 200 <br>en Australie<\/p>\n\n\n\n<p class=\"has-dan-red-400-color has-text-color\">+62 21 5085-8719 <br>en Indon\u00e9sie<\/p>\n\n\n\n<p><strong>DAN medics (les professionnels de sant\u00e9) sont disponibles 24 heures sur 24, 7 jours sur 7 et 365 jours par an. <br><br>Les appels internationaux \u00e0 frais vir\u00e9s sont accept\u00e9s<\/strong><\/p>\n\n\n\n<p><\/p>\n<\/div>\n\n\n\n<div class=\"wp-block-column is-layout-flow wp-block-column-is-layout-flow\">\n<p style=\"font-size:21px\"><strong>Ligne d\u2019information m\u00e9dicale<\/strong><\/p>\n\n\n\n<p>Obtenez des r\u00e9ponses \u00e0 vos questions non urgentes relatives \u00e0 la sant\u00e9 et \u00e0 la plong\u00e9e.<\/p>\n\n\n\n<p>Du lundi au vendredi de 08 h 30 \u00e0 17 h HE<\/p>\n\n\n\n<p>+1 (919) 684-2948, Option 4<\/p>\n\n\n\n<p>En ligne <a href=\"https:\/\/apps.dan.org\/ask-a-medic\">Demander \u00e0 un medic (professionel de sant\u00e9)<\/a><\/p>\n\n\n\n<p>Comptez 24 \u00e0 48 heures pour obtenir une r\u00e9ponse.<\/p>\n<\/div>\n\n\n\n<div class=\"wp-block-column is-layout-flow wp-block-column-is-layout-flow\">\n<p style=\"font-size:21px\"><strong>Ressources sur la s\u00e9curit\u00e9 en plong\u00e9e<\/strong><\/p>\n\n\n\n<p><a href=\"https:\/\/world.dan.org\/fr\/health-medicine\/medical-services\/physician-network\/\">Sant\u00e9 et m\u00e9decine<\/a><\/p>\n\n\n\n<p><a href=\"https:\/\/world.dan.org\/fr\/safety-prevention\/diver-safety\/\">S\u00e9curit\u00e9 des plongeurs<\/a><\/p>\n\n\n\n<p><a href=\"https:\/\/world.dan.org\/fr\/safety-prevention\/operation-safety\/\">S\u00e9curit\u00e9 des op\u00e9rations de plong\u00e9e<\/a><\/p>\n\n\n\n<p><a href=\"https:\/\/world.dan.org\/fr\/health-medicine\/health-resources\/smart-guides\/\">S\u00e9curit\u00e9 des Caissons<\/a><\/p>\n<\/div>\n<\/div>","protected":false},"excerpt":{"rendered":"<p>DAN offre aux plongeurs des options abordables pour \u00eatre couverts en cas d'accident\/maladie de plong\u00e9e avec une aide \u00e0 l'\u00e9vacuation m\u00e9dicale d'urgence ainsi qu'une couverture des co\u00fbts de traitement suite \u00e0 un accident de plong\u00e9e couvert. En outre, vos cotisations permettent de financer la recherche sur la s\u00e9curit\u00e9 en plong\u00e9e, le d\u00e9veloppement de ressources sur la sant\u00e9 et la s\u00e9curit\u00e9 en plong\u00e9e et l'assistance m\u00e9dicale d'urgence 24 heures sur 24 et 7 jours sur 7 pour les plongeurs du monde entier. <\/p>","protected":false},"author":1,"featured_media":0,"parent":0,"menu_order":134,"comment_status":"closed","ping_status":"closed","template":"templates\/page-landing-2.php","meta":{"_acf_changed":false,"_ef_editorial_meta_date_first-draft-date":"","_ef_editorial_meta_paragraph_assignment":"","_ef_editorial_meta_checkbox_needs-photo":"","_ef_editorial_meta_number_word-count":"","footnotes":""},"class_list":["post-19","page","type-page","status-publish","hentry"],"acf":[],"yoast_head":"<!-- This site is optimized with the Yoast SEO Premium plugin v27.4 (Yoast SEO v27.4) - https:\/\/yoast.com\/product\/yoast-seo-premium-wordpress\/ -->\n<title>Membership &amp; Coverage - DAN World<\/title>\n<meta name=\"robots\" content=\"index, follow, max-snippet:-1, max-image-preview:large, max-video-preview:-1\" \/>\n<link rel=\"canonical\" href=\"https:\/\/world.dan.org\/fr\/membership-coverage\/\" \/>\n<meta property=\"og:locale\" content=\"fr_CA\" \/>\n<meta property=\"og:type\" content=\"article\" \/>\n<meta property=\"og:title\" content=\"Membership &amp; Coverage\" \/>\n<meta property=\"og:description\" content=\"DAN offers divers affordable options to be covered in the event of a diving accident\/illness with emergency medical evacuation assistance as well as coverage for treatment costs following a covered diving accident. In addition, your dues support ongoing dive safety research, the development of diving health and safety resources and 24\/7 emergency medical assistance for scuba divers across the world.\" \/>\n<meta property=\"og:url\" content=\"https:\/\/world.dan.org\/fr\/membership-coverage\/\" \/>\n<meta property=\"og:site_name\" content=\"DAN World\" \/>\n<meta property=\"article:modified_time\" content=\"2025-02-25T21:32:01+00:00\" \/>\n<meta name=\"twitter:card\" content=\"summary_large_image\" \/>\n<meta name=\"twitter:label1\" content=\"Est. reading time\" \/>\n\t<meta name=\"twitter:data1\" content=\"1 minute\" \/>\n<script type=\"application\/ld+json\" class=\"yoast-schema-graph\">{\"@context\":\"https:\\\/\\\/schema.org\",\"@graph\":[{\"@type\":\"WebPage\",\"@id\":\"https:\\\/\\\/world.dan.org\\\/membership-coverage\\\/\",\"url\":\"https:\\\/\\\/world.dan.org\\\/membership-coverage\\\/\",\"name\":\"Membership & Coverage - DAN World\",\"isPartOf\":{\"@id\":\"https:\\\/\\\/world.dan.org\\\/es\\\/#website\"},\"datePublished\":\"2020-03-27T21:48:44+00:00\",\"dateModified\":\"2025-02-25T21:32:01+00:00\",\"breadcrumb\":{\"@id\":\"https:\\\/\\\/world.dan.org\\\/membership-coverage\\\/#breadcrumb\"},\"inLanguage\":\"fr-CA\",\"potentialAction\":[{\"@type\":\"ReadAction\",\"target\":[\"https:\\\/\\\/world.dan.org\\\/membership-coverage\\\/\"]}]},{\"@type\":\"BreadcrumbList\",\"@id\":\"https:\\\/\\\/world.dan.org\\\/membership-coverage\\\/#breadcrumb\",\"itemListElement\":[{\"@type\":\"ListItem\",\"position\":1,\"name\":\"Home\",\"item\":\"https:\\\/\\\/world.dan.org\\\/\"},{\"@type\":\"ListItem\",\"position\":2,\"name\":\"Membership &#038; Coverage\"}]},{\"@type\":\"WebSite\",\"@id\":\"https:\\\/\\\/world.dan.org\\\/es\\\/#website\",\"url\":\"https:\\\/\\\/world.dan.org\\\/es\\\/\",\"name\":\"DAN World\",\"description\":\"\",\"publisher\":{\"@id\":\"https:\\\/\\\/world.dan.org\\\/es\\\/#organization\"},\"potentialAction\":[{\"@type\":\"SearchAction\",\"target\":{\"@type\":\"EntryPoint\",\"urlTemplate\":\"https:\\\/\\\/world.dan.org\\\/es\\\/?s={search_term_string}\"},\"query-input\":{\"@type\":\"PropertyValueSpecification\",\"valueRequired\":true,\"valueName\":\"search_term_string\"}}],\"inLanguage\":\"fr-CA\"},{\"@type\":\"Organization\",\"@id\":\"https:\\\/\\\/world.dan.org\\\/es\\\/#organization\",\"name\":\"DAN World\",\"url\":\"https:\\\/\\\/world.dan.org\\\/es\\\/\",\"logo\":{\"@type\":\"ImageObject\",\"inLanguage\":\"fr-CA\",\"@id\":\"https:\\\/\\\/world.dan.org\\\/es\\\/#\\\/schema\\\/logo\\\/image\\\/\",\"url\":\"https:\\\/\\\/world.dan.org\\\/wp-content\\\/uploads\\\/2022\\\/04\\\/DAN-World-logo-sm-52px.svg\",\"contentUrl\":\"https:\\\/\\\/world.dan.org\\\/wp-content\\\/uploads\\\/2022\\\/04\\\/DAN-World-logo-sm-52px.svg\",\"width\":175,\"height\":52,\"caption\":\"DAN World\"},\"image\":{\"@id\":\"https:\\\/\\\/world.dan.org\\\/es\\\/#\\\/schema\\\/logo\\\/image\\\/\"}}]}<\/script>\n<!-- \/ Yoast SEO Premium plugin. -->","yoast_head_json":{"title":"Adh\u00e9sion et couverture - DAN World","robots":{"index":"index","follow":"follow","max-snippet":"max-snippet:-1","max-image-preview":"max-image-preview:large","max-video-preview":"max-video-preview:-1"},"canonical":"https:\/\/world.dan.org\/fr\/membership-coverage\/","og_locale":"fr_CA","og_type":"article","og_title":"Membership & Coverage","og_description":"DAN offers divers affordable options to be covered in the event of a diving accident\/illness with emergency medical evacuation assistance as well as coverage for treatment costs following a covered diving accident. In addition, your dues support ongoing dive safety research, the development of diving health and safety resources and 24\/7 emergency medical assistance for scuba divers across the world.","og_url":"https:\/\/world.dan.org\/fr\/membership-coverage\/","og_site_name":"DAN World","article_modified_time":"2025-02-25T21:32:01+00:00","twitter_card":"summary_large_image","twitter_misc":{"Est. reading time":"1 minute"},"schema":{"@context":"https:\/\/schema.org","@graph":[{"@type":"WebPage","@id":"https:\/\/world.dan.org\/membership-coverage\/","url":"https:\/\/world.dan.org\/membership-coverage\/","name":"Adh\u00e9sion et couverture - DAN World","isPartOf":{"@id":"https:\/\/world.dan.org\/es\/#website"},"datePublished":"2020-03-27T21:48:44+00:00","dateModified":"2025-02-25T21:32:01+00:00","breadcrumb":{"@id":"https:\/\/world.dan.org\/membership-coverage\/#breadcrumb"},"inLanguage":"fr-CA","potentialAction":[{"@type":"ReadAction","target":["https:\/\/world.dan.org\/membership-coverage\/"]}]},{"@type":"BreadcrumbList","@id":"https:\/\/world.dan.org\/membership-coverage\/#breadcrumb","itemListElement":[{"@type":"ListItem","position":1,"name":"Home","item":"https:\/\/world.dan.org\/"},{"@type":"ListItem","position":2,"name":"Membership &#038; Coverage"}]},{"@type":"WebSite","@id":"https:\/\/world.dan.org\/es\/#website","url":"https:\/\/world.dan.org\/es\/","name":"DAN World","description":"","publisher":{"@id":"https:\/\/world.dan.org\/es\/#organization"},"potentialAction":[{"@type":"SearchAction","target":{"@type":"EntryPoint","urlTemplate":"https:\/\/world.dan.org\/es\/?s={search_term_string}"},"query-input":{"@type":"PropertyValueSpecification","valueRequired":true,"valueName":"search_term_string"}}],"inLanguage":"fr-CA"},{"@type":"Organization","@id":"https:\/\/world.dan.org\/es\/#organization","name":"DAN World","url":"https:\/\/world.dan.org\/es\/","logo":{"@type":"ImageObject","inLanguage":"fr-CA","@id":"https:\/\/world.dan.org\/es\/#\/schema\/logo\/image\/","url":"https:\/\/world.dan.org\/wp-content\/uploads\/2022\/04\/DAN-World-logo-sm-52px.svg","contentUrl":"https:\/\/world.dan.org\/wp-content\/uploads\/2022\/04\/DAN-World-logo-sm-52px.svg","width":175,"height":52,"caption":"DAN World"},"image":{"@id":"https:\/\/world.dan.org\/es\/#\/schema\/logo\/image\/"}}]}},"_links":{"self":[{"href":"https:\/\/world.dan.org\/fr\/wp-json\/wp\/v2\/pages\/19","targetHints":{"allow":["GET"]}}],"collection":[{"href":"https:\/\/world.dan.org\/fr\/wp-json\/wp\/v2\/pages"}],"about":[{"href":"https:\/\/world.dan.org\/fr\/wp-json\/wp\/v2\/types\/page"}],"author":[{"embeddable":true,"href":"https:\/\/world.dan.org\/fr\/wp-json\/wp\/v2\/users\/1"}],"replies":[{"embeddable":true,"href":"https:\/\/world.dan.org\/fr\/wp-json\/wp\/v2\/comments?post=19"}],"version-history":[{"count":1,"href":"https:\/\/world.dan.org\/fr\/wp-json\/wp\/v2\/pages\/19\/revisions"}],"predecessor-version":[{"id":35212,"href":"https:\/\/world.dan.org\/fr\/wp-json\/wp\/v2\/pages\/19\/revisions\/35212"}],"wp:attachment":[{"href":"https:\/\/world.dan.org\/fr\/wp-json\/wp\/v2\/media?parent=19"}],"curies":[{"name":"wp","href":"https:\/\/api.w.org\/{rel}","templated":true}]}}