{"id":19908,"date":"2022-02-08T15:25:50","date_gmt":"2022-02-08T20:25:50","guid":{"rendered":"https:\/\/wordpress.world.dan.org\/?page_id=19908"},"modified":"2023-08-09T16:11:55","modified_gmt":"2023-08-09T20:11:55","slug":"dan-safety-tips-for-dive-operators-guide","status":"publish","type":"page","link":"https:\/\/world.dan.org\/fr\/safety-prevention\/dan-safety-tips-for-dive-operators-guide\/","title":{"rendered":"Guide DAN des conseils de s\u00e9curit\u00e9 pour les op\u00e9rateurs de plong\u00e9e"},"content":{"rendered":"<div style=\"height:50px\" aria-hidden=\"true\" class=\"wp-block-spacer\"><\/div>\n\n\n\n<h1 class=\"wp-block-heading\" id=\"h-dan-safety-tips-for-dive-operators-guide\">Guide DAN des conseils de s\u00e9curit\u00e9 pour les op\u00e9rateurs de plong\u00e9e<\/h1>\n\n\n\n<p>DAN a cr\u00e9\u00e9 ce guide pour aider les op\u00e9rateurs et les professionnels de la plong\u00e9e \u00e0 mieux comprendre les risques inh\u00e9rents \u00e0 leurs activit\u00e9s. Il d\u00e9crit les normes de s\u00e9curit\u00e9 minimales pour les diff\u00e9rents aspects des op\u00e9rations de plong\u00e9e. Il fournit \u00e9galement une base pour affiner les protocoles de s\u00e9curit\u00e9 en offrant aux responsables de la s\u00e9curit\u00e9 des plong\u00e9es et aux autres professionnels de la plong\u00e9e une approche test\u00e9e pour \u00e9valuer la s\u00e9curit\u00e9 et modifier les pratiques afin de pr\u00e9venir les incidents et de limiter la responsabilit\u00e9.&nbsp;<\/p>\n\n\n\n<p>Tous les conseils de s\u00e9curit\u00e9 de ce livre proviennent de la&nbsp;<em><strong>Guide d'\u00e9valuation des risques DAN pour les op\u00e9rateurs et les professionnels de la plong\u00e9e<\/strong><\/em>Un guide complet sur les risques uniques et inattendus li\u00e9s aux activit\u00e9s de plong\u00e9e.&nbsp;<\/p>\n\n\n\n<div style=\"height:30px\" aria-hidden=\"true\" class=\"wp-block-spacer\"><\/div>\n\n\n\n<div style=\"position:relative;padding-top:max(60%,326px);height:0;width:100%\"><iframe allow=\"clipboard-write\" sandbox=\"allow-top-navigation allow-top-navigation-by-user-activation allow-downloads allow-scripts allow-same-origin allow-popups allow-modals allow-popups-to-escape-sandbox allow-forms\" allowfullscreen=\"true\" style=\"position:absolute;border:none;width:100%;height:100%;left:0;right:0;top:0;bottom:0;\" src=\"https:\/\/e.issuu.com\/embed.html?d=safety_tips_for_dive_operators&#038;u=divers-alert-network\"><\/iframe><\/div>\n\n\n\n<div style=\"height:75px\" aria-hidden=\"true\" class=\"wp-block-spacer\"><\/div>\n\n\n\n<div class=\"wp-block-columns is-layout-flex wp-container-core-columns-is-layout-9d6595d7 wp-block-columns-is-layout-flex\">\n<div class=\"wp-block-column is-layout-flow wp-block-column-is-layout-flow\" style=\"flex-basis:60%\">\n<h2 class=\"wp-block-heading\" id=\"h-dan-safety-tips-for-dive-operators-in-spanish\"><span style=\"color: #111111;\" class=\"stk-highlight\">Conseils de s\u00e9curit\u00e9 de DAN pour les op\u00e9rateurs de plong\u00e9e en espagnol<\/span><\/h2>\n\n\n\n<p>Cliquez ici pour t\u00e9l\u00e9charger le <a href=\"https:\/\/world.dan.org\/wp-content\/uploads\/2022\/02\/Safety-Tips-book_ES3.pdf\">Conseils de s\u00e9curit\u00e9 DAN pour les op\u00e9rateurs de plong\u00e9e en espagnol<\/a>. <\/p>\n<\/div>\n\n\n\n<div class=\"wp-block-column is-layout-flow wp-block-column-is-layout-flow\" style=\"flex-basis:5%\"><\/div>\n\n\n\n<div class=\"wp-block-column is-layout-flow wp-block-column-is-layout-flow\" style=\"flex-basis:34%\">\n<p class=\"has-medium-font-size\"><strong>Explorer par chapitre&nbsp;<\/strong><\/p>\n\n\n\n<p class=\"has-normal-font-size\"><em>(Meilleur pour t\u00e9l\u00e9phone\/tablette)<\/em><\/p>\n\n\n\n<p><strong>Introduction<\/strong>:\u00a0<a href=\"https:\/\/issuu.com\/articles\/29571181\" data-type=\"URL\" data-id=\"https:\/\/issuu.com\/divers-alert-network\/docs\/dan_safety_tips_for_dive_operations\/s\/14969846\">Conseils de s\u00e9curit\u00e9 DAN pour les op\u00e9rations de plong\u00e9e<\/a><\/p>\n\n\n\n<p><strong>Chapitre 1<\/strong>:\u00a0<a href=\"https:\/\/nam02.safelinks.protection.outlook.com\/?url=https%3A%2F%2Fissuu.com%2Farticles%2F29571343&amp;data=05%7C01%7Cbbrownell%40dan.org%7Cf986b6d1ae9a4e90110c08db99040259%7Cfde50df39d40415c82ee2f2f19f95036%7C0%7C0%7C638272014742071147%7CUnknown%7CTWFpbGZsb3d8eyJWIjoiMC4wLjAwMDAiLCJQIjoiV2luMzIiLCJBTiI6Ik1haWwiLCJXVCI6Mn0%3D%7C3000%7C%7C%7C&amp;sdata=PidS%2BaqDelk3yS4a%2FU5PpzskmhTamv0olCmg4gFjY1Q%3D&amp;reserved=0\" data-type=\"URL\" data-id=\"https:\/\/issuu.com\/divers-alert-network\/docs\/dan_safety_tips_for_dive_operations\/s\/14969910\">S\u00e9curit\u00e9 des clients<\/a><\/p>\n\n\n\n<p><strong>Chapitre 2 :<\/strong>\u00a0<a href=\"https:\/\/issuu.com\/articles\/29572328\" data-type=\"URL\" data-id=\"https:\/\/issuu.com\/divers-alert-network\/docs\/dan_safety_tips_for_dive_operations\/s\/14970191\">S\u00e9curit\u00e9 des op\u00e9rations de plong\u00e9e<\/a><\/p>\n\n\n\n<p><strong>Chapitre 3 :<\/strong>\u00a0<a href=\"https:\/\/issuu.com\/articles\/29576885\" data-type=\"URL\" data-id=\"https:\/\/issuu.com\/divers-alert-network\/docs\/dan_safety_tips_for_dive_operations\/s\/14970520\">Formation et \u00e9quipement de plong\u00e9e<\/a><\/p>\n\n\n\n<p><strong>Chapitre 4 :<\/strong>\u00a0<a href=\"https:\/\/issuu.com\/articles\/29578840\" data-type=\"URL\" data-id=\"https:\/\/issuu.com\/divers-alert-network\/docs\/dan_safety_tips_for_dive_operations\/s\/14971164\">Op\u00e9rations de plong\u00e9e<\/a><\/p>\n\n\n\n<p><strong>Chapitre 5 :<\/strong>\u00a0<a href=\"https:\/\/issuu.com\/articles\/29580296\">Planification d'urgence<\/a><\/p>\n<\/div>\n<\/div>\n\n\n\n<div style=\"height:30px\" aria-hidden=\"true\" class=\"wp-block-spacer\"><\/div>\n\n\n\n<hr class=\"wp-block-separator has-text-color has-dan-light-gray-color has-css-opacity has-dan-light-gray-background-color has-background\"\/>\n\n\n\n<div style=\"height:30px\" aria-hidden=\"true\" class=\"wp-block-spacer\"><\/div>\n\n\n\n<h2 class=\"wp-block-heading\" id=\"h-make-your-dive-operation-safer\"><strong><span style=\"color: #111111;\" class=\"stk-highlight\">Am\u00e9liorez la s\u00e9curit\u00e9 de vos op\u00e9rations de plong\u00e9e<\/span><\/strong><\/h2>\n\n\n\n<p>Pour plus d'informations sur la mani\u00e8re de rendre vos activit\u00e9s de plong\u00e9e plus s\u00fbres, contactez un sp\u00e9cialiste de la r\u00e9duction des risques de DAN \u00e0 l'adresse suivante&nbsp;<strong><a href=\"mailto:riskmitigation@dan.org\">RiskMitigation@DAN.org<\/a><\/strong><\/p>","protected":false},"excerpt":{"rendered":"<p>Le DAN a cr\u00e9\u00e9 ce guide pour aider les op\u00e9rateurs et les professionnels de la plong\u00e9e \u00e0 mieux comprendre les risques inh\u00e9rents \u00e0 leurs activit\u00e9s.<\/p>","protected":false},"author":14,"featured_media":19924,"parent":23,"menu_order":32,"comment_status":"closed","ping_status":"closed","template":"templates\/page-landing-2a.php","meta":{"_acf_changed":false,"_ef_editorial_meta_date_first-draft-date":"","_ef_editorial_meta_paragraph_assignment":"","_ef_editorial_meta_checkbox_needs-photo":"","_ef_editorial_meta_number_word-count":"","footnotes":""},"class_list":["post-19908","page","type-page","status-publish","has-post-thumbnail","hentry"],"acf":[],"yoast_head":"<!-- This site is optimized with the Yoast SEO Premium plugin v27.0 (Yoast SEO v27.3) - https:\/\/yoast.com\/product\/yoast-seo-premium-wordpress\/ -->\n<title>DAN Safety Tips For Dive Operators Guide - DAN World<\/title>\n<meta name=\"description\" content=\"DAN created this guide to help dive operators and professionals gain a better understanding of the risks inherent to their operations.\" \/>\n<meta name=\"robots\" content=\"index, follow, max-snippet:-1, max-image-preview:large, max-video-preview:-1\" \/>\n<link rel=\"canonical\" href=\"https:\/\/world.dan.org\/fr\/safety-prevention\/dan-safety-tips-for-dive-operators-guide\/\" \/>\n<meta property=\"og:locale\" content=\"fr_CA\" \/>\n<meta property=\"og:type\" content=\"article\" \/>\n<meta property=\"og:title\" content=\"Safety tips for dive operators\" \/>\n<meta property=\"og:description\" content=\"DAN created this guide to help dive operators and professionals gain a better understanding of the risks inherent to their operations.\" \/>\n<meta property=\"og:url\" content=\"https:\/\/world.dan.org\/fr\/safety-prevention\/dan-safety-tips-for-dive-operators-guide\/\" \/>\n<meta property=\"og:site_name\" content=\"DAN World\" \/>\n<meta property=\"article:modified_time\" content=\"2023-08-09T20:11:55+00:00\" \/>\n<meta property=\"og:image\" content=\"https:\/\/world.dan.org\/wp-content\/uploads\/2022\/02\/dema-new-products-page-safety-tips.jpg\" \/>\n\t<meta property=\"og:image:width\" content=\"800\" \/>\n\t<meta property=\"og:image:height\" content=\"600\" \/>\n\t<meta property=\"og:image:type\" content=\"image\/jpeg\" \/>\n<meta name=\"twitter:card\" content=\"summary_large_image\" \/>\n<meta name=\"twitter:title\" content=\"Safety tips for dive operators\" \/>\n<meta name=\"twitter:description\" content=\"DAN created this guide to help dive operators and professionals gain a better understanding of the risks inherent to their operations.\" \/>\n<meta name=\"twitter:image\" content=\"https:\/\/world.dan.org\/wp-content\/uploads\/2022\/02\/dema-new-products-page-safety-tips.jpg\" \/>\n<meta name=\"twitter:label1\" content=\"Est. reading time\" \/>\n\t<meta name=\"twitter:data1\" content=\"1 minute\" \/>\n<script type=\"application\/ld+json\" class=\"yoast-schema-graph\">{\"@context\":\"https:\\\/\\\/schema.org\",\"@graph\":[{\"@type\":\"TechArticle\",\"@id\":\"https:\\\/\\\/world.dan.org\\\/safety-prevention\\\/dan-safety-tips-for-dive-operators-guide\\\/#article\",\"isPartOf\":{\"@id\":\"https:\\\/\\\/world.dan.org\\\/safety-prevention\\\/dan-safety-tips-for-dive-operators-guide\\\/\"},\"author\":{\"name\":\"Brandon Brownell\",\"@id\":\"https:\\\/\\\/world.dan.org\\\/es\\\/#\\\/schema\\\/person\\\/a397c489ba6c363b7c4938423a20ccd2\"},\"headline\":\"DAN Safety Tips For Dive Operators Guide\",\"datePublished\":\"2022-02-08T20:25:50+00:00\",\"dateModified\":\"2023-08-09T20:11:55+00:00\",\"mainEntityOfPage\":{\"@id\":\"https:\\\/\\\/world.dan.org\\\/safety-prevention\\\/dan-safety-tips-for-dive-operators-guide\\\/\"},\"wordCount\":197,\"publisher\":{\"@id\":\"https:\\\/\\\/world.dan.org\\\/es\\\/#organization\"},\"image\":{\"@id\":\"https:\\\/\\\/world.dan.org\\\/safety-prevention\\\/dan-safety-tips-for-dive-operators-guide\\\/#primaryimage\"},\"thumbnailUrl\":\"https:\\\/\\\/world.dan.org\\\/wp-content\\\/uploads\\\/2022\\\/02\\\/dema-new-products-page-safety-tips.jpg\",\"inLanguage\":\"fr-CA\"},{\"@type\":\"WebPage\",\"@id\":\"https:\\\/\\\/world.dan.org\\\/safety-prevention\\\/dan-safety-tips-for-dive-operators-guide\\\/\",\"url\":\"https:\\\/\\\/world.dan.org\\\/safety-prevention\\\/dan-safety-tips-for-dive-operators-guide\\\/\",\"name\":\"DAN Safety Tips For Dive Operators Guide - DAN World\",\"isPartOf\":{\"@id\":\"https:\\\/\\\/world.dan.org\\\/es\\\/#website\"},\"primaryImageOfPage\":{\"@id\":\"https:\\\/\\\/world.dan.org\\\/safety-prevention\\\/dan-safety-tips-for-dive-operators-guide\\\/#primaryimage\"},\"image\":{\"@id\":\"https:\\\/\\\/world.dan.org\\\/safety-prevention\\\/dan-safety-tips-for-dive-operators-guide\\\/#primaryimage\"},\"thumbnailUrl\":\"https:\\\/\\\/world.dan.org\\\/wp-content\\\/uploads\\\/2022\\\/02\\\/dema-new-products-page-safety-tips.jpg\",\"datePublished\":\"2022-02-08T20:25:50+00:00\",\"dateModified\":\"2023-08-09T20:11:55+00:00\",\"description\":\"DAN created this guide to help dive operators and professionals gain a better understanding of the risks inherent to their operations.\",\"breadcrumb\":{\"@id\":\"https:\\\/\\\/world.dan.org\\\/safety-prevention\\\/dan-safety-tips-for-dive-operators-guide\\\/#breadcrumb\"},\"inLanguage\":\"fr-CA\",\"potentialAction\":[{\"@type\":\"ReadAction\",\"target\":[\"https:\\\/\\\/world.dan.org\\\/safety-prevention\\\/dan-safety-tips-for-dive-operators-guide\\\/\"]}]},{\"@type\":\"ImageObject\",\"inLanguage\":\"fr-CA\",\"@id\":\"https:\\\/\\\/world.dan.org\\\/safety-prevention\\\/dan-safety-tips-for-dive-operators-guide\\\/#primaryimage\",\"url\":\"https:\\\/\\\/world.dan.org\\\/wp-content\\\/uploads\\\/2022\\\/02\\\/dema-new-products-page-safety-tips.jpg\",\"contentUrl\":\"https:\\\/\\\/world.dan.org\\\/wp-content\\\/uploads\\\/2022\\\/02\\\/dema-new-products-page-safety-tips.jpg\",\"width\":800,\"height\":600},{\"@type\":\"BreadcrumbList\",\"@id\":\"https:\\\/\\\/world.dan.org\\\/safety-prevention\\\/dan-safety-tips-for-dive-operators-guide\\\/#breadcrumb\",\"itemListElement\":[{\"@type\":\"ListItem\",\"position\":1,\"name\":\"Home\",\"item\":\"https:\\\/\\\/world.dan.org\\\/\"},{\"@type\":\"ListItem\",\"position\":2,\"name\":\"Safety &#038; Prevention\",\"item\":\"https:\\\/\\\/world.dan.org\\\/safety-prevention\\\/\"},{\"@type\":\"ListItem\",\"position\":3,\"name\":\"DAN Safety Tips For Dive Operators Guide\"}]},{\"@type\":\"WebSite\",\"@id\":\"https:\\\/\\\/world.dan.org\\\/es\\\/#website\",\"url\":\"https:\\\/\\\/world.dan.org\\\/es\\\/\",\"name\":\"DAN World\",\"description\":\"\",\"publisher\":{\"@id\":\"https:\\\/\\\/world.dan.org\\\/es\\\/#organization\"},\"potentialAction\":[{\"@type\":\"SearchAction\",\"target\":{\"@type\":\"EntryPoint\",\"urlTemplate\":\"https:\\\/\\\/world.dan.org\\\/es\\\/?s={search_term_string}\"},\"query-input\":{\"@type\":\"PropertyValueSpecification\",\"valueRequired\":true,\"valueName\":\"search_term_string\"}}],\"inLanguage\":\"fr-CA\"},{\"@type\":\"Organization\",\"@id\":\"https:\\\/\\\/world.dan.org\\\/es\\\/#organization\",\"name\":\"DAN World\",\"url\":\"https:\\\/\\\/world.dan.org\\\/es\\\/\",\"logo\":{\"@type\":\"ImageObject\",\"inLanguage\":\"fr-CA\",\"@id\":\"https:\\\/\\\/world.dan.org\\\/es\\\/#\\\/schema\\\/logo\\\/image\\\/\",\"url\":\"https:\\\/\\\/world.dan.org\\\/wp-content\\\/uploads\\\/2022\\\/04\\\/DAN-World-logo-sm-52px.svg\",\"contentUrl\":\"https:\\\/\\\/world.dan.org\\\/wp-content\\\/uploads\\\/2022\\\/04\\\/DAN-World-logo-sm-52px.svg\",\"width\":175,\"height\":52,\"caption\":\"DAN World\"},\"image\":{\"@id\":\"https:\\\/\\\/world.dan.org\\\/es\\\/#\\\/schema\\\/logo\\\/image\\\/\"}},{\"@type\":\"Person\",\"@id\":\"https:\\\/\\\/world.dan.org\\\/es\\\/#\\\/schema\\\/person\\\/a397c489ba6c363b7c4938423a20ccd2\",\"name\":\"Brandon Brownell\",\"url\":\"https:\\\/\\\/world.dan.org\\\/fr\\\/author\\\/bbrownell\\\/\"}]}<\/script>\n<!-- \/ Yoast SEO Premium plugin. -->","yoast_head_json":{"title":"Guide des conseils de s\u00e9curit\u00e9 de DAN pour les op\u00e9rateurs de plong\u00e9e - DAN World","description":"Le DAN a cr\u00e9\u00e9 ce guide pour aider les op\u00e9rateurs et les professionnels de la plong\u00e9e \u00e0 mieux comprendre les risques inh\u00e9rents \u00e0 leurs activit\u00e9s.","robots":{"index":"index","follow":"follow","max-snippet":"max-snippet:-1","max-image-preview":"max-image-preview:large","max-video-preview":"max-video-preview:-1"},"canonical":"https:\/\/world.dan.org\/fr\/safety-prevention\/dan-safety-tips-for-dive-operators-guide\/","og_locale":"fr_CA","og_type":"article","og_title":"Safety tips for dive operators","og_description":"DAN created this guide to help dive operators and professionals gain a better understanding of the risks inherent to their operations.","og_url":"https:\/\/world.dan.org\/fr\/safety-prevention\/dan-safety-tips-for-dive-operators-guide\/","og_site_name":"DAN World","article_modified_time":"2023-08-09T20:11:55+00:00","og_image":[{"width":800,"height":600,"url":"https:\/\/world.dan.org\/wp-content\/uploads\/2022\/02\/dema-new-products-page-safety-tips.jpg","type":"image\/jpeg"}],"twitter_card":"summary_large_image","twitter_title":"Safety tips for dive operators","twitter_description":"DAN created this guide to help dive operators and professionals gain a better understanding of the risks inherent to their operations.","twitter_image":"https:\/\/world.dan.org\/wp-content\/uploads\/2022\/02\/dema-new-products-page-safety-tips.jpg","twitter_misc":{"Est. reading time":"1 minute"},"schema":{"@context":"https:\/\/schema.org","@graph":[{"@type":"TechArticle","@id":"https:\/\/world.dan.org\/safety-prevention\/dan-safety-tips-for-dive-operators-guide\/#article","isPartOf":{"@id":"https:\/\/world.dan.org\/safety-prevention\/dan-safety-tips-for-dive-operators-guide\/"},"author":{"name":"Brandon Brownell","@id":"https:\/\/world.dan.org\/es\/#\/schema\/person\/a397c489ba6c363b7c4938423a20ccd2"},"headline":"DAN Safety Tips For Dive Operators Guide","datePublished":"2022-02-08T20:25:50+00:00","dateModified":"2023-08-09T20:11:55+00:00","mainEntityOfPage":{"@id":"https:\/\/world.dan.org\/safety-prevention\/dan-safety-tips-for-dive-operators-guide\/"},"wordCount":197,"publisher":{"@id":"https:\/\/world.dan.org\/es\/#organization"},"image":{"@id":"https:\/\/world.dan.org\/safety-prevention\/dan-safety-tips-for-dive-operators-guide\/#primaryimage"},"thumbnailUrl":"https:\/\/world.dan.org\/wp-content\/uploads\/2022\/02\/dema-new-products-page-safety-tips.jpg","inLanguage":"fr-CA"},{"@type":"WebPage","@id":"https:\/\/world.dan.org\/safety-prevention\/dan-safety-tips-for-dive-operators-guide\/","url":"https:\/\/world.dan.org\/safety-prevention\/dan-safety-tips-for-dive-operators-guide\/","name":"Guide des conseils de s\u00e9curit\u00e9 de DAN pour les op\u00e9rateurs de plong\u00e9e - DAN World","isPartOf":{"@id":"https:\/\/world.dan.org\/es\/#website"},"primaryImageOfPage":{"@id":"https:\/\/world.dan.org\/safety-prevention\/dan-safety-tips-for-dive-operators-guide\/#primaryimage"},"image":{"@id":"https:\/\/world.dan.org\/safety-prevention\/dan-safety-tips-for-dive-operators-guide\/#primaryimage"},"thumbnailUrl":"https:\/\/world.dan.org\/wp-content\/uploads\/2022\/02\/dema-new-products-page-safety-tips.jpg","datePublished":"2022-02-08T20:25:50+00:00","dateModified":"2023-08-09T20:11:55+00:00","description":"Le DAN a cr\u00e9\u00e9 ce guide pour aider les op\u00e9rateurs et les professionnels de la plong\u00e9e \u00e0 mieux comprendre les risques inh\u00e9rents \u00e0 leurs activit\u00e9s.","breadcrumb":{"@id":"https:\/\/world.dan.org\/safety-prevention\/dan-safety-tips-for-dive-operators-guide\/#breadcrumb"},"inLanguage":"fr-CA","potentialAction":[{"@type":"ReadAction","target":["https:\/\/world.dan.org\/safety-prevention\/dan-safety-tips-for-dive-operators-guide\/"]}]},{"@type":"ImageObject","inLanguage":"fr-CA","@id":"https:\/\/world.dan.org\/safety-prevention\/dan-safety-tips-for-dive-operators-guide\/#primaryimage","url":"https:\/\/world.dan.org\/wp-content\/uploads\/2022\/02\/dema-new-products-page-safety-tips.jpg","contentUrl":"https:\/\/world.dan.org\/wp-content\/uploads\/2022\/02\/dema-new-products-page-safety-tips.jpg","width":800,"height":600},{"@type":"BreadcrumbList","@id":"https:\/\/world.dan.org\/safety-prevention\/dan-safety-tips-for-dive-operators-guide\/#breadcrumb","itemListElement":[{"@type":"ListItem","position":1,"name":"Home","item":"https:\/\/world.dan.org\/"},{"@type":"ListItem","position":2,"name":"Safety &#038; Prevention","item":"https:\/\/world.dan.org\/safety-prevention\/"},{"@type":"ListItem","position":3,"name":"DAN Safety Tips For Dive Operators Guide"}]},{"@type":"WebSite","@id":"https:\/\/world.dan.org\/es\/#website","url":"https:\/\/world.dan.org\/es\/","name":"DAN World","description":"","publisher":{"@id":"https:\/\/world.dan.org\/es\/#organization"},"potentialAction":[{"@type":"SearchAction","target":{"@type":"EntryPoint","urlTemplate":"https:\/\/world.dan.org\/es\/?s={search_term_string}"},"query-input":{"@type":"PropertyValueSpecification","valueRequired":true,"valueName":"search_term_string"}}],"inLanguage":"fr-CA"},{"@type":"Organization","@id":"https:\/\/world.dan.org\/es\/#organization","name":"DAN World","url":"https:\/\/world.dan.org\/es\/","logo":{"@type":"ImageObject","inLanguage":"fr-CA","@id":"https:\/\/world.dan.org\/es\/#\/schema\/logo\/image\/","url":"https:\/\/world.dan.org\/wp-content\/uploads\/2022\/04\/DAN-World-logo-sm-52px.svg","contentUrl":"https:\/\/world.dan.org\/wp-content\/uploads\/2022\/04\/DAN-World-logo-sm-52px.svg","width":175,"height":52,"caption":"DAN World"},"image":{"@id":"https:\/\/world.dan.org\/es\/#\/schema\/logo\/image\/"}},{"@type":"Person","@id":"https:\/\/world.dan.org\/es\/#\/schema\/person\/a397c489ba6c363b7c4938423a20ccd2","name":"Brandon Brownell","url":"https:\/\/world.dan.org\/fr\/author\/bbrownell\/"}]}},"_links":{"self":[{"href":"https:\/\/world.dan.org\/fr\/wp-json\/wp\/v2\/pages\/19908","targetHints":{"allow":["GET"]}}],"collection":[{"href":"https:\/\/world.dan.org\/fr\/wp-json\/wp\/v2\/pages"}],"about":[{"href":"https:\/\/world.dan.org\/fr\/wp-json\/wp\/v2\/types\/page"}],"author":[{"embeddable":true,"href":"https:\/\/world.dan.org\/fr\/wp-json\/wp\/v2\/users\/14"}],"replies":[{"embeddable":true,"href":"https:\/\/world.dan.org\/fr\/wp-json\/wp\/v2\/comments?post=19908"}],"version-history":[{"count":0,"href":"https:\/\/world.dan.org\/fr\/wp-json\/wp\/v2\/pages\/19908\/revisions"}],"up":[{"embeddable":true,"href":"https:\/\/world.dan.org\/fr\/wp-json\/wp\/v2\/pages\/23"}],"wp:featuredmedia":[{"embeddable":true,"href":"https:\/\/world.dan.org\/fr\/wp-json\/wp\/v2\/media\/19924"}],"wp:attachment":[{"href":"https:\/\/world.dan.org\/fr\/wp-json\/wp\/v2\/media?parent=19908"}],"curies":[{"name":"wp","href":"https:\/\/api.w.org\/{rel}","templated":true}]}}