{"id":2017,"date":"2020-07-10T12:40:22","date_gmt":"2020-07-10T16:40:22","guid":{"rendered":"http:\/\/wordpress.world.dan.org\/?page_id=2017"},"modified":"2026-03-30T16:08:41","modified_gmt":"2026-03-30T20:08:41","slug":"safety-assessments","status":"publish","type":"page","link":"https:\/\/world.dan.org\/fr\/safety-prevention\/operation-safety\/safety-assessments\/","title":{"rendered":"\u00c9valuations de la s\u00e9curit\u00e9 : Professionnels de la plong\u00e9e"},"content":{"rendered":"<div style=\"height:50px\" aria-hidden=\"true\" class=\"wp-block-spacer\"><\/div>\n\n\n\n<p>Le programme d'identification des dangers et d'\u00e9valuation des risques (HIRA) de DAN est con\u00e7u pour aider les propri\u00e9taires, les op\u00e9rateurs, le personnel et les professionnels de la plong\u00e9e \u00e0 identifier les dangers avant qu'ils n'entra\u00eenent des blessures ou des d\u00e9c\u00e8s. Ax\u00e9 sur une \u00e9valuation r\u00e9aliste et pragmatique des risques susceptibles d'entra\u00eener des cons\u00e9quences graves, le programme fournit des outils d'auto-\u00e9valuation et des ressources pour sensibiliser aux questions essentielles de s\u00e9curit\u00e9 et \u00e0 la mani\u00e8re de les aborder.<\/p>\n\n\n\n<div style=\"height:30px\" aria-hidden=\"true\" class=\"wp-block-spacer\"><\/div>\n\n\n\n<h2 class=\"wp-block-heading has-dan-black-color has-text-color\" id=\"h-what-hira-can-do-for-you\">Ce que HIRA Peut Faire Pour Vous<\/h2>\n\n\n\n<ul class=\"wp-block-list\">\n<li>Diminuer les blessures de vos clients et de vos employ\u00e9s<\/li>\n\n\n\n<li> Minimiser la gravit\u00e9 des incidents et leur impact sur votre entreprise<\/li>\n\n\n\n<li> R\u00e9duire les co\u00fbts \u00e0 long terme des blessures et de la responsabilit\u00e9<\/li>\n\n\n\n<li> Am\u00e9liorer la formation et la fid\u00e9lisation du personnel<\/li>\n\n\n\n<li> Instaurer et maintenir une culture de la s\u00e9curit\u00e9 au sein de votre entreprise et de votre communaut\u00e9<\/li>\n<\/ul>\n\n\n\n<div style=\"height:30px\" aria-hidden=\"true\" class=\"wp-block-spacer\"><\/div>\n\n\n\n<div class=\"wp-block-buttons is-layout-flex wp-block-buttons-is-layout-flex\">\n<div class=\"wp-block-button\"><a class=\"wp-block-button__link has-dan-red-400-background-color has-background wp-element-button\" href=\"https:\/\/world.dan.org\/fr\/safety-prevention\/operation-safety\/safety-assessments\/hazard-identification-and-risk-assessment-hira-faqs\/\" style=\"border-radius:4px\">FAQ D\u2019HIRA<\/a><\/div>\n<\/div>\n\n\n\n<div style=\"height:50px\" aria-hidden=\"true\" class=\"wp-block-spacer\"><\/div>\n\n\n\n<hr class=\"wp-block-separator has-text-color has-dan-light-gray-color has-css-opacity has-dan-light-gray-background-color has-background\"\/>\n\n\n\n<div style=\"height:30px\" aria-hidden=\"true\" class=\"wp-block-spacer\"><\/div>\n\n\n\n<h2 class=\"wp-block-heading has-dan-black-color has-text-color\" id=\"h-about-hira\">\u00c0 Propos d\u2019HIRA<\/h2>\n\n\n\n<p>Le niveau 1 d\u2019HIRA est un outil d'auto-\u00e9valuation en ligne destin\u00e9 aux professionnels de la plong\u00e9e et aux op\u00e9rateurs de plong\u00e9e, qui met l'accent sur les exigences de base pour exploiter votre entreprise en toute s\u00e9curit\u00e9. Pour atteindre le niveau 1, vous et votre personnel devez disposer de la formation de base et de l'\u00e9quipement n\u00e9cessaire pour g\u00e9rer les blessures, ainsi que des PAE et des proc\u00e9dures pour faire face aux situations d'urgence.<\/p>\n\n\n\n<p>Le niveau II d'HIRA s'appuie sur le niveau 1 et exige une formation suppl\u00e9mentaire pour vous et votre personnel, la mise en \u0153uvre d'un plus grand nombre de proc\u00e9dures op\u00e9rationnelles normalis\u00e9es et de plans d'urgence, ainsi que la r\u00e9alisation de simulations et d'exercices d'urgence.<\/p>\n\n\n\n<p class=\"translation-block\">Les \u00e9valuations HIRA I et HIRA II sont disponibles en ligne pour les membres professionnels DAN et les entreprises DAN uniquement. En savoir plus sur les avantages d\u2019une  <a href=\"https:\/\/world.dan.org\/fr\/professional-programs\/dive-professionals\/\" target=\"_self\"> Adh\u00e9sion Professionnelle DAN<\/a> ou une<a href=\"https:\/\/world.dan.org\/fr\/professional-programs\/dive-businesses\/\" target=\"_self\">\u00a0Adh\u00e9sion d\u2019Entreprise DAN<\/a>.<\/p>\n\n\n\n<p class=\"translation-block\">Le <a href=\"https:\/\/apps.world.dan.org\/publication-library?&amp;token=na\" target=\"_self\"><strong>Guide HIRA 2\u00e8me \u00c9dition 2019<\/strong><\/a>, (HIRA niveau III) est t\u00e9l\u00e9chargeable gratuitement par toute personne souhaitant assurer le plus haut niveau de s\u00e9curit\u00e9. De plus, DAN offre un service de conseil en temps r\u00e9el \u00e0 tous les participants, qui peut inclure des \u00e9valuations sur place.<\/p>\n\n\n\n<p class=\"translation-block\">Pour plus d\u2019informations, t\u00e9l\u00e9chargez la\u00a0<a href=\"http:\/\/world.dan.org\/wp-content\/uploads\/2020\/08\/DAN-HIRA-Brochure.pdf\" target=\"_self\"><strong>brochure HIRA<\/strong><\/a>.<\/p>\n\n\n\n<h4 class=\"wp-block-heading\" id=\"h-hira-level-i-for-dive-professionals\"><a href=\"https:\/\/dan.diverelearning.com\/?courseNo=468\">HIRA Level I for Dive Professionals<\/a><\/h4>\n\n\n\n<p>The HIRA Level I for Dive Professionals e-learning course is a self-assessment tool designed to help dive professionals comply with the basic requirements for safely conducting diving activities.<\/p>\n\n\n\n<h4 class=\"wp-block-heading\" id=\"h-hira-level-ii-for-dive-professionals\"><a href=\"https:\/\/dan.diverelearning.com\/?courseNo=469\">HIRA Level II for Dive Professionals<\/a><\/h4>\n\n\n\n<p>The HIRA Level II for Dive Professionals e-learning course is a self-assessment tool designed to build on the basic requirements of HIRA Level I.<\/p>\n\n\n\n<h4 class=\"wp-block-heading\" id=\"h-hira-level-i-for-dive-businesses\"><a href=\"https:\/\/dan.diverelearning.com\/?courseNo=466\">HIRA Level I for Dive Businesses<\/a><\/h4>\n\n\n\n<p>The HIRA Level I for Dive Business e-learning course is a self-assessment tool designed to help dive operators comply with the basic requirements for safely operating a dive business.<\/p>\n\n\n\n<h4 class=\"wp-block-heading\" id=\"h-hira-level-ii-for-dive-businesses\"><a href=\"https:\/\/dan.diverelearning.com\/?courseNo=467\">HIRA Level II for Dive Businesses<\/a><\/h4>\n\n\n\n<p>The HIRA Level II for Dive Businesses e-learning course is a self-assessment tool designed build on the basic requirements of HIRA Level I.<\/p>\n\n\n\n<div style=\"height:30px\" aria-hidden=\"true\" class=\"wp-block-spacer\"><\/div>\n\n\n\n<p><\/p>","protected":false},"excerpt":{"rendered":"<p>DAN\u2019s Hazard Identification and Risk Assessment (HIRA) program is designed to help owners, operators, staff and dive professionals identify hazards before they lead to injuries or losses. Focusing on realistic and pragmatic assessments of risks that could lead to serious outcomes, the program provides self-assessment tools and resources to increase awareness of essential safety issues and how to address them.<\/p>","protected":false},"author":1,"featured_media":17602,"parent":43,"menu_order":123,"comment_status":"closed","ping_status":"closed","template":"","meta":{"_acf_changed":false,"_ef_editorial_meta_date_first-draft-date":"","_ef_editorial_meta_paragraph_assignment":"","_ef_editorial_meta_checkbox_needs-photo":"","_ef_editorial_meta_number_word-count":"","footnotes":""},"class_list":["post-2017","page","type-page","status-publish","has-post-thumbnail","hentry"],"acf":[],"yoast_head":"<!-- This site is optimized with the Yoast SEO Premium plugin v27.0 (Yoast SEO v27.3) - https:\/\/yoast.com\/product\/yoast-seo-premium-wordpress\/ -->\n<title>Safety Assessments: Dive Professionals - DAN World<\/title>\n<meta name=\"description\" content=\"DAN\u2019s Hazard Identification and Risk Assessment (HIRA) program is designed to help owners, operators, staff and dive professionals identify hazards before they lead to injuries or losses.\" \/>\n<meta name=\"robots\" content=\"index, follow, max-snippet:-1, max-image-preview:large, max-video-preview:-1\" \/>\n<link rel=\"canonical\" href=\"https:\/\/world.dan.org\/fr\/safety-prevention\/operation-safety\/safety-assessments\/\" \/>\n<meta property=\"og:locale\" content=\"fr_CA\" \/>\n<meta property=\"og:type\" content=\"article\" \/>\n<meta property=\"og:title\" content=\"Safety Assessments: Dive Professionals\" \/>\n<meta property=\"og:description\" content=\"DAN\u2019s Hazard Identification and Risk Assessment (HIRA) program is designed to help owners, operators, staff and dive professionals identify hazards before they lead to injuries or losses.\" \/>\n<meta property=\"og:url\" content=\"https:\/\/world.dan.org\/fr\/safety-prevention\/operation-safety\/safety-assessments\/\" \/>\n<meta property=\"og:site_name\" content=\"DAN World\" \/>\n<meta property=\"article:modified_time\" content=\"2026-03-30T20:08:41+00:00\" \/>\n<meta property=\"og:image\" content=\"https:\/\/world.dan.org\/wp-content\/uploads\/2021\/07\/safety-assestments-000020232941-1200x600-1.jpg\" \/>\n\t<meta property=\"og:image:width\" content=\"1200\" \/>\n\t<meta property=\"og:image:height\" content=\"600\" \/>\n\t<meta property=\"og:image:type\" content=\"image\/jpeg\" \/>\n<meta name=\"twitter:card\" content=\"summary_large_image\" \/>\n<meta name=\"twitter:title\" content=\"Safety Assessments: Dive Professionals\" \/>\n<meta name=\"twitter:description\" content=\"DAN\u2019s Hazard Identification and Risk Assessment (HIRA) program is designed to help owners, operators, staff and dive professionals identify hazards before they lead to injuries or losses.\" \/>\n<meta name=\"twitter:image\" content=\"https:\/\/world.dan.org\/wp-content\/uploads\/2021\/07\/safety-assestments-000020232941-1200x600-1.jpg\" \/>\n<meta name=\"twitter:label1\" content=\"Est. reading time\" \/>\n\t<meta name=\"twitter:data1\" content=\"2 minutes\" \/>\n<script type=\"application\/ld+json\" class=\"yoast-schema-graph\">{\"@context\":\"https:\\\/\\\/schema.org\",\"@graph\":[{\"@type\":\"WebPage\",\"@id\":\"https:\\\/\\\/world.dan.org\\\/safety-prevention\\\/operation-safety\\\/safety-assessments\\\/\",\"url\":\"https:\\\/\\\/world.dan.org\\\/safety-prevention\\\/operation-safety\\\/safety-assessments\\\/\",\"name\":\"Safety Assessments: Dive Professionals - DAN World\",\"isPartOf\":{\"@id\":\"https:\\\/\\\/world.dan.org\\\/es\\\/#website\"},\"primaryImageOfPage\":{\"@id\":\"https:\\\/\\\/world.dan.org\\\/safety-prevention\\\/operation-safety\\\/safety-assessments\\\/#primaryimage\"},\"image\":{\"@id\":\"https:\\\/\\\/world.dan.org\\\/safety-prevention\\\/operation-safety\\\/safety-assessments\\\/#primaryimage\"},\"thumbnailUrl\":\"https:\\\/\\\/world.dan.org\\\/wp-content\\\/uploads\\\/2021\\\/07\\\/safety-assestments-000020232941-1200x600-1.jpg\",\"datePublished\":\"2020-07-10T16:40:22+00:00\",\"dateModified\":\"2026-03-30T20:08:41+00:00\",\"description\":\"DAN\u2019s Hazard Identification and Risk Assessment (HIRA) program is designed to help owners, operators, staff and dive professionals identify hazards before they lead to injuries or losses.\",\"breadcrumb\":{\"@id\":\"https:\\\/\\\/world.dan.org\\\/safety-prevention\\\/operation-safety\\\/safety-assessments\\\/#breadcrumb\"},\"inLanguage\":\"fr-CA\",\"potentialAction\":[{\"@type\":\"ReadAction\",\"target\":[\"https:\\\/\\\/world.dan.org\\\/safety-prevention\\\/operation-safety\\\/safety-assessments\\\/\"]}]},{\"@type\":\"ImageObject\",\"inLanguage\":\"fr-CA\",\"@id\":\"https:\\\/\\\/world.dan.org\\\/safety-prevention\\\/operation-safety\\\/safety-assessments\\\/#primaryimage\",\"url\":\"https:\\\/\\\/world.dan.org\\\/wp-content\\\/uploads\\\/2021\\\/07\\\/safety-assestments-000020232941-1200x600-1.jpg\",\"contentUrl\":\"https:\\\/\\\/world.dan.org\\\/wp-content\\\/uploads\\\/2021\\\/07\\\/safety-assestments-000020232941-1200x600-1.jpg\",\"width\":1200,\"height\":600,\"caption\":\"Workshop with scuba tools to service scuba equipment.\"},{\"@type\":\"BreadcrumbList\",\"@id\":\"https:\\\/\\\/world.dan.org\\\/safety-prevention\\\/operation-safety\\\/safety-assessments\\\/#breadcrumb\",\"itemListElement\":[{\"@type\":\"ListItem\",\"position\":1,\"name\":\"Home\",\"item\":\"https:\\\/\\\/world.dan.org\\\/\"},{\"@type\":\"ListItem\",\"position\":2,\"name\":\"Safety &#038; Prevention\",\"item\":\"https:\\\/\\\/world.dan.org\\\/safety-prevention\\\/\"},{\"@type\":\"ListItem\",\"position\":3,\"name\":\"Dive Operation Safety\",\"item\":\"https:\\\/\\\/world.dan.org\\\/ko\\\/safety-prevention\\\/operation-safety\\\/\"},{\"@type\":\"ListItem\",\"position\":4,\"name\":\"Safety Assessments: Dive Professionals\"}]},{\"@type\":\"WebSite\",\"@id\":\"https:\\\/\\\/world.dan.org\\\/es\\\/#website\",\"url\":\"https:\\\/\\\/world.dan.org\\\/es\\\/\",\"name\":\"DAN World\",\"description\":\"\",\"publisher\":{\"@id\":\"https:\\\/\\\/world.dan.org\\\/es\\\/#organization\"},\"potentialAction\":[{\"@type\":\"SearchAction\",\"target\":{\"@type\":\"EntryPoint\",\"urlTemplate\":\"https:\\\/\\\/world.dan.org\\\/es\\\/?s={search_term_string}\"},\"query-input\":{\"@type\":\"PropertyValueSpecification\",\"valueRequired\":true,\"valueName\":\"search_term_string\"}}],\"inLanguage\":\"fr-CA\"},{\"@type\":\"Organization\",\"@id\":\"https:\\\/\\\/world.dan.org\\\/es\\\/#organization\",\"name\":\"DAN World\",\"url\":\"https:\\\/\\\/world.dan.org\\\/es\\\/\",\"logo\":{\"@type\":\"ImageObject\",\"inLanguage\":\"fr-CA\",\"@id\":\"https:\\\/\\\/world.dan.org\\\/es\\\/#\\\/schema\\\/logo\\\/image\\\/\",\"url\":\"https:\\\/\\\/world.dan.org\\\/wp-content\\\/uploads\\\/2022\\\/04\\\/DAN-World-logo-sm-52px.svg\",\"contentUrl\":\"https:\\\/\\\/world.dan.org\\\/wp-content\\\/uploads\\\/2022\\\/04\\\/DAN-World-logo-sm-52px.svg\",\"width\":175,\"height\":52,\"caption\":\"DAN World\"},\"image\":{\"@id\":\"https:\\\/\\\/world.dan.org\\\/es\\\/#\\\/schema\\\/logo\\\/image\\\/\"}}]}<\/script>\n<!-- \/ Yoast SEO Premium plugin. -->","yoast_head_json":{"title":"Safety Assessments: Dive Professionals - DAN World","description":"DAN\u2019s Hazard Identification and Risk Assessment (HIRA) program is designed to help owners, operators, staff and dive professionals identify hazards before they lead to injuries or losses.","robots":{"index":"index","follow":"follow","max-snippet":"max-snippet:-1","max-image-preview":"max-image-preview:large","max-video-preview":"max-video-preview:-1"},"canonical":"https:\/\/world.dan.org\/fr\/safety-prevention\/operation-safety\/safety-assessments\/","og_locale":"fr_CA","og_type":"article","og_title":"Safety Assessments: Dive Professionals","og_description":"DAN\u2019s Hazard Identification and Risk Assessment (HIRA) program is designed to help owners, operators, staff and dive professionals identify hazards before they lead to injuries or losses.","og_url":"https:\/\/world.dan.org\/fr\/safety-prevention\/operation-safety\/safety-assessments\/","og_site_name":"DAN World","article_modified_time":"2026-03-30T20:08:41+00:00","og_image":[{"width":1200,"height":600,"url":"https:\/\/world.dan.org\/wp-content\/uploads\/2021\/07\/safety-assestments-000020232941-1200x600-1.jpg","type":"image\/jpeg"}],"twitter_card":"summary_large_image","twitter_title":"Safety Assessments: Dive Professionals","twitter_description":"DAN\u2019s Hazard Identification and Risk Assessment (HIRA) program is designed to help owners, operators, staff and dive professionals identify hazards before they lead to injuries or losses.","twitter_image":"https:\/\/world.dan.org\/wp-content\/uploads\/2021\/07\/safety-assestments-000020232941-1200x600-1.jpg","twitter_misc":{"Est. reading time":"2 minutes"},"schema":{"@context":"https:\/\/schema.org","@graph":[{"@type":"WebPage","@id":"https:\/\/world.dan.org\/safety-prevention\/operation-safety\/safety-assessments\/","url":"https:\/\/world.dan.org\/safety-prevention\/operation-safety\/safety-assessments\/","name":"Safety Assessments: Dive Professionals - DAN World","isPartOf":{"@id":"https:\/\/world.dan.org\/es\/#website"},"primaryImageOfPage":{"@id":"https:\/\/world.dan.org\/safety-prevention\/operation-safety\/safety-assessments\/#primaryimage"},"image":{"@id":"https:\/\/world.dan.org\/safety-prevention\/operation-safety\/safety-assessments\/#primaryimage"},"thumbnailUrl":"https:\/\/world.dan.org\/wp-content\/uploads\/2021\/07\/safety-assestments-000020232941-1200x600-1.jpg","datePublished":"2020-07-10T16:40:22+00:00","dateModified":"2026-03-30T20:08:41+00:00","description":"DAN\u2019s Hazard Identification and Risk Assessment (HIRA) program is designed to help owners, operators, staff and dive professionals identify hazards before they lead to injuries or losses.","breadcrumb":{"@id":"https:\/\/world.dan.org\/safety-prevention\/operation-safety\/safety-assessments\/#breadcrumb"},"inLanguage":"fr-CA","potentialAction":[{"@type":"ReadAction","target":["https:\/\/world.dan.org\/safety-prevention\/operation-safety\/safety-assessments\/"]}]},{"@type":"ImageObject","inLanguage":"fr-CA","@id":"https:\/\/world.dan.org\/safety-prevention\/operation-safety\/safety-assessments\/#primaryimage","url":"https:\/\/world.dan.org\/wp-content\/uploads\/2021\/07\/safety-assestments-000020232941-1200x600-1.jpg","contentUrl":"https:\/\/world.dan.org\/wp-content\/uploads\/2021\/07\/safety-assestments-000020232941-1200x600-1.jpg","width":1200,"height":600,"caption":"Workshop with scuba tools to service scuba equipment."},{"@type":"BreadcrumbList","@id":"https:\/\/world.dan.org\/safety-prevention\/operation-safety\/safety-assessments\/#breadcrumb","itemListElement":[{"@type":"ListItem","position":1,"name":"Home","item":"https:\/\/world.dan.org\/"},{"@type":"ListItem","position":2,"name":"Safety &#038; Prevention","item":"https:\/\/world.dan.org\/safety-prevention\/"},{"@type":"ListItem","position":3,"name":"Dive Operation Safety","item":"https:\/\/world.dan.org\/ko\/safety-prevention\/operation-safety\/"},{"@type":"ListItem","position":4,"name":"Safety Assessments: Dive Professionals"}]},{"@type":"WebSite","@id":"https:\/\/world.dan.org\/es\/#website","url":"https:\/\/world.dan.org\/es\/","name":"DAN World","description":"","publisher":{"@id":"https:\/\/world.dan.org\/es\/#organization"},"potentialAction":[{"@type":"SearchAction","target":{"@type":"EntryPoint","urlTemplate":"https:\/\/world.dan.org\/es\/?s={search_term_string}"},"query-input":{"@type":"PropertyValueSpecification","valueRequired":true,"valueName":"search_term_string"}}],"inLanguage":"fr-CA"},{"@type":"Organization","@id":"https:\/\/world.dan.org\/es\/#organization","name":"DAN World","url":"https:\/\/world.dan.org\/es\/","logo":{"@type":"ImageObject","inLanguage":"fr-CA","@id":"https:\/\/world.dan.org\/es\/#\/schema\/logo\/image\/","url":"https:\/\/world.dan.org\/wp-content\/uploads\/2022\/04\/DAN-World-logo-sm-52px.svg","contentUrl":"https:\/\/world.dan.org\/wp-content\/uploads\/2022\/04\/DAN-World-logo-sm-52px.svg","width":175,"height":52,"caption":"DAN World"},"image":{"@id":"https:\/\/world.dan.org\/es\/#\/schema\/logo\/image\/"}}]}},"_links":{"self":[{"href":"https:\/\/world.dan.org\/fr\/wp-json\/wp\/v2\/pages\/2017","targetHints":{"allow":["GET"]}}],"collection":[{"href":"https:\/\/world.dan.org\/fr\/wp-json\/wp\/v2\/pages"}],"about":[{"href":"https:\/\/world.dan.org\/fr\/wp-json\/wp\/v2\/types\/page"}],"author":[{"embeddable":true,"href":"https:\/\/world.dan.org\/fr\/wp-json\/wp\/v2\/users\/1"}],"replies":[{"embeddable":true,"href":"https:\/\/world.dan.org\/fr\/wp-json\/wp\/v2\/comments?post=2017"}],"version-history":[{"count":1,"href":"https:\/\/world.dan.org\/fr\/wp-json\/wp\/v2\/pages\/2017\/revisions"}],"predecessor-version":[{"id":35298,"href":"https:\/\/world.dan.org\/fr\/wp-json\/wp\/v2\/pages\/2017\/revisions\/35298"}],"up":[{"embeddable":true,"href":"https:\/\/world.dan.org\/fr\/wp-json\/wp\/v2\/pages\/43"}],"wp:featuredmedia":[{"embeddable":true,"href":"https:\/\/world.dan.org\/fr\/wp-json\/wp\/v2\/media\/17602"}],"wp:attachment":[{"href":"https:\/\/world.dan.org\/fr\/wp-json\/wp\/v2\/media?parent=2017"}],"curies":[{"name":"wp","href":"https:\/\/api.w.org\/{rel}","templated":true}]}}