{"id":2044,"date":"2020-07-13T10:02:33","date_gmt":"2020-07-13T14:02:33","guid":{"rendered":"http:\/\/wordpress.world.dan.org\/?page_id=2044"},"modified":"2021-08-18T15:42:18","modified_gmt":"2021-08-18T19:42:18","slug":"physician-referral-network-criteria","status":"publish","type":"page","link":"https:\/\/world.dan.org\/fr\/health-medicine\/medical-services\/physician-network\/physician-referral-network-criteria\/","title":{"rendered":"Crit\u00e8res pour les R\u00e9seaux de R\u00e9f\u00e9rencement des M\u00e9decins"},"content":{"rendered":"<p>Lorsque des personnes contactent DAN pour une recommandation m\u00e9dicale, nous leur donnons g\u00e9n\u00e9ralement les coordonn\u00e9es du m\u00e9decin afin de convenir d\u2019un rendez-vous. Il peut s'agir d'un examen m\u00e9dical d'aptitude \u00e0 la plong\u00e9e ou d'une \u00e9valuation d'un \u00e9ventuel accident li\u00e9 \u00e0 la plong\u00e9e. Les patients pr\u00e9sentant des signes et des sympt\u00f4mes aigus sont toujours orient\u00e9s vers le service des urgences ou la clinique de soins aigus de leur r\u00e9gion.<\/p>\n\n\n\n<p>DAN peut \u00e9galement fournir les coordonn\u00e9es d'un m\u00e9decin r\u00e9f\u00e9rent \u00e0 un autre m\u00e9decin qui souhaiterait consulter une personne comp\u00e9tente en mati\u00e8re d'aptitude \u00e0 la plong\u00e9e ou d\u2019accidents li\u00e9s \u00e0 la plong\u00e9e.<\/p>\n\n\n\n<p class=\"translation-block\">Si vous souhaitez rejoindre notre r\u00e9seau de r\u00e9f\u00e9rence, veuillez prendre connaissance des crit\u00e8res ci-dessous et remplir le formulaire en ligne de\u00a0<a href=\"https:\/\/apps.dan.org\/physicians-network\/Home\/SignUp\" target=\"_blank\" rel=\"noreferrer noopener\"><strong>Demande d'adh\u00e9sion au r\u00e9seau de r\u00e9f\u00e9rence des m\u00e9decins<\/strong><\/a>, accompagn\u00e9 des copies requises de votre licence m\u00e9dicale et de votre (vos) certificat(s) de formation m\u00e9dicale continue en plong\u00e9e et\/ou en m\u00e9decine hyperbare. Une fois que nous aurons examin\u00e9 et approuv\u00e9 vos documents, votre nom et vos coordonn\u00e9es seront ajout\u00e9s \u00e0 notre base de donn\u00e9es. Cette base de donn\u00e9es n'est pas accessible au grand public; nos collaborateurs traitent chaque demande individuellement, en tenant compte des besoins du plongeur ainsi que de la localisation et du profil du m\u00e9decin.<\/p>\n\n\n\n<p><strong>Crit\u00e8res pour le R\u00e9f\u00e9rencement des M\u00e9decins<\/strong><\/p>\n\n\n\n<p>Les candidats doivent \u00eatre des m\u00e9decins (M.D., D.O. ou \u00e9quivalent international) ayant une formation reconnue en m\u00e9decine de plong\u00e9e. Les documents requis sont les suivants :<\/p>\n\n\n\n<ul class=\"wp-block-list\"><li class=\"translation-block\">Copie de la licence m\u00e9dicale en cours,<em>et<\/em><\/li><li>Preuve de formation en m\u00e9decine de plong\u00e9e <em>(au moins un des \u00e9l\u00e9ments suivants)<\/em>:<ul><li>Programme accr\u00e9dit\u00e9 de sp\u00e9cialisation en m\u00e9decine hyperbare ou de certification en m\u00e9decine sous-marine et hyperbare.<\/li><li>Formation militaire ou commerciale en tant que m\u00e9decin de plong\u00e9e (DMO\/UMO)<\/li><li>R\u00e9ussite d'un cours de FMC accr\u00e9dit\u00e9 en m\u00e9decine de plong\u00e9e au cours des 5 derni\u00e8res ann\u00e9es<\/li><\/ul><\/li><\/ul>\n\n\n\n<p class=\"translation-block\">Si vous faites d\u00e9j\u00e0 partie du r\u00e9seau de r\u00e9f\u00e9rencement des m\u00e9decins de DAN, <a href=\"https:\/\/apps.dan.org\/physicians-network\/Home\/RequestUpdate\" target=\"_blank\" rel=\"noreferrer noopener\"><strong>mettez \u00e0 jour vos informations ici<\/strong><\/a>.<\/p>","protected":false},"excerpt":{"rendered":"<p>When people contact DAN for a medical referral, we generally give them the physician&#8217;s primary contact information to arrange an appointment. They may be seeking a fitness-to-dive physical, or they [&hellip;]<\/p>\n","protected":false},"author":1,"featured_media":0,"parent":331,"menu_order":132,"comment_status":"closed","ping_status":"closed","template":"","meta":{"_acf_changed":false,"_ef_editorial_meta_date_first-draft-date":"","_ef_editorial_meta_paragraph_assignment":"","_ef_editorial_meta_checkbox_needs-photo":"","_ef_editorial_meta_number_word-count":"","footnotes":""},"class_list":["post-2044","page","type-page","status-publish","hentry"],"acf":[],"yoast_head":"<!-- This site is optimized with the Yoast SEO Premium plugin v27.4 (Yoast SEO v27.4) - https:\/\/yoast.com\/product\/yoast-seo-premium-wordpress\/ -->\n<title>Physician Referral Network Criteria - DAN World<\/title>\n<meta name=\"robots\" content=\"index, follow, max-snippet:-1, max-image-preview:large, max-video-preview:-1\" \/>\n<link rel=\"canonical\" href=\"https:\/\/world.dan.org\/fr\/health-medicine\/medical-services\/physician-network\/physician-referral-network-criteria\/\" \/>\n<meta property=\"og:locale\" content=\"fr_CA\" \/>\n<meta property=\"og:type\" content=\"article\" \/>\n<meta property=\"og:title\" content=\"Physician Referral Network Criteria\" \/>\n<meta property=\"og:description\" content=\"When people contact DAN for a medical referral, we generally give them the physician&#8217;s primary contact information to arrange an appointment. They may be seeking a fitness-to-dive physical, or they [&hellip;]\" \/>\n<meta property=\"og:url\" content=\"https:\/\/world.dan.org\/fr\/health-medicine\/medical-services\/physician-network\/physician-referral-network-criteria\/\" \/>\n<meta property=\"og:site_name\" content=\"DAN World\" \/>\n<meta property=\"article:modified_time\" content=\"2021-08-18T19:42:18+00:00\" \/>\n<meta name=\"twitter:card\" content=\"summary_large_image\" \/>\n<meta name=\"twitter:label1\" content=\"Est. reading time\" \/>\n\t<meta name=\"twitter:data1\" content=\"1 minute\" \/>\n<script type=\"application\/ld+json\" class=\"yoast-schema-graph\">{\"@context\":\"https:\\\/\\\/schema.org\",\"@graph\":[{\"@type\":\"WebPage\",\"@id\":\"https:\\\/\\\/world.dan.org\\\/health-medicine\\\/medical-services\\\/physician-network\\\/physician-referral-network-criteria\\\/\",\"url\":\"https:\\\/\\\/world.dan.org\\\/health-medicine\\\/medical-services\\\/physician-network\\\/physician-referral-network-criteria\\\/\",\"name\":\"Physician Referral Network Criteria - DAN World\",\"isPartOf\":{\"@id\":\"https:\\\/\\\/world.dan.org\\\/es\\\/#website\"},\"datePublished\":\"2020-07-13T14:02:33+00:00\",\"dateModified\":\"2021-08-18T19:42:18+00:00\",\"breadcrumb\":{\"@id\":\"https:\\\/\\\/world.dan.org\\\/health-medicine\\\/medical-services\\\/physician-network\\\/physician-referral-network-criteria\\\/#breadcrumb\"},\"inLanguage\":\"fr-CA\",\"potentialAction\":[{\"@type\":\"ReadAction\",\"target\":[\"https:\\\/\\\/world.dan.org\\\/health-medicine\\\/medical-services\\\/physician-network\\\/physician-referral-network-criteria\\\/\"]}]},{\"@type\":\"BreadcrumbList\",\"@id\":\"https:\\\/\\\/world.dan.org\\\/health-medicine\\\/medical-services\\\/physician-network\\\/physician-referral-network-criteria\\\/#breadcrumb\",\"itemListElement\":[{\"@type\":\"ListItem\",\"position\":1,\"name\":\"Home\",\"item\":\"https:\\\/\\\/world.dan.org\\\/\"},{\"@type\":\"ListItem\",\"position\":2,\"name\":\"Health &amp; Medicine\",\"item\":\"https:\\\/\\\/world.dan.org\\\/health-medicine\\\/\"},{\"@type\":\"ListItem\",\"position\":3,\"name\":\"Medical Services\",\"item\":\"https:\\\/\\\/world.dan.org\\\/fr\\\/health-medicine\\\/medical-services\\\/\"},{\"@type\":\"ListItem\",\"position\":4,\"name\":\"Physician Network\",\"item\":\"https:\\\/\\\/world.dan.org\\\/fr\\\/health-medicine\\\/medical-services\\\/physician-network\\\/\"},{\"@type\":\"ListItem\",\"position\":5,\"name\":\"Physician Referral Network Criteria\"}]},{\"@type\":\"WebSite\",\"@id\":\"https:\\\/\\\/world.dan.org\\\/es\\\/#website\",\"url\":\"https:\\\/\\\/world.dan.org\\\/es\\\/\",\"name\":\"DAN World\",\"description\":\"\",\"publisher\":{\"@id\":\"https:\\\/\\\/world.dan.org\\\/es\\\/#organization\"},\"potentialAction\":[{\"@type\":\"SearchAction\",\"target\":{\"@type\":\"EntryPoint\",\"urlTemplate\":\"https:\\\/\\\/world.dan.org\\\/es\\\/?s={search_term_string}\"},\"query-input\":{\"@type\":\"PropertyValueSpecification\",\"valueRequired\":true,\"valueName\":\"search_term_string\"}}],\"inLanguage\":\"fr-CA\"},{\"@type\":\"Organization\",\"@id\":\"https:\\\/\\\/world.dan.org\\\/es\\\/#organization\",\"name\":\"DAN World\",\"url\":\"https:\\\/\\\/world.dan.org\\\/es\\\/\",\"logo\":{\"@type\":\"ImageObject\",\"inLanguage\":\"fr-CA\",\"@id\":\"https:\\\/\\\/world.dan.org\\\/es\\\/#\\\/schema\\\/logo\\\/image\\\/\",\"url\":\"https:\\\/\\\/world.dan.org\\\/wp-content\\\/uploads\\\/2022\\\/04\\\/DAN-World-logo-sm-52px.svg\",\"contentUrl\":\"https:\\\/\\\/world.dan.org\\\/wp-content\\\/uploads\\\/2022\\\/04\\\/DAN-World-logo-sm-52px.svg\",\"width\":175,\"height\":52,\"caption\":\"DAN World\"},\"image\":{\"@id\":\"https:\\\/\\\/world.dan.org\\\/es\\\/#\\\/schema\\\/logo\\\/image\\\/\"}}]}<\/script>\n<!-- \/ Yoast SEO Premium plugin. -->","yoast_head_json":{"title":"Physician Referral Network Criteria - DAN World","robots":{"index":"index","follow":"follow","max-snippet":"max-snippet:-1","max-image-preview":"max-image-preview:large","max-video-preview":"max-video-preview:-1"},"canonical":"https:\/\/world.dan.org\/fr\/health-medicine\/medical-services\/physician-network\/physician-referral-network-criteria\/","og_locale":"fr_CA","og_type":"article","og_title":"Physician Referral Network Criteria","og_description":"When people contact DAN for a medical referral, we generally give them the physician&#8217;s primary contact information to arrange an appointment. They may be seeking a fitness-to-dive physical, or they [&hellip;]","og_url":"https:\/\/world.dan.org\/fr\/health-medicine\/medical-services\/physician-network\/physician-referral-network-criteria\/","og_site_name":"DAN World","article_modified_time":"2021-08-18T19:42:18+00:00","twitter_card":"summary_large_image","twitter_misc":{"Est. reading time":"1 minute"},"schema":{"@context":"https:\/\/schema.org","@graph":[{"@type":"WebPage","@id":"https:\/\/world.dan.org\/health-medicine\/medical-services\/physician-network\/physician-referral-network-criteria\/","url":"https:\/\/world.dan.org\/health-medicine\/medical-services\/physician-network\/physician-referral-network-criteria\/","name":"Physician Referral Network Criteria - DAN World","isPartOf":{"@id":"https:\/\/world.dan.org\/es\/#website"},"datePublished":"2020-07-13T14:02:33+00:00","dateModified":"2021-08-18T19:42:18+00:00","breadcrumb":{"@id":"https:\/\/world.dan.org\/health-medicine\/medical-services\/physician-network\/physician-referral-network-criteria\/#breadcrumb"},"inLanguage":"fr-CA","potentialAction":[{"@type":"ReadAction","target":["https:\/\/world.dan.org\/health-medicine\/medical-services\/physician-network\/physician-referral-network-criteria\/"]}]},{"@type":"BreadcrumbList","@id":"https:\/\/world.dan.org\/health-medicine\/medical-services\/physician-network\/physician-referral-network-criteria\/#breadcrumb","itemListElement":[{"@type":"ListItem","position":1,"name":"Home","item":"https:\/\/world.dan.org\/"},{"@type":"ListItem","position":2,"name":"Health &amp; Medicine","item":"https:\/\/world.dan.org\/health-medicine\/"},{"@type":"ListItem","position":3,"name":"Medical Services","item":"https:\/\/world.dan.org\/fr\/health-medicine\/medical-services\/"},{"@type":"ListItem","position":4,"name":"Physician Network","item":"https:\/\/world.dan.org\/fr\/health-medicine\/medical-services\/physician-network\/"},{"@type":"ListItem","position":5,"name":"Physician Referral Network Criteria"}]},{"@type":"WebSite","@id":"https:\/\/world.dan.org\/es\/#website","url":"https:\/\/world.dan.org\/es\/","name":"DAN World","description":"","publisher":{"@id":"https:\/\/world.dan.org\/es\/#organization"},"potentialAction":[{"@type":"SearchAction","target":{"@type":"EntryPoint","urlTemplate":"https:\/\/world.dan.org\/es\/?s={search_term_string}"},"query-input":{"@type":"PropertyValueSpecification","valueRequired":true,"valueName":"search_term_string"}}],"inLanguage":"fr-CA"},{"@type":"Organization","@id":"https:\/\/world.dan.org\/es\/#organization","name":"DAN World","url":"https:\/\/world.dan.org\/es\/","logo":{"@type":"ImageObject","inLanguage":"fr-CA","@id":"https:\/\/world.dan.org\/es\/#\/schema\/logo\/image\/","url":"https:\/\/world.dan.org\/wp-content\/uploads\/2022\/04\/DAN-World-logo-sm-52px.svg","contentUrl":"https:\/\/world.dan.org\/wp-content\/uploads\/2022\/04\/DAN-World-logo-sm-52px.svg","width":175,"height":52,"caption":"DAN World"},"image":{"@id":"https:\/\/world.dan.org\/es\/#\/schema\/logo\/image\/"}}]}},"_links":{"self":[{"href":"https:\/\/world.dan.org\/fr\/wp-json\/wp\/v2\/pages\/2044","targetHints":{"allow":["GET"]}}],"collection":[{"href":"https:\/\/world.dan.org\/fr\/wp-json\/wp\/v2\/pages"}],"about":[{"href":"https:\/\/world.dan.org\/fr\/wp-json\/wp\/v2\/types\/page"}],"author":[{"embeddable":true,"href":"https:\/\/world.dan.org\/fr\/wp-json\/wp\/v2\/users\/1"}],"replies":[{"embeddable":true,"href":"https:\/\/world.dan.org\/fr\/wp-json\/wp\/v2\/comments?post=2044"}],"version-history":[{"count":0,"href":"https:\/\/world.dan.org\/fr\/wp-json\/wp\/v2\/pages\/2044\/revisions"}],"up":[{"embeddable":true,"href":"https:\/\/world.dan.org\/fr\/wp-json\/wp\/v2\/pages\/331"}],"wp:attachment":[{"href":"https:\/\/world.dan.org\/fr\/wp-json\/wp\/v2\/media?parent=2044"}],"curies":[{"name":"wp","href":"https:\/\/api.w.org\/{rel}","templated":true}]}}