{"id":21,"date":"2020-03-27T17:54:48","date_gmt":"2020-03-27T21:54:48","guid":{"rendered":"https:\/\/dan.devhammer.com\/?page_id=21"},"modified":"2026-03-17T17:18:47","modified_gmt":"2026-03-17T21:18:47","slug":"health-medicine","status":"publish","type":"page","link":"https:\/\/world.dan.org\/fr\/health-medicine\/","title":{"rendered":"Sant\u00e9 et m\u00e9decine"},"content":{"rendered":"<div style=\"height:50px\" aria-hidden=\"true\" class=\"wp-block-spacer\"><\/div>\n\n\n\n<h2 class=\"wp-block-heading has-text-align-center has-dan-black-color has-text-color has-medium-font-size\" id=\"h-dan-world-exists-to-provide-expert-medical-information-for-the-benefit-of-the-diving-public-we-offer-real-time-assistance-with-dive-accidents-and-work-to-prevent-injuries-and-promote-diver-safety\">DAN existe pour fournir des informations m\u00e9dicales expertes au profit du public des plongeurs. Nous offrons une assistance en temps r\u00e9el en cas d'accident de plong\u00e9e et travaillons \u00e0 la pr\u00e9vention des blessures et \u00e0 la promotion de la s\u00e9curit\u00e9 en plong\u00e9e. <\/h2>\n\n\n\n<div style=\"height:50px\" aria-hidden=\"true\" class=\"wp-block-spacer\"><\/div>\n\n\n\n<hr class=\"wp-block-separator has-text-color has-dan-light-gray-color has-css-opacity has-dan-light-gray-background-color has-background\"\/>\n\n\n\n<div style=\"height:30px\" aria-hidden=\"true\" class=\"wp-block-spacer\"><\/div>\n\n\n\n<div class=\"wp-block-columns is-layout-flex wp-container-core-columns-is-layout-9d6595d7 wp-block-columns-is-layout-flex\">\n<div class=\"wp-block-column is-layout-flow wp-block-column-is-layout-flow\"><div class=\"wp-block-image\">\n<figure class=\"aligncenter size-large\"><a href=\"https:\/\/world.dan.org\/fr\/health-safety\/medical-services\/\"><img loading=\"lazy\" decoding=\"async\" width=\"1024\" height=\"512\" src=\"https:\/\/world.dan.org\/wp-content\/uploads\/2021\/06\/medical-services-camillo-DAN-1024x512-1.jpg\" alt=\"\" class=\"wp-image-17402\" srcset=\"https:\/\/world.dan.org\/wp-content\/uploads\/2021\/06\/medical-services-camillo-DAN-1024x512-1.jpg 1024w, https:\/\/world.dan.org\/wp-content\/uploads\/2021\/06\/medical-services-camillo-DAN-1024x512-1-360x180.jpg 360w, https:\/\/world.dan.org\/wp-content\/uploads\/2021\/06\/medical-services-camillo-DAN-1024x512-1-768x384.jpg 768w, https:\/\/world.dan.org\/wp-content\/uploads\/2021\/06\/medical-services-camillo-DAN-1024x512-1-18x9.jpg 18w\" sizes=\"auto, (max-width: 1024px) 100vw, 1024px\" \/><\/a><\/figure>\n<\/div><\/div>\n\n\n\n<div class=\"wp-block-column is-vertically-aligned-center is-layout-flow wp-block-column-is-layout-flow\">\n<h2 class=\"wp-block-heading has-dan-black-color has-text-color\" id=\"h-medical-services\" style=\"font-size:30px\">Services m\u00e9dicaux<\/h2>\n\n\n\n<p>Les services m\u00e9dicaux de DAN sont disponibles aux plongeurs, aux professionnels de la plong\u00e9e et aux prestataires de soins de sant\u00e9. Nous proposons une formation m\u00e9dicale continue, une ligne t\u00e9l\u00e9phonique d'urgence, des informations m\u00e9dicales, des consultations m\u00e9dicales, des programmes \u00e9ducatifs et un r\u00e9seau mondial de r\u00e9f\u00e9rence de m\u00e9decins qui traitent et \u00e9valuent les plongeurs.&nbsp;<\/p>\n\n\n\n<p>La ligne d'urgence DAN est compos\u00e9e d'une \u00e9quipe de m\u00e9decins, d'infirmi\u00e8res, d'auxiliaires m\u00e9dicaux et de techniciens m\u00e9dicaux d'urgence qui sont disponibles 24 heures sur 24, 365 jours par an pour fournir des informations, coordonner les soins et faciliter les \u00e9vacuations.<\/p>\n<\/div>\n<\/div>\n\n\n\n<div style=\"height:30px\" aria-hidden=\"true\" class=\"wp-block-spacer\"><\/div>\n\n\n\n<div class=\"wp-block-columns is-layout-flex wp-container-core-columns-is-layout-9d6595d7 wp-block-columns-is-layout-flex\">\n<div class=\"wp-block-column is-layout-flow wp-block-column-is-layout-flow\"><div class=\"wp-block-image\">\n<figure class=\"aligncenter size-large is-resized\"><a href=\"https:\/\/world.dan.org\/fr\/health-medicine\/medical-services\/emergency-assistance\/\"><img decoding=\"async\" src=\"https:\/\/world.dan.org\/wp-content\/uploads\/2021\/06\/emergency-assistance-icon.svg\" alt=\"\" style=\"object-fit:contain;width:150px;height:150px\"\/><\/a><\/figure>\n<\/div>\n\n\n<h3 class=\"wp-block-heading has-text-align-center has-dan-black-color has-text-color translation-block\" id=\"h-emergency-assistance\" style=\"font-size:24px\">Aide <br> d\u2019urgence<\/h3>\n\n\n\n<p>Lorsque vous en aurez le plus besoin, DAN sera l\u00e0 pour vous aider. Nous coordonnons les \u00e9vacuations d'urgence et couvrons les frais, jusqu'\u00e0 150 000 $ USD par personne (selon le plan). Chaque membre de DAN a droit \u00e0 ces services d'urgence ainsi qu'\u00e0 une assistance en mati\u00e8re de voyage, de soins m\u00e9dicaux, de services juridiques et d'assistance personnelle.\u00a0&nbsp;<\/p>\n\n\n\n<p><a href=\"https:\/\/world.dan.org\/fr\/health-medicine\/medical-services\/emergency-assistance\/\">En savoir plus<\/a><\/p>\n<\/div>\n\n\n\n<div class=\"wp-block-column is-layout-flow wp-block-column-is-layout-flow\"><div class=\"wp-block-image\">\n<figure class=\"aligncenter size-large is-resized\"><a href=\"https:\/\/world.dan.org\/fr\/health-medicine\/ask-a-medic\/\"><img decoding=\"async\" src=\"https:\/\/world.dan.org\/wp-content\/uploads\/2021\/06\/ask-a-medic-icon.svg\" alt=\"\" class=\"wp-image-17274\" style=\"object-fit:contain;width:150px;height:150px\"\/><\/a><\/figure>\n<\/div>\n\n\n<h3 class=\"wp-block-heading has-text-align-center has-dan-black-color has-text-color translation-block\" id=\"h-ask-a-medic\" style=\"font-size:24px\">Demander \u00e0 un <br>medic (professionel de sant\u00e9)<\/h3>\n\n\n\n<p>En plus de la ligne d'urgence DAN, les m\u00e9decins DAN sont disponibles pendant les heures de bureau pour r\u00e9pondre \u00e0 vos questions sur la m\u00e9decine de plong\u00e9e et l'aptitude \u00e0 la plong\u00e9e. Notre \u00e9quipe de m\u00e9decins, d'infirmi\u00e8res, d'ambulanciers param\u00e9dicaux et de techniciens d'urgence m\u00e9dical offre des informations m\u00e9dicales, des r\u00e9f\u00e9rences, une aide \u00e0 l'\u00e9vacuation et bien plus encore par t\u00e9l\u00e9phone, par courriel et sur le site World.DAN.org.<\/p>\n\n\n\n<p><a href=\"https:\/\/world.dan.org\/fr\/health-medicine\/ask-a-medic\/\">En savoir plus<\/a><\/p>\n<\/div>\n\n\n\n<div class=\"wp-block-column is-layout-flow wp-block-column-is-layout-flow\"><div class=\"wp-block-image\">\n<figure class=\"aligncenter size-large is-resized\"><a href=\"https:\/\/world.dan.org\/fr\/health-medicine\/medical-services\/physician-network\/\"><img decoding=\"async\" src=\"https:\/\/world.dan.org\/wp-content\/uploads\/2021\/06\/physician-referral-network-icon-1.svg\" alt=\"\" class=\"wp-image-17282\" style=\"object-fit:contain;width:150px;height:150px\"\/><\/a><\/figure>\n<\/div>\n\n\n<h3 class=\"wp-block-heading has-text-align-center has-dan-black-color has-text-color translation-block\" id=\"h-physician-referral-network\" style=\"font-size:24px\">R\u00e9seau de r\u00e9f\u00e9rencement<br>des m\u00e9decins<\/h3>\n\n\n\n<p>DAN entretient un r\u00e9seau mondial de m\u00e9decins au service des plongeurs. Si vous cherchez un m\u00e9decin pour effectuer un examen m\u00e9dical de plong\u00e9e ou si vous souhaitez consulter un sp\u00e9cialiste de la m\u00e9decine de plong\u00e9e dans votre r\u00e9gion, n'h\u00e9sitez pas \u00e0 nous appeler.<\/p>\n\n\n\n<p><a href=\"https:\/\/world.dan.org\/fr\/health-medicine\/medical-services\/physician-network\/\">En savoir plus<\/a><\/p>\n<\/div>\n<\/div>\n\n\n\n<div style=\"height:30px\" aria-hidden=\"true\" class=\"wp-block-spacer\"><\/div>\n\n\n\n<hr class=\"wp-block-separator has-text-color has-dan-light-gray-color has-css-opacity has-dan-light-gray-background-color has-background\"\/>\n\n\n\n<div style=\"height:30px\" aria-hidden=\"true\" class=\"wp-block-spacer\"><\/div>\n\n\n\n<div class=\"wp-block-columns is-layout-flex wp-container-core-columns-is-layout-9d6595d7 wp-block-columns-is-layout-flex\">\n<div class=\"wp-block-column is-layout-flow wp-block-column-is-layout-flow\">\n<figure class=\"wp-block-image size-large\"><a href=\"https:\/\/world.dan.org\/fr\/health-safety\/health-resources\/\"><img loading=\"lazy\" decoding=\"async\" width=\"1024\" height=\"512\" src=\"https:\/\/world.dan.org\/wp-content\/uploads\/2021\/06\/health-resources-1264666749-1024x512-1.jpg\" alt=\"\" class=\"wp-image-17406\" srcset=\"https:\/\/world.dan.org\/wp-content\/uploads\/2021\/06\/health-resources-1264666749-1024x512-1.jpg 1024w, https:\/\/world.dan.org\/wp-content\/uploads\/2021\/06\/health-resources-1264666749-1024x512-1-360x180.jpg 360w, https:\/\/world.dan.org\/wp-content\/uploads\/2021\/06\/health-resources-1264666749-1024x512-1-768x384.jpg 768w, https:\/\/world.dan.org\/wp-content\/uploads\/2021\/06\/health-resources-1264666749-1024x512-1-18x9.jpg 18w\" sizes=\"auto, (max-width: 1024px) 100vw, 1024px\" \/><\/a><\/figure>\n<\/div>\n\n\n\n<div class=\"wp-block-column is-vertically-aligned-center is-layout-flow wp-block-column-is-layout-flow\">\n<h2 class=\"wp-block-heading has-dan-black-color has-text-color\" id=\"h-health-resources\" style=\"font-size:30px\">Ressources en sant\u00e9<\/h2>\n\n\n\n<p>Cette collection de ressources en ligne fournit des informations pr\u00e9cieuses sur les aspects les plus importants de la sant\u00e9 et de la s\u00e9curit\u00e9 des plongeurs. Ces guides \u00e9ducatifs et de r\u00e9f\u00e9rence s'adressent aussi bien aux plongeurs exp\u00e9riment\u00e9s qu'aux plongeurs d\u00e9butants et offrent des informations utiles sur des sujets tels que la sant\u00e9 cardiovasculaire, les oreilles et l'\u00e9galisation, les accidents de d\u00e9compression, les blessures li\u00e9es \u00e0 la vie marine et bien plus encore.<\/p>\n<\/div>\n<\/div>\n\n\n\n<div style=\"height:30px\" aria-hidden=\"true\" class=\"wp-block-spacer\"><\/div>\n\n\n\n<div class=\"wp-block-columns is-layout-flex wp-container-core-columns-is-layout-9d6595d7 wp-block-columns-is-layout-flex\">\n<div class=\"wp-block-column is-layout-flow wp-block-column-is-layout-flow\"><div class=\"wp-block-image\">\n<figure class=\"aligncenter size-large is-resized\"><a href=\"https:\/\/world.dan.org\/fr\/health-medicine\/health-resources\/dive-medical-reference-books\/\"><img decoding=\"async\" src=\"https:\/\/world.dan.org\/wp-content\/uploads\/2021\/06\/dive-medical-books-icon.svg\" alt=\"\" class=\"wp-image-17293\" style=\"aspect-ratio:1;object-fit:cover\"\/><\/a><\/figure>\n<\/div>\n\n\n<h3 class=\"wp-block-heading has-text-align-center has-dan-black-color has-text-color\" id=\"h-dive-medical-references\" style=\"font-size:24px\">R\u00e9f\u00e9rences m\u00e9dicales en plong\u00e9e<\/h3>\n\n\n\n<p>Acqu\u00e9rir des connaissances approfondies sur les probl\u00e8mes courants rencontr\u00e9s par les plongeurs de tous niveaux. Les r\u00e9f\u00e9rences m\u00e9dicales actuelles disponibles comprennent la maladie de d\u00e9compression, l'\u00e9galisation de l'oreille, les blessures marines et bien plus encore.<\/p>\n\n\n\n<p><a href=\"https:\/\/world.dan.org\/fr\/health-medicine\/health-resources\/dive-medical-reference-books\/\">En savoir plus<\/a><\/p>\n<\/div>\n\n\n\n<div class=\"wp-block-column is-layout-flow wp-block-column-is-layout-flow\"><div class=\"wp-block-image\">\n<figure class=\"aligncenter size-large is-resized\"><a href=\"https:\/\/world.dan.org\/fr\/health-medicine\/health-resources\/health-safety-guidelines\/\"><img decoding=\"async\" src=\"https:\/\/world.dan.org\/wp-content\/uploads\/2021\/06\/health-guidelines-icon.svg\" alt=\"\" class=\"wp-image-17294\" style=\"aspect-ratio:1;object-fit:cover\"\/><\/a><\/figure>\n<\/div>\n\n\n<h3 class=\"wp-block-heading has-text-align-center has-dan-black-color has-text-color\" id=\"h-health-amp-safety-guidelines\" style=\"font-size:24px\">Directives en mati\u00e8re de sant\u00e9 et de s\u00e9curit\u00e9<\/h3>\n\n\n\n<p>Ces dossiers scientifiques offrent aux plongeurs et aux professionnels de la plong\u00e9e une meilleure capacit\u00e9 \u00e0 prendre des d\u00e9cisions \u00e9clair\u00e9es en mati\u00e8re de gestion de la sant\u00e9 et de la s\u00e9curit\u00e9 des plongeurs. Ils ont \u00e9t\u00e9 \u00e9labor\u00e9s \u00e0 partir des r\u00e9sultats des recherches de DAN et des comptes rendus des ateliers.<\/p>\n\n\n\n<p><a href=\"https:\/\/world.dan.org\/fr\/health-medicine\/health-resources\/health-safety-guidelines\/\">En savoir plus<\/a><\/p>\n<\/div>\n\n\n\n<div class=\"wp-block-column is-layout-flow wp-block-column-is-layout-flow\"><div class=\"wp-block-image\">\n<figure class=\"aligncenter size-large is-resized\"><a href=\"https:\/\/world.dan.org\/fr\/health-medicine\/health-resources\/smart-guides\/\"><img decoding=\"async\" src=\"https:\/\/world.dan.org\/wp-content\/uploads\/2021\/06\/smart-guides-icon.svg\" alt=\"\" class=\"wp-image-17296\" style=\"aspect-ratio:1;object-fit:cover\"\/><\/a><\/figure>\n<\/div>\n\n\n<h3 class=\"wp-block-heading has-text-align-center has-dan-black-color has-text-color\" id=\"h-smart-guides\" style=\"font-size:24px\">Smart Guide (Guides pratiques)<\/h3>\n\n\n\n<div style=\"height:12px\" aria-hidden=\"true\" class=\"wp-block-spacer\"><\/div>\n\n\n\n<p>Avec des informations approfondies sur les probl\u00e8mes m\u00e9dicaux courants et leur importance pour les plongeurs, les rubriques Maladies et affections couvrent l'anatomie, l'\u00e9pid\u00e9miologie, les sympt\u00f4mes, la pr\u00e9vention, les premiers soins et bien plus encore.<\/p>\n\n\n\n<p><a href=\"https:\/\/world.dan.org\/fr\/health-medicine\/health-resources\/smart-guides\/\">En savoir plus<\/a><\/p>\n<\/div>\n\n\n\n<div class=\"wp-block-column is-layout-flow wp-block-column-is-layout-flow\"><div class=\"wp-block-image\">\n<figure class=\"aligncenter size-large is-resized\"><a href=\"https:\/\/world.dan.org\/fr\/health-medicine\/health-resources\/guidelines-for-lifelong-medical-fitness-to-dive-evaluation\/\"><img decoding=\"async\" src=\"https:\/\/world.dan.org\/wp-content\/uploads\/2021\/06\/dive-evaluations-icon-1.svg\" alt=\"\" class=\"wp-image-17304\" style=\"aspect-ratio:1;object-fit:cover\"\/><\/a><\/figure>\n<\/div>\n\n\n<h3 class=\"wp-block-heading has-text-align-center has-dan-black-color has-text-color\" id=\"h-medical-fitness-to-dive-evaluation\" style=\"font-size:24px\">\u00c9valuation m\u00e9dicale de l\u2019aptitude \u00e0 la plong\u00e9e<\/h3>\n\n\n\n<p>Savez-vous quand vous devez vous faire examiner par votre m\u00e9decin? Ce guide vous fournira les informations dont vous avez besoin pour vous assurer que vous \u00eates en \u00e9tat de plonger tout au long de votre vie.<\/p>\n\n\n\n<p><a href=\"https:\/\/world.dan.org\/fr\/health-medicine\/health-resources\/guidelines-for-lifelong-medical-fitness-to-dive-evaluation\/\" target=\"_blank\" rel=\"noreferrer noopener\">En savoir plus<\/a><\/p>\n<\/div>\n<\/div>\n\n\n\n<p><\/p>","protected":false},"excerpt":{"rendered":"<p>Le DAN existe pour fournir des informations m\u00e9dicales sp\u00e9cialis\u00e9es au profit du public des plongeurs. Nous offrons une assistance en temps r\u00e9el en cas d'accident de plong\u00e9e et travaillons \u00e0 la pr\u00e9vention des blessures et \u00e0 la promotion de la s\u00e9curit\u00e9 en plong\u00e9e.<\/p>","protected":false},"author":1,"featured_media":22796,"parent":0,"menu_order":55,"comment_status":"closed","ping_status":"closed","template":"templates\/page-landing-2a.php","meta":{"_acf_changed":false,"_ef_editorial_meta_date_first-draft-date":"","_ef_editorial_meta_paragraph_assignment":"","_ef_editorial_meta_checkbox_needs-photo":"","_ef_editorial_meta_number_word-count":"","footnotes":""},"class_list":["post-21","page","type-page","status-publish","has-post-thumbnail","hentry"],"acf":[],"yoast_head":"<!-- This site is optimized with the Yoast SEO Premium plugin v27.0 (Yoast SEO v27.3) - https:\/\/yoast.com\/product\/yoast-seo-premium-wordpress\/ -->\n<title>Health &amp; Medicine - DAN World<\/title>\n<meta name=\"description\" content=\"DAN World health &amp; medicine exists to provide expert medical information for the benefit of the diving public.\" \/>\n<meta name=\"robots\" content=\"index, follow, max-snippet:-1, max-image-preview:large, max-video-preview:-1\" \/>\n<link rel=\"canonical\" href=\"https:\/\/world.dan.org\/fr\/health-medicine\/\" \/>\n<meta property=\"og:locale\" content=\"fr_CA\" \/>\n<meta property=\"og:type\" content=\"article\" \/>\n<meta property=\"og:title\" content=\"Health &amp; Medicine\" \/>\n<meta property=\"og:description\" content=\"DAN World exists to provide expert medical information for the benefit of the diving public. We offer real-time assistance with dive accidents and work to prevent injuries and promote diver safety.\" \/>\n<meta property=\"og:url\" content=\"https:\/\/world.dan.org\/fr\/health-medicine\/\" \/>\n<meta property=\"og:site_name\" content=\"DAN World\" \/>\n<meta property=\"article:modified_time\" content=\"2026-03-17T21:18:47+00:00\" \/>\n<meta property=\"og:image\" content=\"https:\/\/world.dan.org\/wp-content\/uploads\/2022\/06\/health-medicine-doctor-online-1024x512-1.jpg\" \/>\n\t<meta property=\"og:image:width\" content=\"1024\" \/>\n\t<meta property=\"og:image:height\" content=\"574\" \/>\n\t<meta property=\"og:image:type\" content=\"image\/jpeg\" \/>\n<meta name=\"twitter:card\" content=\"summary_large_image\" \/>\n<meta name=\"twitter:title\" content=\"Health &amp; Medicine\" \/>\n<meta name=\"twitter:description\" content=\"DAN World health &amp; medicine exists to provide expert medical information for the benefit of the diving public.\" \/>\n<meta name=\"twitter:image\" content=\"https:\/\/world.dan.org\/wp-content\/uploads\/2022\/06\/health-medicine-doctor-online-1024x512-1.jpg\" \/>\n<meta name=\"twitter:label1\" content=\"Est. reading time\" \/>\n\t<meta name=\"twitter:data1\" content=\"4 minutes\" \/>\n<script type=\"application\/ld+json\" class=\"yoast-schema-graph\">{\"@context\":\"https:\\\/\\\/schema.org\",\"@graph\":[{\"@type\":\"WebPage\",\"@id\":\"https:\\\/\\\/world.dan.org\\\/health-medicine\\\/\",\"url\":\"https:\\\/\\\/world.dan.org\\\/health-medicine\\\/\",\"name\":\"Health &amp; Medicine - DAN World\",\"isPartOf\":{\"@id\":\"https:\\\/\\\/world.dan.org\\\/es\\\/#website\"},\"primaryImageOfPage\":{\"@id\":\"https:\\\/\\\/world.dan.org\\\/health-medicine\\\/#primaryimage\"},\"image\":{\"@id\":\"https:\\\/\\\/world.dan.org\\\/health-medicine\\\/#primaryimage\"},\"thumbnailUrl\":\"https:\\\/\\\/world.dan.org\\\/wp-content\\\/uploads\\\/2022\\\/08\\\/health-medicine-DAN-1200x600-1.jpg\",\"datePublished\":\"2020-03-27T21:54:48+00:00\",\"dateModified\":\"2026-03-17T21:18:47+00:00\",\"description\":\"DAN World health & medicine exists to provide expert medical information for the benefit of the diving public.\",\"breadcrumb\":{\"@id\":\"https:\\\/\\\/world.dan.org\\\/health-medicine\\\/#breadcrumb\"},\"inLanguage\":\"fr-CA\",\"potentialAction\":[{\"@type\":\"ReadAction\",\"target\":[\"https:\\\/\\\/world.dan.org\\\/health-medicine\\\/\"]}]},{\"@type\":\"ImageObject\",\"inLanguage\":\"fr-CA\",\"@id\":\"https:\\\/\\\/world.dan.org\\\/health-medicine\\\/#primaryimage\",\"url\":\"https:\\\/\\\/world.dan.org\\\/wp-content\\\/uploads\\\/2022\\\/08\\\/health-medicine-DAN-1200x600-1.jpg\",\"contentUrl\":\"https:\\\/\\\/world.dan.org\\\/wp-content\\\/uploads\\\/2022\\\/08\\\/health-medicine-DAN-1200x600-1.jpg\",\"width\":1200,\"height\":600},{\"@type\":\"BreadcrumbList\",\"@id\":\"https:\\\/\\\/world.dan.org\\\/health-medicine\\\/#breadcrumb\",\"itemListElement\":[{\"@type\":\"ListItem\",\"position\":1,\"name\":\"Home\",\"item\":\"https:\\\/\\\/world.dan.org\\\/\"},{\"@type\":\"ListItem\",\"position\":2,\"name\":\"Health &amp; Medicine\"}]},{\"@type\":\"WebSite\",\"@id\":\"https:\\\/\\\/world.dan.org\\\/es\\\/#website\",\"url\":\"https:\\\/\\\/world.dan.org\\\/es\\\/\",\"name\":\"DAN World\",\"description\":\"\",\"publisher\":{\"@id\":\"https:\\\/\\\/world.dan.org\\\/es\\\/#organization\"},\"potentialAction\":[{\"@type\":\"SearchAction\",\"target\":{\"@type\":\"EntryPoint\",\"urlTemplate\":\"https:\\\/\\\/world.dan.org\\\/es\\\/?s={search_term_string}\"},\"query-input\":{\"@type\":\"PropertyValueSpecification\",\"valueRequired\":true,\"valueName\":\"search_term_string\"}}],\"inLanguage\":\"fr-CA\"},{\"@type\":\"Organization\",\"@id\":\"https:\\\/\\\/world.dan.org\\\/es\\\/#organization\",\"name\":\"DAN World\",\"url\":\"https:\\\/\\\/world.dan.org\\\/es\\\/\",\"logo\":{\"@type\":\"ImageObject\",\"inLanguage\":\"fr-CA\",\"@id\":\"https:\\\/\\\/world.dan.org\\\/es\\\/#\\\/schema\\\/logo\\\/image\\\/\",\"url\":\"https:\\\/\\\/world.dan.org\\\/wp-content\\\/uploads\\\/2022\\\/04\\\/DAN-World-logo-sm-52px.svg\",\"contentUrl\":\"https:\\\/\\\/world.dan.org\\\/wp-content\\\/uploads\\\/2022\\\/04\\\/DAN-World-logo-sm-52px.svg\",\"width\":175,\"height\":52,\"caption\":\"DAN World\"},\"image\":{\"@id\":\"https:\\\/\\\/world.dan.org\\\/es\\\/#\\\/schema\\\/logo\\\/image\\\/\"}}]}<\/script>\n<!-- \/ Yoast SEO Premium plugin. -->","yoast_head_json":{"title":"Health &amp; Medicine - DAN World","description":"DAN World health &amp; medicine existe pour fournir des informations m\u00e9dicales expertes au profit du public des plongeurs.","robots":{"index":"index","follow":"follow","max-snippet":"max-snippet:-1","max-image-preview":"max-image-preview:large","max-video-preview":"max-video-preview:-1"},"canonical":"https:\/\/world.dan.org\/fr\/health-medicine\/","og_locale":"fr_CA","og_type":"article","og_title":"Health & Medicine","og_description":"DAN World exists to provide expert medical information for the benefit of the diving public. We offer real-time assistance with dive accidents and work to prevent injuries and promote diver safety.","og_url":"https:\/\/world.dan.org\/fr\/health-medicine\/","og_site_name":"DAN World","article_modified_time":"2026-03-17T21:18:47+00:00","og_image":[{"width":1024,"height":574,"url":"https:\/\/world.dan.org\/wp-content\/uploads\/2022\/06\/health-medicine-doctor-online-1024x512-1.jpg","type":"image\/jpeg"}],"twitter_card":"summary_large_image","twitter_title":"Health & Medicine","twitter_description":"DAN World health & medicine exists to provide expert medical information for the benefit of the diving public.","twitter_image":"https:\/\/world.dan.org\/wp-content\/uploads\/2022\/06\/health-medicine-doctor-online-1024x512-1.jpg","twitter_misc":{"Est. reading time":"4 minutes"},"schema":{"@context":"https:\/\/schema.org","@graph":[{"@type":"WebPage","@id":"https:\/\/world.dan.org\/health-medicine\/","url":"https:\/\/world.dan.org\/health-medicine\/","name":"Health &amp; Medicine - DAN World","isPartOf":{"@id":"https:\/\/world.dan.org\/es\/#website"},"primaryImageOfPage":{"@id":"https:\/\/world.dan.org\/health-medicine\/#primaryimage"},"image":{"@id":"https:\/\/world.dan.org\/health-medicine\/#primaryimage"},"thumbnailUrl":"https:\/\/world.dan.org\/wp-content\/uploads\/2022\/08\/health-medicine-DAN-1200x600-1.jpg","datePublished":"2020-03-27T21:54:48+00:00","dateModified":"2026-03-17T21:18:47+00:00","description":"DAN World health &amp; medicine existe pour fournir des informations m\u00e9dicales expertes au profit du public des plongeurs.","breadcrumb":{"@id":"https:\/\/world.dan.org\/health-medicine\/#breadcrumb"},"inLanguage":"fr-CA","potentialAction":[{"@type":"ReadAction","target":["https:\/\/world.dan.org\/health-medicine\/"]}]},{"@type":"ImageObject","inLanguage":"fr-CA","@id":"https:\/\/world.dan.org\/health-medicine\/#primaryimage","url":"https:\/\/world.dan.org\/wp-content\/uploads\/2022\/08\/health-medicine-DAN-1200x600-1.jpg","contentUrl":"https:\/\/world.dan.org\/wp-content\/uploads\/2022\/08\/health-medicine-DAN-1200x600-1.jpg","width":1200,"height":600},{"@type":"BreadcrumbList","@id":"https:\/\/world.dan.org\/health-medicine\/#breadcrumb","itemListElement":[{"@type":"ListItem","position":1,"name":"Home","item":"https:\/\/world.dan.org\/"},{"@type":"ListItem","position":2,"name":"Health &amp; Medicine"}]},{"@type":"WebSite","@id":"https:\/\/world.dan.org\/es\/#website","url":"https:\/\/world.dan.org\/es\/","name":"DAN World","description":"","publisher":{"@id":"https:\/\/world.dan.org\/es\/#organization"},"potentialAction":[{"@type":"SearchAction","target":{"@type":"EntryPoint","urlTemplate":"https:\/\/world.dan.org\/es\/?s={search_term_string}"},"query-input":{"@type":"PropertyValueSpecification","valueRequired":true,"valueName":"search_term_string"}}],"inLanguage":"fr-CA"},{"@type":"Organization","@id":"https:\/\/world.dan.org\/es\/#organization","name":"DAN World","url":"https:\/\/world.dan.org\/es\/","logo":{"@type":"ImageObject","inLanguage":"fr-CA","@id":"https:\/\/world.dan.org\/es\/#\/schema\/logo\/image\/","url":"https:\/\/world.dan.org\/wp-content\/uploads\/2022\/04\/DAN-World-logo-sm-52px.svg","contentUrl":"https:\/\/world.dan.org\/wp-content\/uploads\/2022\/04\/DAN-World-logo-sm-52px.svg","width":175,"height":52,"caption":"DAN World"},"image":{"@id":"https:\/\/world.dan.org\/es\/#\/schema\/logo\/image\/"}}]}},"_links":{"self":[{"href":"https:\/\/world.dan.org\/fr\/wp-json\/wp\/v2\/pages\/21","targetHints":{"allow":["GET"]}}],"collection":[{"href":"https:\/\/world.dan.org\/fr\/wp-json\/wp\/v2\/pages"}],"about":[{"href":"https:\/\/world.dan.org\/fr\/wp-json\/wp\/v2\/types\/page"}],"author":[{"embeddable":true,"href":"https:\/\/world.dan.org\/fr\/wp-json\/wp\/v2\/users\/1"}],"replies":[{"embeddable":true,"href":"https:\/\/world.dan.org\/fr\/wp-json\/wp\/v2\/comments?post=21"}],"version-history":[{"count":1,"href":"https:\/\/world.dan.org\/fr\/wp-json\/wp\/v2\/pages\/21\/revisions"}],"predecessor-version":[{"id":35235,"href":"https:\/\/world.dan.org\/fr\/wp-json\/wp\/v2\/pages\/21\/revisions\/35235"}],"wp:featuredmedia":[{"embeddable":true,"href":"https:\/\/world.dan.org\/fr\/wp-json\/wp\/v2\/media\/22796"}],"wp:attachment":[{"href":"https:\/\/world.dan.org\/fr\/wp-json\/wp\/v2\/media?parent=21"}],"curies":[{"name":"wp","href":"https:\/\/api.w.org\/{rel}","templated":true}]}}