{"id":211,"date":"2020-05-01T13:27:33","date_gmt":"2020-05-01T17:27:33","guid":{"rendered":"https:\/\/dan.devhammer.com\/?page_id=211"},"modified":"2026-03-17T16:36:58","modified_gmt":"2026-03-17T20:36:58","slug":"policies","status":"publish","type":"page","link":"https:\/\/world.dan.org\/fr\/policies\/","title":{"rendered":"Nos politiques"},"content":{"rendered":"<h2 class=\"wp-block-heading\" id=\"h-dan-social-media-policy\"><a href=\"#socialmedia\">DAN Social Media Policy<\/a><\/h2>\n\n\n\n<h2 class=\"wp-block-heading\" id=\"h-dan-privacy-policy\"><a href=\"#privacy\">Politique de confidentialit\u00e9 de DAN<\/a><\/h2>\n\n\n\n<h2 class=\"wp-block-heading\" id=\"h-cancellation-and-refund-policy\"><a href=\"#cancellation-refund\" type=\"internal\" id=\"#cancellation-refund\">Cancellation and Refund Policy<\/a><\/h2>\n\n\n\n<div style=\"height:100px\" aria-hidden=\"true\" class=\"wp-block-spacer\"><\/div>\n\n\n\n<hr class=\"wp-block-separator has-alpha-channel-opacity\"\/>\n\n\n\n<h2 class=\"wp-block-heading\" id=\"privacy\">Politique de confidentialit\u00e9 de DAN<\/h2>\n\n\n\n<p>Divers Alert Network (DAN) s'engage \u00e0 prot\u00e9ger votre vie priv\u00e9e et n'utilise vos informations personnelles que pour traiter vos commandes et vous fournir le meilleur service possible. Veuillez lire la suite pour plus de d\u00e9tails sur la politique de DAN en mati\u00e8re de protection de la vie priv\u00e9e.<\/p>\n\n\n\n<p><strong>Quelles sont les informations que nous recueillons ? Comment les utilisons-nous ? Combien de temps les conservons-nous ?<\/strong> <br>Lorsque vous commandez un produit ou vous inscrivez \u00e0 une adh\u00e9sion, nous recueillons des informations sensibles et non sensibles telles que votre nom, adresse e-mail, adresse postale et informations de paiement. Cela nous permet de traiter et d'ex\u00e9cuter vos commandes et de vous informer de l'\u00e9tat de votre commande.Lorsque vous participez \u00e0 un concours ou \u00e0 une autre action promotionnelle, nous pouvons vous demander votre nom, votre adresse et votre adresse \u00e9lectronique afin de g\u00e9rer le concours et d'informer les gagnants.Nous surveillons \u00e9galement les mod\u00e8les de trafic et l'utilisation du site pour nous aider \u00e0 am\u00e9liorer notre site et \u00e0 identifier les probl\u00e8mes. Nous pouvons \u00e9galement utiliser les informations que nous recueillons pour vous informer occasionnellement des changements importants de fonctionnalit\u00e9 de notre site web, des nouveaux services DAN et des annonces que nous pensons que vous trouverez utiles.<\/p>\n\n\n\n<p>Vos informations seront conserv\u00e9es aussi longtemps que vous aurez un compte actif chez nous ou pendant 10 ans apr\u00e8s que vous soyez devenu inactif.<\/p>\n\n\n\n<p><strong>Comment le DAN prot\u00e8ge-t-il les informations relatives aux membres ?<\/strong><br>Lorsque vous passez une commande ou utilisez notre formulaire d'adh\u00e9sion en ligne, nous vous proposons l'utilisation d'un serveur s\u00e9curis\u00e9. Le logiciel de serveur s\u00e9curis\u00e9 (SSL) crypte toutes les informations que vous saisissez avant qu'elles ne nous soient envoy\u00e9es. En outre, toutes les donn\u00e9es relatives aux membres que nous recueillons sont prot\u00e9g\u00e9es contre tout acc\u00e8s non autoris\u00e9.<\/p>\n\n\n\n<p><strong>Qu'en est-il des fichiers t\u00e9moins (cookies) ?<\/strong><br>Les fichiers t\u00e9moins sont de petits \u00e9l\u00e9ments d'information stock\u00e9s par votre navigateur sur le disque dur de votre ordinateur. Nos fichiers t\u00e9moins ne contiennent aucune information d'identification personnelle, mais ils nous permettent d'en savoir plus sur nos membres, d'offrir de meilleures fonctionnalit\u00e9s en ligne et de stocker des articles dans votre panier entre deux visites. La plupart des navigateurs web acceptent automatiquement les fichiers t\u00e9moins, mais vous pouvez g\u00e9n\u00e9ralement modifier les pr\u00e9f\u00e9rences de votre navigateur pour les emp\u00eacher. M\u00eame sans fichier t\u00e9moin, vous pouvez toujours utiliser la plupart des fonctions de notre site. Toutefois, nous vous d\u00e9conseillons de le faire si vous envisagez d'acheter des produits ou d'acc\u00e9der \u00e0 des zones d'acc\u00e8s restreint.<\/p>\n\n\n\n<p>Cliquez ici pour consulter la politique compl\u00e8te sur les fichiers t\u00e9moins (cookies) de <a href=\"https:\/\/www.iubenda.com\/privacy-policy\/55636822\/cookie-policy?an=no&amp;s_ck=false&amp;newmarkup=yes\" target=\"_blank\" rel=\"noreferrer noopener\">DAN Cookie Policy<\/a>.<\/p>\n\n\n\n<p><strong>DAN divulguera-t-il les informations qu'il recueille \u00e0 des tiers ?<\/strong><br>DAN ne vend pas, n'\u00e9change pas et ne loue pas vos informations personnelles \u00e0 des tiers, \u00e0 l'exception des soci\u00e9t\u00e9s qui fournissent des avantages aux membres de DAN. En tant que membre de DAN, vous pouvez demander ou recevoir un certain nombre d'avantages fournis par des soci\u00e9t\u00e9s autres que DAN. Pour prot\u00e9ger votre vie priv\u00e9e, DAN a conclu des accords tr\u00e8s sp\u00e9cifiques avec ces soci\u00e9t\u00e9s qui emp\u00eachent l\u00e9galement l'utilisation de vos informations personnelles \u00e0 des fins autres que les avantages accord\u00e9s aux membres de DAN.<\/p>\n\n\n\n<p><strong>R\u00e9sum\u00e9<\/strong><br>DAN s'engage \u00e0 prot\u00e9ger votre vie priv\u00e9e. Nous utilisons les informations que nous recueillons sur le site pour am\u00e9liorer votre exp\u00e9rience globale lorsque vous visitez DAN en ligne.<\/p>\n\n\n\n<p><strong>Votre consentement<\/strong><br>En utilisant notre site web, vous consentez \u00e0 la collecte et \u00e0 l'utilisation de ces informations par DAN. Si nous d\u00e9cidons de modifier notre politique de confidentialit\u00e9, nous publierons ces changements sur cette page afin que vous soyez toujours au courant des informations que nous recueillons, de la mani\u00e8re dont nous les utilisons et des circonstances dans lesquelles nous les divulguons.<\/p>\n\n\n\n<p><strong>Dites-nous ce que vous en pensez<\/strong><br>DAN accueille volontiers vos questions et commentaires sur la protection de la vie priv\u00e9e. Pour envoyer vos commentaires,&nbsp;<strong><a href=\"mailto:info@world.dan.org\">cliquez ici\u00a0<\/a><\/strong>. <\/p>\n\n\n\n<p><strong>Responsable de la Protection des Donn\u00e9es:<\/strong><\/p>\n\n\n\n<p>Vous avez le droit de contacter la personne responsable de la Protection des Donn\u00e9es pour obtenir des informations ou faire des demandes concernant vos donn\u00e9es personnelles, ou pour signaler tout d\u00e9sagr\u00e9ment ou probl\u00e8me que vous auriez identifi\u00e9.<\/p>\n\n\n\n<p>Divers Alert Network (DAN)<br>6 W Colony Place<br>Durham, NC 27705<br>U.S.A.<\/p>\n\n\n\n<p>Telephone: 919-684-2948<\/p>\n\n\n\n<p>Courriel :&nbsp;<a href=\"mailto:smorgan@dan.org\">smorgan@dan.org<\/a><\/p>\n\n\n\n<div style=\"height:100px\" aria-hidden=\"true\" class=\"wp-block-spacer\"><\/div>\n\n\n\n<hr class=\"wp-block-separator has-css-opacity\"\/>\n\n\n\n<h2 class=\"wp-block-heading\" id=\"socialmedia\">Politique en mati\u00e8re de m\u00e9dias sociaux<\/h2>\n\n\n\n<p>La mission de DAN est d'aider les plongeurs ayant besoin d'une assistance m\u00e9dicale d'urgence et de promouvoir la s\u00e9curit\u00e9 en plong\u00e9e par le biais de la recherche, de l'\u00e9ducation, de produits et de services de plong\u00e9e. Nous comprenons l'importance des m\u00e9dias sociaux comme moyen de communiquer avec notre r\u00e9seau de plongeurs et de les aider \u00e0 obtenir l'assistance dont ils ont besoin au moment et \u00e0 l'endroit o\u00f9 ils en ont besoin. Le document suivant indique o\u00f9 vous pouvez nous trouver, ce que vous pouvez attendre de DAN et comment vous engager avec nous sur nos canaux sociaux pour profiter de la meilleure exp\u00e9rience avec DAN dans et hors de l'eau.<\/p>\n\n\n\n<p><strong>O\u00f9 nous trouver<\/strong><br>Nous voulons vous fournir les informations dont vous avez besoin, l\u00e0 o\u00f9 vous le souhaitez. Cela signifie que vous pouvez nous joindre par l'interm\u00e9diaire des principaux r\u00e9seaux sociaux :<\/p>\n\n\n\n<ul class=\"wp-block-list\">\n<li>Facebook : <a href=\"https:\/\/www.facebook.com\/DiversAlertNetworkWorld\">R\u00e9seau mondial d'alerte aux plongeurs<\/a><\/li>\n\n\n\n<li>X: <a href=\"https:\/\/x.com\/DANglobalsafety\">DAN_America<\/a><\/li>\n\n\n\n<li>Page d'entreprise LinkedIn : <a href=\"https:\/\/www.linkedin.com\/company\/divers-alert-network?trk=company_name\">Divers Alert Network<\/a><\/li>\n\n\n\n<li>YouTube : <a href=\"https:\/\/www.youtube.com\/channel\/UCcjqDOFjq4qQfRHMeIkhoZw\">DAN World<\/a><\/li>\n<\/ul>\n\n\n\n<p>Note : Il s'agit de la liste des canaux officiels. Tout autre canal agissant au nom de DAN le fait \u00e0 titre non officiel.<\/p>\n\n\n\n<p><strong>Fausses d\u00e9clarations<\/strong><br>Les personnes pr\u00e9sentes sur les r\u00e9seaux sociaux ne doivent pas se pr\u00e9senter comme agissant au nom du DAN, sauf si elles sont autoris\u00e9es \u00e0 le faire. Toutes les communications officielles doivent \u00e9maner d'un repr\u00e9sentant autoris\u00e9 du DAN. M\u00eame lorsqu'ils agissent au nom du DAN, les individus ne doivent pas exprimer leurs propres opinions et positions comme \u00e9tant celles du DAN. Lors de l'utilisation des m\u00e9dias sociaux \u00e0 titre personnel, des pr\u00e9cautions doivent \u00eatre prises pour indiquer que l'activit\u00e9 est men\u00e9e en tant que personne priv\u00e9e et non en tant qu'employ\u00e9 ou porte-parole du DAN.<\/p>\n\n\n\n<p><strong>\u00c0 quoi s'attendre<\/strong><br>Bien que nous soyons actifs sur tous ces r\u00e9seaux, notre approche est tr\u00e8s diff\u00e9rente pour chacun d'entre eux. Pour vous assurer que vous recevez les informations les plus pertinentes pour vous, voici ce \u00e0 quoi vous pouvez vous attendre lorsque vous vous engagez avec nous sur chaque r\u00e9seau :<\/p>\n\n\n\n<p><strong><em>Facebook : <\/em><\/strong>Notre page Facebook est une plateforme pr\u00e9cieuse pour les membres de DAN qui peuvent interagir et partager des informations, des histoires et des conseils. C'est le meilleur moyen pour DAN d'interagir avec ses membres par le biais de vid\u00e9os, d'images, d'articles informatifs et de sondages.<\/p>\n\n\n\n<p><strong><em>Twitter : <\/em><\/strong>Notre poign\u00e9e Twitter est le meilleur endroit pour se tenir au courant des nouvelles de DAN et des \u00e9v\u00e9nements majeurs tels que les ateliers et les salons. Twitter est \u00e9galement un excellent forum pour r\u00e9pondre aux questions et pr\u00e9occupations des membres.<\/p>\n\n\n\n<p><strong><em>LinkedIn : <\/em><\/strong>Il y a deux endroits o\u00f9 vous pouvez trouver DAN sur LinkedIn - notre page d'entreprise officielle et notre page de groupe. Ces deux pages ont des objectifs diff\u00e9rents et sont utilis\u00e9es de mani\u00e8re diff\u00e9rente. La page de l'entreprise DAN est utilis\u00e9e pour les mises \u00e0 jour, les offres d'emploi et pour trouver des connexions avec d'autres professionnels de DAN. Si vous devenez membre de la page du groupe DAN, vous rejoindrez le personnel, les membres, les instructeurs, les partenaires industriels, les membres du conseil d'administration et les principaux porte-parole de DAN dans des discussions sur des sujets tels que la m\u00e9decine et le fitness, les opportunit\u00e9s de formation, les \u00e9v\u00e9nements, les commentaires \u00e9ditoriaux et les nouvelles de l'industrie.<\/p>\n\n\n\n<p><strong><em>YouTube :<\/em><\/strong> La cha\u00eene YouTube de DAN est la meilleure ressource pour les vid\u00e9os \u00e9ducatives sur la s\u00e9curit\u00e9 en plong\u00e9e de notre \u00e9quipe d'experts. Les spectateurs sont autoris\u00e9s \u00e0 laisser des commentaires sur nos vid\u00e9os avec des questions qui seront suivies et r\u00e9pondues par notre \u00e9quipe d'experts.<\/p>\n\n\n\n<p><strong>Nous voulons vous entendre<\/strong><br>DAN est l\u00e0 pour vous aider et nous voulons conna\u00eetre votre avis. Nous nous effor\u00e7ons de faire en sorte que nos canaux sociaux ressemblent \u00e0 une communaut\u00e9, et nous avons donc quelques r\u00e8gles \u00e0 respecter pour que nos utilisateurs vivent une exp\u00e9rience positive et \u00e9ducative :<\/p>\n\n\n\n<ul class=\"wp-block-list\">\n<li><strong>Soyez poli (m\u00eame si vos opinions diff\u00e8rent).<\/strong> L'utilisation fr\u00e9quente et excessive d'injures, de blasph\u00e8mes, de mots discriminatoires, de harc\u00e8lement sexuel ou d'intimidation ne sera pas tol\u00e9r\u00e9e. Si vous adoptez l'un de ces comportements, il vous sera interdit de participer \u00e0 la discussion.<\/li>\n\n\n\n<li><strong>Soyez pertinent.<\/strong> Veillez \u00e0 ce que la conversation soit pertinente pour la communaut\u00e9 et apportez une valeur ajout\u00e9e aux conversations. Nous nous r\u00e9servons le droit de supprimer les messages hors sujet, les spams ou les messages promotionnels.<\/li>\n\n\n\n<li><strong>Soyez r\u00e9aliste. <\/strong>Tous les messages affich\u00e9s sur le mur doivent provenir d'une personne et d'un profil r\u00e9els. Les messages provenant de faux profils ou de profils anonymes seront supprim\u00e9s.<\/li>\n<\/ul>\n\n\n\n<p>Note : DAN s'engage \u00e0 avoir des conversations significatives avec ses fans\/followers et s'efforce de r\u00e9pondre \u00e0 autant de questions et de commentaires que possible.<\/p>\n\n\n\n<p><strong>Pr\u00e9occupations en mati\u00e8re de protection de la vie priv\u00e9e<\/strong><br>Nous nous efforcerons de r\u00e9pondre \u00e0 toutes les questions et pr\u00e9occupations au mieux de nos capacit\u00e9s ; toutefois, afin de pr\u00e9server la vie priv\u00e9e de nos membres, nous pourrons adresser toute question d'assurance ou m\u00e9dicale n\u00e9cessitant des pr\u00e9cisions hors ligne afin de garantir le respect des protocoles de conformit\u00e9 HIPPA et d'assurance.<\/p>\n\n\n\n<p><strong>Divulgations<\/strong><br>DAN n'est pas n\u00e9cessairement d'accord avec le contenu affich\u00e9 sur ses r\u00e9seaux de m\u00e9dias sociaux et n'en garantit pas l'exactitude. DAN n'est pas responsable du contenu de tout mat\u00e9riel li\u00e9 (site web, article, etc.), ou d'un lien contenu dans tout mat\u00e9riel li\u00e9, ou de tout changement ou mise \u00e0 jour de ce mat\u00e9riel li\u00e9. Rien de ce qui est publi\u00e9 sur les r\u00e9seaux sociaux ne doit \u00eatre consid\u00e9r\u00e9 comme une approbation.<br>(d'un site web, d'une personne ou d'une entreprise) ; de m\u00eame, le fait de suivre un compte social, d'inclure un compte dans une liste ou de rediffuser un message ne constitue pas une approbation de quelque nature que ce soit.<\/p>\n\n\n\n<div style=\"height:100px\" aria-hidden=\"true\" class=\"wp-block-spacer\"><\/div>\n\n\n\n<hr class=\"wp-block-separator has-alpha-channel-opacity\"\/>\n\n\n\n<h2 class=\"wp-block-heading\" id=\"cancellation-refund\">DAN World Cancellation &amp; Refund Policy<\/h2>\n\n\n\n<p>Votre adh\u00e9sion \u00e0 DAN World et votre assurance accident de plong\u00e9e peuvent \u00eatre annul\u00e9es et \u00e9ligibles \u00e0 un remboursement complet si les crit\u00e8res suivants sont respect\u00e9s :<\/p>\n\n\n\n<ul class=\"wp-block-list\">\n<li>\u2022 Annulation dans les 10 jours suivant la date d'achat de l'adh\u00e9sion\/assurance.<\/li>\n\n\n\n<li>Only if a claim has not been filed.<\/li>\n\n\n\n<li>If you have not departed on your trip<\/li>\n<\/ul>\n\n\n\n<p>Pour toute question concernant les annulations et les remboursements, envoyez un courriel \u00e0 <a href=\"mailto:info@world.dan.org\">info@world.dan.org<\/a>&nbsp;<\/p>","protected":false},"excerpt":{"rendered":"<p>DAN Social Media Policy DAN Privacy Policy Cancellation and Refund Policy DAN Privacy Policy Divers Alert Network (DAN) is committed to protecting your privacy and uses your personal information only [&hellip;]<\/p>\n","protected":false},"author":1,"featured_media":0,"parent":0,"menu_order":172,"comment_status":"closed","ping_status":"closed","template":"","meta":{"_acf_changed":false,"_ef_editorial_meta_date_first-draft-date":"","_ef_editorial_meta_paragraph_assignment":"","_ef_editorial_meta_checkbox_needs-photo":"","_ef_editorial_meta_number_word-count":"","footnotes":""},"class_list":["post-211","page","type-page","status-publish","hentry"],"acf":[],"yoast_head":"<!-- This site is optimized with the Yoast SEO Premium plugin v27.4 (Yoast SEO v27.4) - https:\/\/yoast.com\/product\/yoast-seo-premium-wordpress\/ -->\n<title>Policies - DAN World<\/title>\n<meta name=\"robots\" content=\"index, follow, max-snippet:-1, max-image-preview:large, max-video-preview:-1\" \/>\n<link rel=\"canonical\" href=\"https:\/\/world.dan.org\/fr\/policies\/\" \/>\n<meta property=\"og:locale\" content=\"fr_CA\" \/>\n<meta property=\"og:type\" content=\"article\" \/>\n<meta property=\"og:title\" content=\"Policies\" \/>\n<meta property=\"og:description\" content=\"DAN Social Media Policy DAN Privacy Policy Cancellation and Refund Policy DAN Privacy Policy Divers Alert Network (DAN) is committed to protecting your privacy and uses your personal information only [&hellip;]\" \/>\n<meta property=\"og:url\" content=\"https:\/\/world.dan.org\/fr\/policies\/\" \/>\n<meta property=\"og:site_name\" content=\"DAN World\" \/>\n<meta property=\"article:modified_time\" content=\"2026-03-17T20:36:58+00:00\" \/>\n<meta name=\"twitter:card\" content=\"summary_large_image\" \/>\n<meta name=\"twitter:label1\" content=\"Est. reading time\" \/>\n\t<meta name=\"twitter:data1\" content=\"7 minutes\" \/>\n<script type=\"application\/ld+json\" class=\"yoast-schema-graph\">{\"@context\":\"https:\\\/\\\/schema.org\",\"@graph\":[{\"@type\":\"WebPage\",\"@id\":\"https:\\\/\\\/world.dan.org\\\/policies\\\/\",\"url\":\"https:\\\/\\\/world.dan.org\\\/policies\\\/\",\"name\":\"Policies - DAN World\",\"isPartOf\":{\"@id\":\"https:\\\/\\\/world.dan.org\\\/es\\\/#website\"},\"datePublished\":\"2020-05-01T17:27:33+00:00\",\"dateModified\":\"2026-03-17T20:36:58+00:00\",\"breadcrumb\":{\"@id\":\"https:\\\/\\\/world.dan.org\\\/policies\\\/#breadcrumb\"},\"inLanguage\":\"fr-CA\",\"potentialAction\":[{\"@type\":\"ReadAction\",\"target\":[\"https:\\\/\\\/world.dan.org\\\/policies\\\/\"]}]},{\"@type\":\"BreadcrumbList\",\"@id\":\"https:\\\/\\\/world.dan.org\\\/policies\\\/#breadcrumb\",\"itemListElement\":[{\"@type\":\"ListItem\",\"position\":1,\"name\":\"Home\",\"item\":\"https:\\\/\\\/world.dan.org\\\/\"},{\"@type\":\"ListItem\",\"position\":2,\"name\":\"Policies\"}]},{\"@type\":\"WebSite\",\"@id\":\"https:\\\/\\\/world.dan.org\\\/es\\\/#website\",\"url\":\"https:\\\/\\\/world.dan.org\\\/es\\\/\",\"name\":\"DAN World\",\"description\":\"\",\"publisher\":{\"@id\":\"https:\\\/\\\/world.dan.org\\\/es\\\/#organization\"},\"potentialAction\":[{\"@type\":\"SearchAction\",\"target\":{\"@type\":\"EntryPoint\",\"urlTemplate\":\"https:\\\/\\\/world.dan.org\\\/es\\\/?s={search_term_string}\"},\"query-input\":{\"@type\":\"PropertyValueSpecification\",\"valueRequired\":true,\"valueName\":\"search_term_string\"}}],\"inLanguage\":\"fr-CA\"},{\"@type\":\"Organization\",\"@id\":\"https:\\\/\\\/world.dan.org\\\/es\\\/#organization\",\"name\":\"DAN World\",\"url\":\"https:\\\/\\\/world.dan.org\\\/es\\\/\",\"logo\":{\"@type\":\"ImageObject\",\"inLanguage\":\"fr-CA\",\"@id\":\"https:\\\/\\\/world.dan.org\\\/es\\\/#\\\/schema\\\/logo\\\/image\\\/\",\"url\":\"https:\\\/\\\/world.dan.org\\\/wp-content\\\/uploads\\\/2022\\\/04\\\/DAN-World-logo-sm-52px.svg\",\"contentUrl\":\"https:\\\/\\\/world.dan.org\\\/wp-content\\\/uploads\\\/2022\\\/04\\\/DAN-World-logo-sm-52px.svg\",\"width\":175,\"height\":52,\"caption\":\"DAN World\"},\"image\":{\"@id\":\"https:\\\/\\\/world.dan.org\\\/es\\\/#\\\/schema\\\/logo\\\/image\\\/\"}}]}<\/script>\n<!-- \/ Yoast SEO Premium plugin. -->","yoast_head_json":{"title":"Politiques - DAN World","robots":{"index":"index","follow":"follow","max-snippet":"max-snippet:-1","max-image-preview":"max-image-preview:large","max-video-preview":"max-video-preview:-1"},"canonical":"https:\/\/world.dan.org\/fr\/policies\/","og_locale":"fr_CA","og_type":"article","og_title":"Policies","og_description":"DAN Social Media Policy DAN Privacy Policy Cancellation and Refund Policy DAN Privacy Policy Divers Alert Network (DAN) is committed to protecting your privacy and uses your personal information only [&hellip;]","og_url":"https:\/\/world.dan.org\/fr\/policies\/","og_site_name":"DAN World","article_modified_time":"2026-03-17T20:36:58+00:00","twitter_card":"summary_large_image","twitter_misc":{"Est. reading time":"7 minutes"},"schema":{"@context":"https:\/\/schema.org","@graph":[{"@type":"WebPage","@id":"https:\/\/world.dan.org\/policies\/","url":"https:\/\/world.dan.org\/policies\/","name":"Politiques - DAN World","isPartOf":{"@id":"https:\/\/world.dan.org\/es\/#website"},"datePublished":"2020-05-01T17:27:33+00:00","dateModified":"2026-03-17T20:36:58+00:00","breadcrumb":{"@id":"https:\/\/world.dan.org\/policies\/#breadcrumb"},"inLanguage":"fr-CA","potentialAction":[{"@type":"ReadAction","target":["https:\/\/world.dan.org\/policies\/"]}]},{"@type":"BreadcrumbList","@id":"https:\/\/world.dan.org\/policies\/#breadcrumb","itemListElement":[{"@type":"ListItem","position":1,"name":"Home","item":"https:\/\/world.dan.org\/"},{"@type":"ListItem","position":2,"name":"Policies"}]},{"@type":"WebSite","@id":"https:\/\/world.dan.org\/es\/#website","url":"https:\/\/world.dan.org\/es\/","name":"DAN World","description":"","publisher":{"@id":"https:\/\/world.dan.org\/es\/#organization"},"potentialAction":[{"@type":"SearchAction","target":{"@type":"EntryPoint","urlTemplate":"https:\/\/world.dan.org\/es\/?s={search_term_string}"},"query-input":{"@type":"PropertyValueSpecification","valueRequired":true,"valueName":"search_term_string"}}],"inLanguage":"fr-CA"},{"@type":"Organization","@id":"https:\/\/world.dan.org\/es\/#organization","name":"DAN World","url":"https:\/\/world.dan.org\/es\/","logo":{"@type":"ImageObject","inLanguage":"fr-CA","@id":"https:\/\/world.dan.org\/es\/#\/schema\/logo\/image\/","url":"https:\/\/world.dan.org\/wp-content\/uploads\/2022\/04\/DAN-World-logo-sm-52px.svg","contentUrl":"https:\/\/world.dan.org\/wp-content\/uploads\/2022\/04\/DAN-World-logo-sm-52px.svg","width":175,"height":52,"caption":"DAN World"},"image":{"@id":"https:\/\/world.dan.org\/es\/#\/schema\/logo\/image\/"}}]}},"_links":{"self":[{"href":"https:\/\/world.dan.org\/fr\/wp-json\/wp\/v2\/pages\/211","targetHints":{"allow":["GET"]}}],"collection":[{"href":"https:\/\/world.dan.org\/fr\/wp-json\/wp\/v2\/pages"}],"about":[{"href":"https:\/\/world.dan.org\/fr\/wp-json\/wp\/v2\/types\/page"}],"author":[{"embeddable":true,"href":"https:\/\/world.dan.org\/fr\/wp-json\/wp\/v2\/users\/1"}],"replies":[{"embeddable":true,"href":"https:\/\/world.dan.org\/fr\/wp-json\/wp\/v2\/comments?post=211"}],"version-history":[{"count":3,"href":"https:\/\/world.dan.org\/fr\/wp-json\/wp\/v2\/pages\/211\/revisions"}],"predecessor-version":[{"id":35225,"href":"https:\/\/world.dan.org\/fr\/wp-json\/wp\/v2\/pages\/211\/revisions\/35225"}],"wp:attachment":[{"href":"https:\/\/world.dan.org\/fr\/wp-json\/wp\/v2\/media?parent=211"}],"curies":[{"name":"wp","href":"https:\/\/api.w.org\/{rel}","templated":true}]}}